{"id":383812,"date":"2024-07-01T11:14:33","date_gmt":"2024-07-01T11:14:33","guid":{"rendered":"https:\/\/gr-100.com\/producto\/tarmac-especializado-sl7-10r-frameset-2023\/"},"modified":"2025-11-26T16:33:55","modified_gmt":"2025-11-26T14:33:55","slug":"tarmac-especializado-sl7-10r-frameset-2023","status":"publish","type":"product","link":"https:\/\/gr-100.com\/pt-pt\/producto\/tarmac-especializado-sl7-10r-frameset-2023\/","title":{"rendered":"Tarmac Especializado SL7 10R Frameset 2023"},"content":{"rendered":"<ul>\n<li>Tarmac SL7 FACT 10r Carbon Frame, Rider First Engineered\u2122, Win Tunnel Engineered, Clean Routing, Threaded BB, 12x142mm thru-axle, disco de montagem plana<\/li>\n<li>FACTO Forquilha de carbono, eixo thru de 12x100mm, disco de montagem plana<\/li>\n<li>Haste integrada na pista, 6 graus<\/li>\n<li>2021 S-Works Tarmac Carbon espig\u00e3o de assento, FACT Carbon, compat\u00edvel com Di2, espig\u00e3o de assento offset de 20 mm<\/li>\n<li>Cunha integrada Seat Binder Tarmac<\/li>\n<\/ul>\n","protected":false},"excerpt":{"rendered":"<p>Concebemos a nova Tarmac para ter a combina\u00e7\u00e3o perfeita de aerodin\u00e2mica, baixo peso e qualidade de condu\u00e7\u00e3o, para lhe proporcionar a condu\u00e7\u00e3o de uma vida.<br \/>\nDesde a utiliza\u00e7\u00e3o da nossa FreeFoil Shape Library para encontrar as melhores formas de tubo, at\u00e9 ao desenvolvimento da pr\u00f3xima gera\u00e7\u00e3o de design Rider-First Engineered\u2122 a nova Tarmac \u00e9 o culminar da nossa longa busca pela velocidade.<br \/>\nUma bicicleta para dominar tudo.  <\/p>\n","protected":false},"featured_media":298798,"comment_status":"closed","ping_status":"closed","template":"","meta":{"_acf_changed":false,"_et_pb_use_builder":"","_et_pb_old_content":"","_et_gb_content_width":"","inline_featured_image":false},"product_brand":[],"product_cat":[20,378],"product_tag":[],"class_list":{"0":"post-383812","1":"product","2":"type-product","3":"status-publish","4":"has-post-thumbnail","6":"product_cat-bicicletas-de-carretera","7":"product_cat-estrada","9":"first","10":"outofstock","11":"taxable","12":"shipping-taxable","13":"product-type-variable","14":"wvs-archive-product-wrapper"},"acf":[],"yoast_head":"<!-- This site is optimized with the Yoast SEO Premium plugin v26.7 (Yoast SEO v26.7) - https:\/\/yoast.com\/wordpress\/plugins\/seo\/ -->\n<title>Tarmac Especializado SL7 10R Frameset 2023<\/title>\n<meta name=\"description\" content=\"Construa a sua m\u00e1quina de velocidade com o Specialized Tarmac SL7 10R Frameset 2023. Design aerodin\u00e2mico e alto desempenho garantido.\" \/>\n<meta name=\"robots\" content=\"index, follow, max-snippet:-1, max-image-preview:large, max-video-preview:-1\" \/>\n<link rel=\"canonical\" href=\"https:\/\/gr-100.com\/pt-pt\/producto\/tarmac-especializado-sl7-10r-frameset-2023\/\" \/>\n<meta property=\"og:locale\" content=\"pt_PT\" \/>\n<meta property=\"og:type\" content=\"article\" \/>\n<meta property=\"og:title\" content=\"Tarmac Especializado SL7 10R Frameset 2023\" \/>\n<meta property=\"og:description\" content=\"Construa a sua m\u00e1quina de velocidade com o Specialized Tarmac SL7 10R Frameset 2023. Design aerodin\u00e2mico e alto desempenho garantido.\" \/>\n<meta property=\"og:url\" content=\"https:\/\/gr-100.com\/pt-pt\/producto\/tarmac-especializado-sl7-10r-frameset-2023\/\" \/>\n<meta property=\"og:site_name\" content=\"Gr-100 Tienda de ciclismo Specialized\" \/>\n<meta property=\"article:publisher\" content=\"https:\/\/www.facebook.com\/Gr100Bikes\" \/>\n<meta property=\"article:modified_time\" content=\"2025-11-26T14:33:55+00:00\" \/>\n<meta property=\"og:image\" content=\"https:\/\/gr-100.com\/wp-content\/uploads\/2024\/05\/d7ca0e80-7e34-46e0-ba4e-4e4.jpg\" \/>\n\t<meta property=\"og:image:width\" content=\"1000\" \/>\n\t<meta property=\"og:image:height\" content=\"656\" \/>\n\t<meta property=\"og:image:type\" content=\"image\/jpeg\" \/>\n<meta name=\"twitter:card\" content=\"summary_large_image\" \/>\n<script type=\"application\/ld+json\" class=\"yoast-schema-graph\">{\"@context\":\"https:\/\/schema.org\",\"@graph\":[{\"@type\":\"WebPage\",\"@id\":\"https:\/\/gr-100.com\/pt-pt\/producto\/tarmac-especializado-sl7-10r-frameset-2023\/\",\"url\":\"https:\/\/gr-100.com\/pt-pt\/producto\/tarmac-especializado-sl7-10r-frameset-2023\/\",\"name\":\"Tarmac Especializado SL7 10R Frameset 2023\",\"isPartOf\":{\"@id\":\"https:\/\/gr-100.com\/#website\"},\"primaryImageOfPage\":{\"@id\":\"https:\/\/gr-100.com\/pt-pt\/producto\/tarmac-especializado-sl7-10r-frameset-2023\/#primaryimage\"},\"image\":{\"@id\":\"https:\/\/gr-100.com\/pt-pt\/producto\/tarmac-especializado-sl7-10r-frameset-2023\/#primaryimage\"},\"thumbnailUrl\":\"https:\/\/gr-100.com\/wp-content\/uploads\/2024\/05\/d7ca0e80-7e34-46e0-ba4e-4e4.jpg\",\"datePublished\":\"2024-07-01T11:14:33+00:00\",\"dateModified\":\"2025-11-26T14:33:55+00:00\",\"description\":\"Construa a sua m\u00e1quina de velocidade com o Specialized Tarmac SL7 10R Frameset 2023. Design aerodin\u00e2mico e alto desempenho garantido.\",\"breadcrumb\":{\"@id\":\"https:\/\/gr-100.com\/pt-pt\/producto\/tarmac-especializado-sl7-10r-frameset-2023\/#breadcrumb\"},\"inLanguage\":\"pt-PT\",\"potentialAction\":[{\"@type\":\"ReadAction\",\"target\":[\"https:\/\/gr-100.com\/pt-pt\/producto\/tarmac-especializado-sl7-10r-frameset-2023\/\"]}]},{\"@type\":\"ImageObject\",\"inLanguage\":\"pt-PT\",\"@id\":\"https:\/\/gr-100.com\/pt-pt\/producto\/tarmac-especializado-sl7-10r-frameset-2023\/#primaryimage\",\"url\":\"https:\/\/gr-100.com\/wp-content\/uploads\/2024\/05\/d7ca0e80-7e34-46e0-ba4e-4e4.jpg\",\"contentUrl\":\"https:\/\/gr-100.com\/wp-content\/uploads\/2024\/05\/d7ca0e80-7e34-46e0-ba4e-4e4.jpg\",\"width\":1000,\"height\":656},{\"@type\":\"BreadcrumbList\",\"@id\":\"https:\/\/gr-100.com\/pt-pt\/producto\/tarmac-especializado-sl7-10r-frameset-2023\/#breadcrumb\",\"itemListElement\":[{\"@type\":\"ListItem\",\"position\":1,\"name\":\"Portada\",\"item\":\"https:\/\/gr-100.com\/en\/\"},{\"@type\":\"ListItem\",\"position\":2,\"name\":\"Productos\",\"item\":\"https:\/\/gr-100.com\/?post_type=product\"},{\"@type\":\"ListItem\",\"position\":3,\"name\":\"Tarmac Especializado SL7 10R Frameset 2023\"}]},{\"@type\":\"WebSite\",\"@id\":\"https:\/\/gr-100.com\/#website\",\"url\":\"https:\/\/gr-100.com\/\",\"name\":\"Gr-100 Tienda de ciclismo Specialized\",\"description\":\"GR-100 tenemos todas las gamas de bicicletas Specialized al mejor precio.\",\"publisher\":{\"@id\":\"https:\/\/gr-100.com\/#organization\"},\"alternateName\":\"Gr-100 Bikes\",\"potentialAction\":[{\"@type\":\"SearchAction\",\"target\":{\"@type\":\"EntryPoint\",\"urlTemplate\":\"https:\/\/gr-100.com\/?s={search_term_string}\"},\"query-input\":{\"@type\":\"PropertyValueSpecification\",\"valueRequired\":true,\"valueName\":\"search_term_string\"}}],\"inLanguage\":\"pt-PT\"},{\"@type\":\"Organization\",\"@id\":\"https:\/\/gr-100.com\/#organization\",\"name\":\"Gr-100\",\"url\":\"https:\/\/gr-100.com\/\",\"logo\":{\"@type\":\"ImageObject\",\"inLanguage\":\"pt-PT\",\"@id\":\"https:\/\/gr-100.com\/#\/schema\/logo\/image\/\",\"url\":\"https:\/\/gr-100.com\/wp-content\/uploads\/2023\/08\/logo-gr-100-bikes.png\",\"contentUrl\":\"https:\/\/gr-100.com\/wp-content\/uploads\/2023\/08\/logo-gr-100-bikes.png\",\"width\":707,\"height\":284,\"caption\":\"Gr-100\"},\"image\":{\"@id\":\"https:\/\/gr-100.com\/#\/schema\/logo\/image\/\"},\"sameAs\":[\"https:\/\/www.facebook.com\/Gr100Bikes\",\"https:\/\/www.instagram.com\/gr100bikes\/\",\"https:\/\/www.tiktok.com\/@gr100bikes\",\"https:\/\/twitter.com\/gr100mtbteam\",\"https:\/\/www.youtube.com\/c\/GR100Specialized\"]}]}<\/script>\n<!-- \/ Yoast SEO Premium plugin. -->","yoast_head_json":{"title":"Tarmac Especializado SL7 10R Frameset 2023","description":"Construa a sua m\u00e1quina de velocidade com o Specialized Tarmac SL7 10R Frameset 2023. Design aerodin\u00e2mico e alto desempenho garantido.","robots":{"index":"index","follow":"follow","max-snippet":"max-snippet:-1","max-image-preview":"max-image-preview:large","max-video-preview":"max-video-preview:-1"},"canonical":"https:\/\/gr-100.com\/pt-pt\/producto\/tarmac-especializado-sl7-10r-frameset-2023\/","og_locale":"pt_PT","og_type":"article","og_title":"Tarmac Especializado SL7 10R Frameset 2023","og_description":"Construa a sua m\u00e1quina de velocidade com o Specialized Tarmac SL7 10R Frameset 2023. Design aerodin\u00e2mico e alto desempenho garantido.","og_url":"https:\/\/gr-100.com\/pt-pt\/producto\/tarmac-especializado-sl7-10r-frameset-2023\/","og_site_name":"Gr-100 Tienda de ciclismo Specialized","article_publisher":"https:\/\/www.facebook.com\/Gr100Bikes","article_modified_time":"2025-11-26T14:33:55+00:00","og_image":[{"width":1000,"height":656,"url":"https:\/\/gr-100.com\/wp-content\/uploads\/2024\/05\/d7ca0e80-7e34-46e0-ba4e-4e4.jpg","type":"image\/jpeg"}],"twitter_card":"summary_large_image","schema":{"@context":"https:\/\/schema.org","@graph":[{"@type":"WebPage","@id":"https:\/\/gr-100.com\/pt-pt\/producto\/tarmac-especializado-sl7-10r-frameset-2023\/","url":"https:\/\/gr-100.com\/pt-pt\/producto\/tarmac-especializado-sl7-10r-frameset-2023\/","name":"Tarmac Especializado SL7 10R Frameset 2023","isPartOf":{"@id":"https:\/\/gr-100.com\/#website"},"primaryImageOfPage":{"@id":"https:\/\/gr-100.com\/pt-pt\/producto\/tarmac-especializado-sl7-10r-frameset-2023\/#primaryimage"},"image":{"@id":"https:\/\/gr-100.com\/pt-pt\/producto\/tarmac-especializado-sl7-10r-frameset-2023\/#primaryimage"},"thumbnailUrl":"https:\/\/gr-100.com\/wp-content\/uploads\/2024\/05\/d7ca0e80-7e34-46e0-ba4e-4e4.jpg","datePublished":"2024-07-01T11:14:33+00:00","dateModified":"2025-11-26T14:33:55+00:00","description":"Construa a sua m\u00e1quina de velocidade com o Specialized Tarmac SL7 10R Frameset 2023. Design aerodin\u00e2mico e alto desempenho garantido.","breadcrumb":{"@id":"https:\/\/gr-100.com\/pt-pt\/producto\/tarmac-especializado-sl7-10r-frameset-2023\/#breadcrumb"},"inLanguage":"pt-PT","potentialAction":[{"@type":"ReadAction","target":["https:\/\/gr-100.com\/pt-pt\/producto\/tarmac-especializado-sl7-10r-frameset-2023\/"]}]},{"@type":"ImageObject","inLanguage":"pt-PT","@id":"https:\/\/gr-100.com\/pt-pt\/producto\/tarmac-especializado-sl7-10r-frameset-2023\/#primaryimage","url":"https:\/\/gr-100.com\/wp-content\/uploads\/2024\/05\/d7ca0e80-7e34-46e0-ba4e-4e4.jpg","contentUrl":"https:\/\/gr-100.com\/wp-content\/uploads\/2024\/05\/d7ca0e80-7e34-46e0-ba4e-4e4.jpg","width":1000,"height":656},{"@type":"BreadcrumbList","@id":"https:\/\/gr-100.com\/pt-pt\/producto\/tarmac-especializado-sl7-10r-frameset-2023\/#breadcrumb","itemListElement":[{"@type":"ListItem","position":1,"name":"Portada","item":"https:\/\/gr-100.com\/en\/"},{"@type":"ListItem","position":2,"name":"Productos","item":"https:\/\/gr-100.com\/?post_type=product"},{"@type":"ListItem","position":3,"name":"Tarmac Especializado SL7 10R Frameset 2023"}]},{"@type":"WebSite","@id":"https:\/\/gr-100.com\/#website","url":"https:\/\/gr-100.com\/","name":"Gr-100 Tienda de ciclismo Specialized","description":"GR-100 tenemos todas las gamas de bicicletas Specialized al mejor precio.","publisher":{"@id":"https:\/\/gr-100.com\/#organization"},"alternateName":"Gr-100 Bikes","potentialAction":[{"@type":"SearchAction","target":{"@type":"EntryPoint","urlTemplate":"https:\/\/gr-100.com\/?s={search_term_string}"},"query-input":{"@type":"PropertyValueSpecification","valueRequired":true,"valueName":"search_term_string"}}],"inLanguage":"pt-PT"},{"@type":"Organization","@id":"https:\/\/gr-100.com\/#organization","name":"Gr-100","url":"https:\/\/gr-100.com\/","logo":{"@type":"ImageObject","inLanguage":"pt-PT","@id":"https:\/\/gr-100.com\/#\/schema\/logo\/image\/","url":"https:\/\/gr-100.com\/wp-content\/uploads\/2023\/08\/logo-gr-100-bikes.png","contentUrl":"https:\/\/gr-100.com\/wp-content\/uploads\/2023\/08\/logo-gr-100-bikes.png","width":707,"height":284,"caption":"Gr-100"},"image":{"@id":"https:\/\/gr-100.com\/#\/schema\/logo\/image\/"},"sameAs":["https:\/\/www.facebook.com\/Gr100Bikes","https:\/\/www.instagram.com\/gr100bikes\/","https:\/\/www.tiktok.com\/@gr100bikes","https:\/\/twitter.com\/gr100mtbteam","https:\/\/www.youtube.com\/c\/GR100Specialized"]}]}},"_links":{"self":[{"href":"https:\/\/gr-100.com\/pt-pt\/wp-json\/wp\/v2\/product\/383812","targetHints":{"allow":["GET"]}}],"collection":[{"href":"https:\/\/gr-100.com\/pt-pt\/wp-json\/wp\/v2\/product"}],"about":[{"href":"https:\/\/gr-100.com\/pt-pt\/wp-json\/wp\/v2\/types\/product"}],"replies":[{"embeddable":true,"href":"https:\/\/gr-100.com\/pt-pt\/wp-json\/wp\/v2\/comments?post=383812"}],"wp:featuredmedia":[{"embeddable":true,"href":"https:\/\/gr-100.com\/pt-pt\/wp-json\/wp\/v2\/media\/298798"}],"wp:attachment":[{"href":"https:\/\/gr-100.com\/pt-pt\/wp-json\/wp\/v2\/media?parent=383812"}],"wp:term":[{"taxonomy":"product_brand","embeddable":true,"href":"https:\/\/gr-100.com\/pt-pt\/wp-json\/wp\/v2\/product_brand?post=383812"},{"taxonomy":"product_cat","embeddable":true,"href":"https:\/\/gr-100.com\/pt-pt\/wp-json\/wp\/v2\/product_cat?post=383812"},{"taxonomy":"product_tag","embeddable":true,"href":"https:\/\/gr-100.com\/pt-pt\/wp-json\/wp\/v2\/product_tag?post=383812"}],"curies":[{"name":"wp","href":"https:\/\/api.w.org\/{rel}","templated":true}]}}