{"id":383892,"date":"2024-07-01T10:31:54","date_gmt":"2024-07-01T10:31:54","guid":{"rendered":"https:\/\/gr-100.com\/producto\/specialized-s-works-tarmac-sl7-2023-quadro-lgnblu\/"},"modified":"2025-11-26T16:32:47","modified_gmt":"2025-11-26T14:32:47","slug":"specialized-s-works-tarmac-sl7-2023-quadro-lgnblu","status":"publish","type":"product","link":"https:\/\/gr-100.com\/pt-pt\/producto\/specialized-s-works-tarmac-sl7-2023-quadro-lgnblu\/","title":{"rendered":"Specialized S-Works Tarmac SL7 2023 Quadro Lgnblu"},"content":{"rendered":"<ul>\n<li>S-Works Tarmac SL7 FACT 12r Carbon Frame, piloto primeiro projetado\u2122,<\/li>\n<li>Win Tunnel Engineered, roteamento limpo, suporte inferior roscado, eixo thru de 12&#215;142 mm, disco de montagem plana<\/li>\n<li>Forquilha de carbono S-Works FACT, eixo de 12&#215;100 mm, disco de montagem plana<\/li>\n<li>Haste embutida no asfalto, 6 graus<\/li>\n<li>2021 S-Works Tarmac Carbon Seatpost, FACT Carbono, Di2<\/li>\n<li>Compat\u00edvel, deslocamento de 20 mm<\/li>\n<li>Cunha integrada Seat Binder Tarmac<\/li>\n<\/ul>\n","protected":false},"excerpt":{"rendered":"<p>Por que voc\u00ea tem que escolher entre aerodin\u00e2mica e peso, conforto de pedal e velocidade?<br \/>\nN\u00e3o tem nenhuma!<br \/>\nExperimente a nova Tarmac: suba montanhas na moto leve mais r\u00e1pida que a UCI permite, des\u00e7a o mais r\u00e1pido poss\u00edvel.<br \/>\nUtilizamos as tecnologias mais avan\u00e7adas, desde a biblioteca de formas FreeFoil at\u00e9 um novo quadro Rider-First Engineered\u2122 para uma moto sem compromisso.<br \/>\nOs dias em que era preciso fazer concess\u00f5es entre &#8220;aerodin\u00e2mica&#8221; e &#8220;peso&#8221; acabaram.<br \/>\nA nova Tarmac \u00e9 a moto mais r\u00e1pida alguma vez fabricada.<br \/>\nUma bicicleta para ditar as regras em todas as circunst\u00e2ncias.<br \/>\n\u2022 &#8220;Aero \u00e9 tudo&#8221; \u2013 Temos pregado este ano ap\u00f3s ano e continua a ser a principal for\u00e7a no desenvolvimento da nova Tarmac.<br \/>\nEm nossa busca por formas de tubo que tornam o quadro mais r\u00e1pido do que as regras UCI permitem, fomos buscar inspira\u00e7\u00e3o para uma p\u00e1gina no livro de desenvolvimento Venge e usamos a Free Foil Shape Library.<br \/>\nCom uma biblioteca de formas otimizadas, passamos para o Win Tunnel para testar as solu\u00e7\u00f5es em uma bicicleta modular para testes de valida\u00e7\u00e3o adicionais.<br \/>\nOu resultado?<br \/>\nA nova Tarmac \u00e9 a mais r\u00e1pida que test\u00e1mos.<br \/>\nSem compromissos Velocidade pura.            <\/p>\n","protected":false},"featured_media":298410,"comment_status":"closed","ping_status":"closed","template":"","meta":{"_acf_changed":false,"_et_pb_use_builder":"","_et_pb_old_content":"","_et_gb_content_width":"","inline_featured_image":false},"product_brand":[],"product_cat":[20,378],"product_tag":[],"class_list":{"0":"post-383892","1":"product","2":"type-product","3":"status-publish","4":"has-post-thumbnail","6":"product_cat-bicicletas-de-carretera","7":"product_cat-estrada","9":"first","10":"outofstock","11":"taxable","12":"shipping-taxable","13":"product-type-variable","14":"wvs-archive-product-wrapper"},"acf":[],"yoast_head":"<!-- This site is optimized with the Yoast SEO Premium plugin v26.7 (Yoast SEO v26.7) - https:\/\/yoast.com\/wordpress\/plugins\/seo\/ -->\n<title>Specialized S-Works Tarmac SL7 2023 Quadro Lgnblu<\/title>\n<meta name=\"description\" content=\"Obtenha o quadro S-Works Tarmac SL7 2023 Lgnblu da Specialized em gr-100. Descubra a perfei\u00e7\u00e3o na estrada com esta estrutura de alta qualidade.\" \/>\n<meta name=\"robots\" content=\"index, follow, max-snippet:-1, max-image-preview:large, max-video-preview:-1\" \/>\n<link rel=\"canonical\" href=\"https:\/\/gr-100.com\/pt-pt\/producto\/specialized-s-works-tarmac-sl7-2023-quadro-lgnblu\/\" \/>\n<meta property=\"og:locale\" content=\"pt_PT\" \/>\n<meta property=\"og:type\" content=\"article\" \/>\n<meta property=\"og:title\" content=\"Specialized S-Works Tarmac SL7 2023 Quadro Lgnblu\" \/>\n<meta property=\"og:description\" content=\"Obtenha o quadro S-Works Tarmac SL7 2023 Lgnblu da Specialized em gr-100. Descubra a perfei\u00e7\u00e3o na estrada com esta estrutura de alta qualidade.\" \/>\n<meta property=\"og:url\" content=\"https:\/\/gr-100.com\/pt-pt\/producto\/specialized-s-works-tarmac-sl7-2023-quadro-lgnblu\/\" \/>\n<meta property=\"og:site_name\" content=\"Gr-100 Tienda de ciclismo Specialized\" \/>\n<meta property=\"article:publisher\" content=\"https:\/\/www.facebook.com\/Gr100Bikes\" \/>\n<meta property=\"article:modified_time\" content=\"2025-11-26T14:32:47+00:00\" \/>\n<meta property=\"og:image\" content=\"https:\/\/gr-100.com\/wp-content\/uploads\/2024\/05\/9500a88c-1f2e-4056-9584-ddf.jpg\" \/>\n\t<meta property=\"og:image:width\" content=\"1000\" \/>\n\t<meta property=\"og:image:height\" content=\"1000\" \/>\n\t<meta property=\"og:image:type\" content=\"image\/jpeg\" \/>\n<meta name=\"twitter:card\" content=\"summary_large_image\" \/>\n<script type=\"application\/ld+json\" class=\"yoast-schema-graph\">{\"@context\":\"https:\/\/schema.org\",\"@graph\":[{\"@type\":\"WebPage\",\"@id\":\"https:\/\/gr-100.com\/pt-pt\/producto\/specialized-s-works-tarmac-sl7-2023-quadro-lgnblu\/\",\"url\":\"https:\/\/gr-100.com\/pt-pt\/producto\/specialized-s-works-tarmac-sl7-2023-quadro-lgnblu\/\",\"name\":\"Specialized S-Works Tarmac SL7 2023 Quadro Lgnblu\",\"isPartOf\":{\"@id\":\"https:\/\/gr-100.com\/#website\"},\"primaryImageOfPage\":{\"@id\":\"https:\/\/gr-100.com\/pt-pt\/producto\/specialized-s-works-tarmac-sl7-2023-quadro-lgnblu\/#primaryimage\"},\"image\":{\"@id\":\"https:\/\/gr-100.com\/pt-pt\/producto\/specialized-s-works-tarmac-sl7-2023-quadro-lgnblu\/#primaryimage\"},\"thumbnailUrl\":\"https:\/\/gr-100.com\/wp-content\/uploads\/2024\/05\/9500a88c-1f2e-4056-9584-ddf.jpg\",\"datePublished\":\"2024-07-01T10:31:54+00:00\",\"dateModified\":\"2025-11-26T14:32:47+00:00\",\"description\":\"Obtenha o quadro S-Works Tarmac SL7 2023 Lgnblu da Specialized em gr-100. Descubra a perfei\u00e7\u00e3o na estrada com esta estrutura de alta qualidade.\",\"breadcrumb\":{\"@id\":\"https:\/\/gr-100.com\/pt-pt\/producto\/specialized-s-works-tarmac-sl7-2023-quadro-lgnblu\/#breadcrumb\"},\"inLanguage\":\"pt-PT\",\"potentialAction\":[{\"@type\":\"ReadAction\",\"target\":[\"https:\/\/gr-100.com\/pt-pt\/producto\/specialized-s-works-tarmac-sl7-2023-quadro-lgnblu\/\"]}]},{\"@type\":\"ImageObject\",\"inLanguage\":\"pt-PT\",\"@id\":\"https:\/\/gr-100.com\/pt-pt\/producto\/specialized-s-works-tarmac-sl7-2023-quadro-lgnblu\/#primaryimage\",\"url\":\"https:\/\/gr-100.com\/wp-content\/uploads\/2024\/05\/9500a88c-1f2e-4056-9584-ddf.jpg\",\"contentUrl\":\"https:\/\/gr-100.com\/wp-content\/uploads\/2024\/05\/9500a88c-1f2e-4056-9584-ddf.jpg\",\"width\":1000,\"height\":1000},{\"@type\":\"BreadcrumbList\",\"@id\":\"https:\/\/gr-100.com\/pt-pt\/producto\/specialized-s-works-tarmac-sl7-2023-quadro-lgnblu\/#breadcrumb\",\"itemListElement\":[{\"@type\":\"ListItem\",\"position\":1,\"name\":\"Portada\",\"item\":\"https:\/\/gr-100.com\/en\/\"},{\"@type\":\"ListItem\",\"position\":2,\"name\":\"Productos\",\"item\":\"https:\/\/gr-100.com\/?post_type=product\"},{\"@type\":\"ListItem\",\"position\":3,\"name\":\"Specialized S-Works Tarmac SL7 2023 Quadro Lgnblu\"}]},{\"@type\":\"WebSite\",\"@id\":\"https:\/\/gr-100.com\/#website\",\"url\":\"https:\/\/gr-100.com\/\",\"name\":\"Gr-100 Tienda de ciclismo Specialized\",\"description\":\"GR-100 tenemos todas las gamas de bicicletas Specialized al mejor precio.\",\"publisher\":{\"@id\":\"https:\/\/gr-100.com\/#organization\"},\"alternateName\":\"Gr-100 Bikes\",\"potentialAction\":[{\"@type\":\"SearchAction\",\"target\":{\"@type\":\"EntryPoint\",\"urlTemplate\":\"https:\/\/gr-100.com\/?s={search_term_string}\"},\"query-input\":{\"@type\":\"PropertyValueSpecification\",\"valueRequired\":true,\"valueName\":\"search_term_string\"}}],\"inLanguage\":\"pt-PT\"},{\"@type\":\"Organization\",\"@id\":\"https:\/\/gr-100.com\/#organization\",\"name\":\"Gr-100\",\"url\":\"https:\/\/gr-100.com\/\",\"logo\":{\"@type\":\"ImageObject\",\"inLanguage\":\"pt-PT\",\"@id\":\"https:\/\/gr-100.com\/#\/schema\/logo\/image\/\",\"url\":\"https:\/\/gr-100.com\/wp-content\/uploads\/2023\/08\/logo-gr-100-bikes.png\",\"contentUrl\":\"https:\/\/gr-100.com\/wp-content\/uploads\/2023\/08\/logo-gr-100-bikes.png\",\"width\":707,\"height\":284,\"caption\":\"Gr-100\"},\"image\":{\"@id\":\"https:\/\/gr-100.com\/#\/schema\/logo\/image\/\"},\"sameAs\":[\"https:\/\/www.facebook.com\/Gr100Bikes\",\"https:\/\/www.instagram.com\/gr100bikes\/\",\"https:\/\/www.tiktok.com\/@gr100bikes\",\"https:\/\/twitter.com\/gr100mtbteam\",\"https:\/\/www.youtube.com\/c\/GR100Specialized\"]}]}<\/script>\n<!-- \/ Yoast SEO Premium plugin. -->","yoast_head_json":{"title":"Specialized S-Works Tarmac SL7 2023 Quadro Lgnblu","description":"Obtenha o quadro S-Works Tarmac SL7 2023 Lgnblu da Specialized em gr-100. Descubra a perfei\u00e7\u00e3o na estrada com esta estrutura de alta qualidade.","robots":{"index":"index","follow":"follow","max-snippet":"max-snippet:-1","max-image-preview":"max-image-preview:large","max-video-preview":"max-video-preview:-1"},"canonical":"https:\/\/gr-100.com\/pt-pt\/producto\/specialized-s-works-tarmac-sl7-2023-quadro-lgnblu\/","og_locale":"pt_PT","og_type":"article","og_title":"Specialized S-Works Tarmac SL7 2023 Quadro Lgnblu","og_description":"Obtenha o quadro S-Works Tarmac SL7 2023 Lgnblu da Specialized em gr-100. Descubra a perfei\u00e7\u00e3o na estrada com esta estrutura de alta qualidade.","og_url":"https:\/\/gr-100.com\/pt-pt\/producto\/specialized-s-works-tarmac-sl7-2023-quadro-lgnblu\/","og_site_name":"Gr-100 Tienda de ciclismo Specialized","article_publisher":"https:\/\/www.facebook.com\/Gr100Bikes","article_modified_time":"2025-11-26T14:32:47+00:00","og_image":[{"width":1000,"height":1000,"url":"https:\/\/gr-100.com\/wp-content\/uploads\/2024\/05\/9500a88c-1f2e-4056-9584-ddf.jpg","type":"image\/jpeg"}],"twitter_card":"summary_large_image","schema":{"@context":"https:\/\/schema.org","@graph":[{"@type":"WebPage","@id":"https:\/\/gr-100.com\/pt-pt\/producto\/specialized-s-works-tarmac-sl7-2023-quadro-lgnblu\/","url":"https:\/\/gr-100.com\/pt-pt\/producto\/specialized-s-works-tarmac-sl7-2023-quadro-lgnblu\/","name":"Specialized S-Works Tarmac SL7 2023 Quadro Lgnblu","isPartOf":{"@id":"https:\/\/gr-100.com\/#website"},"primaryImageOfPage":{"@id":"https:\/\/gr-100.com\/pt-pt\/producto\/specialized-s-works-tarmac-sl7-2023-quadro-lgnblu\/#primaryimage"},"image":{"@id":"https:\/\/gr-100.com\/pt-pt\/producto\/specialized-s-works-tarmac-sl7-2023-quadro-lgnblu\/#primaryimage"},"thumbnailUrl":"https:\/\/gr-100.com\/wp-content\/uploads\/2024\/05\/9500a88c-1f2e-4056-9584-ddf.jpg","datePublished":"2024-07-01T10:31:54+00:00","dateModified":"2025-11-26T14:32:47+00:00","description":"Obtenha o quadro S-Works Tarmac SL7 2023 Lgnblu da Specialized em gr-100. Descubra a perfei\u00e7\u00e3o na estrada com esta estrutura de alta qualidade.","breadcrumb":{"@id":"https:\/\/gr-100.com\/pt-pt\/producto\/specialized-s-works-tarmac-sl7-2023-quadro-lgnblu\/#breadcrumb"},"inLanguage":"pt-PT","potentialAction":[{"@type":"ReadAction","target":["https:\/\/gr-100.com\/pt-pt\/producto\/specialized-s-works-tarmac-sl7-2023-quadro-lgnblu\/"]}]},{"@type":"ImageObject","inLanguage":"pt-PT","@id":"https:\/\/gr-100.com\/pt-pt\/producto\/specialized-s-works-tarmac-sl7-2023-quadro-lgnblu\/#primaryimage","url":"https:\/\/gr-100.com\/wp-content\/uploads\/2024\/05\/9500a88c-1f2e-4056-9584-ddf.jpg","contentUrl":"https:\/\/gr-100.com\/wp-content\/uploads\/2024\/05\/9500a88c-1f2e-4056-9584-ddf.jpg","width":1000,"height":1000},{"@type":"BreadcrumbList","@id":"https:\/\/gr-100.com\/pt-pt\/producto\/specialized-s-works-tarmac-sl7-2023-quadro-lgnblu\/#breadcrumb","itemListElement":[{"@type":"ListItem","position":1,"name":"Portada","item":"https:\/\/gr-100.com\/en\/"},{"@type":"ListItem","position":2,"name":"Productos","item":"https:\/\/gr-100.com\/?post_type=product"},{"@type":"ListItem","position":3,"name":"Specialized S-Works Tarmac SL7 2023 Quadro Lgnblu"}]},{"@type":"WebSite","@id":"https:\/\/gr-100.com\/#website","url":"https:\/\/gr-100.com\/","name":"Gr-100 Tienda de ciclismo Specialized","description":"GR-100 tenemos todas las gamas de bicicletas Specialized al mejor precio.","publisher":{"@id":"https:\/\/gr-100.com\/#organization"},"alternateName":"Gr-100 Bikes","potentialAction":[{"@type":"SearchAction","target":{"@type":"EntryPoint","urlTemplate":"https:\/\/gr-100.com\/?s={search_term_string}"},"query-input":{"@type":"PropertyValueSpecification","valueRequired":true,"valueName":"search_term_string"}}],"inLanguage":"pt-PT"},{"@type":"Organization","@id":"https:\/\/gr-100.com\/#organization","name":"Gr-100","url":"https:\/\/gr-100.com\/","logo":{"@type":"ImageObject","inLanguage":"pt-PT","@id":"https:\/\/gr-100.com\/#\/schema\/logo\/image\/","url":"https:\/\/gr-100.com\/wp-content\/uploads\/2023\/08\/logo-gr-100-bikes.png","contentUrl":"https:\/\/gr-100.com\/wp-content\/uploads\/2023\/08\/logo-gr-100-bikes.png","width":707,"height":284,"caption":"Gr-100"},"image":{"@id":"https:\/\/gr-100.com\/#\/schema\/logo\/image\/"},"sameAs":["https:\/\/www.facebook.com\/Gr100Bikes","https:\/\/www.instagram.com\/gr100bikes\/","https:\/\/www.tiktok.com\/@gr100bikes","https:\/\/twitter.com\/gr100mtbteam","https:\/\/www.youtube.com\/c\/GR100Specialized"]}]}},"_links":{"self":[{"href":"https:\/\/gr-100.com\/pt-pt\/wp-json\/wp\/v2\/product\/383892","targetHints":{"allow":["GET"]}}],"collection":[{"href":"https:\/\/gr-100.com\/pt-pt\/wp-json\/wp\/v2\/product"}],"about":[{"href":"https:\/\/gr-100.com\/pt-pt\/wp-json\/wp\/v2\/types\/product"}],"replies":[{"embeddable":true,"href":"https:\/\/gr-100.com\/pt-pt\/wp-json\/wp\/v2\/comments?post=383892"}],"wp:featuredmedia":[{"embeddable":true,"href":"https:\/\/gr-100.com\/pt-pt\/wp-json\/wp\/v2\/media\/298410"}],"wp:attachment":[{"href":"https:\/\/gr-100.com\/pt-pt\/wp-json\/wp\/v2\/media?parent=383892"}],"wp:term":[{"taxonomy":"product_brand","embeddable":true,"href":"https:\/\/gr-100.com\/pt-pt\/wp-json\/wp\/v2\/product_brand?post=383892"},{"taxonomy":"product_cat","embeddable":true,"href":"https:\/\/gr-100.com\/pt-pt\/wp-json\/wp\/v2\/product_cat?post=383892"},{"taxonomy":"product_tag","embeddable":true,"href":"https:\/\/gr-100.com\/pt-pt\/wp-json\/wp\/v2\/product_tag?post=383892"}],"curies":[{"name":"wp","href":"https:\/\/api.w.org\/{rel}","templated":true}]}}