{"id":383929,"date":"2024-07-01T10:28:46","date_gmt":"2024-07-01T10:28:46","guid":{"rendered":"https:\/\/gr-100.com\/producto\/cannondale-700-m-s6-evo-crb-disco-105-di2-2023\/"},"modified":"2025-11-26T16:32:29","modified_gmt":"2025-11-26T14:32:29","slug":"cannondale-700-m-s6-evo-crb-disco-105-di2-2023","status":"publish","type":"product","link":"https:\/\/gr-100.com\/pt-pt\/producto\/cannondale-700-m-s6-evo-crb-disco-105-di2-2023\/","title":{"rendered":"Cannondale 700 M S6 EVO Crb Disco 105 Di2 2023"},"content":{"rendered":"<p>\n<iframe title=\"Cannondale 700 M S6 EVO Crb Disc 105 Di2 2023\" width=\"500\" height=\"281\" src=\"https:\/\/www.youtube.com\/embed\/f8Dk17Ekcyg?feature=oembed\"  allow=\"accelerometer; autoplay; clipboard-write; encrypted-media; gyroscope; picture-in-picture; web-share\" referrerpolicy=\"strict-origin-when-cross-origin\" allowfullscreen><\/iframe><\/p>\n<ul>\n<li>Quadro SuperSix Evo Carbon, cabo integrado, roteamento da placa de comuta\u00e7\u00e3o, velocidade: 12&#215;142, libera\u00e7\u00e3o do eixo Thru, SAVE, PF30a, disco de montagem plano, bra\u00e7adeira de assento integrada<\/li>\n<li>Garfo SuperSix Evo Carbon, SAVE, chainring de curso integrado, 12&#215;100 mm Velocidade de liberta\u00e7\u00e3o Eixo Thru, disco de montagem plano, roteamento interno, 1-1\/8&#8243; a 1-1\/4&#8243;<\/li>\n<li>55 mm (44-54 cm), dire\u00e7\u00e3o de 1-1\/8&#8243; e deslocamento para<\/li>\n<li>Fone de ouvido de 1-3\/8&#8243; e deslocamento de 45 mm (56-62 cm)<\/li>\n<li>HollowGram 35 jantes, Carbono, 24 h dianteiro, 28 h traseiro, 35 mm de profundidade, 19 mm IW, pronto para tubeless<\/li>\n<li>Cubos (F) F\u00f3rmula, 12&#215;100 \/ (R) F\u00f3rmula, 12&#215;142<\/li>\n<li>R\u00e1dios HollowGram, 2.0\/1.8\/2.0, Direct Drive<\/li>\n<li>Vittoria Rubino Pro Pneus Preto Brilhante, 700 x 25c, tira refletora<\/li>\n<li>Pedais n\u00e3o inclu\u00eddos<\/li>\n<li>Virabrequim Shimano 105 Di2, 50\/34<\/li>\n<li>Cannondale Alloy PressFit30 Suporte inferior<\/li>\n<li>Cadeia Shimano 105 Di2<\/li>\n<li>Shimano 105 Di2 derailleur traseiro, 11-34<\/li>\n<li>Shimano 105 Di2 dianteiro derailleur, soldado<\/li>\n<li>Shimano 105 Di2 derailleur traseiro<\/li>\n<li>HollowGram SAVE Guiador SystemBar, Carbono, 8 graus.<br \/>\nAjuste de tom <\/li>\n<li>Fita Cannondale Grip, 3,5 mm<\/li>\n<li>Haste KN\u00d8T HollowGram, liga revestida de cabo, -6\u00b0<\/li>\n<li>Entrada para auscultadores integrada, 1-1\/8&#8243; &#8211; 1-1\/4&#8243; (44-54 cm), 1-1\/8&#8243; &#8211; 1-3\/8&#8243; (56-62 cm)<\/li>\n<li>Freios a disco hidr\u00e1ulicos Shimano 105 Di2,<\/li>\n<li>Rotores RT70 de 160\/160 mm<\/li>\n<li>Alavancas hidr\u00e1ulicas de freio a disco Shimano 105 Di2<\/li>\n<li>Nago RS STN Prologo Sela<\/li>\n<li>Espig\u00e3o de assento HollowGram 27 SL, carbono, 2 bra\u00e7adeiras de parafuso, 330 mm, 0 mm offset todos os tamanhos<\/li>\n<li>Tamanhos 44, 48, 51, 54, 56, 58, 60, 62<\/li>\n<li>Cor 1 Jet Black com Preto Reflexivo (BBQ)<\/li>\n<li>Cor 2 Caxemira com Preto Jet e Cinzento Carv\u00e3o (CAS)<\/li>\n<\/ul>\n","protected":false},"excerpt":{"rendered":"<p>O novo S6 Evo com rodas 105 Di2 de 12 velocidades HollowGram 35, Carbon<\/p>\n","protected":false},"featured_media":298225,"comment_status":"closed","ping_status":"closed","template":"","meta":{"_acf_changed":false,"_et_pb_use_builder":"","_et_pb_old_content":"","_et_gb_content_width":"","inline_featured_image":false},"product_brand":[],"product_cat":[20,378],"product_tag":[],"class_list":{"0":"post-383929","1":"product","2":"type-product","3":"status-publish","4":"has-post-thumbnail","6":"product_cat-bicicletas-de-carretera","7":"product_cat-estrada","9":"first","10":"outofstock","11":"taxable","12":"shipping-taxable","13":"product-type-variable","14":"wvs-archive-product-wrapper"},"acf":[],"yoast_head":"<!-- This site is optimized with the Yoast SEO Premium plugin v26.7 (Yoast SEO v26.7) - https:\/\/yoast.com\/wordpress\/plugins\/seo\/ -->\n<title>Cannondale 700 M S6 EVO Crb Disco 105 Di2 2023<\/title>\n<meta name=\"description\" content=\"Equipe suas aventuras de ciclismo com o Cannondale 700 M S6 EVO Crb Disc 105 Di2 2023. Encontre o seu melhor desempenho no GR-100.\" \/>\n<meta name=\"robots\" content=\"index, follow, max-snippet:-1, max-image-preview:large, max-video-preview:-1\" \/>\n<link rel=\"canonical\" href=\"https:\/\/gr-100.com\/pt-pt\/producto\/cannondale-700-m-s6-evo-crb-disco-105-di2-2023\/\" \/>\n<meta property=\"og:locale\" content=\"pt_PT\" \/>\n<meta property=\"og:type\" content=\"article\" \/>\n<meta property=\"og:title\" content=\"Cannondale 700 M S6 EVO Crb Disco 105 Di2 2023\" \/>\n<meta property=\"og:description\" content=\"Equipe suas aventuras de ciclismo com o Cannondale 700 M S6 EVO Crb Disc 105 Di2 2023. Encontre o seu melhor desempenho no GR-100.\" \/>\n<meta property=\"og:url\" content=\"https:\/\/gr-100.com\/pt-pt\/producto\/cannondale-700-m-s6-evo-crb-disco-105-di2-2023\/\" \/>\n<meta property=\"og:site_name\" content=\"Gr-100 Tienda de ciclismo Specialized\" \/>\n<meta property=\"article:publisher\" content=\"https:\/\/www.facebook.com\/Gr100Bikes\" \/>\n<meta property=\"article:modified_time\" content=\"2025-11-26T14:32:29+00:00\" \/>\n<meta property=\"og:image\" content=\"https:\/\/gr-100.com\/wp-content\/uploads\/2024\/05\/si99vmvta39c7wt9fubx.jpg\" \/>\n\t<meta property=\"og:image:width\" content=\"1000\" \/>\n\t<meta property=\"og:image:height\" content=\"1000\" \/>\n\t<meta property=\"og:image:type\" content=\"image\/jpeg\" \/>\n<meta name=\"twitter:card\" content=\"summary_large_image\" \/>\n<meta name=\"twitter:label1\" content=\"Tempo estimado de leitura\" \/>\n\t<meta name=\"twitter:data1\" content=\"1 minuto\" \/>\n<script type=\"application\/ld+json\" class=\"yoast-schema-graph\">{\"@context\":\"https:\/\/schema.org\",\"@graph\":[{\"@type\":\"WebPage\",\"@id\":\"https:\/\/gr-100.com\/pt-pt\/producto\/cannondale-700-m-s6-evo-crb-disco-105-di2-2023\/\",\"url\":\"https:\/\/gr-100.com\/pt-pt\/producto\/cannondale-700-m-s6-evo-crb-disco-105-di2-2023\/\",\"name\":\"Cannondale 700 M S6 EVO Crb Disco 105 Di2 2023\",\"isPartOf\":{\"@id\":\"https:\/\/gr-100.com\/#website\"},\"primaryImageOfPage\":{\"@id\":\"https:\/\/gr-100.com\/pt-pt\/producto\/cannondale-700-m-s6-evo-crb-disco-105-di2-2023\/#primaryimage\"},\"image\":{\"@id\":\"https:\/\/gr-100.com\/pt-pt\/producto\/cannondale-700-m-s6-evo-crb-disco-105-di2-2023\/#primaryimage\"},\"thumbnailUrl\":\"https:\/\/gr-100.com\/wp-content\/uploads\/2024\/05\/si99vmvta39c7wt9fubx.jpg\",\"datePublished\":\"2024-07-01T10:28:46+00:00\",\"dateModified\":\"2025-11-26T14:32:29+00:00\",\"description\":\"Equipe suas aventuras de ciclismo com o Cannondale 700 M S6 EVO Crb Disc 105 Di2 2023. Encontre o seu melhor desempenho no GR-100.\",\"breadcrumb\":{\"@id\":\"https:\/\/gr-100.com\/pt-pt\/producto\/cannondale-700-m-s6-evo-crb-disco-105-di2-2023\/#breadcrumb\"},\"inLanguage\":\"pt-PT\",\"potentialAction\":[{\"@type\":\"ReadAction\",\"target\":[\"https:\/\/gr-100.com\/pt-pt\/producto\/cannondale-700-m-s6-evo-crb-disco-105-di2-2023\/\"]}]},{\"@type\":\"ImageObject\",\"inLanguage\":\"pt-PT\",\"@id\":\"https:\/\/gr-100.com\/pt-pt\/producto\/cannondale-700-m-s6-evo-crb-disco-105-di2-2023\/#primaryimage\",\"url\":\"https:\/\/gr-100.com\/wp-content\/uploads\/2024\/05\/si99vmvta39c7wt9fubx.jpg\",\"contentUrl\":\"https:\/\/gr-100.com\/wp-content\/uploads\/2024\/05\/si99vmvta39c7wt9fubx.jpg\",\"width\":1000,\"height\":1000},{\"@type\":\"BreadcrumbList\",\"@id\":\"https:\/\/gr-100.com\/pt-pt\/producto\/cannondale-700-m-s6-evo-crb-disco-105-di2-2023\/#breadcrumb\",\"itemListElement\":[{\"@type\":\"ListItem\",\"position\":1,\"name\":\"Portada\",\"item\":\"https:\/\/gr-100.com\/en\/\"},{\"@type\":\"ListItem\",\"position\":2,\"name\":\"Productos\",\"item\":\"https:\/\/gr-100.com\/?post_type=product\"},{\"@type\":\"ListItem\",\"position\":3,\"name\":\"Cannondale 700 M S6 EVO Crb Disco 105 Di2 2023\"}]},{\"@type\":\"WebSite\",\"@id\":\"https:\/\/gr-100.com\/#website\",\"url\":\"https:\/\/gr-100.com\/\",\"name\":\"Gr-100 Tienda de ciclismo Specialized\",\"description\":\"GR-100 tenemos todas las gamas de bicicletas Specialized al mejor precio.\",\"publisher\":{\"@id\":\"https:\/\/gr-100.com\/#organization\"},\"alternateName\":\"Gr-100 Bikes\",\"potentialAction\":[{\"@type\":\"SearchAction\",\"target\":{\"@type\":\"EntryPoint\",\"urlTemplate\":\"https:\/\/gr-100.com\/?s={search_term_string}\"},\"query-input\":{\"@type\":\"PropertyValueSpecification\",\"valueRequired\":true,\"valueName\":\"search_term_string\"}}],\"inLanguage\":\"pt-PT\"},{\"@type\":\"Organization\",\"@id\":\"https:\/\/gr-100.com\/#organization\",\"name\":\"Gr-100\",\"url\":\"https:\/\/gr-100.com\/\",\"logo\":{\"@type\":\"ImageObject\",\"inLanguage\":\"pt-PT\",\"@id\":\"https:\/\/gr-100.com\/#\/schema\/logo\/image\/\",\"url\":\"https:\/\/gr-100.com\/wp-content\/uploads\/2023\/08\/logo-gr-100-bikes.png\",\"contentUrl\":\"https:\/\/gr-100.com\/wp-content\/uploads\/2023\/08\/logo-gr-100-bikes.png\",\"width\":707,\"height\":284,\"caption\":\"Gr-100\"},\"image\":{\"@id\":\"https:\/\/gr-100.com\/#\/schema\/logo\/image\/\"},\"sameAs\":[\"https:\/\/www.facebook.com\/Gr100Bikes\",\"https:\/\/www.instagram.com\/gr100bikes\/\",\"https:\/\/www.tiktok.com\/@gr100bikes\",\"https:\/\/twitter.com\/gr100mtbteam\",\"https:\/\/www.youtube.com\/c\/GR100Specialized\"]}]}<\/script>\n<!-- \/ Yoast SEO Premium plugin. -->","yoast_head_json":{"title":"Cannondale 700 M S6 EVO Crb Disco 105 Di2 2023","description":"Equipe suas aventuras de ciclismo com o Cannondale 700 M S6 EVO Crb Disc 105 Di2 2023. Encontre o seu melhor desempenho no GR-100.","robots":{"index":"index","follow":"follow","max-snippet":"max-snippet:-1","max-image-preview":"max-image-preview:large","max-video-preview":"max-video-preview:-1"},"canonical":"https:\/\/gr-100.com\/pt-pt\/producto\/cannondale-700-m-s6-evo-crb-disco-105-di2-2023\/","og_locale":"pt_PT","og_type":"article","og_title":"Cannondale 700 M S6 EVO Crb Disco 105 Di2 2023","og_description":"Equipe suas aventuras de ciclismo com o Cannondale 700 M S6 EVO Crb Disc 105 Di2 2023. Encontre o seu melhor desempenho no GR-100.","og_url":"https:\/\/gr-100.com\/pt-pt\/producto\/cannondale-700-m-s6-evo-crb-disco-105-di2-2023\/","og_site_name":"Gr-100 Tienda de ciclismo Specialized","article_publisher":"https:\/\/www.facebook.com\/Gr100Bikes","article_modified_time":"2025-11-26T14:32:29+00:00","og_image":[{"width":1000,"height":1000,"url":"https:\/\/gr-100.com\/wp-content\/uploads\/2024\/05\/si99vmvta39c7wt9fubx.jpg","type":"image\/jpeg"}],"twitter_card":"summary_large_image","twitter_misc":{"Tempo estimado de leitura":"1 minuto"},"schema":{"@context":"https:\/\/schema.org","@graph":[{"@type":"WebPage","@id":"https:\/\/gr-100.com\/pt-pt\/producto\/cannondale-700-m-s6-evo-crb-disco-105-di2-2023\/","url":"https:\/\/gr-100.com\/pt-pt\/producto\/cannondale-700-m-s6-evo-crb-disco-105-di2-2023\/","name":"Cannondale 700 M S6 EVO Crb Disco 105 Di2 2023","isPartOf":{"@id":"https:\/\/gr-100.com\/#website"},"primaryImageOfPage":{"@id":"https:\/\/gr-100.com\/pt-pt\/producto\/cannondale-700-m-s6-evo-crb-disco-105-di2-2023\/#primaryimage"},"image":{"@id":"https:\/\/gr-100.com\/pt-pt\/producto\/cannondale-700-m-s6-evo-crb-disco-105-di2-2023\/#primaryimage"},"thumbnailUrl":"https:\/\/gr-100.com\/wp-content\/uploads\/2024\/05\/si99vmvta39c7wt9fubx.jpg","datePublished":"2024-07-01T10:28:46+00:00","dateModified":"2025-11-26T14:32:29+00:00","description":"Equipe suas aventuras de ciclismo com o Cannondale 700 M S6 EVO Crb Disc 105 Di2 2023. Encontre o seu melhor desempenho no GR-100.","breadcrumb":{"@id":"https:\/\/gr-100.com\/pt-pt\/producto\/cannondale-700-m-s6-evo-crb-disco-105-di2-2023\/#breadcrumb"},"inLanguage":"pt-PT","potentialAction":[{"@type":"ReadAction","target":["https:\/\/gr-100.com\/pt-pt\/producto\/cannondale-700-m-s6-evo-crb-disco-105-di2-2023\/"]}]},{"@type":"ImageObject","inLanguage":"pt-PT","@id":"https:\/\/gr-100.com\/pt-pt\/producto\/cannondale-700-m-s6-evo-crb-disco-105-di2-2023\/#primaryimage","url":"https:\/\/gr-100.com\/wp-content\/uploads\/2024\/05\/si99vmvta39c7wt9fubx.jpg","contentUrl":"https:\/\/gr-100.com\/wp-content\/uploads\/2024\/05\/si99vmvta39c7wt9fubx.jpg","width":1000,"height":1000},{"@type":"BreadcrumbList","@id":"https:\/\/gr-100.com\/pt-pt\/producto\/cannondale-700-m-s6-evo-crb-disco-105-di2-2023\/#breadcrumb","itemListElement":[{"@type":"ListItem","position":1,"name":"Portada","item":"https:\/\/gr-100.com\/en\/"},{"@type":"ListItem","position":2,"name":"Productos","item":"https:\/\/gr-100.com\/?post_type=product"},{"@type":"ListItem","position":3,"name":"Cannondale 700 M S6 EVO Crb Disco 105 Di2 2023"}]},{"@type":"WebSite","@id":"https:\/\/gr-100.com\/#website","url":"https:\/\/gr-100.com\/","name":"Gr-100 Tienda de ciclismo Specialized","description":"GR-100 tenemos todas las gamas de bicicletas Specialized al mejor precio.","publisher":{"@id":"https:\/\/gr-100.com\/#organization"},"alternateName":"Gr-100 Bikes","potentialAction":[{"@type":"SearchAction","target":{"@type":"EntryPoint","urlTemplate":"https:\/\/gr-100.com\/?s={search_term_string}"},"query-input":{"@type":"PropertyValueSpecification","valueRequired":true,"valueName":"search_term_string"}}],"inLanguage":"pt-PT"},{"@type":"Organization","@id":"https:\/\/gr-100.com\/#organization","name":"Gr-100","url":"https:\/\/gr-100.com\/","logo":{"@type":"ImageObject","inLanguage":"pt-PT","@id":"https:\/\/gr-100.com\/#\/schema\/logo\/image\/","url":"https:\/\/gr-100.com\/wp-content\/uploads\/2023\/08\/logo-gr-100-bikes.png","contentUrl":"https:\/\/gr-100.com\/wp-content\/uploads\/2023\/08\/logo-gr-100-bikes.png","width":707,"height":284,"caption":"Gr-100"},"image":{"@id":"https:\/\/gr-100.com\/#\/schema\/logo\/image\/"},"sameAs":["https:\/\/www.facebook.com\/Gr100Bikes","https:\/\/www.instagram.com\/gr100bikes\/","https:\/\/www.tiktok.com\/@gr100bikes","https:\/\/twitter.com\/gr100mtbteam","https:\/\/www.youtube.com\/c\/GR100Specialized"]}]}},"_links":{"self":[{"href":"https:\/\/gr-100.com\/pt-pt\/wp-json\/wp\/v2\/product\/383929","targetHints":{"allow":["GET"]}}],"collection":[{"href":"https:\/\/gr-100.com\/pt-pt\/wp-json\/wp\/v2\/product"}],"about":[{"href":"https:\/\/gr-100.com\/pt-pt\/wp-json\/wp\/v2\/types\/product"}],"replies":[{"embeddable":true,"href":"https:\/\/gr-100.com\/pt-pt\/wp-json\/wp\/v2\/comments?post=383929"}],"wp:featuredmedia":[{"embeddable":true,"href":"https:\/\/gr-100.com\/pt-pt\/wp-json\/wp\/v2\/media\/298225"}],"wp:attachment":[{"href":"https:\/\/gr-100.com\/pt-pt\/wp-json\/wp\/v2\/media?parent=383929"}],"wp:term":[{"taxonomy":"product_brand","embeddable":true,"href":"https:\/\/gr-100.com\/pt-pt\/wp-json\/wp\/v2\/product_brand?post=383929"},{"taxonomy":"product_cat","embeddable":true,"href":"https:\/\/gr-100.com\/pt-pt\/wp-json\/wp\/v2\/product_cat?post=383929"},{"taxonomy":"product_tag","embeddable":true,"href":"https:\/\/gr-100.com\/pt-pt\/wp-json\/wp\/v2\/product_tag?post=383929"}],"curies":[{"name":"wp","href":"https:\/\/api.w.org\/{rel}","templated":true}]}}