{"id":383982,"date":"2024-07-01T10:10:22","date_gmt":"2024-07-01T10:10:22","guid":{"rendered":"https:\/\/gr-100.com\/producto\/modulo-especializado-s-works-tarmac-sl7-2022\/"},"modified":"2025-12-18T16:47:03","modified_gmt":"2025-12-18T14:47:03","slug":"modulo-especializado-s-works-tarmac-sl7-2022","status":"publish","type":"product","link":"https:\/\/gr-100.com\/pt-pt\/producto\/modulo-especializado-s-works-tarmac-sl7-2022\/","title":{"rendered":"Specialized S-Works Tarmac SL7 2022"},"content":{"rendered":"<p><iframe src=\"https:\/\/www.youtube.com\/embed\/Cstx-pqcw_8\" width=\"560\" height=\"315\" frameborder=\"0\" allowfullscreen=\"allowfullscreen\"><\/iframe><\/p>\n<p>CARATER\u00cdSTICAS:<\/p>\n<ul>\n<li>Estrutura: S-Works Tarmac SL7 FACT 12r Carbon, Rider First Engineered\u2122, Win Tunnel Engineered, Clean Routing, Threaded BB, 12x142mm thru-axle, flat-mount disc<\/li>\n<li>Forquilha: S-Works FACT Carbon, eixo thru 12x100mm, disco de montagem plana<\/li>\n<li>Haste: Haste integrada na pista, 6 graus<\/li>\n<li>Poste de assento: 2021 S-Works Tarmac Carbon assento poste, FACT Carbon, Di2 Compat\u00edvel, 20mm offset<\/li>\n<li>Fecho do espig\u00e3o: Cunha integrada na pista<\/li>\n<\/ul>\n","protected":false},"excerpt":{"rendered":"<p>Esta pintura S-Works Tarmac \u00e9 a tela perfeita para iniciar a montagem dos seus sonhos.<br \/>\nConduza a sua moto de sonho totalmente personalizada e prepare-se para ir depressa.<br \/>\nPara complementar o quadro mais r\u00e1pido do mundo, apenas os melhores componentes servem, pelo que encontrar\u00e1 modelos como o conjunto Dura-Ace Shimano e o novo Roval CLX Rapide: jantes, com estabilidade e capacidades aerodin\u00e2micas excecionais.<br \/>\nA S-Works Tarmac \u00e9 uma m\u00e1quina de corrida S-Works . <\/p>\n","protected":false},"featured_media":0,"comment_status":"closed","ping_status":"closed","template":"","meta":{"_acf_changed":false,"_et_pb_use_builder":"","_et_pb_old_content":"","_et_gb_content_width":"","inline_featured_image":false},"product_brand":[],"product_cat":[20,378],"product_tag":[],"class_list":{"0":"post-383982","1":"product","2":"type-product","3":"status-publish","5":"product_cat-bicicletas-de-carretera","6":"product_cat-estrada","8":"first","9":"outofstock","10":"taxable","11":"shipping-taxable","12":"product-type-variable","13":"wvs-archive-product-wrapper"},"acf":[],"yoast_head":"<!-- This site is optimized with the Yoast SEO Premium plugin v26.7 (Yoast SEO v26.7) - https:\/\/yoast.com\/wordpress\/plugins\/seo\/ -->\n<title>Specialized S-Works Tarmac SL7 2022 GR-100<\/title>\n<meta name=\"description\" content=\"Esta pintura S-Works Tarmac \u00e9 a tela perfeita para iniciar a montagem dos seus sonhos. Conduza a bicicleta dos seus sonhos.\" \/>\n<meta name=\"robots\" content=\"index, follow, max-snippet:-1, max-image-preview:large, max-video-preview:-1\" \/>\n<link rel=\"canonical\" href=\"https:\/\/gr-100.com\/pt-pt\/producto\/modulo-especializado-s-works-tarmac-sl7-2022\/\" \/>\n<meta property=\"og:locale\" content=\"pt_PT\" \/>\n<meta property=\"og:type\" content=\"article\" \/>\n<meta property=\"og:title\" content=\"Specialized S-Works Tarmac SL7 2022\" \/>\n<meta property=\"og:description\" content=\"Esta pintura S-Works Tarmac \u00e9 a tela perfeita para iniciar a montagem dos seus sonhos. Conduza a bicicleta dos seus sonhos.\" \/>\n<meta property=\"og:url\" content=\"https:\/\/gr-100.com\/pt-pt\/producto\/modulo-especializado-s-works-tarmac-sl7-2022\/\" \/>\n<meta property=\"og:site_name\" content=\"Gr-100 Tienda de ciclismo Specialized\" \/>\n<meta property=\"article:publisher\" content=\"https:\/\/www.facebook.com\/Gr100Bikes\" \/>\n<meta property=\"article:modified_time\" content=\"2025-12-18T14:47:03+00:00\" \/>\n<meta name=\"twitter:card\" content=\"summary_large_image\" \/>\n<script type=\"application\/ld+json\" class=\"yoast-schema-graph\">{\"@context\":\"https:\/\/schema.org\",\"@graph\":[{\"@type\":\"WebPage\",\"@id\":\"https:\/\/gr-100.com\/pt-pt\/producto\/modulo-especializado-s-works-tarmac-sl7-2022\/\",\"url\":\"https:\/\/gr-100.com\/pt-pt\/producto\/modulo-especializado-s-works-tarmac-sl7-2022\/\",\"name\":\"Specialized S-Works Tarmac SL7 2022 GR-100\",\"isPartOf\":{\"@id\":\"https:\/\/gr-100.com\/#website\"},\"datePublished\":\"2024-07-01T10:10:22+00:00\",\"dateModified\":\"2025-12-18T14:47:03+00:00\",\"description\":\"Esta pintura S-Works Tarmac \u00e9 a tela perfeita para iniciar a montagem dos seus sonhos. Conduza a bicicleta dos seus sonhos.\",\"breadcrumb\":{\"@id\":\"https:\/\/gr-100.com\/pt-pt\/producto\/modulo-especializado-s-works-tarmac-sl7-2022\/#breadcrumb\"},\"inLanguage\":\"pt-PT\",\"potentialAction\":[{\"@type\":\"ReadAction\",\"target\":[\"https:\/\/gr-100.com\/pt-pt\/producto\/modulo-especializado-s-works-tarmac-sl7-2022\/\"]}]},{\"@type\":\"BreadcrumbList\",\"@id\":\"https:\/\/gr-100.com\/pt-pt\/producto\/modulo-especializado-s-works-tarmac-sl7-2022\/#breadcrumb\",\"itemListElement\":[{\"@type\":\"ListItem\",\"position\":1,\"name\":\"Portada\",\"item\":\"https:\/\/gr-100.com\/en\/\"},{\"@type\":\"ListItem\",\"position\":2,\"name\":\"Productos\",\"item\":\"https:\/\/gr-100.com\/?post_type=product\"},{\"@type\":\"ListItem\",\"position\":3,\"name\":\"Specialized S-Works Tarmac SL7 2022\"}]},{\"@type\":\"WebSite\",\"@id\":\"https:\/\/gr-100.com\/#website\",\"url\":\"https:\/\/gr-100.com\/\",\"name\":\"Gr-100 Tienda de ciclismo Specialized\",\"description\":\"GR-100 tenemos todas las gamas de bicicletas Specialized al mejor precio.\",\"publisher\":{\"@id\":\"https:\/\/gr-100.com\/#organization\"},\"alternateName\":\"Gr-100 Bikes\",\"potentialAction\":[{\"@type\":\"SearchAction\",\"target\":{\"@type\":\"EntryPoint\",\"urlTemplate\":\"https:\/\/gr-100.com\/?s={search_term_string}\"},\"query-input\":{\"@type\":\"PropertyValueSpecification\",\"valueRequired\":true,\"valueName\":\"search_term_string\"}}],\"inLanguage\":\"pt-PT\"},{\"@type\":\"Organization\",\"@id\":\"https:\/\/gr-100.com\/#organization\",\"name\":\"Gr-100\",\"url\":\"https:\/\/gr-100.com\/\",\"logo\":{\"@type\":\"ImageObject\",\"inLanguage\":\"pt-PT\",\"@id\":\"https:\/\/gr-100.com\/#\/schema\/logo\/image\/\",\"url\":\"https:\/\/gr-100.com\/wp-content\/uploads\/2023\/08\/logo-gr-100-bikes.png\",\"contentUrl\":\"https:\/\/gr-100.com\/wp-content\/uploads\/2023\/08\/logo-gr-100-bikes.png\",\"width\":707,\"height\":284,\"caption\":\"Gr-100\"},\"image\":{\"@id\":\"https:\/\/gr-100.com\/#\/schema\/logo\/image\/\"},\"sameAs\":[\"https:\/\/www.facebook.com\/Gr100Bikes\",\"https:\/\/www.instagram.com\/gr100bikes\/\",\"https:\/\/www.tiktok.com\/@gr100bikes\",\"https:\/\/twitter.com\/gr100mtbteam\",\"https:\/\/www.youtube.com\/c\/GR100Specialized\"]}]}<\/script>\n<!-- \/ Yoast SEO Premium plugin. -->","yoast_head_json":{"title":"Specialized S-Works Tarmac SL7 2022 GR-100","description":"Esta pintura S-Works Tarmac \u00e9 a tela perfeita para iniciar a montagem dos seus sonhos. Conduza a bicicleta dos seus sonhos.","robots":{"index":"index","follow":"follow","max-snippet":"max-snippet:-1","max-image-preview":"max-image-preview:large","max-video-preview":"max-video-preview:-1"},"canonical":"https:\/\/gr-100.com\/pt-pt\/producto\/modulo-especializado-s-works-tarmac-sl7-2022\/","og_locale":"pt_PT","og_type":"article","og_title":"Specialized S-Works Tarmac SL7 2022","og_description":"Esta pintura S-Works Tarmac \u00e9 a tela perfeita para iniciar a montagem dos seus sonhos. Conduza a bicicleta dos seus sonhos.","og_url":"https:\/\/gr-100.com\/pt-pt\/producto\/modulo-especializado-s-works-tarmac-sl7-2022\/","og_site_name":"Gr-100 Tienda de ciclismo Specialized","article_publisher":"https:\/\/www.facebook.com\/Gr100Bikes","article_modified_time":"2025-12-18T14:47:03+00:00","twitter_card":"summary_large_image","schema":{"@context":"https:\/\/schema.org","@graph":[{"@type":"WebPage","@id":"https:\/\/gr-100.com\/pt-pt\/producto\/modulo-especializado-s-works-tarmac-sl7-2022\/","url":"https:\/\/gr-100.com\/pt-pt\/producto\/modulo-especializado-s-works-tarmac-sl7-2022\/","name":"Specialized S-Works Tarmac SL7 2022 GR-100","isPartOf":{"@id":"https:\/\/gr-100.com\/#website"},"datePublished":"2024-07-01T10:10:22+00:00","dateModified":"2025-12-18T14:47:03+00:00","description":"Esta pintura S-Works Tarmac \u00e9 a tela perfeita para iniciar a montagem dos seus sonhos. Conduza a bicicleta dos seus sonhos.","breadcrumb":{"@id":"https:\/\/gr-100.com\/pt-pt\/producto\/modulo-especializado-s-works-tarmac-sl7-2022\/#breadcrumb"},"inLanguage":"pt-PT","potentialAction":[{"@type":"ReadAction","target":["https:\/\/gr-100.com\/pt-pt\/producto\/modulo-especializado-s-works-tarmac-sl7-2022\/"]}]},{"@type":"BreadcrumbList","@id":"https:\/\/gr-100.com\/pt-pt\/producto\/modulo-especializado-s-works-tarmac-sl7-2022\/#breadcrumb","itemListElement":[{"@type":"ListItem","position":1,"name":"Portada","item":"https:\/\/gr-100.com\/en\/"},{"@type":"ListItem","position":2,"name":"Productos","item":"https:\/\/gr-100.com\/?post_type=product"},{"@type":"ListItem","position":3,"name":"Specialized S-Works Tarmac SL7 2022"}]},{"@type":"WebSite","@id":"https:\/\/gr-100.com\/#website","url":"https:\/\/gr-100.com\/","name":"Gr-100 Tienda de ciclismo Specialized","description":"GR-100 tenemos todas las gamas de bicicletas Specialized al mejor precio.","publisher":{"@id":"https:\/\/gr-100.com\/#organization"},"alternateName":"Gr-100 Bikes","potentialAction":[{"@type":"SearchAction","target":{"@type":"EntryPoint","urlTemplate":"https:\/\/gr-100.com\/?s={search_term_string}"},"query-input":{"@type":"PropertyValueSpecification","valueRequired":true,"valueName":"search_term_string"}}],"inLanguage":"pt-PT"},{"@type":"Organization","@id":"https:\/\/gr-100.com\/#organization","name":"Gr-100","url":"https:\/\/gr-100.com\/","logo":{"@type":"ImageObject","inLanguage":"pt-PT","@id":"https:\/\/gr-100.com\/#\/schema\/logo\/image\/","url":"https:\/\/gr-100.com\/wp-content\/uploads\/2023\/08\/logo-gr-100-bikes.png","contentUrl":"https:\/\/gr-100.com\/wp-content\/uploads\/2023\/08\/logo-gr-100-bikes.png","width":707,"height":284,"caption":"Gr-100"},"image":{"@id":"https:\/\/gr-100.com\/#\/schema\/logo\/image\/"},"sameAs":["https:\/\/www.facebook.com\/Gr100Bikes","https:\/\/www.instagram.com\/gr100bikes\/","https:\/\/www.tiktok.com\/@gr100bikes","https:\/\/twitter.com\/gr100mtbteam","https:\/\/www.youtube.com\/c\/GR100Specialized"]}]}},"_links":{"self":[{"href":"https:\/\/gr-100.com\/pt-pt\/wp-json\/wp\/v2\/product\/383982","targetHints":{"allow":["GET"]}}],"collection":[{"href":"https:\/\/gr-100.com\/pt-pt\/wp-json\/wp\/v2\/product"}],"about":[{"href":"https:\/\/gr-100.com\/pt-pt\/wp-json\/wp\/v2\/types\/product"}],"replies":[{"embeddable":true,"href":"https:\/\/gr-100.com\/pt-pt\/wp-json\/wp\/v2\/comments?post=383982"}],"wp:attachment":[{"href":"https:\/\/gr-100.com\/pt-pt\/wp-json\/wp\/v2\/media?parent=383982"}],"wp:term":[{"taxonomy":"product_brand","embeddable":true,"href":"https:\/\/gr-100.com\/pt-pt\/wp-json\/wp\/v2\/product_brand?post=383982"},{"taxonomy":"product_cat","embeddable":true,"href":"https:\/\/gr-100.com\/pt-pt\/wp-json\/wp\/v2\/product_cat?post=383982"},{"taxonomy":"product_tag","embeddable":true,"href":"https:\/\/gr-100.com\/pt-pt\/wp-json\/wp\/v2\/product_tag?post=383982"}],"curies":[{"name":"wp","href":"https:\/\/api.w.org\/{rel}","templated":true}]}}