{"id":383997,"date":"2024-07-01T10:01:52","date_gmt":"2024-07-01T10:01:52","guid":{"rendered":"https:\/\/gr-100.com\/producto\/specialized-s-works-tarmac-sl7-velocidade-da-luz-2022\/"},"modified":"2025-11-26T16:28:45","modified_gmt":"2025-11-26T14:28:45","slug":"specialized-s-works-tarmac-sl7-velocidade-da-luz-2022","status":"publish","type":"product","link":"https:\/\/gr-100.com\/pt-pt\/producto\/specialized-s-works-tarmac-sl7-velocidade-da-luz-2022\/","title":{"rendered":"Specialized S-Works Tarmac SL7 Velocidade da Luz 2022"},"content":{"rendered":"<p><iframe src=\"https:\/\/www.youtube.com\/embed\/do_iviQ4nvI\" width=\"560\" height=\"315\" frameborder=\"0\" allowfullscreen=\"allowfullscreen\"><\/iframe>  EDI\u00c7\u00c3O SPEED OF LIGHT.<br \/>\nEDI\u00c7\u00c3O LIMITADA.  CARATER\u00cdSTICAS:  <\/p>\n<ul>\n<li>CeramicSpeed BSA SRAM DUB suporte inferior OEM de prata alternativo<\/li>\n<li>CORRENTE DE 12 VELOCIDADES SRAM RED<\/li>\n<li>SRAM Red eTap AXS SHIFTERS<\/li>\n<li>SRAM RED eTAP AXS derailleur traseiro de 12 velocidades<\/li>\n<li>AN\u00c9IS DE 48\/35T<\/li>\n<li>SRAM RED AXS Suporte inferior do medidor de pot\u00eancia<\/li>\n<li>SRAM RED XG-1290 CASSETTE, 12 velocidades, 10-33t<\/li>\n<li>SRAM RED eTAP AXS DERAILLEUR, brasa<\/li>\n<li>RODAS &amp; PNEUS<\/li>\n<li>C\u00c2MARAS Turbo Ultralight, v\u00e1lvula Presta de 60mm<\/li>\n<li>RODA DIANTEIRA Roval Rapide CLX, jante em carbono de 21 mm de largura interna, profundidade de 51 mm, Win Tunnel Engineered, cubo Roval AFD, 18h, raios DT Swiss Aerolite<\/li>\n<li>RODA TRASEIRA Roval Rapide CLX, jante em carbono de 21 mm de largura interna, 60 mm de profundidade, Win Tunnel Engineered, cubo Roval AFD, 24h, raios DT Swiss Aerolite<\/li>\n<li>Pneu TRASEIRO Turbo Algod\u00e3o &#8211; Preto Sidewall, 320 TPI, 700x26mm<\/li>\n<li>PNEU. Turbo Algod\u00e3o &#8211; Preto Sidewall, 320 TPI, 700x26mm<\/li>\n<li>TRAV\u00d5ES<\/li>\n<li>SRAM RED eTAP AXS FREIO DIANTEIRO, DISCO HIDR\u00c1ULICO<\/li>\n<li>SRAM RED eTAP AXS FREIO TRASEIRO, DISCO HIDR\u00c1ULICO<\/li>\n<li>Supacaz Super Fita Kush Pegajosa<\/li>\n<li>Body Geometry S-Works Power SADDLE, trilhos de fibra de carbono, base de fibra de carbono<\/li>\n<li>ABRA\u00c7O.<br \/>\nCunha integrada na pista SADDLE <\/li>\n<li>Haste integrada STEM Tarmac, 6 graus<\/li>\n<li>2021 S-Works Tarmac Carbon espig\u00e3o de assento, FACT Carbon, 20mm offset<\/li>\n<li>Guiador Roval Rapide, carv\u00e3o<\/li>\n<li>S-Works Tarmac SL7 FACT 12r Carbon FRAME, Rider First Engineered\u2122, Win Tunnel Engineered, Roteamento Limpo, BB Roscado, eixo thru 12x142mm, disco de montagem plana<\/li>\n<li>Garfo de carbono S-Works FACT, eixo thru de 12x100mm, disco de montagem plana<\/li>\n<\/ul>\n","protected":false},"excerpt":{"rendered":"<p>EDI\u00c7\u00c3O SPEED OF LIGHT.<br \/>\nEDI\u00c7\u00c3O LIMITADA.<br \/>\nMontagem \u00fanica e personalizada pela GR-100.<br \/>\nPara complementar o quadro mais r\u00e1pido do mundo, apenas os melhores componentes o far\u00e3o, e \u00e9 por isso que voc\u00ea encontrar\u00e1 modelos como o conjunto de 12 velocidades Sram Red Etap AXS e as novas rodas CLX Rapide da Roval, com sua excecional estabilidade e destreza aerodin\u00e2mica.<br \/>\nA S-Works Tarmac \u00e9 uma m\u00e1quina de corrida de alto n\u00edvel, pronta a usar.    <\/p>\n","protected":false},"featured_media":286542,"comment_status":"closed","ping_status":"closed","template":"","meta":{"_acf_changed":false,"_et_pb_use_builder":"","_et_pb_old_content":"","_et_gb_content_width":"","inline_featured_image":false},"product_brand":[],"product_cat":[20,378],"product_tag":[],"class_list":{"0":"post-383997","1":"product","2":"type-product","3":"status-publish","4":"has-post-thumbnail","6":"product_cat-bicicletas-de-carretera","7":"product_cat-estrada","9":"first","10":"outofstock","11":"taxable","12":"shipping-taxable","13":"product-type-variable","14":"wvs-archive-product-wrapper"},"acf":[],"yoast_head":"<!-- This site is optimized with the Yoast SEO Premium plugin v26.7 (Yoast SEO v26.7) - https:\/\/yoast.com\/wordpress\/plugins\/seo\/ -->\n<title>Specialized S-Works Tarmac SL7 Velocidade da Luz 2022 GR-100<\/title>\n<meta name=\"description\" content=\"ESPECIALIZADA S-WORKS TARMAC SL7 SPEED OF LIGHT 2022, montagem especial feita pela GR-100, transmiss\u00e3o AXS e rodas ROVAL.\" \/>\n<meta name=\"robots\" content=\"index, follow, max-snippet:-1, max-image-preview:large, max-video-preview:-1\" \/>\n<link rel=\"canonical\" href=\"https:\/\/gr-100.com\/pt-pt\/producto\/specialized-s-works-tarmac-sl7-velocidade-da-luz-2022\/\" \/>\n<meta property=\"og:locale\" content=\"pt_PT\" \/>\n<meta property=\"og:type\" content=\"article\" \/>\n<meta property=\"og:title\" content=\"Specialized S-Works Tarmac SL7 Velocidade da Luz 2022\" \/>\n<meta property=\"og:description\" content=\"ESPECIALIZADA S-WORKS TARMAC SL7 SPEED OF LIGHT 2022, montagem especial feita pela GR-100, transmiss\u00e3o AXS e rodas ROVAL.\" \/>\n<meta property=\"og:url\" content=\"https:\/\/gr-100.com\/pt-pt\/producto\/specialized-s-works-tarmac-sl7-velocidade-da-luz-2022\/\" \/>\n<meta property=\"og:site_name\" content=\"Gr-100 Tienda de ciclismo Specialized\" \/>\n<meta property=\"article:publisher\" content=\"https:\/\/www.facebook.com\/Gr100Bikes\" \/>\n<meta property=\"article:modified_time\" content=\"2025-11-26T14:28:45+00:00\" \/>\n<meta property=\"og:image\" content=\"https:\/\/gr-100.com\/wp-content\/uploads\/2024\/05\/web6.jpg\" \/>\n\t<meta property=\"og:image:width\" content=\"1000\" \/>\n\t<meta property=\"og:image:height\" content=\"1000\" \/>\n\t<meta property=\"og:image:type\" content=\"image\/jpeg\" \/>\n<meta name=\"twitter:card\" content=\"summary_large_image\" \/>\n<meta name=\"twitter:label1\" content=\"Tempo estimado de leitura\" \/>\n\t<meta name=\"twitter:data1\" content=\"1 minuto\" \/>\n<script type=\"application\/ld+json\" class=\"yoast-schema-graph\">{\"@context\":\"https:\/\/schema.org\",\"@graph\":[{\"@type\":\"WebPage\",\"@id\":\"https:\/\/gr-100.com\/pt-pt\/producto\/specialized-s-works-tarmac-sl7-velocidade-da-luz-2022\/\",\"url\":\"https:\/\/gr-100.com\/pt-pt\/producto\/specialized-s-works-tarmac-sl7-velocidade-da-luz-2022\/\",\"name\":\"Specialized S-Works Tarmac SL7 Velocidade da Luz 2022 GR-100\",\"isPartOf\":{\"@id\":\"https:\/\/gr-100.com\/#website\"},\"primaryImageOfPage\":{\"@id\":\"https:\/\/gr-100.com\/pt-pt\/producto\/specialized-s-works-tarmac-sl7-velocidade-da-luz-2022\/#primaryimage\"},\"image\":{\"@id\":\"https:\/\/gr-100.com\/pt-pt\/producto\/specialized-s-works-tarmac-sl7-velocidade-da-luz-2022\/#primaryimage\"},\"thumbnailUrl\":\"https:\/\/gr-100.com\/wp-content\/uploads\/2024\/05\/web6.jpg\",\"datePublished\":\"2024-07-01T10:01:52+00:00\",\"dateModified\":\"2025-11-26T14:28:45+00:00\",\"description\":\"ESPECIALIZADA S-WORKS TARMAC SL7 SPEED OF LIGHT 2022, montagem especial feita pela GR-100, transmiss\u00e3o AXS e rodas ROVAL.\",\"breadcrumb\":{\"@id\":\"https:\/\/gr-100.com\/pt-pt\/producto\/specialized-s-works-tarmac-sl7-velocidade-da-luz-2022\/#breadcrumb\"},\"inLanguage\":\"pt-PT\",\"potentialAction\":[{\"@type\":\"ReadAction\",\"target\":[\"https:\/\/gr-100.com\/pt-pt\/producto\/specialized-s-works-tarmac-sl7-velocidade-da-luz-2022\/\"]}]},{\"@type\":\"ImageObject\",\"inLanguage\":\"pt-PT\",\"@id\":\"https:\/\/gr-100.com\/pt-pt\/producto\/specialized-s-works-tarmac-sl7-velocidade-da-luz-2022\/#primaryimage\",\"url\":\"https:\/\/gr-100.com\/wp-content\/uploads\/2024\/05\/web6.jpg\",\"contentUrl\":\"https:\/\/gr-100.com\/wp-content\/uploads\/2024\/05\/web6.jpg\",\"width\":1000,\"height\":1000},{\"@type\":\"BreadcrumbList\",\"@id\":\"https:\/\/gr-100.com\/pt-pt\/producto\/specialized-s-works-tarmac-sl7-velocidade-da-luz-2022\/#breadcrumb\",\"itemListElement\":[{\"@type\":\"ListItem\",\"position\":1,\"name\":\"Portada\",\"item\":\"https:\/\/gr-100.com\/en\/\"},{\"@type\":\"ListItem\",\"position\":2,\"name\":\"Productos\",\"item\":\"https:\/\/gr-100.com\/?post_type=product\"},{\"@type\":\"ListItem\",\"position\":3,\"name\":\"Specialized S-Works Tarmac SL7 Velocidade da Luz 2022\"}]},{\"@type\":\"WebSite\",\"@id\":\"https:\/\/gr-100.com\/#website\",\"url\":\"https:\/\/gr-100.com\/\",\"name\":\"Gr-100 Tienda de ciclismo Specialized\",\"description\":\"GR-100 tenemos todas las gamas de bicicletas Specialized al mejor precio.\",\"publisher\":{\"@id\":\"https:\/\/gr-100.com\/#organization\"},\"alternateName\":\"Gr-100 Bikes\",\"potentialAction\":[{\"@type\":\"SearchAction\",\"target\":{\"@type\":\"EntryPoint\",\"urlTemplate\":\"https:\/\/gr-100.com\/?s={search_term_string}\"},\"query-input\":{\"@type\":\"PropertyValueSpecification\",\"valueRequired\":true,\"valueName\":\"search_term_string\"}}],\"inLanguage\":\"pt-PT\"},{\"@type\":\"Organization\",\"@id\":\"https:\/\/gr-100.com\/#organization\",\"name\":\"Gr-100\",\"url\":\"https:\/\/gr-100.com\/\",\"logo\":{\"@type\":\"ImageObject\",\"inLanguage\":\"pt-PT\",\"@id\":\"https:\/\/gr-100.com\/#\/schema\/logo\/image\/\",\"url\":\"https:\/\/gr-100.com\/wp-content\/uploads\/2023\/08\/logo-gr-100-bikes.png\",\"contentUrl\":\"https:\/\/gr-100.com\/wp-content\/uploads\/2023\/08\/logo-gr-100-bikes.png\",\"width\":707,\"height\":284,\"caption\":\"Gr-100\"},\"image\":{\"@id\":\"https:\/\/gr-100.com\/#\/schema\/logo\/image\/\"},\"sameAs\":[\"https:\/\/www.facebook.com\/Gr100Bikes\",\"https:\/\/www.instagram.com\/gr100bikes\/\",\"https:\/\/www.tiktok.com\/@gr100bikes\",\"https:\/\/twitter.com\/gr100mtbteam\",\"https:\/\/www.youtube.com\/c\/GR100Specialized\"]}]}<\/script>\n<!-- \/ Yoast SEO Premium plugin. -->","yoast_head_json":{"title":"Specialized S-Works Tarmac SL7 Velocidade da Luz 2022 GR-100","description":"ESPECIALIZADA S-WORKS TARMAC SL7 SPEED OF LIGHT 2022, montagem especial feita pela GR-100, transmiss\u00e3o AXS e rodas ROVAL.","robots":{"index":"index","follow":"follow","max-snippet":"max-snippet:-1","max-image-preview":"max-image-preview:large","max-video-preview":"max-video-preview:-1"},"canonical":"https:\/\/gr-100.com\/pt-pt\/producto\/specialized-s-works-tarmac-sl7-velocidade-da-luz-2022\/","og_locale":"pt_PT","og_type":"article","og_title":"Specialized S-Works Tarmac SL7 Velocidade da Luz 2022","og_description":"ESPECIALIZADA S-WORKS TARMAC SL7 SPEED OF LIGHT 2022, montagem especial feita pela GR-100, transmiss\u00e3o AXS e rodas ROVAL.","og_url":"https:\/\/gr-100.com\/pt-pt\/producto\/specialized-s-works-tarmac-sl7-velocidade-da-luz-2022\/","og_site_name":"Gr-100 Tienda de ciclismo Specialized","article_publisher":"https:\/\/www.facebook.com\/Gr100Bikes","article_modified_time":"2025-11-26T14:28:45+00:00","og_image":[{"width":1000,"height":1000,"url":"https:\/\/gr-100.com\/wp-content\/uploads\/2024\/05\/web6.jpg","type":"image\/jpeg"}],"twitter_card":"summary_large_image","twitter_misc":{"Tempo estimado de leitura":"1 minuto"},"schema":{"@context":"https:\/\/schema.org","@graph":[{"@type":"WebPage","@id":"https:\/\/gr-100.com\/pt-pt\/producto\/specialized-s-works-tarmac-sl7-velocidade-da-luz-2022\/","url":"https:\/\/gr-100.com\/pt-pt\/producto\/specialized-s-works-tarmac-sl7-velocidade-da-luz-2022\/","name":"Specialized S-Works Tarmac SL7 Velocidade da Luz 2022 GR-100","isPartOf":{"@id":"https:\/\/gr-100.com\/#website"},"primaryImageOfPage":{"@id":"https:\/\/gr-100.com\/pt-pt\/producto\/specialized-s-works-tarmac-sl7-velocidade-da-luz-2022\/#primaryimage"},"image":{"@id":"https:\/\/gr-100.com\/pt-pt\/producto\/specialized-s-works-tarmac-sl7-velocidade-da-luz-2022\/#primaryimage"},"thumbnailUrl":"https:\/\/gr-100.com\/wp-content\/uploads\/2024\/05\/web6.jpg","datePublished":"2024-07-01T10:01:52+00:00","dateModified":"2025-11-26T14:28:45+00:00","description":"ESPECIALIZADA S-WORKS TARMAC SL7 SPEED OF LIGHT 2022, montagem especial feita pela GR-100, transmiss\u00e3o AXS e rodas ROVAL.","breadcrumb":{"@id":"https:\/\/gr-100.com\/pt-pt\/producto\/specialized-s-works-tarmac-sl7-velocidade-da-luz-2022\/#breadcrumb"},"inLanguage":"pt-PT","potentialAction":[{"@type":"ReadAction","target":["https:\/\/gr-100.com\/pt-pt\/producto\/specialized-s-works-tarmac-sl7-velocidade-da-luz-2022\/"]}]},{"@type":"ImageObject","inLanguage":"pt-PT","@id":"https:\/\/gr-100.com\/pt-pt\/producto\/specialized-s-works-tarmac-sl7-velocidade-da-luz-2022\/#primaryimage","url":"https:\/\/gr-100.com\/wp-content\/uploads\/2024\/05\/web6.jpg","contentUrl":"https:\/\/gr-100.com\/wp-content\/uploads\/2024\/05\/web6.jpg","width":1000,"height":1000},{"@type":"BreadcrumbList","@id":"https:\/\/gr-100.com\/pt-pt\/producto\/specialized-s-works-tarmac-sl7-velocidade-da-luz-2022\/#breadcrumb","itemListElement":[{"@type":"ListItem","position":1,"name":"Portada","item":"https:\/\/gr-100.com\/en\/"},{"@type":"ListItem","position":2,"name":"Productos","item":"https:\/\/gr-100.com\/?post_type=product"},{"@type":"ListItem","position":3,"name":"Specialized S-Works Tarmac SL7 Velocidade da Luz 2022"}]},{"@type":"WebSite","@id":"https:\/\/gr-100.com\/#website","url":"https:\/\/gr-100.com\/","name":"Gr-100 Tienda de ciclismo Specialized","description":"GR-100 tenemos todas las gamas de bicicletas Specialized al mejor precio.","publisher":{"@id":"https:\/\/gr-100.com\/#organization"},"alternateName":"Gr-100 Bikes","potentialAction":[{"@type":"SearchAction","target":{"@type":"EntryPoint","urlTemplate":"https:\/\/gr-100.com\/?s={search_term_string}"},"query-input":{"@type":"PropertyValueSpecification","valueRequired":true,"valueName":"search_term_string"}}],"inLanguage":"pt-PT"},{"@type":"Organization","@id":"https:\/\/gr-100.com\/#organization","name":"Gr-100","url":"https:\/\/gr-100.com\/","logo":{"@type":"ImageObject","inLanguage":"pt-PT","@id":"https:\/\/gr-100.com\/#\/schema\/logo\/image\/","url":"https:\/\/gr-100.com\/wp-content\/uploads\/2023\/08\/logo-gr-100-bikes.png","contentUrl":"https:\/\/gr-100.com\/wp-content\/uploads\/2023\/08\/logo-gr-100-bikes.png","width":707,"height":284,"caption":"Gr-100"},"image":{"@id":"https:\/\/gr-100.com\/#\/schema\/logo\/image\/"},"sameAs":["https:\/\/www.facebook.com\/Gr100Bikes","https:\/\/www.instagram.com\/gr100bikes\/","https:\/\/www.tiktok.com\/@gr100bikes","https:\/\/twitter.com\/gr100mtbteam","https:\/\/www.youtube.com\/c\/GR100Specialized"]}]}},"_links":{"self":[{"href":"https:\/\/gr-100.com\/pt-pt\/wp-json\/wp\/v2\/product\/383997","targetHints":{"allow":["GET"]}}],"collection":[{"href":"https:\/\/gr-100.com\/pt-pt\/wp-json\/wp\/v2\/product"}],"about":[{"href":"https:\/\/gr-100.com\/pt-pt\/wp-json\/wp\/v2\/types\/product"}],"replies":[{"embeddable":true,"href":"https:\/\/gr-100.com\/pt-pt\/wp-json\/wp\/v2\/comments?post=383997"}],"wp:featuredmedia":[{"embeddable":true,"href":"https:\/\/gr-100.com\/pt-pt\/wp-json\/wp\/v2\/media\/286542"}],"wp:attachment":[{"href":"https:\/\/gr-100.com\/pt-pt\/wp-json\/wp\/v2\/media?parent=383997"}],"wp:term":[{"taxonomy":"product_brand","embeddable":true,"href":"https:\/\/gr-100.com\/pt-pt\/wp-json\/wp\/v2\/product_brand?post=383997"},{"taxonomy":"product_cat","embeddable":true,"href":"https:\/\/gr-100.com\/pt-pt\/wp-json\/wp\/v2\/product_cat?post=383997"},{"taxonomy":"product_tag","embeddable":true,"href":"https:\/\/gr-100.com\/pt-pt\/wp-json\/wp\/v2\/product_tag?post=383997"}],"curies":[{"name":"wp","href":"https:\/\/api.w.org\/{rel}","templated":true}]}}