{"id":384079,"date":"2024-07-01T10:01:15","date_gmt":"2024-07-01T10:01:15","guid":{"rendered":"https:\/\/gr-100.com\/producto\/sinapse-cannondale-carbono-3l-2022\/"},"modified":"2025-12-18T16:46:58","modified_gmt":"2025-12-18T14:46:58","slug":"sinapse-cannondale-carbono-3l-2022","status":"publish","type":"product","link":"https:\/\/gr-100.com\/pt-pt\/producto\/sinapse-cannondale-carbono-3l-2022\/","title":{"rendered":"Sinapse Cannondale Carbono 3L 2022"},"content":{"rendered":"<p><iframe src=\"https:\/\/www.youtube.com\/embed\/8UtJLQUv8UM\" width=\"560\" height=\"315\" frameborder=\"0\" allowfullscreen=\"allowfullscreen\"><\/iframe>  CARATER\u00cdSTICAS:  <\/p>\n<ul>\n<li>Suporte inferior: Shimano BSA<\/li>\n<li>Corrente: Shimano HG701, 11 velocidades<\/li>\n<li>Manivela: Shimano RS510, BSA, 50\/34<\/li>\n<li>Derailleur dianteiro: Shimano 105, braze-on<\/li>\n<li>Rodas dentadas: Shimano 105 11-34, 11 velocidades<\/li>\n<li>Derailleur traseiro: Shimano 105 GS<\/li>\n<li>Freios: Shimano 105 disco hidr\u00e1ulico, 11 velocidades<\/li>\n<li>Forquilha: Synapse Carbon, corrida de coroa integrada, tamanho de resposta proporcional design espec\u00edfico, eixo thru de 12x100mm, roteamento interno de tubo thru, suportes de para-lama ocultos<\/li>\n<li>Estrutura: Synapse Carbon, SmartSense habilitado, Resposta proporcional design espec\u00edfico do tamanho, BSA roscado BB, freio de montagem plana, 12x142mm thru-eixo, thru-tube roteamento de cabo interno com placa de interruptor, ponte de para-lama remov\u00edvel, rack oculto \/ para-lamas montagens<\/li>\n<li>Fone de ouvido: Sinapse Sealed Bearing, integrado, 1-1\/4&#8243;-1-1\/8&#8243;<\/li>\n<li>Capa frontal: Vittoria Zaffiro Pro Reflective, 700 x 30c<\/li>\n<li>Casquilhos (F) F\u00f3rmula CL-712, 12x100mm centerlock \/ (R) Formula RXC-400, 12x142mm centerlock<\/li>\n<li>Contracapa: Vittoria Zaffiro Pro Reflective, 700 x 30c<\/li>\n<li>Jantes: RD 2.1, 28h, 21mm IW<\/li>\n<li>Medida do pneu: 30 mm<\/li>\n<li>Pneus: Vittoria Zaffiro Pro Reflective, 700 x 30c<\/li>\n<li>Alavancas de freio: Shimano 105 hidr\u00e1ulico<\/li>\n<li>Freios: disco hidr\u00e1ulico Shimano 105, rotores RT70 160\/160mm<\/li>\n<li>Fita de guiador: Fita de tecido Knurl Bar<\/li>\n<li>Guiador: Cannondale 3, liga 6061, compacto<\/li>\n<li>Sela: Fizik Aliante Delta, trilhos de liga S<\/li>\n<li>Espig\u00e3o: Cannondale 3 SmartSense, liga 6061, 27,2 x 350mm (48-56), 400mm (58-61)<\/li>\n<li>Sensores de roda: Sensor de roda Cannondale<\/li>\n<\/ul>\n","protected":false},"excerpt":{"rendered":"<p>CANNONDALE SYNAPSE CARBON 3L 2022, Rolos com maior velocidade, conforto e seguran\u00e7a.<br \/>\nA nossa moto de estrada mais vers\u00e1til, confort\u00e1vel e pronta para qualquer coisa. <\/p>\n","protected":false},"featured_media":286488,"comment_status":"closed","ping_status":"closed","template":"","meta":{"_acf_changed":false,"_et_pb_use_builder":"","_et_pb_old_content":"","_et_gb_content_width":"","inline_featured_image":false},"product_brand":[],"product_cat":[20,378],"product_tag":[],"class_list":{"0":"post-384079","1":"product","2":"type-product","3":"status-publish","4":"has-post-thumbnail","6":"product_cat-bicicletas-de-carretera","7":"product_cat-estrada","9":"first","10":"outofstock","11":"taxable","12":"shipping-taxable","13":"product-type-variable","14":"wvs-archive-product-wrapper"},"acf":[],"yoast_head":"<!-- This site is optimized with the Yoast SEO Premium plugin v26.7 (Yoast SEO v26.7) - https:\/\/yoast.com\/wordpress\/plugins\/seo\/ -->\n<title>Sinapse Cannondale Carbono 3L 2022 GR-100<\/title>\n<meta name=\"description\" content=\"CANNONDALE SYNAPSE CARBON 3L 2022, Rolos com maior velocidade, conforto e seguran\u00e7a. A nossa moto de estrada mais vers\u00e1til, confort\u00e1vel e pronta para qualquer coisa.\" \/>\n<meta name=\"robots\" content=\"index, follow, max-snippet:-1, max-image-preview:large, max-video-preview:-1\" \/>\n<link rel=\"canonical\" href=\"https:\/\/gr-100.com\/pt-pt\/producto\/sinapse-cannondale-carbono-3l-2022\/\" \/>\n<meta property=\"og:locale\" content=\"pt_PT\" \/>\n<meta property=\"og:type\" content=\"article\" \/>\n<meta property=\"og:title\" content=\"Sinapse Cannondale Carbono 3L 2022\" \/>\n<meta property=\"og:description\" content=\"CANNONDALE SYNAPSE CARBON 3L 2022, Rolos com maior velocidade, conforto e seguran\u00e7a. A nossa moto de estrada mais vers\u00e1til, confort\u00e1vel e pronta para qualquer coisa.\" \/>\n<meta property=\"og:url\" content=\"https:\/\/gr-100.com\/pt-pt\/producto\/sinapse-cannondale-carbono-3l-2022\/\" \/>\n<meta property=\"og:site_name\" content=\"Gr-100 Tienda de ciclismo Specialized\" \/>\n<meta property=\"article:publisher\" content=\"https:\/\/www.facebook.com\/Gr100Bikes\" \/>\n<meta property=\"article:modified_time\" content=\"2025-12-18T14:46:58+00:00\" \/>\n<meta property=\"og:image\" content=\"https:\/\/gr-100.com\/wp-content\/uploads\/2024\/05\/QRUEDAdescarga-3.jpg\" \/>\n\t<meta property=\"og:image:width\" content=\"1000\" \/>\n\t<meta property=\"og:image:height\" content=\"1000\" \/>\n\t<meta property=\"og:image:type\" content=\"image\/jpeg\" \/>\n<meta name=\"twitter:card\" content=\"summary_large_image\" \/>\n<meta name=\"twitter:label1\" content=\"Tempo estimado de leitura\" \/>\n\t<meta name=\"twitter:data1\" content=\"1 minuto\" \/>\n<script type=\"application\/ld+json\" class=\"yoast-schema-graph\">{\"@context\":\"https:\/\/schema.org\",\"@graph\":[{\"@type\":\"WebPage\",\"@id\":\"https:\/\/gr-100.com\/pt-pt\/producto\/sinapse-cannondale-carbono-3l-2022\/\",\"url\":\"https:\/\/gr-100.com\/pt-pt\/producto\/sinapse-cannondale-carbono-3l-2022\/\",\"name\":\"Sinapse Cannondale Carbono 3L 2022 GR-100\",\"isPartOf\":{\"@id\":\"https:\/\/gr-100.com\/#website\"},\"primaryImageOfPage\":{\"@id\":\"https:\/\/gr-100.com\/pt-pt\/producto\/sinapse-cannondale-carbono-3l-2022\/#primaryimage\"},\"image\":{\"@id\":\"https:\/\/gr-100.com\/pt-pt\/producto\/sinapse-cannondale-carbono-3l-2022\/#primaryimage\"},\"thumbnailUrl\":\"https:\/\/gr-100.com\/wp-content\/uploads\/2024\/05\/QRUEDAdescarga-3.jpg\",\"datePublished\":\"2024-07-01T10:01:15+00:00\",\"dateModified\":\"2025-12-18T14:46:58+00:00\",\"description\":\"CANNONDALE SYNAPSE CARBON 3L 2022, Rolos com maior velocidade, conforto e seguran\u00e7a. A nossa moto de estrada mais vers\u00e1til, confort\u00e1vel e pronta para qualquer coisa.\",\"breadcrumb\":{\"@id\":\"https:\/\/gr-100.com\/pt-pt\/producto\/sinapse-cannondale-carbono-3l-2022\/#breadcrumb\"},\"inLanguage\":\"pt-PT\",\"potentialAction\":[{\"@type\":\"ReadAction\",\"target\":[\"https:\/\/gr-100.com\/pt-pt\/producto\/sinapse-cannondale-carbono-3l-2022\/\"]}]},{\"@type\":\"ImageObject\",\"inLanguage\":\"pt-PT\",\"@id\":\"https:\/\/gr-100.com\/pt-pt\/producto\/sinapse-cannondale-carbono-3l-2022\/#primaryimage\",\"url\":\"https:\/\/gr-100.com\/wp-content\/uploads\/2024\/05\/QRUEDAdescarga-3.jpg\",\"contentUrl\":\"https:\/\/gr-100.com\/wp-content\/uploads\/2024\/05\/QRUEDAdescarga-3.jpg\",\"width\":1000,\"height\":1000},{\"@type\":\"BreadcrumbList\",\"@id\":\"https:\/\/gr-100.com\/pt-pt\/producto\/sinapse-cannondale-carbono-3l-2022\/#breadcrumb\",\"itemListElement\":[{\"@type\":\"ListItem\",\"position\":1,\"name\":\"Portada\",\"item\":\"https:\/\/gr-100.com\/en\/\"},{\"@type\":\"ListItem\",\"position\":2,\"name\":\"Productos\",\"item\":\"https:\/\/gr-100.com\/?post_type=product\"},{\"@type\":\"ListItem\",\"position\":3,\"name\":\"Sinapse Cannondale Carbono 3L 2022\"}]},{\"@type\":\"WebSite\",\"@id\":\"https:\/\/gr-100.com\/#website\",\"url\":\"https:\/\/gr-100.com\/\",\"name\":\"Gr-100 Tienda de ciclismo Specialized\",\"description\":\"GR-100 tenemos todas las gamas de bicicletas Specialized al mejor precio.\",\"publisher\":{\"@id\":\"https:\/\/gr-100.com\/#organization\"},\"alternateName\":\"Gr-100 Bikes\",\"potentialAction\":[{\"@type\":\"SearchAction\",\"target\":{\"@type\":\"EntryPoint\",\"urlTemplate\":\"https:\/\/gr-100.com\/?s={search_term_string}\"},\"query-input\":{\"@type\":\"PropertyValueSpecification\",\"valueRequired\":true,\"valueName\":\"search_term_string\"}}],\"inLanguage\":\"pt-PT\"},{\"@type\":\"Organization\",\"@id\":\"https:\/\/gr-100.com\/#organization\",\"name\":\"Gr-100\",\"url\":\"https:\/\/gr-100.com\/\",\"logo\":{\"@type\":\"ImageObject\",\"inLanguage\":\"pt-PT\",\"@id\":\"https:\/\/gr-100.com\/#\/schema\/logo\/image\/\",\"url\":\"https:\/\/gr-100.com\/wp-content\/uploads\/2023\/08\/logo-gr-100-bikes.png\",\"contentUrl\":\"https:\/\/gr-100.com\/wp-content\/uploads\/2023\/08\/logo-gr-100-bikes.png\",\"width\":707,\"height\":284,\"caption\":\"Gr-100\"},\"image\":{\"@id\":\"https:\/\/gr-100.com\/#\/schema\/logo\/image\/\"},\"sameAs\":[\"https:\/\/www.facebook.com\/Gr100Bikes\",\"https:\/\/www.instagram.com\/gr100bikes\/\",\"https:\/\/www.tiktok.com\/@gr100bikes\",\"https:\/\/twitter.com\/gr100mtbteam\",\"https:\/\/www.youtube.com\/c\/GR100Specialized\"]}]}<\/script>\n<!-- \/ Yoast SEO Premium plugin. -->","yoast_head_json":{"title":"Sinapse Cannondale Carbono 3L 2022 GR-100","description":"CANNONDALE SYNAPSE CARBON 3L 2022, Rolos com maior velocidade, conforto e seguran\u00e7a. A nossa moto de estrada mais vers\u00e1til, confort\u00e1vel e pronta para qualquer coisa.","robots":{"index":"index","follow":"follow","max-snippet":"max-snippet:-1","max-image-preview":"max-image-preview:large","max-video-preview":"max-video-preview:-1"},"canonical":"https:\/\/gr-100.com\/pt-pt\/producto\/sinapse-cannondale-carbono-3l-2022\/","og_locale":"pt_PT","og_type":"article","og_title":"Sinapse Cannondale Carbono 3L 2022","og_description":"CANNONDALE SYNAPSE CARBON 3L 2022, Rolos com maior velocidade, conforto e seguran\u00e7a. A nossa moto de estrada mais vers\u00e1til, confort\u00e1vel e pronta para qualquer coisa.","og_url":"https:\/\/gr-100.com\/pt-pt\/producto\/sinapse-cannondale-carbono-3l-2022\/","og_site_name":"Gr-100 Tienda de ciclismo Specialized","article_publisher":"https:\/\/www.facebook.com\/Gr100Bikes","article_modified_time":"2025-12-18T14:46:58+00:00","og_image":[{"width":1000,"height":1000,"url":"https:\/\/gr-100.com\/wp-content\/uploads\/2024\/05\/QRUEDAdescarga-3.jpg","type":"image\/jpeg"}],"twitter_card":"summary_large_image","twitter_misc":{"Tempo estimado de leitura":"1 minuto"},"schema":{"@context":"https:\/\/schema.org","@graph":[{"@type":"WebPage","@id":"https:\/\/gr-100.com\/pt-pt\/producto\/sinapse-cannondale-carbono-3l-2022\/","url":"https:\/\/gr-100.com\/pt-pt\/producto\/sinapse-cannondale-carbono-3l-2022\/","name":"Sinapse Cannondale Carbono 3L 2022 GR-100","isPartOf":{"@id":"https:\/\/gr-100.com\/#website"},"primaryImageOfPage":{"@id":"https:\/\/gr-100.com\/pt-pt\/producto\/sinapse-cannondale-carbono-3l-2022\/#primaryimage"},"image":{"@id":"https:\/\/gr-100.com\/pt-pt\/producto\/sinapse-cannondale-carbono-3l-2022\/#primaryimage"},"thumbnailUrl":"https:\/\/gr-100.com\/wp-content\/uploads\/2024\/05\/QRUEDAdescarga-3.jpg","datePublished":"2024-07-01T10:01:15+00:00","dateModified":"2025-12-18T14:46:58+00:00","description":"CANNONDALE SYNAPSE CARBON 3L 2022, Rolos com maior velocidade, conforto e seguran\u00e7a. A nossa moto de estrada mais vers\u00e1til, confort\u00e1vel e pronta para qualquer coisa.","breadcrumb":{"@id":"https:\/\/gr-100.com\/pt-pt\/producto\/sinapse-cannondale-carbono-3l-2022\/#breadcrumb"},"inLanguage":"pt-PT","potentialAction":[{"@type":"ReadAction","target":["https:\/\/gr-100.com\/pt-pt\/producto\/sinapse-cannondale-carbono-3l-2022\/"]}]},{"@type":"ImageObject","inLanguage":"pt-PT","@id":"https:\/\/gr-100.com\/pt-pt\/producto\/sinapse-cannondale-carbono-3l-2022\/#primaryimage","url":"https:\/\/gr-100.com\/wp-content\/uploads\/2024\/05\/QRUEDAdescarga-3.jpg","contentUrl":"https:\/\/gr-100.com\/wp-content\/uploads\/2024\/05\/QRUEDAdescarga-3.jpg","width":1000,"height":1000},{"@type":"BreadcrumbList","@id":"https:\/\/gr-100.com\/pt-pt\/producto\/sinapse-cannondale-carbono-3l-2022\/#breadcrumb","itemListElement":[{"@type":"ListItem","position":1,"name":"Portada","item":"https:\/\/gr-100.com\/en\/"},{"@type":"ListItem","position":2,"name":"Productos","item":"https:\/\/gr-100.com\/?post_type=product"},{"@type":"ListItem","position":3,"name":"Sinapse Cannondale Carbono 3L 2022"}]},{"@type":"WebSite","@id":"https:\/\/gr-100.com\/#website","url":"https:\/\/gr-100.com\/","name":"Gr-100 Tienda de ciclismo Specialized","description":"GR-100 tenemos todas las gamas de bicicletas Specialized al mejor precio.","publisher":{"@id":"https:\/\/gr-100.com\/#organization"},"alternateName":"Gr-100 Bikes","potentialAction":[{"@type":"SearchAction","target":{"@type":"EntryPoint","urlTemplate":"https:\/\/gr-100.com\/?s={search_term_string}"},"query-input":{"@type":"PropertyValueSpecification","valueRequired":true,"valueName":"search_term_string"}}],"inLanguage":"pt-PT"},{"@type":"Organization","@id":"https:\/\/gr-100.com\/#organization","name":"Gr-100","url":"https:\/\/gr-100.com\/","logo":{"@type":"ImageObject","inLanguage":"pt-PT","@id":"https:\/\/gr-100.com\/#\/schema\/logo\/image\/","url":"https:\/\/gr-100.com\/wp-content\/uploads\/2023\/08\/logo-gr-100-bikes.png","contentUrl":"https:\/\/gr-100.com\/wp-content\/uploads\/2023\/08\/logo-gr-100-bikes.png","width":707,"height":284,"caption":"Gr-100"},"image":{"@id":"https:\/\/gr-100.com\/#\/schema\/logo\/image\/"},"sameAs":["https:\/\/www.facebook.com\/Gr100Bikes","https:\/\/www.instagram.com\/gr100bikes\/","https:\/\/www.tiktok.com\/@gr100bikes","https:\/\/twitter.com\/gr100mtbteam","https:\/\/www.youtube.com\/c\/GR100Specialized"]}]}},"_links":{"self":[{"href":"https:\/\/gr-100.com\/pt-pt\/wp-json\/wp\/v2\/product\/384079","targetHints":{"allow":["GET"]}}],"collection":[{"href":"https:\/\/gr-100.com\/pt-pt\/wp-json\/wp\/v2\/product"}],"about":[{"href":"https:\/\/gr-100.com\/pt-pt\/wp-json\/wp\/v2\/types\/product"}],"replies":[{"embeddable":true,"href":"https:\/\/gr-100.com\/pt-pt\/wp-json\/wp\/v2\/comments?post=384079"}],"wp:featuredmedia":[{"embeddable":true,"href":"https:\/\/gr-100.com\/pt-pt\/wp-json\/wp\/v2\/media\/286488"}],"wp:attachment":[{"href":"https:\/\/gr-100.com\/pt-pt\/wp-json\/wp\/v2\/media?parent=384079"}],"wp:term":[{"taxonomy":"product_brand","embeddable":true,"href":"https:\/\/gr-100.com\/pt-pt\/wp-json\/wp\/v2\/product_brand?post=384079"},{"taxonomy":"product_cat","embeddable":true,"href":"https:\/\/gr-100.com\/pt-pt\/wp-json\/wp\/v2\/product_cat?post=384079"},{"taxonomy":"product_tag","embeddable":true,"href":"https:\/\/gr-100.com\/pt-pt\/wp-json\/wp\/v2\/product_tag?post=384079"}],"curies":[{"name":"wp","href":"https:\/\/api.w.org\/{rel}","templated":true}]}}