{"id":384124,"date":"2024-07-01T09:47:47","date_gmt":"2024-07-01T09:47:47","guid":{"rendered":"https:\/\/gr-100.com\/producto\/tarmac-sl7-pro-especializado-sram-force-etap-axs-2022\/"},"modified":"2025-11-26T16:26:25","modified_gmt":"2025-11-26T14:26:25","slug":"tarmac-sl7-pro-especializado-sram-force-etap-axs-2022","status":"publish","type":"product","link":"https:\/\/gr-100.com\/pt-pt\/producto\/tarmac-sl7-pro-especializado-sram-force-etap-axs-2022\/","title":{"rendered":"Specialized Tarmac SL7 Pro &#8211; For\u00e7a SRam ETAP AXS 2022"},"content":{"rendered":"<p>. CARATER\u00cdSTICAS:<\/p>\n<ul>\n<li>Engenharia, Roteamento limpo, BB roscado, eixo thru de 12x142mm, disco de montagem plana<\/li>\n<li>Forquilha: FACT Carbon, 12x100mm thru-axle, disco de montagem plana<\/li>\n<li>Guiador: Roval Rapide, carbono<\/li>\n<li>Haste: Haste integrada na pista, 6 graus<\/li>\n<li>Fita de guiador: Supacaz Super Sticky Kush<\/li>\n<li>Selim: Body Geometry Power Pro, trilhos ocos de tit\u00e2nio<\/li>\n<li>Poste de assento: 2021 S-Works Tarmac Carbon poste de assento, FACT Carbon, 20mm offset<\/li>\n<li>Pastilha de freio: SRAM Force eTAP AXS, disco hidr\u00e1ulico<\/li>\n<li>Freio de tr\u00eas rodas: SRAM Force eTAP AXS, disco hidr\u00e1ulico<\/li>\n<li>Alavancas: SRAM Force eTap AXS<\/li>\n<li>Descarrilador dianteiro: SRAM Force eTAP AXS, braze-on<\/li>\n<li>Derailleur dianteiro de tr\u00eas velocidades: SRAM Force eTAP AXS, 12 velocidades<\/li>\n<li>: SRAM Force, 12 velocidades, 10-33t<\/li>\n<li>Virabrequim: SRAM Force AXS Power Meter<\/li>\n<li>An\u00e9is: 48\/35T<\/li>\n<li>Suporte inferior: SRAM DUB BSA 68<\/li>\n<li>Corrente: SRAM Force 12 velocidades<\/li>\n<li>Roda dianteira: Roval Rapide CL, jante em carbono de 21 mm de largura interna, Win Tunnel Engineered, DT para cubo Roval 350, raios DT Swiss Revolution<\/li>\n<li>Roda traseira: Roval Rapide CL, jante em carbono de 21 mm de largura interna, Win Tunnel Engineered, DT para cubo Roval 350, raios DT Swiss Revolution<\/li>\n<li>Pneu dianteiro: S-Works Turbo, 120 TPI, tal\u00e3o dobr\u00e1vel, prote\u00e7\u00e3o BlackBelt, 700x26mm<\/li>\n<li>Tampa traseira: S-Works Turbo, 120 TPI, tal\u00e3o dobr\u00e1vel, prote\u00e7\u00e3o BlackBelt, 700x26mm<\/li>\n<li>C\u00e2maras: Turbo Ultralight, v\u00e1lvula Presta de 60mm<\/li>\n<\/ul>\n","protected":false},"excerpt":{"rendered":"<p>TARMAC SL7 PRO &#8211; SRAM FORCE ETAP AXS 2022, a combina\u00e7\u00e3o perfeita de aerodin\u00e2mica, leveza e conforto.<br \/>\nMelhorando as formas dos tubos usando a nossa FreeFoil Shape Library e evoluindo o nosso conceito Rider-First Engineer\u2122, a nova Tarmac \u00e9 o culminar da nossa insistente busca pela velocidade. <\/p>\n","protected":false},"featured_media":285631,"comment_status":"closed","ping_status":"closed","template":"","meta":{"_acf_changed":false,"_et_pb_use_builder":"","_et_pb_old_content":"","_et_gb_content_width":"","inline_featured_image":false},"product_brand":[],"product_cat":[20,378],"product_tag":[],"class_list":{"0":"post-384124","1":"product","2":"type-product","3":"status-publish","4":"has-post-thumbnail","6":"product_cat-bicicletas-de-carretera","7":"product_cat-estrada","9":"first","10":"outofstock","11":"taxable","12":"shipping-taxable","13":"product-type-variable","14":"wvs-archive-product-wrapper"},"acf":[],"yoast_head":"<!-- This site is optimized with the Yoast SEO Premium plugin v26.7 (Yoast SEO v26.7) - https:\/\/yoast.com\/wordpress\/plugins\/seo\/ -->\n<title>Specialized Tarmac SL7 Pro - For\u00e7a SRam ETAP AXS 2022 GR-100<\/title>\n<meta name=\"description\" content=\"SPECIALIZED TARMAC SL7 PRO - SRAM FORCE ETAP AXS 2022, a combina\u00e7\u00e3o perfeita de aerodin\u00e2mica, leveza e conforto.\" \/>\n<meta name=\"robots\" content=\"index, follow, max-snippet:-1, max-image-preview:large, max-video-preview:-1\" \/>\n<link rel=\"canonical\" href=\"https:\/\/gr-100.com\/pt-pt\/producto\/tarmac-sl7-pro-especializado-sram-force-etap-axs-2022\/\" \/>\n<meta property=\"og:locale\" content=\"pt_PT\" \/>\n<meta property=\"og:type\" content=\"article\" \/>\n<meta property=\"og:title\" content=\"Specialized Tarmac SL7 Pro - For\u00e7a SRam ETAP AXS 2022\" \/>\n<meta property=\"og:description\" content=\"SPECIALIZED TARMAC SL7 PRO - SRAM FORCE ETAP AXS 2022, a combina\u00e7\u00e3o perfeita de aerodin\u00e2mica, leveza e conforto.\" \/>\n<meta property=\"og:url\" content=\"https:\/\/gr-100.com\/pt-pt\/producto\/tarmac-sl7-pro-especializado-sram-force-etap-axs-2022\/\" \/>\n<meta property=\"og:site_name\" content=\"Gr-100 Tienda de ciclismo Specialized\" \/>\n<meta property=\"article:publisher\" content=\"https:\/\/www.facebook.com\/Gr100Bikes\" \/>\n<meta property=\"article:modified_time\" content=\"2025-11-26T14:26:25+00:00\" \/>\n<meta property=\"og:image\" content=\"https:\/\/gr-100.com\/wp-content\/uploads\/2024\/05\/Screenshot-of-90622-10_TARM.jpg\" \/>\n\t<meta property=\"og:image:width\" content=\"1000\" \/>\n\t<meta property=\"og:image:height\" content=\"1000\" \/>\n\t<meta property=\"og:image:type\" content=\"image\/jpeg\" \/>\n<meta name=\"twitter:card\" content=\"summary_large_image\" \/>\n<meta name=\"twitter:label1\" content=\"Tempo estimado de leitura\" \/>\n\t<meta name=\"twitter:data1\" content=\"1 minuto\" \/>\n<script type=\"application\/ld+json\" class=\"yoast-schema-graph\">{\"@context\":\"https:\/\/schema.org\",\"@graph\":[{\"@type\":\"WebPage\",\"@id\":\"https:\/\/gr-100.com\/pt-pt\/producto\/tarmac-sl7-pro-especializado-sram-force-etap-axs-2022\/\",\"url\":\"https:\/\/gr-100.com\/pt-pt\/producto\/tarmac-sl7-pro-especializado-sram-force-etap-axs-2022\/\",\"name\":\"Specialized Tarmac SL7 Pro - For\u00e7a SRam ETAP AXS 2022 GR-100\",\"isPartOf\":{\"@id\":\"https:\/\/gr-100.com\/#website\"},\"primaryImageOfPage\":{\"@id\":\"https:\/\/gr-100.com\/pt-pt\/producto\/tarmac-sl7-pro-especializado-sram-force-etap-axs-2022\/#primaryimage\"},\"image\":{\"@id\":\"https:\/\/gr-100.com\/pt-pt\/producto\/tarmac-sl7-pro-especializado-sram-force-etap-axs-2022\/#primaryimage\"},\"thumbnailUrl\":\"https:\/\/gr-100.com\/wp-content\/uploads\/2024\/05\/Screenshot-of-90622-10_TARM.jpg\",\"datePublished\":\"2024-07-01T09:47:47+00:00\",\"dateModified\":\"2025-11-26T14:26:25+00:00\",\"description\":\"SPECIALIZED TARMAC SL7 PRO - SRAM FORCE ETAP AXS 2022, a combina\u00e7\u00e3o perfeita de aerodin\u00e2mica, leveza e conforto.\",\"breadcrumb\":{\"@id\":\"https:\/\/gr-100.com\/pt-pt\/producto\/tarmac-sl7-pro-especializado-sram-force-etap-axs-2022\/#breadcrumb\"},\"inLanguage\":\"pt-PT\",\"potentialAction\":[{\"@type\":\"ReadAction\",\"target\":[\"https:\/\/gr-100.com\/pt-pt\/producto\/tarmac-sl7-pro-especializado-sram-force-etap-axs-2022\/\"]}]},{\"@type\":\"ImageObject\",\"inLanguage\":\"pt-PT\",\"@id\":\"https:\/\/gr-100.com\/pt-pt\/producto\/tarmac-sl7-pro-especializado-sram-force-etap-axs-2022\/#primaryimage\",\"url\":\"https:\/\/gr-100.com\/wp-content\/uploads\/2024\/05\/Screenshot-of-90622-10_TARM.jpg\",\"contentUrl\":\"https:\/\/gr-100.com\/wp-content\/uploads\/2024\/05\/Screenshot-of-90622-10_TARM.jpg\",\"width\":1000,\"height\":1000},{\"@type\":\"BreadcrumbList\",\"@id\":\"https:\/\/gr-100.com\/pt-pt\/producto\/tarmac-sl7-pro-especializado-sram-force-etap-axs-2022\/#breadcrumb\",\"itemListElement\":[{\"@type\":\"ListItem\",\"position\":1,\"name\":\"Portada\",\"item\":\"https:\/\/gr-100.com\/en\/\"},{\"@type\":\"ListItem\",\"position\":2,\"name\":\"Productos\",\"item\":\"https:\/\/gr-100.com\/?post_type=product\"},{\"@type\":\"ListItem\",\"position\":3,\"name\":\"Specialized Tarmac SL7 Pro &#8211; For\u00e7a SRam ETAP AXS 2022\"}]},{\"@type\":\"WebSite\",\"@id\":\"https:\/\/gr-100.com\/#website\",\"url\":\"https:\/\/gr-100.com\/\",\"name\":\"Gr-100 Tienda de ciclismo Specialized\",\"description\":\"GR-100 tenemos todas las gamas de bicicletas Specialized al mejor precio.\",\"publisher\":{\"@id\":\"https:\/\/gr-100.com\/#organization\"},\"alternateName\":\"Gr-100 Bikes\",\"potentialAction\":[{\"@type\":\"SearchAction\",\"target\":{\"@type\":\"EntryPoint\",\"urlTemplate\":\"https:\/\/gr-100.com\/?s={search_term_string}\"},\"query-input\":{\"@type\":\"PropertyValueSpecification\",\"valueRequired\":true,\"valueName\":\"search_term_string\"}}],\"inLanguage\":\"pt-PT\"},{\"@type\":\"Organization\",\"@id\":\"https:\/\/gr-100.com\/#organization\",\"name\":\"Gr-100\",\"url\":\"https:\/\/gr-100.com\/\",\"logo\":{\"@type\":\"ImageObject\",\"inLanguage\":\"pt-PT\",\"@id\":\"https:\/\/gr-100.com\/#\/schema\/logo\/image\/\",\"url\":\"https:\/\/gr-100.com\/wp-content\/uploads\/2023\/08\/logo-gr-100-bikes.png\",\"contentUrl\":\"https:\/\/gr-100.com\/wp-content\/uploads\/2023\/08\/logo-gr-100-bikes.png\",\"width\":707,\"height\":284,\"caption\":\"Gr-100\"},\"image\":{\"@id\":\"https:\/\/gr-100.com\/#\/schema\/logo\/image\/\"},\"sameAs\":[\"https:\/\/www.facebook.com\/Gr100Bikes\",\"https:\/\/www.instagram.com\/gr100bikes\/\",\"https:\/\/www.tiktok.com\/@gr100bikes\",\"https:\/\/twitter.com\/gr100mtbteam\",\"https:\/\/www.youtube.com\/c\/GR100Specialized\"]}]}<\/script>\n<!-- \/ Yoast SEO Premium plugin. -->","yoast_head_json":{"title":"Specialized Tarmac SL7 Pro - For\u00e7a SRam ETAP AXS 2022 GR-100","description":"SPECIALIZED TARMAC SL7 PRO - SRAM FORCE ETAP AXS 2022, a combina\u00e7\u00e3o perfeita de aerodin\u00e2mica, leveza e conforto.","robots":{"index":"index","follow":"follow","max-snippet":"max-snippet:-1","max-image-preview":"max-image-preview:large","max-video-preview":"max-video-preview:-1"},"canonical":"https:\/\/gr-100.com\/pt-pt\/producto\/tarmac-sl7-pro-especializado-sram-force-etap-axs-2022\/","og_locale":"pt_PT","og_type":"article","og_title":"Specialized Tarmac SL7 Pro - For\u00e7a SRam ETAP AXS 2022","og_description":"SPECIALIZED TARMAC SL7 PRO - SRAM FORCE ETAP AXS 2022, a combina\u00e7\u00e3o perfeita de aerodin\u00e2mica, leveza e conforto.","og_url":"https:\/\/gr-100.com\/pt-pt\/producto\/tarmac-sl7-pro-especializado-sram-force-etap-axs-2022\/","og_site_name":"Gr-100 Tienda de ciclismo Specialized","article_publisher":"https:\/\/www.facebook.com\/Gr100Bikes","article_modified_time":"2025-11-26T14:26:25+00:00","og_image":[{"width":1000,"height":1000,"url":"https:\/\/gr-100.com\/wp-content\/uploads\/2024\/05\/Screenshot-of-90622-10_TARM.jpg","type":"image\/jpeg"}],"twitter_card":"summary_large_image","twitter_misc":{"Tempo estimado de leitura":"1 minuto"},"schema":{"@context":"https:\/\/schema.org","@graph":[{"@type":"WebPage","@id":"https:\/\/gr-100.com\/pt-pt\/producto\/tarmac-sl7-pro-especializado-sram-force-etap-axs-2022\/","url":"https:\/\/gr-100.com\/pt-pt\/producto\/tarmac-sl7-pro-especializado-sram-force-etap-axs-2022\/","name":"Specialized Tarmac SL7 Pro - For\u00e7a SRam ETAP AXS 2022 GR-100","isPartOf":{"@id":"https:\/\/gr-100.com\/#website"},"primaryImageOfPage":{"@id":"https:\/\/gr-100.com\/pt-pt\/producto\/tarmac-sl7-pro-especializado-sram-force-etap-axs-2022\/#primaryimage"},"image":{"@id":"https:\/\/gr-100.com\/pt-pt\/producto\/tarmac-sl7-pro-especializado-sram-force-etap-axs-2022\/#primaryimage"},"thumbnailUrl":"https:\/\/gr-100.com\/wp-content\/uploads\/2024\/05\/Screenshot-of-90622-10_TARM.jpg","datePublished":"2024-07-01T09:47:47+00:00","dateModified":"2025-11-26T14:26:25+00:00","description":"SPECIALIZED TARMAC SL7 PRO - SRAM FORCE ETAP AXS 2022, a combina\u00e7\u00e3o perfeita de aerodin\u00e2mica, leveza e conforto.","breadcrumb":{"@id":"https:\/\/gr-100.com\/pt-pt\/producto\/tarmac-sl7-pro-especializado-sram-force-etap-axs-2022\/#breadcrumb"},"inLanguage":"pt-PT","potentialAction":[{"@type":"ReadAction","target":["https:\/\/gr-100.com\/pt-pt\/producto\/tarmac-sl7-pro-especializado-sram-force-etap-axs-2022\/"]}]},{"@type":"ImageObject","inLanguage":"pt-PT","@id":"https:\/\/gr-100.com\/pt-pt\/producto\/tarmac-sl7-pro-especializado-sram-force-etap-axs-2022\/#primaryimage","url":"https:\/\/gr-100.com\/wp-content\/uploads\/2024\/05\/Screenshot-of-90622-10_TARM.jpg","contentUrl":"https:\/\/gr-100.com\/wp-content\/uploads\/2024\/05\/Screenshot-of-90622-10_TARM.jpg","width":1000,"height":1000},{"@type":"BreadcrumbList","@id":"https:\/\/gr-100.com\/pt-pt\/producto\/tarmac-sl7-pro-especializado-sram-force-etap-axs-2022\/#breadcrumb","itemListElement":[{"@type":"ListItem","position":1,"name":"Portada","item":"https:\/\/gr-100.com\/en\/"},{"@type":"ListItem","position":2,"name":"Productos","item":"https:\/\/gr-100.com\/?post_type=product"},{"@type":"ListItem","position":3,"name":"Specialized Tarmac SL7 Pro &#8211; For\u00e7a SRam ETAP AXS 2022"}]},{"@type":"WebSite","@id":"https:\/\/gr-100.com\/#website","url":"https:\/\/gr-100.com\/","name":"Gr-100 Tienda de ciclismo Specialized","description":"GR-100 tenemos todas las gamas de bicicletas Specialized al mejor precio.","publisher":{"@id":"https:\/\/gr-100.com\/#organization"},"alternateName":"Gr-100 Bikes","potentialAction":[{"@type":"SearchAction","target":{"@type":"EntryPoint","urlTemplate":"https:\/\/gr-100.com\/?s={search_term_string}"},"query-input":{"@type":"PropertyValueSpecification","valueRequired":true,"valueName":"search_term_string"}}],"inLanguage":"pt-PT"},{"@type":"Organization","@id":"https:\/\/gr-100.com\/#organization","name":"Gr-100","url":"https:\/\/gr-100.com\/","logo":{"@type":"ImageObject","inLanguage":"pt-PT","@id":"https:\/\/gr-100.com\/#\/schema\/logo\/image\/","url":"https:\/\/gr-100.com\/wp-content\/uploads\/2023\/08\/logo-gr-100-bikes.png","contentUrl":"https:\/\/gr-100.com\/wp-content\/uploads\/2023\/08\/logo-gr-100-bikes.png","width":707,"height":284,"caption":"Gr-100"},"image":{"@id":"https:\/\/gr-100.com\/#\/schema\/logo\/image\/"},"sameAs":["https:\/\/www.facebook.com\/Gr100Bikes","https:\/\/www.instagram.com\/gr100bikes\/","https:\/\/www.tiktok.com\/@gr100bikes","https:\/\/twitter.com\/gr100mtbteam","https:\/\/www.youtube.com\/c\/GR100Specialized"]}]}},"_links":{"self":[{"href":"https:\/\/gr-100.com\/pt-pt\/wp-json\/wp\/v2\/product\/384124","targetHints":{"allow":["GET"]}}],"collection":[{"href":"https:\/\/gr-100.com\/pt-pt\/wp-json\/wp\/v2\/product"}],"about":[{"href":"https:\/\/gr-100.com\/pt-pt\/wp-json\/wp\/v2\/types\/product"}],"replies":[{"embeddable":true,"href":"https:\/\/gr-100.com\/pt-pt\/wp-json\/wp\/v2\/comments?post=384124"}],"wp:featuredmedia":[{"embeddable":true,"href":"https:\/\/gr-100.com\/pt-pt\/wp-json\/wp\/v2\/media\/285631"}],"wp:attachment":[{"href":"https:\/\/gr-100.com\/pt-pt\/wp-json\/wp\/v2\/media?parent=384124"}],"wp:term":[{"taxonomy":"product_brand","embeddable":true,"href":"https:\/\/gr-100.com\/pt-pt\/wp-json\/wp\/v2\/product_brand?post=384124"},{"taxonomy":"product_cat","embeddable":true,"href":"https:\/\/gr-100.com\/pt-pt\/wp-json\/wp\/v2\/product_cat?post=384124"},{"taxonomy":"product_tag","embeddable":true,"href":"https:\/\/gr-100.com\/pt-pt\/wp-json\/wp\/v2\/product_tag?post=384124"}],"curies":[{"name":"wp","href":"https:\/\/api.w.org\/{rel}","templated":true}]}}