{"id":384196,"date":"2024-07-01T09:21:41","date_gmt":"2024-07-01T09:21:41","guid":{"rendered":"https:\/\/gr-100.com\/producto\/sirrus-especializado-1-0-2022\/"},"modified":"2025-12-18T16:40:36","modified_gmt":"2025-12-18T14:40:36","slug":"sirrus-especializado-1-0-2022","status":"publish","type":"product","link":"https:\/\/gr-100.com\/pt-pt\/producto\/sirrus-especializado-1-0-2022\/","title":{"rendered":"Specialized Sirrus 1.0 2022"},"content":{"rendered":"<p><iframe src=\"https:\/\/www.youtube.com\/embed\/poHyKrBwulQ\" width=\"560\" height=\"315\" frameborder=\"0\" allowfullscreen=\"allowfullscreen\"><\/iframe><\/p>\n<p>CARATER\u00cdSTICAS:<\/p>\n<ul>\n<li>Estrutura: Alum\u00ednio Premium A1 Specialized , Geometria Fitness, Tubo Butted, Roteamento de Cabo Interno, V-Brake, Quick-Release, Suportes de rack\/para-lamas Plug + Play<\/li>\n<li>Forquilha: a\u00e7o Hi-Ten, V-Brake, suportes de para-lamas Plug + Play, suportes de rack de baixo piloto, libera\u00e7\u00e3o r\u00e1pida<\/li>\n<li>Specialized, integrado, liga forjada em 3D, 4 parafusos, eleva\u00e7\u00e3o de 12 graus, grampo de 31,8 mm<\/li>\n<li>Fita de guiador: Specialized XCT, lock-on<\/li>\n<li>Guiador: Liga de ponta dupla, varredura traseira de 5 graus, 25,4 mm<\/li>\n<li>Selim: Bridge Sport, Trilhos de a\u00e7o, 155\/143mm<\/li>\n<li>Freio dianteiro: V-brake, tra\u00e7\u00e3o linear<\/li>\n<li>Freio traseiro: V-brake, tra\u00e7\u00e3o linear<\/li>\n<li>Derailleur traseiro: microSHIFT RD-M26S, 7 velocidades<\/li>\n<li>Shifters: microSHIFT TS39 Trigger shift, 7 velocidades<\/li>\n<li>: SunRace, 7 velocidades, 11-34t<\/li>\n<li>Descarrilador frontal: MicroSHIFT FD-T202, Bra\u00e7adeira de banda<\/li>\n<li>Virabrequim: bra\u00e7os de alum\u00ednio forjado, 3 pe\u00e7as, 46\/30T<\/li>\n<li>Chainrings: 46\/30T w \/ chainguard<\/li>\n<li>Suporte inferior: BSA, cone quadrado, 68mm<\/li>\n<li>Cadeia: KMC X8 w \/ Missing Link\u2122<\/li>\n<li>Pedais: Specialized Body Geometry Fitness, plataforma, pl\u00e1stico<\/li>\n<li>Jantes: trav\u00e3o de jante 700C, liga de parede dupla, profundidade de 22mm, largura interna de 21mm, trav\u00e3o de jante<\/li>\n<li>Cubo dianteiro: Liga, rolamento de esferas solto, libera\u00e7\u00e3o r\u00e1pida, 32h<\/li>\n<li>Cubo traseiro: Liga, rolamentos de esferas soltos, libera\u00e7\u00e3o r\u00e1pida, freehub de 7 velocidades, 32h<\/li>\n<li>C\u00e2maras: V\u00e1lvula Schrader, 40mm<\/li>\n<li>Capa frontal: RoadSport, tal\u00e3o de arame, caixa Blackbelt\/Endurant, 700x32c<\/li>\n<li>Tampa traseira: RoadSport, tal\u00e3o de arame, caixa Blackbelt\/Endurant, 700x32c<\/li>\n<li>Espig\u00e3o do assento: Liga, deslocamento de 12mm, bra\u00e7adeira de 2 parafusos, 27,2 mm<\/li>\n<\/ul>\n","protected":false},"excerpt":{"rendered":"<p>Este Sirrus possui um conjunto confi\u00e1vel de componentes que s\u00e3o projetados para suportar anos de abuso di\u00e1rio, bem como pontos de contato de geometria da carroceria sem complica\u00e7\u00f5es e freios mec\u00e2nicos em V<\/p>\n","protected":false},"featured_media":285108,"comment_status":"closed","ping_status":"closed","template":"","meta":{"_acf_changed":false,"_et_pb_use_builder":"","_et_pb_old_content":"","_et_gb_content_width":"","inline_featured_image":false},"product_brand":[],"product_cat":[20,378],"product_tag":[],"class_list":{"0":"post-384196","1":"product","2":"type-product","3":"status-publish","4":"has-post-thumbnail","6":"product_cat-bicicletas-de-carretera","7":"product_cat-estrada","9":"first","10":"outofstock","11":"taxable","12":"shipping-taxable","13":"product-type-variable","14":"wvs-archive-product-wrapper"},"acf":[],"yoast_head":"<!-- This site is optimized with the Yoast SEO Premium plugin v26.7 (Yoast SEO v26.7) - https:\/\/yoast.com\/wordpress\/plugins\/seo\/ -->\n<title>Specialized Sirrus 1.0 2022 GR-100 SIRRUS<\/title>\n<meta name=\"description\" content=\"Apresenta componentes concebidos para suportar, bem como pontos de contacto de geometria da carro\u00e7aria e trav\u00f5es mec\u00e2nicos em V sem complica\u00e7\u00f5es\" \/>\n<meta name=\"robots\" content=\"index, follow, max-snippet:-1, max-image-preview:large, max-video-preview:-1\" \/>\n<link rel=\"canonical\" href=\"https:\/\/gr-100.com\/pt-pt\/producto\/sirrus-especializado-1-0-2022\/\" \/>\n<meta property=\"og:locale\" content=\"pt_PT\" \/>\n<meta property=\"og:type\" content=\"article\" \/>\n<meta property=\"og:title\" content=\"Specialized Sirrus 1.0 2022\" \/>\n<meta property=\"og:description\" content=\"Apresenta componentes concebidos para suportar, bem como pontos de contacto de geometria da carro\u00e7aria e trav\u00f5es mec\u00e2nicos em V sem complica\u00e7\u00f5es\" \/>\n<meta property=\"og:url\" content=\"https:\/\/gr-100.com\/pt-pt\/producto\/sirrus-especializado-1-0-2022\/\" \/>\n<meta property=\"og:site_name\" content=\"Gr-100 Tienda de ciclismo Specialized\" \/>\n<meta property=\"article:publisher\" content=\"https:\/\/www.facebook.com\/Gr100Bikes\" \/>\n<meta property=\"article:modified_time\" content=\"2025-12-18T14:40:36+00:00\" \/>\n<meta property=\"og:image\" content=\"https:\/\/gr-100.com\/wp-content\/uploads\/2024\/05\/90922-90_SIRRUS-10-CLGRY-SM.jpg\" \/>\n\t<meta property=\"og:image:width\" content=\"1000\" \/>\n\t<meta property=\"og:image:height\" content=\"1000\" \/>\n\t<meta property=\"og:image:type\" content=\"image\/jpeg\" \/>\n<meta name=\"twitter:card\" content=\"summary_large_image\" \/>\n<meta name=\"twitter:label1\" content=\"Tempo estimado de leitura\" \/>\n\t<meta name=\"twitter:data1\" content=\"1 minuto\" \/>\n<script type=\"application\/ld+json\" class=\"yoast-schema-graph\">{\"@context\":\"https:\/\/schema.org\",\"@graph\":[{\"@type\":\"WebPage\",\"@id\":\"https:\/\/gr-100.com\/pt-pt\/producto\/sirrus-especializado-1-0-2022\/\",\"url\":\"https:\/\/gr-100.com\/pt-pt\/producto\/sirrus-especializado-1-0-2022\/\",\"name\":\"Specialized Sirrus 1.0 2022 GR-100 SIRRUS\",\"isPartOf\":{\"@id\":\"https:\/\/gr-100.com\/#website\"},\"primaryImageOfPage\":{\"@id\":\"https:\/\/gr-100.com\/pt-pt\/producto\/sirrus-especializado-1-0-2022\/#primaryimage\"},\"image\":{\"@id\":\"https:\/\/gr-100.com\/pt-pt\/producto\/sirrus-especializado-1-0-2022\/#primaryimage\"},\"thumbnailUrl\":\"https:\/\/gr-100.com\/wp-content\/uploads\/2024\/05\/90922-90_SIRRUS-10-CLGRY-SM.jpg\",\"datePublished\":\"2024-07-01T09:21:41+00:00\",\"dateModified\":\"2025-12-18T14:40:36+00:00\",\"description\":\"Apresenta componentes concebidos para suportar, bem como pontos de contacto de geometria da carro\u00e7aria e trav\u00f5es mec\u00e2nicos em V sem complica\u00e7\u00f5es\",\"breadcrumb\":{\"@id\":\"https:\/\/gr-100.com\/pt-pt\/producto\/sirrus-especializado-1-0-2022\/#breadcrumb\"},\"inLanguage\":\"pt-PT\",\"potentialAction\":[{\"@type\":\"ReadAction\",\"target\":[\"https:\/\/gr-100.com\/pt-pt\/producto\/sirrus-especializado-1-0-2022\/\"]}]},{\"@type\":\"ImageObject\",\"inLanguage\":\"pt-PT\",\"@id\":\"https:\/\/gr-100.com\/pt-pt\/producto\/sirrus-especializado-1-0-2022\/#primaryimage\",\"url\":\"https:\/\/gr-100.com\/wp-content\/uploads\/2024\/05\/90922-90_SIRRUS-10-CLGRY-SM.jpg\",\"contentUrl\":\"https:\/\/gr-100.com\/wp-content\/uploads\/2024\/05\/90922-90_SIRRUS-10-CLGRY-SM.jpg\",\"width\":1000,\"height\":1000},{\"@type\":\"BreadcrumbList\",\"@id\":\"https:\/\/gr-100.com\/pt-pt\/producto\/sirrus-especializado-1-0-2022\/#breadcrumb\",\"itemListElement\":[{\"@type\":\"ListItem\",\"position\":1,\"name\":\"Portada\",\"item\":\"https:\/\/gr-100.com\/en\/\"},{\"@type\":\"ListItem\",\"position\":2,\"name\":\"Productos\",\"item\":\"https:\/\/gr-100.com\/?post_type=product\"},{\"@type\":\"ListItem\",\"position\":3,\"name\":\"Specialized Sirrus 1.0 2022\"}]},{\"@type\":\"WebSite\",\"@id\":\"https:\/\/gr-100.com\/#website\",\"url\":\"https:\/\/gr-100.com\/\",\"name\":\"Gr-100 Tienda de ciclismo Specialized\",\"description\":\"GR-100 tenemos todas las gamas de bicicletas Specialized al mejor precio.\",\"publisher\":{\"@id\":\"https:\/\/gr-100.com\/#organization\"},\"alternateName\":\"Gr-100 Bikes\",\"potentialAction\":[{\"@type\":\"SearchAction\",\"target\":{\"@type\":\"EntryPoint\",\"urlTemplate\":\"https:\/\/gr-100.com\/?s={search_term_string}\"},\"query-input\":{\"@type\":\"PropertyValueSpecification\",\"valueRequired\":true,\"valueName\":\"search_term_string\"}}],\"inLanguage\":\"pt-PT\"},{\"@type\":\"Organization\",\"@id\":\"https:\/\/gr-100.com\/#organization\",\"name\":\"Gr-100\",\"url\":\"https:\/\/gr-100.com\/\",\"logo\":{\"@type\":\"ImageObject\",\"inLanguage\":\"pt-PT\",\"@id\":\"https:\/\/gr-100.com\/#\/schema\/logo\/image\/\",\"url\":\"https:\/\/gr-100.com\/wp-content\/uploads\/2023\/08\/logo-gr-100-bikes.png\",\"contentUrl\":\"https:\/\/gr-100.com\/wp-content\/uploads\/2023\/08\/logo-gr-100-bikes.png\",\"width\":707,\"height\":284,\"caption\":\"Gr-100\"},\"image\":{\"@id\":\"https:\/\/gr-100.com\/#\/schema\/logo\/image\/\"},\"sameAs\":[\"https:\/\/www.facebook.com\/Gr100Bikes\",\"https:\/\/www.instagram.com\/gr100bikes\/\",\"https:\/\/www.tiktok.com\/@gr100bikes\",\"https:\/\/twitter.com\/gr100mtbteam\",\"https:\/\/www.youtube.com\/c\/GR100Specialized\"]}]}<\/script>\n<!-- \/ Yoast SEO Premium plugin. -->","yoast_head_json":{"title":"Specialized Sirrus 1.0 2022 GR-100 SIRRUS","description":"Apresenta componentes concebidos para suportar, bem como pontos de contacto de geometria da carro\u00e7aria e trav\u00f5es mec\u00e2nicos em V sem complica\u00e7\u00f5es","robots":{"index":"index","follow":"follow","max-snippet":"max-snippet:-1","max-image-preview":"max-image-preview:large","max-video-preview":"max-video-preview:-1"},"canonical":"https:\/\/gr-100.com\/pt-pt\/producto\/sirrus-especializado-1-0-2022\/","og_locale":"pt_PT","og_type":"article","og_title":"Specialized Sirrus 1.0 2022","og_description":"Apresenta componentes concebidos para suportar, bem como pontos de contacto de geometria da carro\u00e7aria e trav\u00f5es mec\u00e2nicos em V sem complica\u00e7\u00f5es","og_url":"https:\/\/gr-100.com\/pt-pt\/producto\/sirrus-especializado-1-0-2022\/","og_site_name":"Gr-100 Tienda de ciclismo Specialized","article_publisher":"https:\/\/www.facebook.com\/Gr100Bikes","article_modified_time":"2025-12-18T14:40:36+00:00","og_image":[{"width":1000,"height":1000,"url":"https:\/\/gr-100.com\/wp-content\/uploads\/2024\/05\/90922-90_SIRRUS-10-CLGRY-SM.jpg","type":"image\/jpeg"}],"twitter_card":"summary_large_image","twitter_misc":{"Tempo estimado de leitura":"1 minuto"},"schema":{"@context":"https:\/\/schema.org","@graph":[{"@type":"WebPage","@id":"https:\/\/gr-100.com\/pt-pt\/producto\/sirrus-especializado-1-0-2022\/","url":"https:\/\/gr-100.com\/pt-pt\/producto\/sirrus-especializado-1-0-2022\/","name":"Specialized Sirrus 1.0 2022 GR-100 SIRRUS","isPartOf":{"@id":"https:\/\/gr-100.com\/#website"},"primaryImageOfPage":{"@id":"https:\/\/gr-100.com\/pt-pt\/producto\/sirrus-especializado-1-0-2022\/#primaryimage"},"image":{"@id":"https:\/\/gr-100.com\/pt-pt\/producto\/sirrus-especializado-1-0-2022\/#primaryimage"},"thumbnailUrl":"https:\/\/gr-100.com\/wp-content\/uploads\/2024\/05\/90922-90_SIRRUS-10-CLGRY-SM.jpg","datePublished":"2024-07-01T09:21:41+00:00","dateModified":"2025-12-18T14:40:36+00:00","description":"Apresenta componentes concebidos para suportar, bem como pontos de contacto de geometria da carro\u00e7aria e trav\u00f5es mec\u00e2nicos em V sem complica\u00e7\u00f5es","breadcrumb":{"@id":"https:\/\/gr-100.com\/pt-pt\/producto\/sirrus-especializado-1-0-2022\/#breadcrumb"},"inLanguage":"pt-PT","potentialAction":[{"@type":"ReadAction","target":["https:\/\/gr-100.com\/pt-pt\/producto\/sirrus-especializado-1-0-2022\/"]}]},{"@type":"ImageObject","inLanguage":"pt-PT","@id":"https:\/\/gr-100.com\/pt-pt\/producto\/sirrus-especializado-1-0-2022\/#primaryimage","url":"https:\/\/gr-100.com\/wp-content\/uploads\/2024\/05\/90922-90_SIRRUS-10-CLGRY-SM.jpg","contentUrl":"https:\/\/gr-100.com\/wp-content\/uploads\/2024\/05\/90922-90_SIRRUS-10-CLGRY-SM.jpg","width":1000,"height":1000},{"@type":"BreadcrumbList","@id":"https:\/\/gr-100.com\/pt-pt\/producto\/sirrus-especializado-1-0-2022\/#breadcrumb","itemListElement":[{"@type":"ListItem","position":1,"name":"Portada","item":"https:\/\/gr-100.com\/en\/"},{"@type":"ListItem","position":2,"name":"Productos","item":"https:\/\/gr-100.com\/?post_type=product"},{"@type":"ListItem","position":3,"name":"Specialized Sirrus 1.0 2022"}]},{"@type":"WebSite","@id":"https:\/\/gr-100.com\/#website","url":"https:\/\/gr-100.com\/","name":"Gr-100 Tienda de ciclismo Specialized","description":"GR-100 tenemos todas las gamas de bicicletas Specialized al mejor precio.","publisher":{"@id":"https:\/\/gr-100.com\/#organization"},"alternateName":"Gr-100 Bikes","potentialAction":[{"@type":"SearchAction","target":{"@type":"EntryPoint","urlTemplate":"https:\/\/gr-100.com\/?s={search_term_string}"},"query-input":{"@type":"PropertyValueSpecification","valueRequired":true,"valueName":"search_term_string"}}],"inLanguage":"pt-PT"},{"@type":"Organization","@id":"https:\/\/gr-100.com\/#organization","name":"Gr-100","url":"https:\/\/gr-100.com\/","logo":{"@type":"ImageObject","inLanguage":"pt-PT","@id":"https:\/\/gr-100.com\/#\/schema\/logo\/image\/","url":"https:\/\/gr-100.com\/wp-content\/uploads\/2023\/08\/logo-gr-100-bikes.png","contentUrl":"https:\/\/gr-100.com\/wp-content\/uploads\/2023\/08\/logo-gr-100-bikes.png","width":707,"height":284,"caption":"Gr-100"},"image":{"@id":"https:\/\/gr-100.com\/#\/schema\/logo\/image\/"},"sameAs":["https:\/\/www.facebook.com\/Gr100Bikes","https:\/\/www.instagram.com\/gr100bikes\/","https:\/\/www.tiktok.com\/@gr100bikes","https:\/\/twitter.com\/gr100mtbteam","https:\/\/www.youtube.com\/c\/GR100Specialized"]}]}},"_links":{"self":[{"href":"https:\/\/gr-100.com\/pt-pt\/wp-json\/wp\/v2\/product\/384196","targetHints":{"allow":["GET"]}}],"collection":[{"href":"https:\/\/gr-100.com\/pt-pt\/wp-json\/wp\/v2\/product"}],"about":[{"href":"https:\/\/gr-100.com\/pt-pt\/wp-json\/wp\/v2\/types\/product"}],"replies":[{"embeddable":true,"href":"https:\/\/gr-100.com\/pt-pt\/wp-json\/wp\/v2\/comments?post=384196"}],"wp:featuredmedia":[{"embeddable":true,"href":"https:\/\/gr-100.com\/pt-pt\/wp-json\/wp\/v2\/media\/285108"}],"wp:attachment":[{"href":"https:\/\/gr-100.com\/pt-pt\/wp-json\/wp\/v2\/media?parent=384196"}],"wp:term":[{"taxonomy":"product_brand","embeddable":true,"href":"https:\/\/gr-100.com\/pt-pt\/wp-json\/wp\/v2\/product_brand?post=384196"},{"taxonomy":"product_cat","embeddable":true,"href":"https:\/\/gr-100.com\/pt-pt\/wp-json\/wp\/v2\/product_cat?post=384196"},{"taxonomy":"product_tag","embeddable":true,"href":"https:\/\/gr-100.com\/pt-pt\/wp-json\/wp\/v2\/product_tag?post=384196"}],"curies":[{"name":"wp","href":"https:\/\/api.w.org\/{rel}","templated":true}]}}