{"id":384219,"date":"2024-07-01T09:18:26","date_gmt":"2024-07-01T09:18:26","guid":{"rendered":"https:\/\/gr-100.com\/producto\/tarmac-especializado-sl6-2022\/"},"modified":"2025-11-26T16:24:00","modified_gmt":"2025-11-26T14:24:00","slug":"tarmac-especializado-sl6-2022","status":"publish","type":"product","link":"https:\/\/gr-100.com\/pt-pt\/producto\/tarmac-especializado-sl6-2022\/","title":{"rendered":"Specialized Alcatr\u00e3o SL6 2022"},"content":{"rendered":"<ul>\n<li>Quadro Tarmac SL6, carbono FACT 9r, Rider-First Engineered\u2122, BB roscado, roteamento limpo, eixo thru 12x142mm, disco de montagem plana<\/li>\n<li>Forquilha FACT carbono, eixo thru 12x100mm, disco de montagem plana<\/li>\n<li>Specialized, 6061, 70x125mm, grampo de 31,8 mm<\/li>\n<li>Stem Specialized Pro SL, liga, 4 parafusos<\/li>\n<li>Fita Roubaix S-Wrap<\/li>\n<li>SeatPost Carbono, parafuso \u00fanico, 27,2 mm<\/li>\n<li>Freio dianteiro Shimano Tiagra BR-4770, disco hidr\u00e1ulico<\/li>\n<li>Freio traseiro Shimano Tiagra BR-4770, disco hidr\u00e1ulico<\/li>\n<li>Alavancas de mudan\u00e7a Shimano Tiagra Disc 4720, 10 velocidades<\/li>\n<li>Derailleur frontal Shimano Tiagra, brasagem<\/li>\n<li>Descarrilador traseiro Shimano Tiagra, 10 velocidades<\/li>\n<li>Shimano, 10 velocidades, 11-32t<\/li>\n<li>Shimano Tiagra 4700, 10 velocidades<\/li>\n<li>An\u00e9is de corrente 50\/34T<\/li>\n<li>Suporte inferior roscado Shimano 68mm<\/li>\n<li>Corrente KMC X10, 10 velocidades<\/li>\n<li>Disco desportivo do eixo da roda dianteira<\/li>\n<li>Disco desportivo do eixo da roda traseira<\/li>\n<li>Pneu dianteiro Turbo Pro, 60 TPI, tal\u00e3o dobr\u00e1vel, prote\u00e7\u00e3o BlackBelt, 700x26mm<\/li>\n<li>Geometria do corpo do selim Power Sport, trilhos de a\u00e7o<\/li>\n<li>Pneu traseiro Turbo Pro, 60 TPI, tal\u00e3o dobr\u00e1vel, prote\u00e7\u00e3o BlackBelt, 700x26mmInner<\/li>\n<li>Tubos Presta, v\u00e1lvula de 48mm<\/li>\n<li>Liga Specialized ligante de assento, 30,8 mm<\/li>\n<\/ul>\n","protected":false},"excerpt":{"rendered":"<p>Esta Tarmac possui montagem confi\u00e1vel que inclui c\u00e2mbio mec\u00e2nico de 10 velocidades Shimano Tiagra, freios a disco hidr\u00e1ulicos, rodas de disco Axis Sport dur\u00e1veis e nosso selim Power.<\/p>\n","protected":false},"featured_media":284960,"comment_status":"closed","ping_status":"closed","template":"","meta":{"_acf_changed":false,"_et_pb_use_builder":"","_et_pb_old_content":"","_et_gb_content_width":"","inline_featured_image":false},"product_brand":[],"product_cat":[20,378],"product_tag":[],"class_list":{"0":"post-384219","1":"product","2":"type-product","3":"status-publish","4":"has-post-thumbnail","6":"product_cat-bicicletas-de-carretera","7":"product_cat-estrada","9":"first","10":"outofstock","11":"taxable","12":"shipping-taxable","13":"product-type-variable","14":"wvs-archive-product-wrapper"},"acf":[],"yoast_head":"<!-- This site is optimized with the Yoast SEO Premium plugin v26.7 (Yoast SEO v26.7) - https:\/\/yoast.com\/wordpress\/plugins\/seo\/ -->\n<title>Specialized Alcatr\u00e3o SL6 2022 GR-100 TARMAC<\/title>\n<meta name=\"description\" content=\"SPECIALIZED TARMAC SL6 2022. Shimano Tiagra de tra\u00e7\u00e3o de 10 velocidades, disco hidr\u00e1ulico, rodas dur\u00e1veis Axis Sport Disc e nosso selim Power.\" \/>\n<meta name=\"robots\" content=\"index, follow, max-snippet:-1, max-image-preview:large, max-video-preview:-1\" \/>\n<link rel=\"canonical\" href=\"https:\/\/gr-100.com\/pt-pt\/producto\/tarmac-especializado-sl6-2022\/\" \/>\n<meta property=\"og:locale\" content=\"pt_PT\" \/>\n<meta property=\"og:type\" content=\"article\" \/>\n<meta property=\"og:title\" content=\"Specialized Alcatr\u00e3o SL6 2022\" \/>\n<meta property=\"og:description\" content=\"SPECIALIZED TARMAC SL6 2022. Shimano Tiagra de tra\u00e7\u00e3o de 10 velocidades, disco hidr\u00e1ulico, rodas dur\u00e1veis Axis Sport Disc e nosso selim Power.\" \/>\n<meta property=\"og:url\" content=\"https:\/\/gr-100.com\/pt-pt\/producto\/tarmac-especializado-sl6-2022\/\" \/>\n<meta property=\"og:site_name\" content=\"Gr-100 Tienda de ciclismo Specialized\" \/>\n<meta property=\"article:publisher\" content=\"https:\/\/www.facebook.com\/Gr100Bikes\" \/>\n<meta property=\"article:modified_time\" content=\"2025-11-26T14:24:00+00:00\" \/>\n<meta property=\"og:image\" content=\"https:\/\/gr-100.com\/wp-content\/uploads\/2024\/05\/90622-70_TARMAC-SL6-BLUGSTP.jpg\" \/>\n\t<meta property=\"og:image:width\" content=\"1000\" \/>\n\t<meta property=\"og:image:height\" content=\"1000\" \/>\n\t<meta property=\"og:image:type\" content=\"image\/jpeg\" \/>\n<meta name=\"twitter:card\" content=\"summary_large_image\" \/>\n<meta name=\"twitter:label1\" content=\"Tempo estimado de leitura\" \/>\n\t<meta name=\"twitter:data1\" content=\"1 minuto\" \/>\n<script type=\"application\/ld+json\" class=\"yoast-schema-graph\">{\"@context\":\"https:\/\/schema.org\",\"@graph\":[{\"@type\":\"WebPage\",\"@id\":\"https:\/\/gr-100.com\/pt-pt\/producto\/tarmac-especializado-sl6-2022\/\",\"url\":\"https:\/\/gr-100.com\/pt-pt\/producto\/tarmac-especializado-sl6-2022\/\",\"name\":\"Specialized Alcatr\u00e3o SL6 2022 GR-100 TARMAC\",\"isPartOf\":{\"@id\":\"https:\/\/gr-100.com\/#website\"},\"primaryImageOfPage\":{\"@id\":\"https:\/\/gr-100.com\/pt-pt\/producto\/tarmac-especializado-sl6-2022\/#primaryimage\"},\"image\":{\"@id\":\"https:\/\/gr-100.com\/pt-pt\/producto\/tarmac-especializado-sl6-2022\/#primaryimage\"},\"thumbnailUrl\":\"https:\/\/gr-100.com\/wp-content\/uploads\/2024\/05\/90622-70_TARMAC-SL6-BLUGSTP.jpg\",\"datePublished\":\"2024-07-01T09:18:26+00:00\",\"dateModified\":\"2025-11-26T14:24:00+00:00\",\"description\":\"SPECIALIZED TARMAC SL6 2022. Shimano Tiagra de tra\u00e7\u00e3o de 10 velocidades, disco hidr\u00e1ulico, rodas dur\u00e1veis Axis Sport Disc e nosso selim Power.\",\"breadcrumb\":{\"@id\":\"https:\/\/gr-100.com\/pt-pt\/producto\/tarmac-especializado-sl6-2022\/#breadcrumb\"},\"inLanguage\":\"pt-PT\",\"potentialAction\":[{\"@type\":\"ReadAction\",\"target\":[\"https:\/\/gr-100.com\/pt-pt\/producto\/tarmac-especializado-sl6-2022\/\"]}]},{\"@type\":\"ImageObject\",\"inLanguage\":\"pt-PT\",\"@id\":\"https:\/\/gr-100.com\/pt-pt\/producto\/tarmac-especializado-sl6-2022\/#primaryimage\",\"url\":\"https:\/\/gr-100.com\/wp-content\/uploads\/2024\/05\/90622-70_TARMAC-SL6-BLUGSTP.jpg\",\"contentUrl\":\"https:\/\/gr-100.com\/wp-content\/uploads\/2024\/05\/90622-70_TARMAC-SL6-BLUGSTP.jpg\",\"width\":1000,\"height\":1000},{\"@type\":\"BreadcrumbList\",\"@id\":\"https:\/\/gr-100.com\/pt-pt\/producto\/tarmac-especializado-sl6-2022\/#breadcrumb\",\"itemListElement\":[{\"@type\":\"ListItem\",\"position\":1,\"name\":\"Portada\",\"item\":\"https:\/\/gr-100.com\/en\/\"},{\"@type\":\"ListItem\",\"position\":2,\"name\":\"Productos\",\"item\":\"https:\/\/gr-100.com\/?post_type=product\"},{\"@type\":\"ListItem\",\"position\":3,\"name\":\"Specialized Alcatr\u00e3o SL6 2022\"}]},{\"@type\":\"WebSite\",\"@id\":\"https:\/\/gr-100.com\/#website\",\"url\":\"https:\/\/gr-100.com\/\",\"name\":\"Gr-100 Tienda de ciclismo Specialized\",\"description\":\"GR-100 tenemos todas las gamas de bicicletas Specialized al mejor precio.\",\"publisher\":{\"@id\":\"https:\/\/gr-100.com\/#organization\"},\"alternateName\":\"Gr-100 Bikes\",\"potentialAction\":[{\"@type\":\"SearchAction\",\"target\":{\"@type\":\"EntryPoint\",\"urlTemplate\":\"https:\/\/gr-100.com\/?s={search_term_string}\"},\"query-input\":{\"@type\":\"PropertyValueSpecification\",\"valueRequired\":true,\"valueName\":\"search_term_string\"}}],\"inLanguage\":\"pt-PT\"},{\"@type\":\"Organization\",\"@id\":\"https:\/\/gr-100.com\/#organization\",\"name\":\"Gr-100\",\"url\":\"https:\/\/gr-100.com\/\",\"logo\":{\"@type\":\"ImageObject\",\"inLanguage\":\"pt-PT\",\"@id\":\"https:\/\/gr-100.com\/#\/schema\/logo\/image\/\",\"url\":\"https:\/\/gr-100.com\/wp-content\/uploads\/2023\/08\/logo-gr-100-bikes.png\",\"contentUrl\":\"https:\/\/gr-100.com\/wp-content\/uploads\/2023\/08\/logo-gr-100-bikes.png\",\"width\":707,\"height\":284,\"caption\":\"Gr-100\"},\"image\":{\"@id\":\"https:\/\/gr-100.com\/#\/schema\/logo\/image\/\"},\"sameAs\":[\"https:\/\/www.facebook.com\/Gr100Bikes\",\"https:\/\/www.instagram.com\/gr100bikes\/\",\"https:\/\/www.tiktok.com\/@gr100bikes\",\"https:\/\/twitter.com\/gr100mtbteam\",\"https:\/\/www.youtube.com\/c\/GR100Specialized\"]}]}<\/script>\n<!-- \/ Yoast SEO Premium plugin. -->","yoast_head_json":{"title":"Specialized Alcatr\u00e3o SL6 2022 GR-100 TARMAC","description":"SPECIALIZED TARMAC SL6 2022. Shimano Tiagra de tra\u00e7\u00e3o de 10 velocidades, disco hidr\u00e1ulico, rodas dur\u00e1veis Axis Sport Disc e nosso selim Power.","robots":{"index":"index","follow":"follow","max-snippet":"max-snippet:-1","max-image-preview":"max-image-preview:large","max-video-preview":"max-video-preview:-1"},"canonical":"https:\/\/gr-100.com\/pt-pt\/producto\/tarmac-especializado-sl6-2022\/","og_locale":"pt_PT","og_type":"article","og_title":"Specialized Alcatr\u00e3o SL6 2022","og_description":"SPECIALIZED TARMAC SL6 2022. Shimano Tiagra de tra\u00e7\u00e3o de 10 velocidades, disco hidr\u00e1ulico, rodas dur\u00e1veis Axis Sport Disc e nosso selim Power.","og_url":"https:\/\/gr-100.com\/pt-pt\/producto\/tarmac-especializado-sl6-2022\/","og_site_name":"Gr-100 Tienda de ciclismo Specialized","article_publisher":"https:\/\/www.facebook.com\/Gr100Bikes","article_modified_time":"2025-11-26T14:24:00+00:00","og_image":[{"width":1000,"height":1000,"url":"https:\/\/gr-100.com\/wp-content\/uploads\/2024\/05\/90622-70_TARMAC-SL6-BLUGSTP.jpg","type":"image\/jpeg"}],"twitter_card":"summary_large_image","twitter_misc":{"Tempo estimado de leitura":"1 minuto"},"schema":{"@context":"https:\/\/schema.org","@graph":[{"@type":"WebPage","@id":"https:\/\/gr-100.com\/pt-pt\/producto\/tarmac-especializado-sl6-2022\/","url":"https:\/\/gr-100.com\/pt-pt\/producto\/tarmac-especializado-sl6-2022\/","name":"Specialized Alcatr\u00e3o SL6 2022 GR-100 TARMAC","isPartOf":{"@id":"https:\/\/gr-100.com\/#website"},"primaryImageOfPage":{"@id":"https:\/\/gr-100.com\/pt-pt\/producto\/tarmac-especializado-sl6-2022\/#primaryimage"},"image":{"@id":"https:\/\/gr-100.com\/pt-pt\/producto\/tarmac-especializado-sl6-2022\/#primaryimage"},"thumbnailUrl":"https:\/\/gr-100.com\/wp-content\/uploads\/2024\/05\/90622-70_TARMAC-SL6-BLUGSTP.jpg","datePublished":"2024-07-01T09:18:26+00:00","dateModified":"2025-11-26T14:24:00+00:00","description":"SPECIALIZED TARMAC SL6 2022. Shimano Tiagra de tra\u00e7\u00e3o de 10 velocidades, disco hidr\u00e1ulico, rodas dur\u00e1veis Axis Sport Disc e nosso selim Power.","breadcrumb":{"@id":"https:\/\/gr-100.com\/pt-pt\/producto\/tarmac-especializado-sl6-2022\/#breadcrumb"},"inLanguage":"pt-PT","potentialAction":[{"@type":"ReadAction","target":["https:\/\/gr-100.com\/pt-pt\/producto\/tarmac-especializado-sl6-2022\/"]}]},{"@type":"ImageObject","inLanguage":"pt-PT","@id":"https:\/\/gr-100.com\/pt-pt\/producto\/tarmac-especializado-sl6-2022\/#primaryimage","url":"https:\/\/gr-100.com\/wp-content\/uploads\/2024\/05\/90622-70_TARMAC-SL6-BLUGSTP.jpg","contentUrl":"https:\/\/gr-100.com\/wp-content\/uploads\/2024\/05\/90622-70_TARMAC-SL6-BLUGSTP.jpg","width":1000,"height":1000},{"@type":"BreadcrumbList","@id":"https:\/\/gr-100.com\/pt-pt\/producto\/tarmac-especializado-sl6-2022\/#breadcrumb","itemListElement":[{"@type":"ListItem","position":1,"name":"Portada","item":"https:\/\/gr-100.com\/en\/"},{"@type":"ListItem","position":2,"name":"Productos","item":"https:\/\/gr-100.com\/?post_type=product"},{"@type":"ListItem","position":3,"name":"Specialized Alcatr\u00e3o SL6 2022"}]},{"@type":"WebSite","@id":"https:\/\/gr-100.com\/#website","url":"https:\/\/gr-100.com\/","name":"Gr-100 Tienda de ciclismo Specialized","description":"GR-100 tenemos todas las gamas de bicicletas Specialized al mejor precio.","publisher":{"@id":"https:\/\/gr-100.com\/#organization"},"alternateName":"Gr-100 Bikes","potentialAction":[{"@type":"SearchAction","target":{"@type":"EntryPoint","urlTemplate":"https:\/\/gr-100.com\/?s={search_term_string}"},"query-input":{"@type":"PropertyValueSpecification","valueRequired":true,"valueName":"search_term_string"}}],"inLanguage":"pt-PT"},{"@type":"Organization","@id":"https:\/\/gr-100.com\/#organization","name":"Gr-100","url":"https:\/\/gr-100.com\/","logo":{"@type":"ImageObject","inLanguage":"pt-PT","@id":"https:\/\/gr-100.com\/#\/schema\/logo\/image\/","url":"https:\/\/gr-100.com\/wp-content\/uploads\/2023\/08\/logo-gr-100-bikes.png","contentUrl":"https:\/\/gr-100.com\/wp-content\/uploads\/2023\/08\/logo-gr-100-bikes.png","width":707,"height":284,"caption":"Gr-100"},"image":{"@id":"https:\/\/gr-100.com\/#\/schema\/logo\/image\/"},"sameAs":["https:\/\/www.facebook.com\/Gr100Bikes","https:\/\/www.instagram.com\/gr100bikes\/","https:\/\/www.tiktok.com\/@gr100bikes","https:\/\/twitter.com\/gr100mtbteam","https:\/\/www.youtube.com\/c\/GR100Specialized"]}]}},"_links":{"self":[{"href":"https:\/\/gr-100.com\/pt-pt\/wp-json\/wp\/v2\/product\/384219","targetHints":{"allow":["GET"]}}],"collection":[{"href":"https:\/\/gr-100.com\/pt-pt\/wp-json\/wp\/v2\/product"}],"about":[{"href":"https:\/\/gr-100.com\/pt-pt\/wp-json\/wp\/v2\/types\/product"}],"replies":[{"embeddable":true,"href":"https:\/\/gr-100.com\/pt-pt\/wp-json\/wp\/v2\/comments?post=384219"}],"wp:featuredmedia":[{"embeddable":true,"href":"https:\/\/gr-100.com\/pt-pt\/wp-json\/wp\/v2\/media\/284960"}],"wp:attachment":[{"href":"https:\/\/gr-100.com\/pt-pt\/wp-json\/wp\/v2\/media?parent=384219"}],"wp:term":[{"taxonomy":"product_brand","embeddable":true,"href":"https:\/\/gr-100.com\/pt-pt\/wp-json\/wp\/v2\/product_brand?post=384219"},{"taxonomy":"product_cat","embeddable":true,"href":"https:\/\/gr-100.com\/pt-pt\/wp-json\/wp\/v2\/product_cat?post=384219"},{"taxonomy":"product_tag","embeddable":true,"href":"https:\/\/gr-100.com\/pt-pt\/wp-json\/wp\/v2\/product_tag?post=384219"}],"curies":[{"name":"wp","href":"https:\/\/api.w.org\/{rel}","templated":true}]}}