{"id":384263,"date":"2024-07-01T08:47:30","date_gmt":"2024-07-01T08:47:30","guid":{"rendered":"https:\/\/gr-100.com\/producto\/tarmac-sl7-comp-rival-especializado-etap-axs-2022\/"},"modified":"2025-12-18T16:46:40","modified_gmt":"2025-12-18T14:46:40","slug":"tarmac-sl7-comp-rival-especializado-etap-axs-2022","status":"publish","type":"product","link":"https:\/\/gr-100.com\/pt-pt\/producto\/tarmac-sl7-comp-rival-especializado-etap-axs-2022\/","title":{"rendered":"Specialized Tarmac SL7 Comp Rival ETAP AXS 2022"},"content":{"rendered":"<div class=\"accordion-item\">\n<div class=\"accordion-content gor-active\" role=\"tabpanel\"><\/div>\n<\/div>\n<div class=\"accordion-item\">\n<div class=\"accordion-header gor-active\" role=\"tab\">\n<div class=\"product__specs-table-category\">\n<ul>\n<li>FRAME Tarmac SL7 FACT 10r Carbon, Rider First Engineered\u2122, Win Tunnel Engineered, Clean Routing, Threaded BB, 12x142mm thru-axle, disco de montagem plana<\/li>\n<li>FATO FORK Carbono, eixo thru 12x100mm, disco de montagem plana<\/li>\n<li>GUID\u00c3O Queda rasa Specialized , 6061, 70x125mm, grampo de 31,8mm<\/li>\n<li>Haste integrada STEM Tarmac, 6 graus<\/li>\n<li>FITA Supacaz Super Sticky Kush<\/li>\n<li>SADDLE Body Geometry Power Sport, calhas de a\u00e7o<\/li>\n<li>SEATPOST 2021 S-Works Tarmac Espig\u00e3o de assento em carbono, FACT Carbon, 20mm offset<\/li>\n<li>Cunha integrada SEAT BINDER Tarmac<\/li>\n<li>FREIO DIANTEIRO SRAM Rival, disco hidr\u00e1ulico, rotor Paceline de 160 mm<\/li>\n<li>SRAM DE FREIO TRASEIRO Apex, disco hidr\u00e1ulico, rotor 160mm G2 CenterLine<\/li>\n<li>ALAVANCAS DE MUDAN\u00c7A SRAM Rival eTap AXS, hidr\u00e1ulica<\/li>\n<li>FRONT DERAILLEUR SRAM Rival eTAP AXS, braze-on<\/li>\n<li>DERAILLEUR SRAM Rival eTap AXS, 12 velocidades<\/li>\n<li>SRAM Rival CASSETTE, 12 velocidades, 10-36t<\/li>\n<li>CRANKSET SRAM Rival<\/li>\n<li>AN\u00c9IS DE CORRENTE 48\/35T<\/li>\n<li>SRAM DUB BSA 68<\/li>\n<li>CHAIN SRAM Rival de 12 velocidades<\/li>\n<li>RODA DIANTEIRA DT Swiss R470 aro, 20mm de largura interna, tubeless ready, 24h, Specialized full sealed bearing thru axle cub, disco de bloqueio central, raios de a\u00e7o inoxid\u00e1vel DT Swiss Champion 14G, mamilos de lat\u00e3o DT Swiss<\/li>\n<li>RODA TRASEIRA DT Swiss R470 aro, 20mm largura interna, tubeless ready, 24h, Specialized full sealed bearing thru eixo cubo, disco de bloqueio central, raios de a\u00e7o inoxid\u00e1vel DT Swiss Champion 14G, mamilos de lat\u00e3o DT Swiss .<\/li>\n<li>PNEU DIANTEIRO Turbo Pro, 60 TPI, tal\u00e3o dobr\u00e1vel, prote\u00e7\u00e3o BlackBelt, 700x26mm<\/li>\n<li>PNEU TRASEIRO Turbo Pro, 60 TPI, tal\u00e3o dobr\u00e1vel, prote\u00e7\u00e3o BlackBelt, 700x26mm<\/li>\n<li>TUBOS INTERNOS Presta, v\u00e1lvula de 48mm<\/li>\n<li>REMO\u00c7\u00c3O DO CUBO FRONTAL<\/li>\n<\/ul>\n<\/div>\n<\/div>\n<\/div>\n<div class=\"accordion-item\">\n<div class=\"accordion-header gor-active\" role=\"tab\">\n<div class=\"product__specs-table-category\"><\/div>\n<\/div>\n<\/div>\n<div class=\"accordion-item\">\n<div class=\"accordion-header gor-active\" role=\"tab\">\n<div class=\"product__specs-table-category\"><\/div>\n<\/div>\n<div class=\"accordion-content gor-active\" role=\"tabpanel\"><\/div>\n<\/div>\n","protected":false},"excerpt":{"rendered":"<p>A nova Tarmac foi concebida para conduzir rapidamente, n\u00e3o h\u00e1 d\u00favida disso, mas representa muito mais do que pura aerodin\u00e2mica.<br \/>\nO seu quadro leve Rider-First Engineered\u2122 oferece o melhor desempenho poss\u00edvel, independentemente do tamanho. <\/p>\n","protected":false},"featured_media":283400,"comment_status":"closed","ping_status":"closed","template":"","meta":{"_acf_changed":false,"_et_pb_use_builder":"","_et_pb_old_content":"","_et_gb_content_width":"","inline_featured_image":false},"product_brand":[],"product_cat":[20,378],"product_tag":[],"class_list":{"0":"post-384263","1":"product","2":"type-product","3":"status-publish","4":"has-post-thumbnail","6":"product_cat-bicicletas-de-carretera","7":"product_cat-estrada","9":"first","10":"outofstock","11":"taxable","12":"shipping-taxable","13":"product-type-variable","14":"wvs-archive-product-wrapper"},"acf":[],"yoast_head":"<!-- This site is optimized with the Yoast SEO Premium plugin v26.7 (Yoast SEO v26.7) - https:\/\/yoast.com\/wordpress\/plugins\/seo\/ -->\n<title>Specialized Tarmac SL7 Comp Rival ETAP AXS 2022 GR-100 SL7<\/title>\n<meta name=\"description\" content=\"Tarmac SL7 Comp - Rival eTap AXS. A nova Tarmac foi concebida para uma condu\u00e7\u00e3o r\u00e1pida, mas representa muito mais do que pura aerodin\u00e2mica.\" \/>\n<meta name=\"robots\" content=\"index, follow, max-snippet:-1, max-image-preview:large, max-video-preview:-1\" \/>\n<link rel=\"canonical\" href=\"https:\/\/gr-100.com\/pt-pt\/producto\/tarmac-sl7-comp-rival-especializado-etap-axs-2022\/\" \/>\n<meta property=\"og:locale\" content=\"pt_PT\" \/>\n<meta property=\"og:type\" content=\"article\" \/>\n<meta property=\"og:title\" content=\"Specialized Tarmac SL7 Comp Rival ETAP AXS 2022\" \/>\n<meta property=\"og:description\" content=\"Tarmac SL7 Comp - Rival eTap AXS. A nova Tarmac foi concebida para uma condu\u00e7\u00e3o r\u00e1pida, mas representa muito mais do que pura aerodin\u00e2mica.\" \/>\n<meta property=\"og:url\" content=\"https:\/\/gr-100.com\/pt-pt\/producto\/tarmac-sl7-comp-rival-especializado-etap-axs-2022\/\" \/>\n<meta property=\"og:site_name\" content=\"Gr-100 Tienda de ciclismo Specialized\" \/>\n<meta property=\"article:publisher\" content=\"https:\/\/www.facebook.com\/Gr100Bikes\" \/>\n<meta property=\"article:modified_time\" content=\"2025-12-18T14:46:40+00:00\" \/>\n<meta property=\"og:image\" content=\"https:\/\/gr-100.com\/wp-content\/uploads\/2024\/05\/1-Screenshot-of-Tarmac-SL7-.jpg\" \/>\n\t<meta property=\"og:image:width\" content=\"1000\" \/>\n\t<meta property=\"og:image:height\" content=\"1000\" \/>\n\t<meta property=\"og:image:type\" content=\"image\/jpeg\" \/>\n<meta name=\"twitter:card\" content=\"summary_large_image\" \/>\n<meta name=\"twitter:label1\" content=\"Tempo estimado de leitura\" \/>\n\t<meta name=\"twitter:data1\" content=\"1 minuto\" \/>\n<script type=\"application\/ld+json\" class=\"yoast-schema-graph\">{\"@context\":\"https:\/\/schema.org\",\"@graph\":[{\"@type\":\"WebPage\",\"@id\":\"https:\/\/gr-100.com\/pt-pt\/producto\/tarmac-sl7-comp-rival-especializado-etap-axs-2022\/\",\"url\":\"https:\/\/gr-100.com\/pt-pt\/producto\/tarmac-sl7-comp-rival-especializado-etap-axs-2022\/\",\"name\":\"Specialized Tarmac SL7 Comp Rival ETAP AXS 2022 GR-100 SL7\",\"isPartOf\":{\"@id\":\"https:\/\/gr-100.com\/#website\"},\"primaryImageOfPage\":{\"@id\":\"https:\/\/gr-100.com\/pt-pt\/producto\/tarmac-sl7-comp-rival-especializado-etap-axs-2022\/#primaryimage\"},\"image\":{\"@id\":\"https:\/\/gr-100.com\/pt-pt\/producto\/tarmac-sl7-comp-rival-especializado-etap-axs-2022\/#primaryimage\"},\"thumbnailUrl\":\"https:\/\/gr-100.com\/wp-content\/uploads\/2024\/05\/1-Screenshot-of-Tarmac-SL7-.jpg\",\"datePublished\":\"2024-07-01T08:47:30+00:00\",\"dateModified\":\"2025-12-18T14:46:40+00:00\",\"description\":\"Tarmac SL7 Comp - Rival eTap AXS. A nova Tarmac foi concebida para uma condu\u00e7\u00e3o r\u00e1pida, mas representa muito mais do que pura aerodin\u00e2mica.\",\"breadcrumb\":{\"@id\":\"https:\/\/gr-100.com\/pt-pt\/producto\/tarmac-sl7-comp-rival-especializado-etap-axs-2022\/#breadcrumb\"},\"inLanguage\":\"pt-PT\",\"potentialAction\":[{\"@type\":\"ReadAction\",\"target\":[\"https:\/\/gr-100.com\/pt-pt\/producto\/tarmac-sl7-comp-rival-especializado-etap-axs-2022\/\"]}]},{\"@type\":\"ImageObject\",\"inLanguage\":\"pt-PT\",\"@id\":\"https:\/\/gr-100.com\/pt-pt\/producto\/tarmac-sl7-comp-rival-especializado-etap-axs-2022\/#primaryimage\",\"url\":\"https:\/\/gr-100.com\/wp-content\/uploads\/2024\/05\/1-Screenshot-of-Tarmac-SL7-.jpg\",\"contentUrl\":\"https:\/\/gr-100.com\/wp-content\/uploads\/2024\/05\/1-Screenshot-of-Tarmac-SL7-.jpg\",\"width\":1000,\"height\":1000},{\"@type\":\"BreadcrumbList\",\"@id\":\"https:\/\/gr-100.com\/pt-pt\/producto\/tarmac-sl7-comp-rival-especializado-etap-axs-2022\/#breadcrumb\",\"itemListElement\":[{\"@type\":\"ListItem\",\"position\":1,\"name\":\"Portada\",\"item\":\"https:\/\/gr-100.com\/en\/\"},{\"@type\":\"ListItem\",\"position\":2,\"name\":\"Productos\",\"item\":\"https:\/\/gr-100.com\/?post_type=product\"},{\"@type\":\"ListItem\",\"position\":3,\"name\":\"Specialized Tarmac SL7 Comp Rival ETAP AXS 2022\"}]},{\"@type\":\"WebSite\",\"@id\":\"https:\/\/gr-100.com\/#website\",\"url\":\"https:\/\/gr-100.com\/\",\"name\":\"Gr-100 Tienda de ciclismo Specialized\",\"description\":\"GR-100 tenemos todas las gamas de bicicletas Specialized al mejor precio.\",\"publisher\":{\"@id\":\"https:\/\/gr-100.com\/#organization\"},\"alternateName\":\"Gr-100 Bikes\",\"potentialAction\":[{\"@type\":\"SearchAction\",\"target\":{\"@type\":\"EntryPoint\",\"urlTemplate\":\"https:\/\/gr-100.com\/?s={search_term_string}\"},\"query-input\":{\"@type\":\"PropertyValueSpecification\",\"valueRequired\":true,\"valueName\":\"search_term_string\"}}],\"inLanguage\":\"pt-PT\"},{\"@type\":\"Organization\",\"@id\":\"https:\/\/gr-100.com\/#organization\",\"name\":\"Gr-100\",\"url\":\"https:\/\/gr-100.com\/\",\"logo\":{\"@type\":\"ImageObject\",\"inLanguage\":\"pt-PT\",\"@id\":\"https:\/\/gr-100.com\/#\/schema\/logo\/image\/\",\"url\":\"https:\/\/gr-100.com\/wp-content\/uploads\/2023\/08\/logo-gr-100-bikes.png\",\"contentUrl\":\"https:\/\/gr-100.com\/wp-content\/uploads\/2023\/08\/logo-gr-100-bikes.png\",\"width\":707,\"height\":284,\"caption\":\"Gr-100\"},\"image\":{\"@id\":\"https:\/\/gr-100.com\/#\/schema\/logo\/image\/\"},\"sameAs\":[\"https:\/\/www.facebook.com\/Gr100Bikes\",\"https:\/\/www.instagram.com\/gr100bikes\/\",\"https:\/\/www.tiktok.com\/@gr100bikes\",\"https:\/\/twitter.com\/gr100mtbteam\",\"https:\/\/www.youtube.com\/c\/GR100Specialized\"]}]}<\/script>\n<!-- \/ Yoast SEO Premium plugin. -->","yoast_head_json":{"title":"Specialized Tarmac SL7 Comp Rival ETAP AXS 2022 GR-100 SL7","description":"Tarmac SL7 Comp - Rival eTap AXS. A nova Tarmac foi concebida para uma condu\u00e7\u00e3o r\u00e1pida, mas representa muito mais do que pura aerodin\u00e2mica.","robots":{"index":"index","follow":"follow","max-snippet":"max-snippet:-1","max-image-preview":"max-image-preview:large","max-video-preview":"max-video-preview:-1"},"canonical":"https:\/\/gr-100.com\/pt-pt\/producto\/tarmac-sl7-comp-rival-especializado-etap-axs-2022\/","og_locale":"pt_PT","og_type":"article","og_title":"Specialized Tarmac SL7 Comp Rival ETAP AXS 2022","og_description":"Tarmac SL7 Comp - Rival eTap AXS. A nova Tarmac foi concebida para uma condu\u00e7\u00e3o r\u00e1pida, mas representa muito mais do que pura aerodin\u00e2mica.","og_url":"https:\/\/gr-100.com\/pt-pt\/producto\/tarmac-sl7-comp-rival-especializado-etap-axs-2022\/","og_site_name":"Gr-100 Tienda de ciclismo Specialized","article_publisher":"https:\/\/www.facebook.com\/Gr100Bikes","article_modified_time":"2025-12-18T14:46:40+00:00","og_image":[{"width":1000,"height":1000,"url":"https:\/\/gr-100.com\/wp-content\/uploads\/2024\/05\/1-Screenshot-of-Tarmac-SL7-.jpg","type":"image\/jpeg"}],"twitter_card":"summary_large_image","twitter_misc":{"Tempo estimado de leitura":"1 minuto"},"schema":{"@context":"https:\/\/schema.org","@graph":[{"@type":"WebPage","@id":"https:\/\/gr-100.com\/pt-pt\/producto\/tarmac-sl7-comp-rival-especializado-etap-axs-2022\/","url":"https:\/\/gr-100.com\/pt-pt\/producto\/tarmac-sl7-comp-rival-especializado-etap-axs-2022\/","name":"Specialized Tarmac SL7 Comp Rival ETAP AXS 2022 GR-100 SL7","isPartOf":{"@id":"https:\/\/gr-100.com\/#website"},"primaryImageOfPage":{"@id":"https:\/\/gr-100.com\/pt-pt\/producto\/tarmac-sl7-comp-rival-especializado-etap-axs-2022\/#primaryimage"},"image":{"@id":"https:\/\/gr-100.com\/pt-pt\/producto\/tarmac-sl7-comp-rival-especializado-etap-axs-2022\/#primaryimage"},"thumbnailUrl":"https:\/\/gr-100.com\/wp-content\/uploads\/2024\/05\/1-Screenshot-of-Tarmac-SL7-.jpg","datePublished":"2024-07-01T08:47:30+00:00","dateModified":"2025-12-18T14:46:40+00:00","description":"Tarmac SL7 Comp - Rival eTap AXS. A nova Tarmac foi concebida para uma condu\u00e7\u00e3o r\u00e1pida, mas representa muito mais do que pura aerodin\u00e2mica.","breadcrumb":{"@id":"https:\/\/gr-100.com\/pt-pt\/producto\/tarmac-sl7-comp-rival-especializado-etap-axs-2022\/#breadcrumb"},"inLanguage":"pt-PT","potentialAction":[{"@type":"ReadAction","target":["https:\/\/gr-100.com\/pt-pt\/producto\/tarmac-sl7-comp-rival-especializado-etap-axs-2022\/"]}]},{"@type":"ImageObject","inLanguage":"pt-PT","@id":"https:\/\/gr-100.com\/pt-pt\/producto\/tarmac-sl7-comp-rival-especializado-etap-axs-2022\/#primaryimage","url":"https:\/\/gr-100.com\/wp-content\/uploads\/2024\/05\/1-Screenshot-of-Tarmac-SL7-.jpg","contentUrl":"https:\/\/gr-100.com\/wp-content\/uploads\/2024\/05\/1-Screenshot-of-Tarmac-SL7-.jpg","width":1000,"height":1000},{"@type":"BreadcrumbList","@id":"https:\/\/gr-100.com\/pt-pt\/producto\/tarmac-sl7-comp-rival-especializado-etap-axs-2022\/#breadcrumb","itemListElement":[{"@type":"ListItem","position":1,"name":"Portada","item":"https:\/\/gr-100.com\/en\/"},{"@type":"ListItem","position":2,"name":"Productos","item":"https:\/\/gr-100.com\/?post_type=product"},{"@type":"ListItem","position":3,"name":"Specialized Tarmac SL7 Comp Rival ETAP AXS 2022"}]},{"@type":"WebSite","@id":"https:\/\/gr-100.com\/#website","url":"https:\/\/gr-100.com\/","name":"Gr-100 Tienda de ciclismo Specialized","description":"GR-100 tenemos todas las gamas de bicicletas Specialized al mejor precio.","publisher":{"@id":"https:\/\/gr-100.com\/#organization"},"alternateName":"Gr-100 Bikes","potentialAction":[{"@type":"SearchAction","target":{"@type":"EntryPoint","urlTemplate":"https:\/\/gr-100.com\/?s={search_term_string}"},"query-input":{"@type":"PropertyValueSpecification","valueRequired":true,"valueName":"search_term_string"}}],"inLanguage":"pt-PT"},{"@type":"Organization","@id":"https:\/\/gr-100.com\/#organization","name":"Gr-100","url":"https:\/\/gr-100.com\/","logo":{"@type":"ImageObject","inLanguage":"pt-PT","@id":"https:\/\/gr-100.com\/#\/schema\/logo\/image\/","url":"https:\/\/gr-100.com\/wp-content\/uploads\/2023\/08\/logo-gr-100-bikes.png","contentUrl":"https:\/\/gr-100.com\/wp-content\/uploads\/2023\/08\/logo-gr-100-bikes.png","width":707,"height":284,"caption":"Gr-100"},"image":{"@id":"https:\/\/gr-100.com\/#\/schema\/logo\/image\/"},"sameAs":["https:\/\/www.facebook.com\/Gr100Bikes","https:\/\/www.instagram.com\/gr100bikes\/","https:\/\/www.tiktok.com\/@gr100bikes","https:\/\/twitter.com\/gr100mtbteam","https:\/\/www.youtube.com\/c\/GR100Specialized"]}]}},"_links":{"self":[{"href":"https:\/\/gr-100.com\/pt-pt\/wp-json\/wp\/v2\/product\/384263","targetHints":{"allow":["GET"]}}],"collection":[{"href":"https:\/\/gr-100.com\/pt-pt\/wp-json\/wp\/v2\/product"}],"about":[{"href":"https:\/\/gr-100.com\/pt-pt\/wp-json\/wp\/v2\/types\/product"}],"replies":[{"embeddable":true,"href":"https:\/\/gr-100.com\/pt-pt\/wp-json\/wp\/v2\/comments?post=384263"}],"wp:featuredmedia":[{"embeddable":true,"href":"https:\/\/gr-100.com\/pt-pt\/wp-json\/wp\/v2\/media\/283400"}],"wp:attachment":[{"href":"https:\/\/gr-100.com\/pt-pt\/wp-json\/wp\/v2\/media?parent=384263"}],"wp:term":[{"taxonomy":"product_brand","embeddable":true,"href":"https:\/\/gr-100.com\/pt-pt\/wp-json\/wp\/v2\/product_brand?post=384263"},{"taxonomy":"product_cat","embeddable":true,"href":"https:\/\/gr-100.com\/pt-pt\/wp-json\/wp\/v2\/product_cat?post=384263"},{"taxonomy":"product_tag","embeddable":true,"href":"https:\/\/gr-100.com\/pt-pt\/wp-json\/wp\/v2\/product_tag?post=384263"}],"curies":[{"name":"wp","href":"https:\/\/api.w.org\/{rel}","templated":true}]}}