{"id":384283,"date":"2024-07-01T08:47:55","date_gmt":"2024-07-01T08:47:55","guid":{"rendered":"https:\/\/gr-100.com\/producto\/especializada-aethos-comp-rival-etap-axs-2022\/"},"modified":"2025-11-26T16:22:02","modified_gmt":"2025-11-26T14:22:02","slug":"especializada-aethos-comp-rival-etap-axs-2022","status":"publish","type":"product","link":"https:\/\/gr-100.com\/pt-pt\/producto\/especializada-aethos-comp-rival-etap-axs-2022\/","title":{"rendered":"Specialized Aethos Comp &#8211; Rival Etap AXS 2022"},"content":{"rendered":"<p>CARATER\u00cdSTICAS:<\/p>\n<ul>\n<li>Estrutura: Aethos FACT 10r Carbon, Rider First Engineered\u2122, Threaded BB, 12x142mm thru-axle, disco de montagem plana<\/li>\n<li>Guiador: Queda rasa Specialized , 6061, 70x125mm, grampo de 31,8 mm<\/li>\n<li>Specialized Pro SL, liga, 4 parafusos<\/li>\n<li>Fita: Supacaz Super Sticky Kush<\/li>\n<li>Selim: Body Geometry Power Sport, trilhos de a\u00e7o<\/li>\n<li>Roval Alpinist Carbon Seatpost<\/li>\n<li>Freio dianteiro: SRAM Rival 1, disco hidr\u00e1ulico<\/li>\n<li>Freio traseiro: SRAM Rival 1, disco hidr\u00e1ulico<\/li>\n<li>Shifters: SRAM Rival eTap AXS, hidr\u00e1ulico<\/li>\n<li>Descarrilador dianteiro: SRAM Rival eTAP AXS, braze-on<\/li>\n<li>Derailleur traseiro: SRAM Rival eTap AXS, 12 velocidades<\/li>\n<li>: SRAM Rival, 12 velocidades, 10-36t<\/li>\n<li>Virabrequim: SRAM Rival<\/li>\n<li>An\u00e9is: 48\/35T<\/li>\n<li>Suporte inferior: SRAM DUB BSA 68<\/li>\n<li>Cadeia: SRAM Rival de 12 velocidades<\/li>\n<li>Roda dianteira: Jante DT Swiss R470, largura interna de 20mm, pronto sem tubo, 24h, rolamento totalmente selado Specialized atrav\u00e9s do cubo do eixo, disco de bloqueio central, raios de a\u00e7o inoxid\u00e1vel DT Swiss Champion 14G, mamilos de lat\u00e3o DT Swiss<\/li>\n<li>Roda traseira: Jante DT Swiss R470, largura interna de 20mm, pronto sem tubo, 24h, cubo de eixo de rolamento totalmente selado Specialized , disco de bloqueio central, raios de a\u00e7o inoxid\u00e1vel DT Swiss Champion 14G, mamilos de lat\u00e3o DT Swiss<\/li>\n<li>Pneu dianteiro: Turbo Pro, 60 TPI, tal\u00e3o dobr\u00e1vel, prote\u00e7\u00e3o BlackBelt, 700x26mm<\/li>\n<li>Tampa traseira: Turbo Pro, 60 TPI, tal\u00e3o dobr\u00e1vel, prote\u00e7\u00e3o BlackBelt, 700x26mm<\/li>\n<li>C\u00e2maras: Presta, v\u00e1lvula de 48mm<\/li>\n<\/ul>\n","protected":false},"excerpt":{"rendered":"<p>O Aethos foi concebido para ter uma qualidade de condu\u00e7\u00e3o excecional, extrema leveza e estilo ineg\u00e1vel.<br \/>\nO modelo Aethos Comp n\u00e3o \u00e9 exce\u00e7\u00e3o. <\/p>\n","protected":false},"featured_media":283436,"comment_status":"closed","ping_status":"closed","template":"","meta":{"_acf_changed":false,"_et_pb_use_builder":"","_et_pb_old_content":"","_et_gb_content_width":"","inline_featured_image":false},"product_brand":[],"product_cat":[20,378],"product_tag":[],"class_list":{"0":"post-384283","1":"product","2":"type-product","3":"status-publish","4":"has-post-thumbnail","6":"product_cat-bicicletas-de-carretera","7":"product_cat-estrada","9":"first","10":"outofstock","11":"taxable","12":"shipping-taxable","13":"product-type-variable","14":"wvs-archive-product-wrapper"},"acf":[],"yoast_head":"<!-- This site is optimized with the Yoast SEO Premium plugin v26.7 (Yoast SEO v26.7) - https:\/\/yoast.com\/wordpress\/plugins\/seo\/ -->\n<title>Specialized Aethos Comp - Rival Etap AXS 2022 - GR-100<\/title>\n<meta name=\"description\" content=\"SPECIALIZED AETHOS COMP-RIVAL ETAP AXS . Foi concebido para ter uma qualidade de condu\u00e7\u00e3o excecional, extrema leveza e estilo ineg\u00e1vel.\" \/>\n<meta name=\"robots\" content=\"index, follow, max-snippet:-1, max-image-preview:large, max-video-preview:-1\" \/>\n<link rel=\"canonical\" href=\"https:\/\/gr-100.com\/pt-pt\/producto\/especializada-aethos-comp-rival-etap-axs-2022\/\" \/>\n<meta property=\"og:locale\" content=\"pt_PT\" \/>\n<meta property=\"og:type\" content=\"article\" \/>\n<meta property=\"og:title\" content=\"Specialized Aethos Comp - Rival Etap AXS 2022\" \/>\n<meta property=\"og:description\" content=\"SPECIALIZED AETHOS COMP-RIVAL ETAP AXS . Foi concebido para ter uma qualidade de condu\u00e7\u00e3o excecional, extrema leveza e estilo ineg\u00e1vel.\" \/>\n<meta property=\"og:url\" content=\"https:\/\/gr-100.com\/pt-pt\/producto\/especializada-aethos-comp-rival-etap-axs-2022\/\" \/>\n<meta property=\"og:site_name\" content=\"Gr-100 Tienda de ciclismo Specialized\" \/>\n<meta property=\"article:publisher\" content=\"https:\/\/www.facebook.com\/Gr100Bikes\" \/>\n<meta property=\"article:modified_time\" content=\"2025-11-26T14:22:02+00:00\" \/>\n<meta property=\"og:image\" content=\"https:\/\/gr-100.com\/wp-content\/uploads\/2024\/05\/2-Screenshot-of-Aethos-Comp.jpg\" \/>\n\t<meta property=\"og:image:width\" content=\"1000\" \/>\n\t<meta property=\"og:image:height\" content=\"1000\" \/>\n\t<meta property=\"og:image:type\" content=\"image\/jpeg\" \/>\n<meta name=\"twitter:card\" content=\"summary_large_image\" \/>\n<meta name=\"twitter:label1\" content=\"Tempo estimado de leitura\" \/>\n\t<meta name=\"twitter:data1\" content=\"1 minuto\" \/>\n<script type=\"application\/ld+json\" class=\"yoast-schema-graph\">{\"@context\":\"https:\/\/schema.org\",\"@graph\":[{\"@type\":\"WebPage\",\"@id\":\"https:\/\/gr-100.com\/pt-pt\/producto\/especializada-aethos-comp-rival-etap-axs-2022\/\",\"url\":\"https:\/\/gr-100.com\/pt-pt\/producto\/especializada-aethos-comp-rival-etap-axs-2022\/\",\"name\":\"Specialized Aethos Comp - Rival Etap AXS 2022 - GR-100\",\"isPartOf\":{\"@id\":\"https:\/\/gr-100.com\/#website\"},\"primaryImageOfPage\":{\"@id\":\"https:\/\/gr-100.com\/pt-pt\/producto\/especializada-aethos-comp-rival-etap-axs-2022\/#primaryimage\"},\"image\":{\"@id\":\"https:\/\/gr-100.com\/pt-pt\/producto\/especializada-aethos-comp-rival-etap-axs-2022\/#primaryimage\"},\"thumbnailUrl\":\"https:\/\/gr-100.com\/wp-content\/uploads\/2024\/05\/2-Screenshot-of-Aethos-Comp.jpg\",\"datePublished\":\"2024-07-01T08:47:55+00:00\",\"dateModified\":\"2025-11-26T14:22:02+00:00\",\"description\":\"SPECIALIZED AETHOS COMP-RIVAL ETAP AXS . Foi concebido para ter uma qualidade de condu\u00e7\u00e3o excecional, extrema leveza e estilo ineg\u00e1vel.\",\"breadcrumb\":{\"@id\":\"https:\/\/gr-100.com\/pt-pt\/producto\/especializada-aethos-comp-rival-etap-axs-2022\/#breadcrumb\"},\"inLanguage\":\"pt-PT\",\"potentialAction\":[{\"@type\":\"ReadAction\",\"target\":[\"https:\/\/gr-100.com\/pt-pt\/producto\/especializada-aethos-comp-rival-etap-axs-2022\/\"]}]},{\"@type\":\"ImageObject\",\"inLanguage\":\"pt-PT\",\"@id\":\"https:\/\/gr-100.com\/pt-pt\/producto\/especializada-aethos-comp-rival-etap-axs-2022\/#primaryimage\",\"url\":\"https:\/\/gr-100.com\/wp-content\/uploads\/2024\/05\/2-Screenshot-of-Aethos-Comp.jpg\",\"contentUrl\":\"https:\/\/gr-100.com\/wp-content\/uploads\/2024\/05\/2-Screenshot-of-Aethos-Comp.jpg\",\"width\":1000,\"height\":1000},{\"@type\":\"BreadcrumbList\",\"@id\":\"https:\/\/gr-100.com\/pt-pt\/producto\/especializada-aethos-comp-rival-etap-axs-2022\/#breadcrumb\",\"itemListElement\":[{\"@type\":\"ListItem\",\"position\":1,\"name\":\"Portada\",\"item\":\"https:\/\/gr-100.com\/en\/\"},{\"@type\":\"ListItem\",\"position\":2,\"name\":\"Productos\",\"item\":\"https:\/\/gr-100.com\/?post_type=product\"},{\"@type\":\"ListItem\",\"position\":3,\"name\":\"Specialized Aethos Comp &#8211; Rival Etap AXS 2022\"}]},{\"@type\":\"WebSite\",\"@id\":\"https:\/\/gr-100.com\/#website\",\"url\":\"https:\/\/gr-100.com\/\",\"name\":\"Gr-100 Tienda de ciclismo Specialized\",\"description\":\"GR-100 tenemos todas las gamas de bicicletas Specialized al mejor precio.\",\"publisher\":{\"@id\":\"https:\/\/gr-100.com\/#organization\"},\"alternateName\":\"Gr-100 Bikes\",\"potentialAction\":[{\"@type\":\"SearchAction\",\"target\":{\"@type\":\"EntryPoint\",\"urlTemplate\":\"https:\/\/gr-100.com\/?s={search_term_string}\"},\"query-input\":{\"@type\":\"PropertyValueSpecification\",\"valueRequired\":true,\"valueName\":\"search_term_string\"}}],\"inLanguage\":\"pt-PT\"},{\"@type\":\"Organization\",\"@id\":\"https:\/\/gr-100.com\/#organization\",\"name\":\"Gr-100\",\"url\":\"https:\/\/gr-100.com\/\",\"logo\":{\"@type\":\"ImageObject\",\"inLanguage\":\"pt-PT\",\"@id\":\"https:\/\/gr-100.com\/#\/schema\/logo\/image\/\",\"url\":\"https:\/\/gr-100.com\/wp-content\/uploads\/2023\/08\/logo-gr-100-bikes.png\",\"contentUrl\":\"https:\/\/gr-100.com\/wp-content\/uploads\/2023\/08\/logo-gr-100-bikes.png\",\"width\":707,\"height\":284,\"caption\":\"Gr-100\"},\"image\":{\"@id\":\"https:\/\/gr-100.com\/#\/schema\/logo\/image\/\"},\"sameAs\":[\"https:\/\/www.facebook.com\/Gr100Bikes\",\"https:\/\/www.instagram.com\/gr100bikes\/\",\"https:\/\/www.tiktok.com\/@gr100bikes\",\"https:\/\/twitter.com\/gr100mtbteam\",\"https:\/\/www.youtube.com\/c\/GR100Specialized\"]}]}<\/script>\n<!-- \/ Yoast SEO Premium plugin. -->","yoast_head_json":{"title":"Specialized Aethos Comp - Rival Etap AXS 2022 - GR-100","description":"SPECIALIZED AETHOS COMP-RIVAL ETAP AXS . Foi concebido para ter uma qualidade de condu\u00e7\u00e3o excecional, extrema leveza e estilo ineg\u00e1vel.","robots":{"index":"index","follow":"follow","max-snippet":"max-snippet:-1","max-image-preview":"max-image-preview:large","max-video-preview":"max-video-preview:-1"},"canonical":"https:\/\/gr-100.com\/pt-pt\/producto\/especializada-aethos-comp-rival-etap-axs-2022\/","og_locale":"pt_PT","og_type":"article","og_title":"Specialized Aethos Comp - Rival Etap AXS 2022","og_description":"SPECIALIZED AETHOS COMP-RIVAL ETAP AXS . Foi concebido para ter uma qualidade de condu\u00e7\u00e3o excecional, extrema leveza e estilo ineg\u00e1vel.","og_url":"https:\/\/gr-100.com\/pt-pt\/producto\/especializada-aethos-comp-rival-etap-axs-2022\/","og_site_name":"Gr-100 Tienda de ciclismo Specialized","article_publisher":"https:\/\/www.facebook.com\/Gr100Bikes","article_modified_time":"2025-11-26T14:22:02+00:00","og_image":[{"width":1000,"height":1000,"url":"https:\/\/gr-100.com\/wp-content\/uploads\/2024\/05\/2-Screenshot-of-Aethos-Comp.jpg","type":"image\/jpeg"}],"twitter_card":"summary_large_image","twitter_misc":{"Tempo estimado de leitura":"1 minuto"},"schema":{"@context":"https:\/\/schema.org","@graph":[{"@type":"WebPage","@id":"https:\/\/gr-100.com\/pt-pt\/producto\/especializada-aethos-comp-rival-etap-axs-2022\/","url":"https:\/\/gr-100.com\/pt-pt\/producto\/especializada-aethos-comp-rival-etap-axs-2022\/","name":"Specialized Aethos Comp - Rival Etap AXS 2022 - GR-100","isPartOf":{"@id":"https:\/\/gr-100.com\/#website"},"primaryImageOfPage":{"@id":"https:\/\/gr-100.com\/pt-pt\/producto\/especializada-aethos-comp-rival-etap-axs-2022\/#primaryimage"},"image":{"@id":"https:\/\/gr-100.com\/pt-pt\/producto\/especializada-aethos-comp-rival-etap-axs-2022\/#primaryimage"},"thumbnailUrl":"https:\/\/gr-100.com\/wp-content\/uploads\/2024\/05\/2-Screenshot-of-Aethos-Comp.jpg","datePublished":"2024-07-01T08:47:55+00:00","dateModified":"2025-11-26T14:22:02+00:00","description":"SPECIALIZED AETHOS COMP-RIVAL ETAP AXS . Foi concebido para ter uma qualidade de condu\u00e7\u00e3o excecional, extrema leveza e estilo ineg\u00e1vel.","breadcrumb":{"@id":"https:\/\/gr-100.com\/pt-pt\/producto\/especializada-aethos-comp-rival-etap-axs-2022\/#breadcrumb"},"inLanguage":"pt-PT","potentialAction":[{"@type":"ReadAction","target":["https:\/\/gr-100.com\/pt-pt\/producto\/especializada-aethos-comp-rival-etap-axs-2022\/"]}]},{"@type":"ImageObject","inLanguage":"pt-PT","@id":"https:\/\/gr-100.com\/pt-pt\/producto\/especializada-aethos-comp-rival-etap-axs-2022\/#primaryimage","url":"https:\/\/gr-100.com\/wp-content\/uploads\/2024\/05\/2-Screenshot-of-Aethos-Comp.jpg","contentUrl":"https:\/\/gr-100.com\/wp-content\/uploads\/2024\/05\/2-Screenshot-of-Aethos-Comp.jpg","width":1000,"height":1000},{"@type":"BreadcrumbList","@id":"https:\/\/gr-100.com\/pt-pt\/producto\/especializada-aethos-comp-rival-etap-axs-2022\/#breadcrumb","itemListElement":[{"@type":"ListItem","position":1,"name":"Portada","item":"https:\/\/gr-100.com\/en\/"},{"@type":"ListItem","position":2,"name":"Productos","item":"https:\/\/gr-100.com\/?post_type=product"},{"@type":"ListItem","position":3,"name":"Specialized Aethos Comp &#8211; Rival Etap AXS 2022"}]},{"@type":"WebSite","@id":"https:\/\/gr-100.com\/#website","url":"https:\/\/gr-100.com\/","name":"Gr-100 Tienda de ciclismo Specialized","description":"GR-100 tenemos todas las gamas de bicicletas Specialized al mejor precio.","publisher":{"@id":"https:\/\/gr-100.com\/#organization"},"alternateName":"Gr-100 Bikes","potentialAction":[{"@type":"SearchAction","target":{"@type":"EntryPoint","urlTemplate":"https:\/\/gr-100.com\/?s={search_term_string}"},"query-input":{"@type":"PropertyValueSpecification","valueRequired":true,"valueName":"search_term_string"}}],"inLanguage":"pt-PT"},{"@type":"Organization","@id":"https:\/\/gr-100.com\/#organization","name":"Gr-100","url":"https:\/\/gr-100.com\/","logo":{"@type":"ImageObject","inLanguage":"pt-PT","@id":"https:\/\/gr-100.com\/#\/schema\/logo\/image\/","url":"https:\/\/gr-100.com\/wp-content\/uploads\/2023\/08\/logo-gr-100-bikes.png","contentUrl":"https:\/\/gr-100.com\/wp-content\/uploads\/2023\/08\/logo-gr-100-bikes.png","width":707,"height":284,"caption":"Gr-100"},"image":{"@id":"https:\/\/gr-100.com\/#\/schema\/logo\/image\/"},"sameAs":["https:\/\/www.facebook.com\/Gr100Bikes","https:\/\/www.instagram.com\/gr100bikes\/","https:\/\/www.tiktok.com\/@gr100bikes","https:\/\/twitter.com\/gr100mtbteam","https:\/\/www.youtube.com\/c\/GR100Specialized"]}]}},"_links":{"self":[{"href":"https:\/\/gr-100.com\/pt-pt\/wp-json\/wp\/v2\/product\/384283","targetHints":{"allow":["GET"]}}],"collection":[{"href":"https:\/\/gr-100.com\/pt-pt\/wp-json\/wp\/v2\/product"}],"about":[{"href":"https:\/\/gr-100.com\/pt-pt\/wp-json\/wp\/v2\/types\/product"}],"replies":[{"embeddable":true,"href":"https:\/\/gr-100.com\/pt-pt\/wp-json\/wp\/v2\/comments?post=384283"}],"wp:featuredmedia":[{"embeddable":true,"href":"https:\/\/gr-100.com\/pt-pt\/wp-json\/wp\/v2\/media\/283436"}],"wp:attachment":[{"href":"https:\/\/gr-100.com\/pt-pt\/wp-json\/wp\/v2\/media?parent=384283"}],"wp:term":[{"taxonomy":"product_brand","embeddable":true,"href":"https:\/\/gr-100.com\/pt-pt\/wp-json\/wp\/v2\/product_brand?post=384283"},{"taxonomy":"product_cat","embeddable":true,"href":"https:\/\/gr-100.com\/pt-pt\/wp-json\/wp\/v2\/product_cat?post=384283"},{"taxonomy":"product_tag","embeddable":true,"href":"https:\/\/gr-100.com\/pt-pt\/wp-json\/wp\/v2\/product_tag?post=384283"}],"curies":[{"name":"wp","href":"https:\/\/api.w.org\/{rel}","templated":true}]}}