{"id":384308,"date":"2024-07-01T08:44:31","date_gmt":"2024-07-01T08:44:31","guid":{"rendered":"https:\/\/gr-100.com\/producto\/cannondale-synapse-105-carbono-2021\/"},"modified":"2025-11-26T16:21:10","modified_gmt":"2025-11-26T14:21:10","slug":"cannondale-synapse-105-carbono-2021","status":"publish","type":"product","link":"https:\/\/gr-100.com\/pt-pt\/producto\/cannondale-synapse-105-carbono-2021\/","title":{"rendered":"Cannondale Synapse 105 Carbono 2021"},"content":{"rendered":"<p><iframe src=\"https:\/\/www.youtube.com\/embed\/UknpK54Vas8\" width=\"560\" height=\"315\" frameborder=\"0\" allowfullscreen=\"allowfullscreen\"><\/iframe>  TRANSMISS\u00c3O \u2022 Cannondale BB30 suporte inferior \u2022 Shimano HG601 corrente, 11 velocidades \u2022 Cannondale 1, BB30a, manivela 50\/34 \u2022 Shimano 105 derailleur dianteiro \u2022 Shimano 105, 11-34, rodas dentadas traseiras de 11 velocidades \u2022 Shimano 105 GS derailleur traseiro \u2022 Descarriladores Shimano 105, FRAME de 11 velocidades \u2022 Forquilha BallisTec Full Carbon, pista de coroa integrada, SAVE, design espec\u00edfico de tamanho, eixo de 12x100mm, roteamento interno \u2022 Quadro BallisTec Carbon,  Pronto para Di2, SAVE, BB30a, montagem plana, eixo thru de 12x142mm, roteamento de cabos internos, ponte de para-lamas remov\u00edvel \u2022 Auscultadores Synapse Carbon, integrados, 1-1\/8&#8243; &#8211; 1-1\/8&#8243; (48cm), 1-1\/8&#8243; &#8211; 1-1\/4&#8243; (51-54cm), 1-1\/8&#8243; &#8211; 1- 3\/8&#8243; (56-61cm) JANTES \u2022 cubo dianteiro Formula CL-712, bloqueio central de 12x100mm \u2022 cubo traseiro Formula RXC-400, bloqueio central 12&#215;142 \u2022 Cannondale RD 2.0 Pneus de disco,  Parede dupla com ilh\u00f3, 28 raios \u2022 Raios A\u00e7o inoxid\u00e1vel, 14g \u2022 Tamanho do pneu 30 \u2022 Pneus Vittoria Zaffiro Pro Bright Black, 700 x 30c, refletores \u2022 Tamanho da roda 700c TRAV\u00d5ES \u2022 Alavancas de trav\u00e3o Shimano 105 disco hidr\u00e1ulico \u2022 Freios Shimano 105 disco hidr\u00e1ulico, rotores RT64 160\/160mm COMPONENTES \u2022 Punhos Fita guiador Cannondale, 3,5 mm \u2022 Guiador Cannondale 3,  Liga 6061, compacta \u2022 Selim Fizik New Aliante R5, 150mm de largura, trilhos de liga S \u2022 Cannondale 3 espig\u00e3o, liga 6061, 25,4 x 300mm (48-51), 350mm (54-56), 400mm (58-61) \u2022 Cannondale 3 m\u00e3e, liga 6061, 31,8, 7\u00b0 EXTRA \u2022 Ponte de guarda-lamas remov\u00edvel extra 1<\/p>\n","protected":false},"excerpt":{"rendered":"<p>Quadro leve em carbono BallisTec Shimano 105 groupset com freios a disco hidr\u00e1ulicos Cannondale 1 controle<\/p>\n","protected":false},"featured_media":283178,"comment_status":"closed","ping_status":"closed","template":"","meta":{"_acf_changed":false,"_et_pb_use_builder":"","_et_pb_old_content":"","_et_gb_content_width":"","inline_featured_image":false},"product_brand":[],"product_cat":[20,378],"product_tag":[],"class_list":{"0":"post-384308","1":"product","2":"type-product","3":"status-publish","4":"has-post-thumbnail","6":"product_cat-bicicletas-de-carretera","7":"product_cat-estrada","9":"first","10":"outofstock","11":"taxable","12":"shipping-taxable","13":"product-type-variable","14":"wvs-archive-product-wrapper"},"acf":[],"yoast_head":"<!-- This site is optimized with the Yoast SEO Premium plugin v26.7 (Yoast SEO v26.7) - https:\/\/yoast.com\/wordpress\/plugins\/seo\/ -->\n<title>Cannondale Synapse 105 Carbono 2021 GR-100 CANH\u00c3O<\/title>\n<meta name=\"description\" content=\"CANNONDALE SYNAPSE 105 CARBONO 2021. Quadro leve em carbono BallisTecShimano 105 groupset com trav\u00f5es de disco hidr\u00e1ulicos. Cannondale 1 Controle remoto\" \/>\n<meta name=\"robots\" content=\"index, follow, max-snippet:-1, max-image-preview:large, max-video-preview:-1\" \/>\n<link rel=\"canonical\" href=\"https:\/\/gr-100.com\/pt-pt\/producto\/cannondale-synapse-105-carbono-2021\/\" \/>\n<meta property=\"og:locale\" content=\"pt_PT\" \/>\n<meta property=\"og:type\" content=\"article\" \/>\n<meta property=\"og:title\" content=\"Cannondale Synapse 105 Carbono 2021\" \/>\n<meta property=\"og:description\" content=\"CANNONDALE SYNAPSE 105 CARBONO 2021. Quadro leve em carbono BallisTecShimano 105 groupset com trav\u00f5es de disco hidr\u00e1ulicos. Cannondale 1 Controle remoto\" \/>\n<meta property=\"og:url\" content=\"https:\/\/gr-100.com\/pt-pt\/producto\/cannondale-synapse-105-carbono-2021\/\" \/>\n<meta property=\"og:site_name\" content=\"Gr-100 Tienda de ciclismo Specialized\" \/>\n<meta property=\"article:publisher\" content=\"https:\/\/www.facebook.com\/Gr100Bikes\" \/>\n<meta property=\"article:modified_time\" content=\"2025-11-26T14:21:10+00:00\" \/>\n<meta property=\"og:image\" content=\"https:\/\/gr-100.com\/wp-content\/uploads\/2024\/05\/1-C21_C12371M_Synapse_Crb_1.jpg\" \/>\n\t<meta property=\"og:image:width\" content=\"1000\" \/>\n\t<meta property=\"og:image:height\" content=\"1000\" \/>\n\t<meta property=\"og:image:type\" content=\"image\/jpeg\" \/>\n<meta name=\"twitter:card\" content=\"summary_large_image\" \/>\n<meta name=\"twitter:label1\" content=\"Tempo estimado de leitura\" \/>\n\t<meta name=\"twitter:data1\" content=\"1 minuto\" \/>\n<script type=\"application\/ld+json\" class=\"yoast-schema-graph\">{\"@context\":\"https:\/\/schema.org\",\"@graph\":[{\"@type\":\"WebPage\",\"@id\":\"https:\/\/gr-100.com\/pt-pt\/producto\/cannondale-synapse-105-carbono-2021\/\",\"url\":\"https:\/\/gr-100.com\/pt-pt\/producto\/cannondale-synapse-105-carbono-2021\/\",\"name\":\"Cannondale Synapse 105 Carbono 2021 GR-100 CANH\u00c3O\",\"isPartOf\":{\"@id\":\"https:\/\/gr-100.com\/#website\"},\"primaryImageOfPage\":{\"@id\":\"https:\/\/gr-100.com\/pt-pt\/producto\/cannondale-synapse-105-carbono-2021\/#primaryimage\"},\"image\":{\"@id\":\"https:\/\/gr-100.com\/pt-pt\/producto\/cannondale-synapse-105-carbono-2021\/#primaryimage\"},\"thumbnailUrl\":\"https:\/\/gr-100.com\/wp-content\/uploads\/2024\/05\/1-C21_C12371M_Synapse_Crb_1.jpg\",\"datePublished\":\"2024-07-01T08:44:31+00:00\",\"dateModified\":\"2025-11-26T14:21:10+00:00\",\"description\":\"CANNONDALE SYNAPSE 105 CARBONO 2021. Quadro leve em carbono BallisTecShimano 105 groupset com trav\u00f5es de disco hidr\u00e1ulicos. Cannondale 1 Controle remoto\",\"breadcrumb\":{\"@id\":\"https:\/\/gr-100.com\/pt-pt\/producto\/cannondale-synapse-105-carbono-2021\/#breadcrumb\"},\"inLanguage\":\"pt-PT\",\"potentialAction\":[{\"@type\":\"ReadAction\",\"target\":[\"https:\/\/gr-100.com\/pt-pt\/producto\/cannondale-synapse-105-carbono-2021\/\"]}]},{\"@type\":\"ImageObject\",\"inLanguage\":\"pt-PT\",\"@id\":\"https:\/\/gr-100.com\/pt-pt\/producto\/cannondale-synapse-105-carbono-2021\/#primaryimage\",\"url\":\"https:\/\/gr-100.com\/wp-content\/uploads\/2024\/05\/1-C21_C12371M_Synapse_Crb_1.jpg\",\"contentUrl\":\"https:\/\/gr-100.com\/wp-content\/uploads\/2024\/05\/1-C21_C12371M_Synapse_Crb_1.jpg\",\"width\":1000,\"height\":1000},{\"@type\":\"BreadcrumbList\",\"@id\":\"https:\/\/gr-100.com\/pt-pt\/producto\/cannondale-synapse-105-carbono-2021\/#breadcrumb\",\"itemListElement\":[{\"@type\":\"ListItem\",\"position\":1,\"name\":\"Portada\",\"item\":\"https:\/\/gr-100.com\/en\/\"},{\"@type\":\"ListItem\",\"position\":2,\"name\":\"Productos\",\"item\":\"https:\/\/gr-100.com\/?post_type=product\"},{\"@type\":\"ListItem\",\"position\":3,\"name\":\"Cannondale Synapse 105 Carbono 2021\"}]},{\"@type\":\"WebSite\",\"@id\":\"https:\/\/gr-100.com\/#website\",\"url\":\"https:\/\/gr-100.com\/\",\"name\":\"Gr-100 Tienda de ciclismo Specialized\",\"description\":\"GR-100 tenemos todas las gamas de bicicletas Specialized al mejor precio.\",\"publisher\":{\"@id\":\"https:\/\/gr-100.com\/#organization\"},\"alternateName\":\"Gr-100 Bikes\",\"potentialAction\":[{\"@type\":\"SearchAction\",\"target\":{\"@type\":\"EntryPoint\",\"urlTemplate\":\"https:\/\/gr-100.com\/?s={search_term_string}\"},\"query-input\":{\"@type\":\"PropertyValueSpecification\",\"valueRequired\":true,\"valueName\":\"search_term_string\"}}],\"inLanguage\":\"pt-PT\"},{\"@type\":\"Organization\",\"@id\":\"https:\/\/gr-100.com\/#organization\",\"name\":\"Gr-100\",\"url\":\"https:\/\/gr-100.com\/\",\"logo\":{\"@type\":\"ImageObject\",\"inLanguage\":\"pt-PT\",\"@id\":\"https:\/\/gr-100.com\/#\/schema\/logo\/image\/\",\"url\":\"https:\/\/gr-100.com\/wp-content\/uploads\/2023\/08\/logo-gr-100-bikes.png\",\"contentUrl\":\"https:\/\/gr-100.com\/wp-content\/uploads\/2023\/08\/logo-gr-100-bikes.png\",\"width\":707,\"height\":284,\"caption\":\"Gr-100\"},\"image\":{\"@id\":\"https:\/\/gr-100.com\/#\/schema\/logo\/image\/\"},\"sameAs\":[\"https:\/\/www.facebook.com\/Gr100Bikes\",\"https:\/\/www.instagram.com\/gr100bikes\/\",\"https:\/\/www.tiktok.com\/@gr100bikes\",\"https:\/\/twitter.com\/gr100mtbteam\",\"https:\/\/www.youtube.com\/c\/GR100Specialized\"]}]}<\/script>\n<!-- \/ Yoast SEO Premium plugin. -->","yoast_head_json":{"title":"Cannondale Synapse 105 Carbono 2021 GR-100 CANH\u00c3O","description":"CANNONDALE SYNAPSE 105 CARBONO 2021. Quadro leve em carbono BallisTecShimano 105 groupset com trav\u00f5es de disco hidr\u00e1ulicos. Cannondale 1 Controle remoto","robots":{"index":"index","follow":"follow","max-snippet":"max-snippet:-1","max-image-preview":"max-image-preview:large","max-video-preview":"max-video-preview:-1"},"canonical":"https:\/\/gr-100.com\/pt-pt\/producto\/cannondale-synapse-105-carbono-2021\/","og_locale":"pt_PT","og_type":"article","og_title":"Cannondale Synapse 105 Carbono 2021","og_description":"CANNONDALE SYNAPSE 105 CARBONO 2021. Quadro leve em carbono BallisTecShimano 105 groupset com trav\u00f5es de disco hidr\u00e1ulicos. Cannondale 1 Controle remoto","og_url":"https:\/\/gr-100.com\/pt-pt\/producto\/cannondale-synapse-105-carbono-2021\/","og_site_name":"Gr-100 Tienda de ciclismo Specialized","article_publisher":"https:\/\/www.facebook.com\/Gr100Bikes","article_modified_time":"2025-11-26T14:21:10+00:00","og_image":[{"width":1000,"height":1000,"url":"https:\/\/gr-100.com\/wp-content\/uploads\/2024\/05\/1-C21_C12371M_Synapse_Crb_1.jpg","type":"image\/jpeg"}],"twitter_card":"summary_large_image","twitter_misc":{"Tempo estimado de leitura":"1 minuto"},"schema":{"@context":"https:\/\/schema.org","@graph":[{"@type":"WebPage","@id":"https:\/\/gr-100.com\/pt-pt\/producto\/cannondale-synapse-105-carbono-2021\/","url":"https:\/\/gr-100.com\/pt-pt\/producto\/cannondale-synapse-105-carbono-2021\/","name":"Cannondale Synapse 105 Carbono 2021 GR-100 CANH\u00c3O","isPartOf":{"@id":"https:\/\/gr-100.com\/#website"},"primaryImageOfPage":{"@id":"https:\/\/gr-100.com\/pt-pt\/producto\/cannondale-synapse-105-carbono-2021\/#primaryimage"},"image":{"@id":"https:\/\/gr-100.com\/pt-pt\/producto\/cannondale-synapse-105-carbono-2021\/#primaryimage"},"thumbnailUrl":"https:\/\/gr-100.com\/wp-content\/uploads\/2024\/05\/1-C21_C12371M_Synapse_Crb_1.jpg","datePublished":"2024-07-01T08:44:31+00:00","dateModified":"2025-11-26T14:21:10+00:00","description":"CANNONDALE SYNAPSE 105 CARBONO 2021. Quadro leve em carbono BallisTecShimano 105 groupset com trav\u00f5es de disco hidr\u00e1ulicos. Cannondale 1 Controle remoto","breadcrumb":{"@id":"https:\/\/gr-100.com\/pt-pt\/producto\/cannondale-synapse-105-carbono-2021\/#breadcrumb"},"inLanguage":"pt-PT","potentialAction":[{"@type":"ReadAction","target":["https:\/\/gr-100.com\/pt-pt\/producto\/cannondale-synapse-105-carbono-2021\/"]}]},{"@type":"ImageObject","inLanguage":"pt-PT","@id":"https:\/\/gr-100.com\/pt-pt\/producto\/cannondale-synapse-105-carbono-2021\/#primaryimage","url":"https:\/\/gr-100.com\/wp-content\/uploads\/2024\/05\/1-C21_C12371M_Synapse_Crb_1.jpg","contentUrl":"https:\/\/gr-100.com\/wp-content\/uploads\/2024\/05\/1-C21_C12371M_Synapse_Crb_1.jpg","width":1000,"height":1000},{"@type":"BreadcrumbList","@id":"https:\/\/gr-100.com\/pt-pt\/producto\/cannondale-synapse-105-carbono-2021\/#breadcrumb","itemListElement":[{"@type":"ListItem","position":1,"name":"Portada","item":"https:\/\/gr-100.com\/en\/"},{"@type":"ListItem","position":2,"name":"Productos","item":"https:\/\/gr-100.com\/?post_type=product"},{"@type":"ListItem","position":3,"name":"Cannondale Synapse 105 Carbono 2021"}]},{"@type":"WebSite","@id":"https:\/\/gr-100.com\/#website","url":"https:\/\/gr-100.com\/","name":"Gr-100 Tienda de ciclismo Specialized","description":"GR-100 tenemos todas las gamas de bicicletas Specialized al mejor precio.","publisher":{"@id":"https:\/\/gr-100.com\/#organization"},"alternateName":"Gr-100 Bikes","potentialAction":[{"@type":"SearchAction","target":{"@type":"EntryPoint","urlTemplate":"https:\/\/gr-100.com\/?s={search_term_string}"},"query-input":{"@type":"PropertyValueSpecification","valueRequired":true,"valueName":"search_term_string"}}],"inLanguage":"pt-PT"},{"@type":"Organization","@id":"https:\/\/gr-100.com\/#organization","name":"Gr-100","url":"https:\/\/gr-100.com\/","logo":{"@type":"ImageObject","inLanguage":"pt-PT","@id":"https:\/\/gr-100.com\/#\/schema\/logo\/image\/","url":"https:\/\/gr-100.com\/wp-content\/uploads\/2023\/08\/logo-gr-100-bikes.png","contentUrl":"https:\/\/gr-100.com\/wp-content\/uploads\/2023\/08\/logo-gr-100-bikes.png","width":707,"height":284,"caption":"Gr-100"},"image":{"@id":"https:\/\/gr-100.com\/#\/schema\/logo\/image\/"},"sameAs":["https:\/\/www.facebook.com\/Gr100Bikes","https:\/\/www.instagram.com\/gr100bikes\/","https:\/\/www.tiktok.com\/@gr100bikes","https:\/\/twitter.com\/gr100mtbteam","https:\/\/www.youtube.com\/c\/GR100Specialized"]}]}},"_links":{"self":[{"href":"https:\/\/gr-100.com\/pt-pt\/wp-json\/wp\/v2\/product\/384308","targetHints":{"allow":["GET"]}}],"collection":[{"href":"https:\/\/gr-100.com\/pt-pt\/wp-json\/wp\/v2\/product"}],"about":[{"href":"https:\/\/gr-100.com\/pt-pt\/wp-json\/wp\/v2\/types\/product"}],"replies":[{"embeddable":true,"href":"https:\/\/gr-100.com\/pt-pt\/wp-json\/wp\/v2\/comments?post=384308"}],"wp:featuredmedia":[{"embeddable":true,"href":"https:\/\/gr-100.com\/pt-pt\/wp-json\/wp\/v2\/media\/283178"}],"wp:attachment":[{"href":"https:\/\/gr-100.com\/pt-pt\/wp-json\/wp\/v2\/media?parent=384308"}],"wp:term":[{"taxonomy":"product_brand","embeddable":true,"href":"https:\/\/gr-100.com\/pt-pt\/wp-json\/wp\/v2\/product_brand?post=384308"},{"taxonomy":"product_cat","embeddable":true,"href":"https:\/\/gr-100.com\/pt-pt\/wp-json\/wp\/v2\/product_cat?post=384308"},{"taxonomy":"product_tag","embeddable":true,"href":"https:\/\/gr-100.com\/pt-pt\/wp-json\/wp\/v2\/product_tag?post=384308"}],"curies":[{"name":"wp","href":"https:\/\/api.w.org\/{rel}","templated":true}]}}