{"id":384323,"date":"2024-07-01T08:28:01","date_gmt":"2024-07-01T08:28:01","guid":{"rendered":"https:\/\/gr-100.com\/producto\/cannondale-s6-evo-disco-de-carbono-ultegra-2022\/"},"modified":"2025-12-18T16:46:31","modified_gmt":"2025-12-18T14:46:31","slug":"cannondale-s6-evo-disco-de-carbono-ultegra-2022","status":"publish","type":"product","link":"https:\/\/gr-100.com\/pt-pt\/producto\/cannondale-s6-evo-disco-de-carbono-ultegra-2022\/","title":{"rendered":"Cannondale S6 Evo Disco de Carbono Ultegra 2022"},"content":{"rendered":"<p>CARATER\u00cdSTICAS:  <\/p>\n<ul>\n<li>BallisTec Carbon Frame, Roteamento de cabo integrado com placa de comutador, Thru-Axle de libera\u00e7\u00e3o de velocidade 12&#215;142, SAVE, PF30a, Disco de montagem plana, Fecho de assento integrado<\/li>\n<li>Garfo de carbono BallisTec, SAVE, trilha de coroa integrada, eixo thru de libera\u00e7\u00e3o de velocidade de 12x100mm, disco de montagem plana, roteamento interno, tubo de cabe\u00e7a de 1-1\/8&#8243; a 1-1\/4&#8243; e deslocamento de 55mm (44-54cm), tubo de cabe\u00e7a de 1\/8&#8243; a 1-3\/8&#8243; e deslocamento de 45mm (56-62cm)<\/li>\n<li>HollowGram 35 jantes, carbono, 24 h \u00e0 frente, 28 h atr\u00e1s, 35 mm de profundidade, 19 mm IW, pronto sem tubo<\/li>\n<li>Casquilhos (F) HollowGram, rolamento selado 12x100mm centerlock \/ (R) HollowGram 3 pe\u00f5es, rolamento selado, 12x142mm centerlock<\/li>\n<li>HollowGram 2.0 \/ 1.8 \/ 2.0 Raios<\/li>\n<li>Vittoria Rubino Pro Pneus Bright Black, 700 x 25c, banda refletora<\/li>\n<li>Pedais n\u00e3o inclu\u00eddos<\/li>\n<li>Cannondale 1 Manivela, BB30a, 50\/34<\/li>\n<li>Cannondale Alloy PressFit30 suporte inferior<\/li>\n<li>Corrente Shimano HG601, 11 velocidades<\/li>\n<li>Rodas dentadas traseiras Shimano 105, 11-32, 11 velocidades<\/li>\n<li>Shimano Ultegra derailleur dianteiro, sold\u00e1vel<\/li>\n<li>Shimano Ultegra derailleur traseiro<\/li>\n<li>Shimano Ultegra Shifters de 11 velocidades<\/li>\n<li>HollowGram SAVE Guiador SystemBar, carbono, 8 graus.<br \/>\nAjuste de tom <\/li>\n<li>Punhos de fita de guiador Cannondale, 3,5 mm<\/li>\n<li>Haste KN\u00d8T HollowGram, liga com revestimento de cabo, -6\u00b0<\/li>\n<li>Auscultadores integrados, 1-1\/8&#8243; &#8211; 1-1\/4&#8243; (44-54 cm), 1-1\/8&#8243; &#8211; 1-3\/8&#8243; (56-62 cm)<\/li>\n<li>Freios Shimano Ultegra disco hidr\u00e1ulico, rotores 160\/160mm RT800<\/li>\n<li>Nago RS STN Prologo Sela<\/li>\n<li>Espig\u00e3o de assento HollowGram 27 SL KN\u00d8T, carbono, bra\u00e7adeira de 2 parafusos, 330 mm<\/li>\n<\/ul>\n","protected":false},"excerpt":{"rendered":"<p>Quadro de carbono BallisTec leve e de baixo arrasto Conectividade integrada com a aplica\u00e7\u00e3o Cannondale \/ Conjunto de rodas de carbono Shimano Ultegra HollowGram 35 \/ SAVE SystemBar<\/p>\n","protected":false},"featured_media":282003,"comment_status":"closed","ping_status":"closed","template":"","meta":{"_acf_changed":false,"_et_pb_use_builder":"","_et_pb_old_content":"","_et_gb_content_width":"","inline_featured_image":false},"product_brand":[],"product_cat":[20,378],"product_tag":[],"class_list":{"0":"post-384323","1":"product","2":"type-product","3":"status-publish","4":"has-post-thumbnail","6":"product_cat-bicicletas-de-carretera","7":"product_cat-estrada","9":"first","10":"outofstock","11":"taxable","12":"shipping-taxable","13":"product-type-variable","14":"wvs-archive-product-wrapper"},"acf":[],"yoast_head":"<!-- This site is optimized with the Yoast SEO Premium plugin v26.7 (Yoast SEO v26.7) - https:\/\/yoast.com\/wordpress\/plugins\/seo\/ -->\n<title>Cannondale S6 Evo Disco de Carbono Ultegra 2022 GR-100<\/title>\n<meta name=\"description\" content=\"CANNONDALE SUPERSIX EVO CARBON DISC ULTEGRA 2022. Quadro leve em carbono BallisTec e baixa resist\u00eancia. Conectividade integrada com a aplica\u00e7\u00e3o.\" \/>\n<meta name=\"robots\" content=\"index, follow, max-snippet:-1, max-image-preview:large, max-video-preview:-1\" \/>\n<link rel=\"canonical\" href=\"https:\/\/gr-100.com\/pt-pt\/producto\/cannondale-s6-evo-disco-de-carbono-ultegra-2022\/\" \/>\n<meta property=\"og:locale\" content=\"pt_PT\" \/>\n<meta property=\"og:type\" content=\"article\" \/>\n<meta property=\"og:title\" content=\"Cannondale S6 Evo Disco de Carbono Ultegra 2022\" \/>\n<meta property=\"og:description\" content=\"CANNONDALE SUPERSIX EVO CARBON DISC ULTEGRA 2022. Quadro leve em carbono BallisTec e baixa resist\u00eancia. Conectividade integrada com a aplica\u00e7\u00e3o.\" \/>\n<meta property=\"og:url\" content=\"https:\/\/gr-100.com\/pt-pt\/producto\/cannondale-s6-evo-disco-de-carbono-ultegra-2022\/\" \/>\n<meta property=\"og:site_name\" content=\"Gr-100 Tienda de ciclismo Specialized\" \/>\n<meta property=\"article:publisher\" content=\"https:\/\/www.facebook.com\/Gr100Bikes\" \/>\n<meta property=\"article:modified_time\" content=\"2025-12-18T14:46:31+00:00\" \/>\n<meta property=\"og:image\" content=\"https:\/\/gr-100.com\/wp-content\/uploads\/2024\/05\/1-C21_C11671M_SuperSix_EVO_.jpg\" \/>\n\t<meta property=\"og:image:width\" content=\"1000\" \/>\n\t<meta property=\"og:image:height\" content=\"1000\" \/>\n\t<meta property=\"og:image:type\" content=\"image\/jpeg\" \/>\n<meta name=\"twitter:card\" content=\"summary_large_image\" \/>\n<meta name=\"twitter:label1\" content=\"Tempo estimado de leitura\" \/>\n\t<meta name=\"twitter:data1\" content=\"1 minuto\" \/>\n<script type=\"application\/ld+json\" class=\"yoast-schema-graph\">{\"@context\":\"https:\/\/schema.org\",\"@graph\":[{\"@type\":\"WebPage\",\"@id\":\"https:\/\/gr-100.com\/pt-pt\/producto\/cannondale-s6-evo-disco-de-carbono-ultegra-2022\/\",\"url\":\"https:\/\/gr-100.com\/pt-pt\/producto\/cannondale-s6-evo-disco-de-carbono-ultegra-2022\/\",\"name\":\"Cannondale S6 Evo Disco de Carbono Ultegra 2022 GR-100\",\"isPartOf\":{\"@id\":\"https:\/\/gr-100.com\/#website\"},\"primaryImageOfPage\":{\"@id\":\"https:\/\/gr-100.com\/pt-pt\/producto\/cannondale-s6-evo-disco-de-carbono-ultegra-2022\/#primaryimage\"},\"image\":{\"@id\":\"https:\/\/gr-100.com\/pt-pt\/producto\/cannondale-s6-evo-disco-de-carbono-ultegra-2022\/#primaryimage\"},\"thumbnailUrl\":\"https:\/\/gr-100.com\/wp-content\/uploads\/2024\/05\/1-C21_C11671M_SuperSix_EVO_.jpg\",\"datePublished\":\"2024-07-01T08:28:01+00:00\",\"dateModified\":\"2025-12-18T14:46:31+00:00\",\"description\":\"CANNONDALE SUPERSIX EVO CARBON DISC ULTEGRA 2022. Quadro leve em carbono BallisTec e baixa resist\u00eancia. Conectividade integrada com a aplica\u00e7\u00e3o.\",\"breadcrumb\":{\"@id\":\"https:\/\/gr-100.com\/pt-pt\/producto\/cannondale-s6-evo-disco-de-carbono-ultegra-2022\/#breadcrumb\"},\"inLanguage\":\"pt-PT\",\"potentialAction\":[{\"@type\":\"ReadAction\",\"target\":[\"https:\/\/gr-100.com\/pt-pt\/producto\/cannondale-s6-evo-disco-de-carbono-ultegra-2022\/\"]}]},{\"@type\":\"ImageObject\",\"inLanguage\":\"pt-PT\",\"@id\":\"https:\/\/gr-100.com\/pt-pt\/producto\/cannondale-s6-evo-disco-de-carbono-ultegra-2022\/#primaryimage\",\"url\":\"https:\/\/gr-100.com\/wp-content\/uploads\/2024\/05\/1-C21_C11671M_SuperSix_EVO_.jpg\",\"contentUrl\":\"https:\/\/gr-100.com\/wp-content\/uploads\/2024\/05\/1-C21_C11671M_SuperSix_EVO_.jpg\",\"width\":1000,\"height\":1000},{\"@type\":\"BreadcrumbList\",\"@id\":\"https:\/\/gr-100.com\/pt-pt\/producto\/cannondale-s6-evo-disco-de-carbono-ultegra-2022\/#breadcrumb\",\"itemListElement\":[{\"@type\":\"ListItem\",\"position\":1,\"name\":\"Portada\",\"item\":\"https:\/\/gr-100.com\/en\/\"},{\"@type\":\"ListItem\",\"position\":2,\"name\":\"Productos\",\"item\":\"https:\/\/gr-100.com\/?post_type=product\"},{\"@type\":\"ListItem\",\"position\":3,\"name\":\"Cannondale S6 Evo Disco de Carbono Ultegra 2022\"}]},{\"@type\":\"WebSite\",\"@id\":\"https:\/\/gr-100.com\/#website\",\"url\":\"https:\/\/gr-100.com\/\",\"name\":\"Gr-100 Tienda de ciclismo Specialized\",\"description\":\"GR-100 tenemos todas las gamas de bicicletas Specialized al mejor precio.\",\"publisher\":{\"@id\":\"https:\/\/gr-100.com\/#organization\"},\"alternateName\":\"Gr-100 Bikes\",\"potentialAction\":[{\"@type\":\"SearchAction\",\"target\":{\"@type\":\"EntryPoint\",\"urlTemplate\":\"https:\/\/gr-100.com\/?s={search_term_string}\"},\"query-input\":{\"@type\":\"PropertyValueSpecification\",\"valueRequired\":true,\"valueName\":\"search_term_string\"}}],\"inLanguage\":\"pt-PT\"},{\"@type\":\"Organization\",\"@id\":\"https:\/\/gr-100.com\/#organization\",\"name\":\"Gr-100\",\"url\":\"https:\/\/gr-100.com\/\",\"logo\":{\"@type\":\"ImageObject\",\"inLanguage\":\"pt-PT\",\"@id\":\"https:\/\/gr-100.com\/#\/schema\/logo\/image\/\",\"url\":\"https:\/\/gr-100.com\/wp-content\/uploads\/2023\/08\/logo-gr-100-bikes.png\",\"contentUrl\":\"https:\/\/gr-100.com\/wp-content\/uploads\/2023\/08\/logo-gr-100-bikes.png\",\"width\":707,\"height\":284,\"caption\":\"Gr-100\"},\"image\":{\"@id\":\"https:\/\/gr-100.com\/#\/schema\/logo\/image\/\"},\"sameAs\":[\"https:\/\/www.facebook.com\/Gr100Bikes\",\"https:\/\/www.instagram.com\/gr100bikes\/\",\"https:\/\/www.tiktok.com\/@gr100bikes\",\"https:\/\/twitter.com\/gr100mtbteam\",\"https:\/\/www.youtube.com\/c\/GR100Specialized\"]}]}<\/script>\n<!-- \/ Yoast SEO Premium plugin. -->","yoast_head_json":{"title":"Cannondale S6 Evo Disco de Carbono Ultegra 2022 GR-100","description":"CANNONDALE SUPERSIX EVO CARBON DISC ULTEGRA 2022. Quadro leve em carbono BallisTec e baixa resist\u00eancia. Conectividade integrada com a aplica\u00e7\u00e3o.","robots":{"index":"index","follow":"follow","max-snippet":"max-snippet:-1","max-image-preview":"max-image-preview:large","max-video-preview":"max-video-preview:-1"},"canonical":"https:\/\/gr-100.com\/pt-pt\/producto\/cannondale-s6-evo-disco-de-carbono-ultegra-2022\/","og_locale":"pt_PT","og_type":"article","og_title":"Cannondale S6 Evo Disco de Carbono Ultegra 2022","og_description":"CANNONDALE SUPERSIX EVO CARBON DISC ULTEGRA 2022. Quadro leve em carbono BallisTec e baixa resist\u00eancia. Conectividade integrada com a aplica\u00e7\u00e3o.","og_url":"https:\/\/gr-100.com\/pt-pt\/producto\/cannondale-s6-evo-disco-de-carbono-ultegra-2022\/","og_site_name":"Gr-100 Tienda de ciclismo Specialized","article_publisher":"https:\/\/www.facebook.com\/Gr100Bikes","article_modified_time":"2025-12-18T14:46:31+00:00","og_image":[{"width":1000,"height":1000,"url":"https:\/\/gr-100.com\/wp-content\/uploads\/2024\/05\/1-C21_C11671M_SuperSix_EVO_.jpg","type":"image\/jpeg"}],"twitter_card":"summary_large_image","twitter_misc":{"Tempo estimado de leitura":"1 minuto"},"schema":{"@context":"https:\/\/schema.org","@graph":[{"@type":"WebPage","@id":"https:\/\/gr-100.com\/pt-pt\/producto\/cannondale-s6-evo-disco-de-carbono-ultegra-2022\/","url":"https:\/\/gr-100.com\/pt-pt\/producto\/cannondale-s6-evo-disco-de-carbono-ultegra-2022\/","name":"Cannondale S6 Evo Disco de Carbono Ultegra 2022 GR-100","isPartOf":{"@id":"https:\/\/gr-100.com\/#website"},"primaryImageOfPage":{"@id":"https:\/\/gr-100.com\/pt-pt\/producto\/cannondale-s6-evo-disco-de-carbono-ultegra-2022\/#primaryimage"},"image":{"@id":"https:\/\/gr-100.com\/pt-pt\/producto\/cannondale-s6-evo-disco-de-carbono-ultegra-2022\/#primaryimage"},"thumbnailUrl":"https:\/\/gr-100.com\/wp-content\/uploads\/2024\/05\/1-C21_C11671M_SuperSix_EVO_.jpg","datePublished":"2024-07-01T08:28:01+00:00","dateModified":"2025-12-18T14:46:31+00:00","description":"CANNONDALE SUPERSIX EVO CARBON DISC ULTEGRA 2022. Quadro leve em carbono BallisTec e baixa resist\u00eancia. Conectividade integrada com a aplica\u00e7\u00e3o.","breadcrumb":{"@id":"https:\/\/gr-100.com\/pt-pt\/producto\/cannondale-s6-evo-disco-de-carbono-ultegra-2022\/#breadcrumb"},"inLanguage":"pt-PT","potentialAction":[{"@type":"ReadAction","target":["https:\/\/gr-100.com\/pt-pt\/producto\/cannondale-s6-evo-disco-de-carbono-ultegra-2022\/"]}]},{"@type":"ImageObject","inLanguage":"pt-PT","@id":"https:\/\/gr-100.com\/pt-pt\/producto\/cannondale-s6-evo-disco-de-carbono-ultegra-2022\/#primaryimage","url":"https:\/\/gr-100.com\/wp-content\/uploads\/2024\/05\/1-C21_C11671M_SuperSix_EVO_.jpg","contentUrl":"https:\/\/gr-100.com\/wp-content\/uploads\/2024\/05\/1-C21_C11671M_SuperSix_EVO_.jpg","width":1000,"height":1000},{"@type":"BreadcrumbList","@id":"https:\/\/gr-100.com\/pt-pt\/producto\/cannondale-s6-evo-disco-de-carbono-ultegra-2022\/#breadcrumb","itemListElement":[{"@type":"ListItem","position":1,"name":"Portada","item":"https:\/\/gr-100.com\/en\/"},{"@type":"ListItem","position":2,"name":"Productos","item":"https:\/\/gr-100.com\/?post_type=product"},{"@type":"ListItem","position":3,"name":"Cannondale S6 Evo Disco de Carbono Ultegra 2022"}]},{"@type":"WebSite","@id":"https:\/\/gr-100.com\/#website","url":"https:\/\/gr-100.com\/","name":"Gr-100 Tienda de ciclismo Specialized","description":"GR-100 tenemos todas las gamas de bicicletas Specialized al mejor precio.","publisher":{"@id":"https:\/\/gr-100.com\/#organization"},"alternateName":"Gr-100 Bikes","potentialAction":[{"@type":"SearchAction","target":{"@type":"EntryPoint","urlTemplate":"https:\/\/gr-100.com\/?s={search_term_string}"},"query-input":{"@type":"PropertyValueSpecification","valueRequired":true,"valueName":"search_term_string"}}],"inLanguage":"pt-PT"},{"@type":"Organization","@id":"https:\/\/gr-100.com\/#organization","name":"Gr-100","url":"https:\/\/gr-100.com\/","logo":{"@type":"ImageObject","inLanguage":"pt-PT","@id":"https:\/\/gr-100.com\/#\/schema\/logo\/image\/","url":"https:\/\/gr-100.com\/wp-content\/uploads\/2023\/08\/logo-gr-100-bikes.png","contentUrl":"https:\/\/gr-100.com\/wp-content\/uploads\/2023\/08\/logo-gr-100-bikes.png","width":707,"height":284,"caption":"Gr-100"},"image":{"@id":"https:\/\/gr-100.com\/#\/schema\/logo\/image\/"},"sameAs":["https:\/\/www.facebook.com\/Gr100Bikes","https:\/\/www.instagram.com\/gr100bikes\/","https:\/\/www.tiktok.com\/@gr100bikes","https:\/\/twitter.com\/gr100mtbteam","https:\/\/www.youtube.com\/c\/GR100Specialized"]}]}},"_links":{"self":[{"href":"https:\/\/gr-100.com\/pt-pt\/wp-json\/wp\/v2\/product\/384323","targetHints":{"allow":["GET"]}}],"collection":[{"href":"https:\/\/gr-100.com\/pt-pt\/wp-json\/wp\/v2\/product"}],"about":[{"href":"https:\/\/gr-100.com\/pt-pt\/wp-json\/wp\/v2\/types\/product"}],"replies":[{"embeddable":true,"href":"https:\/\/gr-100.com\/pt-pt\/wp-json\/wp\/v2\/comments?post=384323"}],"wp:featuredmedia":[{"embeddable":true,"href":"https:\/\/gr-100.com\/pt-pt\/wp-json\/wp\/v2\/media\/282003"}],"wp:attachment":[{"href":"https:\/\/gr-100.com\/pt-pt\/wp-json\/wp\/v2\/media?parent=384323"}],"wp:term":[{"taxonomy":"product_brand","embeddable":true,"href":"https:\/\/gr-100.com\/pt-pt\/wp-json\/wp\/v2\/product_brand?post=384323"},{"taxonomy":"product_cat","embeddable":true,"href":"https:\/\/gr-100.com\/pt-pt\/wp-json\/wp\/v2\/product_cat?post=384323"},{"taxonomy":"product_tag","embeddable":true,"href":"https:\/\/gr-100.com\/pt-pt\/wp-json\/wp\/v2\/product_tag?post=384323"}],"curies":[{"name":"wp","href":"https:\/\/api.w.org\/{rel}","templated":true}]}}