{"id":384331,"date":"2024-07-01T08:29:42","date_gmt":"2024-07-01T08:29:42","guid":{"rendered":"https:\/\/gr-100.com\/producto\/especialista-aethos-expert-2021\/"},"modified":"2025-12-18T16:46:39","modified_gmt":"2025-12-18T14:46:39","slug":"especialista-aethos-expert-2021","status":"publish","type":"product","link":"https:\/\/gr-100.com\/pt-pt\/producto\/especialista-aethos-expert-2021\/","title":{"rendered":"Specialized Especialista Aethos 2021"},"content":{"rendered":"<ul>\n<li>Aethos FACT 10r Carbon FRAME, Rider First Engineered\u2122, Threaded BB, 12x142mm thru-axle, disco de montagem plana<\/li>\n<li>FACTO Garfo de carbono, eixo thru de 12x100mm, disco de montagem plana<\/li>\n<li>Specialized especializado Guiador de gota rasa, liga, queda de 125mm x alcance de 75mm<\/li>\n<li>STEM Specialized Pro SL, liga, 4 parafusos<\/li>\n<li>Supacaz Super Fita Kush Pegajosa<\/li>\n<li>Geometria Corporal Power Expert Sela, Trilhos ocos de tit\u00e2nio<\/li>\n<li>Roval de assento de carbono Roval Alpinist<\/li>\n<li>Specialized SELIM, 30.0mm<\/li>\n<li>FREIO DIANTEIRO Shimano Ultegra R8070, disco hidr\u00e1ulico<\/li>\n<li>FREIO TRASEIRO Shimano Ultegra R8070, disco hidr\u00e1ulico<\/li>\n<li>Shimano Ultegra Di2 Disco R8070 SHIFTERS<\/li>\n<li>Shimano Ultegra Di2 R8050 DERAILLEUR DIANTEIRO, braze-on<\/li>\n<li>Shimano Ultegra Di2 R8050 GEAR, gaiola m\u00e9dia GS<\/li>\n<li>Shimano Ultegra R8000 SUPORTE INFERIOR, HollowTech 2, 11 velocidades<\/li>\n<li>Shimano Ultegra CHAIN, 11 velocidades<\/li>\n<li>DT R470 DISCO RODA DIANTEIRA, cubos de cartucho selados, raios 14g, 24h<\/li>\n<li>DT R470 REAR WHEEL Disco, cubos de cartucho selado, raios 14g, 24h<\/li>\n<li>PNEU. S-Works Turbo, 120 TPI, tal\u00e3o dobr\u00e1vel, prote\u00e7\u00e3o BlackBelt, 700x26mm<\/li>\n<li>S-Works Turbo, 120 TPI, tal\u00e3o dobr\u00e1vel, prote\u00e7\u00e3o BlackBelt, 700x26mm<\/li>\n<li>C\u00c2MARAS Turbo Ultralight, v\u00e1lvula Presta de 48mm<\/li>\n<\/ul>\n","protected":false},"excerpt":{"rendered":"<p>O quadro Aethos foi concebido com a combina\u00e7\u00e3o perfeita de m\u00e1xima sensa\u00e7\u00e3o de condu\u00e7\u00e3o, leveza e estilo<\/p>\n","protected":false},"featured_media":282087,"comment_status":"closed","ping_status":"closed","template":"","meta":{"_acf_changed":false,"_et_pb_use_builder":"","_et_pb_old_content":"","_et_gb_content_width":"","inline_featured_image":false},"product_brand":[],"product_cat":[20,378],"product_tag":[],"class_list":{"0":"post-384331","1":"product","2":"type-product","3":"status-publish","4":"has-post-thumbnail","6":"product_cat-bicicletas-de-carretera","7":"product_cat-estrada","9":"first","10":"outofstock","11":"taxable","12":"shipping-taxable","13":"product-type-variable","14":"wvs-archive-product-wrapper"},"acf":[],"yoast_head":"<!-- This site is optimized with the Yoast SEO Premium plugin v26.7 (Yoast SEO v26.7) - https:\/\/yoast.com\/wordpress\/plugins\/seo\/ -->\n<title>Specialized Especialista Aethos 2021 GR-100 SPECIALIZED<\/title>\n<meta name=\"description\" content=\"SPECIALIZED AETHOS EXPERT 2021. O quadro foi concebido com a combina\u00e7\u00e3o perfeita de m\u00e1xima sensa\u00e7\u00e3o de condu\u00e7\u00e3o, leveza e estilo\" \/>\n<meta name=\"robots\" content=\"index, follow, max-snippet:-1, max-image-preview:large, max-video-preview:-1\" \/>\n<link rel=\"canonical\" href=\"https:\/\/gr-100.com\/pt-pt\/producto\/especialista-aethos-expert-2021\/\" \/>\n<meta property=\"og:locale\" content=\"pt_PT\" \/>\n<meta property=\"og:type\" content=\"article\" \/>\n<meta property=\"og:title\" content=\"Specialized Especialista Aethos 2021\" \/>\n<meta property=\"og:description\" content=\"SPECIALIZED AETHOS EXPERT 2021. O quadro foi concebido com a combina\u00e7\u00e3o perfeita de m\u00e1xima sensa\u00e7\u00e3o de condu\u00e7\u00e3o, leveza e estilo\" \/>\n<meta property=\"og:url\" content=\"https:\/\/gr-100.com\/pt-pt\/producto\/especialista-aethos-expert-2021\/\" \/>\n<meta property=\"og:site_name\" content=\"Gr-100 Tienda de ciclismo Specialized\" \/>\n<meta property=\"article:publisher\" content=\"https:\/\/www.facebook.com\/Gr100Bikes\" \/>\n<meta property=\"article:modified_time\" content=\"2025-12-18T14:46:39+00:00\" \/>\n<meta property=\"og:image\" content=\"https:\/\/gr-100.com\/wp-content\/uploads\/2024\/05\/1-97221-31_AETHOS-EXPERT-RE.jpg\" \/>\n\t<meta property=\"og:image:width\" content=\"1000\" \/>\n\t<meta property=\"og:image:height\" content=\"1000\" \/>\n\t<meta property=\"og:image:type\" content=\"image\/jpeg\" \/>\n<meta name=\"twitter:card\" content=\"summary_large_image\" \/>\n<meta name=\"twitter:label1\" content=\"Tempo estimado de leitura\" \/>\n\t<meta name=\"twitter:data1\" content=\"1 minuto\" \/>\n<script type=\"application\/ld+json\" class=\"yoast-schema-graph\">{\"@context\":\"https:\/\/schema.org\",\"@graph\":[{\"@type\":\"WebPage\",\"@id\":\"https:\/\/gr-100.com\/pt-pt\/producto\/especialista-aethos-expert-2021\/\",\"url\":\"https:\/\/gr-100.com\/pt-pt\/producto\/especialista-aethos-expert-2021\/\",\"name\":\"Specialized Especialista Aethos 2021 GR-100 SPECIALIZED\",\"isPartOf\":{\"@id\":\"https:\/\/gr-100.com\/#website\"},\"primaryImageOfPage\":{\"@id\":\"https:\/\/gr-100.com\/pt-pt\/producto\/especialista-aethos-expert-2021\/#primaryimage\"},\"image\":{\"@id\":\"https:\/\/gr-100.com\/pt-pt\/producto\/especialista-aethos-expert-2021\/#primaryimage\"},\"thumbnailUrl\":\"https:\/\/gr-100.com\/wp-content\/uploads\/2024\/05\/1-97221-31_AETHOS-EXPERT-RE.jpg\",\"datePublished\":\"2024-07-01T08:29:42+00:00\",\"dateModified\":\"2025-12-18T14:46:39+00:00\",\"description\":\"SPECIALIZED AETHOS EXPERT 2021. O quadro foi concebido com a combina\u00e7\u00e3o perfeita de m\u00e1xima sensa\u00e7\u00e3o de condu\u00e7\u00e3o, leveza e estilo\",\"breadcrumb\":{\"@id\":\"https:\/\/gr-100.com\/pt-pt\/producto\/especialista-aethos-expert-2021\/#breadcrumb\"},\"inLanguage\":\"pt-PT\",\"potentialAction\":[{\"@type\":\"ReadAction\",\"target\":[\"https:\/\/gr-100.com\/pt-pt\/producto\/especialista-aethos-expert-2021\/\"]}]},{\"@type\":\"ImageObject\",\"inLanguage\":\"pt-PT\",\"@id\":\"https:\/\/gr-100.com\/pt-pt\/producto\/especialista-aethos-expert-2021\/#primaryimage\",\"url\":\"https:\/\/gr-100.com\/wp-content\/uploads\/2024\/05\/1-97221-31_AETHOS-EXPERT-RE.jpg\",\"contentUrl\":\"https:\/\/gr-100.com\/wp-content\/uploads\/2024\/05\/1-97221-31_AETHOS-EXPERT-RE.jpg\",\"width\":1000,\"height\":1000},{\"@type\":\"BreadcrumbList\",\"@id\":\"https:\/\/gr-100.com\/pt-pt\/producto\/especialista-aethos-expert-2021\/#breadcrumb\",\"itemListElement\":[{\"@type\":\"ListItem\",\"position\":1,\"name\":\"Portada\",\"item\":\"https:\/\/gr-100.com\/en\/\"},{\"@type\":\"ListItem\",\"position\":2,\"name\":\"Productos\",\"item\":\"https:\/\/gr-100.com\/?post_type=product\"},{\"@type\":\"ListItem\",\"position\":3,\"name\":\"Specialized Especialista Aethos 2021\"}]},{\"@type\":\"WebSite\",\"@id\":\"https:\/\/gr-100.com\/#website\",\"url\":\"https:\/\/gr-100.com\/\",\"name\":\"Gr-100 Tienda de ciclismo Specialized\",\"description\":\"GR-100 tenemos todas las gamas de bicicletas Specialized al mejor precio.\",\"publisher\":{\"@id\":\"https:\/\/gr-100.com\/#organization\"},\"alternateName\":\"Gr-100 Bikes\",\"potentialAction\":[{\"@type\":\"SearchAction\",\"target\":{\"@type\":\"EntryPoint\",\"urlTemplate\":\"https:\/\/gr-100.com\/?s={search_term_string}\"},\"query-input\":{\"@type\":\"PropertyValueSpecification\",\"valueRequired\":true,\"valueName\":\"search_term_string\"}}],\"inLanguage\":\"pt-PT\"},{\"@type\":\"Organization\",\"@id\":\"https:\/\/gr-100.com\/#organization\",\"name\":\"Gr-100\",\"url\":\"https:\/\/gr-100.com\/\",\"logo\":{\"@type\":\"ImageObject\",\"inLanguage\":\"pt-PT\",\"@id\":\"https:\/\/gr-100.com\/#\/schema\/logo\/image\/\",\"url\":\"https:\/\/gr-100.com\/wp-content\/uploads\/2023\/08\/logo-gr-100-bikes.png\",\"contentUrl\":\"https:\/\/gr-100.com\/wp-content\/uploads\/2023\/08\/logo-gr-100-bikes.png\",\"width\":707,\"height\":284,\"caption\":\"Gr-100\"},\"image\":{\"@id\":\"https:\/\/gr-100.com\/#\/schema\/logo\/image\/\"},\"sameAs\":[\"https:\/\/www.facebook.com\/Gr100Bikes\",\"https:\/\/www.instagram.com\/gr100bikes\/\",\"https:\/\/www.tiktok.com\/@gr100bikes\",\"https:\/\/twitter.com\/gr100mtbteam\",\"https:\/\/www.youtube.com\/c\/GR100Specialized\"]}]}<\/script>\n<!-- \/ Yoast SEO Premium plugin. -->","yoast_head_json":{"title":"Specialized Especialista Aethos 2021 GR-100 SPECIALIZED","description":"SPECIALIZED AETHOS EXPERT 2021. O quadro foi concebido com a combina\u00e7\u00e3o perfeita de m\u00e1xima sensa\u00e7\u00e3o de condu\u00e7\u00e3o, leveza e estilo","robots":{"index":"index","follow":"follow","max-snippet":"max-snippet:-1","max-image-preview":"max-image-preview:large","max-video-preview":"max-video-preview:-1"},"canonical":"https:\/\/gr-100.com\/pt-pt\/producto\/especialista-aethos-expert-2021\/","og_locale":"pt_PT","og_type":"article","og_title":"Specialized Especialista Aethos 2021","og_description":"SPECIALIZED AETHOS EXPERT 2021. O quadro foi concebido com a combina\u00e7\u00e3o perfeita de m\u00e1xima sensa\u00e7\u00e3o de condu\u00e7\u00e3o, leveza e estilo","og_url":"https:\/\/gr-100.com\/pt-pt\/producto\/especialista-aethos-expert-2021\/","og_site_name":"Gr-100 Tienda de ciclismo Specialized","article_publisher":"https:\/\/www.facebook.com\/Gr100Bikes","article_modified_time":"2025-12-18T14:46:39+00:00","og_image":[{"width":1000,"height":1000,"url":"https:\/\/gr-100.com\/wp-content\/uploads\/2024\/05\/1-97221-31_AETHOS-EXPERT-RE.jpg","type":"image\/jpeg"}],"twitter_card":"summary_large_image","twitter_misc":{"Tempo estimado de leitura":"1 minuto"},"schema":{"@context":"https:\/\/schema.org","@graph":[{"@type":"WebPage","@id":"https:\/\/gr-100.com\/pt-pt\/producto\/especialista-aethos-expert-2021\/","url":"https:\/\/gr-100.com\/pt-pt\/producto\/especialista-aethos-expert-2021\/","name":"Specialized Especialista Aethos 2021 GR-100 SPECIALIZED","isPartOf":{"@id":"https:\/\/gr-100.com\/#website"},"primaryImageOfPage":{"@id":"https:\/\/gr-100.com\/pt-pt\/producto\/especialista-aethos-expert-2021\/#primaryimage"},"image":{"@id":"https:\/\/gr-100.com\/pt-pt\/producto\/especialista-aethos-expert-2021\/#primaryimage"},"thumbnailUrl":"https:\/\/gr-100.com\/wp-content\/uploads\/2024\/05\/1-97221-31_AETHOS-EXPERT-RE.jpg","datePublished":"2024-07-01T08:29:42+00:00","dateModified":"2025-12-18T14:46:39+00:00","description":"SPECIALIZED AETHOS EXPERT 2021. O quadro foi concebido com a combina\u00e7\u00e3o perfeita de m\u00e1xima sensa\u00e7\u00e3o de condu\u00e7\u00e3o, leveza e estilo","breadcrumb":{"@id":"https:\/\/gr-100.com\/pt-pt\/producto\/especialista-aethos-expert-2021\/#breadcrumb"},"inLanguage":"pt-PT","potentialAction":[{"@type":"ReadAction","target":["https:\/\/gr-100.com\/pt-pt\/producto\/especialista-aethos-expert-2021\/"]}]},{"@type":"ImageObject","inLanguage":"pt-PT","@id":"https:\/\/gr-100.com\/pt-pt\/producto\/especialista-aethos-expert-2021\/#primaryimage","url":"https:\/\/gr-100.com\/wp-content\/uploads\/2024\/05\/1-97221-31_AETHOS-EXPERT-RE.jpg","contentUrl":"https:\/\/gr-100.com\/wp-content\/uploads\/2024\/05\/1-97221-31_AETHOS-EXPERT-RE.jpg","width":1000,"height":1000},{"@type":"BreadcrumbList","@id":"https:\/\/gr-100.com\/pt-pt\/producto\/especialista-aethos-expert-2021\/#breadcrumb","itemListElement":[{"@type":"ListItem","position":1,"name":"Portada","item":"https:\/\/gr-100.com\/en\/"},{"@type":"ListItem","position":2,"name":"Productos","item":"https:\/\/gr-100.com\/?post_type=product"},{"@type":"ListItem","position":3,"name":"Specialized Especialista Aethos 2021"}]},{"@type":"WebSite","@id":"https:\/\/gr-100.com\/#website","url":"https:\/\/gr-100.com\/","name":"Gr-100 Tienda de ciclismo Specialized","description":"GR-100 tenemos todas las gamas de bicicletas Specialized al mejor precio.","publisher":{"@id":"https:\/\/gr-100.com\/#organization"},"alternateName":"Gr-100 Bikes","potentialAction":[{"@type":"SearchAction","target":{"@type":"EntryPoint","urlTemplate":"https:\/\/gr-100.com\/?s={search_term_string}"},"query-input":{"@type":"PropertyValueSpecification","valueRequired":true,"valueName":"search_term_string"}}],"inLanguage":"pt-PT"},{"@type":"Organization","@id":"https:\/\/gr-100.com\/#organization","name":"Gr-100","url":"https:\/\/gr-100.com\/","logo":{"@type":"ImageObject","inLanguage":"pt-PT","@id":"https:\/\/gr-100.com\/#\/schema\/logo\/image\/","url":"https:\/\/gr-100.com\/wp-content\/uploads\/2023\/08\/logo-gr-100-bikes.png","contentUrl":"https:\/\/gr-100.com\/wp-content\/uploads\/2023\/08\/logo-gr-100-bikes.png","width":707,"height":284,"caption":"Gr-100"},"image":{"@id":"https:\/\/gr-100.com\/#\/schema\/logo\/image\/"},"sameAs":["https:\/\/www.facebook.com\/Gr100Bikes","https:\/\/www.instagram.com\/gr100bikes\/","https:\/\/www.tiktok.com\/@gr100bikes","https:\/\/twitter.com\/gr100mtbteam","https:\/\/www.youtube.com\/c\/GR100Specialized"]}]}},"_links":{"self":[{"href":"https:\/\/gr-100.com\/pt-pt\/wp-json\/wp\/v2\/product\/384331","targetHints":{"allow":["GET"]}}],"collection":[{"href":"https:\/\/gr-100.com\/pt-pt\/wp-json\/wp\/v2\/product"}],"about":[{"href":"https:\/\/gr-100.com\/pt-pt\/wp-json\/wp\/v2\/types\/product"}],"replies":[{"embeddable":true,"href":"https:\/\/gr-100.com\/pt-pt\/wp-json\/wp\/v2\/comments?post=384331"}],"wp:featuredmedia":[{"embeddable":true,"href":"https:\/\/gr-100.com\/pt-pt\/wp-json\/wp\/v2\/media\/282087"}],"wp:attachment":[{"href":"https:\/\/gr-100.com\/pt-pt\/wp-json\/wp\/v2\/media?parent=384331"}],"wp:term":[{"taxonomy":"product_brand","embeddable":true,"href":"https:\/\/gr-100.com\/pt-pt\/wp-json\/wp\/v2\/product_brand?post=384331"},{"taxonomy":"product_cat","embeddable":true,"href":"https:\/\/gr-100.com\/pt-pt\/wp-json\/wp\/v2\/product_cat?post=384331"},{"taxonomy":"product_tag","embeddable":true,"href":"https:\/\/gr-100.com\/pt-pt\/wp-json\/wp\/v2\/product_tag?post=384331"}],"curies":[{"name":"wp","href":"https:\/\/api.w.org\/{rel}","templated":true}]}}