{"id":384354,"date":"2024-07-01T08:29:27","date_gmt":"2024-07-01T08:29:27","guid":{"rendered":"https:\/\/gr-100.com\/producto\/allez-e5\/"},"modified":"2025-11-26T16:19:02","modified_gmt":"2025-11-26T14:19:02","slug":"allez-e5","status":"publish","type":"product","link":"https:\/\/gr-100.com\/pt-pt\/producto\/allez-e5\/","title":{"rendered":"Allez E5"},"content":{"rendered":"<ul>\n<li>FRAME Specialized E5 Premium Specialized , Tubo de engenharia completo com soldas lisas SmoothWelds, tubo c\u00f4nico de 1-1\/8&#8243; 1-3\/8&#8243;, roteamento de cabo interno, rosca do suporte inferior BB, espa\u00e7amento entre rodas de 130mm<\/li>\n<li>Garfo de carbono Specialized , fone de ouvido c\u00f4nico de 1-1\/8&#8243; a 1-3\/8&#8243;, roscas de para-lamas<\/li>\n<li>Specialized queda rasa especializado, 6061, 70x125mm, 31.8mm<\/li>\n<li>Specialized, alum\u00ednio forjado 3D, 4 parafusos, 7\u00ba rise<\/li>\n<li>Specialized<\/li>\n<li>Selim de ponte de geometria do corpo, trilhos de a\u00e7o<\/li>\n<li>SEATPOST Alum\u00ednio, bra\u00e7adeira de dois parafusos, deslocamento de 12mm, 27,2mm, parafusos anticorros\u00e3o<\/li>\n<li>SELIM Com parafuso, alum\u00ednio 31.8mm<\/li>\n<li>Tektro FREIO DIANTEIRO, alum\u00ednio, piv\u00f4 duplo<\/li>\n<li>Tektro FREIO TRASEIRO, alum\u00ednio, piv\u00f4 duplo<\/li>\n<li>Shimano Claris 2000 Shifters de 8 velocidades<\/li>\n<li>Shimano DERAILLEUR, montagem direta<\/li>\n<li>Shimano Claris 8 velocidades REAR DERAILLEUR<\/li>\n<li>Shimano RS200<\/li>\n<li>AN\u00c9IS DE CORRENTE 50\/34T<\/li>\n<li>KMC X8 CHAIN w \/ Missing Link\u2122, 8 velocidades<\/li>\n<li>Axis Sport RODA DIANTEIRA<\/li>\n<li>RODA TRASEIRA Axis Sport<\/li>\n<li>PNEU. Espoir Sport, 60 TPI, anel de arame, prote\u00e7\u00e3o dupla BlackBelt, 700&#215;25 mm<\/li>\n<li>Pneu traseiro Espoir Sport, 60 TPI, anel de arame, prote\u00e7\u00e3o dupla BlackBelt, 700&#215;25 mm<\/li>\n<li>Presta CHAMBERS, v\u00e1lvula de 40 mm<\/li>\n<li>PEDAIS<\/li>\n<li>SUPORTE INFERIOR DO CARTUCHO SHIMANO SUPORTE INFERIOR, BB-UN26, EIXO MM110, SHELL BSA 68MM, C\/PARAFUSO DE FIXA\u00c7\u00c3O<\/li>\n<\/ul>\n","protected":false},"excerpt":{"rendered":"<p>Com foco no peso, ajuste e confiabilidade de uma forma nunca vista antes, a Allez \u00e9 a primeira a disponibilizar essas tecnologias para qualquer pessoa.<\/p>\n","protected":false},"featured_media":282076,"comment_status":"closed","ping_status":"closed","template":"","meta":{"_acf_changed":false,"_et_pb_use_builder":"","_et_pb_old_content":"","_et_gb_content_width":"","inline_featured_image":false},"product_brand":[],"product_cat":[20,378],"product_tag":[],"class_list":{"0":"post-384354","1":"product","2":"type-product","3":"status-publish","4":"has-post-thumbnail","6":"product_cat-bicicletas-de-carretera","7":"product_cat-estrada","9":"first","10":"outofstock","11":"taxable","12":"shipping-taxable","13":"product-type-variable","14":"wvs-archive-product-wrapper"},"acf":[],"yoast_head":"<!-- This site is optimized with the Yoast SEO Premium plugin v26.7 (Yoast SEO v26.7) - https:\/\/yoast.com\/wordpress\/plugins\/seo\/ -->\n<title>Allez E5 GR-100 SPECIALIZED ALLEZ E5 ESTRADA<\/title>\n<meta name=\"description\" content=\"ALLEZ E5. Focada no peso, ajuste e confiabilidade de uma forma nunca vista antes, a Allez \u00e9 a primeira a colocar essas tecnologias em uso.\" \/>\n<meta name=\"robots\" content=\"index, follow, max-snippet:-1, max-image-preview:large, max-video-preview:-1\" \/>\n<link rel=\"canonical\" href=\"https:\/\/gr-100.com\/pt-pt\/producto\/allez-e5\/\" \/>\n<meta property=\"og:locale\" content=\"pt_PT\" \/>\n<meta property=\"og:type\" content=\"article\" \/>\n<meta property=\"og:title\" content=\"Allez E5\" \/>\n<meta property=\"og:description\" content=\"ALLEZ E5. Focada no peso, ajuste e confiabilidade de uma forma nunca vista antes, a Allez \u00e9 a primeira a colocar essas tecnologias em uso.\" \/>\n<meta property=\"og:url\" content=\"https:\/\/gr-100.com\/pt-pt\/producto\/allez-e5\/\" \/>\n<meta property=\"og:site_name\" content=\"Gr-100 Tienda de ciclismo Specialized\" \/>\n<meta property=\"article:publisher\" content=\"https:\/\/www.facebook.com\/Gr100Bikes\" \/>\n<meta property=\"article:modified_time\" content=\"2025-11-26T14:19:02+00:00\" \/>\n<meta property=\"og:image\" content=\"https:\/\/gr-100.com\/wp-content\/uploads\/2024\/05\/2-Screenshot-of-Allez-_-Spe.jpg\" \/>\n\t<meta property=\"og:image:width\" content=\"1000\" \/>\n\t<meta property=\"og:image:height\" content=\"1000\" \/>\n\t<meta property=\"og:image:type\" content=\"image\/jpeg\" \/>\n<meta name=\"twitter:card\" content=\"summary_large_image\" \/>\n<meta name=\"twitter:label1\" content=\"Tempo estimado de leitura\" \/>\n\t<meta name=\"twitter:data1\" content=\"1 minuto\" \/>\n<script type=\"application\/ld+json\" class=\"yoast-schema-graph\">{\"@context\":\"https:\/\/schema.org\",\"@graph\":[{\"@type\":\"WebPage\",\"@id\":\"https:\/\/gr-100.com\/pt-pt\/producto\/allez-e5\/\",\"url\":\"https:\/\/gr-100.com\/pt-pt\/producto\/allez-e5\/\",\"name\":\"Allez E5 GR-100 SPECIALIZED ALLEZ E5 ESTRADA\",\"isPartOf\":{\"@id\":\"https:\/\/gr-100.com\/#website\"},\"primaryImageOfPage\":{\"@id\":\"https:\/\/gr-100.com\/pt-pt\/producto\/allez-e5\/#primaryimage\"},\"image\":{\"@id\":\"https:\/\/gr-100.com\/pt-pt\/producto\/allez-e5\/#primaryimage\"},\"thumbnailUrl\":\"https:\/\/gr-100.com\/wp-content\/uploads\/2024\/05\/2-Screenshot-of-Allez-_-Spe.jpg\",\"datePublished\":\"2024-07-01T08:29:27+00:00\",\"dateModified\":\"2025-11-26T14:19:02+00:00\",\"description\":\"ALLEZ E5. Focada no peso, ajuste e confiabilidade de uma forma nunca vista antes, a Allez \u00e9 a primeira a colocar essas tecnologias em uso.\",\"breadcrumb\":{\"@id\":\"https:\/\/gr-100.com\/pt-pt\/producto\/allez-e5\/#breadcrumb\"},\"inLanguage\":\"pt-PT\",\"potentialAction\":[{\"@type\":\"ReadAction\",\"target\":[\"https:\/\/gr-100.com\/pt-pt\/producto\/allez-e5\/\"]}]},{\"@type\":\"ImageObject\",\"inLanguage\":\"pt-PT\",\"@id\":\"https:\/\/gr-100.com\/pt-pt\/producto\/allez-e5\/#primaryimage\",\"url\":\"https:\/\/gr-100.com\/wp-content\/uploads\/2024\/05\/2-Screenshot-of-Allez-_-Spe.jpg\",\"contentUrl\":\"https:\/\/gr-100.com\/wp-content\/uploads\/2024\/05\/2-Screenshot-of-Allez-_-Spe.jpg\",\"width\":1000,\"height\":1000},{\"@type\":\"BreadcrumbList\",\"@id\":\"https:\/\/gr-100.com\/pt-pt\/producto\/allez-e5\/#breadcrumb\",\"itemListElement\":[{\"@type\":\"ListItem\",\"position\":1,\"name\":\"Portada\",\"item\":\"https:\/\/gr-100.com\/en\/\"},{\"@type\":\"ListItem\",\"position\":2,\"name\":\"Productos\",\"item\":\"https:\/\/gr-100.com\/?post_type=product\"},{\"@type\":\"ListItem\",\"position\":3,\"name\":\"Allez E5\"}]},{\"@type\":\"WebSite\",\"@id\":\"https:\/\/gr-100.com\/#website\",\"url\":\"https:\/\/gr-100.com\/\",\"name\":\"Gr-100 Tienda de ciclismo Specialized\",\"description\":\"GR-100 tenemos todas las gamas de bicicletas Specialized al mejor precio.\",\"publisher\":{\"@id\":\"https:\/\/gr-100.com\/#organization\"},\"alternateName\":\"Gr-100 Bikes\",\"potentialAction\":[{\"@type\":\"SearchAction\",\"target\":{\"@type\":\"EntryPoint\",\"urlTemplate\":\"https:\/\/gr-100.com\/?s={search_term_string}\"},\"query-input\":{\"@type\":\"PropertyValueSpecification\",\"valueRequired\":true,\"valueName\":\"search_term_string\"}}],\"inLanguage\":\"pt-PT\"},{\"@type\":\"Organization\",\"@id\":\"https:\/\/gr-100.com\/#organization\",\"name\":\"Gr-100\",\"url\":\"https:\/\/gr-100.com\/\",\"logo\":{\"@type\":\"ImageObject\",\"inLanguage\":\"pt-PT\",\"@id\":\"https:\/\/gr-100.com\/#\/schema\/logo\/image\/\",\"url\":\"https:\/\/gr-100.com\/wp-content\/uploads\/2023\/08\/logo-gr-100-bikes.png\",\"contentUrl\":\"https:\/\/gr-100.com\/wp-content\/uploads\/2023\/08\/logo-gr-100-bikes.png\",\"width\":707,\"height\":284,\"caption\":\"Gr-100\"},\"image\":{\"@id\":\"https:\/\/gr-100.com\/#\/schema\/logo\/image\/\"},\"sameAs\":[\"https:\/\/www.facebook.com\/Gr100Bikes\",\"https:\/\/www.instagram.com\/gr100bikes\/\",\"https:\/\/www.tiktok.com\/@gr100bikes\",\"https:\/\/twitter.com\/gr100mtbteam\",\"https:\/\/www.youtube.com\/c\/GR100Specialized\"]}]}<\/script>\n<!-- \/ Yoast SEO Premium plugin. -->","yoast_head_json":{"title":"Allez E5 GR-100 SPECIALIZED ALLEZ E5 ESTRADA","description":"ALLEZ E5. Focada no peso, ajuste e confiabilidade de uma forma nunca vista antes, a Allez \u00e9 a primeira a colocar essas tecnologias em uso.","robots":{"index":"index","follow":"follow","max-snippet":"max-snippet:-1","max-image-preview":"max-image-preview:large","max-video-preview":"max-video-preview:-1"},"canonical":"https:\/\/gr-100.com\/pt-pt\/producto\/allez-e5\/","og_locale":"pt_PT","og_type":"article","og_title":"Allez E5","og_description":"ALLEZ E5. Focada no peso, ajuste e confiabilidade de uma forma nunca vista antes, a Allez \u00e9 a primeira a colocar essas tecnologias em uso.","og_url":"https:\/\/gr-100.com\/pt-pt\/producto\/allez-e5\/","og_site_name":"Gr-100 Tienda de ciclismo Specialized","article_publisher":"https:\/\/www.facebook.com\/Gr100Bikes","article_modified_time":"2025-11-26T14:19:02+00:00","og_image":[{"width":1000,"height":1000,"url":"https:\/\/gr-100.com\/wp-content\/uploads\/2024\/05\/2-Screenshot-of-Allez-_-Spe.jpg","type":"image\/jpeg"}],"twitter_card":"summary_large_image","twitter_misc":{"Tempo estimado de leitura":"1 minuto"},"schema":{"@context":"https:\/\/schema.org","@graph":[{"@type":"WebPage","@id":"https:\/\/gr-100.com\/pt-pt\/producto\/allez-e5\/","url":"https:\/\/gr-100.com\/pt-pt\/producto\/allez-e5\/","name":"Allez E5 GR-100 SPECIALIZED ALLEZ E5 ESTRADA","isPartOf":{"@id":"https:\/\/gr-100.com\/#website"},"primaryImageOfPage":{"@id":"https:\/\/gr-100.com\/pt-pt\/producto\/allez-e5\/#primaryimage"},"image":{"@id":"https:\/\/gr-100.com\/pt-pt\/producto\/allez-e5\/#primaryimage"},"thumbnailUrl":"https:\/\/gr-100.com\/wp-content\/uploads\/2024\/05\/2-Screenshot-of-Allez-_-Spe.jpg","datePublished":"2024-07-01T08:29:27+00:00","dateModified":"2025-11-26T14:19:02+00:00","description":"ALLEZ E5. Focada no peso, ajuste e confiabilidade de uma forma nunca vista antes, a Allez \u00e9 a primeira a colocar essas tecnologias em uso.","breadcrumb":{"@id":"https:\/\/gr-100.com\/pt-pt\/producto\/allez-e5\/#breadcrumb"},"inLanguage":"pt-PT","potentialAction":[{"@type":"ReadAction","target":["https:\/\/gr-100.com\/pt-pt\/producto\/allez-e5\/"]}]},{"@type":"ImageObject","inLanguage":"pt-PT","@id":"https:\/\/gr-100.com\/pt-pt\/producto\/allez-e5\/#primaryimage","url":"https:\/\/gr-100.com\/wp-content\/uploads\/2024\/05\/2-Screenshot-of-Allez-_-Spe.jpg","contentUrl":"https:\/\/gr-100.com\/wp-content\/uploads\/2024\/05\/2-Screenshot-of-Allez-_-Spe.jpg","width":1000,"height":1000},{"@type":"BreadcrumbList","@id":"https:\/\/gr-100.com\/pt-pt\/producto\/allez-e5\/#breadcrumb","itemListElement":[{"@type":"ListItem","position":1,"name":"Portada","item":"https:\/\/gr-100.com\/en\/"},{"@type":"ListItem","position":2,"name":"Productos","item":"https:\/\/gr-100.com\/?post_type=product"},{"@type":"ListItem","position":3,"name":"Allez E5"}]},{"@type":"WebSite","@id":"https:\/\/gr-100.com\/#website","url":"https:\/\/gr-100.com\/","name":"Gr-100 Tienda de ciclismo Specialized","description":"GR-100 tenemos todas las gamas de bicicletas Specialized al mejor precio.","publisher":{"@id":"https:\/\/gr-100.com\/#organization"},"alternateName":"Gr-100 Bikes","potentialAction":[{"@type":"SearchAction","target":{"@type":"EntryPoint","urlTemplate":"https:\/\/gr-100.com\/?s={search_term_string}"},"query-input":{"@type":"PropertyValueSpecification","valueRequired":true,"valueName":"search_term_string"}}],"inLanguage":"pt-PT"},{"@type":"Organization","@id":"https:\/\/gr-100.com\/#organization","name":"Gr-100","url":"https:\/\/gr-100.com\/","logo":{"@type":"ImageObject","inLanguage":"pt-PT","@id":"https:\/\/gr-100.com\/#\/schema\/logo\/image\/","url":"https:\/\/gr-100.com\/wp-content\/uploads\/2023\/08\/logo-gr-100-bikes.png","contentUrl":"https:\/\/gr-100.com\/wp-content\/uploads\/2023\/08\/logo-gr-100-bikes.png","width":707,"height":284,"caption":"Gr-100"},"image":{"@id":"https:\/\/gr-100.com\/#\/schema\/logo\/image\/"},"sameAs":["https:\/\/www.facebook.com\/Gr100Bikes","https:\/\/www.instagram.com\/gr100bikes\/","https:\/\/www.tiktok.com\/@gr100bikes","https:\/\/twitter.com\/gr100mtbteam","https:\/\/www.youtube.com\/c\/GR100Specialized"]}]}},"_links":{"self":[{"href":"https:\/\/gr-100.com\/pt-pt\/wp-json\/wp\/v2\/product\/384354","targetHints":{"allow":["GET"]}}],"collection":[{"href":"https:\/\/gr-100.com\/pt-pt\/wp-json\/wp\/v2\/product"}],"about":[{"href":"https:\/\/gr-100.com\/pt-pt\/wp-json\/wp\/v2\/types\/product"}],"replies":[{"embeddable":true,"href":"https:\/\/gr-100.com\/pt-pt\/wp-json\/wp\/v2\/comments?post=384354"}],"wp:featuredmedia":[{"embeddable":true,"href":"https:\/\/gr-100.com\/pt-pt\/wp-json\/wp\/v2\/media\/282076"}],"wp:attachment":[{"href":"https:\/\/gr-100.com\/pt-pt\/wp-json\/wp\/v2\/media?parent=384354"}],"wp:term":[{"taxonomy":"product_brand","embeddable":true,"href":"https:\/\/gr-100.com\/pt-pt\/wp-json\/wp\/v2\/product_brand?post=384354"},{"taxonomy":"product_cat","embeddable":true,"href":"https:\/\/gr-100.com\/pt-pt\/wp-json\/wp\/v2\/product_cat?post=384354"},{"taxonomy":"product_tag","embeddable":true,"href":"https:\/\/gr-100.com\/pt-pt\/wp-json\/wp\/v2\/product_tag?post=384354"}],"curies":[{"name":"wp","href":"https:\/\/api.w.org\/{rel}","templated":true}]}}