{"id":384365,"date":"2024-07-01T08:26:30","date_gmt":"2024-07-01T08:26:30","guid":{"rendered":"https:\/\/gr-100.com\/producto\/especialista-em-pista-ultegra-di2\/"},"modified":"2025-12-18T16:46:29","modified_gmt":"2025-12-18T14:46:29","slug":"especialista-em-pista-ultegra-di2","status":"publish","type":"product","link":"https:\/\/gr-100.com\/pt-pt\/producto\/especialista-em-pista-ultegra-di2\/","title":{"rendered":"Specialized Tarmac Especialista Ultegra DI2"},"content":{"rendered":"<ul>\n<li>FRAME Tarmac SL7 FACT 10r Carbon, Rider First Engineered\u2122, Win Tunnel Engineered, Clean Routing, Threaded BB, 12x142mm thru-axle, disco de montagem plana<\/li>\n<li>FACTO Garfo de carbono, eixo thru de 12x100mm, disco de montagem plana<\/li>\n<li>Specialized especializado Guiador de gota rasa, liga, queda de 125mm x alcance de 75mm<\/li>\n<li>Haste integrada STEM Tarmac, 6 graus<\/li>\n<li>Supacaz Super Fita Kush Pegajosa<\/li>\n<li>Body Geometry Power Expert SADDLE, trilhos ocos de tit\u00e2nio<\/li>\n<li>2021 S-Works Tarmac Carbon poste de assento, FACT Carbon, Di2 Compat\u00edvel, 20mm offset<\/li>\n<li>Cunha integrada na pista SADDLE<\/li>\n<li>FREIO DIANTEIRO Shimano Ultegra R8070, disco hidr\u00e1ulico<\/li>\n<li>FREIO TRASEIRO Shimano Ultegra R8070, disco hidr\u00e1ulico<\/li>\n<li>Shimano Ultegra Di2 Disco R8070 SHIFTERS<\/li>\n<li>Shimano Ultegra Di2 R8050 DERAILLEUR DIANTEIRO, braze-on<\/li>\n<li>Shimano Ultegra Di2 R8050 GEAR, gaiola m\u00e9dia GS<\/li>\n<li>Shimano Ultegra R8000 CASSETTE, 11 velocidades, 11-30t<\/li>\n<li>Shimano Ultegra R8000 SUPORTE INFERIOR, HollowTech 2, 11 velocidades<\/li>\n<li>AN\u00c9IS DE CORRENTE 52\/36T<\/li>\n<li>Shimano BSA BB<\/li>\n<li>Shimano Ultegra CHAIN, 11 velocidades<\/li>\n<li>DT RODA DIANTEIRA Swiss R470 aro, 20mm de largura interna, tubeless ready, 24h, Specialized full sealed bearing through axle cub, centerlock disc, DT Swiss Champion 14G stainless steel spokes, DT Swiss brass niples.<\/li>\n<li>DT RODA TRASEIRA Swiss R470 aro, 20mm de largura interna, tubeless ready, 24h, Specialized full sealed bearing thru axle cub, disco de bloqueio central, corpo de liga freehub, raios de a\u00e7o inoxid\u00e1vel DT Swiss Champion 14G, mamilos de lat\u00e3o DT Swiss .<\/li>\n<li>PNEU. S-Works Turbo, 120 TPI, tal\u00e3o dobr\u00e1vel, prote\u00e7\u00e3o BlackBelt, 700x26mm<\/li>\n<li>S-Works Turbo, 120 TPI, tal\u00e3o dobr\u00e1vel, prote\u00e7\u00e3o BlackBelt, 700x26mm<\/li>\n<li>C\u00c2MARAS Turbo Ultralight, v\u00e1lvula Presta de 48mm<\/li>\n<\/ul>\n","protected":false},"excerpt":{"rendered":"<p>TARMAC EXPERT-ULTEGRA DI2, quadro Rider-First Engineered\u2122 oferece a melhor dirigibilidade, conjunto eletr\u00f4nico Shimano Di2 e pneus S-Works.<\/p>\n<p>Dispon\u00edvel, entrega imediata, financiamento gratuito e envio para toda a Espanha<\/p>\n","protected":false},"featured_media":0,"comment_status":"closed","ping_status":"closed","template":"","meta":{"_acf_changed":false,"_et_pb_use_builder":"","_et_pb_old_content":"","_et_gb_content_width":"","inline_featured_image":false},"product_brand":[],"product_cat":[20,378],"product_tag":[],"class_list":{"0":"post-384365","1":"product","2":"type-product","3":"status-publish","5":"product_cat-bicicletas-de-carretera","6":"product_cat-estrada","8":"first","9":"outofstock","10":"taxable","11":"shipping-taxable","12":"product-type-variable","13":"wvs-archive-product-wrapper"},"acf":[],"yoast_head":"<!-- This site is optimized with the Yoast SEO Premium plugin v26.7 (Yoast SEO v26.7) - https:\/\/yoast.com\/wordpress\/plugins\/seo\/ -->\n<title>Specialized Tarmac Especialista Ultegra DI2 GR-100 TARMAC SL7<\/title>\n<meta name=\"description\" content=\"TARMAC EXPERT-ULTEGRA DI2, quadro Rider-First Engineered\u2122 oferece a melhor dirigibilidade, conjunto eletr\u00f4nico Shimano Di2 e pneus S-Works.\" \/>\n<meta name=\"robots\" content=\"index, follow, max-snippet:-1, max-image-preview:large, max-video-preview:-1\" \/>\n<link rel=\"canonical\" href=\"https:\/\/gr-100.com\/pt-pt\/producto\/especialista-em-pista-ultegra-di2\/\" \/>\n<meta property=\"og:locale\" content=\"pt_PT\" \/>\n<meta property=\"og:type\" content=\"article\" \/>\n<meta property=\"og:title\" content=\"Specialized Tarmac Especialista Ultegra DI2\" \/>\n<meta property=\"og:description\" content=\"TARMAC EXPERT-ULTEGRA DI2, quadro Rider-First Engineered\u2122 oferece a melhor dirigibilidade, conjunto eletr\u00f4nico Shimano Di2 e pneus S-Works.\" \/>\n<meta property=\"og:url\" content=\"https:\/\/gr-100.com\/pt-pt\/producto\/especialista-em-pista-ultegra-di2\/\" \/>\n<meta property=\"og:site_name\" content=\"Gr-100 Tienda de ciclismo Specialized\" \/>\n<meta property=\"article:publisher\" content=\"https:\/\/www.facebook.com\/Gr100Bikes\" \/>\n<meta property=\"article:modified_time\" content=\"2025-12-18T14:46:29+00:00\" \/>\n<meta name=\"twitter:card\" content=\"summary_large_image\" \/>\n<meta name=\"twitter:label1\" content=\"Tempo estimado de leitura\" \/>\n\t<meta name=\"twitter:data1\" content=\"1 minuto\" \/>\n<script type=\"application\/ld+json\" class=\"yoast-schema-graph\">{\"@context\":\"https:\/\/schema.org\",\"@graph\":[{\"@type\":\"WebPage\",\"@id\":\"https:\/\/gr-100.com\/pt-pt\/producto\/especialista-em-pista-ultegra-di2\/\",\"url\":\"https:\/\/gr-100.com\/pt-pt\/producto\/especialista-em-pista-ultegra-di2\/\",\"name\":\"Specialized Tarmac Especialista Ultegra DI2 GR-100 TARMAC SL7\",\"isPartOf\":{\"@id\":\"https:\/\/gr-100.com\/#website\"},\"datePublished\":\"2024-07-01T08:26:30+00:00\",\"dateModified\":\"2025-12-18T14:46:29+00:00\",\"description\":\"TARMAC EXPERT-ULTEGRA DI2, quadro Rider-First Engineered\u2122 oferece a melhor dirigibilidade, conjunto eletr\u00f4nico Shimano Di2 e pneus S-Works.\",\"breadcrumb\":{\"@id\":\"https:\/\/gr-100.com\/pt-pt\/producto\/especialista-em-pista-ultegra-di2\/#breadcrumb\"},\"inLanguage\":\"pt-PT\",\"potentialAction\":[{\"@type\":\"ReadAction\",\"target\":[\"https:\/\/gr-100.com\/pt-pt\/producto\/especialista-em-pista-ultegra-di2\/\"]}]},{\"@type\":\"BreadcrumbList\",\"@id\":\"https:\/\/gr-100.com\/pt-pt\/producto\/especialista-em-pista-ultegra-di2\/#breadcrumb\",\"itemListElement\":[{\"@type\":\"ListItem\",\"position\":1,\"name\":\"Portada\",\"item\":\"https:\/\/gr-100.com\/en\/\"},{\"@type\":\"ListItem\",\"position\":2,\"name\":\"Productos\",\"item\":\"https:\/\/gr-100.com\/?post_type=product\"},{\"@type\":\"ListItem\",\"position\":3,\"name\":\"Specialized Tarmac Especialista Ultegra DI2\"}]},{\"@type\":\"WebSite\",\"@id\":\"https:\/\/gr-100.com\/#website\",\"url\":\"https:\/\/gr-100.com\/\",\"name\":\"Gr-100 Tienda de ciclismo Specialized\",\"description\":\"GR-100 tenemos todas las gamas de bicicletas Specialized al mejor precio.\",\"publisher\":{\"@id\":\"https:\/\/gr-100.com\/#organization\"},\"alternateName\":\"Gr-100 Bikes\",\"potentialAction\":[{\"@type\":\"SearchAction\",\"target\":{\"@type\":\"EntryPoint\",\"urlTemplate\":\"https:\/\/gr-100.com\/?s={search_term_string}\"},\"query-input\":{\"@type\":\"PropertyValueSpecification\",\"valueRequired\":true,\"valueName\":\"search_term_string\"}}],\"inLanguage\":\"pt-PT\"},{\"@type\":\"Organization\",\"@id\":\"https:\/\/gr-100.com\/#organization\",\"name\":\"Gr-100\",\"url\":\"https:\/\/gr-100.com\/\",\"logo\":{\"@type\":\"ImageObject\",\"inLanguage\":\"pt-PT\",\"@id\":\"https:\/\/gr-100.com\/#\/schema\/logo\/image\/\",\"url\":\"https:\/\/gr-100.com\/wp-content\/uploads\/2023\/08\/logo-gr-100-bikes.png\",\"contentUrl\":\"https:\/\/gr-100.com\/wp-content\/uploads\/2023\/08\/logo-gr-100-bikes.png\",\"width\":707,\"height\":284,\"caption\":\"Gr-100\"},\"image\":{\"@id\":\"https:\/\/gr-100.com\/#\/schema\/logo\/image\/\"},\"sameAs\":[\"https:\/\/www.facebook.com\/Gr100Bikes\",\"https:\/\/www.instagram.com\/gr100bikes\/\",\"https:\/\/www.tiktok.com\/@gr100bikes\",\"https:\/\/twitter.com\/gr100mtbteam\",\"https:\/\/www.youtube.com\/c\/GR100Specialized\"]}]}<\/script>\n<!-- \/ Yoast SEO Premium plugin. -->","yoast_head_json":{"title":"Specialized Tarmac Especialista Ultegra DI2 GR-100 TARMAC SL7","description":"TARMAC EXPERT-ULTEGRA DI2, quadro Rider-First Engineered\u2122 oferece a melhor dirigibilidade, conjunto eletr\u00f4nico Shimano Di2 e pneus S-Works.","robots":{"index":"index","follow":"follow","max-snippet":"max-snippet:-1","max-image-preview":"max-image-preview:large","max-video-preview":"max-video-preview:-1"},"canonical":"https:\/\/gr-100.com\/pt-pt\/producto\/especialista-em-pista-ultegra-di2\/","og_locale":"pt_PT","og_type":"article","og_title":"Specialized Tarmac Especialista Ultegra DI2","og_description":"TARMAC EXPERT-ULTEGRA DI2, quadro Rider-First Engineered\u2122 oferece a melhor dirigibilidade, conjunto eletr\u00f4nico Shimano Di2 e pneus S-Works.","og_url":"https:\/\/gr-100.com\/pt-pt\/producto\/especialista-em-pista-ultegra-di2\/","og_site_name":"Gr-100 Tienda de ciclismo Specialized","article_publisher":"https:\/\/www.facebook.com\/Gr100Bikes","article_modified_time":"2025-12-18T14:46:29+00:00","twitter_card":"summary_large_image","twitter_misc":{"Tempo estimado de leitura":"1 minuto"},"schema":{"@context":"https:\/\/schema.org","@graph":[{"@type":"WebPage","@id":"https:\/\/gr-100.com\/pt-pt\/producto\/especialista-em-pista-ultegra-di2\/","url":"https:\/\/gr-100.com\/pt-pt\/producto\/especialista-em-pista-ultegra-di2\/","name":"Specialized Tarmac Especialista Ultegra DI2 GR-100 TARMAC SL7","isPartOf":{"@id":"https:\/\/gr-100.com\/#website"},"datePublished":"2024-07-01T08:26:30+00:00","dateModified":"2025-12-18T14:46:29+00:00","description":"TARMAC EXPERT-ULTEGRA DI2, quadro Rider-First Engineered\u2122 oferece a melhor dirigibilidade, conjunto eletr\u00f4nico Shimano Di2 e pneus S-Works.","breadcrumb":{"@id":"https:\/\/gr-100.com\/pt-pt\/producto\/especialista-em-pista-ultegra-di2\/#breadcrumb"},"inLanguage":"pt-PT","potentialAction":[{"@type":"ReadAction","target":["https:\/\/gr-100.com\/pt-pt\/producto\/especialista-em-pista-ultegra-di2\/"]}]},{"@type":"BreadcrumbList","@id":"https:\/\/gr-100.com\/pt-pt\/producto\/especialista-em-pista-ultegra-di2\/#breadcrumb","itemListElement":[{"@type":"ListItem","position":1,"name":"Portada","item":"https:\/\/gr-100.com\/en\/"},{"@type":"ListItem","position":2,"name":"Productos","item":"https:\/\/gr-100.com\/?post_type=product"},{"@type":"ListItem","position":3,"name":"Specialized Tarmac Especialista Ultegra DI2"}]},{"@type":"WebSite","@id":"https:\/\/gr-100.com\/#website","url":"https:\/\/gr-100.com\/","name":"Gr-100 Tienda de ciclismo Specialized","description":"GR-100 tenemos todas las gamas de bicicletas Specialized al mejor precio.","publisher":{"@id":"https:\/\/gr-100.com\/#organization"},"alternateName":"Gr-100 Bikes","potentialAction":[{"@type":"SearchAction","target":{"@type":"EntryPoint","urlTemplate":"https:\/\/gr-100.com\/?s={search_term_string}"},"query-input":{"@type":"PropertyValueSpecification","valueRequired":true,"valueName":"search_term_string"}}],"inLanguage":"pt-PT"},{"@type":"Organization","@id":"https:\/\/gr-100.com\/#organization","name":"Gr-100","url":"https:\/\/gr-100.com\/","logo":{"@type":"ImageObject","inLanguage":"pt-PT","@id":"https:\/\/gr-100.com\/#\/schema\/logo\/image\/","url":"https:\/\/gr-100.com\/wp-content\/uploads\/2023\/08\/logo-gr-100-bikes.png","contentUrl":"https:\/\/gr-100.com\/wp-content\/uploads\/2023\/08\/logo-gr-100-bikes.png","width":707,"height":284,"caption":"Gr-100"},"image":{"@id":"https:\/\/gr-100.com\/#\/schema\/logo\/image\/"},"sameAs":["https:\/\/www.facebook.com\/Gr100Bikes","https:\/\/www.instagram.com\/gr100bikes\/","https:\/\/www.tiktok.com\/@gr100bikes","https:\/\/twitter.com\/gr100mtbteam","https:\/\/www.youtube.com\/c\/GR100Specialized"]}]}},"_links":{"self":[{"href":"https:\/\/gr-100.com\/pt-pt\/wp-json\/wp\/v2\/product\/384365","targetHints":{"allow":["GET"]}}],"collection":[{"href":"https:\/\/gr-100.com\/pt-pt\/wp-json\/wp\/v2\/product"}],"about":[{"href":"https:\/\/gr-100.com\/pt-pt\/wp-json\/wp\/v2\/types\/product"}],"replies":[{"embeddable":true,"href":"https:\/\/gr-100.com\/pt-pt\/wp-json\/wp\/v2\/comments?post=384365"}],"wp:attachment":[{"href":"https:\/\/gr-100.com\/pt-pt\/wp-json\/wp\/v2\/media?parent=384365"}],"wp:term":[{"taxonomy":"product_brand","embeddable":true,"href":"https:\/\/gr-100.com\/pt-pt\/wp-json\/wp\/v2\/product_brand?post=384365"},{"taxonomy":"product_cat","embeddable":true,"href":"https:\/\/gr-100.com\/pt-pt\/wp-json\/wp\/v2\/product_cat?post=384365"},{"taxonomy":"product_tag","embeddable":true,"href":"https:\/\/gr-100.com\/pt-pt\/wp-json\/wp\/v2\/product_tag?post=384365"}],"curies":[{"name":"wp","href":"https:\/\/api.w.org\/{rel}","templated":true}]}}