{"id":384366,"date":"2024-07-01T08:25:15","date_gmt":"2024-07-01T08:25:15","guid":{"rendered":"https:\/\/gr-100.com\/producto\/s-works-tarmac-sl7-sram-red-etap-axs\/"},"modified":"2025-12-18T16:46:30","modified_gmt":"2025-12-18T14:46:30","slug":"s-works-tarmac-sl7-sram-red-etap-axs","status":"publish","type":"product","link":"https:\/\/gr-100.com\/pt-pt\/producto\/s-works-tarmac-sl7-sram-red-etap-axs\/","title":{"rendered":"S-Works Tarmac SL7 &#8211; SRAM Red ETap AXS"},"content":{"rendered":"<ul>\n<li>FRAME S-Works Tarmac SL7 FACT 12r Carbon, Rider First Engineered\u2122, Win Tunnel Engineered, Clean Routing, Threaded BB, 12x142mm thru-axle, disco de montagem plana<\/li>\n<li>FORK S-Works FACT Carbon, 12x100mm eixo thru, disco de montagem plana<\/li>\n<li>GUID\u00c3O S-Works Aerofly II<\/li>\n<li>Haste integrada STEM Tarmac, 6 graus<\/li>\n<li>FITA Supacaz Super Sticky Kush<\/li>\n<li>SADDLE Body Geometry S-Works Power, trilhos de fibra de carbono, base de fibra de carbono<\/li>\n<li>SEATPOST 2021 S-Works Tarmac Espig\u00e3o de assento em carbono, FACT Carbon, compat\u00edvel com Di2, deslocamento de 20mm<\/li>\n<li>Cunha integrada SEAT BINDER Tarmac<\/li>\n<li>FREIO DIANTEIRO SRAM RED eTap AXS, disco hidr\u00e1ulico<\/li>\n<li>FREIO TRASEIRO SRAM RED eTap AXS, disco hidr\u00e1ulico<\/li>\n<li>DIANTEIRO DERAILLEUR SRAM RED eTap AXS, braze-on<\/li>\n<li>DERAILLEUR TRASEIRO SRAM RED eTap AXS, 12 velocidades<\/li>\n<li>SRAM RED XG-1290, 12 VELOCIDADES, 10-33T<\/li>\n<li>CRANKSET SRAM RED AXS Medidor de pot\u00eancia<\/li>\n<li>AN\u00c9IS DE CORRENTE 48\/35T<\/li>\n<li>SUPORTE INFERIOR SRAM DUB BSA 68<\/li>\n<li>CHAIN SRAM CN Vermelho de 12 velocidades<\/li>\n<li>RODA DIANTEIRA Roval Rapide CLX, jante em carbono de 21 mm de largura interna, profundidade de 51 mm, Win Tunnel Engineered, cubo Roval AFD, 18h, raios DT Swiss Aerolite<\/li>\n<li>RODA TRASEIRA Roval Rapide CLX, jante em carbono de 21 mm de largura interna, 60 mm de profundidade, Win Tunnel Engineered, cubo Roval AFD, 24h, raios DT Swiss Aerolite<\/li>\n<li>PNEU DIANTEIRO Turbo Algod\u00e3o, 320 TPI, 700x26mm<\/li>\n<li>PNEU TRASEIRO Turbo Algod\u00e3o, 320 TPI, 700x26mm<\/li>\n<li>TUBOS INTERIORES Turbo Ultralight, v\u00e1lvula Presta de 60mm<\/li>\n<\/ul>\n","protected":false},"excerpt":{"rendered":"<p>Dispon\u00edvel, entrega imediata &#8220;Aero \u00e9 tudo&#8221;, n\u00f3s o pregamos h\u00e1 anos e ainda \u00e9 o motor da nova Tarmac.<br \/>\nEm nossa busca por maneiras de alcan\u00e7ar o quadro mais r\u00e1pido permitido pelos regulamentos UCI <\/p>\n","protected":false},"featured_media":0,"comment_status":"closed","ping_status":"closed","template":"","meta":{"_acf_changed":false,"_et_pb_use_builder":"","_et_pb_old_content":"","_et_gb_content_width":"","inline_featured_image":false},"product_brand":[],"product_cat":[20,378],"product_tag":[],"class_list":{"0":"post-384366","1":"product","2":"type-product","3":"status-publish","5":"product_cat-bicicletas-de-carretera","6":"product_cat-estrada","8":"first","9":"outofstock","10":"taxable","11":"shipping-taxable","12":"product-type-variable","13":"wvs-archive-product-wrapper"},"acf":[],"yoast_head":"<!-- This site is optimized with the Yoast SEO Premium plugin v26.7 (Yoast SEO v26.7) - https:\/\/yoast.com\/wordpress\/plugins\/seo\/ -->\n<title>S-Works Tarmac SL7 - SRAM Red ETap AXS GR-100 TARMAC SL7<\/title>\n<meta name=\"description\" content=\"S-Works Tarmac SL7 - SRAM Vermelho ETap AXS. &quot;Aero \u00e9 tudo&quot; \u00e9 o motor da nova Tarmac. O quadro mais r\u00e1pido permitido pelos regulamentos UCI\" \/>\n<meta name=\"robots\" content=\"index, follow, max-snippet:-1, max-image-preview:large, max-video-preview:-1\" \/>\n<link rel=\"canonical\" href=\"https:\/\/gr-100.com\/pt-pt\/producto\/s-works-tarmac-sl7-sram-red-etap-axs\/\" \/>\n<meta property=\"og:locale\" content=\"pt_PT\" \/>\n<meta property=\"og:type\" content=\"article\" \/>\n<meta property=\"og:title\" content=\"S-Works Tarmac SL7 - SRAM Red ETap AXS\" \/>\n<meta property=\"og:description\" content=\"S-Works Tarmac SL7 - SRAM Vermelho ETap AXS. &quot;Aero \u00e9 tudo&quot; \u00e9 o motor da nova Tarmac. O quadro mais r\u00e1pido permitido pelos regulamentos UCI\" \/>\n<meta property=\"og:url\" content=\"https:\/\/gr-100.com\/pt-pt\/producto\/s-works-tarmac-sl7-sram-red-etap-axs\/\" \/>\n<meta property=\"og:site_name\" content=\"Gr-100 Tienda de ciclismo Specialized\" \/>\n<meta property=\"article:publisher\" content=\"https:\/\/www.facebook.com\/Gr100Bikes\" \/>\n<meta property=\"article:modified_time\" content=\"2025-12-18T14:46:30+00:00\" \/>\n<meta name=\"twitter:card\" content=\"summary_large_image\" \/>\n<meta name=\"twitter:label1\" content=\"Tempo estimado de leitura\" \/>\n\t<meta name=\"twitter:data1\" content=\"1 minuto\" \/>\n<script type=\"application\/ld+json\" class=\"yoast-schema-graph\">{\"@context\":\"https:\/\/schema.org\",\"@graph\":[{\"@type\":\"WebPage\",\"@id\":\"https:\/\/gr-100.com\/pt-pt\/producto\/s-works-tarmac-sl7-sram-red-etap-axs\/\",\"url\":\"https:\/\/gr-100.com\/pt-pt\/producto\/s-works-tarmac-sl7-sram-red-etap-axs\/\",\"name\":\"S-Works Tarmac SL7 - SRAM Red ETap AXS GR-100 TARMAC SL7\",\"isPartOf\":{\"@id\":\"https:\/\/gr-100.com\/#website\"},\"datePublished\":\"2024-07-01T08:25:15+00:00\",\"dateModified\":\"2025-12-18T14:46:30+00:00\",\"description\":\"S-Works Tarmac SL7 - SRAM Vermelho ETap AXS. \\\"Aero \u00e9 tudo\\\" \u00e9 o motor da nova Tarmac. O quadro mais r\u00e1pido permitido pelos regulamentos UCI\",\"breadcrumb\":{\"@id\":\"https:\/\/gr-100.com\/pt-pt\/producto\/s-works-tarmac-sl7-sram-red-etap-axs\/#breadcrumb\"},\"inLanguage\":\"pt-PT\",\"potentialAction\":[{\"@type\":\"ReadAction\",\"target\":[\"https:\/\/gr-100.com\/pt-pt\/producto\/s-works-tarmac-sl7-sram-red-etap-axs\/\"]}]},{\"@type\":\"BreadcrumbList\",\"@id\":\"https:\/\/gr-100.com\/pt-pt\/producto\/s-works-tarmac-sl7-sram-red-etap-axs\/#breadcrumb\",\"itemListElement\":[{\"@type\":\"ListItem\",\"position\":1,\"name\":\"Portada\",\"item\":\"https:\/\/gr-100.com\/en\/\"},{\"@type\":\"ListItem\",\"position\":2,\"name\":\"Productos\",\"item\":\"https:\/\/gr-100.com\/?post_type=product\"},{\"@type\":\"ListItem\",\"position\":3,\"name\":\"S-Works Tarmac SL7 &#8211; SRAM Red ETap AXS\"}]},{\"@type\":\"WebSite\",\"@id\":\"https:\/\/gr-100.com\/#website\",\"url\":\"https:\/\/gr-100.com\/\",\"name\":\"Gr-100 Tienda de ciclismo Specialized\",\"description\":\"GR-100 tenemos todas las gamas de bicicletas Specialized al mejor precio.\",\"publisher\":{\"@id\":\"https:\/\/gr-100.com\/#organization\"},\"alternateName\":\"Gr-100 Bikes\",\"potentialAction\":[{\"@type\":\"SearchAction\",\"target\":{\"@type\":\"EntryPoint\",\"urlTemplate\":\"https:\/\/gr-100.com\/?s={search_term_string}\"},\"query-input\":{\"@type\":\"PropertyValueSpecification\",\"valueRequired\":true,\"valueName\":\"search_term_string\"}}],\"inLanguage\":\"pt-PT\"},{\"@type\":\"Organization\",\"@id\":\"https:\/\/gr-100.com\/#organization\",\"name\":\"Gr-100\",\"url\":\"https:\/\/gr-100.com\/\",\"logo\":{\"@type\":\"ImageObject\",\"inLanguage\":\"pt-PT\",\"@id\":\"https:\/\/gr-100.com\/#\/schema\/logo\/image\/\",\"url\":\"https:\/\/gr-100.com\/wp-content\/uploads\/2023\/08\/logo-gr-100-bikes.png\",\"contentUrl\":\"https:\/\/gr-100.com\/wp-content\/uploads\/2023\/08\/logo-gr-100-bikes.png\",\"width\":707,\"height\":284,\"caption\":\"Gr-100\"},\"image\":{\"@id\":\"https:\/\/gr-100.com\/#\/schema\/logo\/image\/\"},\"sameAs\":[\"https:\/\/www.facebook.com\/Gr100Bikes\",\"https:\/\/www.instagram.com\/gr100bikes\/\",\"https:\/\/www.tiktok.com\/@gr100bikes\",\"https:\/\/twitter.com\/gr100mtbteam\",\"https:\/\/www.youtube.com\/c\/GR100Specialized\"]}]}<\/script>\n<!-- \/ Yoast SEO Premium plugin. -->","yoast_head_json":{"title":"S-Works Tarmac SL7 - SRAM Red ETap AXS GR-100 TARMAC SL7","description":"S-Works Tarmac SL7 - SRAM Vermelho ETap AXS. \"Aero \u00e9 tudo\" \u00e9 o motor da nova Tarmac. O quadro mais r\u00e1pido permitido pelos regulamentos UCI","robots":{"index":"index","follow":"follow","max-snippet":"max-snippet:-1","max-image-preview":"max-image-preview:large","max-video-preview":"max-video-preview:-1"},"canonical":"https:\/\/gr-100.com\/pt-pt\/producto\/s-works-tarmac-sl7-sram-red-etap-axs\/","og_locale":"pt_PT","og_type":"article","og_title":"S-Works Tarmac SL7 - SRAM Red ETap AXS","og_description":"S-Works Tarmac SL7 - SRAM Vermelho ETap AXS. \"Aero \u00e9 tudo\" \u00e9 o motor da nova Tarmac. O quadro mais r\u00e1pido permitido pelos regulamentos UCI","og_url":"https:\/\/gr-100.com\/pt-pt\/producto\/s-works-tarmac-sl7-sram-red-etap-axs\/","og_site_name":"Gr-100 Tienda de ciclismo Specialized","article_publisher":"https:\/\/www.facebook.com\/Gr100Bikes","article_modified_time":"2025-12-18T14:46:30+00:00","twitter_card":"summary_large_image","twitter_misc":{"Tempo estimado de leitura":"1 minuto"},"schema":{"@context":"https:\/\/schema.org","@graph":[{"@type":"WebPage","@id":"https:\/\/gr-100.com\/pt-pt\/producto\/s-works-tarmac-sl7-sram-red-etap-axs\/","url":"https:\/\/gr-100.com\/pt-pt\/producto\/s-works-tarmac-sl7-sram-red-etap-axs\/","name":"S-Works Tarmac SL7 - SRAM Red ETap AXS GR-100 TARMAC SL7","isPartOf":{"@id":"https:\/\/gr-100.com\/#website"},"datePublished":"2024-07-01T08:25:15+00:00","dateModified":"2025-12-18T14:46:30+00:00","description":"S-Works Tarmac SL7 - SRAM Vermelho ETap AXS. \"Aero \u00e9 tudo\" \u00e9 o motor da nova Tarmac. O quadro mais r\u00e1pido permitido pelos regulamentos UCI","breadcrumb":{"@id":"https:\/\/gr-100.com\/pt-pt\/producto\/s-works-tarmac-sl7-sram-red-etap-axs\/#breadcrumb"},"inLanguage":"pt-PT","potentialAction":[{"@type":"ReadAction","target":["https:\/\/gr-100.com\/pt-pt\/producto\/s-works-tarmac-sl7-sram-red-etap-axs\/"]}]},{"@type":"BreadcrumbList","@id":"https:\/\/gr-100.com\/pt-pt\/producto\/s-works-tarmac-sl7-sram-red-etap-axs\/#breadcrumb","itemListElement":[{"@type":"ListItem","position":1,"name":"Portada","item":"https:\/\/gr-100.com\/en\/"},{"@type":"ListItem","position":2,"name":"Productos","item":"https:\/\/gr-100.com\/?post_type=product"},{"@type":"ListItem","position":3,"name":"S-Works Tarmac SL7 &#8211; SRAM Red ETap AXS"}]},{"@type":"WebSite","@id":"https:\/\/gr-100.com\/#website","url":"https:\/\/gr-100.com\/","name":"Gr-100 Tienda de ciclismo Specialized","description":"GR-100 tenemos todas las gamas de bicicletas Specialized al mejor precio.","publisher":{"@id":"https:\/\/gr-100.com\/#organization"},"alternateName":"Gr-100 Bikes","potentialAction":[{"@type":"SearchAction","target":{"@type":"EntryPoint","urlTemplate":"https:\/\/gr-100.com\/?s={search_term_string}"},"query-input":{"@type":"PropertyValueSpecification","valueRequired":true,"valueName":"search_term_string"}}],"inLanguage":"pt-PT"},{"@type":"Organization","@id":"https:\/\/gr-100.com\/#organization","name":"Gr-100","url":"https:\/\/gr-100.com\/","logo":{"@type":"ImageObject","inLanguage":"pt-PT","@id":"https:\/\/gr-100.com\/#\/schema\/logo\/image\/","url":"https:\/\/gr-100.com\/wp-content\/uploads\/2023\/08\/logo-gr-100-bikes.png","contentUrl":"https:\/\/gr-100.com\/wp-content\/uploads\/2023\/08\/logo-gr-100-bikes.png","width":707,"height":284,"caption":"Gr-100"},"image":{"@id":"https:\/\/gr-100.com\/#\/schema\/logo\/image\/"},"sameAs":["https:\/\/www.facebook.com\/Gr100Bikes","https:\/\/www.instagram.com\/gr100bikes\/","https:\/\/www.tiktok.com\/@gr100bikes","https:\/\/twitter.com\/gr100mtbteam","https:\/\/www.youtube.com\/c\/GR100Specialized"]}]}},"_links":{"self":[{"href":"https:\/\/gr-100.com\/pt-pt\/wp-json\/wp\/v2\/product\/384366","targetHints":{"allow":["GET"]}}],"collection":[{"href":"https:\/\/gr-100.com\/pt-pt\/wp-json\/wp\/v2\/product"}],"about":[{"href":"https:\/\/gr-100.com\/pt-pt\/wp-json\/wp\/v2\/types\/product"}],"replies":[{"embeddable":true,"href":"https:\/\/gr-100.com\/pt-pt\/wp-json\/wp\/v2\/comments?post=384366"}],"wp:attachment":[{"href":"https:\/\/gr-100.com\/pt-pt\/wp-json\/wp\/v2\/media?parent=384366"}],"wp:term":[{"taxonomy":"product_brand","embeddable":true,"href":"https:\/\/gr-100.com\/pt-pt\/wp-json\/wp\/v2\/product_brand?post=384366"},{"taxonomy":"product_cat","embeddable":true,"href":"https:\/\/gr-100.com\/pt-pt\/wp-json\/wp\/v2\/product_cat?post=384366"},{"taxonomy":"product_tag","embeddable":true,"href":"https:\/\/gr-100.com\/pt-pt\/wp-json\/wp\/v2\/product_tag?post=384366"}],"curies":[{"name":"wp","href":"https:\/\/api.w.org\/{rel}","templated":true}]}}