{"id":384451,"date":"2024-08-07T11:17:41","date_gmt":"2024-08-07T10:17:41","guid":{"rendered":"https:\/\/gr-100.com\/producto\/especializado-turbo-levo-comp-2025\/"},"modified":"2026-01-07T14:13:19","modified_gmt":"2026-01-07T12:13:19","slug":"especializado-turbo-levo-comp-2025","status":"publish","type":"product","link":"https:\/\/gr-100.com\/pt-pt\/producto\/especializado-turbo-levo-comp-2025\/","title":{"rendered":"Specialized Turbo Levo Comp 2025"},"content":{"rendered":"<p>Comece com o nosso motor Turbo Full Power 2.2 e Master Mind Turbo Connect Unit (TCU), que proporcionam ao Levo uma amplifica\u00e7\u00e3o suave e cont\u00ednua dos seus esfor\u00e7os \u2013 4x mais pot\u00eancia que lhe permite escolher onde conduzir e quando quer conduzir.<br \/>\nO Levo tamb\u00e9m quebra as limita\u00e7\u00f5es de alcance, ampliando seu esfor\u00e7o por at\u00e9 cinco horas na estrada.<br \/>\nAgora voc\u00ea pode ir mais longe e explorar mais do que nunca.<br \/>\nE o quadro otimizado apresenta 150 mm de suspens\u00e3o traseira personalizada e geometria ajust\u00e1vel que proporciona uma condu\u00e7\u00e3o est\u00e1vel e natural como nenhuma outra.<br \/>\nPorque no final do dia, o que importa \u00e9 conduzir.<br \/>\nAcredite.<br \/>\nMais subidas, mais descidas, mais quil\u00f3metros, mais divers\u00e3o.<br \/>\nEquipado com um conjunto propulsor SRAM GX\/X01 sem complica\u00e7\u00f5es, suspens\u00e3o FOX que domina o trail e um conjunto de rodas de alum\u00ednio leve e dur\u00e1vel, o Turbo Levo oferece mais de tudo o que voc\u00ea ama na trilha.<\/p>\n<ul>\n<li>O motor Turbo Full Power 2.2 totalmente integrado da Levo, a bateria de 700 Wh e a unidade Turbo Connect fornecem um bin\u00e1rio l\u00edder na sua classe de 90Nm e 565 watts de pot\u00eancia para at\u00e9 cinco horas de autonomia, permitindo-lhe conduzir mais longe e mais r\u00e1pido do que nunca.<\/li>\n<li>A unidade de controlo MasterMind Turbo \u00e9 o seu centro de informa\u00e7\u00f5es com campos de visualiza\u00e7\u00e3o personaliz\u00e1veis, incluindo a percentagem exata do n\u00edvel da bateria, e apresenta a nossa nova funcionalidade MicroTune para ajustar a entrega de energia em incrementos de 10%, para que obtenha exatamente a ajuda de que precisa para experimentar exatamente a condu\u00e7\u00e3o que pretende.<\/li>\n<li>Um design espec\u00edfico de rodas mistas com uma roda de 27,5&#8243; na traseira e 29&#8243; na dianteira oferece uma condu\u00e7\u00e3o \u00e1gil que se move em c\u00edrculos em torno de outros MTBs el\u00e9tricos de alta pot\u00eancia.<br \/>\nUm cockpit generoso coloca-o na moto, otimizando a tra\u00e7\u00e3o e o controlo em curva.<br \/>\nO suporte inferior baixo, o \u00e2ngulo do tubo de cabe\u00e7a inclinado e o deslocamento reduzido do garfo mant\u00eam a estabilidade em terrenos acidentados.<\/li>\n<li>O Levo oferece seis configura\u00e7\u00f5es geom\u00e9tricas diferentes, permitindo-lhe adaptar facilmente o seu desempenho a qualquer estilo de condu\u00e7\u00e3o e terreno.<br \/>\nO \u00e2ngulo do tubo de cabe\u00e7a pode ser ajustado entre 63 e 65,5 graus.<br \/>\nA altura do suporte inferior pode ser ajustada 7 mm para cima ou para baixo.<\/li>\n<li>O curso traseiro de 150 mm do Levo \u00e9 \u00e1gil em pequenos solavancos, devora solavancos quadrados sem se intimidar, consome enormes sa\u00eddas de canto no caf\u00e9 da manh\u00e3 e ainda oferece uma resposta de pedalada incr\u00edvel e entrega sua pot\u00eancia ao solo com total efici\u00eancia.<\/li>\n<li>O S-Sizing do Levo baseia-se no que importa: tamanho e estilo do piloto, n\u00e3o altura inseam.<br \/>\nSeis tamanhos, todos com comprimentos de tubo de cabe\u00e7a e dist\u00e2ncia entre eixos semelhantes, permitem-lhe escolher o tamanho que melhor se adapta ao seu estilo individual.<br \/>\nOs tamanhos mais pequenos ser\u00e3o mais \u00e1geis e f\u00e1ceis de gerir, enquanto os tamanhos maiores oferecem mais estabilidade e uma condu\u00e7\u00e3o mais espa\u00e7osa.<\/li>\n<\/ul>\n<p>Especifica\u00e7\u00f5es<\/p>\n<ul>\n<li>Chicote de fia\u00e7\u00e3o Specialized personalizado WIRING<\/li>\n<li>Carregador personalizado, 42V4A c\/ ficha Rosenberger, 100-240V<\/li>\n<li>MOTOR Specialized 2.1 Custom Rx Trail Motor ajustado<\/li>\n<li>BATERIA Specialized M3-700, bateria integrada, 700Wh UI\/REMOTE Specialized MasterMind TCU, percentagem de carga restante, 120 configura\u00e7\u00f5es de ecr\u00e3 poss\u00edveis, ajuste de assist\u00eancia MicroTune, ANT + \/ Bluetooth\u00ae, w \/ Handlebar remoto<\/li>\n<li>STEM Alloy Trail Stem, furo em barra de 35 mm<\/li>\n<li>Bridge Comp SADDLE, Trilhos ocos Cr-mo, 155\/143mm<\/li>\n<li>GUID\u00c3O 6061 mtn barras, 35mm di\u00e2metro, 8 graus back sweep, 6 graus up sweep, 800mm largura.<br \/>\nS1\/S2: 30mm de eleva\u00e7\u00e3o, S3-S6: 40mm de eleva\u00e7\u00e3o<\/li>\n<li>Specialized<\/li>\n<li>SEATPOST X-Fusion Manic, infinitamente ajust\u00e1vel, cabe\u00e7a de dois parafusos, roteamento de cabo de montagem inferior, alavanca SLR LE remota, 34.9, S1: 100mm, S2: 125mm, S3: 150mm, S4\/S5: 170mm, S6: 190mm<\/li>\n<li>ABRA\u00c7O.<br \/>\nLiga de sela, 38.6mm<\/li>\n<li>Specialized premium M5 especializada, ajuste de fone de ouvido, ajuste de altura BB, dimensionamento S, roteamento de cabos internos, curso de 150 mm, espa\u00e7amento de 148 mm<\/li>\n<li>Fox 36 Rhythm FORK, 29&#8243;, S2-S6: 160mm S1: 150mm, amortecedor de ader\u00eancia<\/li>\n<li>FOX FLOAT X Performance Shock, LSR, alavanca de 2 posi\u00e7\u00f5es, 55x210mm<\/li>\n<li>FREIO DIANTEIRO SRAM Maven Bronze, rotor de 220mm, pastilhas met\u00e1licas<\/li>\n<li>Freio traseiro SRAM Maven Bronze, rotor de 200mm, pastilhas met\u00e1licas<\/li>\n<li>Praxis forjado M30 BOTTOM BRACKET, deslocamento personalizado, 160mm<\/li>\n<li>SRAM GX Eagle CHAIN de 12 velocidades<\/li>\n<li>SRAM GX Eagle shifters, gatilho, 12 velocidades, clique \u00fanico<\/li>\n<li>SRAM X-Sync Eagle Chainrings, 104 BCD, 32T, a\u00e7o<\/li>\n<li>SRAM X01 Eagle, DERAILLEUR TRASEIRO de 12 velocidades<\/li>\n<li>SRAM XG-1275 CASSETTE, 12 velocidades, 10-52t<\/li>\n<li>CUBO DIANTEIRO Liga, rolamentos de cartucho selados, eixo thru 15x110mm, 28h<\/li>\n<li>PNEU.<br \/>\nTalho, carca\u00e7a GRID TRAIL, composto GRIPTON\u00ae T9, 2Bliss Ready, 29&#215;2.3&#8243;<\/li>\n<li>R\u00c1DIOS DT Ind\u00fastria Su\u00ed\u00e7a<\/li>\n<li>Eliminador de pneus traseiro, carca\u00e7a GRID GRAVITY, composto GRIPTON\u00ae T9\/T7, 27,5&#215;2,3&#8243;<\/li>\n<li>CUBO TRASEIRO Liga, rolamentos de cartucho selados, eixo thru 148mmx12mm, 28h<\/li>\n<li>RIMS Specialized 29, liga sem gancho, largura interna de 30 mm, pronto para tubo<\/li>\n<li>C\u00c2MARAS Padr\u00e3o 40mm PV 29\/27.5&#215;1.75-2.4<\/li>\n<li>PEDAIS PEDAIS, PEDAIS TEST RIDE FORNECIDOS PELA SPECIALIZED<\/li>\n<li>Ferramenta integrada de tubo direcional SWAT SWAT CC com ferramenta de corrente e elo<\/li>\n<\/ul>\n","protected":false},"excerpt":{"rendered":"<p>Poder incr\u00edvel para percorrer mais trilhos gra\u00e7as a uma combina\u00e7\u00e3o incompar\u00e1vel de qualidade de condu\u00e7\u00e3o, pot\u00eancia \u00fatil e autonomia em qualquer lugar.<br \/>\n\u00c9 a destila\u00e7\u00e3o, aplica\u00e7\u00e3o e amplifica\u00e7\u00e3o de 40 anos de obsess\u00e3o em criar as melhores bicicletas de montanha do mundo.<br \/>\nDesde o seu lan\u00e7amento, o Levo colocou a fasquia ao n\u00edvel de qualquer outro BTT el\u00e9trico, e o mais recente Levo eleva-a novamente.<\/p>\n","protected":false},"featured_media":379560,"comment_status":"closed","ping_status":"closed","template":"","meta":{"_acf_changed":false,"_et_pb_use_builder":"","_et_pb_old_content":"","_et_gb_content_width":"","inline_featured_image":false},"product_brand":[],"product_cat":[5393,4353,2459,391,5280,5262,5260,2483,2696],"product_tag":[],"class_list":{"0":"post-384451","1":"product","2":"type-product","3":"status-publish","4":"has-post-thumbnail","6":"product_cat-bicicletas-electricas-levo-pt-pt","7":"product_cat-liquidacion-specialized","8":"product_cat-bicicletas-pt-pt-2","9":"product_cat-eletricas","10":"product_cat-bicicletas-electricas-aluminio-pt-pt","11":"product_cat-bicicletas-electricas-de-enduro-trail","12":"product_cat-bicicletas-electricas-specialized-pt-pt","13":"product_cat-bicicletas-especializadas","14":"product_cat-ofertas-especializadas","15":"product_shipping_class-bicicletas-pt-pt","17":"first","18":"instock","19":"sale","20":"taxable","21":"shipping-taxable","22":"purchasable","23":"product-type-variable","24":"wvs-archive-product-wrapper"},"acf":[],"yoast_head":"<!-- This site is optimized with the Yoast SEO Premium plugin v26.7 (Yoast SEO v26.7) - https:\/\/yoast.com\/wordpress\/plugins\/seo\/ -->\n<title>Specialized Turbo Levo Comp 2025 GR-100 Ofertas<\/title>\n<meta name=\"description\" content=\"Specialized Turbo Levo Comp 2025. O novo Levo oferece um poder incr\u00edvel para percorrer mais trilhos gra\u00e7as \u00e0 qualidade de condu\u00e7\u00e3o.\" \/>\n<meta name=\"robots\" content=\"index, follow, max-snippet:-1, max-image-preview:large, max-video-preview:-1\" \/>\n<link rel=\"canonical\" href=\"https:\/\/gr-100.com\/pt-pt\/producto\/especializado-turbo-levo-comp-2025\/\" \/>\n<meta property=\"og:locale\" content=\"pt_PT\" \/>\n<meta property=\"og:type\" content=\"article\" \/>\n<meta property=\"og:title\" content=\"Specialized Turbo Levo Comp 2025\" \/>\n<meta property=\"og:description\" content=\"Specialized Turbo Levo Comp 2025. O novo Levo oferece um poder incr\u00edvel para percorrer mais trilhos gra\u00e7as \u00e0 qualidade de condu\u00e7\u00e3o.\" \/>\n<meta property=\"og:url\" content=\"https:\/\/gr-100.com\/pt-pt\/producto\/especializado-turbo-levo-comp-2025\/\" \/>\n<meta property=\"og:site_name\" content=\"Gr-100 Tienda de ciclismo Specialized\" \/>\n<meta property=\"article:publisher\" content=\"https:\/\/www.facebook.com\/Gr100Bikes\" \/>\n<meta property=\"article:modified_time\" content=\"2026-01-07T12:13:19+00:00\" \/>\n<meta property=\"og:image\" content=\"https:\/\/gr-100.com\/wp-content\/uploads\/2024\/08\/Turbo-Levo-Comp-Alloy-2025-3.jpg\" \/>\n\t<meta property=\"og:image:width\" content=\"1000\" \/>\n\t<meta property=\"og:image:height\" content=\"1000\" \/>\n\t<meta property=\"og:image:type\" content=\"image\/jpeg\" \/>\n<meta name=\"twitter:card\" content=\"summary_large_image\" \/>\n<meta name=\"twitter:label1\" content=\"Tempo estimado de leitura\" \/>\n\t<meta name=\"twitter:data1\" content=\"4 minutos\" \/>\n<script type=\"application\/ld+json\" class=\"yoast-schema-graph\">{\"@context\":\"https:\/\/schema.org\",\"@graph\":[{\"@type\":\"WebPage\",\"@id\":\"https:\/\/gr-100.com\/pt-pt\/producto\/especializado-turbo-levo-comp-2025\/\",\"url\":\"https:\/\/gr-100.com\/pt-pt\/producto\/especializado-turbo-levo-comp-2025\/\",\"name\":\"Specialized Turbo Levo Comp 2025 GR-100 Ofertas\",\"isPartOf\":{\"@id\":\"https:\/\/gr-100.com\/#website\"},\"primaryImageOfPage\":{\"@id\":\"https:\/\/gr-100.com\/pt-pt\/producto\/especializado-turbo-levo-comp-2025\/#primaryimage\"},\"image\":{\"@id\":\"https:\/\/gr-100.com\/pt-pt\/producto\/especializado-turbo-levo-comp-2025\/#primaryimage\"},\"thumbnailUrl\":\"https:\/\/gr-100.com\/wp-content\/uploads\/2024\/08\/Turbo-Levo-Comp-Alloy-2025-3.jpg\",\"datePublished\":\"2024-08-07T10:17:41+00:00\",\"dateModified\":\"2026-01-07T12:13:19+00:00\",\"description\":\"Specialized Turbo Levo Comp 2025. O novo Levo oferece um poder incr\u00edvel para percorrer mais trilhos gra\u00e7as \u00e0 qualidade de condu\u00e7\u00e3o.\",\"breadcrumb\":{\"@id\":\"https:\/\/gr-100.com\/pt-pt\/producto\/especializado-turbo-levo-comp-2025\/#breadcrumb\"},\"inLanguage\":\"pt-PT\",\"potentialAction\":[{\"@type\":\"ReadAction\",\"target\":[\"https:\/\/gr-100.com\/pt-pt\/producto\/especializado-turbo-levo-comp-2025\/\"]}]},{\"@type\":\"ImageObject\",\"inLanguage\":\"pt-PT\",\"@id\":\"https:\/\/gr-100.com\/pt-pt\/producto\/especializado-turbo-levo-comp-2025\/#primaryimage\",\"url\":\"https:\/\/gr-100.com\/wp-content\/uploads\/2024\/08\/Turbo-Levo-Comp-Alloy-2025-3.jpg\",\"contentUrl\":\"https:\/\/gr-100.com\/wp-content\/uploads\/2024\/08\/Turbo-Levo-Comp-Alloy-2025-3.jpg\",\"width\":1000,\"height\":1000},{\"@type\":\"BreadcrumbList\",\"@id\":\"https:\/\/gr-100.com\/pt-pt\/producto\/especializado-turbo-levo-comp-2025\/#breadcrumb\",\"itemListElement\":[{\"@type\":\"ListItem\",\"position\":1,\"name\":\"Portada\",\"item\":\"https:\/\/gr-100.com\/en\/\"},{\"@type\":\"ListItem\",\"position\":2,\"name\":\"Productos\",\"item\":\"https:\/\/gr-100.com\/?post_type=product\"},{\"@type\":\"ListItem\",\"position\":3,\"name\":\"Specialized Turbo Levo Comp 2025\"}]},{\"@type\":\"WebSite\",\"@id\":\"https:\/\/gr-100.com\/#website\",\"url\":\"https:\/\/gr-100.com\/\",\"name\":\"Gr-100 Tienda de ciclismo Specialized\",\"description\":\"GR-100 tenemos todas las gamas de bicicletas Specialized al mejor precio.\",\"publisher\":{\"@id\":\"https:\/\/gr-100.com\/#organization\"},\"alternateName\":\"Gr-100 Bikes\",\"potentialAction\":[{\"@type\":\"SearchAction\",\"target\":{\"@type\":\"EntryPoint\",\"urlTemplate\":\"https:\/\/gr-100.com\/?s={search_term_string}\"},\"query-input\":{\"@type\":\"PropertyValueSpecification\",\"valueRequired\":true,\"valueName\":\"search_term_string\"}}],\"inLanguage\":\"pt-PT\"},{\"@type\":\"Organization\",\"@id\":\"https:\/\/gr-100.com\/#organization\",\"name\":\"Gr-100\",\"url\":\"https:\/\/gr-100.com\/\",\"logo\":{\"@type\":\"ImageObject\",\"inLanguage\":\"pt-PT\",\"@id\":\"https:\/\/gr-100.com\/#\/schema\/logo\/image\/\",\"url\":\"https:\/\/gr-100.com\/wp-content\/uploads\/2023\/08\/logo-gr-100-bikes.png\",\"contentUrl\":\"https:\/\/gr-100.com\/wp-content\/uploads\/2023\/08\/logo-gr-100-bikes.png\",\"width\":707,\"height\":284,\"caption\":\"Gr-100\"},\"image\":{\"@id\":\"https:\/\/gr-100.com\/#\/schema\/logo\/image\/\"},\"sameAs\":[\"https:\/\/www.facebook.com\/Gr100Bikes\",\"https:\/\/www.instagram.com\/gr100bikes\/\",\"https:\/\/www.tiktok.com\/@gr100bikes\",\"https:\/\/twitter.com\/gr100mtbteam\",\"https:\/\/www.youtube.com\/c\/GR100Specialized\"]}]}<\/script>\n<!-- \/ Yoast SEO Premium plugin. -->","yoast_head_json":{"title":"Specialized Turbo Levo Comp 2025 GR-100 Ofertas","description":"Specialized Turbo Levo Comp 2025. O novo Levo oferece um poder incr\u00edvel para percorrer mais trilhos gra\u00e7as \u00e0 qualidade de condu\u00e7\u00e3o.","robots":{"index":"index","follow":"follow","max-snippet":"max-snippet:-1","max-image-preview":"max-image-preview:large","max-video-preview":"max-video-preview:-1"},"canonical":"https:\/\/gr-100.com\/pt-pt\/producto\/especializado-turbo-levo-comp-2025\/","og_locale":"pt_PT","og_type":"article","og_title":"Specialized Turbo Levo Comp 2025","og_description":"Specialized Turbo Levo Comp 2025. O novo Levo oferece um poder incr\u00edvel para percorrer mais trilhos gra\u00e7as \u00e0 qualidade de condu\u00e7\u00e3o.","og_url":"https:\/\/gr-100.com\/pt-pt\/producto\/especializado-turbo-levo-comp-2025\/","og_site_name":"Gr-100 Tienda de ciclismo Specialized","article_publisher":"https:\/\/www.facebook.com\/Gr100Bikes","article_modified_time":"2026-01-07T12:13:19+00:00","og_image":[{"width":1000,"height":1000,"url":"https:\/\/gr-100.com\/wp-content\/uploads\/2024\/08\/Turbo-Levo-Comp-Alloy-2025-3.jpg","type":"image\/jpeg"}],"twitter_card":"summary_large_image","twitter_misc":{"Tempo estimado de leitura":"4 minutos"},"schema":{"@context":"https:\/\/schema.org","@graph":[{"@type":"WebPage","@id":"https:\/\/gr-100.com\/pt-pt\/producto\/especializado-turbo-levo-comp-2025\/","url":"https:\/\/gr-100.com\/pt-pt\/producto\/especializado-turbo-levo-comp-2025\/","name":"Specialized Turbo Levo Comp 2025 GR-100 Ofertas","isPartOf":{"@id":"https:\/\/gr-100.com\/#website"},"primaryImageOfPage":{"@id":"https:\/\/gr-100.com\/pt-pt\/producto\/especializado-turbo-levo-comp-2025\/#primaryimage"},"image":{"@id":"https:\/\/gr-100.com\/pt-pt\/producto\/especializado-turbo-levo-comp-2025\/#primaryimage"},"thumbnailUrl":"https:\/\/gr-100.com\/wp-content\/uploads\/2024\/08\/Turbo-Levo-Comp-Alloy-2025-3.jpg","datePublished":"2024-08-07T10:17:41+00:00","dateModified":"2026-01-07T12:13:19+00:00","description":"Specialized Turbo Levo Comp 2025. O novo Levo oferece um poder incr\u00edvel para percorrer mais trilhos gra\u00e7as \u00e0 qualidade de condu\u00e7\u00e3o.","breadcrumb":{"@id":"https:\/\/gr-100.com\/pt-pt\/producto\/especializado-turbo-levo-comp-2025\/#breadcrumb"},"inLanguage":"pt-PT","potentialAction":[{"@type":"ReadAction","target":["https:\/\/gr-100.com\/pt-pt\/producto\/especializado-turbo-levo-comp-2025\/"]}]},{"@type":"ImageObject","inLanguage":"pt-PT","@id":"https:\/\/gr-100.com\/pt-pt\/producto\/especializado-turbo-levo-comp-2025\/#primaryimage","url":"https:\/\/gr-100.com\/wp-content\/uploads\/2024\/08\/Turbo-Levo-Comp-Alloy-2025-3.jpg","contentUrl":"https:\/\/gr-100.com\/wp-content\/uploads\/2024\/08\/Turbo-Levo-Comp-Alloy-2025-3.jpg","width":1000,"height":1000},{"@type":"BreadcrumbList","@id":"https:\/\/gr-100.com\/pt-pt\/producto\/especializado-turbo-levo-comp-2025\/#breadcrumb","itemListElement":[{"@type":"ListItem","position":1,"name":"Portada","item":"https:\/\/gr-100.com\/en\/"},{"@type":"ListItem","position":2,"name":"Productos","item":"https:\/\/gr-100.com\/?post_type=product"},{"@type":"ListItem","position":3,"name":"Specialized Turbo Levo Comp 2025"}]},{"@type":"WebSite","@id":"https:\/\/gr-100.com\/#website","url":"https:\/\/gr-100.com\/","name":"Gr-100 Tienda de ciclismo Specialized","description":"GR-100 tenemos todas las gamas de bicicletas Specialized al mejor precio.","publisher":{"@id":"https:\/\/gr-100.com\/#organization"},"alternateName":"Gr-100 Bikes","potentialAction":[{"@type":"SearchAction","target":{"@type":"EntryPoint","urlTemplate":"https:\/\/gr-100.com\/?s={search_term_string}"},"query-input":{"@type":"PropertyValueSpecification","valueRequired":true,"valueName":"search_term_string"}}],"inLanguage":"pt-PT"},{"@type":"Organization","@id":"https:\/\/gr-100.com\/#organization","name":"Gr-100","url":"https:\/\/gr-100.com\/","logo":{"@type":"ImageObject","inLanguage":"pt-PT","@id":"https:\/\/gr-100.com\/#\/schema\/logo\/image\/","url":"https:\/\/gr-100.com\/wp-content\/uploads\/2023\/08\/logo-gr-100-bikes.png","contentUrl":"https:\/\/gr-100.com\/wp-content\/uploads\/2023\/08\/logo-gr-100-bikes.png","width":707,"height":284,"caption":"Gr-100"},"image":{"@id":"https:\/\/gr-100.com\/#\/schema\/logo\/image\/"},"sameAs":["https:\/\/www.facebook.com\/Gr100Bikes","https:\/\/www.instagram.com\/gr100bikes\/","https:\/\/www.tiktok.com\/@gr100bikes","https:\/\/twitter.com\/gr100mtbteam","https:\/\/www.youtube.com\/c\/GR100Specialized"]}]}},"_links":{"self":[{"href":"https:\/\/gr-100.com\/pt-pt\/wp-json\/wp\/v2\/product\/384451","targetHints":{"allow":["GET"]}}],"collection":[{"href":"https:\/\/gr-100.com\/pt-pt\/wp-json\/wp\/v2\/product"}],"about":[{"href":"https:\/\/gr-100.com\/pt-pt\/wp-json\/wp\/v2\/types\/product"}],"replies":[{"embeddable":true,"href":"https:\/\/gr-100.com\/pt-pt\/wp-json\/wp\/v2\/comments?post=384451"}],"wp:featuredmedia":[{"embeddable":true,"href":"https:\/\/gr-100.com\/pt-pt\/wp-json\/wp\/v2\/media\/379560"}],"wp:attachment":[{"href":"https:\/\/gr-100.com\/pt-pt\/wp-json\/wp\/v2\/media?parent=384451"}],"wp:term":[{"taxonomy":"product_brand","embeddable":true,"href":"https:\/\/gr-100.com\/pt-pt\/wp-json\/wp\/v2\/product_brand?post=384451"},{"taxonomy":"product_cat","embeddable":true,"href":"https:\/\/gr-100.com\/pt-pt\/wp-json\/wp\/v2\/product_cat?post=384451"},{"taxonomy":"product_tag","embeddable":true,"href":"https:\/\/gr-100.com\/pt-pt\/wp-json\/wp\/v2\/product_tag?post=384451"}],"curies":[{"name":"wp","href":"https:\/\/api.w.org\/{rel}","templated":true}]}}