{"id":384475,"date":"2024-07-12T14:26:56","date_gmt":"2024-07-12T13:26:56","guid":{"rendered":"https:\/\/gr-100.com\/producto\/especializado-turbo-vado-5-0-igh\/"},"modified":"2025-11-27T11:21:58","modified_gmt":"2025-11-27T09:21:58","slug":"especializado-turbo-vado-5-0-igh","status":"publish","type":"product","link":"https:\/\/gr-100.com\/pt-pt\/producto\/especializado-turbo-vado-5-0-igh\/","title":{"rendered":"Specialized Turbo Vado 5.0 IGH"},"content":{"rendered":"<p>Considere a Vado a sua moto de transporte de alto desempenho, que o levar\u00e1 aonde quiser com uma combina\u00e7\u00e3o inigual\u00e1vel de velocidade, fiabilidade e confian\u00e7a. Quer esteja a carreg\u00e1-lo com as suas coisas, a entrar e a sair, a deslocar-se para o trabalho ou a ir ao gin\u00e1sio, a pot\u00eancia e o longo alcance do Ford ir\u00e3o lev\u00e1-lo do &#8220;ponto A&#8221; ao &#8220;ponto B&#8221; o mais rapidamente poss\u00edvel.<br \/>\nA Specialized Vado tem tudo o que precisa numa bicicleta citadina el\u00e9trica. Traz uma natureza equilibrada \u00e0 forma como \u00e9 conduzido e n\u00edveis superiores de conforto, bem como uma autonomia do motor de at\u00e9 150 km. Ela \u00e9 uma verdadeira l\u00edder em sua classe. <strong>TURBO:<\/strong> O cora\u00e7\u00e3o do Vado \u00e9 a sua tecnologia Turbo, um sistema de e-bike avan\u00e7ado e integrado que oferece uma combina\u00e7\u00e3o inigual\u00e1vel de pot\u00eancia, sensa\u00e7\u00e3o natural, recursos antirroubo, dicas de treinamento, um computador de bicicleta completo, 150 km de autonomia e muito mais. Al\u00e9m disso, com as atualiza\u00e7\u00f5es Over the Air, o seu Ford ir\u00e1 melhorar ao longo do tempo com funcionalidades automatizadas que podem ser descarregadas \u00e0 medida que se desenvolvem. <strong>POTENTE:<\/strong> \u00c9 voc\u00ea, s\u00f3 que mais r\u00e1pido &#8211; \u00e9 4x voc\u00ea. O sistema Turbo Full Power deteta a for\u00e7a que aplica aos pedais e quadruplica-a naturalmente para uma experi\u00eancia que torna a subida de qualquer colina ou chegar a qualquer destino muito f\u00e1cil. Literalmente. <strong>CONFORTO E CONFIAN\u00c7A:<\/strong> A posi\u00e7\u00e3o e o manuseamento da carro\u00e7aria foram otimizados para um conforto, confian\u00e7a e controlo de condu\u00e7\u00e3o inigual\u00e1veis. Os potentes trav\u00f5es de disco hidr\u00e1ulicos controlam a velocidade, enquanto os pneus maiores proporcionam a m\u00e1xima tra\u00e7\u00e3o para virar e parar. <strong>LONGA DIST\u00c2NCIA:<\/strong> Com autonomia para qualquer lugar, percorre at\u00e9 150 km com uma \u00fanica carga. <strong>CONFORTO:<\/strong> Mantenha-se confort\u00e1vel no selim com um garfo de suspens\u00e3o dianteira de 80 mm, pneus de maior volume e um espig\u00e3o de suspens\u00e3o com suaviza\u00e7\u00e3o de esburacados. <strong>SEGURAN\u00c7A:<\/strong> O Vado tem um bloqueio antirroubo integrado na pr\u00f3pria moto. Evite que potenciais ladr\u00f5es de bicicletas desativem o motor com o premir de um bot\u00e3o, para que ningu\u00e9m possa ligar o motor sem o seu telem\u00f3vel ligado \u00e0 aplica\u00e7\u00e3o Mission Control ou o seu pino personalizado. A bateria do Vado est\u00e1 bloqueada na bicicleta ou pode ser facilmente levada consigo. E se algu\u00e9m tentar mover a sua bicicleta, um alarme ir\u00e1 soar. Saia, ladr\u00e3o. <strong>MELHOR AO LONGO DO TEMPO:<\/strong> Porque a nossa tecnologia nunca para de melhorar, a sua experi\u00eancia de condu\u00e7\u00e3o tamb\u00e9m n\u00e3o. Com novas funcionalidades, apresenta\u00e7\u00f5es e atualiza\u00e7\u00f5es de firmware over-the-air, leve a sua experi\u00eancia de condu\u00e7\u00e3o para o pr\u00f3ximo n\u00edvel sempre que uma atualiza\u00e7\u00e3o estiver dispon\u00edvel.   <\/p>\n<ul>\n<li>Motor Turbo Full Power 2.0 e Bateria de 710Wh &#8211; Integrados na estrutura de alum\u00ednio do Tero 4.0, eles efetivamente quadruplicam sua pr\u00f3pria pot\u00eancia, fornecendo muitos watts para facilitar o trabalho nas subidas mais \u00edngremes e fornecendo m\u00fasculo extra suficiente para permitir que voc\u00ea carregue seu equipamento de aventura,  comida, crian\u00e7as e todos os seus sonhos sem suar.<br \/>\n\u00c9 voc\u00ea, mas mais r\u00e1pido.<br \/>\nMas o que realmente diferencia este motor dos restantes \u00e9 a efici\u00eancia e fluidez com que se mistura com os seus pr\u00f3prios esfor\u00e7os.  <\/li>\n<li>MasterMind e Mission Control &#8211; O ecr\u00e3 MasterMind apresenta toda a informa\u00e7\u00e3o relevante sobre a sua condu\u00e7\u00e3o, permite o ajuste em tempo real dos n\u00edveis de assist\u00eancia e permite atualiza\u00e7\u00f5es para melhorar a sua moto ao longo do tempo.<\/li>\n<li>MasterMind integra-se perfeitamente com o aplicativo Mission Control para fornecer ferramentas de otimiza\u00e7\u00e3o de alcance, ajuste avan\u00e7ado, diagn\u00f3sticos em tempo real e muito mais.<\/li>\n<li>Efic\u00e1cia suave comprovada &#8211; Concebemos um mecanismo de teste personalizado para analisar solavancos, mesmo na menor frequ\u00eancia para aumentar o conforto e a vis\u00e3o.<br \/>\nEssa precis\u00e3o, combinada com pneus de maior volume e um garfo de suspens\u00e3o de 80 mm, suavizar\u00e1 as estradas diante dos seus olhos. <\/li>\n<li>Bloqueio do sistema Turbo &#8211; Use o aplicativo Mission Control para desativar o motor e ativar o alarme de movimento.<br \/>\nUma vez que o motor est\u00e1 bloqueado, apenas o propriet\u00e1rio pode desbloque\u00e1-lo. <\/li>\n<li>Garmin Radar &#8211; Um sensor de radar Garmin integrado permite-lhe saber quando o tr\u00e1fego est\u00e1 a surgir atr\u00e1s de si.<br \/>\nA tecnologia de radar da Garmin pode detetar carros a at\u00e9 140 metros de dist\u00e2ncia.<br \/>\nA MasterMind avisa o condutor visual, ac\u00fastica e tactilmente da dist\u00e2ncia relativa e da velocidade a que um ve\u00edculo se aproxima.  <\/li>\n<li>Bateria totalmente integrada no tubo inferior, remov\u00edvel e bloque\u00e1vel &#8211; F\u00e1cil de carregar, f\u00e1cil de fixar.<\/li>\n<li>Equipado com para-lamas DRYTECH, LED frontal, luz traseira e rack com capacidade para 27 kg.<br \/>\nPreparado e aprovado para cadeiras de crian\u00e7a e para o transporte de um reboque de eixo traseiro. <\/li>\n<\/ul>\n<p>&nbsp;<\/p>\n<p><strong>Especifica\u00e7\u00f5es<\/strong><\/p>\n<ul>\n<li>Alum\u00ednio E5 FRAME<br \/>\n, suporte inferior do motor, bateria downtube totalmente integrada e bloque\u00e1vel, roteamento de cabos internos, bloqueio e montagem em rack frontal, desist\u00eancia deslizante<\/li>\n<li>Rockshox Recon Silver RL FORK,<br \/>\n curso de 80mm, controle de movimento, suportes para para-lamas<\/li>\n<li>Ponte Sport Sela<br \/>\n, Trilhos de a\u00e7o, 155mm<\/li>\n<li>PUNHOS<br \/>\n ERGON GA30<\/li>\n<li>Conjunto de fluxoSpecialized STEM<br \/>\n, liga forjada em 3D, eleva\u00e7\u00e3o de 20 graus, bra\u00e7adeira de 31,8 mm<\/li>\n<li>GUID\u00c3O<br \/>\nSpecialized, liga, varredura traseira de 15 graus, eleva\u00e7\u00e3o de 46 mm, 31,8 mm<\/li>\n<li>SEATPOST<br \/>\nSuspens\u00e3o de mola, liga, curso de 40mm, 30,9mm, bra\u00e7adeira de 2 parafusos, manga de 34,9mm<\/li>\n<li>SRAM G2 RS FREIO TRASEIRO<br \/>\n, pin\u00e7a de 4 pist\u00f5es, disco hidr\u00e1ulico, 180mmSRAM<\/li>\n<li>SRAM G2 RS FREIO DIANTEIRO<br \/>\n, pin\u00e7a de 4 pist\u00f5es, disco hidr\u00e1ulico, 180mmSRAM<\/li>\n<li>Manivelas forjadas de liga personalizada Suporte<br \/>\n INFERIOR<\/li>\n<li>Protetor de corrente de cobertura de corrente<br \/>\npersonalizado<\/li>\n<li>CHAIN<br \/>\nGates Carbon Drive CDX 122t correia, preto<\/li>\n<li>CASSETTE<br \/>\nGates Carbon Drive CDX 22t roda dentada, prata<\/li>\n<li>Gates Carbon Drive CDX 50T roda dentada dianteira PLATES<br \/>\n, preto<\/li>\n<li>SHIFT<br \/>\nna interface de mudan\u00e7a AUTOMATiQ Pro<\/li>\n<li>RIMS<br \/>\n650b disco, liga de parede dupla, fixado, 32h<\/li>\n<li>DT Ind\u00fastria Su\u00ed\u00e7a R\u00c1DIOS\n<\/li>\n<li>Pneu traseiro Pathfinder Sport Reflect,<br \/>\n650Bx2.3<\/li>\n<li>PNEU.<br \/>\nDesbravador Sport Reflect, 650Bx2.3<\/li>\n<li>CUBO DIANTEIRO<br \/>\n Disco de cubo dianteiroSpecialized rolamentos de mingau selados, 6 parafusos, eixo thru de 15x110mm, 32h<\/li>\n<li>C\u00c2MARAS<br \/>\nStandard 40mm SV 650Bx1.75-2.4<\/li>\n<li>CUBO TRASEIRO<br \/>\nViolo resistente, alcance de 380%, 6 parafusos, 10x135mm, 32h<\/li>\n<li>Carregador<br \/>\n personalizado, 42V4A c\/ ficha Rosenberger, 100-240V<\/li>\n<li>UI \/ REMOTE<br \/>\nMasterMind TCD, w \/ guid\u00e3o remoto, built-in recurso antirroubo, conectividade Bluetooth\u00ae, p\u00e1ginas de exibi\u00e7\u00e3o personaliz\u00e1veis<\/li>\n<li>Specialized de 2.2<br \/>\n, torque de 90Nm, motor ajustado personalizado, classifica\u00e7\u00e3o de 250W<\/li>\n<li>Specialized<br \/>\n especializada U2-710, inv\u00f3lucro de liga, display de estado de carga, 710Wh<\/li>\n<\/ul>\n<p>ACESS\u00d3RIOS<\/p>\n<ul>\n<li>Para-lamasSpecialized, largura de<br \/>\n 65mm, para-lamas de alum\u00ednio<\/li>\n<li>SWAT<br \/>\nGuiador espelho retrovisor, alum\u00ednio<\/li>\n<li>Radar Garmin Integrado por Radar<br \/>\n, com informa\u00e7\u00f5es personalizadas exibidas diretamente no Mastermind TCD<\/li>\n<li>Lezyne Ebike Power E115 LUZ DIANTEIRA,<br \/>\n 310 Lumen, 12V<\/li>\n<li>Spanninga Commuter Glow XE LUZ TRASEIRA,<br \/>\n 12V<\/li>\n<li>Specialized para Passageiros c\/ fita<br \/>\n adesiva e refletores<\/li>\n<li>\nSpecialized de lat\u00e3o especializado<\/li>\n<li>KICKSTAND Kickstand<br \/>\nSpecialized , montagem de 40mm<\/li>\n<li>Specialized,<br \/>\n interface MIK HD, suportes pannier integrados, carga m\u00e1xima de 27 kg<\/li>\n<li>Bloqueio do sistema turbo PADLOCK\n<\/li>\n<li>PESO<br \/>\n23.54kg (51 lb, 14.3 oz)<\/li>\n<\/ul>\n","protected":false},"excerpt":{"rendered":"<p>Considere a Vado a sua moto de transporte de alto desempenho, que o levar\u00e1 aonde quiser com uma combina\u00e7\u00e3o inigual\u00e1vel de velocidade, fiabilidade e confian\u00e7a.<br \/>\nQuer esteja a carreg\u00e1-lo com as suas coisas, a entrar e a sair, a deslocar-se para o trabalho ou a ir ao gin\u00e1sio, a pot\u00eancia e o longo alcance do Ford ir\u00e3o lev\u00e1-lo do &#8220;ponto A&#8221; ao &#8220;ponto B&#8221; o mais rapidamente poss\u00edvel. <\/p>\n","protected":false},"featured_media":378733,"comment_status":"closed","ping_status":"closed","template":"","meta":{"_acf_changed":false,"_et_pb_use_builder":"","_et_pb_old_content":"","_et_gb_content_width":"","inline_featured_image":false},"product_brand":[],"product_cat":[2459,5284,391,5280,5260,5283,5281,2483],"product_tag":[],"class_list":{"0":"post-384475","1":"product","2":"type-product","3":"status-publish","4":"has-post-thumbnail","6":"product_cat-bicicletas-pt-pt-2","7":"product_cat-bicicletas-urbanas-pt-pt","8":"product_cat-eletricas","9":"product_cat-bicicletas-electricas-aluminio-pt-pt","10":"product_cat-bicicletas-electricas-specialized-pt-pt","11":"product_cat-bicicletas-electricas-trekking-pt-pt","12":"product_cat-bicicletas-electricas-urbanas-pt-pt","13":"product_cat-bicicletas-especializadas","14":"product_shipping_class-bicicletas-pt-pt","16":"first","17":"instock","18":"taxable","19":"shipping-taxable","20":"purchasable","21":"product-type-variable","22":"wvs-archive-product-wrapper"},"acf":[],"yoast_head":"<!-- This site is optimized with the Yoast SEO Premium plugin v26.7 (Yoast SEO v26.7) - https:\/\/yoast.com\/wordpress\/plugins\/seo\/ -->\n<title>Specialized Turbo Vado 5.0 IGH GR-100<\/title>\n<meta name=\"description\" content=\"Ford sua moto urbana de alto desempenho, ele vai lev\u00e1-lo onde voc\u00ea quiser. Motor 2.0 Turbo de pot\u00eancia total e bateria de 710 W. Autonomia do motor at\u00e9 150 km.\" \/>\n<meta name=\"robots\" content=\"index, follow, max-snippet:-1, max-image-preview:large, max-video-preview:-1\" \/>\n<link rel=\"canonical\" href=\"https:\/\/gr-100.com\/pt-pt\/producto\/especializado-turbo-vado-5-0-igh\/\" \/>\n<meta property=\"og:locale\" content=\"pt_PT\" \/>\n<meta property=\"og:type\" content=\"article\" \/>\n<meta property=\"og:title\" content=\"Specialized Turbo Vado 5.0 IGH\" \/>\n<meta property=\"og:description\" content=\"Ford sua moto urbana de alto desempenho, ele vai lev\u00e1-lo onde voc\u00ea quiser. Motor 2.0 Turbo de pot\u00eancia total e bateria de 710 W. Autonomia do motor at\u00e9 150 km.\" \/>\n<meta property=\"og:url\" content=\"https:\/\/gr-100.com\/pt-pt\/producto\/especializado-turbo-vado-5-0-igh\/\" \/>\n<meta property=\"og:site_name\" content=\"Gr-100 Tienda de ciclismo Specialized\" \/>\n<meta property=\"article:publisher\" content=\"https:\/\/www.facebook.com\/Gr100Bikes\" \/>\n<meta property=\"article:modified_time\" content=\"2025-11-27T09:21:58+00:00\" \/>\n<meta property=\"og:image\" content=\"https:\/\/gr-100.com\/wp-content\/uploads\/2024\/07\/Specialized-Turbo-Vado-5.0-IGH-1.jpg\" \/>\n\t<meta property=\"og:image:width\" content=\"1000\" \/>\n\t<meta property=\"og:image:height\" content=\"1000\" \/>\n\t<meta property=\"og:image:type\" content=\"image\/jpeg\" \/>\n<meta name=\"twitter:card\" content=\"summary_large_image\" \/>\n<meta name=\"twitter:label1\" content=\"Tempo estimado de leitura\" \/>\n\t<meta name=\"twitter:data1\" content=\"6 minutos\" \/>\n<script type=\"application\/ld+json\" class=\"yoast-schema-graph\">{\"@context\":\"https:\/\/schema.org\",\"@graph\":[{\"@type\":\"WebPage\",\"@id\":\"https:\/\/gr-100.com\/pt-pt\/producto\/especializado-turbo-vado-5-0-igh\/\",\"url\":\"https:\/\/gr-100.com\/pt-pt\/producto\/especializado-turbo-vado-5-0-igh\/\",\"name\":\"Specialized Turbo Vado 5.0 IGH GR-100\",\"isPartOf\":{\"@id\":\"https:\/\/gr-100.com\/#website\"},\"primaryImageOfPage\":{\"@id\":\"https:\/\/gr-100.com\/pt-pt\/producto\/especializado-turbo-vado-5-0-igh\/#primaryimage\"},\"image\":{\"@id\":\"https:\/\/gr-100.com\/pt-pt\/producto\/especializado-turbo-vado-5-0-igh\/#primaryimage\"},\"thumbnailUrl\":\"https:\/\/gr-100.com\/wp-content\/uploads\/2024\/07\/Specialized-Turbo-Vado-5.0-IGH-1.jpg\",\"datePublished\":\"2024-07-12T13:26:56+00:00\",\"dateModified\":\"2025-11-27T09:21:58+00:00\",\"description\":\"Ford sua moto urbana de alto desempenho, ele vai lev\u00e1-lo onde voc\u00ea quiser. Motor 2.0 Turbo de pot\u00eancia total e bateria de 710 W. Autonomia do motor at\u00e9 150 km.\",\"breadcrumb\":{\"@id\":\"https:\/\/gr-100.com\/pt-pt\/producto\/especializado-turbo-vado-5-0-igh\/#breadcrumb\"},\"inLanguage\":\"pt-PT\",\"potentialAction\":[{\"@type\":\"ReadAction\",\"target\":[\"https:\/\/gr-100.com\/pt-pt\/producto\/especializado-turbo-vado-5-0-igh\/\"]}]},{\"@type\":\"ImageObject\",\"inLanguage\":\"pt-PT\",\"@id\":\"https:\/\/gr-100.com\/pt-pt\/producto\/especializado-turbo-vado-5-0-igh\/#primaryimage\",\"url\":\"https:\/\/gr-100.com\/wp-content\/uploads\/2024\/07\/Specialized-Turbo-Vado-5.0-IGH-1.jpg\",\"contentUrl\":\"https:\/\/gr-100.com\/wp-content\/uploads\/2024\/07\/Specialized-Turbo-Vado-5.0-IGH-1.jpg\",\"width\":1000,\"height\":1000},{\"@type\":\"BreadcrumbList\",\"@id\":\"https:\/\/gr-100.com\/pt-pt\/producto\/especializado-turbo-vado-5-0-igh\/#breadcrumb\",\"itemListElement\":[{\"@type\":\"ListItem\",\"position\":1,\"name\":\"Portada\",\"item\":\"https:\/\/gr-100.com\/en\/\"},{\"@type\":\"ListItem\",\"position\":2,\"name\":\"Productos\",\"item\":\"https:\/\/gr-100.com\/?post_type=product\"},{\"@type\":\"ListItem\",\"position\":3,\"name\":\"Specialized Turbo Vado 5.0 IGH\"}]},{\"@type\":\"WebSite\",\"@id\":\"https:\/\/gr-100.com\/#website\",\"url\":\"https:\/\/gr-100.com\/\",\"name\":\"Gr-100 Tienda de ciclismo Specialized\",\"description\":\"GR-100 tenemos todas las gamas de bicicletas Specialized al mejor precio.\",\"publisher\":{\"@id\":\"https:\/\/gr-100.com\/#organization\"},\"alternateName\":\"Gr-100 Bikes\",\"potentialAction\":[{\"@type\":\"SearchAction\",\"target\":{\"@type\":\"EntryPoint\",\"urlTemplate\":\"https:\/\/gr-100.com\/?s={search_term_string}\"},\"query-input\":{\"@type\":\"PropertyValueSpecification\",\"valueRequired\":true,\"valueName\":\"search_term_string\"}}],\"inLanguage\":\"pt-PT\"},{\"@type\":\"Organization\",\"@id\":\"https:\/\/gr-100.com\/#organization\",\"name\":\"Gr-100\",\"url\":\"https:\/\/gr-100.com\/\",\"logo\":{\"@type\":\"ImageObject\",\"inLanguage\":\"pt-PT\",\"@id\":\"https:\/\/gr-100.com\/#\/schema\/logo\/image\/\",\"url\":\"https:\/\/gr-100.com\/wp-content\/uploads\/2023\/08\/logo-gr-100-bikes.png\",\"contentUrl\":\"https:\/\/gr-100.com\/wp-content\/uploads\/2023\/08\/logo-gr-100-bikes.png\",\"width\":707,\"height\":284,\"caption\":\"Gr-100\"},\"image\":{\"@id\":\"https:\/\/gr-100.com\/#\/schema\/logo\/image\/\"},\"sameAs\":[\"https:\/\/www.facebook.com\/Gr100Bikes\",\"https:\/\/www.instagram.com\/gr100bikes\/\",\"https:\/\/www.tiktok.com\/@gr100bikes\",\"https:\/\/twitter.com\/gr100mtbteam\",\"https:\/\/www.youtube.com\/c\/GR100Specialized\"]}]}<\/script>\n<!-- \/ Yoast SEO Premium plugin. -->","yoast_head_json":{"title":"Specialized Turbo Vado 5.0 IGH GR-100","description":"Ford sua moto urbana de alto desempenho, ele vai lev\u00e1-lo onde voc\u00ea quiser. Motor 2.0 Turbo de pot\u00eancia total e bateria de 710 W. Autonomia do motor at\u00e9 150 km.","robots":{"index":"index","follow":"follow","max-snippet":"max-snippet:-1","max-image-preview":"max-image-preview:large","max-video-preview":"max-video-preview:-1"},"canonical":"https:\/\/gr-100.com\/pt-pt\/producto\/especializado-turbo-vado-5-0-igh\/","og_locale":"pt_PT","og_type":"article","og_title":"Specialized Turbo Vado 5.0 IGH","og_description":"Ford sua moto urbana de alto desempenho, ele vai lev\u00e1-lo onde voc\u00ea quiser. Motor 2.0 Turbo de pot\u00eancia total e bateria de 710 W. Autonomia do motor at\u00e9 150 km.","og_url":"https:\/\/gr-100.com\/pt-pt\/producto\/especializado-turbo-vado-5-0-igh\/","og_site_name":"Gr-100 Tienda de ciclismo Specialized","article_publisher":"https:\/\/www.facebook.com\/Gr100Bikes","article_modified_time":"2025-11-27T09:21:58+00:00","og_image":[{"width":1000,"height":1000,"url":"https:\/\/gr-100.com\/wp-content\/uploads\/2024\/07\/Specialized-Turbo-Vado-5.0-IGH-1.jpg","type":"image\/jpeg"}],"twitter_card":"summary_large_image","twitter_misc":{"Tempo estimado de leitura":"6 minutos"},"schema":{"@context":"https:\/\/schema.org","@graph":[{"@type":"WebPage","@id":"https:\/\/gr-100.com\/pt-pt\/producto\/especializado-turbo-vado-5-0-igh\/","url":"https:\/\/gr-100.com\/pt-pt\/producto\/especializado-turbo-vado-5-0-igh\/","name":"Specialized Turbo Vado 5.0 IGH GR-100","isPartOf":{"@id":"https:\/\/gr-100.com\/#website"},"primaryImageOfPage":{"@id":"https:\/\/gr-100.com\/pt-pt\/producto\/especializado-turbo-vado-5-0-igh\/#primaryimage"},"image":{"@id":"https:\/\/gr-100.com\/pt-pt\/producto\/especializado-turbo-vado-5-0-igh\/#primaryimage"},"thumbnailUrl":"https:\/\/gr-100.com\/wp-content\/uploads\/2024\/07\/Specialized-Turbo-Vado-5.0-IGH-1.jpg","datePublished":"2024-07-12T13:26:56+00:00","dateModified":"2025-11-27T09:21:58+00:00","description":"Ford sua moto urbana de alto desempenho, ele vai lev\u00e1-lo onde voc\u00ea quiser. Motor 2.0 Turbo de pot\u00eancia total e bateria de 710 W. Autonomia do motor at\u00e9 150 km.","breadcrumb":{"@id":"https:\/\/gr-100.com\/pt-pt\/producto\/especializado-turbo-vado-5-0-igh\/#breadcrumb"},"inLanguage":"pt-PT","potentialAction":[{"@type":"ReadAction","target":["https:\/\/gr-100.com\/pt-pt\/producto\/especializado-turbo-vado-5-0-igh\/"]}]},{"@type":"ImageObject","inLanguage":"pt-PT","@id":"https:\/\/gr-100.com\/pt-pt\/producto\/especializado-turbo-vado-5-0-igh\/#primaryimage","url":"https:\/\/gr-100.com\/wp-content\/uploads\/2024\/07\/Specialized-Turbo-Vado-5.0-IGH-1.jpg","contentUrl":"https:\/\/gr-100.com\/wp-content\/uploads\/2024\/07\/Specialized-Turbo-Vado-5.0-IGH-1.jpg","width":1000,"height":1000},{"@type":"BreadcrumbList","@id":"https:\/\/gr-100.com\/pt-pt\/producto\/especializado-turbo-vado-5-0-igh\/#breadcrumb","itemListElement":[{"@type":"ListItem","position":1,"name":"Portada","item":"https:\/\/gr-100.com\/en\/"},{"@type":"ListItem","position":2,"name":"Productos","item":"https:\/\/gr-100.com\/?post_type=product"},{"@type":"ListItem","position":3,"name":"Specialized Turbo Vado 5.0 IGH"}]},{"@type":"WebSite","@id":"https:\/\/gr-100.com\/#website","url":"https:\/\/gr-100.com\/","name":"Gr-100 Tienda de ciclismo Specialized","description":"GR-100 tenemos todas las gamas de bicicletas Specialized al mejor precio.","publisher":{"@id":"https:\/\/gr-100.com\/#organization"},"alternateName":"Gr-100 Bikes","potentialAction":[{"@type":"SearchAction","target":{"@type":"EntryPoint","urlTemplate":"https:\/\/gr-100.com\/?s={search_term_string}"},"query-input":{"@type":"PropertyValueSpecification","valueRequired":true,"valueName":"search_term_string"}}],"inLanguage":"pt-PT"},{"@type":"Organization","@id":"https:\/\/gr-100.com\/#organization","name":"Gr-100","url":"https:\/\/gr-100.com\/","logo":{"@type":"ImageObject","inLanguage":"pt-PT","@id":"https:\/\/gr-100.com\/#\/schema\/logo\/image\/","url":"https:\/\/gr-100.com\/wp-content\/uploads\/2023\/08\/logo-gr-100-bikes.png","contentUrl":"https:\/\/gr-100.com\/wp-content\/uploads\/2023\/08\/logo-gr-100-bikes.png","width":707,"height":284,"caption":"Gr-100"},"image":{"@id":"https:\/\/gr-100.com\/#\/schema\/logo\/image\/"},"sameAs":["https:\/\/www.facebook.com\/Gr100Bikes","https:\/\/www.instagram.com\/gr100bikes\/","https:\/\/www.tiktok.com\/@gr100bikes","https:\/\/twitter.com\/gr100mtbteam","https:\/\/www.youtube.com\/c\/GR100Specialized"]}]}},"_links":{"self":[{"href":"https:\/\/gr-100.com\/pt-pt\/wp-json\/wp\/v2\/product\/384475","targetHints":{"allow":["GET"]}}],"collection":[{"href":"https:\/\/gr-100.com\/pt-pt\/wp-json\/wp\/v2\/product"}],"about":[{"href":"https:\/\/gr-100.com\/pt-pt\/wp-json\/wp\/v2\/types\/product"}],"replies":[{"embeddable":true,"href":"https:\/\/gr-100.com\/pt-pt\/wp-json\/wp\/v2\/comments?post=384475"}],"wp:featuredmedia":[{"embeddable":true,"href":"https:\/\/gr-100.com\/pt-pt\/wp-json\/wp\/v2\/media\/378733"}],"wp:attachment":[{"href":"https:\/\/gr-100.com\/pt-pt\/wp-json\/wp\/v2\/media?parent=384475"}],"wp:term":[{"taxonomy":"product_brand","embeddable":true,"href":"https:\/\/gr-100.com\/pt-pt\/wp-json\/wp\/v2\/product_brand?post=384475"},{"taxonomy":"product_cat","embeddable":true,"href":"https:\/\/gr-100.com\/pt-pt\/wp-json\/wp\/v2\/product_cat?post=384475"},{"taxonomy":"product_tag","embeddable":true,"href":"https:\/\/gr-100.com\/pt-pt\/wp-json\/wp\/v2\/product_tag?post=384475"}],"curies":[{"name":"wp","href":"https:\/\/api.w.org\/{rel}","templated":true}]}}