{"id":384522,"date":"2024-08-19T15:00:53","date_gmt":"2024-08-19T13:00:53","guid":{"rendered":"https:\/\/gr-100.com\/producto\/especializado-turbo-levo-sl-comp-carbon-2024\/"},"modified":"2025-09-22T15:53:42","modified_gmt":"2025-09-22T13:53:42","slug":"especializado-turbo-levo-sl-comp-carbon-2024","status":"publish","type":"product","link":"https:\/\/gr-100.com\/pt-pt\/producto\/especializado-turbo-levo-sl-comp-carbon-2024\/","title":{"rendered":"Specialized Turbo Levo SL Comp Carbono 2024"},"content":{"rendered":"<p><strong>EST\u00c1 TUDO NA MOTO.  <\/strong>Quando tudo funciona perfeitamente, uma bicicleta desaparece quando voc\u00ea a pilota. Removemos a massa para manter o Levo SL fino e responsivo. \u00c9 robusto o suficiente para suportar uso pesado, mas leve o suficiente para executar grandes movimentos. A sua geometria, cinem\u00e1tica e ajuste de choque n\u00e3o deixam nada a desejar.<br \/>\n<strong>A TABELA DE REFER\u00caNCIA.  <\/strong>Tudo come\u00e7a aqui. Sensa\u00e7\u00e3o de condu\u00e7\u00e3o animada e precisa. A disposi\u00e7\u00e3o estrat\u00e9gica da fibra de carbono proporciona uma rigidez do chassis altamente responsiva. Ajustamos todo o chassis (dianteiro, traseiro e a liga\u00e7\u00e3o que os une) como uma \u00fanica unidade para minimizar a flex\u00e3o lateral ao pedalar e tirar o m\u00e1ximo partido da for\u00e7a de pedalada.<br \/>\n<strong>GEOMETRIA DE CONTROLO.<\/strong>  O cockpit foca-o na moto, otimizando a tra\u00e7\u00e3o e o controlo em curva. O suporte inferior baixo, o \u00e2ngulo do tubo da cabe\u00e7a folgada e o deslocamento reduzido da forquilha mant\u00eam as coisas est\u00e1veis em terrenos acidentados, ao mesmo tempo que lhe d\u00e3o liberdade para triturar cantos. O \u00e2ngulo da cabe\u00e7a pode ser personalizado para 63, 64,25 e 65,5 graus.<br \/>\n<strong>MENOS \u00c9 MAIS.  <\/strong>O Levo SL \u00e9 leve como um galgo e telepaticamente sens\u00edvel. A sua cuidadosa sele\u00e7\u00e3o de componentes \u00e9 leve, mas capaz, para uma aut\u00eantica condu\u00e7\u00e3o em trail. Combine tudo isso e voc\u00ea obter\u00e1 os benef\u00edcios da amplifica\u00e7\u00e3o, juntamente com a capacidade de gerenciamento de benchmark.<br \/>\n<strong>RODADA MISTA.  <\/strong>Uma roda dianteira de 29&#8243; garante estabilidade e desempenho confiante nos terrenos mais acidentados, enquanto uma roda traseira de 27,5&#8243; permite uma manuten\u00e7\u00e3o compacta e uma condu\u00e7\u00e3o super-responsiva. Se preferir as vantagens de rolamento e tra\u00e7\u00e3o de uma roda traseira de 29&#8243;, basta rodar o chip de liga\u00e7\u00e3o pivotante e montar a roda grande.<br \/>\n<strong>SISTEMA OPERACIONAL TURBO.<\/strong>  O nosso sistema operativo perfeitamente integrado proporciona um desempenho inigual\u00e1vel em termos de bin\u00e1rio, autonomia, sensa\u00e7\u00e3o de condu\u00e7\u00e3o, qualidade de condu\u00e7\u00e3o, pot\u00eancia, fiabilidade e experi\u00eancia de condu\u00e7\u00e3o. \u00c9 a m\u00e3o invis\u00edvel que lhe permite fazer mais, saber mais, ir mais longe, sentir-se mais forte e divertir-se mais.<br \/>\n<strong>SPECIALIZED 1.2 ESPECIALIZADO. <\/strong>O novo motor Specialized SL 1.2 \u00e9 muito silencioso, oferece suavidade incompar\u00e1vel, 43% mais bin\u00e1rio (50Nm) e 33% mais pot\u00eancia (320W) do que o seu antecessor. O resultado \u00e9 uma performance &#8220;2x You&#8221;; \u00e9 voc\u00ea pedalando, mas um lado de voc\u00ea que s\u00f3 um Levo pode puxar.<br \/>\n<strong>PODEROSO.<\/strong>  O Levo SL incorpora uma bateria de 320Wh de alta qualidade e perfeitamente integrada. Combinado com o motor eficiente, est\u00e1 pronto para viagens longas e \u00e9picas de at\u00e9 5 horas (no modo Eco). Para viagens mais longas, basta deslizar o nosso extensor de alcance de 160 Wh (vendido separadamente) para a gaiola da garrafa para 50% mais tempo de execu\u00e7\u00e3o.<br \/>\n<strong>MENTOR TCU.  <\/strong>A nossa unidade de controlo de e-bike mais avan\u00e7ada e intuitiva. Ligue a moto, o Turbo OS, a aplica\u00e7\u00e3o Mission Control e o condutor, tudo num ecr\u00e3 protegido e facilmente vis\u00edvel. MasterMind TCU permite atualiza\u00e7\u00f5es over-the-air para tornar a sua moto ainda melhor ao longo do tempo. Com o MicroTune, o ajuste fino dos n\u00edveis de pot\u00eancia em tempo real est\u00e1 ao seu alcance, otimizando o alcance e a gest\u00e3o do desempenho.<br \/>\n<strong>APLICATIVO DE CONTROLE DE MISS\u00c3O.<\/strong>  O Levo SL integra-se totalmente com a nossa aplica\u00e7\u00e3o Mission Control e permite-lhe personalizar as funcionalidades do seu motor com MicroTune, Suporte e Peak Power. Pode dizer adeus \u00e0 ansiedade de alcance com o Smart Control e at\u00e9 frustrar potenciais ladr\u00f5es com o Turbo System Lock. <\/p>\n<ul>\n<li>Quadro em carbono totalmente novo, vem em configura\u00e7\u00e3o de roda mista (compat\u00edvel com 29 traseiras sem a necessidade de pe\u00e7as adicionais). Nova cinem\u00e1tica com curva de alavanca mais plana que proporciona mais apoio e mexer no topo, mas muito controlo em condi\u00e7\u00f5es mais adversas.<br \/>\nO \u00e2ngulo do tubo de cabe\u00e7a e a altura do suporte inferior s\u00e3o ajust\u00e1veis. <\/li>\n<li>SRAM GX Derailleur \u00c1guia<\/li>\n<li>SRAM RS Freios<\/li>\n<\/ul>\n<p><strong>CARATER\u00cdSTICAS:<\/strong><\/p>\n<ul>\n<li>Chicote de fia\u00e7\u00e3o Specialized personalizado WIRING\n<\/li>\n<li>Carregador personalizado<br \/>\n, Sistema 48V c\/ ficha do carregador do sistema SL<\/li>\n<li>MOTOR<br \/>\nNovo Specialized 1.2 SL Custom Rx Trail Tuned Motor<\/li>\n<li>UI\/REMOTE<br \/>\nSpecialized , percentagem da carga restante, 120 configura\u00e7\u00f5es de ecr\u00e3 poss\u00edveis, ajuste de assist\u00eancia MicroTune, ANT+\/Bluetooth\u00ae, w\/Handlebar remoto<\/li>\n<li>Specialized<br \/>\n especializada SL1-320, totalmente integrada, 320Wh<\/li>\n<li>STEM<br \/>\nAlloy Trail Stem, furo em barra de 35 mm<\/li>\n<li>Bridge Comp SADDLE,<br \/>\n Trilhos ocos Cr-mo, 155\/143mm<\/li>\n<li>\nSpecialized<\/li>\n<li>GUID\u00c3O<br \/>\nSpecialized, liga 6061, upsweep de 6 graus, backsweep de 8 graus, eleva\u00e7\u00e3o de 30mm, largura de 780mm<\/li>\n<li>SEATPOST<br \/>\nX-Fusion Manic, infinitamente ajust\u00e1vel, cabe\u00e7a de dois parafusos, roteamento de cabo de montagem inferior, alavanca SLR LE remota, 34.9, S1: 100mm, S2: 125mm, S3: 150mm, S4\/S5: 170mm, S6: 190mm<\/li>\n<li>FRAME<br \/>\nTodo o novo quadro em carbono Levo SL, carbono Fact 11m, extens\u00e3o de choque em liga, curso de 150mm, \u00e2ngulo de cabe\u00e7a ajust\u00e1vel, altura BB e compat\u00edvel com jantes de 27,5 ou 29&#8243;.<\/li>\n<li>ABRA\u00c7O. Liga de sela<br \/>\n, 38.6mm <\/li>\n<li>Fox 36 Garfo R\u00edtmico,<br \/>\n 29&#8243;, S1: 150mm, S2-S6: 160mm<\/li>\n<li>SHOCK<br \/>\nS1: Fox Float Performance Series, 210x50mm, S2-S6: Fox Float X Performance Series, 210x55mm<\/li>\n<li>FREIO DIANTEIRO<br \/>\nSRAM C\u00f3digo RS, pin\u00e7a de 4 pist\u00f5es, disco hidr\u00e1ulico, 200mm<\/li>\n<li>FREIO TRASEIRO<br \/>\nSRAM C\u00f3digo RS, pin\u00e7a de 4 pist\u00f5es, disco hidr\u00e1ulico, 200mm<\/li>\n<li>Anel<br \/>\n SRAM, 32t<\/li>\n<li>Manivelas de liga SRAM Dub BOTTOM BRACKET<br \/>\n, 165\/170\/175mmSRAM<\/li>\n<li>SRAM GX Eagle, derailleur<br \/>\nSRAM traseiro de 12 velocidades<\/li>\n<li>SRAM GX SHIFT<br \/>\n KNOBS, gatilho, 12 velocidades<\/li>\n<li>SRAM NX Eagle CHAIN<br \/>\nSRAM de 12 velocidades<\/li>\n<li>Sram XG-1275 CASSETTE,<br \/>\n 12 velocidades, 10-52t<\/li>\n<li>CUBO TRASEIRO<br \/>\nLiga, rolamentos de cartucho selados, eixo thru 148mmx12mm, 28h<\/li>\n<li>CUBO DIANTEIRO<br \/>\nLiga, rolamentos de cartucho selados, eixo thru 15x110mm, 28h<\/li>\n<li>PNEU.<br \/>\nTalho, carca\u00e7a GRID TRAIL, composto GRIPTON\u00ae T9, 2Bliss Ready, 29&#215;2.3&#8243;<\/li>\n<li>DT Ind\u00fastria Su\u00ed\u00e7a R\u00c1DIOS\n<\/li>\n<li>Eliminador de pneus traseiros<br \/>\n, carca\u00e7a GRID TRAIL, composto GRIPTON\u00ae T7, 2Bliss Ready, 27,5 x 2,3&#8243;<\/li>\n<li>RIMS<br \/>\nJantes em liga leve transversal<\/li>\n<li>C\u00c2MARAS<br \/>\nPresta, V\u00e1lvula Padr\u00e3o<\/li>\n<li>Ferramenta SWAT<br \/>\nSWAT CC em tubo direcional<\/li>\n<li>PESO<br \/>\n18.55kg (40 lb, 14.3 oz)<\/li>\n<\/ul>\n","protected":false},"excerpt":{"rendered":"<p>O piloto de trilha que anseia pelas trilhas sinuosas e vive para avan\u00e7ar suas habilidades e condicionamento f\u00edsico.<br \/>\nVoc\u00ea vai se surpreender com sua combina\u00e7\u00e3o incompar\u00e1vel de manuseio impec\u00e1vel, capacidade e amplifica\u00e7\u00e3o &#8220;2 X You&#8221; que lhe d\u00e1 o poder de percorrer mais trilhas.<br \/>\nCompare-a com qualquer outra, motorizada ou n\u00e3o, e temos a certeza de que concordar\u00e1: <strong>a Levo SL Comp Carbon \u00e9 a derradeira moto trail<\/strong>.  <\/p>\n","protected":false},"featured_media":380023,"comment_status":"closed","ping_status":"closed","template":"","meta":{"_acf_changed":false,"_et_pb_use_builder":"","_et_pb_old_content":"","_et_gb_content_width":"","inline_featured_image":false},"product_brand":[],"product_cat":[3271,2459,391,2483,2460,3255,2696,403],"product_tag":[],"class_list":{"0":"post-384522","1":"product","2":"type-product","3":"status-publish","4":"has-post-thumbnail","6":"product_cat-bateria-de-presente","7":"product_cat-bicicletas-pt-pt-2","8":"product_cat-eletricas","9":"product_cat-bicicletas-especializadas","10":"product_cat-ofertas-pt-pt","11":"product_cat-oferta-eletrica","12":"product_cat-ofertas-especializadas","13":"product_cat-outlet-pt-pt","14":"product_shipping_class-bicicletas-pt-pt","16":"first","17":"outofstock","18":"taxable","19":"shipping-taxable","20":"product-type-variable","21":"wvs-archive-product-wrapper"},"acf":[],"yoast_head":"<!-- This site is optimized with the Yoast SEO Premium plugin v26.7 (Yoast SEO v26.7) - https:\/\/yoast.com\/wordpress\/plugins\/seo\/ -->\n<title>Specialized Turbo Levo SL Comp Carbono 2024 GR-100 BICICLETAS<\/title>\n<meta name=\"description\" content=\"Descubra a mais recente tecnologia de e-bike com a Specialized Turbo Levo SL Comp Carbon 2024, dispon\u00edvel na GR-100.\" \/>\n<meta name=\"robots\" content=\"index, follow, max-snippet:-1, max-image-preview:large, max-video-preview:-1\" \/>\n<link rel=\"canonical\" href=\"https:\/\/gr-100.com\/pt-pt\/producto\/especializado-turbo-levo-sl-comp-carbon-2024\/\" \/>\n<meta property=\"og:locale\" content=\"pt_PT\" \/>\n<meta property=\"og:type\" content=\"article\" \/>\n<meta property=\"og:title\" content=\"Specialized Turbo Levo SL Comp Carbono 2024\" \/>\n<meta property=\"og:description\" content=\"Descubra a mais recente tecnologia de e-bike com a Specialized Turbo Levo SL Comp Carbon 2024, dispon\u00edvel na GR-100.\" \/>\n<meta property=\"og:url\" content=\"https:\/\/gr-100.com\/pt-pt\/producto\/especializado-turbo-levo-sl-comp-carbon-2024\/\" \/>\n<meta property=\"og:site_name\" content=\"Gr-100 Tienda de ciclismo Specialized\" \/>\n<meta property=\"article:publisher\" content=\"https:\/\/www.facebook.com\/Gr100Bikes\" \/>\n<meta property=\"article:modified_time\" content=\"2025-09-22T13:53:42+00:00\" \/>\n<meta property=\"og:image\" content=\"https:\/\/gr-100.com\/wp-content\/uploads\/2024\/08\/Levo-Sl-Comp-Carbon-2024-1.jpg\" \/>\n\t<meta property=\"og:image:width\" content=\"1000\" \/>\n\t<meta property=\"og:image:height\" content=\"1000\" \/>\n\t<meta property=\"og:image:type\" content=\"image\/jpeg\" \/>\n<meta name=\"twitter:card\" content=\"summary_large_image\" \/>\n<meta name=\"twitter:label1\" content=\"Tempo estimado de leitura\" \/>\n\t<meta name=\"twitter:data1\" content=\"5 minutos\" \/>\n<script type=\"application\/ld+json\" class=\"yoast-schema-graph\">{\"@context\":\"https:\/\/schema.org\",\"@graph\":[{\"@type\":\"WebPage\",\"@id\":\"https:\/\/gr-100.com\/pt-pt\/producto\/especializado-turbo-levo-sl-comp-carbon-2024\/\",\"url\":\"https:\/\/gr-100.com\/pt-pt\/producto\/especializado-turbo-levo-sl-comp-carbon-2024\/\",\"name\":\"Specialized Turbo Levo SL Comp Carbono 2024 GR-100 BICICLETAS\",\"isPartOf\":{\"@id\":\"https:\/\/gr-100.com\/#website\"},\"primaryImageOfPage\":{\"@id\":\"https:\/\/gr-100.com\/pt-pt\/producto\/especializado-turbo-levo-sl-comp-carbon-2024\/#primaryimage\"},\"image\":{\"@id\":\"https:\/\/gr-100.com\/pt-pt\/producto\/especializado-turbo-levo-sl-comp-carbon-2024\/#primaryimage\"},\"thumbnailUrl\":\"https:\/\/gr-100.com\/wp-content\/uploads\/2024\/08\/Levo-Sl-Comp-Carbon-2024-1.jpg\",\"datePublished\":\"2024-08-19T13:00:53+00:00\",\"dateModified\":\"2025-09-22T13:53:42+00:00\",\"description\":\"Descubra a mais recente tecnologia de e-bike com a Specialized Turbo Levo SL Comp Carbon 2024, dispon\u00edvel na GR-100.\",\"breadcrumb\":{\"@id\":\"https:\/\/gr-100.com\/pt-pt\/producto\/especializado-turbo-levo-sl-comp-carbon-2024\/#breadcrumb\"},\"inLanguage\":\"pt-PT\",\"potentialAction\":[{\"@type\":\"ReadAction\",\"target\":[\"https:\/\/gr-100.com\/pt-pt\/producto\/especializado-turbo-levo-sl-comp-carbon-2024\/\"]}]},{\"@type\":\"ImageObject\",\"inLanguage\":\"pt-PT\",\"@id\":\"https:\/\/gr-100.com\/pt-pt\/producto\/especializado-turbo-levo-sl-comp-carbon-2024\/#primaryimage\",\"url\":\"https:\/\/gr-100.com\/wp-content\/uploads\/2024\/08\/Levo-Sl-Comp-Carbon-2024-1.jpg\",\"contentUrl\":\"https:\/\/gr-100.com\/wp-content\/uploads\/2024\/08\/Levo-Sl-Comp-Carbon-2024-1.jpg\",\"width\":1000,\"height\":1000},{\"@type\":\"BreadcrumbList\",\"@id\":\"https:\/\/gr-100.com\/pt-pt\/producto\/especializado-turbo-levo-sl-comp-carbon-2024\/#breadcrumb\",\"itemListElement\":[{\"@type\":\"ListItem\",\"position\":1,\"name\":\"Portada\",\"item\":\"https:\/\/gr-100.com\/en\/\"},{\"@type\":\"ListItem\",\"position\":2,\"name\":\"Productos\",\"item\":\"https:\/\/gr-100.com\/?post_type=product\"},{\"@type\":\"ListItem\",\"position\":3,\"name\":\"Specialized Turbo Levo SL Comp Carbono 2024\"}]},{\"@type\":\"WebSite\",\"@id\":\"https:\/\/gr-100.com\/#website\",\"url\":\"https:\/\/gr-100.com\/\",\"name\":\"Gr-100 Tienda de ciclismo Specialized\",\"description\":\"GR-100 tenemos todas las gamas de bicicletas Specialized al mejor precio.\",\"publisher\":{\"@id\":\"https:\/\/gr-100.com\/#organization\"},\"alternateName\":\"Gr-100 Bikes\",\"potentialAction\":[{\"@type\":\"SearchAction\",\"target\":{\"@type\":\"EntryPoint\",\"urlTemplate\":\"https:\/\/gr-100.com\/?s={search_term_string}\"},\"query-input\":{\"@type\":\"PropertyValueSpecification\",\"valueRequired\":true,\"valueName\":\"search_term_string\"}}],\"inLanguage\":\"pt-PT\"},{\"@type\":\"Organization\",\"@id\":\"https:\/\/gr-100.com\/#organization\",\"name\":\"Gr-100\",\"url\":\"https:\/\/gr-100.com\/\",\"logo\":{\"@type\":\"ImageObject\",\"inLanguage\":\"pt-PT\",\"@id\":\"https:\/\/gr-100.com\/#\/schema\/logo\/image\/\",\"url\":\"https:\/\/gr-100.com\/wp-content\/uploads\/2023\/08\/logo-gr-100-bikes.png\",\"contentUrl\":\"https:\/\/gr-100.com\/wp-content\/uploads\/2023\/08\/logo-gr-100-bikes.png\",\"width\":707,\"height\":284,\"caption\":\"Gr-100\"},\"image\":{\"@id\":\"https:\/\/gr-100.com\/#\/schema\/logo\/image\/\"},\"sameAs\":[\"https:\/\/www.facebook.com\/Gr100Bikes\",\"https:\/\/www.instagram.com\/gr100bikes\/\",\"https:\/\/www.tiktok.com\/@gr100bikes\",\"https:\/\/twitter.com\/gr100mtbteam\",\"https:\/\/www.youtube.com\/c\/GR100Specialized\"]}]}<\/script>\n<!-- \/ Yoast SEO Premium plugin. -->","yoast_head_json":{"title":"Specialized Turbo Levo SL Comp Carbono 2024 GR-100 BICICLETAS","description":"Descubra a mais recente tecnologia de e-bike com a Specialized Turbo Levo SL Comp Carbon 2024, dispon\u00edvel na GR-100.","robots":{"index":"index","follow":"follow","max-snippet":"max-snippet:-1","max-image-preview":"max-image-preview:large","max-video-preview":"max-video-preview:-1"},"canonical":"https:\/\/gr-100.com\/pt-pt\/producto\/especializado-turbo-levo-sl-comp-carbon-2024\/","og_locale":"pt_PT","og_type":"article","og_title":"Specialized Turbo Levo SL Comp Carbono 2024","og_description":"Descubra a mais recente tecnologia de e-bike com a Specialized Turbo Levo SL Comp Carbon 2024, dispon\u00edvel na GR-100.","og_url":"https:\/\/gr-100.com\/pt-pt\/producto\/especializado-turbo-levo-sl-comp-carbon-2024\/","og_site_name":"Gr-100 Tienda de ciclismo Specialized","article_publisher":"https:\/\/www.facebook.com\/Gr100Bikes","article_modified_time":"2025-09-22T13:53:42+00:00","og_image":[{"width":1000,"height":1000,"url":"https:\/\/gr-100.com\/wp-content\/uploads\/2024\/08\/Levo-Sl-Comp-Carbon-2024-1.jpg","type":"image\/jpeg"}],"twitter_card":"summary_large_image","twitter_misc":{"Tempo estimado de leitura":"5 minutos"},"schema":{"@context":"https:\/\/schema.org","@graph":[{"@type":"WebPage","@id":"https:\/\/gr-100.com\/pt-pt\/producto\/especializado-turbo-levo-sl-comp-carbon-2024\/","url":"https:\/\/gr-100.com\/pt-pt\/producto\/especializado-turbo-levo-sl-comp-carbon-2024\/","name":"Specialized Turbo Levo SL Comp Carbono 2024 GR-100 BICICLETAS","isPartOf":{"@id":"https:\/\/gr-100.com\/#website"},"primaryImageOfPage":{"@id":"https:\/\/gr-100.com\/pt-pt\/producto\/especializado-turbo-levo-sl-comp-carbon-2024\/#primaryimage"},"image":{"@id":"https:\/\/gr-100.com\/pt-pt\/producto\/especializado-turbo-levo-sl-comp-carbon-2024\/#primaryimage"},"thumbnailUrl":"https:\/\/gr-100.com\/wp-content\/uploads\/2024\/08\/Levo-Sl-Comp-Carbon-2024-1.jpg","datePublished":"2024-08-19T13:00:53+00:00","dateModified":"2025-09-22T13:53:42+00:00","description":"Descubra a mais recente tecnologia de e-bike com a Specialized Turbo Levo SL Comp Carbon 2024, dispon\u00edvel na GR-100.","breadcrumb":{"@id":"https:\/\/gr-100.com\/pt-pt\/producto\/especializado-turbo-levo-sl-comp-carbon-2024\/#breadcrumb"},"inLanguage":"pt-PT","potentialAction":[{"@type":"ReadAction","target":["https:\/\/gr-100.com\/pt-pt\/producto\/especializado-turbo-levo-sl-comp-carbon-2024\/"]}]},{"@type":"ImageObject","inLanguage":"pt-PT","@id":"https:\/\/gr-100.com\/pt-pt\/producto\/especializado-turbo-levo-sl-comp-carbon-2024\/#primaryimage","url":"https:\/\/gr-100.com\/wp-content\/uploads\/2024\/08\/Levo-Sl-Comp-Carbon-2024-1.jpg","contentUrl":"https:\/\/gr-100.com\/wp-content\/uploads\/2024\/08\/Levo-Sl-Comp-Carbon-2024-1.jpg","width":1000,"height":1000},{"@type":"BreadcrumbList","@id":"https:\/\/gr-100.com\/pt-pt\/producto\/especializado-turbo-levo-sl-comp-carbon-2024\/#breadcrumb","itemListElement":[{"@type":"ListItem","position":1,"name":"Portada","item":"https:\/\/gr-100.com\/en\/"},{"@type":"ListItem","position":2,"name":"Productos","item":"https:\/\/gr-100.com\/?post_type=product"},{"@type":"ListItem","position":3,"name":"Specialized Turbo Levo SL Comp Carbono 2024"}]},{"@type":"WebSite","@id":"https:\/\/gr-100.com\/#website","url":"https:\/\/gr-100.com\/","name":"Gr-100 Tienda de ciclismo Specialized","description":"GR-100 tenemos todas las gamas de bicicletas Specialized al mejor precio.","publisher":{"@id":"https:\/\/gr-100.com\/#organization"},"alternateName":"Gr-100 Bikes","potentialAction":[{"@type":"SearchAction","target":{"@type":"EntryPoint","urlTemplate":"https:\/\/gr-100.com\/?s={search_term_string}"},"query-input":{"@type":"PropertyValueSpecification","valueRequired":true,"valueName":"search_term_string"}}],"inLanguage":"pt-PT"},{"@type":"Organization","@id":"https:\/\/gr-100.com\/#organization","name":"Gr-100","url":"https:\/\/gr-100.com\/","logo":{"@type":"ImageObject","inLanguage":"pt-PT","@id":"https:\/\/gr-100.com\/#\/schema\/logo\/image\/","url":"https:\/\/gr-100.com\/wp-content\/uploads\/2023\/08\/logo-gr-100-bikes.png","contentUrl":"https:\/\/gr-100.com\/wp-content\/uploads\/2023\/08\/logo-gr-100-bikes.png","width":707,"height":284,"caption":"Gr-100"},"image":{"@id":"https:\/\/gr-100.com\/#\/schema\/logo\/image\/"},"sameAs":["https:\/\/www.facebook.com\/Gr100Bikes","https:\/\/www.instagram.com\/gr100bikes\/","https:\/\/www.tiktok.com\/@gr100bikes","https:\/\/twitter.com\/gr100mtbteam","https:\/\/www.youtube.com\/c\/GR100Specialized"]}]}},"_links":{"self":[{"href":"https:\/\/gr-100.com\/pt-pt\/wp-json\/wp\/v2\/product\/384522","targetHints":{"allow":["GET"]}}],"collection":[{"href":"https:\/\/gr-100.com\/pt-pt\/wp-json\/wp\/v2\/product"}],"about":[{"href":"https:\/\/gr-100.com\/pt-pt\/wp-json\/wp\/v2\/types\/product"}],"replies":[{"embeddable":true,"href":"https:\/\/gr-100.com\/pt-pt\/wp-json\/wp\/v2\/comments?post=384522"}],"wp:featuredmedia":[{"embeddable":true,"href":"https:\/\/gr-100.com\/pt-pt\/wp-json\/wp\/v2\/media\/380023"}],"wp:attachment":[{"href":"https:\/\/gr-100.com\/pt-pt\/wp-json\/wp\/v2\/media?parent=384522"}],"wp:term":[{"taxonomy":"product_brand","embeddable":true,"href":"https:\/\/gr-100.com\/pt-pt\/wp-json\/wp\/v2\/product_brand?post=384522"},{"taxonomy":"product_cat","embeddable":true,"href":"https:\/\/gr-100.com\/pt-pt\/wp-json\/wp\/v2\/product_cat?post=384522"},{"taxonomy":"product_tag","embeddable":true,"href":"https:\/\/gr-100.com\/pt-pt\/wp-json\/wp\/v2\/product_tag?post=384522"}],"curies":[{"name":"wp","href":"https:\/\/api.w.org\/{rel}","templated":true}]}}