{"id":384557,"date":"2024-07-01T15:03:56","date_gmt":"2024-07-01T13:03:56","guid":{"rendered":"https:\/\/gr-100.com\/producto\/megamo-ridon-fs-630-05-2024\/"},"modified":"2025-11-27T11:01:08","modified_gmt":"2025-11-27T09:01:08","slug":"megamo-ridon-fs-630-05-2024","status":"publish","type":"product","link":"https:\/\/gr-100.com\/pt-pt\/producto\/megamo-ridon-fs-630-05-2024\/","title":{"rendered":"Megamo Ridon FS 630 05 2024"},"content":{"rendered":"<div id=\"comps_221\">\n<p><strong>Conjunto de imagens<\/strong><\/p>\n<table class=\"taula_components\" style=\"height: 239px; width: 336px; border-style: solid; border-color: #c4c4c4;\" border=\"1\" width=\"354\" cellpadding=\"1\">\n<tbody>\n<tr style=\"height: 71px;\">\n<td class=\"icon_component\" style=\"width: 35.1719px; height: 71px;\"><img decoding=\"async\" src=\"https:\/\/gr-100.com\/wp-content\/uploads\/2024\/05\/BIBLIOTECA_ARXIUS__SPECS_ICO_01_W_61.png\"><\/td>\n<p>Quadro <\/p>\n<td class=\"nom_component\" style=\"width: 84.0469px; height: 71px;\">de<\/td>\n<td class=\"desc_component\" style=\"width: 194.781px; height: 71px;\">bateria totalmente integrado, quadro espec\u00edfico para e-bike em liga, 12&#215;148 Boost, curso das rodas: 140 mm<\/td>\n<\/tr>\n<tr style=\"height: 71px;\">\n<td class=\"icon_component\" style=\"width: 35.1719px; height: 71px;\"><img decoding=\"async\" src=\"https:\/\/gr-100.com\/wp-content\/uploads\/2024\/05\/BIBLIOTECA_ARXIUS__SPECS_ICO_02_W_61.png\"><\/td>\n<td class=\"nom_component\" style=\"width: 84.0469px; height: 71px;\"><\/td>\n<td class=\"desc_component\" style=\"width: 194.781px; height: 71px;\">Forquilha de ar Suntour XCR 34, E-Bike+, curso 130mm, BOOST 15&#215;110, Mini-Fender inclu\u00eddo<\/td>\n<\/tr>\n<tr>\n<td class=\"icon_component\" style=\"width: 35.1719px;\"><img decoding=\"async\" src=\"https:\/\/gr-100.com\/wp-content\/uploads\/2024\/05\/BIBLIOTECA_ARXIUS__SPECS_ICO_03_W_61.png\"><\/td>\n<td class=\"desc_component\" style=\"width: 194.781px;\">Suntour RS18 Edge R TRunnion 205&#215;60<\/td>\n<td class=\"nom_component\" style=\"width: 84.0469px;\">Amortecedor<\/td>\n<\/tr>\n<tr style=\"height: 47px;\">\n<td class=\"icon_component\" style=\"width: 35.1719px; height: 47px;\"><img decoding=\"async\" src=\"https:\/\/gr-100.com\/wp-content\/uploads\/2024\/05\/BIBLIOTECA_ARXIUS__SPECS_ICO_04_W_61.png\"><\/td>\n<td class=\"desc_component\" style=\"width: 194.781px; height: 47px;\">Fone de ouvido FSA Orbit 1.5 E ZS 1-1\/8&#8243; 1.5&#8243;<\/td>\n<td class=\"nom_component\" style=\"width: 84.0469px; height: 47px;\"><\/td>\n<\/tr>\n<\/tbody>\n<\/table>\n<div id=\"tab_comps_223\" class=\"tab_comps active\"><strong>Componentes El\u00e9tricos<\/strong><\/div>\n<div id=\"comps_223\">\n<table class=\"taula_components\" style=\"width: 321px; border-color: #c4c4c4; border-style: solid;\" border=\"1\" cellpadding=\"1\">\n<tbody>\n<tr>\n<td class=\"icon_component\" style=\"width: 38px;\"><img decoding=\"async\" src=\"https:\/\/gr-100.com\/wp-content\/uploads\/2024\/05\/BIBLIOTECA_ARXIUS__SPECS_ICO_22_W_61.png\"><\/td>\n<td class=\"nom_component\" style=\"width: 67px;\"><\/td>\n<td class=\"desc_component\" style=\"width: 216px;\">Motor Central Megamo M-PW 80Nm, 250W, Sensor de Torque<\/td>\n<\/tr>\n<tr>\n<td class=\"icon_component\" style=\"width: 38px;\"><img decoding=\"async\" src=\"https:\/\/gr-100.com\/wp-content\/uploads\/2024\/05\/BIBLIOTECA_ARXIUS__SPECS_ICO_23_W_61.png\"><\/td>\n<td class=\"nom_component\" style=\"width: 67px;\"><\/td>\n<td class=\"desc_component\" style=\"width: 216px;\">Bateria LI-ION integrada, 630 Wh<\/td>\n<\/tr>\n<tr>\n<td class=\"icon_component\" style=\"width: 38px;\"><img decoding=\"async\" src=\"https:\/\/gr-100.com\/wp-content\/uploads\/2024\/05\/BIBLIOTECA_ARXIUS__SPECS_ICO_27_W_61.png\"><\/td>\n<p>Painel <\/p>\n<td class=\"nom_component\" style=\"width: 67px;\">LCD Display<\/td>\n<td class=\"desc_component\" style=\"width: 216px;\">Screen 5 n\u00edveis<\/td>\n<\/tr>\n<\/tbody>\n<\/table>\n<\/div>\n<\/div>\n<div id=\"tab_comps_223\" class=\"tab_comps active\"><i class=\"fa fa-angle-down\"><\/i> <strong>Transmiss\u00e3o<\/strong><\/div>\n<div id=\"comps_223\">\n<table class=\"taula_components\" style=\"width: 322px; border-color: #c4c4c4; border-style: solid;\" border=\"1\" cellpadding=\"1\">\n<tbody>\n<tr>\n<td class=\"icon_component\" style=\"width: 34px;\"><img decoding=\"async\" src=\"https:\/\/gr-100.com\/wp-content\/uploads\/2024\/05\/BIBLIOTECA_ARXIUS__SPECS_ICO_09_W_61.png\"><\/td>\n<td class=\"nom_component\" style=\"width: 66px;\">Descarrilador traseiro<\/td>\n<td class=\"desc_component\" style=\"width: 222px;\">Shimano CUES 10s<\/td>\n<\/tr>\n<tr>\n<td class=\"icon_component\" style=\"width: 34px;\"><img decoding=\"async\" src=\"https:\/\/gr-100.com\/wp-content\/uploads\/2024\/05\/BIBLIOTECA_ARXIUS__SPECS_ICO_17_W_61.png\"><\/td>\n<td class=\"desc_component\" style=\"width: 222px;\">Shifters Shimano CUES 10s<\/td>\n<td class=\"nom_component\" style=\"width: 66px;\"><\/td>\n<\/tr>\n<tr>\n<td style=\"width: 34px;\"><img decoding=\"async\" src=\"https:\/\/gr-100.com\/wp-content\/uploads\/2024\/05\/BIBLIOTECA_ARXIUS__SPECS_ICO_14_W_61.png\"><\/td>\n<td class=\"desc_component\" style=\"width: 222px;\">FSA 36T 104c<\/td>\n<td style=\"width: 66px;\">Anel de corrente<\/td>\n<\/tr>\n<tr>\n<td class=\"icon_component\" style=\"width: 34px;\"><img decoding=\"async\" src=\"https:\/\/gr-100.com\/wp-content\/uploads\/2024\/05\/BIBLIOTECA_ARXIUS__SPECS_ICO_19_W_61.png\"><\/td>\n<td class=\"desc_component\" style=\"width: 222px;\">Shimano Deore 11-46T<\/td>\n<td class=\"nom_component\" style=\"width: 66px;\"><\/td>\n<\/tr>\n<\/tbody>\n<\/table>\n<\/div>\n<div id=\"tab_comps_227\" class=\"tab_comps active\"><i class=\"fa fa-angle-down\"><\/i> <strong>Trav\u00f5es<\/strong><\/div>\n<div id=\"comps_227\">\n<table class=\"taula_components\" style=\"width: 310px; border-color: #c4c4c4; border-style: solid;\" border=\"1\" cellpadding=\"1\">\n<tbody>\n<tr>\n<td class=\"icon_component\" style=\"width: 20.4375px;\"><img decoding=\"async\" src=\"https:\/\/gr-100.com\/wp-content\/uploads\/2024\/05\/BIBLIOTECA_ARXIUS__SPECS_ICO_16_W_61.png\"><\/td>\n<td class=\"nom_component\" style=\"width: 56.0469px;\"><\/td>\n<td class=\"desc_component\" style=\"width: 211.516px;\">Shimano MT420 disco hidr\u00e1ulico conjunto de freio de 4 pist\u00f5es, 203mm<\/td>\n<\/tr>\n<\/tbody>\n<\/table>\n<\/div>\n<div id=\"tab_comps_224\" class=\"tab_comps active\"><i class=\"fa fa-angle-down\"><\/i> <strong>Rodas<\/strong><\/div>\n<div id=\"comps_224\">\n<table class=\"taula_components\" style=\"width: 326px; border-color: #c4c4c4; border-style: solid;\" border=\"1\" cellpadding=\"1\">\n<tbody>\n<tr>\n<td class=\"icon_component\" style=\"width: 29.2031px;\"><img decoding=\"async\" src=\"https:\/\/gr-100.com\/wp-content\/uploads\/2024\/05\/BIBLIOTECA_ARXIUS__SPECS_ICO_12_W_61.png\"><\/td>\n<td class=\"desc_component\" style=\"width: 214.812px;\">Maxxis Rekon 29 x 2.6 Exo Prote\u00e7\u00e3o<\/td>\n<td class=\"nom_component\" style=\"width: 59.9844px;\">Pneus<\/td>\n<\/tr>\n<tr>\n<td class=\"icon_component\" style=\"width: 29.2031px;\"><img decoding=\"async\" src=\"https:\/\/gr-100.com\/wp-content\/uploads\/2024\/05\/BIBLIOTECA_ARXIUS__SPECS_ICO_11_W_61.png\"><\/td>\n<td class=\"nom_component\" style=\"width: 59.9844px;\">Rodas<\/td>\n<td class=\"desc_component\" style=\"width: 214.812px;\">29 assim\u00e9tricas 15&#215;110 12&#215;148 Boost Wide: 30mm Tubeless Ready<\/td>\n<\/tr>\n<\/tbody>\n<\/table>\n<\/div>\n<div id=\"tab_comps_222\" class=\"tab_comps active\"><i class=\"fa fa-angle-down\"><\/i> <strong>Componentes<\/strong><\/div>\n<div id=\"comps_222\">\n<table class=\"taula_components\" style=\"width: 329px; border-style: solid; border-color: #c4c4c4;\" border=\"1\" cellpadding=\"1\">\n<tbody>\n<tr>\n<td class=\"icon_component\" style=\"width: 34.7049px;\"><img decoding=\"async\" src=\"https:\/\/gr-100.com\/wp-content\/uploads\/2024\/05\/BIBLIOTECA_ARXIUS__SPECS_ICO_05_W_61.png\"><\/td>\n<td class=\"nom_component\" style=\"width: 54.4965px;\">Guiador<\/td>\n<p> de coronha de liga <\/p>\n<td class=\"desc_component\" style=\"width: 220.521px;\">31.8&#215;780 mm, Eleva\u00e7\u00e3o: 12 mm, Varredura traseira: 6\u00ba<\/td>\n<\/tr>\n<tr>\n<td class=\"icon_component\" style=\"width: 34.7049px;\"><img decoding=\"async\" src=\"https:\/\/gr-100.com\/wp-content\/uploads\/2024\/05\/BIBLIOTECA_ARXIUS__SPECS_ICO_06_W_61.png\"><\/td>\n<td class=\"nom_component\" style=\"width: 54.4965px;\">Haste<\/td>\n<p> de <\/p>\n<td class=\"desc_component\" style=\"width: 220.521px;\">liga forjada 3D, Ext.: 60-70-90 mm, Subida: \u00b17\u00ba<\/td>\n<\/tr>\n<tr>\n<td class=\"icon_component\" style=\"width: 34.7049px;\"><img decoding=\"async\" src=\"https:\/\/gr-100.com\/wp-content\/uploads\/2024\/05\/BIBLIOTECA_ARXIUS__SPECS_ICO_07_W_61.png\"><\/td>\n<td class=\"nom_component\" style=\"width: 54.4965px;\"><\/td>\n<td class=\"desc_component\" style=\"width: 220.521px;\">Megamo Seatpost \u00d831,8mm Poste conta-gotas, ajuste remoto<\/td>\n<\/tr>\n<tr>\n<td style=\"width: 34.7049px;\"><img decoding=\"async\" src=\"https:\/\/gr-100.com\/wp-content\/uploads\/2024\/05\/BIBLIOTECA_ARXIUS__SPECS_ICO_08_W_61.png\"><\/td>\n<td class=\"icon_component\" style=\"width: 220.521px;\">Megamo Espec\u00edfico E-Bike+ Sela Sela<\/td>\n<td style=\"width: 54.4965px;\"><\/td>\n<\/tr>\n<\/tbody>\n<\/table>\n<\/div>\n<table class=\"taula_components\">\n<tbody>\n<tr>\n<td class=\"\" colspan=\"3\">Reservamo-nos o direito de alterar as informa\u00e7\u00f5es no site sem aviso pr\u00e9vio, incluindo especifica\u00e7\u00f5es, modelos, cores e materiais.<\/td>\n<\/tr>\n<\/tbody>\n<\/table>\n","protected":false},"excerpt":{"rendered":"<p>\u00b7 Quadro de alum\u00ednio espec\u00edfico para e-Bike, bateria totalmente integrada e motor central.<br \/>\n\u00b7 Motor Central Megamo M-PW 250W e 80Nm \u00b7 Built-in 630 Wh bateria \u00b7 Garfo SUNTOUR XCR 34, curso de 130 mm, eixo Boost \u00d815 e auricular c\u00f3nico \u00b7 Trem de for\u00e7a Shimano Cues 10s \u00b7 Freios de 4 pist\u00f5es Shimano MT420 e discos \u00d8203 <\/p>\n","protected":false},"featured_media":308066,"comment_status":"closed","ping_status":"closed","template":"","meta":{"_acf_changed":false,"_et_pb_use_builder":"","_et_pb_old_content":"","_et_gb_content_width":"","inline_featured_image":false},"product_brand":[],"product_cat":[2459,391,2460],"product_tag":[],"class_list":{"0":"post-384557","1":"product","2":"type-product","3":"status-publish","4":"has-post-thumbnail","6":"product_cat-bicicletas-pt-pt-2","7":"product_cat-eletricas","8":"product_cat-ofertas-pt-pt","9":"product_shipping_class-bicicletas-pt-pt","11":"first","12":"outofstock","13":"taxable","14":"shipping-taxable","15":"product-type-variable","16":"wvs-archive-product-wrapper"},"acf":[],"yoast_head":"<!-- This site is optimized with the Yoast SEO Premium plugin v26.7 (Yoast SEO v26.7) - https:\/\/yoast.com\/wordpress\/plugins\/seo\/ -->\n<title>Megamo Ridon FS 630 05 2024 GR-100 Ofertas<\/title>\n<meta name=\"description\" content=\"Megamo Ridon FS 630 05 2023, ebike com bateria integrada e motor central Megamo de 250W e 80Nm. Garfo SUNTOUR XCR 34. SRAM SX \u00c1guia.\" \/>\n<meta name=\"robots\" content=\"index, follow, max-snippet:-1, max-image-preview:large, max-video-preview:-1\" \/>\n<link rel=\"canonical\" href=\"https:\/\/gr-100.com\/pt-pt\/producto\/megamo-ridon-fs-630-05-2024\/\" \/>\n<meta property=\"og:locale\" content=\"pt_PT\" \/>\n<meta property=\"og:type\" content=\"article\" \/>\n<meta property=\"og:title\" content=\"Megamo Ridon FS 630 05 2024\" \/>\n<meta property=\"og:description\" content=\"Megamo Ridon FS 630 05 2023, ebike com bateria integrada e motor central Megamo de 250W e 80Nm. Garfo SUNTOUR XCR 34. SRAM SX \u00c1guia.\" \/>\n<meta property=\"og:url\" content=\"https:\/\/gr-100.com\/pt-pt\/producto\/megamo-ridon-fs-630-05-2024\/\" \/>\n<meta property=\"og:site_name\" content=\"Gr-100 Tienda de ciclismo Specialized\" \/>\n<meta property=\"article:publisher\" content=\"https:\/\/www.facebook.com\/Gr100Bikes\" \/>\n<meta property=\"article:modified_time\" content=\"2025-11-27T09:01:08+00:00\" \/>\n<meta property=\"og:image\" content=\"https:\/\/gr-100.com\/wp-content\/uploads\/2024\/05\/ridon_fs_630_05_2.jpg\" \/>\n\t<meta property=\"og:image:width\" content=\"1080\" \/>\n\t<meta property=\"og:image:height\" content=\"1080\" \/>\n\t<meta property=\"og:image:type\" content=\"image\/jpeg\" \/>\n<meta name=\"twitter:card\" content=\"summary_large_image\" \/>\n<meta name=\"twitter:label1\" content=\"Tempo estimado de leitura\" \/>\n\t<meta name=\"twitter:data1\" content=\"1 minuto\" \/>\n<script type=\"application\/ld+json\" class=\"yoast-schema-graph\">{\"@context\":\"https:\/\/schema.org\",\"@graph\":[{\"@type\":\"WebPage\",\"@id\":\"https:\/\/gr-100.com\/pt-pt\/producto\/megamo-ridon-fs-630-05-2024\/\",\"url\":\"https:\/\/gr-100.com\/pt-pt\/producto\/megamo-ridon-fs-630-05-2024\/\",\"name\":\"Megamo Ridon FS 630 05 2024 GR-100 Ofertas\",\"isPartOf\":{\"@id\":\"https:\/\/gr-100.com\/#website\"},\"primaryImageOfPage\":{\"@id\":\"https:\/\/gr-100.com\/pt-pt\/producto\/megamo-ridon-fs-630-05-2024\/#primaryimage\"},\"image\":{\"@id\":\"https:\/\/gr-100.com\/pt-pt\/producto\/megamo-ridon-fs-630-05-2024\/#primaryimage\"},\"thumbnailUrl\":\"https:\/\/gr-100.com\/wp-content\/uploads\/2024\/05\/ridon_fs_630_05_2.jpg\",\"datePublished\":\"2024-07-01T13:03:56+00:00\",\"dateModified\":\"2025-11-27T09:01:08+00:00\",\"description\":\"Megamo Ridon FS 630 05 2023, ebike com bateria integrada e motor central Megamo de 250W e 80Nm. Garfo SUNTOUR XCR 34. SRAM SX \u00c1guia.\",\"breadcrumb\":{\"@id\":\"https:\/\/gr-100.com\/pt-pt\/producto\/megamo-ridon-fs-630-05-2024\/#breadcrumb\"},\"inLanguage\":\"pt-PT\",\"potentialAction\":[{\"@type\":\"ReadAction\",\"target\":[\"https:\/\/gr-100.com\/pt-pt\/producto\/megamo-ridon-fs-630-05-2024\/\"]}]},{\"@type\":\"ImageObject\",\"inLanguage\":\"pt-PT\",\"@id\":\"https:\/\/gr-100.com\/pt-pt\/producto\/megamo-ridon-fs-630-05-2024\/#primaryimage\",\"url\":\"https:\/\/gr-100.com\/wp-content\/uploads\/2024\/05\/ridon_fs_630_05_2.jpg\",\"contentUrl\":\"https:\/\/gr-100.com\/wp-content\/uploads\/2024\/05\/ridon_fs_630_05_2.jpg\",\"width\":1080,\"height\":1080},{\"@type\":\"BreadcrumbList\",\"@id\":\"https:\/\/gr-100.com\/pt-pt\/producto\/megamo-ridon-fs-630-05-2024\/#breadcrumb\",\"itemListElement\":[{\"@type\":\"ListItem\",\"position\":1,\"name\":\"Portada\",\"item\":\"https:\/\/gr-100.com\/en\/\"},{\"@type\":\"ListItem\",\"position\":2,\"name\":\"Productos\",\"item\":\"https:\/\/gr-100.com\/?post_type=product\"},{\"@type\":\"ListItem\",\"position\":3,\"name\":\"Megamo Ridon FS 630 05 2024\"}]},{\"@type\":\"WebSite\",\"@id\":\"https:\/\/gr-100.com\/#website\",\"url\":\"https:\/\/gr-100.com\/\",\"name\":\"Gr-100 Tienda de ciclismo Specialized\",\"description\":\"GR-100 tenemos todas las gamas de bicicletas Specialized al mejor precio.\",\"publisher\":{\"@id\":\"https:\/\/gr-100.com\/#organization\"},\"alternateName\":\"Gr-100 Bikes\",\"potentialAction\":[{\"@type\":\"SearchAction\",\"target\":{\"@type\":\"EntryPoint\",\"urlTemplate\":\"https:\/\/gr-100.com\/?s={search_term_string}\"},\"query-input\":{\"@type\":\"PropertyValueSpecification\",\"valueRequired\":true,\"valueName\":\"search_term_string\"}}],\"inLanguage\":\"pt-PT\"},{\"@type\":\"Organization\",\"@id\":\"https:\/\/gr-100.com\/#organization\",\"name\":\"Gr-100\",\"url\":\"https:\/\/gr-100.com\/\",\"logo\":{\"@type\":\"ImageObject\",\"inLanguage\":\"pt-PT\",\"@id\":\"https:\/\/gr-100.com\/#\/schema\/logo\/image\/\",\"url\":\"https:\/\/gr-100.com\/wp-content\/uploads\/2023\/08\/logo-gr-100-bikes.png\",\"contentUrl\":\"https:\/\/gr-100.com\/wp-content\/uploads\/2023\/08\/logo-gr-100-bikes.png\",\"width\":707,\"height\":284,\"caption\":\"Gr-100\"},\"image\":{\"@id\":\"https:\/\/gr-100.com\/#\/schema\/logo\/image\/\"},\"sameAs\":[\"https:\/\/www.facebook.com\/Gr100Bikes\",\"https:\/\/www.instagram.com\/gr100bikes\/\",\"https:\/\/www.tiktok.com\/@gr100bikes\",\"https:\/\/twitter.com\/gr100mtbteam\",\"https:\/\/www.youtube.com\/c\/GR100Specialized\"]}]}<\/script>\n<!-- \/ Yoast SEO Premium plugin. -->","yoast_head_json":{"title":"Megamo Ridon FS 630 05 2024 GR-100 Ofertas","description":"Megamo Ridon FS 630 05 2023, ebike com bateria integrada e motor central Megamo de 250W e 80Nm. Garfo SUNTOUR XCR 34. SRAM SX \u00c1guia.","robots":{"index":"index","follow":"follow","max-snippet":"max-snippet:-1","max-image-preview":"max-image-preview:large","max-video-preview":"max-video-preview:-1"},"canonical":"https:\/\/gr-100.com\/pt-pt\/producto\/megamo-ridon-fs-630-05-2024\/","og_locale":"pt_PT","og_type":"article","og_title":"Megamo Ridon FS 630 05 2024","og_description":"Megamo Ridon FS 630 05 2023, ebike com bateria integrada e motor central Megamo de 250W e 80Nm. Garfo SUNTOUR XCR 34. SRAM SX \u00c1guia.","og_url":"https:\/\/gr-100.com\/pt-pt\/producto\/megamo-ridon-fs-630-05-2024\/","og_site_name":"Gr-100 Tienda de ciclismo Specialized","article_publisher":"https:\/\/www.facebook.com\/Gr100Bikes","article_modified_time":"2025-11-27T09:01:08+00:00","og_image":[{"width":1080,"height":1080,"url":"https:\/\/gr-100.com\/wp-content\/uploads\/2024\/05\/ridon_fs_630_05_2.jpg","type":"image\/jpeg"}],"twitter_card":"summary_large_image","twitter_misc":{"Tempo estimado de leitura":"1 minuto"},"schema":{"@context":"https:\/\/schema.org","@graph":[{"@type":"WebPage","@id":"https:\/\/gr-100.com\/pt-pt\/producto\/megamo-ridon-fs-630-05-2024\/","url":"https:\/\/gr-100.com\/pt-pt\/producto\/megamo-ridon-fs-630-05-2024\/","name":"Megamo Ridon FS 630 05 2024 GR-100 Ofertas","isPartOf":{"@id":"https:\/\/gr-100.com\/#website"},"primaryImageOfPage":{"@id":"https:\/\/gr-100.com\/pt-pt\/producto\/megamo-ridon-fs-630-05-2024\/#primaryimage"},"image":{"@id":"https:\/\/gr-100.com\/pt-pt\/producto\/megamo-ridon-fs-630-05-2024\/#primaryimage"},"thumbnailUrl":"https:\/\/gr-100.com\/wp-content\/uploads\/2024\/05\/ridon_fs_630_05_2.jpg","datePublished":"2024-07-01T13:03:56+00:00","dateModified":"2025-11-27T09:01:08+00:00","description":"Megamo Ridon FS 630 05 2023, ebike com bateria integrada e motor central Megamo de 250W e 80Nm. Garfo SUNTOUR XCR 34. SRAM SX \u00c1guia.","breadcrumb":{"@id":"https:\/\/gr-100.com\/pt-pt\/producto\/megamo-ridon-fs-630-05-2024\/#breadcrumb"},"inLanguage":"pt-PT","potentialAction":[{"@type":"ReadAction","target":["https:\/\/gr-100.com\/pt-pt\/producto\/megamo-ridon-fs-630-05-2024\/"]}]},{"@type":"ImageObject","inLanguage":"pt-PT","@id":"https:\/\/gr-100.com\/pt-pt\/producto\/megamo-ridon-fs-630-05-2024\/#primaryimage","url":"https:\/\/gr-100.com\/wp-content\/uploads\/2024\/05\/ridon_fs_630_05_2.jpg","contentUrl":"https:\/\/gr-100.com\/wp-content\/uploads\/2024\/05\/ridon_fs_630_05_2.jpg","width":1080,"height":1080},{"@type":"BreadcrumbList","@id":"https:\/\/gr-100.com\/pt-pt\/producto\/megamo-ridon-fs-630-05-2024\/#breadcrumb","itemListElement":[{"@type":"ListItem","position":1,"name":"Portada","item":"https:\/\/gr-100.com\/en\/"},{"@type":"ListItem","position":2,"name":"Productos","item":"https:\/\/gr-100.com\/?post_type=product"},{"@type":"ListItem","position":3,"name":"Megamo Ridon FS 630 05 2024"}]},{"@type":"WebSite","@id":"https:\/\/gr-100.com\/#website","url":"https:\/\/gr-100.com\/","name":"Gr-100 Tienda de ciclismo Specialized","description":"GR-100 tenemos todas las gamas de bicicletas Specialized al mejor precio.","publisher":{"@id":"https:\/\/gr-100.com\/#organization"},"alternateName":"Gr-100 Bikes","potentialAction":[{"@type":"SearchAction","target":{"@type":"EntryPoint","urlTemplate":"https:\/\/gr-100.com\/?s={search_term_string}"},"query-input":{"@type":"PropertyValueSpecification","valueRequired":true,"valueName":"search_term_string"}}],"inLanguage":"pt-PT"},{"@type":"Organization","@id":"https:\/\/gr-100.com\/#organization","name":"Gr-100","url":"https:\/\/gr-100.com\/","logo":{"@type":"ImageObject","inLanguage":"pt-PT","@id":"https:\/\/gr-100.com\/#\/schema\/logo\/image\/","url":"https:\/\/gr-100.com\/wp-content\/uploads\/2023\/08\/logo-gr-100-bikes.png","contentUrl":"https:\/\/gr-100.com\/wp-content\/uploads\/2023\/08\/logo-gr-100-bikes.png","width":707,"height":284,"caption":"Gr-100"},"image":{"@id":"https:\/\/gr-100.com\/#\/schema\/logo\/image\/"},"sameAs":["https:\/\/www.facebook.com\/Gr100Bikes","https:\/\/www.instagram.com\/gr100bikes\/","https:\/\/www.tiktok.com\/@gr100bikes","https:\/\/twitter.com\/gr100mtbteam","https:\/\/www.youtube.com\/c\/GR100Specialized"]}]}},"_links":{"self":[{"href":"https:\/\/gr-100.com\/pt-pt\/wp-json\/wp\/v2\/product\/384557","targetHints":{"allow":["GET"]}}],"collection":[{"href":"https:\/\/gr-100.com\/pt-pt\/wp-json\/wp\/v2\/product"}],"about":[{"href":"https:\/\/gr-100.com\/pt-pt\/wp-json\/wp\/v2\/types\/product"}],"replies":[{"embeddable":true,"href":"https:\/\/gr-100.com\/pt-pt\/wp-json\/wp\/v2\/comments?post=384557"}],"wp:featuredmedia":[{"embeddable":true,"href":"https:\/\/gr-100.com\/pt-pt\/wp-json\/wp\/v2\/media\/308066"}],"wp:attachment":[{"href":"https:\/\/gr-100.com\/pt-pt\/wp-json\/wp\/v2\/media?parent=384557"}],"wp:term":[{"taxonomy":"product_brand","embeddable":true,"href":"https:\/\/gr-100.com\/pt-pt\/wp-json\/wp\/v2\/product_brand?post=384557"},{"taxonomy":"product_cat","embeddable":true,"href":"https:\/\/gr-100.com\/pt-pt\/wp-json\/wp\/v2\/product_cat?post=384557"},{"taxonomy":"product_tag","embeddable":true,"href":"https:\/\/gr-100.com\/pt-pt\/wp-json\/wp\/v2\/product_tag?post=384557"}],"curies":[{"name":"wp","href":"https:\/\/api.w.org\/{rel}","templated":true}]}}