{"id":384558,"date":"2024-07-01T15:12:11","date_gmt":"2024-07-01T13:12:11","guid":{"rendered":"https:\/\/gr-100.com\/producto\/especializado-turbo-levo-sl-expert-carbono-2024\/"},"modified":"2025-12-18T16:45:06","modified_gmt":"2025-12-18T14:45:06","slug":"especializado-turbo-levo-sl-expert-carbono-2024","status":"publish","type":"product","link":"https:\/\/gr-100.com\/pt-pt\/producto\/especializado-turbo-levo-sl-expert-carbono-2024\/","title":{"rendered":"Specialized Turbo Levo SL Expert Carbono 2024"},"content":{"rendered":"<ul>\n<li>O Levo SL oferece uma qualidade e capacidade de condu\u00e7\u00e3o inigual\u00e1veis, amplificadas.<br \/>\nPara o piloto que gosta de singletracks brincalh\u00f5es, saltar alto e viver para avan\u00e7ar suas habilidades e fitness.  Conhe\u00e7a a sua nova moto, a Levo SL. Voc\u00ea vai se surpreender com sua combina\u00e7\u00e3o incompar\u00e1vel de condu\u00e7\u00e3o impec\u00e1vel, capacidade e amplifica\u00e7\u00e3o &#8220;2 X You&#8221; que lhe d\u00e1 o poder de percorrer mais trilhas. Compare com tudo o que est\u00e1 por a\u00ed, motorizado ou n\u00e3o, e sabemos que voc\u00ea vai concordar: a Levo SL \u00e9<strong> A DERRADEIRA E-BIKE<\/strong><br \/>\n TRAIL.\u00c9 tudo uma quest\u00e3o de condu\u00e7\u00e3o: quando tudo funciona perfeitamente, uma bicicleta desaparece quando a conduz. Removemos a massa para manter o Levo SL fino e responsivo. \u00c9 robusto o suficiente para suportar uso pesado, mas leve o suficiente para executar grandes movimentos. A sua geometria, cinem\u00e1tica e ajuste de choque n\u00e3o deixam nada a desejar.     <\/li>\n<li><strong>TABELA DE REFER\u00caNCIA<\/strong> &#8211; Tudo come\u00e7a aqui.<br \/>\nSensa\u00e7\u00e3o de condu\u00e7\u00e3o animada e precisa.<br \/>\nA disposi\u00e7\u00e3o estrat\u00e9gica da fibra de carbono proporciona uma rigidez do quadro altamente responsiva.<br \/>\nProjetamos todo o quadro como uma \u00fanica unidade para minimizar a flex\u00e3o lateral durante a pedalada e aproveitar ao m\u00e1ximo a for\u00e7a da pedalada.   <\/li>\n<li><strong>GEOMETRIA DE CONTROLO<\/strong> &#8211; O cockpit mant\u00e9m-no focado na moto, otimizando a tra\u00e7\u00e3o e o controlo em curva.<br \/>\nO suporte inferior baixo, o \u00e2ngulo do tubo de cabe\u00e7a inclinado e o deslocamento reduzido da forquilha mant\u00eam as coisas est\u00e1veis em terrenos acidentados, dando-lhe liberdade para curvar o seu caminho.<br \/>\nO \u00e2ngulo da cabe\u00e7a pode ser personalizado para 63, 64,25 e 65,5 graus.  <\/li>\n<li><strong>MENOS \u00c9 MAIS<\/strong> &#8211; O Levo SL \u00e9 leve como um galgo e telepaticamente sens\u00edvel.<br \/>\nA sua cuidadosa sele\u00e7\u00e3o de componentes \u00e9 leve, mas capaz, para uma aut\u00eantica condu\u00e7\u00e3o em trail.<br \/>\nJunte tudo isso e voc\u00ea ter\u00e1 os benef\u00edcios da amplifica\u00e7\u00e3o junto com uma unidade.  <\/li>\n<li><strong>RODA MISTO<\/strong> &#8211; Uma roda dianteira de 29&#8243; garante estabilidade e desempenho confiante nos terrenos mais acidentados, enquanto uma roda traseira de 27,5&#8243; permite uma corrente compacta e um comportamento extremamente responsivo.<br \/>\nSe preferir as vantagens de rolamento e tra\u00e7\u00e3o de uma roda traseira de 29&#8243;, basta rodar o chip de liga\u00e7\u00e3o pivotante e montar a roda grande. <\/li>\n<li><strong>SISTEMA OPERATIVO TURBO<\/strong> &#8211; O nosso sistema operativo perfeitamente integrado proporciona um desempenho inigual\u00e1vel em termos de bin\u00e1rio, autonomia, sensa\u00e7\u00e3o de condu\u00e7\u00e3o, qualidade de condu\u00e7\u00e3o, pot\u00eancia, fiabilidade e experi\u00eancia de condu\u00e7\u00e3o.<br \/>\n\u00c9 a m\u00e3o invis\u00edvel que lhe permite fazer mais, saber mais, ir mais longe, sentir-se mais forte e divertir-se mais. <\/li>\n<li><strong>Specialized Specialized SL 1.2<\/strong> &#8211; O novo motor Specialized SL 1.2 \u00e9 silencioso, oferecendo suavidade incompar\u00e1vel, 43% mais torque (50Nm) e 33% mais pot\u00eancia (320W) do que seu antecessor.<br \/>\nO resultado \u00e9 um desempenho &#8220;2x You&#8221; <\/li>\n<li><strong>MASTERMIND TCU<\/strong> &#8211; A nossa mais avan\u00e7ada e intuitiva unidade de controlo de e-bike .<br \/>\nLigue a moto, o Turbo OS, a aplica\u00e7\u00e3o Specialized e o condutor, tudo num ecr\u00e3 protegido e facilmente vis\u00edvel.<br \/>\nCom o MicroTune, o ajuste fino dos n\u00edveis de pot\u00eancia em tempo real est\u00e1 ao seu alcance, otimizando o alcance e a gest\u00e3o do desempenho.  <\/li>\n<li><strong>SPECIALIZED<\/strong> &#8211; O Levo SL integra-se totalmente com a nossa aplica\u00e7\u00e3o Specialized e permite-lhe personalizar as caracter\u00edsticas do seu motor.<br \/>\nPode dizer adeus \u00e0 ansiedade de autonomia com o Smart Control e at\u00e9 frustrar potenciais ladr\u00f5es com o Turbo System Auto-Lock. <\/li>\n<li><strong>Novo quadro em carbono<\/strong>, vem em configura\u00e7\u00e3o de roda mista (compat\u00edvel com 29 traseiras sem a necessidade de pe\u00e7as adicionais). Nova cinem\u00e1tica com uma curva de alavancagem mais plana que proporciona mais apoio e agilidade, mas muito controlo em condi\u00e7\u00f5es mais rochosas.<br \/>\nO \u00e2ngulo do tubo de cabe\u00e7a e a altura do suporte inferior s\u00e3o ajust\u00e1veis. <\/li>\n<li>Novo <strong>conjunto propulsor SRAM GX Eagle<\/strong><\/li>\n<li>Novo <strong>c\u00f3digo SRAM Stealth Silver Brakes<\/strong><\/li>\n<\/ul>\n<ul>\n<li><strong>Especifica\u00e7\u00f5es t\u00e9cnicas<\/strong><\/li>\n<li><strong>IMAGEM<\/strong><br \/>\nTodos os novos Levo SL Frame, Fact 11m de carbono, extens\u00e3o de choque de liga, curso de 150mm, \u00e2ngulo de cabe\u00e7a ajust\u00e1vel, altura BB, e compat\u00edvel com rodas<br \/>\n de 27,5 ou 29&#8243;.ABRA\u00c7O. Liga de sela<br \/>\n, suspens\u00e3o de 38,6 mm\n <\/li>\n<li><strong>AMORTECEDOR<\/strong><br \/>\nS1: Fox Float Performance S\u00e9rie Elite, 210x50mm, S2-S6: Fox Float X Performance S\u00e9rie Elite, 210x55mm<\/li>\n<li><strong>GARFO<\/strong><br \/>\nFox 36 Performance Elite, 29&#8243;, S1: 150mm de curso, S2-S6: 160mm de curso<br \/>\nAcess\u00f3rios<\/li>\n<li><strong>SWAT<\/strong><br \/>\nFerramenta SWAT CC dentro do cockpit do direcional\n<\/li>\n<li><strong>SELIM<\/strong><br \/>\nSpecialized Ponte Mimic sela<\/li>\n<li><strong>ESPIG\u00c3O ASSENTO<\/strong><br \/>\nOneUp, Conta-gotas Post-V2, alavanca MMX, 34.9 (S1:120mm, S2\/S3:150mm, S4: 180mm, S5\/S6: 210mm)<\/li>\n<li><strong>POT\u00caNCIA<\/strong><br \/>\nHaste Alloy Trail, furo de barra de 35mm<\/li>\n<li><strong>GUID\u00c3O<\/strong><br \/>\nSpecialized Trilho, liga 7050, backsweep de 8 graus, upsweep de 6 graus, eleva\u00e7\u00e3o de 30mm, grampo de 800mm, 35mm<\/li>\n<li><strong>PUNHOS<\/strong><br \/>\nPunhos Diety Lockjaw<\/li>\n<li><strong>TRAV\u00c3O DIANTEIRO<\/strong><br \/>\nSRAM C\u00f3digo Silver Stealth, rotor de 200mm<\/li>\n<li><strong>TRAV\u00c3O TRASEIRO<\/strong><br \/>\nSRAM C\u00f3digo Silver Stealth, 200mm rotor<br \/>\nDrivetrain<\/li>\n<li><strong>MUDAN\u00c7A<\/strong><br \/>\nSRAM GX Eagle Descarrilador de Transmiss\u00e3o<\/li>\n<li><strong>CONTROLOS DE MUDAN\u00c7A DE VELOCIDADE<\/strong><br \/>\nSRAM Controlador AXS POD<\/li>\n<li><strong><br \/>\nSRAM GX Eagle de transmiss\u00e3o, 12spd, 10-52t<\/strong><\/li>\n<li><strong>CADEIA<\/strong><br \/>\nSRAM GX Eagle Transmiss\u00e3o Flattop Chain<\/li>\n<li><strong>SUPORTE<\/strong><br \/>\n INFERIORSRAM Guinchos de liga dub, 165\/170\/175mm<\/li>\n<li><strong>PRATOS<\/strong><br \/>\nSRAM Anel tipo T, 32t<br \/>\nRodas &amp; Pneus<\/li>\n<li><strong>RODA DIANTEIRA<\/strong><br \/>\nTravessia 29<\/li>\n<li><strong>RODA TRASEIRA<\/strong><br \/>\nTravessia 27.5<\/li>\n<li><strong>PNEU.<\/strong><br \/>\nTalho, carca\u00e7a GRID TRAIL, composto GRIPTON\u00ae T9, 2Bliss Ready, 29&#215;2.3&#8243;<\/li>\n<li><strong>PNEU TRASEIRO<\/strong><br \/>\nEliminador, carca\u00e7a GRID TRAIL, composto GRIPTON\u00ae T7, 2Bliss Ready, 27,5 x 2,3&#8243;<\/li>\n<li><strong>C\u00c2MARAS<\/strong><br \/>\nPadr\u00e3o 40mm PV 29\/27.5&#215;1.75-2.4<\/li>\n<li><strong>MOTOR<\/strong><br \/>\nNovo Specialized 1.2 SL Custom Rx Trail Tuned Motor<\/li>\n<li><strong>UI\/REMOTO<\/strong><br \/>\nSpecialized MasterMind TCU, percentagem da carga restante, 120 configura\u00e7\u00f5es de ecr\u00e3 poss\u00edveis, ajuste de assist\u00eancia MicroTune, ANT+\/Bluetooth\u00ae, w\/Handlebar remoto<\/li>\n<li><strong>BATERIA<\/strong><br \/>\nSpecialized SL1-320, totalmente integrado, 320Wh<\/li>\n<li><strong>CARREGADOR<\/strong><br \/>\nCarregador personalizado, Sistema 48V c\/ ficha do carregador do sistema SL<\/li>\n<li><strong>COM FIOS<\/strong><br \/>\nChicote de cablagem Specialized personalizado<\/li>\n<li><strong>Peso<\/strong><br \/>\nOrdem de execu\u00e7\u00e3o<br \/>\n: 18.40kg (40 lb, 9 oz)<br \/>\nTamanho<br \/>\nS4<\/li>\n<\/ul>\n<p>* Os pesos baseiam-se em fotografias de produ\u00e7\u00e3o pintadas, tal como indicado na imagem. Os pesos reais variam consoante a cor, o tamanho do quadro e a varia\u00e7\u00e3o dos componentes. As especifica\u00e7\u00f5es est\u00e3o sujeitas a altera\u00e7\u00f5es sem aviso pr\u00e9vio.<\/p>\n","protected":false},"excerpt":{"rendered":"<p>Compare com tudo o que est\u00e1 por a\u00ed, motorizado ou n\u00e3o, e sabemos que voc\u00ea vai concordar: a Levo SL \u00e9<strong> A DERRADEIRA E-BIKE TRAIL<\/strong>.<\/p>\n","protected":false},"featured_media":308538,"comment_status":"closed","ping_status":"closed","template":"","meta":{"_acf_changed":false,"_et_pb_use_builder":"","_et_pb_old_content":"","_et_gb_content_width":"","inline_featured_image":false},"product_brand":[],"product_cat":[2459,391,2483,2696],"product_tag":[],"class_list":{"0":"post-384558","1":"product","2":"type-product","3":"status-publish","4":"has-post-thumbnail","6":"product_cat-bicicletas-pt-pt-2","7":"product_cat-eletricas","8":"product_cat-bicicletas-especializadas","9":"product_cat-ofertas-especializadas","10":"product_shipping_class-bicicletas-pt-pt","12":"first","13":"outofstock","14":"taxable","15":"shipping-taxable","16":"product-type-variable","17":"wvs-archive-product-wrapper"},"acf":[],"yoast_head":"<!-- This site is optimized with the Yoast SEO Premium plugin v26.7 (Yoast SEO v26.7) - https:\/\/yoast.com\/wordpress\/plugins\/seo\/ -->\n<title>Specialized Turbo Levo SL Expert Carbono 2024<\/title>\n<meta name=\"description\" content=\"O Levo SL oferece uma qualidade e capacidade de condu\u00e7\u00e3o amplificadas e incompar\u00e1veis. Para o piloto de trail que anseia por uma singletrack sinuosa.\" \/>\n<meta name=\"robots\" content=\"index, follow, max-snippet:-1, max-image-preview:large, max-video-preview:-1\" \/>\n<link rel=\"canonical\" href=\"https:\/\/gr-100.com\/pt-pt\/producto\/especializado-turbo-levo-sl-expert-carbono-2024\/\" \/>\n<meta property=\"og:locale\" content=\"pt_PT\" \/>\n<meta property=\"og:type\" content=\"article\" \/>\n<meta property=\"og:title\" content=\"Specialized Turbo Levo SL Expert Carbono 2024\" \/>\n<meta property=\"og:description\" content=\"O Levo SL oferece uma qualidade e capacidade de condu\u00e7\u00e3o amplificadas e incompar\u00e1veis. Para o piloto de trail que anseia por uma singletrack sinuosa.\" \/>\n<meta property=\"og:url\" content=\"https:\/\/gr-100.com\/pt-pt\/producto\/especializado-turbo-levo-sl-expert-carbono-2024\/\" \/>\n<meta property=\"og:site_name\" content=\"Gr-100 Tienda de ciclismo Specialized\" \/>\n<meta property=\"article:publisher\" content=\"https:\/\/www.facebook.com\/Gr100Bikes\" \/>\n<meta property=\"article:modified_time\" content=\"2025-12-18T14:45:06+00:00\" \/>\n<meta property=\"og:image\" content=\"https:\/\/gr-100.com\/wp-content\/uploads\/2024\/05\/Specialized-Turbo-Levo-SL-Expert-Carbon-20242.jpg\" \/>\n\t<meta property=\"og:image:width\" content=\"1000\" \/>\n\t<meta property=\"og:image:height\" content=\"1000\" \/>\n\t<meta property=\"og:image:type\" content=\"image\/jpeg\" \/>\n<meta name=\"twitter:card\" content=\"summary_large_image\" \/>\n<meta name=\"twitter:label1\" content=\"Tempo estimado de leitura\" \/>\n\t<meta name=\"twitter:data1\" content=\"5 minutos\" \/>\n<script type=\"application\/ld+json\" class=\"yoast-schema-graph\">{\"@context\":\"https:\/\/schema.org\",\"@graph\":[{\"@type\":\"WebPage\",\"@id\":\"https:\/\/gr-100.com\/pt-pt\/producto\/especializado-turbo-levo-sl-expert-carbono-2024\/\",\"url\":\"https:\/\/gr-100.com\/pt-pt\/producto\/especializado-turbo-levo-sl-expert-carbono-2024\/\",\"name\":\"Specialized Turbo Levo SL Expert Carbono 2024\",\"isPartOf\":{\"@id\":\"https:\/\/gr-100.com\/#website\"},\"primaryImageOfPage\":{\"@id\":\"https:\/\/gr-100.com\/pt-pt\/producto\/especializado-turbo-levo-sl-expert-carbono-2024\/#primaryimage\"},\"image\":{\"@id\":\"https:\/\/gr-100.com\/pt-pt\/producto\/especializado-turbo-levo-sl-expert-carbono-2024\/#primaryimage\"},\"thumbnailUrl\":\"https:\/\/gr-100.com\/wp-content\/uploads\/2024\/05\/Specialized-Turbo-Levo-SL-Expert-Carbon-20242.jpg\",\"datePublished\":\"2024-07-01T13:12:11+00:00\",\"dateModified\":\"2025-12-18T14:45:06+00:00\",\"description\":\"O Levo SL oferece uma qualidade e capacidade de condu\u00e7\u00e3o amplificadas e incompar\u00e1veis. Para o piloto de trail que anseia por uma singletrack sinuosa.\",\"breadcrumb\":{\"@id\":\"https:\/\/gr-100.com\/pt-pt\/producto\/especializado-turbo-levo-sl-expert-carbono-2024\/#breadcrumb\"},\"inLanguage\":\"pt-PT\",\"potentialAction\":[{\"@type\":\"ReadAction\",\"target\":[\"https:\/\/gr-100.com\/pt-pt\/producto\/especializado-turbo-levo-sl-expert-carbono-2024\/\"]}]},{\"@type\":\"ImageObject\",\"inLanguage\":\"pt-PT\",\"@id\":\"https:\/\/gr-100.com\/pt-pt\/producto\/especializado-turbo-levo-sl-expert-carbono-2024\/#primaryimage\",\"url\":\"https:\/\/gr-100.com\/wp-content\/uploads\/2024\/05\/Specialized-Turbo-Levo-SL-Expert-Carbon-20242.jpg\",\"contentUrl\":\"https:\/\/gr-100.com\/wp-content\/uploads\/2024\/05\/Specialized-Turbo-Levo-SL-Expert-Carbon-20242.jpg\",\"width\":1000,\"height\":1000},{\"@type\":\"BreadcrumbList\",\"@id\":\"https:\/\/gr-100.com\/pt-pt\/producto\/especializado-turbo-levo-sl-expert-carbono-2024\/#breadcrumb\",\"itemListElement\":[{\"@type\":\"ListItem\",\"position\":1,\"name\":\"Portada\",\"item\":\"https:\/\/gr-100.com\/en\/\"},{\"@type\":\"ListItem\",\"position\":2,\"name\":\"Productos\",\"item\":\"https:\/\/gr-100.com\/?post_type=product\"},{\"@type\":\"ListItem\",\"position\":3,\"name\":\"Specialized Turbo Levo SL Expert Carbono 2024\"}]},{\"@type\":\"WebSite\",\"@id\":\"https:\/\/gr-100.com\/#website\",\"url\":\"https:\/\/gr-100.com\/\",\"name\":\"Gr-100 Tienda de ciclismo Specialized\",\"description\":\"GR-100 tenemos todas las gamas de bicicletas Specialized al mejor precio.\",\"publisher\":{\"@id\":\"https:\/\/gr-100.com\/#organization\"},\"alternateName\":\"Gr-100 Bikes\",\"potentialAction\":[{\"@type\":\"SearchAction\",\"target\":{\"@type\":\"EntryPoint\",\"urlTemplate\":\"https:\/\/gr-100.com\/?s={search_term_string}\"},\"query-input\":{\"@type\":\"PropertyValueSpecification\",\"valueRequired\":true,\"valueName\":\"search_term_string\"}}],\"inLanguage\":\"pt-PT\"},{\"@type\":\"Organization\",\"@id\":\"https:\/\/gr-100.com\/#organization\",\"name\":\"Gr-100\",\"url\":\"https:\/\/gr-100.com\/\",\"logo\":{\"@type\":\"ImageObject\",\"inLanguage\":\"pt-PT\",\"@id\":\"https:\/\/gr-100.com\/#\/schema\/logo\/image\/\",\"url\":\"https:\/\/gr-100.com\/wp-content\/uploads\/2023\/08\/logo-gr-100-bikes.png\",\"contentUrl\":\"https:\/\/gr-100.com\/wp-content\/uploads\/2023\/08\/logo-gr-100-bikes.png\",\"width\":707,\"height\":284,\"caption\":\"Gr-100\"},\"image\":{\"@id\":\"https:\/\/gr-100.com\/#\/schema\/logo\/image\/\"},\"sameAs\":[\"https:\/\/www.facebook.com\/Gr100Bikes\",\"https:\/\/www.instagram.com\/gr100bikes\/\",\"https:\/\/www.tiktok.com\/@gr100bikes\",\"https:\/\/twitter.com\/gr100mtbteam\",\"https:\/\/www.youtube.com\/c\/GR100Specialized\"]}]}<\/script>\n<!-- \/ Yoast SEO Premium plugin. -->","yoast_head_json":{"title":"Specialized Turbo Levo SL Expert Carbono 2024","description":"O Levo SL oferece uma qualidade e capacidade de condu\u00e7\u00e3o amplificadas e incompar\u00e1veis. Para o piloto de trail que anseia por uma singletrack sinuosa.","robots":{"index":"index","follow":"follow","max-snippet":"max-snippet:-1","max-image-preview":"max-image-preview:large","max-video-preview":"max-video-preview:-1"},"canonical":"https:\/\/gr-100.com\/pt-pt\/producto\/especializado-turbo-levo-sl-expert-carbono-2024\/","og_locale":"pt_PT","og_type":"article","og_title":"Specialized Turbo Levo SL Expert Carbono 2024","og_description":"O Levo SL oferece uma qualidade e capacidade de condu\u00e7\u00e3o amplificadas e incompar\u00e1veis. Para o piloto de trail que anseia por uma singletrack sinuosa.","og_url":"https:\/\/gr-100.com\/pt-pt\/producto\/especializado-turbo-levo-sl-expert-carbono-2024\/","og_site_name":"Gr-100 Tienda de ciclismo Specialized","article_publisher":"https:\/\/www.facebook.com\/Gr100Bikes","article_modified_time":"2025-12-18T14:45:06+00:00","og_image":[{"width":1000,"height":1000,"url":"https:\/\/gr-100.com\/wp-content\/uploads\/2024\/05\/Specialized-Turbo-Levo-SL-Expert-Carbon-20242.jpg","type":"image\/jpeg"}],"twitter_card":"summary_large_image","twitter_misc":{"Tempo estimado de leitura":"5 minutos"},"schema":{"@context":"https:\/\/schema.org","@graph":[{"@type":"WebPage","@id":"https:\/\/gr-100.com\/pt-pt\/producto\/especializado-turbo-levo-sl-expert-carbono-2024\/","url":"https:\/\/gr-100.com\/pt-pt\/producto\/especializado-turbo-levo-sl-expert-carbono-2024\/","name":"Specialized Turbo Levo SL Expert Carbono 2024","isPartOf":{"@id":"https:\/\/gr-100.com\/#website"},"primaryImageOfPage":{"@id":"https:\/\/gr-100.com\/pt-pt\/producto\/especializado-turbo-levo-sl-expert-carbono-2024\/#primaryimage"},"image":{"@id":"https:\/\/gr-100.com\/pt-pt\/producto\/especializado-turbo-levo-sl-expert-carbono-2024\/#primaryimage"},"thumbnailUrl":"https:\/\/gr-100.com\/wp-content\/uploads\/2024\/05\/Specialized-Turbo-Levo-SL-Expert-Carbon-20242.jpg","datePublished":"2024-07-01T13:12:11+00:00","dateModified":"2025-12-18T14:45:06+00:00","description":"O Levo SL oferece uma qualidade e capacidade de condu\u00e7\u00e3o amplificadas e incompar\u00e1veis. Para o piloto de trail que anseia por uma singletrack sinuosa.","breadcrumb":{"@id":"https:\/\/gr-100.com\/pt-pt\/producto\/especializado-turbo-levo-sl-expert-carbono-2024\/#breadcrumb"},"inLanguage":"pt-PT","potentialAction":[{"@type":"ReadAction","target":["https:\/\/gr-100.com\/pt-pt\/producto\/especializado-turbo-levo-sl-expert-carbono-2024\/"]}]},{"@type":"ImageObject","inLanguage":"pt-PT","@id":"https:\/\/gr-100.com\/pt-pt\/producto\/especializado-turbo-levo-sl-expert-carbono-2024\/#primaryimage","url":"https:\/\/gr-100.com\/wp-content\/uploads\/2024\/05\/Specialized-Turbo-Levo-SL-Expert-Carbon-20242.jpg","contentUrl":"https:\/\/gr-100.com\/wp-content\/uploads\/2024\/05\/Specialized-Turbo-Levo-SL-Expert-Carbon-20242.jpg","width":1000,"height":1000},{"@type":"BreadcrumbList","@id":"https:\/\/gr-100.com\/pt-pt\/producto\/especializado-turbo-levo-sl-expert-carbono-2024\/#breadcrumb","itemListElement":[{"@type":"ListItem","position":1,"name":"Portada","item":"https:\/\/gr-100.com\/en\/"},{"@type":"ListItem","position":2,"name":"Productos","item":"https:\/\/gr-100.com\/?post_type=product"},{"@type":"ListItem","position":3,"name":"Specialized Turbo Levo SL Expert Carbono 2024"}]},{"@type":"WebSite","@id":"https:\/\/gr-100.com\/#website","url":"https:\/\/gr-100.com\/","name":"Gr-100 Tienda de ciclismo Specialized","description":"GR-100 tenemos todas las gamas de bicicletas Specialized al mejor precio.","publisher":{"@id":"https:\/\/gr-100.com\/#organization"},"alternateName":"Gr-100 Bikes","potentialAction":[{"@type":"SearchAction","target":{"@type":"EntryPoint","urlTemplate":"https:\/\/gr-100.com\/?s={search_term_string}"},"query-input":{"@type":"PropertyValueSpecification","valueRequired":true,"valueName":"search_term_string"}}],"inLanguage":"pt-PT"},{"@type":"Organization","@id":"https:\/\/gr-100.com\/#organization","name":"Gr-100","url":"https:\/\/gr-100.com\/","logo":{"@type":"ImageObject","inLanguage":"pt-PT","@id":"https:\/\/gr-100.com\/#\/schema\/logo\/image\/","url":"https:\/\/gr-100.com\/wp-content\/uploads\/2023\/08\/logo-gr-100-bikes.png","contentUrl":"https:\/\/gr-100.com\/wp-content\/uploads\/2023\/08\/logo-gr-100-bikes.png","width":707,"height":284,"caption":"Gr-100"},"image":{"@id":"https:\/\/gr-100.com\/#\/schema\/logo\/image\/"},"sameAs":["https:\/\/www.facebook.com\/Gr100Bikes","https:\/\/www.instagram.com\/gr100bikes\/","https:\/\/www.tiktok.com\/@gr100bikes","https:\/\/twitter.com\/gr100mtbteam","https:\/\/www.youtube.com\/c\/GR100Specialized"]}]}},"_links":{"self":[{"href":"https:\/\/gr-100.com\/pt-pt\/wp-json\/wp\/v2\/product\/384558","targetHints":{"allow":["GET"]}}],"collection":[{"href":"https:\/\/gr-100.com\/pt-pt\/wp-json\/wp\/v2\/product"}],"about":[{"href":"https:\/\/gr-100.com\/pt-pt\/wp-json\/wp\/v2\/types\/product"}],"replies":[{"embeddable":true,"href":"https:\/\/gr-100.com\/pt-pt\/wp-json\/wp\/v2\/comments?post=384558"}],"wp:featuredmedia":[{"embeddable":true,"href":"https:\/\/gr-100.com\/pt-pt\/wp-json\/wp\/v2\/media\/308538"}],"wp:attachment":[{"href":"https:\/\/gr-100.com\/pt-pt\/wp-json\/wp\/v2\/media?parent=384558"}],"wp:term":[{"taxonomy":"product_brand","embeddable":true,"href":"https:\/\/gr-100.com\/pt-pt\/wp-json\/wp\/v2\/product_brand?post=384558"},{"taxonomy":"product_cat","embeddable":true,"href":"https:\/\/gr-100.com\/pt-pt\/wp-json\/wp\/v2\/product_cat?post=384558"},{"taxonomy":"product_tag","embeddable":true,"href":"https:\/\/gr-100.com\/pt-pt\/wp-json\/wp\/v2\/product_tag?post=384558"}],"curies":[{"name":"wp","href":"https:\/\/api.w.org\/{rel}","templated":true}]}}