{"id":384575,"date":"2024-07-01T14:57:36","date_gmt":"2024-07-01T12:57:36","guid":{"rendered":"https:\/\/gr-100.com\/producto\/especializado-turbo-levo-sl-comp-alloy-2024\/"},"modified":"2025-11-26T14:15:41","modified_gmt":"2025-11-26T12:15:41","slug":"especializado-turbo-levo-sl-comp-alloy-2024","status":"publish","type":"product","link":"https:\/\/gr-100.com\/pt-pt\/producto\/especializado-turbo-levo-sl-comp-alloy-2024\/","title":{"rendered":"Specialized Turbo Levo SL Comp Liga 2024"},"content":{"rendered":"<div>\n<ul>\n<li>Conhe\u00e7a o seu novo companheiro de aventura, o Levo SL. Voc\u00ea vai se surpreender com sua combina\u00e7\u00e3o incompar\u00e1vel de manuseio impec\u00e1vel, capacidade e amplifica\u00e7\u00e3o &#8220;2 X You&#8221;, dando-lhe o poder de conquistar mais trilhas. Compare-a com todas as outras op\u00e7\u00f5es, motorizadas ou n\u00e3o, e temos a certeza de que concordar\u00e1: a Levo SL \u00e9 a derradeira e-bike<br \/>\n trail.\u00c9 tudo uma quest\u00e3o de condu\u00e7\u00e3o: quando tudo funciona perfeitamente, a moto desaparece debaixo de si. Removemos a massa para manter o Levo SL \u00e1gil e responsivo. \u00c9 robusto o suficiente para suportar uso pesado, mas leve o suficiente para executar grandes movimentos. A sua geometria, cinem\u00e1tica e ajuste de choque n\u00e3o deixam nada a desejar. TABELA DE     <\/li>\n<li><strong>REFER\u00caNCIA<\/strong> &#8211; Tudo come\u00e7a aqui.<br \/>\nSensa\u00e7\u00e3o de condu\u00e7\u00e3o animada e precisa.<br \/>\nA disposi\u00e7\u00e3o estrat\u00e9gica da fibra de carbono proporciona uma rigidez do quadro altamente responsiva.<br \/>\nProjetamos todo o quadro como uma \u00fanica unidade para minimizar a flex\u00e3o lateral durante a pedalada e aproveitar ao m\u00e1ximo a for\u00e7a da pedalada.   <\/li>\n<li><strong>GEOMETRIA DE CONTROLO<\/strong> &#8211; O cockpit mant\u00e9m-no centrado na moto, otimizando a tra\u00e7\u00e3o e o controlo em curva.<br \/>\nO suporte inferior baixo, o \u00e2ngulo do tubo de cabe\u00e7a inclinado e o deslocamento reduzido da forquilha mant\u00eam as coisas est\u00e1veis em terrenos acidentados, dando-lhe liberdade para curvar o seu caminho.<br \/>\nO \u00e2ngulo da cabe\u00e7a pode ser personalizado para 63, 64,25 e 65,5 graus.  <\/li>\n<li><strong>MENOS \u00c9 MAIS<\/strong> &#8211; O Levo SL \u00e9 leve como um galgo e telepaticamente sens\u00edvel.<br \/>\nSua sele\u00e7\u00e3o cuidadosa de componentes \u00e9 leve, mas capaz, para uma aut\u00eantica experi\u00eancia de trilha.<br \/>\nJunte tudo isto e obter\u00e1 os benef\u00edcios da amplifica\u00e7\u00e3o, juntamente com um manuseamento preciso e \u00e1gil.  <\/li>\n<li><strong>RODA MISTO<\/strong> &#8211; Uma roda dianteira de 29&#8243; garante estabilidade e desempenho confiante nos terrenos mais acidentados, enquanto uma roda traseira de 27,5&#8243; permite uma corrente compacta e um comportamento extremamente responsivo.<br \/>\nSe preferir os benef\u00edcios de rolamento e tra\u00e7\u00e3o de uma roda traseira de 29&#8243;, basta rodar o chip de liga\u00e7\u00e3o pivotante e montar a roda grande. <\/li>\n<li><strong>SISTEMA OPERATIVO TURBO<\/strong> &#8211; O nosso sistema operativo perfeitamente integrado proporciona um desempenho inigual\u00e1vel em termos de bin\u00e1rio, autonomia, sensa\u00e7\u00e3o de condu\u00e7\u00e3o, qualidade de condu\u00e7\u00e3o, pot\u00eancia, fiabilidade e experi\u00eancia de condu\u00e7\u00e3o. \u00c9 a m\u00e3o invis\u00edvel que lhe permite fazer mais, saber mais, ir mais longe, sentir-se mais forte e divertir-se mais.<br \/>\nSpecialized Specialized SL 1.2 &#8211; O novo motor Specialized SL 1.2 \u00e9 silencioso, oferecendo suavidade incompar\u00e1vel, 43% mais torque (50Nm) e 33% mais pot\u00eancia (320W) do que seu antecessor. O resultado \u00e9 um desempenho &#8220;2x You&#8221;  <\/li>\n<\/ul>\n<\/div>\n<ul>\n<li style=\"list-style-type: none;\">\n<ul>\n<li>Novo quadro de alum\u00ednio, vem em configura\u00e7\u00e3o de roda mista (compat\u00edvel com 29 traseiras sem a necessidade de pe\u00e7as adicionais.) Nova cinem\u00e1tica com uma curva de alavancagem mais plana que proporciona mais apoio e agilidade, mas muito controlo em condi\u00e7\u00f5es mais rochosas.<br \/>\nO \u00e2ngulo do tubo de cabe\u00e7a e a altura do suporte inferior s\u00e3o ajust\u00e1veis. <\/li>\n<li>Preocupado com a falta de bateria?<br \/>\nN\u00e3o h\u00e1 problema.<br \/>\nO Turbo Levo SL Alloy devora longas milhas e longos dias.<br \/>\nE se procura ainda mais milhas, o nosso extensor de autonomia inclu\u00eddo aumenta o seu alcance em mais 50%.<br \/>\nAl\u00e9m de tudo isso, nosso aplicativo Specialized pode gerenciar a bateria automaticamente, garantindo que sua bateria dure o tempo que voc\u00ea precisar.    <\/li>\n<\/ul>\n<\/li>\n<\/ul>\n<ul>\n<li><strong>Especifica\u00e7\u00f5es t\u00e9cnicas<\/strong><\/li>\n<li>Acess\u00f3rios<br \/>\n<strong>Ferramenta SWAT<\/strong><br \/>\nSWAT CC em tubo direcional<\/li>\n<li>Frameset<br \/>\nABRAZ. Liga de sela<br \/>\n, 38.6mm<br \/>\n<strong>IMAGEM<\/strong><br \/>\nTodos os novos Levo SL Alloy Frame, liga M5, curso de 150 mm, \u00e2ngulo de cabe\u00e7a ajust\u00e1vel, altura BB e compat\u00edvel com jantes de 27,5 ou 29&#8243;.<\/li>\n<li>Suspens\u00e3o<br \/>\nFox 36 Rhythm<strong>FORK,<\/strong><br \/>\n 29&#8243;, S1: 150mm, S2-S6: 160mm<br \/>\n<strong>SHOCK<\/strong><br \/>\nS1: Fox Float Performance Series, 210x50mm, S2-S6: Fox Float X Performance Series, 210x55mm<\/li>\n<li>Cockpit<br \/>\n<strong>STEM<\/strong><br \/>\nAlloy Trail Stem, 35mm bar furo<br \/>\n<strong>SADDLE<\/strong><br \/>\nBridge Comp, trilhos ocos Cr-mo, 155\/143mm<br \/>\n<strong>GUID\u00c3O<\/strong><br \/>\nSpecialized, liga 6061, 6 graus upsweep, 8 graus backsweep, 30mm de eleva\u00e7\u00e3o, 780mm largura<br \/>\n<strong>SEATPOST<\/strong><br \/>\nX-Fusion Manic, infinitamente ajust\u00e1vel, cabe\u00e7a de dois parafusos, roteamento de cabo de montagem inferior, alavanca SLR LE remota, 34.9, S1: 100mm, S2: 125mm, S3: 150mm, S4\/S5: 170mm,  S6: 190mm<br \/>\n<strong>Esteira<\/strong><br \/>\nSpecialized Trail Grips<\/li>\n<li>Freios<strong>SRAM DE<\/strong> FREIOSRAM<br \/>\n TRASEIRO<br \/>\n C\u00f3digo R, pin\u00e7a de 4 pist\u00f5es, disco hidr\u00e1ulico, 200mm<br \/>\n<strong>FREIO DIANTEIRO<\/strong><br \/>\nSRAM C\u00f3digo R, pin\u00e7a de 4 pist\u00f5es, disco hidr\u00e1ulico, 200mm<\/li>\n<li>Conjunto propulsor<br \/>\n<strong>PRATOS<\/strong><br \/>\nNovo SL 1.2 spider, 104BCD w \/ SRAM 32t Anel de liga compat\u00edvel com transmiss\u00e3o<br \/>\n<strong>SUPORTE<\/strong><br \/>\n INFERIORSRAM Guinchos de liga dub, 165\/170\/175mm<br \/>\n<strong>MUDAN\u00c7A<\/strong><br \/>\nSRAM NX Eagle, 12 velocidades<br \/>\n<strong>CADEIA<\/strong><br \/>\nSRAM NX Eagle, 12 velocidades<br \/>\n<strong><br \/>\nSRAM NX Eagle, 12 velocidades, 11-50t<\/strong><br \/>\n<strong>CONTROLOS DE MUDAN\u00c7A DE VELOCIDADE<\/strong><br \/>\nSRAM NX Eagle, gatilho, 12 velocidades<\/li>\n<li>Rodas e Pneus<br \/>\n<strong>CUBO TRASEIRO<\/strong><br \/>\nLiga, rolamentos de cartucho selado, eixo thru 12x148mm, 32h<br \/>\n<strong>CUBO FRONTAL<\/strong><br \/>\nLiga, rolamentos de cartucho selado, eixo thru 15x110mm, 28h<br \/>\n<strong>PNEU.<\/strong><br \/>\nTalho, carca\u00e7a GRID TRAIL, composto GRIPTON\u00ae T9, 2Bliss Ready, 29&#215;2.3&#8243;<br \/>\n<strong>R\u00c1DIOS<\/strong><br \/>\nDT Ind\u00fastria Su\u00ed\u00e7a<br \/>\n<strong>PNEU TRASEIRO<\/strong><br \/>\nEliminador, carca\u00e7a GRID TRAIL, composto GRIPTON\u00ae T7, 2Bliss Ready, 27,5 x 2,3&#8243;<br \/>\n<strong>Pneus<\/strong><br \/>\nSpecialized 29\/27.5, liga sem gancho, largura interna de 30mm, pronto sem tubo<br \/>\n<strong>C\u00c2MARAS<\/strong><br \/>\nPresta, V\u00e1lvula Padr\u00e3o<\/li>\n<li>E-Bike<br \/>\n<strong>WIRED<\/strong><br \/>\nCustom Specialized chicote<br \/>\n de fia\u00e7\u00e3o<strong>CHARGER Carregador<\/strong><br \/>\npersonalizado, 48V Sistema w \/ SL sistema carregador plugue<br \/>\n<strong>MOTOR<\/strong><br \/>\nNew Specialized 1.2 SL Custom Rx Trail Tuned Motor<br \/>\n<strong>UI\/REMOTE<\/strong><br \/>\nSpecialized MasterMind TCU, porcentagem da carga restante, 120 configura\u00e7\u00f5es de exibi\u00e7\u00e3o poss\u00edveis, ajuste de assist\u00eancia MicroTune, ANT + \/ Bluetooth\u00ae, w \/ Handlebar remoto<br \/>\n<strong>BATERIA<\/strong><br \/>\nSpecialized SL1-320 especializado, totalmente integrado, 320Wh<\/li>\n<li>Peso operacional<br \/>\n 20.20kg<strong><br \/>\n (44 lbs, 8.5 oz)<br \/>\nTamanho Peso<br \/>\nS4<\/strong><\/li>\n<\/ul>\n<p>* Os pesos baseiam-se em fotografias de produ\u00e7\u00e3o pintadas, tal como indicado na imagem. Os pesos reais variam consoante a cor, o tamanho do quadro e a varia\u00e7\u00e3o dos componentes. As especifica\u00e7\u00f5es est\u00e3o sujeitas a altera\u00e7\u00f5es sem aviso pr\u00e9vio.<\/p>\n","protected":false},"excerpt":{"rendered":"<p>O Levo SL oferece uma qualidade e capacidade de condu\u00e7\u00e3o inigual\u00e1veis, amplificadas.<br \/>\nPara o ciclista que gosta de trilhas l\u00fadicas, saltos altos e est\u00e1 determinado a melhorar suas habilidades e condicionamento f\u00edsico. <\/p>\n","protected":false},"featured_media":307696,"comment_status":"closed","ping_status":"closed","template":"","meta":{"_acf_changed":false,"_et_pb_use_builder":"","_et_pb_old_content":"","_et_gb_content_width":"","inline_featured_image":false},"product_brand":[],"product_cat":[2459,391,2483,2696],"product_tag":[],"class_list":{"0":"post-384575","1":"product","2":"type-product","3":"status-publish","4":"has-post-thumbnail","6":"product_cat-bicicletas-pt-pt-2","7":"product_cat-eletricas","8":"product_cat-bicicletas-especializadas","9":"product_cat-ofertas-especializadas","10":"product_shipping_class-bicicletas-pt-pt","12":"first","13":"outofstock","14":"taxable","15":"shipping-taxable","16":"product-type-variable","17":"wvs-archive-product-wrapper"},"acf":[],"yoast_head":"<!-- This site is optimized with the Yoast SEO Premium plugin v26.7 (Yoast SEO v26.7) - https:\/\/yoast.com\/wordpress\/plugins\/seo\/ -->\n<title>Specialized Turbo Levo SL Comp Liga 2024 GR-100<\/title>\n<meta name=\"description\" content=\"Descubra a mais recente tecnologia de e-bike com a Specialized Turbo Levo SL Comp Alloy 2024, dispon\u00edvel na GR-100.\" \/>\n<meta name=\"robots\" content=\"index, follow, max-snippet:-1, max-image-preview:large, max-video-preview:-1\" \/>\n<link rel=\"canonical\" href=\"https:\/\/gr-100.com\/pt-pt\/producto\/especializado-turbo-levo-sl-comp-alloy-2024\/\" \/>\n<meta property=\"og:locale\" content=\"pt_PT\" \/>\n<meta property=\"og:type\" content=\"article\" \/>\n<meta property=\"og:title\" content=\"Specialized Turbo Levo SL Comp Liga 2024\" \/>\n<meta property=\"og:description\" content=\"Descubra a mais recente tecnologia de e-bike com a Specialized Turbo Levo SL Comp Alloy 2024, dispon\u00edvel na GR-100.\" \/>\n<meta property=\"og:url\" content=\"https:\/\/gr-100.com\/pt-pt\/producto\/especializado-turbo-levo-sl-comp-alloy-2024\/\" \/>\n<meta property=\"og:site_name\" content=\"Gr-100 Tienda de ciclismo Specialized\" \/>\n<meta property=\"article:publisher\" content=\"https:\/\/www.facebook.com\/Gr100Bikes\" \/>\n<meta property=\"article:modified_time\" content=\"2025-11-26T12:15:41+00:00\" \/>\n<meta property=\"og:image\" content=\"https:\/\/gr-100.com\/wp-content\/uploads\/2024\/05\/Turbo-Levo-SL-Comp-Alloy-2024_3.jpg\" \/>\n\t<meta property=\"og:image:width\" content=\"1080\" \/>\n\t<meta property=\"og:image:height\" content=\"1080\" \/>\n\t<meta property=\"og:image:type\" content=\"image\/jpeg\" \/>\n<meta name=\"twitter:card\" content=\"summary_large_image\" \/>\n<meta name=\"twitter:label1\" content=\"Tempo estimado de leitura\" \/>\n\t<meta name=\"twitter:data1\" content=\"5 minutos\" \/>\n<script type=\"application\/ld+json\" class=\"yoast-schema-graph\">{\"@context\":\"https:\/\/schema.org\",\"@graph\":[{\"@type\":\"WebPage\",\"@id\":\"https:\/\/gr-100.com\/pt-pt\/producto\/especializado-turbo-levo-sl-comp-alloy-2024\/\",\"url\":\"https:\/\/gr-100.com\/pt-pt\/producto\/especializado-turbo-levo-sl-comp-alloy-2024\/\",\"name\":\"Specialized Turbo Levo SL Comp Liga 2024 GR-100\",\"isPartOf\":{\"@id\":\"https:\/\/gr-100.com\/#website\"},\"primaryImageOfPage\":{\"@id\":\"https:\/\/gr-100.com\/pt-pt\/producto\/especializado-turbo-levo-sl-comp-alloy-2024\/#primaryimage\"},\"image\":{\"@id\":\"https:\/\/gr-100.com\/pt-pt\/producto\/especializado-turbo-levo-sl-comp-alloy-2024\/#primaryimage\"},\"thumbnailUrl\":\"https:\/\/gr-100.com\/wp-content\/uploads\/2024\/05\/Turbo-Levo-SL-Comp-Alloy-2024_3.jpg\",\"datePublished\":\"2024-07-01T12:57:36+00:00\",\"dateModified\":\"2025-11-26T12:15:41+00:00\",\"description\":\"Descubra a mais recente tecnologia de e-bike com a Specialized Turbo Levo SL Comp Alloy 2024, dispon\u00edvel na GR-100.\",\"breadcrumb\":{\"@id\":\"https:\/\/gr-100.com\/pt-pt\/producto\/especializado-turbo-levo-sl-comp-alloy-2024\/#breadcrumb\"},\"inLanguage\":\"pt-PT\",\"potentialAction\":[{\"@type\":\"ReadAction\",\"target\":[\"https:\/\/gr-100.com\/pt-pt\/producto\/especializado-turbo-levo-sl-comp-alloy-2024\/\"]}]},{\"@type\":\"ImageObject\",\"inLanguage\":\"pt-PT\",\"@id\":\"https:\/\/gr-100.com\/pt-pt\/producto\/especializado-turbo-levo-sl-comp-alloy-2024\/#primaryimage\",\"url\":\"https:\/\/gr-100.com\/wp-content\/uploads\/2024\/05\/Turbo-Levo-SL-Comp-Alloy-2024_3.jpg\",\"contentUrl\":\"https:\/\/gr-100.com\/wp-content\/uploads\/2024\/05\/Turbo-Levo-SL-Comp-Alloy-2024_3.jpg\",\"width\":1080,\"height\":1080},{\"@type\":\"BreadcrumbList\",\"@id\":\"https:\/\/gr-100.com\/pt-pt\/producto\/especializado-turbo-levo-sl-comp-alloy-2024\/#breadcrumb\",\"itemListElement\":[{\"@type\":\"ListItem\",\"position\":1,\"name\":\"Portada\",\"item\":\"https:\/\/gr-100.com\/en\/\"},{\"@type\":\"ListItem\",\"position\":2,\"name\":\"Productos\",\"item\":\"https:\/\/gr-100.com\/?post_type=product\"},{\"@type\":\"ListItem\",\"position\":3,\"name\":\"Specialized Turbo Levo SL Comp Liga 2024\"}]},{\"@type\":\"WebSite\",\"@id\":\"https:\/\/gr-100.com\/#website\",\"url\":\"https:\/\/gr-100.com\/\",\"name\":\"Gr-100 Tienda de ciclismo Specialized\",\"description\":\"GR-100 tenemos todas las gamas de bicicletas Specialized al mejor precio.\",\"publisher\":{\"@id\":\"https:\/\/gr-100.com\/#organization\"},\"alternateName\":\"Gr-100 Bikes\",\"potentialAction\":[{\"@type\":\"SearchAction\",\"target\":{\"@type\":\"EntryPoint\",\"urlTemplate\":\"https:\/\/gr-100.com\/?s={search_term_string}\"},\"query-input\":{\"@type\":\"PropertyValueSpecification\",\"valueRequired\":true,\"valueName\":\"search_term_string\"}}],\"inLanguage\":\"pt-PT\"},{\"@type\":\"Organization\",\"@id\":\"https:\/\/gr-100.com\/#organization\",\"name\":\"Gr-100\",\"url\":\"https:\/\/gr-100.com\/\",\"logo\":{\"@type\":\"ImageObject\",\"inLanguage\":\"pt-PT\",\"@id\":\"https:\/\/gr-100.com\/#\/schema\/logo\/image\/\",\"url\":\"https:\/\/gr-100.com\/wp-content\/uploads\/2023\/08\/logo-gr-100-bikes.png\",\"contentUrl\":\"https:\/\/gr-100.com\/wp-content\/uploads\/2023\/08\/logo-gr-100-bikes.png\",\"width\":707,\"height\":284,\"caption\":\"Gr-100\"},\"image\":{\"@id\":\"https:\/\/gr-100.com\/#\/schema\/logo\/image\/\"},\"sameAs\":[\"https:\/\/www.facebook.com\/Gr100Bikes\",\"https:\/\/www.instagram.com\/gr100bikes\/\",\"https:\/\/www.tiktok.com\/@gr100bikes\",\"https:\/\/twitter.com\/gr100mtbteam\",\"https:\/\/www.youtube.com\/c\/GR100Specialized\"]}]}<\/script>\n<!-- \/ Yoast SEO Premium plugin. -->","yoast_head_json":{"title":"Specialized Turbo Levo SL Comp Liga 2024 GR-100","description":"Descubra a mais recente tecnologia de e-bike com a Specialized Turbo Levo SL Comp Alloy 2024, dispon\u00edvel na GR-100.","robots":{"index":"index","follow":"follow","max-snippet":"max-snippet:-1","max-image-preview":"max-image-preview:large","max-video-preview":"max-video-preview:-1"},"canonical":"https:\/\/gr-100.com\/pt-pt\/producto\/especializado-turbo-levo-sl-comp-alloy-2024\/","og_locale":"pt_PT","og_type":"article","og_title":"Specialized Turbo Levo SL Comp Liga 2024","og_description":"Descubra a mais recente tecnologia de e-bike com a Specialized Turbo Levo SL Comp Alloy 2024, dispon\u00edvel na GR-100.","og_url":"https:\/\/gr-100.com\/pt-pt\/producto\/especializado-turbo-levo-sl-comp-alloy-2024\/","og_site_name":"Gr-100 Tienda de ciclismo Specialized","article_publisher":"https:\/\/www.facebook.com\/Gr100Bikes","article_modified_time":"2025-11-26T12:15:41+00:00","og_image":[{"width":1080,"height":1080,"url":"https:\/\/gr-100.com\/wp-content\/uploads\/2024\/05\/Turbo-Levo-SL-Comp-Alloy-2024_3.jpg","type":"image\/jpeg"}],"twitter_card":"summary_large_image","twitter_misc":{"Tempo estimado de leitura":"5 minutos"},"schema":{"@context":"https:\/\/schema.org","@graph":[{"@type":"WebPage","@id":"https:\/\/gr-100.com\/pt-pt\/producto\/especializado-turbo-levo-sl-comp-alloy-2024\/","url":"https:\/\/gr-100.com\/pt-pt\/producto\/especializado-turbo-levo-sl-comp-alloy-2024\/","name":"Specialized Turbo Levo SL Comp Liga 2024 GR-100","isPartOf":{"@id":"https:\/\/gr-100.com\/#website"},"primaryImageOfPage":{"@id":"https:\/\/gr-100.com\/pt-pt\/producto\/especializado-turbo-levo-sl-comp-alloy-2024\/#primaryimage"},"image":{"@id":"https:\/\/gr-100.com\/pt-pt\/producto\/especializado-turbo-levo-sl-comp-alloy-2024\/#primaryimage"},"thumbnailUrl":"https:\/\/gr-100.com\/wp-content\/uploads\/2024\/05\/Turbo-Levo-SL-Comp-Alloy-2024_3.jpg","datePublished":"2024-07-01T12:57:36+00:00","dateModified":"2025-11-26T12:15:41+00:00","description":"Descubra a mais recente tecnologia de e-bike com a Specialized Turbo Levo SL Comp Alloy 2024, dispon\u00edvel na GR-100.","breadcrumb":{"@id":"https:\/\/gr-100.com\/pt-pt\/producto\/especializado-turbo-levo-sl-comp-alloy-2024\/#breadcrumb"},"inLanguage":"pt-PT","potentialAction":[{"@type":"ReadAction","target":["https:\/\/gr-100.com\/pt-pt\/producto\/especializado-turbo-levo-sl-comp-alloy-2024\/"]}]},{"@type":"ImageObject","inLanguage":"pt-PT","@id":"https:\/\/gr-100.com\/pt-pt\/producto\/especializado-turbo-levo-sl-comp-alloy-2024\/#primaryimage","url":"https:\/\/gr-100.com\/wp-content\/uploads\/2024\/05\/Turbo-Levo-SL-Comp-Alloy-2024_3.jpg","contentUrl":"https:\/\/gr-100.com\/wp-content\/uploads\/2024\/05\/Turbo-Levo-SL-Comp-Alloy-2024_3.jpg","width":1080,"height":1080},{"@type":"BreadcrumbList","@id":"https:\/\/gr-100.com\/pt-pt\/producto\/especializado-turbo-levo-sl-comp-alloy-2024\/#breadcrumb","itemListElement":[{"@type":"ListItem","position":1,"name":"Portada","item":"https:\/\/gr-100.com\/en\/"},{"@type":"ListItem","position":2,"name":"Productos","item":"https:\/\/gr-100.com\/?post_type=product"},{"@type":"ListItem","position":3,"name":"Specialized Turbo Levo SL Comp Liga 2024"}]},{"@type":"WebSite","@id":"https:\/\/gr-100.com\/#website","url":"https:\/\/gr-100.com\/","name":"Gr-100 Tienda de ciclismo Specialized","description":"GR-100 tenemos todas las gamas de bicicletas Specialized al mejor precio.","publisher":{"@id":"https:\/\/gr-100.com\/#organization"},"alternateName":"Gr-100 Bikes","potentialAction":[{"@type":"SearchAction","target":{"@type":"EntryPoint","urlTemplate":"https:\/\/gr-100.com\/?s={search_term_string}"},"query-input":{"@type":"PropertyValueSpecification","valueRequired":true,"valueName":"search_term_string"}}],"inLanguage":"pt-PT"},{"@type":"Organization","@id":"https:\/\/gr-100.com\/#organization","name":"Gr-100","url":"https:\/\/gr-100.com\/","logo":{"@type":"ImageObject","inLanguage":"pt-PT","@id":"https:\/\/gr-100.com\/#\/schema\/logo\/image\/","url":"https:\/\/gr-100.com\/wp-content\/uploads\/2023\/08\/logo-gr-100-bikes.png","contentUrl":"https:\/\/gr-100.com\/wp-content\/uploads\/2023\/08\/logo-gr-100-bikes.png","width":707,"height":284,"caption":"Gr-100"},"image":{"@id":"https:\/\/gr-100.com\/#\/schema\/logo\/image\/"},"sameAs":["https:\/\/www.facebook.com\/Gr100Bikes","https:\/\/www.instagram.com\/gr100bikes\/","https:\/\/www.tiktok.com\/@gr100bikes","https:\/\/twitter.com\/gr100mtbteam","https:\/\/www.youtube.com\/c\/GR100Specialized"]}]}},"_links":{"self":[{"href":"https:\/\/gr-100.com\/pt-pt\/wp-json\/wp\/v2\/product\/384575","targetHints":{"allow":["GET"]}}],"collection":[{"href":"https:\/\/gr-100.com\/pt-pt\/wp-json\/wp\/v2\/product"}],"about":[{"href":"https:\/\/gr-100.com\/pt-pt\/wp-json\/wp\/v2\/types\/product"}],"replies":[{"embeddable":true,"href":"https:\/\/gr-100.com\/pt-pt\/wp-json\/wp\/v2\/comments?post=384575"}],"wp:featuredmedia":[{"embeddable":true,"href":"https:\/\/gr-100.com\/pt-pt\/wp-json\/wp\/v2\/media\/307696"}],"wp:attachment":[{"href":"https:\/\/gr-100.com\/pt-pt\/wp-json\/wp\/v2\/media?parent=384575"}],"wp:term":[{"taxonomy":"product_brand","embeddable":true,"href":"https:\/\/gr-100.com\/pt-pt\/wp-json\/wp\/v2\/product_brand?post=384575"},{"taxonomy":"product_cat","embeddable":true,"href":"https:\/\/gr-100.com\/pt-pt\/wp-json\/wp\/v2\/product_cat?post=384575"},{"taxonomy":"product_tag","embeddable":true,"href":"https:\/\/gr-100.com\/pt-pt\/wp-json\/wp\/v2\/product_tag?post=384575"}],"curies":[{"name":"wp","href":"https:\/\/api.w.org\/{rel}","templated":true}]}}