{"id":384594,"date":"2024-07-01T15:05:00","date_gmt":"2024-07-01T14:05:00","guid":{"rendered":"https:\/\/gr-100.com\/producto\/especializado-turbo-creo-2-comp-e5-2024\/"},"modified":"2025-12-18T16:45:37","modified_gmt":"2025-12-18T14:45:37","slug":"especializado-turbo-creo-2-comp-e5-2024","status":"publish","type":"product","link":"https:\/\/gr-100.com\/pt-pt\/producto\/especializado-turbo-creo-2-comp-e5-2024\/","title":{"rendered":"Specialized Turbo Creo 2 Comp E5 2024"},"content":{"rendered":"<p>https:\/\/youtu.be\/GxTOgC0JmS4 CUADRO<br \/>\nSpecialized E5 Premium Aluminum frame, front\/rear thru-axles, fully integrated down tube battery, internal cable routing, fender\/rack mounts, 12x142mm, flat-mount disc brakes<br \/>\nABRAZ.<\/p>\n<p> SELIM<br \/>\nLiga Especializada, 31,8<br \/>\nSuspens\u00e3o<br \/>\nGARFO<br \/>\nFuture Shock 3.1 c\/ Bota suave, eixo de 12x100mm, disco de montagem plana<br \/>\nCabine de pilotagem<br \/>\nGUID\u00c3O<br \/>\nSpecialized Adventure Gear Hover, queda de 103mm x alcance de 70mm x flare de 12\u00ba<br \/>\nPOT\u00caNCIA<br \/>\nFuturo Stem Comp<br \/>\nFITA FITA<br \/>\nSupacaz Suave<br \/>\nESPIG\u00c3O ASSENTO<br \/>\nCarbono, parafuso \u00fanico, 27,2 mm<br \/>\nSELIM<br \/>\nGeometria da carro\u00e7aria Power Sport, calhas de a\u00e7o<br \/>\nTrav\u00f5es<br \/>\nTRAV\u00c3O DIANTEIRO<br \/>\nSRAM Apex, Disco hidr\u00e1ulico<br \/>\nTRAV\u00c3O TRASEIRO<br \/>\nSRAM Apex, Disco hidr\u00e1ulico<br \/>\nConjunto propulsor<br \/>\nMUDAN\u00c7A<br \/>\nSRAM Apex Eagle 12 velocidades<br \/>\nCONTROLOS DE MUDAN\u00c7A DE VELOCIDADE<br \/>\nSRAM Apex 12 velocidades CASSETTE SRAM PG1210, 12 velocidades, 11-50t<\/p>\n<p>SUPORTE INFERIOR<br \/>\nSRAM Liga DUB Bra\u00e7os de manivela<br \/>\nCADEIA<br \/>\nSRAM NX Eagle, 12 velocidades<br \/>\nPRATOS<br \/>\nSRAM X-Sync Eagle, 107 a.C., 44T<br \/>\nRodas e Pneus<br \/>\nDT RODA DIANTEIRA<br \/>\nSwiss G540 aro, 24mm largura interna, tubeless ready, 24h, Specialized full sealed bearing through axle cub, centerlock disc, DT Swiss Champion 14G stainless steel spokes, DT Swiss brass nipples<br \/>\nDT roda<br \/>\ntraseira Swiss G540 aro, 24mm largura interna, tubeless ready, 24h, Specialized full sealed bearing thru eixo hub, disco de bloqueio central, raios de a\u00e7o inoxid\u00e1vel DT Swiss Champion 14G,  DT Mamilos de lat\u00e3o su\u00ed\u00e7o PNEU DIANTEIRO<br \/>\n.<br \/>\nPronto para o Pathfinder Pro 2Bliss, 700x38c<br \/>\nPNEU TRASEIRO<br \/>\nPronto para o Pathfinder Pro 2Bliss, 700x38c<br \/>\nC\u00c2MARAS<br \/>\nV\u00e1lvula Presta, 48mm<br \/>\nE-Bike<br \/>\nMOTOR<br \/>\nNovo motor Specialized SL especializado<br \/>\nUI\/REMOTO<br \/>\nSpecialized MasterMind TCU, percentagem da carga restante, 120 configura\u00e7\u00f5es de ecr\u00e3 poss\u00edveis, ajuste de assist\u00eancia MicroTune, atualiza\u00e7\u00f5es over-the-air, ANT+\/Bluetooth\u00ae, w\/Handlebar remoto<br \/>\nBATERIA<br \/>\nSL1-320 especializado, totalmente integrado, 320Wh<br \/>\nCARREGADOR<br \/>\nCarregador personalizado, Sistema 48V c\/ ficha do carregador do sistema SL<br \/>\nCOM FIOS<br \/>\nCablagem personalizada Specialized com porta de carga<br \/>\nPeso<br \/>\nDINAMO<br \/>\n15.12kg (33 lb, 5.3 oz)<br \/>\nDYNAMO<br \/>\n56<br \/>\n* Pesos baseados na produ\u00e7\u00e3o pintado quadros como retratado. Os pesos reais variam consoante a cor, o tamanho do quadro e a varia\u00e7\u00e3o dos componentes. As especifica\u00e7\u00f5es est\u00e3o sujeitas a altera\u00e7\u00f5es sem aviso pr\u00e9vio.<\/p>\n","protected":false},"excerpt":{"rendered":"<p>A Creo SL \u00e9 a e-bike mais leve da sua classe, literalmente quilogramas mais leve do que a concorr\u00eancia.<br \/>\nO quadro de liga leve e r\u00edgido E5 n\u00e3o s\u00f3 inspira a dan\u00e7a nos pedais e o mergulho nos cantos, mas tamb\u00e9m reduz o peso total do sistema e aumenta o alcance. <\/p>\n","protected":false},"featured_media":308120,"comment_status":"closed","ping_status":"closed","template":"","meta":{"_acf_changed":false,"_et_pb_use_builder":"","_et_pb_old_content":"","_et_gb_content_width":"","inline_featured_image":false},"product_brand":[],"product_cat":[2459,391,5280,5359,5273,5260],"product_tag":[],"class_list":{"0":"post-384594","1":"product","2":"type-product","3":"status-publish","4":"has-post-thumbnail","6":"product_cat-bicicletas-pt-pt-2","7":"product_cat-eletricas","8":"product_cat-bicicletas-electricas-aluminio-pt-pt","9":"product_cat-bicicletas-electricas-carretera-pt-pt","10":"product_cat-bicicletas-electricas-de-cascalho","11":"product_cat-bicicletas-electricas-specialized-pt-pt","12":"product_shipping_class-bicicletas-pt-pt","14":"first","15":"instock","16":"sale","17":"taxable","18":"shipping-taxable","19":"purchasable","20":"product-type-variable","21":"wvs-archive-product-wrapper"},"acf":[],"yoast_head":"<!-- This site is optimized with the Yoast SEO Premium plugin v26.7 (Yoast SEO v26.7) - https:\/\/yoast.com\/wordpress\/plugins\/seo\/ -->\n<title>Specialized Turbo Creo 2 Comp E5 2024 GR-100 Ofertas<\/title>\n<meta name=\"description\" content=\"Specialized Turbo Creo 2 Comp E5, a e-bike mais leve da sua classe.\" \/>\n<meta name=\"robots\" content=\"index, follow, max-snippet:-1, max-image-preview:large, max-video-preview:-1\" \/>\n<link rel=\"canonical\" href=\"https:\/\/gr-100.com\/pt-pt\/producto\/especializado-turbo-creo-2-comp-e5-2024\/\" \/>\n<meta property=\"og:locale\" content=\"pt_PT\" \/>\n<meta property=\"og:type\" content=\"article\" \/>\n<meta property=\"og:title\" content=\"Specialized Turbo Creo 2 Comp E5 2024\" \/>\n<meta property=\"og:description\" content=\"Specialized Turbo Creo 2 Comp E5, a e-bike mais leve da sua classe.\" \/>\n<meta property=\"og:url\" content=\"https:\/\/gr-100.com\/pt-pt\/producto\/especializado-turbo-creo-2-comp-e5-2024\/\" \/>\n<meta property=\"og:site_name\" content=\"Gr-100 Tienda de ciclismo Specialized\" \/>\n<meta property=\"article:publisher\" content=\"https:\/\/www.facebook.com\/Gr100Bikes\" \/>\n<meta property=\"article:modified_time\" content=\"2025-12-18T14:45:37+00:00\" \/>\n<meta property=\"og:image\" content=\"https:\/\/gr-100.com\/wp-content\/uploads\/2024\/05\/turbo-como-2-comp-e5-15.jpg\" \/>\n\t<meta property=\"og:image:width\" content=\"1000\" \/>\n\t<meta property=\"og:image:height\" content=\"1000\" \/>\n\t<meta property=\"og:image:type\" content=\"image\/jpeg\" \/>\n<meta name=\"twitter:card\" content=\"summary_large_image\" \/>\n<meta name=\"twitter:label1\" content=\"Tempo estimado de leitura\" \/>\n\t<meta name=\"twitter:data1\" content=\"2 minutos\" \/>\n<script type=\"application\/ld+json\" class=\"yoast-schema-graph\">{\"@context\":\"https:\/\/schema.org\",\"@graph\":[{\"@type\":\"WebPage\",\"@id\":\"https:\/\/gr-100.com\/pt-pt\/producto\/especializado-turbo-creo-2-comp-e5-2024\/\",\"url\":\"https:\/\/gr-100.com\/pt-pt\/producto\/especializado-turbo-creo-2-comp-e5-2024\/\",\"name\":\"Specialized Turbo Creo 2 Comp E5 2024 GR-100 Ofertas\",\"isPartOf\":{\"@id\":\"https:\/\/gr-100.com\/#website\"},\"primaryImageOfPage\":{\"@id\":\"https:\/\/gr-100.com\/pt-pt\/producto\/especializado-turbo-creo-2-comp-e5-2024\/#primaryimage\"},\"image\":{\"@id\":\"https:\/\/gr-100.com\/pt-pt\/producto\/especializado-turbo-creo-2-comp-e5-2024\/#primaryimage\"},\"thumbnailUrl\":\"https:\/\/gr-100.com\/wp-content\/uploads\/2024\/05\/turbo-como-2-comp-e5-15.jpg\",\"datePublished\":\"2024-07-01T14:05:00+00:00\",\"dateModified\":\"2025-12-18T14:45:37+00:00\",\"description\":\"Specialized Turbo Creo 2 Comp E5, a e-bike mais leve da sua classe.\",\"breadcrumb\":{\"@id\":\"https:\/\/gr-100.com\/pt-pt\/producto\/especializado-turbo-creo-2-comp-e5-2024\/#breadcrumb\"},\"inLanguage\":\"pt-PT\",\"potentialAction\":[{\"@type\":\"ReadAction\",\"target\":[\"https:\/\/gr-100.com\/pt-pt\/producto\/especializado-turbo-creo-2-comp-e5-2024\/\"]}]},{\"@type\":\"ImageObject\",\"inLanguage\":\"pt-PT\",\"@id\":\"https:\/\/gr-100.com\/pt-pt\/producto\/especializado-turbo-creo-2-comp-e5-2024\/#primaryimage\",\"url\":\"https:\/\/gr-100.com\/wp-content\/uploads\/2024\/05\/turbo-como-2-comp-e5-15.jpg\",\"contentUrl\":\"https:\/\/gr-100.com\/wp-content\/uploads\/2024\/05\/turbo-como-2-comp-e5-15.jpg\",\"width\":1000,\"height\":1000},{\"@type\":\"BreadcrumbList\",\"@id\":\"https:\/\/gr-100.com\/pt-pt\/producto\/especializado-turbo-creo-2-comp-e5-2024\/#breadcrumb\",\"itemListElement\":[{\"@type\":\"ListItem\",\"position\":1,\"name\":\"Portada\",\"item\":\"https:\/\/gr-100.com\/en\/\"},{\"@type\":\"ListItem\",\"position\":2,\"name\":\"Productos\",\"item\":\"https:\/\/gr-100.com\/?post_type=product\"},{\"@type\":\"ListItem\",\"position\":3,\"name\":\"Specialized Turbo Creo 2 Comp E5 2024\"}]},{\"@type\":\"WebSite\",\"@id\":\"https:\/\/gr-100.com\/#website\",\"url\":\"https:\/\/gr-100.com\/\",\"name\":\"Gr-100 Tienda de ciclismo Specialized\",\"description\":\"GR-100 tenemos todas las gamas de bicicletas Specialized al mejor precio.\",\"publisher\":{\"@id\":\"https:\/\/gr-100.com\/#organization\"},\"alternateName\":\"Gr-100 Bikes\",\"potentialAction\":[{\"@type\":\"SearchAction\",\"target\":{\"@type\":\"EntryPoint\",\"urlTemplate\":\"https:\/\/gr-100.com\/?s={search_term_string}\"},\"query-input\":{\"@type\":\"PropertyValueSpecification\",\"valueRequired\":true,\"valueName\":\"search_term_string\"}}],\"inLanguage\":\"pt-PT\"},{\"@type\":\"Organization\",\"@id\":\"https:\/\/gr-100.com\/#organization\",\"name\":\"Gr-100\",\"url\":\"https:\/\/gr-100.com\/\",\"logo\":{\"@type\":\"ImageObject\",\"inLanguage\":\"pt-PT\",\"@id\":\"https:\/\/gr-100.com\/#\/schema\/logo\/image\/\",\"url\":\"https:\/\/gr-100.com\/wp-content\/uploads\/2023\/08\/logo-gr-100-bikes.png\",\"contentUrl\":\"https:\/\/gr-100.com\/wp-content\/uploads\/2023\/08\/logo-gr-100-bikes.png\",\"width\":707,\"height\":284,\"caption\":\"Gr-100\"},\"image\":{\"@id\":\"https:\/\/gr-100.com\/#\/schema\/logo\/image\/\"},\"sameAs\":[\"https:\/\/www.facebook.com\/Gr100Bikes\",\"https:\/\/www.instagram.com\/gr100bikes\/\",\"https:\/\/www.tiktok.com\/@gr100bikes\",\"https:\/\/twitter.com\/gr100mtbteam\",\"https:\/\/www.youtube.com\/c\/GR100Specialized\"]}]}<\/script>\n<!-- \/ Yoast SEO Premium plugin. -->","yoast_head_json":{"title":"Specialized Turbo Creo 2 Comp E5 2024 GR-100 Ofertas","description":"Specialized Turbo Creo 2 Comp E5, a e-bike mais leve da sua classe.","robots":{"index":"index","follow":"follow","max-snippet":"max-snippet:-1","max-image-preview":"max-image-preview:large","max-video-preview":"max-video-preview:-1"},"canonical":"https:\/\/gr-100.com\/pt-pt\/producto\/especializado-turbo-creo-2-comp-e5-2024\/","og_locale":"pt_PT","og_type":"article","og_title":"Specialized Turbo Creo 2 Comp E5 2024","og_description":"Specialized Turbo Creo 2 Comp E5, a e-bike mais leve da sua classe.","og_url":"https:\/\/gr-100.com\/pt-pt\/producto\/especializado-turbo-creo-2-comp-e5-2024\/","og_site_name":"Gr-100 Tienda de ciclismo Specialized","article_publisher":"https:\/\/www.facebook.com\/Gr100Bikes","article_modified_time":"2025-12-18T14:45:37+00:00","og_image":[{"width":1000,"height":1000,"url":"https:\/\/gr-100.com\/wp-content\/uploads\/2024\/05\/turbo-como-2-comp-e5-15.jpg","type":"image\/jpeg"}],"twitter_card":"summary_large_image","twitter_misc":{"Tempo estimado de leitura":"2 minutos"},"schema":{"@context":"https:\/\/schema.org","@graph":[{"@type":"WebPage","@id":"https:\/\/gr-100.com\/pt-pt\/producto\/especializado-turbo-creo-2-comp-e5-2024\/","url":"https:\/\/gr-100.com\/pt-pt\/producto\/especializado-turbo-creo-2-comp-e5-2024\/","name":"Specialized Turbo Creo 2 Comp E5 2024 GR-100 Ofertas","isPartOf":{"@id":"https:\/\/gr-100.com\/#website"},"primaryImageOfPage":{"@id":"https:\/\/gr-100.com\/pt-pt\/producto\/especializado-turbo-creo-2-comp-e5-2024\/#primaryimage"},"image":{"@id":"https:\/\/gr-100.com\/pt-pt\/producto\/especializado-turbo-creo-2-comp-e5-2024\/#primaryimage"},"thumbnailUrl":"https:\/\/gr-100.com\/wp-content\/uploads\/2024\/05\/turbo-como-2-comp-e5-15.jpg","datePublished":"2024-07-01T14:05:00+00:00","dateModified":"2025-12-18T14:45:37+00:00","description":"Specialized Turbo Creo 2 Comp E5, a e-bike mais leve da sua classe.","breadcrumb":{"@id":"https:\/\/gr-100.com\/pt-pt\/producto\/especializado-turbo-creo-2-comp-e5-2024\/#breadcrumb"},"inLanguage":"pt-PT","potentialAction":[{"@type":"ReadAction","target":["https:\/\/gr-100.com\/pt-pt\/producto\/especializado-turbo-creo-2-comp-e5-2024\/"]}]},{"@type":"ImageObject","inLanguage":"pt-PT","@id":"https:\/\/gr-100.com\/pt-pt\/producto\/especializado-turbo-creo-2-comp-e5-2024\/#primaryimage","url":"https:\/\/gr-100.com\/wp-content\/uploads\/2024\/05\/turbo-como-2-comp-e5-15.jpg","contentUrl":"https:\/\/gr-100.com\/wp-content\/uploads\/2024\/05\/turbo-como-2-comp-e5-15.jpg","width":1000,"height":1000},{"@type":"BreadcrumbList","@id":"https:\/\/gr-100.com\/pt-pt\/producto\/especializado-turbo-creo-2-comp-e5-2024\/#breadcrumb","itemListElement":[{"@type":"ListItem","position":1,"name":"Portada","item":"https:\/\/gr-100.com\/en\/"},{"@type":"ListItem","position":2,"name":"Productos","item":"https:\/\/gr-100.com\/?post_type=product"},{"@type":"ListItem","position":3,"name":"Specialized Turbo Creo 2 Comp E5 2024"}]},{"@type":"WebSite","@id":"https:\/\/gr-100.com\/#website","url":"https:\/\/gr-100.com\/","name":"Gr-100 Tienda de ciclismo Specialized","description":"GR-100 tenemos todas las gamas de bicicletas Specialized al mejor precio.","publisher":{"@id":"https:\/\/gr-100.com\/#organization"},"alternateName":"Gr-100 Bikes","potentialAction":[{"@type":"SearchAction","target":{"@type":"EntryPoint","urlTemplate":"https:\/\/gr-100.com\/?s={search_term_string}"},"query-input":{"@type":"PropertyValueSpecification","valueRequired":true,"valueName":"search_term_string"}}],"inLanguage":"pt-PT"},{"@type":"Organization","@id":"https:\/\/gr-100.com\/#organization","name":"Gr-100","url":"https:\/\/gr-100.com\/","logo":{"@type":"ImageObject","inLanguage":"pt-PT","@id":"https:\/\/gr-100.com\/#\/schema\/logo\/image\/","url":"https:\/\/gr-100.com\/wp-content\/uploads\/2023\/08\/logo-gr-100-bikes.png","contentUrl":"https:\/\/gr-100.com\/wp-content\/uploads\/2023\/08\/logo-gr-100-bikes.png","width":707,"height":284,"caption":"Gr-100"},"image":{"@id":"https:\/\/gr-100.com\/#\/schema\/logo\/image\/"},"sameAs":["https:\/\/www.facebook.com\/Gr100Bikes","https:\/\/www.instagram.com\/gr100bikes\/","https:\/\/www.tiktok.com\/@gr100bikes","https:\/\/twitter.com\/gr100mtbteam","https:\/\/www.youtube.com\/c\/GR100Specialized"]}]}},"_links":{"self":[{"href":"https:\/\/gr-100.com\/pt-pt\/wp-json\/wp\/v2\/product\/384594","targetHints":{"allow":["GET"]}}],"collection":[{"href":"https:\/\/gr-100.com\/pt-pt\/wp-json\/wp\/v2\/product"}],"about":[{"href":"https:\/\/gr-100.com\/pt-pt\/wp-json\/wp\/v2\/types\/product"}],"replies":[{"embeddable":true,"href":"https:\/\/gr-100.com\/pt-pt\/wp-json\/wp\/v2\/comments?post=384594"}],"wp:featuredmedia":[{"embeddable":true,"href":"https:\/\/gr-100.com\/pt-pt\/wp-json\/wp\/v2\/media\/308120"}],"wp:attachment":[{"href":"https:\/\/gr-100.com\/pt-pt\/wp-json\/wp\/v2\/media?parent=384594"}],"wp:term":[{"taxonomy":"product_brand","embeddable":true,"href":"https:\/\/gr-100.com\/pt-pt\/wp-json\/wp\/v2\/product_brand?post=384594"},{"taxonomy":"product_cat","embeddable":true,"href":"https:\/\/gr-100.com\/pt-pt\/wp-json\/wp\/v2\/product_cat?post=384594"},{"taxonomy":"product_tag","embeddable":true,"href":"https:\/\/gr-100.com\/pt-pt\/wp-json\/wp\/v2\/product_tag?post=384594"}],"curies":[{"name":"wp","href":"https:\/\/api.w.org\/{rel}","templated":true}]}}