{"id":384626,"date":"2024-07-01T14:55:31","date_gmt":"2024-07-01T12:55:31","guid":{"rendered":"https:\/\/gr-100.com\/producto\/especializado-turbo-tero-4-0-step-through-eq-2023\/"},"modified":"2025-11-27T10:59:36","modified_gmt":"2025-11-27T08:59:36","slug":"especializado-turbo-tero-4-0-step-through-eq-2023","status":"publish","type":"product","link":"https:\/\/gr-100.com\/pt-pt\/producto\/especializado-turbo-tero-4-0-step-through-eq-2023\/","title":{"rendered":"Specialized Turbo Tero 4.0 Passo a passo EQ 2023"},"content":{"rendered":"<div class=\"SpecContainer__Container-eipXEp fMYOwB\">\n<div class=\"SpecContainer__SpecNameContainer-dBIpGL haLRUu\">\n<ul>\n<li class=\"TypographyTheme__StyledH4-EGIPx SpecContainer__SpecName-ldAXRg fTXHVY gIZWvC\">PODEROSO: \u00c9 voc\u00ea, s\u00f3 que mais r\u00e1pido.<br \/>\nO sistema Turbo Full Power deteta a for\u00e7a que aplica aos pedais e amplifica o seu esfor\u00e7o at\u00e9 quatro vezes para uma experi\u00eancia que torna a subida de qualquer colina ou chegar a qualquer destino muito f\u00e1cil.<br \/>\nLiteralmente.  <\/li>\n<li class=\"TypographyTheme__StyledH4-EGIPx SpecContainer__SpecName-ldAXRg fTXHVY gIZWvC\">CONFORTO e CONFIAN\u00c7A: Tanto a posi\u00e7\u00e3o da carro\u00e7aria como o manuseamento s\u00e3o otimizados para proporcionar tudo o que o condutor precisa: conforto, confian\u00e7a e controlo.<br \/>\nControle a sua velocidade com trav\u00f5es de disco hidr\u00e1ulicos e mantenha o controlo com pneus maiores que oferecem mais tra\u00e7\u00e3o para virar e travar em qualquer terreno. <\/li>\n<li class=\"TypographyTheme__StyledH4-EGIPx SpecContainer__SpecName-ldAXRg fTXHVY gIZWvC\">TURBO: O cora\u00e7\u00e3o do Tero \u00e9 a sua tecnologia Turbo.<br \/>\nO sistema avan\u00e7ado e integrado da moto el\u00e9trica oferece uma combina\u00e7\u00e3o incompar\u00e1vel de pot\u00eancia, sensa\u00e7\u00e3o natural, recursos antirroubo, dicas de treinamento, um computador de bicicleta completo e muito mais. <\/li>\n<li class=\"TypographyTheme__StyledH4-EGIPx SpecContainer__SpecName-ldAXRg fTXHVY gIZWvC\">LONGA DIST\u00c2NCIA: Com um alcance para ir a qualquer lugar, viaje at\u00e9 150 km com uma \u00fanica carga.<\/li>\n<li class=\"TypographyTheme__StyledH4-EGIPx SpecContainer__SpecName-ldAXRg fTXHVY gIZWvC\">COFRE: Tero tem um bloqueio antirroubo na fechadura.<br \/>\nImpe\u00e7a poss\u00edveis ladr\u00f5es de bicicletas desativando o motor com o toque de um bot\u00e3o para que ningu\u00e9m possa lig\u00e1-lo novamente sem o seu pino personalizado.<br \/>\nPara prote\u00e7\u00e3o extra, bloqueie a bateria da bicicleta ou leve-a consigo para evitar ladr\u00f5es de bicicletas.  <\/li>\n<li class=\"TypographyTheme__StyledH4-EGIPx SpecContainer__SpecName-ldAXRg fTXHVY gIZWvC\">SIL\u00caNCIO: O motor Full Power Turbo proporciona uma amplifica\u00e7\u00e3o suave e ininterrupta para uma condu\u00e7\u00e3o silenciosa em qualquer terreno. <strong>Melhoria ao longo do tempo:<\/strong> Porque a nossa tecnologia nunca para de melhorar, a sua experi\u00eancia de condu\u00e7\u00e3o tamb\u00e9m n\u00e3o. Com novas funcionalidades, apresenta\u00e7\u00f5es e atualiza\u00e7\u00f5es de firmware no ar, leve a sua experi\u00eancia de condu\u00e7\u00e3o para o pr\u00f3ximo n\u00edvel sempre que uma atualiza\u00e7\u00e3o estiver dispon\u00edvel. <strong>Motor Turbo Full Power 2.0 e bateria de 710Wh<\/strong> &#8211; Integrados na estrutura de alum\u00ednio do Tero 4.0, eles efetivamente quadruplicam sua pr\u00f3pria pot\u00eancia, fornecendo muitos watts para facilitar o trabalho em subidas mais \u00edngremes e fornecendo m\u00fasculo extra suficiente para permitir que voc\u00ea carregue equipamentos de aventura, comida,  Crian\u00e7as e sonhos sem suar. \u00c9 voc\u00ea, mas mais r\u00e1pido. Mas o que realmente diferencia este motor dos restantes \u00e9 a efici\u00eancia e fluidez com que se mistura com os seus pr\u00f3prios esfor\u00e7os. <strong>Mission Control e MasterMind<\/strong>&#8211; Mission Control permite que voc\u00ea adapte os n\u00edveis de poder do Tero \u00e0s suas prefer\u00eancias. Os tr\u00eas n\u00edveis de pot\u00eancia padr\u00e3o podem ser ajustados quase infinitamente para atender \u00e0s suas necessidades de pot\u00eancia e alcance. O recurso MicroTune da MasterMind pode ajustar os n\u00edveis de energia em incrementos de 10%. <strong>DNA de montanha<\/strong> &#8211; Os componentes do Tero s\u00e3o projetados para melhorar o controle e a confian\u00e7a. Os agressivos e suaves pneus Ground Control de 29 x 2,3&#8243; oferecem uma excelente tra\u00e7\u00e3o em qualquer situa\u00e7\u00e3o, os trav\u00f5es de disco SRAM proporcionam uma grande capacidade de travagem, os 110 mm de curso da suspens\u00e3o dianteira suavizam os trilhos e o poste conta-gotas est\u00e1 l\u00e1 para o baixar em situa\u00e7\u00f5es t\u00e9cnicas quando se conduz fora de estrada. <strong>Bloqueio do sistema Turbo<\/strong> &#8211; Use o aplicativo Mission Control para desativar o motor e ativar o alarme de movimento. Uma vez que o motor est\u00e1 bloqueado, apenas o propriet\u00e1rio pode desbloque\u00e1-lo.<br \/>\nEquipado com para-lamas DRYTECH, LED frontal, luz traseira e rack com capacidade para 27 kg. Preparado e aprovado para cadeiras de crian\u00e7a e para o transporte de um reboque de eixo traseiro. <strong>Longo alcance<\/strong> &#8211; Com um alcance de viagem em qualquer lugar, v\u00e1 at\u00e9 86 milhas (140 km) ou 6,5 horas com uma \u00fanica carga (modo ecol\u00f3gico).<\/p>\n<\/li>\n<li>Carregador<br \/>\n personalizado, 42V4A c\/ ficha Rosenberger, 100-240V<\/li>\n<li>CABLAGEM<br \/>\nChicote de arame personalizado<\/li>\n<li>UI \/ REMOTE<br \/>\nMasterMind TCD, w \/ guid\u00e3o remoto, built-in recurso antirroubo, conectividade Bluetooth\u00ae, p\u00e1ginas de exibi\u00e7\u00e3o personaliz\u00e1veis<\/li>\n<li>Specialized<br \/>\n, torque de 70Nm, motor ajustado personalizado, classifica\u00e7\u00e3o de 250W<\/li>\n<li>Specialized<br \/>\n especializada U2-710, inv\u00f3lucro de liga, display de estado de carga, 710Wh<\/li>\n<li>PLACAS PRAXIS,<br \/>\n 40T, 104BCD<\/li>\n<li>Manivelas forjadas de liga personalizada Suporte<br \/>\n INFERIOR<\/li>\n<li>Protetor de corrente de cobertura de corrente<br \/>\npersonalizado<\/li>\n<li>KMC e11S CHAIN<br \/>\n, 11 velocidades c\/ Missing Link\u2122<\/li>\n<li>SRAM NX derailleur<br \/>\nSRAM traseiro de 11 velocidades<\/li>\n<li>SRAM MUDAN\u00c7A<br \/>\n SRAM NX, 11 velocidades<\/li>\n<li>SRAM PG-1130 CASSETTE,<br \/>\n 11 velocidades, 11-42tSRAM<\/li>\n<li>ABRA\u00c7O. Liga SADDLE,<br \/>\n tipo parafuso, 34,9 mm<\/li>\n<li>E5 FRAME<br \/>\nAlum\u00ednio, suporte inferior do motor, bateria downtube totalmente integrada e bloque\u00e1vel, roteamento de cabos internos, bloqueio e montagem em rack frontal<\/li>\n<li>CUBO TRASEIRO<br \/>\nSpecialized , rolamentos de cordilheira selados, 6 parafusos, eixo thru de 12x148mm, 32h<\/li>\n<li>DT Ind\u00fastria Su\u00ed\u00e7a R\u00c1DIOS\n<\/li>\n<li>Pneu traseiro de<br \/>\ncontrolo de terra, 2Bliss Ready, 29&#215;2.35&#8243;<\/li>\n<li>PNEU.<br \/>\nControlo \u00e0 terra, 2Bliss Ready, 29&#215;2.35&#8243;<\/li>\n<li>Presta CAMERAS,<br \/>\n v\u00e1lvula de 48mm<\/li>\n<li>CUBO DIANTEIRO<br \/>\n Disco de cubo dianteiroSpecialized rolamentos de mingau selados, 6 parafusos, eixo thru de 15x110mm, 32h<\/li>\n<li>Stout XC 29 RIMS,<br \/>\n largura interna de 25mm, espec\u00edfico do disco<\/li>\n<li>Punhos de contorno de geometria Specialized<br \/>\n, lock-on<\/li>\n<li>Rivo<br \/>\nSport SADDLE, calhas de a\u00e7o, 155mm<\/li>\n<li>STEM<br \/>\nSpecialized Stealth Stem, liga, 14 graus, 31,8 mm, montagem TCD integrada<\/li>\n<li>Specialized<br \/>\n Specialized Trail, liga 6061, backsweep de 8 graus, upsweep de 6 graus, eleva\u00e7\u00e3o de 27mm, bra\u00e7adeira de 31,8mm, S 720mm, M-XL 750mm<\/li>\n<li>Poste de assento<br \/>\n conta-gotas TranzX, 30.9mm, S: 100mm, M-XL: 120mm<\/li>\n<li>Lezyne EBIKE MINI STVZO E65 LUZ FRONTAL,<br \/>\n 210 Lumen, 12V<\/li>\n<li>\nSino simples<\/li>\n<li>Spanninga Commuter Glow XE LUZ TRASEIRA,<br \/>\n 12V<\/li>\n<li>PEDALES<br \/>\nSpecialized<\/li>\n<li>Specialized<br \/>\n, 65mm de largura, para-lamas de liga leve<\/li>\n<li>SWAT<br \/>\nSpecialized Stealth Stem, Display Insert<\/li>\n<li>KICKSTAND Kickstand<br \/>\nSpecialized , montagem de 40mm<\/li>\n<li>Rack<br \/>\n Specialized, MIK HD inteface, suportes pannier embutidos, carga m\u00e1xima de 27 kg<\/li>\n<li>Bloqueio do sistema turbo PADLOCK\n<\/li>\n<li>Rockshox Recon Silver TK FORK,<br \/>\n 110mm de curso, Motion-Control<\/li>\n<li>SRAM TRASEIRA<br \/>\n GUIA T, pin\u00e7a de 4 pist\u00f5es, disco hidr\u00e1ulico, 180mm<\/li>\n<li>SRAM DIANTEIRO<br \/>\n GUIA T, pin\u00e7a de 4 pist\u00f5es, disco hidr\u00e1ulico, 200mm<\/li>\n<li>PESO<br \/>\n21,6 kg (47 lb, 9,9 oz)<br \/>\nTamanho Peso<br \/>\nM* Pesos com base na produ\u00e7\u00e3o pintado quadros como retratado. Os pesos reais variam consoante a cor, o tamanho do quadro e a varia\u00e7\u00e3o dos componentes. As especifica\u00e7\u00f5es est\u00e3o sujeitas a altera\u00e7\u00f5es sem aviso pr\u00e9vio.<\/li>\n<\/ul>\n<\/div>\n<\/div>\n","protected":false},"excerpt":{"rendered":"<p>Com uma gama que lhe permite ir a qualquer lugar, esta moto el\u00e9trica de suspens\u00e3o pronta para a aventura \u00e9 a nossa go-anywhere, terrain-goer-go-to-ride.<br \/>\nAl\u00e9m disso, com armazenamento de bagagem suficiente, voc\u00ea descobrir\u00e1 novas aventuras mais facilmente do que nunca.<br \/>\nA \u00fanica pergunta que resta fazer \u00e9 onde?  <\/p>\n","protected":false},"featured_media":307535,"comment_status":"closed","ping_status":"closed","template":"","meta":{"_acf_changed":false,"_et_pb_use_builder":"","_et_pb_old_content":"","_et_gb_content_width":"","inline_featured_image":false},"product_brand":[],"product_cat":[2459,391,2460,3255,2696],"product_tag":[],"class_list":{"0":"post-384626","1":"product","2":"type-product","3":"status-publish","4":"has-post-thumbnail","6":"product_cat-bicicletas-pt-pt-2","7":"product_cat-eletricas","8":"product_cat-ofertas-pt-pt","9":"product_cat-oferta-eletrica","10":"product_cat-ofertas-especializadas","11":"product_shipping_class-bicicletas-pt-pt","13":"first","14":"outofstock","15":"taxable","16":"shipping-taxable","17":"product-type-variable","18":"wvs-archive-product-wrapper"},"acf":[],"yoast_head":"<!-- This site is optimized with the Yoast SEO Premium plugin v26.7 (Yoast SEO v26.7) - https:\/\/yoast.com\/wordpress\/plugins\/seo\/ -->\n<title>Specialized Turbo Tero 4.0 Passo a passo EQ 2023 GR-100<\/title>\n<meta name=\"description\" content=\"Em oferta: com uma gama que lhe permite ir a qualquer lugar e em qualquer terreno. Motor Turbo 2.0 de pot\u00eancia total e bateria de 710 Wh.\" \/>\n<meta name=\"robots\" content=\"index, follow, max-snippet:-1, max-image-preview:large, max-video-preview:-1\" \/>\n<link rel=\"canonical\" href=\"https:\/\/gr-100.com\/pt-pt\/producto\/especializado-turbo-tero-4-0-step-through-eq-2023\/\" \/>\n<meta property=\"og:locale\" content=\"pt_PT\" \/>\n<meta property=\"og:type\" content=\"article\" \/>\n<meta property=\"og:title\" content=\"Specialized Turbo Tero 4.0 Passo a passo EQ 2023\" \/>\n<meta property=\"og:description\" content=\"Em oferta: com uma gama que lhe permite ir a qualquer lugar e em qualquer terreno. Motor Turbo 2.0 de pot\u00eancia total e bateria de 710 Wh.\" \/>\n<meta property=\"og:url\" content=\"https:\/\/gr-100.com\/pt-pt\/producto\/especializado-turbo-tero-4-0-step-through-eq-2023\/\" \/>\n<meta property=\"og:site_name\" content=\"Gr-100 Tienda de ciclismo Specialized\" \/>\n<meta property=\"article:publisher\" content=\"https:\/\/www.facebook.com\/Gr100Bikes\" \/>\n<meta property=\"article:modified_time\" content=\"2025-11-27T08:59:36+00:00\" \/>\n<meta property=\"og:image\" content=\"https:\/\/gr-100.com\/wp-content\/uploads\/2024\/05\/Turbo-Tero-4.0-Step-Through-EQ2.jpg\" \/>\n\t<meta property=\"og:image:width\" content=\"1080\" \/>\n\t<meta property=\"og:image:height\" content=\"1080\" \/>\n\t<meta property=\"og:image:type\" content=\"image\/jpeg\" \/>\n<meta name=\"twitter:card\" content=\"summary_large_image\" \/>\n<meta name=\"twitter:label1\" content=\"Tempo estimado de leitura\" \/>\n\t<meta name=\"twitter:data1\" content=\"5 minutos\" \/>\n<script type=\"application\/ld+json\" class=\"yoast-schema-graph\">{\"@context\":\"https:\/\/schema.org\",\"@graph\":[{\"@type\":\"WebPage\",\"@id\":\"https:\/\/gr-100.com\/pt-pt\/producto\/especializado-turbo-tero-4-0-step-through-eq-2023\/\",\"url\":\"https:\/\/gr-100.com\/pt-pt\/producto\/especializado-turbo-tero-4-0-step-through-eq-2023\/\",\"name\":\"Specialized Turbo Tero 4.0 Passo a passo EQ 2023 GR-100\",\"isPartOf\":{\"@id\":\"https:\/\/gr-100.com\/#website\"},\"primaryImageOfPage\":{\"@id\":\"https:\/\/gr-100.com\/pt-pt\/producto\/especializado-turbo-tero-4-0-step-through-eq-2023\/#primaryimage\"},\"image\":{\"@id\":\"https:\/\/gr-100.com\/pt-pt\/producto\/especializado-turbo-tero-4-0-step-through-eq-2023\/#primaryimage\"},\"thumbnailUrl\":\"https:\/\/gr-100.com\/wp-content\/uploads\/2024\/05\/Turbo-Tero-4.0-Step-Through-EQ2.jpg\",\"datePublished\":\"2024-07-01T12:55:31+00:00\",\"dateModified\":\"2025-11-27T08:59:36+00:00\",\"description\":\"Em oferta: com uma gama que lhe permite ir a qualquer lugar e em qualquer terreno. Motor Turbo 2.0 de pot\u00eancia total e bateria de 710 Wh.\",\"breadcrumb\":{\"@id\":\"https:\/\/gr-100.com\/pt-pt\/producto\/especializado-turbo-tero-4-0-step-through-eq-2023\/#breadcrumb\"},\"inLanguage\":\"pt-PT\",\"potentialAction\":[{\"@type\":\"ReadAction\",\"target\":[\"https:\/\/gr-100.com\/pt-pt\/producto\/especializado-turbo-tero-4-0-step-through-eq-2023\/\"]}]},{\"@type\":\"ImageObject\",\"inLanguage\":\"pt-PT\",\"@id\":\"https:\/\/gr-100.com\/pt-pt\/producto\/especializado-turbo-tero-4-0-step-through-eq-2023\/#primaryimage\",\"url\":\"https:\/\/gr-100.com\/wp-content\/uploads\/2024\/05\/Turbo-Tero-4.0-Step-Through-EQ2.jpg\",\"contentUrl\":\"https:\/\/gr-100.com\/wp-content\/uploads\/2024\/05\/Turbo-Tero-4.0-Step-Through-EQ2.jpg\",\"width\":1080,\"height\":1080},{\"@type\":\"BreadcrumbList\",\"@id\":\"https:\/\/gr-100.com\/pt-pt\/producto\/especializado-turbo-tero-4-0-step-through-eq-2023\/#breadcrumb\",\"itemListElement\":[{\"@type\":\"ListItem\",\"position\":1,\"name\":\"Portada\",\"item\":\"https:\/\/gr-100.com\/en\/\"},{\"@type\":\"ListItem\",\"position\":2,\"name\":\"Productos\",\"item\":\"https:\/\/gr-100.com\/?post_type=product\"},{\"@type\":\"ListItem\",\"position\":3,\"name\":\"Specialized Turbo Tero 4.0 Passo a passo EQ 2023\"}]},{\"@type\":\"WebSite\",\"@id\":\"https:\/\/gr-100.com\/#website\",\"url\":\"https:\/\/gr-100.com\/\",\"name\":\"Gr-100 Tienda de ciclismo Specialized\",\"description\":\"GR-100 tenemos todas las gamas de bicicletas Specialized al mejor precio.\",\"publisher\":{\"@id\":\"https:\/\/gr-100.com\/#organization\"},\"alternateName\":\"Gr-100 Bikes\",\"potentialAction\":[{\"@type\":\"SearchAction\",\"target\":{\"@type\":\"EntryPoint\",\"urlTemplate\":\"https:\/\/gr-100.com\/?s={search_term_string}\"},\"query-input\":{\"@type\":\"PropertyValueSpecification\",\"valueRequired\":true,\"valueName\":\"search_term_string\"}}],\"inLanguage\":\"pt-PT\"},{\"@type\":\"Organization\",\"@id\":\"https:\/\/gr-100.com\/#organization\",\"name\":\"Gr-100\",\"url\":\"https:\/\/gr-100.com\/\",\"logo\":{\"@type\":\"ImageObject\",\"inLanguage\":\"pt-PT\",\"@id\":\"https:\/\/gr-100.com\/#\/schema\/logo\/image\/\",\"url\":\"https:\/\/gr-100.com\/wp-content\/uploads\/2023\/08\/logo-gr-100-bikes.png\",\"contentUrl\":\"https:\/\/gr-100.com\/wp-content\/uploads\/2023\/08\/logo-gr-100-bikes.png\",\"width\":707,\"height\":284,\"caption\":\"Gr-100\"},\"image\":{\"@id\":\"https:\/\/gr-100.com\/#\/schema\/logo\/image\/\"},\"sameAs\":[\"https:\/\/www.facebook.com\/Gr100Bikes\",\"https:\/\/www.instagram.com\/gr100bikes\/\",\"https:\/\/www.tiktok.com\/@gr100bikes\",\"https:\/\/twitter.com\/gr100mtbteam\",\"https:\/\/www.youtube.com\/c\/GR100Specialized\"]}]}<\/script>\n<!-- \/ Yoast SEO Premium plugin. -->","yoast_head_json":{"title":"Specialized Turbo Tero 4.0 Passo a passo EQ 2023 GR-100","description":"Em oferta: com uma gama que lhe permite ir a qualquer lugar e em qualquer terreno. Motor Turbo 2.0 de pot\u00eancia total e bateria de 710 Wh.","robots":{"index":"index","follow":"follow","max-snippet":"max-snippet:-1","max-image-preview":"max-image-preview:large","max-video-preview":"max-video-preview:-1"},"canonical":"https:\/\/gr-100.com\/pt-pt\/producto\/especializado-turbo-tero-4-0-step-through-eq-2023\/","og_locale":"pt_PT","og_type":"article","og_title":"Specialized Turbo Tero 4.0 Passo a passo EQ 2023","og_description":"Em oferta: com uma gama que lhe permite ir a qualquer lugar e em qualquer terreno. Motor Turbo 2.0 de pot\u00eancia total e bateria de 710 Wh.","og_url":"https:\/\/gr-100.com\/pt-pt\/producto\/especializado-turbo-tero-4-0-step-through-eq-2023\/","og_site_name":"Gr-100 Tienda de ciclismo Specialized","article_publisher":"https:\/\/www.facebook.com\/Gr100Bikes","article_modified_time":"2025-11-27T08:59:36+00:00","og_image":[{"width":1080,"height":1080,"url":"https:\/\/gr-100.com\/wp-content\/uploads\/2024\/05\/Turbo-Tero-4.0-Step-Through-EQ2.jpg","type":"image\/jpeg"}],"twitter_card":"summary_large_image","twitter_misc":{"Tempo estimado de leitura":"5 minutos"},"schema":{"@context":"https:\/\/schema.org","@graph":[{"@type":"WebPage","@id":"https:\/\/gr-100.com\/pt-pt\/producto\/especializado-turbo-tero-4-0-step-through-eq-2023\/","url":"https:\/\/gr-100.com\/pt-pt\/producto\/especializado-turbo-tero-4-0-step-through-eq-2023\/","name":"Specialized Turbo Tero 4.0 Passo a passo EQ 2023 GR-100","isPartOf":{"@id":"https:\/\/gr-100.com\/#website"},"primaryImageOfPage":{"@id":"https:\/\/gr-100.com\/pt-pt\/producto\/especializado-turbo-tero-4-0-step-through-eq-2023\/#primaryimage"},"image":{"@id":"https:\/\/gr-100.com\/pt-pt\/producto\/especializado-turbo-tero-4-0-step-through-eq-2023\/#primaryimage"},"thumbnailUrl":"https:\/\/gr-100.com\/wp-content\/uploads\/2024\/05\/Turbo-Tero-4.0-Step-Through-EQ2.jpg","datePublished":"2024-07-01T12:55:31+00:00","dateModified":"2025-11-27T08:59:36+00:00","description":"Em oferta: com uma gama que lhe permite ir a qualquer lugar e em qualquer terreno. Motor Turbo 2.0 de pot\u00eancia total e bateria de 710 Wh.","breadcrumb":{"@id":"https:\/\/gr-100.com\/pt-pt\/producto\/especializado-turbo-tero-4-0-step-through-eq-2023\/#breadcrumb"},"inLanguage":"pt-PT","potentialAction":[{"@type":"ReadAction","target":["https:\/\/gr-100.com\/pt-pt\/producto\/especializado-turbo-tero-4-0-step-through-eq-2023\/"]}]},{"@type":"ImageObject","inLanguage":"pt-PT","@id":"https:\/\/gr-100.com\/pt-pt\/producto\/especializado-turbo-tero-4-0-step-through-eq-2023\/#primaryimage","url":"https:\/\/gr-100.com\/wp-content\/uploads\/2024\/05\/Turbo-Tero-4.0-Step-Through-EQ2.jpg","contentUrl":"https:\/\/gr-100.com\/wp-content\/uploads\/2024\/05\/Turbo-Tero-4.0-Step-Through-EQ2.jpg","width":1080,"height":1080},{"@type":"BreadcrumbList","@id":"https:\/\/gr-100.com\/pt-pt\/producto\/especializado-turbo-tero-4-0-step-through-eq-2023\/#breadcrumb","itemListElement":[{"@type":"ListItem","position":1,"name":"Portada","item":"https:\/\/gr-100.com\/en\/"},{"@type":"ListItem","position":2,"name":"Productos","item":"https:\/\/gr-100.com\/?post_type=product"},{"@type":"ListItem","position":3,"name":"Specialized Turbo Tero 4.0 Passo a passo EQ 2023"}]},{"@type":"WebSite","@id":"https:\/\/gr-100.com\/#website","url":"https:\/\/gr-100.com\/","name":"Gr-100 Tienda de ciclismo Specialized","description":"GR-100 tenemos todas las gamas de bicicletas Specialized al mejor precio.","publisher":{"@id":"https:\/\/gr-100.com\/#organization"},"alternateName":"Gr-100 Bikes","potentialAction":[{"@type":"SearchAction","target":{"@type":"EntryPoint","urlTemplate":"https:\/\/gr-100.com\/?s={search_term_string}"},"query-input":{"@type":"PropertyValueSpecification","valueRequired":true,"valueName":"search_term_string"}}],"inLanguage":"pt-PT"},{"@type":"Organization","@id":"https:\/\/gr-100.com\/#organization","name":"Gr-100","url":"https:\/\/gr-100.com\/","logo":{"@type":"ImageObject","inLanguage":"pt-PT","@id":"https:\/\/gr-100.com\/#\/schema\/logo\/image\/","url":"https:\/\/gr-100.com\/wp-content\/uploads\/2023\/08\/logo-gr-100-bikes.png","contentUrl":"https:\/\/gr-100.com\/wp-content\/uploads\/2023\/08\/logo-gr-100-bikes.png","width":707,"height":284,"caption":"Gr-100"},"image":{"@id":"https:\/\/gr-100.com\/#\/schema\/logo\/image\/"},"sameAs":["https:\/\/www.facebook.com\/Gr100Bikes","https:\/\/www.instagram.com\/gr100bikes\/","https:\/\/www.tiktok.com\/@gr100bikes","https:\/\/twitter.com\/gr100mtbteam","https:\/\/www.youtube.com\/c\/GR100Specialized"]}]}},"_links":{"self":[{"href":"https:\/\/gr-100.com\/pt-pt\/wp-json\/wp\/v2\/product\/384626","targetHints":{"allow":["GET"]}}],"collection":[{"href":"https:\/\/gr-100.com\/pt-pt\/wp-json\/wp\/v2\/product"}],"about":[{"href":"https:\/\/gr-100.com\/pt-pt\/wp-json\/wp\/v2\/types\/product"}],"replies":[{"embeddable":true,"href":"https:\/\/gr-100.com\/pt-pt\/wp-json\/wp\/v2\/comments?post=384626"}],"wp:featuredmedia":[{"embeddable":true,"href":"https:\/\/gr-100.com\/pt-pt\/wp-json\/wp\/v2\/media\/307535"}],"wp:attachment":[{"href":"https:\/\/gr-100.com\/pt-pt\/wp-json\/wp\/v2\/media?parent=384626"}],"wp:term":[{"taxonomy":"product_brand","embeddable":true,"href":"https:\/\/gr-100.com\/pt-pt\/wp-json\/wp\/v2\/product_brand?post=384626"},{"taxonomy":"product_cat","embeddable":true,"href":"https:\/\/gr-100.com\/pt-pt\/wp-json\/wp\/v2\/product_cat?post=384626"},{"taxonomy":"product_tag","embeddable":true,"href":"https:\/\/gr-100.com\/pt-pt\/wp-json\/wp\/v2\/product_tag?post=384626"}],"curies":[{"name":"wp","href":"https:\/\/api.w.org\/{rel}","templated":true}]}}