{"id":384638,"date":"2024-07-01T14:57:18","date_gmt":"2024-07-01T12:57:18","guid":{"rendered":"https:\/\/gr-100.com\/producto\/especializado-turbo-kenevo-sl-2-expert-2024\/"},"modified":"2025-12-18T16:42:33","modified_gmt":"2025-12-18T14:42:33","slug":"especializado-turbo-kenevo-sl-2-expert-2024","status":"publish","type":"product","link":"https:\/\/gr-100.com\/pt-pt\/producto\/especializado-turbo-kenevo-sl-2-expert-2024\/","title":{"rendered":"Specialized Turbo Kenevo SL 2 Expert 2024"},"content":{"rendered":"<div>\n<ul>\n<li><strong>EFICI\u00caNCIA:<\/strong> A SL 1.2 \u00e9 o sistema de e-bike mais eficiente do mundo, com a maior rela\u00e7\u00e3o gama-peso.<br \/>\nFornece 33% mais pot\u00eancia (320 watts) do que o seu antecessor com uma sensa\u00e7\u00e3o sobrenatural, enquanto 43% mais bin\u00e1rio (50 Nm) permite-lhe percorrer mais dos trilhos que deseja.<br \/>\nO sistema SL 1.2 \u00e9 certamente muito atraente, mas voc\u00ea n\u00e3o vai ouvi-lo porque tamb\u00e9m \u00e9 o sistema de e-bike mais silencioso do mundo.  <\/li>\n<li><strong>DIN\u00c2MICA DE CONDU\u00c7\u00c3O:<\/strong> Os 170 mm de curso do Kenevo SL 2 2, inspirados no Enduro, est\u00e3o ajustados para manter a compostura em pequenos solavancos e grandes impactos, ao mesmo tempo que oferecem uma resposta de pedalada incr\u00edvel e uma entrega de pot\u00eancia eficiente.<br \/>\nUm cockpit generoso centra-o na moto, acima das rodas de 29&#8243;, otimizando a tra\u00e7\u00e3o e o controlo em curva.<br \/>\nO suporte inferior baixo, a folga do tubo principal e o deslocamento reduzido da forquilha mant\u00eam a estabilidade em terrenos acidentados.<br \/>\nCom a geometria ajustada ao longo de 30 anos de fabrica\u00e7\u00e3o de bicicletas com suspens\u00e3o total e comprovada no cen\u00e1rio mundial repetidamente, voc\u00ea pode ter certeza de que a resposta em terrenos acidentados ser\u00e1 calma e est\u00e1vel.   <\/li>\n<li><strong>GEOMETRIA DE CONTROLO:<\/strong> A geometria do Kenevo SL 2 2 pode ser ajustada com precis\u00e3o para se adequar a qualquer tipo de condu\u00e7\u00e3o.<br \/>\nSeis configura\u00e7\u00f5es de geometria diferentes permitem um ajuste f\u00e1cil para um desempenho perfeito em qualquer terreno.<br \/>\nO \u00e2ngulo de viragem pode ser ajustado para 62,5, 63,5 ou 64,5 graus.<br \/>\nA altura do suporte inferior pode ser ajustada 7 mm para cima ou para baixo.   <\/li>\n<li>O sistema motor\/controlador Turbo Kenevo Super Light \u00e9 uma integra\u00e7\u00e3o total do motor SL 1.2 e da bateria de 320 Wh da moto com um controlador radicalmente avan\u00e7ado e perfeitamente integrado.<br \/>\nO resultado \u00e9 uma enorme entrega de pot\u00eancia, at\u00e9 32 km\/h, para o levar ao topo da sua descida favorita com apenas metade do esfor\u00e7o, e muito mais r\u00e1pido, proporcionando ainda mais da qualidade de condu\u00e7\u00e3o que deseja, e mais do que nunca foi poss\u00edvel antes. <\/li>\n<li>Nosso TCU MasterMind de \u00faltima gera\u00e7\u00e3o \u00e9 o seu centro de informa\u00e7\u00f5es, com campos de exibi\u00e7\u00e3o personaliz\u00e1veis que incluem a porcentagem exata do n\u00edvel da bateria, e apresenta nosso novo recurso MicroTune montado no guid\u00e3o para ajustar a entrega de energia em incrementos de 10%, para que voc\u00ea obtenha exatamente a ajuda de que precisa para experimentar exatamente o passeio que deseja.<\/li>\n<li>As rodas dianteiras e traseiras de 29&#8243; proporcionam uma condu\u00e7\u00e3o \u00e1gil que envolve outros MTB el\u00e9tricos de alta pot\u00eancia.<br \/>\nUm cockpit generoso coloca-o na moto, otimizando a tra\u00e7\u00e3o e o controlo em curva.<br \/>\nO suporte inferior baixo, o \u00e2ngulo solto do tubo da cabe\u00e7a e o deslocamento reduzido da forquilha mant\u00eam a estabilidade em terrenos acidentados.  <\/li>\n<li>A geometria do Turbo Kenevo Super Light pode ser ajustada com precis\u00e3o para se adequar a qualquer local e situa\u00e7\u00e3o.<br \/>\nSeis configura\u00e7\u00f5es de geometria permitem um ajuste f\u00e1cil para um desempenho perfeito em qualquer terreno.<br \/>\nO \u00e2ngulo de viragem pode ser ajustado entre 62,5 e 64,5 graus.<br \/>\nA altura do suporte inferior pode ser ajustada 7 mm para cima ou para baixo.<br \/>\nNunca fizemos uma bicicleta de trail t\u00e3o ajust\u00e1vel e adapt\u00e1vel.    <\/li>\n<li>Os 170 mm de curso do Turbo Kenevo Super Light, inspirados no Enduro, s\u00e3o suaves em pequenos solavancos, devoram solavancos de arestas quadradas sem se intimidarem, consomem enormes tomadas G no caf\u00e9 da manh\u00e3 e ainda oferecem uma resposta de pedalada incr\u00edvel e entrega sua pot\u00eancia ao solo com total efici\u00eancia.<\/li>\n<li>O tamanho S do Turbo Kenevo Super Light \u00e9 baseado no que importa: o tamanho e o estilo do piloto, n\u00e3o a virilha.<br \/>\nSeis tamanhos, todos com comprimentos de tubo de cabe\u00e7a e dist\u00e2ncia entre eixos semelhantes, permitem-lhe escolher o tamanho que melhor se adapta ao seu estilo individual.<br \/>\nOs tamanhos S mais pequenos ser\u00e3o mais \u00e1geis e f\u00e1ceis de gerir, enquanto os tamanhos S maiores oferecem mais estabilidade e uma condu\u00e7\u00e3o mais espa\u00e7osa.  <\/li>\n<\/ul>\n<p>ESPECIFICA\u00c7\u00d5ES:<\/p>\n<ul>\n<li>FACTO\n<p>11m full carbon, 29&#8243;, roteamento de cabo interno completo, espa\u00e7amento de 148mm, rolamentos de cartucho totalmente selados, curso traseiro de 170mm, tubo de cabe\u00e7a geo ajuste, ajuste geogr\u00e1fico horst pivot<br \/>\nFox 38 Performance Elite Fork<br \/>\n, amortecedor Grip 2, 29&#8243;, 170mm de curso, 44mm offset<br \/>\n Amortecedor<br \/>\n Fox Float X2 Performance Elite, 230&#215;62.5mm<\/li>\n<li>Material<br \/>\nCarbono<\/li>\n<li>Specialized<br \/>\n Cockpit<br \/>\n Specialized 2024 Trail, liga 7050, varredura traseira de 8 graus, upsweep de 6 graus, eleva\u00e7\u00e3o de 30mm, 800mm, bra\u00e7adeira<br \/>\nde 35mm haste Alloy<br \/>\nTrail Sttem, furo de barra de 35mm<\/li>\n<li>SRAM Code Silver Stealth Freios dianteiros\n<p>, pin\u00e7a de 4 pist\u00f5es, disco hidr\u00e1ulico, 220mm<br \/>\nSRAM Code Silver Stealth Freio traseiro<br \/>\n, pin\u00e7a de 4 pist\u00f5es, disco hidr\u00e1ulico, 200mm<\/li>\n<li>Componentes Ponte de sela<br \/>\nComp Saddle<br \/>\n, trilhos ocos Cr-mo, 155\/143mm<br \/>\nOneUp Seatpost<br \/>\n, Conta-gotas Post-V2, MMX alavanca, 34.9 (S2:150mm, S3\/S4:180mm, S5: 210mm)<br \/>\nBra\u00e7adeira de assento<br \/>\nde liga, 38.6mm<\/li>\n<li>SRAM<br \/>\n transmiss\u00e3o<br \/>\n SRAM AXS POD Controller<br \/>\nSRAM GX Eagle Transmiss\u00e3o Derailleur<br \/>\nSuporte inferior<\/p>\n<p> SRAM Alloy Crankset, interface<br \/>\nDub Chainrings<br \/>\nNew SL 1.2 spider, 104BCD w\/SRAM 32t Transmission compatible alloy ring<br \/>\nCassetteSRAM GX Eagle Transmission Cassette<br \/>\n, 12spd, 10-52t<\/p>\n<p>SRAM GX Eagle Transmission Flattop Chain<\/li>\n<li>Jantes<br \/>\nRoda Dianteira<br \/>\nWH-TRAVERSE HD ALLOY 370 29 29 28H 32H;<br \/>\nFS Roda traseira<br \/>\nWH-TRAVERSE HD ALLOY 370 29 29 28H 32H; FS<\/li>\n<li>Roval\n<p> de liga Roval Traverse 29, largura interior de 30mm, constru\u00eddas \u00e0 m\u00e3o, 2Bliss Ready<br \/>\nSpokes DT Swiss Competition Race<br \/>\nFront<br \/>\nTire Butcher, inv\u00f3lucro GRID TRAIL, composto GRIPTON\u00ae T9, 2Bliss Ready, 29&#215;2.3&#8243;<br \/>\n Eliminador de pneus traseiros<br \/>\n, inv\u00f3lucro GRID TRAIL, composto GRIPTON\u00ae T7, 2Bliss Ready, tubos 29&#215;2.3&#8243;,<br \/>\n STANDARD<br \/>\n48MM PV LOW LEAD 29&#215;1.75\/2.4, MAXXIS BRAND<br \/>\nRoval Front<br \/>\n Hub, rolamentos de cartucho selado,  Espa\u00e7amento 15x110mm, cubo<br \/>\n Roval DT Swiss 370 de 28h<br \/>\n, ln de catraca, corpo do motorista SRAM XD, eixo de 12mm, espa\u00e7amento de 148mm, 28h<\/li>\n<li>eBike<br \/>\nComponents eBike<br \/>\nMotor New Specialized 2024 1.2 SL Custom Rx Trail Tuned Motor eBike<br \/>\nSpecialized<br \/>\n 2024 SL1-320, totalmente integrado, 320Wh<br \/>\nUi\/Remote<br \/>\nSpecialized 2024 MasterMind TCU, porcentagem da carga restante, 120 configura\u00e7\u00f5es de exibi\u00e7\u00e3o poss\u00edveis, ajuste de assist\u00eancia MicroTune, ANT+\/Bluetooth\u00ae, w \/ Handlebar remoto<\/li>\n<li>Outros Componentes<br \/>\nFia\u00e7\u00e3o Specialized 2024 Fia\u00e7\u00e3o\n<\/li>\n<\/ul>\n<\/div>\n","protected":false},"excerpt":{"rendered":"<p>Elevando a condu\u00e7\u00e3o que define a classe do nosso premiado chassis de Enduro, o Kenevo SL 2 2 obt\u00e9m amplifica\u00e7\u00e3o incompar\u00e1vel, efici\u00eancia l\u00edder na sua classe e peso superleve do nosso motor Turbo SL 1.2.<\/p>\n","protected":false},"featured_media":307647,"comment_status":"closed","ping_status":"closed","template":"","meta":{"_acf_changed":false,"_et_pb_use_builder":"","_et_pb_old_content":"","_et_gb_content_width":"","inline_featured_image":false},"product_brand":[],"product_cat":[2459,391,2483,2696],"product_tag":[],"class_list":{"0":"post-384638","1":"product","2":"type-product","3":"status-publish","4":"has-post-thumbnail","6":"product_cat-bicicletas-pt-pt-2","7":"product_cat-eletricas","8":"product_cat-bicicletas-especializadas","9":"product_cat-ofertas-especializadas","10":"product_shipping_class-bicicletas-pt-pt","12":"first","13":"outofstock","14":"taxable","15":"shipping-taxable","16":"product-type-variable","17":"wvs-archive-product-wrapper"},"acf":[],"yoast_head":"<!-- This site is optimized with the Yoast SEO Premium plugin v26.7 (Yoast SEO v26.7) - https:\/\/yoast.com\/wordpress\/plugins\/seo\/ -->\n<title>Specialized Turbo Kenevo SL 2 Expert 2024<\/title>\n<meta name=\"description\" content=\"Desfrute das maiores trilhas como nunca antes com o novo Kenevo SL 2 2024. Elevar a condu\u00e7\u00e3o que define a classe do nosso premiado.\" \/>\n<meta name=\"robots\" content=\"index, follow, max-snippet:-1, max-image-preview:large, max-video-preview:-1\" \/>\n<link rel=\"canonical\" href=\"https:\/\/gr-100.com\/pt-pt\/producto\/especializado-turbo-kenevo-sl-2-expert-2024\/\" \/>\n<meta property=\"og:locale\" content=\"pt_PT\" \/>\n<meta property=\"og:type\" content=\"article\" \/>\n<meta property=\"og:title\" content=\"Specialized Turbo Kenevo SL 2 Expert 2024\" \/>\n<meta property=\"og:description\" content=\"Desfrute das maiores trilhas como nunca antes com o novo Kenevo SL 2 2024. Elevar a condu\u00e7\u00e3o que define a classe do nosso premiado.\" \/>\n<meta property=\"og:url\" content=\"https:\/\/gr-100.com\/pt-pt\/producto\/especializado-turbo-kenevo-sl-2-expert-2024\/\" \/>\n<meta property=\"og:site_name\" content=\"Gr-100 Tienda de ciclismo Specialized\" \/>\n<meta property=\"article:publisher\" content=\"https:\/\/www.facebook.com\/Gr100Bikes\" \/>\n<meta property=\"article:modified_time\" content=\"2025-12-18T14:42:33+00:00\" \/>\n<meta property=\"og:image\" content=\"https:\/\/gr-100.com\/wp-content\/uploads\/2024\/05\/Specialized-Turbo-Kenevo-SL-2-Expert-2024_1.jpg\" \/>\n\t<meta property=\"og:image:width\" content=\"1080\" \/>\n\t<meta property=\"og:image:height\" content=\"1080\" \/>\n\t<meta property=\"og:image:type\" content=\"image\/jpeg\" \/>\n<meta name=\"twitter:card\" content=\"summary_large_image\" \/>\n<meta name=\"twitter:label1\" content=\"Tempo estimado de leitura\" \/>\n\t<meta name=\"twitter:data1\" content=\"5 minutos\" \/>\n<script type=\"application\/ld+json\" class=\"yoast-schema-graph\">{\"@context\":\"https:\/\/schema.org\",\"@graph\":[{\"@type\":\"WebPage\",\"@id\":\"https:\/\/gr-100.com\/pt-pt\/producto\/especializado-turbo-kenevo-sl-2-expert-2024\/\",\"url\":\"https:\/\/gr-100.com\/pt-pt\/producto\/especializado-turbo-kenevo-sl-2-expert-2024\/\",\"name\":\"Specialized Turbo Kenevo SL 2 Expert 2024\",\"isPartOf\":{\"@id\":\"https:\/\/gr-100.com\/#website\"},\"primaryImageOfPage\":{\"@id\":\"https:\/\/gr-100.com\/pt-pt\/producto\/especializado-turbo-kenevo-sl-2-expert-2024\/#primaryimage\"},\"image\":{\"@id\":\"https:\/\/gr-100.com\/pt-pt\/producto\/especializado-turbo-kenevo-sl-2-expert-2024\/#primaryimage\"},\"thumbnailUrl\":\"https:\/\/gr-100.com\/wp-content\/uploads\/2024\/05\/Specialized-Turbo-Kenevo-SL-2-Expert-2024_1.jpg\",\"datePublished\":\"2024-07-01T12:57:18+00:00\",\"dateModified\":\"2025-12-18T14:42:33+00:00\",\"description\":\"Desfrute das maiores trilhas como nunca antes com o novo Kenevo SL 2 2024. Elevar a condu\u00e7\u00e3o que define a classe do nosso premiado.\",\"breadcrumb\":{\"@id\":\"https:\/\/gr-100.com\/pt-pt\/producto\/especializado-turbo-kenevo-sl-2-expert-2024\/#breadcrumb\"},\"inLanguage\":\"pt-PT\",\"potentialAction\":[{\"@type\":\"ReadAction\",\"target\":[\"https:\/\/gr-100.com\/pt-pt\/producto\/especializado-turbo-kenevo-sl-2-expert-2024\/\"]}]},{\"@type\":\"ImageObject\",\"inLanguage\":\"pt-PT\",\"@id\":\"https:\/\/gr-100.com\/pt-pt\/producto\/especializado-turbo-kenevo-sl-2-expert-2024\/#primaryimage\",\"url\":\"https:\/\/gr-100.com\/wp-content\/uploads\/2024\/05\/Specialized-Turbo-Kenevo-SL-2-Expert-2024_1.jpg\",\"contentUrl\":\"https:\/\/gr-100.com\/wp-content\/uploads\/2024\/05\/Specialized-Turbo-Kenevo-SL-2-Expert-2024_1.jpg\",\"width\":1080,\"height\":1080},{\"@type\":\"BreadcrumbList\",\"@id\":\"https:\/\/gr-100.com\/pt-pt\/producto\/especializado-turbo-kenevo-sl-2-expert-2024\/#breadcrumb\",\"itemListElement\":[{\"@type\":\"ListItem\",\"position\":1,\"name\":\"Portada\",\"item\":\"https:\/\/gr-100.com\/en\/\"},{\"@type\":\"ListItem\",\"position\":2,\"name\":\"Productos\",\"item\":\"https:\/\/gr-100.com\/?post_type=product\"},{\"@type\":\"ListItem\",\"position\":3,\"name\":\"Specialized Turbo Kenevo SL 2 Expert 2024\"}]},{\"@type\":\"WebSite\",\"@id\":\"https:\/\/gr-100.com\/#website\",\"url\":\"https:\/\/gr-100.com\/\",\"name\":\"Gr-100 Tienda de ciclismo Specialized\",\"description\":\"GR-100 tenemos todas las gamas de bicicletas Specialized al mejor precio.\",\"publisher\":{\"@id\":\"https:\/\/gr-100.com\/#organization\"},\"alternateName\":\"Gr-100 Bikes\",\"potentialAction\":[{\"@type\":\"SearchAction\",\"target\":{\"@type\":\"EntryPoint\",\"urlTemplate\":\"https:\/\/gr-100.com\/?s={search_term_string}\"},\"query-input\":{\"@type\":\"PropertyValueSpecification\",\"valueRequired\":true,\"valueName\":\"search_term_string\"}}],\"inLanguage\":\"pt-PT\"},{\"@type\":\"Organization\",\"@id\":\"https:\/\/gr-100.com\/#organization\",\"name\":\"Gr-100\",\"url\":\"https:\/\/gr-100.com\/\",\"logo\":{\"@type\":\"ImageObject\",\"inLanguage\":\"pt-PT\",\"@id\":\"https:\/\/gr-100.com\/#\/schema\/logo\/image\/\",\"url\":\"https:\/\/gr-100.com\/wp-content\/uploads\/2023\/08\/logo-gr-100-bikes.png\",\"contentUrl\":\"https:\/\/gr-100.com\/wp-content\/uploads\/2023\/08\/logo-gr-100-bikes.png\",\"width\":707,\"height\":284,\"caption\":\"Gr-100\"},\"image\":{\"@id\":\"https:\/\/gr-100.com\/#\/schema\/logo\/image\/\"},\"sameAs\":[\"https:\/\/www.facebook.com\/Gr100Bikes\",\"https:\/\/www.instagram.com\/gr100bikes\/\",\"https:\/\/www.tiktok.com\/@gr100bikes\",\"https:\/\/twitter.com\/gr100mtbteam\",\"https:\/\/www.youtube.com\/c\/GR100Specialized\"]}]}<\/script>\n<!-- \/ Yoast SEO Premium plugin. -->","yoast_head_json":{"title":"Specialized Turbo Kenevo SL 2 Expert 2024","description":"Desfrute das maiores trilhas como nunca antes com o novo Kenevo SL 2 2024. Elevar a condu\u00e7\u00e3o que define a classe do nosso premiado.","robots":{"index":"index","follow":"follow","max-snippet":"max-snippet:-1","max-image-preview":"max-image-preview:large","max-video-preview":"max-video-preview:-1"},"canonical":"https:\/\/gr-100.com\/pt-pt\/producto\/especializado-turbo-kenevo-sl-2-expert-2024\/","og_locale":"pt_PT","og_type":"article","og_title":"Specialized Turbo Kenevo SL 2 Expert 2024","og_description":"Desfrute das maiores trilhas como nunca antes com o novo Kenevo SL 2 2024. Elevar a condu\u00e7\u00e3o que define a classe do nosso premiado.","og_url":"https:\/\/gr-100.com\/pt-pt\/producto\/especializado-turbo-kenevo-sl-2-expert-2024\/","og_site_name":"Gr-100 Tienda de ciclismo Specialized","article_publisher":"https:\/\/www.facebook.com\/Gr100Bikes","article_modified_time":"2025-12-18T14:42:33+00:00","og_image":[{"width":1080,"height":1080,"url":"https:\/\/gr-100.com\/wp-content\/uploads\/2024\/05\/Specialized-Turbo-Kenevo-SL-2-Expert-2024_1.jpg","type":"image\/jpeg"}],"twitter_card":"summary_large_image","twitter_misc":{"Tempo estimado de leitura":"5 minutos"},"schema":{"@context":"https:\/\/schema.org","@graph":[{"@type":"WebPage","@id":"https:\/\/gr-100.com\/pt-pt\/producto\/especializado-turbo-kenevo-sl-2-expert-2024\/","url":"https:\/\/gr-100.com\/pt-pt\/producto\/especializado-turbo-kenevo-sl-2-expert-2024\/","name":"Specialized Turbo Kenevo SL 2 Expert 2024","isPartOf":{"@id":"https:\/\/gr-100.com\/#website"},"primaryImageOfPage":{"@id":"https:\/\/gr-100.com\/pt-pt\/producto\/especializado-turbo-kenevo-sl-2-expert-2024\/#primaryimage"},"image":{"@id":"https:\/\/gr-100.com\/pt-pt\/producto\/especializado-turbo-kenevo-sl-2-expert-2024\/#primaryimage"},"thumbnailUrl":"https:\/\/gr-100.com\/wp-content\/uploads\/2024\/05\/Specialized-Turbo-Kenevo-SL-2-Expert-2024_1.jpg","datePublished":"2024-07-01T12:57:18+00:00","dateModified":"2025-12-18T14:42:33+00:00","description":"Desfrute das maiores trilhas como nunca antes com o novo Kenevo SL 2 2024. Elevar a condu\u00e7\u00e3o que define a classe do nosso premiado.","breadcrumb":{"@id":"https:\/\/gr-100.com\/pt-pt\/producto\/especializado-turbo-kenevo-sl-2-expert-2024\/#breadcrumb"},"inLanguage":"pt-PT","potentialAction":[{"@type":"ReadAction","target":["https:\/\/gr-100.com\/pt-pt\/producto\/especializado-turbo-kenevo-sl-2-expert-2024\/"]}]},{"@type":"ImageObject","inLanguage":"pt-PT","@id":"https:\/\/gr-100.com\/pt-pt\/producto\/especializado-turbo-kenevo-sl-2-expert-2024\/#primaryimage","url":"https:\/\/gr-100.com\/wp-content\/uploads\/2024\/05\/Specialized-Turbo-Kenevo-SL-2-Expert-2024_1.jpg","contentUrl":"https:\/\/gr-100.com\/wp-content\/uploads\/2024\/05\/Specialized-Turbo-Kenevo-SL-2-Expert-2024_1.jpg","width":1080,"height":1080},{"@type":"BreadcrumbList","@id":"https:\/\/gr-100.com\/pt-pt\/producto\/especializado-turbo-kenevo-sl-2-expert-2024\/#breadcrumb","itemListElement":[{"@type":"ListItem","position":1,"name":"Portada","item":"https:\/\/gr-100.com\/en\/"},{"@type":"ListItem","position":2,"name":"Productos","item":"https:\/\/gr-100.com\/?post_type=product"},{"@type":"ListItem","position":3,"name":"Specialized Turbo Kenevo SL 2 Expert 2024"}]},{"@type":"WebSite","@id":"https:\/\/gr-100.com\/#website","url":"https:\/\/gr-100.com\/","name":"Gr-100 Tienda de ciclismo Specialized","description":"GR-100 tenemos todas las gamas de bicicletas Specialized al mejor precio.","publisher":{"@id":"https:\/\/gr-100.com\/#organization"},"alternateName":"Gr-100 Bikes","potentialAction":[{"@type":"SearchAction","target":{"@type":"EntryPoint","urlTemplate":"https:\/\/gr-100.com\/?s={search_term_string}"},"query-input":{"@type":"PropertyValueSpecification","valueRequired":true,"valueName":"search_term_string"}}],"inLanguage":"pt-PT"},{"@type":"Organization","@id":"https:\/\/gr-100.com\/#organization","name":"Gr-100","url":"https:\/\/gr-100.com\/","logo":{"@type":"ImageObject","inLanguage":"pt-PT","@id":"https:\/\/gr-100.com\/#\/schema\/logo\/image\/","url":"https:\/\/gr-100.com\/wp-content\/uploads\/2023\/08\/logo-gr-100-bikes.png","contentUrl":"https:\/\/gr-100.com\/wp-content\/uploads\/2023\/08\/logo-gr-100-bikes.png","width":707,"height":284,"caption":"Gr-100"},"image":{"@id":"https:\/\/gr-100.com\/#\/schema\/logo\/image\/"},"sameAs":["https:\/\/www.facebook.com\/Gr100Bikes","https:\/\/www.instagram.com\/gr100bikes\/","https:\/\/www.tiktok.com\/@gr100bikes","https:\/\/twitter.com\/gr100mtbteam","https:\/\/www.youtube.com\/c\/GR100Specialized"]}]}},"_links":{"self":[{"href":"https:\/\/gr-100.com\/pt-pt\/wp-json\/wp\/v2\/product\/384638","targetHints":{"allow":["GET"]}}],"collection":[{"href":"https:\/\/gr-100.com\/pt-pt\/wp-json\/wp\/v2\/product"}],"about":[{"href":"https:\/\/gr-100.com\/pt-pt\/wp-json\/wp\/v2\/types\/product"}],"replies":[{"embeddable":true,"href":"https:\/\/gr-100.com\/pt-pt\/wp-json\/wp\/v2\/comments?post=384638"}],"wp:featuredmedia":[{"embeddable":true,"href":"https:\/\/gr-100.com\/pt-pt\/wp-json\/wp\/v2\/media\/307647"}],"wp:attachment":[{"href":"https:\/\/gr-100.com\/pt-pt\/wp-json\/wp\/v2\/media?parent=384638"}],"wp:term":[{"taxonomy":"product_brand","embeddable":true,"href":"https:\/\/gr-100.com\/pt-pt\/wp-json\/wp\/v2\/product_brand?post=384638"},{"taxonomy":"product_cat","embeddable":true,"href":"https:\/\/gr-100.com\/pt-pt\/wp-json\/wp\/v2\/product_cat?post=384638"},{"taxonomy":"product_tag","embeddable":true,"href":"https:\/\/gr-100.com\/pt-pt\/wp-json\/wp\/v2\/product_tag?post=384638"}],"curies":[{"name":"wp","href":"https:\/\/api.w.org\/{rel}","templated":true}]}}