{"id":384643,"date":"2024-07-01T14:54:17","date_gmt":"2024-07-01T12:54:17","guid":{"rendered":"https:\/\/gr-100.com\/producto\/kenevo-comp-6fattie-2023-especializado\/"},"modified":"2025-11-26T16:47:15","modified_gmt":"2025-11-26T14:47:15","slug":"kenevo-comp-6fattie-2023-especializado","status":"publish","type":"product","link":"https:\/\/gr-100.com\/pt-pt\/producto\/kenevo-comp-6fattie-2023-especializado\/","title":{"rendered":"Specialized Kenevo Comp 6Fattie 2023"},"content":{"rendered":"<p>O Kenevo ganha um chassi mais r\u00edgido, estilo bra\u00e7o lateral mais baixo e geometria mais agressiva. E, tal como o novo Endura, o Kenevo apresenta uma trajet\u00f3ria e suspens\u00e3o do eixo que lhe proporcionam a condu\u00e7\u00e3o mais suave e r\u00e1pida em terrenos mais acidentados poss\u00edveis. Tudo isso se soma a uma moto que lhe d\u00e1 um novo n\u00edvel de confian\u00e7a e controle nas trilhas mais dif\u00edceis.<br \/>\nO motor Specialized 2.2 amplifica a sua pedalada em alucinantes 410%. E quanto \u00e0 autonomia, a nossa bateria de 500 watts-hora d\u00e1-lhe uma vasta gama. Al\u00e9m disso, nosso aplicativo Specialized pode lidar com o gerenciamento de bateria automaticamente, garantindo que a bateria dure o tempo que voc\u00ea precisar. Mais pot\u00eancia. Mais milhas por viagem. Mais impressionante.<br \/>\nO quadro de liga leve Kenevo completamente redesenhado apresenta uma liga M5 dianteira e traseira, um design assim\u00e9trico do bra\u00e7o lateral e uma nova trajet\u00f3ria do eixo e curva de alavancagem que d\u00e3o \u00e0 moto n\u00edveis incr\u00edveis de controle nas trilhas mais desafiadoras.<br \/>\nO FOX DHX Performance Series oferece 180 mm de suspens\u00e3o, bem como compress\u00e3o ajust\u00e1vel de baixa velocidade e amortecimento de ricochete, para ajud\u00e1-lo a adaptar a condu\u00e7\u00e3o ao seu estilo e terreno.<br \/>\nO garfo FOX 38 Rhythm oferece 180 mm de suspens\u00e3o dianteira suave e controlada. As caracter\u00edsticas incluem um choque FOX GRIP comprovado e uma mola pneum\u00e1tica EVOL. Simples, confi\u00e1vel e absolutamente capaz de engolir qualquer pedra ou raiz que venha em seu caminho. O motor Specialized 2.2 representa o auge da tecnologia de motores de e-bike. O novo motor \u00e9 mais eficiente, 15% menor e 11% mais leve do que seu antecessor. Tem muitas outras caracter\u00edsticas que nenhuma outra e-bike pode igualar, como conex\u00e3o instant\u00e2nea, gerenciamento de calor fant\u00e1stico, um design de roda livre dupla que desconecta a caixa de c\u00e2mbio quando voc\u00ea atinge a velocidade m\u00e1xima, e uma sa\u00edda silenciosa, suave e consistente, mesmo com pot\u00eancia m\u00e1xima. . A bateria da s\u00e9rie Specialized M2 tem uma capacidade de 500 Wh. Essa bateria potente \u00e9 perfeitamente integrada dentro do quadro e \u00e9 facilmente removida em segundos, com uma \u00fanica chave hexadecimal.         <\/p>\n<h5><strong>Especifica\u00e7\u00f5es<\/strong><\/h5>\n<ul>\n<li>Liga de ligante<br \/>\nde assento FRAMESET<br \/>\n, alum\u00ednio M5 PremiumSpecialized<br \/>\n de 38,6 mm<br \/>\n, geometria de trilha 27,5, bateria de tubo descendente integrada, cabo interno fechado, roteamento de posto de comando, espa\u00e7amento de 148 mm, rolamentos de cartucho totalmente selados, 180 mm de curso<\/li>\n<li>ACESS\u00d3RIOS<br \/>\nPedais<br \/>\nPEDAL, PEDAIS TEST RIDE FORNECIDOS PELA SPECIALIZED<\/li>\n<li>SWAT<br \/>\nSpecialized Z-Cage, Swat CC Multi Tool em tubo direcional sem Chaintool<\/li>\n<li>SUSPENS\u00c3O<br \/>\nForquilha<br \/>\nFOX 38 Rhythm, Amortecedor de ader\u00eancia, curso de 180mm, rake<br \/>\nde 37mm Bobina Rear Shock<br \/>\nFOX DHX Performance Series. Molas: S2: 450lb, S3: 500lbs, S4: 550lbs, S5: 600lbs<br \/>\nCOCKPIT<br \/>\nStem<br \/>\nAlloy Trail Stem, 35mm barra furo<br \/>\nSaddle<br \/>\nBridge Comp, Hollow Cr-mo trilhos, 155\/143mm<br \/>\nPunhos Punhos<br \/>\n Especializados Trail Grips<br \/>\nSpecialized<br \/>\n Specialized, liga 6061, 6 graus upsweep, 8 graus backsweep, 30mm de eleva\u00e7\u00e3o, 780mm largura<br \/>\nSeatPost<br \/>\nX-Fusion Manic, infinitamente ajust\u00e1vel, cabe\u00e7a de dois parafusos, roteamento de cabo de montagem inferior, alavanca remota SRL LE,  34.9mm, S: 125mm, M\/L: 150mm, XL: 170mm <\/li>\n<li>FREIOS Freio\n<p> dianteiroShimano SLX M7120, pin\u00e7a de 4 pist\u00f5es, disco hidr\u00e1ulico, rotor<br \/>\nde 203 mm Freio traseiro<br \/>\nShimano SLX M7120, pin\u00e7a de 4 pist\u00f5es, disco hidr\u00e1ulico, rotor de 203 mm<\/li>\n<li>TRANSMISS\u00c3O<br \/>\nChainrings<br \/>\n32t Praxis, a\u00e7o<br \/>\nVirabrequim<br \/>\nPraxis Forged Alloy, 160mm<br \/>\nDerailleur<br \/>\n traseiroShimano Deore XT LINKGLIDE, 11 velocidades<br \/>\nChain<br \/>\nShimano LINKGLIDE, de 11 velocidades<br \/>\nShimano LINKGLIDE, 11 velocidades<br \/>\n, 11-50t<br \/>\nAlavancas de mudan\u00e7aShimano<br \/>\n Deore XT, 11 velocidades<\/li>\n<li>RODAS &amp; PNEUS<br \/>\nPneu Dianteiro<br \/>\nButcher Grid Gravidade 2Bliss Ready T9, 27,5 x 2,6&#8243;<br \/>\n Pneu Traseiro<br \/>\nButcher Grid Gravidade 2Bliss Ready T9, 27,5 x 2,6&#8243;<br \/>\n Raios<br \/>\nDT Swiss Industry<br \/>\nInner Tubes<br \/>\nPresta, 40mm v\u00e1lvula<br \/>\nJantes<br \/>\nRoval 27.5&#8243; Liga DH, 28mm largura interna, 32h, tubeless pronto<br \/>\nCubo<br \/>\n dianteiroShimano MT400-B, Centerlock, 15x110mm eixo thru, 32h<br \/>\ncubo<br \/>\n traseiroShimano MT400-B,  Centerlock, 12&#215;148 Boost, 32h<\/li>\n<li>E-BIKE<br \/>\nFia\u00e7\u00e3o Arn\u00eas<br \/>\nPersonalizado Specialized de arn\u00eas<br \/>\nespecializado Carregador<br \/>\npersonalizado, 42V4A w \/ Rosenberger plug, 100-240V<br \/>\nMotor<br \/>\nSpecialized 2.2 Custom Rx Trail Tuned Motor<br \/>\nBattery<br \/>\nSpecialized M2-500, bateria integrada w \/ rock guard, 500Wh<br \/>\nUI \/ Remote<br \/>\nSpecialized , 10-LED Estado de carga, 3-LED Ride Mode display, ANT + \/ Bluetooth\u00ae, w \/ Handlebar remoto<\/li>\n<li>PESO<br \/>\nTamanho<br \/>\nS4 (24.23kg (53 lb, 6.7 oz)<\/p>\n<\/li>\n<\/ul>\n","protected":false},"excerpt":{"rendered":"<p>O Kenevo \u00e9 o eMTB mais capaz que encontrar\u00e1, com 180 mm de suspens\u00e3o dianteira e traseira, o motor mais suave e potente dispon\u00edvel e mais quil\u00f3metros por carga do que nunca.<br \/>\nO nosso modelo Kenevo Comp combina toda essa tecnologia com componentes que resistem \u00e0s condi\u00e7\u00f5es e pilotos mais exigentes.   <span style=\"color: #ff0000;\"><strong>Prazo de entrega estimado 15 dias.<\/strong><\/span><\/p>\n","protected":false},"featured_media":307477,"comment_status":"closed","ping_status":"closed","template":"","meta":{"_acf_changed":false,"_et_pb_use_builder":"","_et_pb_old_content":"","_et_gb_content_width":"","inline_featured_image":false},"product_brand":[],"product_cat":[2459,391,2483,2460,3255,2696],"product_tag":[],"class_list":{"0":"post-384643","1":"product","2":"type-product","3":"status-publish","4":"has-post-thumbnail","6":"product_cat-bicicletas-pt-pt-2","7":"product_cat-eletricas","8":"product_cat-bicicletas-especializadas","9":"product_cat-ofertas-pt-pt","10":"product_cat-oferta-eletrica","11":"product_cat-ofertas-especializadas","12":"product_shipping_class-bicicletas-pt-pt","14":"first","15":"outofstock","16":"taxable","17":"shipping-taxable","18":"product-type-variable","19":"wvs-archive-product-wrapper"},"acf":[],"yoast_head":"<!-- This site is optimized with the Yoast SEO Premium plugin v26.7 (Yoast SEO v26.7) - https:\/\/yoast.com\/wordpress\/plugins\/seo\/ -->\n<title>Specialized Kenevo Comp 6Fattie 2023 - GR-100<\/title>\n<meta name=\"description\" content=\"Specialized Kenevo Comp 6Fattie 2023. \u00c9 o eMTB de melhor desempenho que pode encontrar, com 180 mm de suspens\u00e3o dianteira e traseira.\" \/>\n<meta name=\"robots\" content=\"index, follow, max-snippet:-1, max-image-preview:large, max-video-preview:-1\" \/>\n<link rel=\"canonical\" href=\"https:\/\/gr-100.com\/pt-pt\/producto\/kenevo-comp-6fattie-2023-especializado\/\" \/>\n<meta property=\"og:locale\" content=\"pt_PT\" \/>\n<meta property=\"og:type\" content=\"article\" \/>\n<meta property=\"og:title\" content=\"Specialized Kenevo Comp 6Fattie 2023\" \/>\n<meta property=\"og:description\" content=\"Specialized Kenevo Comp 6Fattie 2023. \u00c9 o eMTB de melhor desempenho que pode encontrar, com 180 mm de suspens\u00e3o dianteira e traseira.\" \/>\n<meta property=\"og:url\" content=\"https:\/\/gr-100.com\/pt-pt\/producto\/kenevo-comp-6fattie-2023-especializado\/\" \/>\n<meta property=\"og:site_name\" content=\"Gr-100 Tienda de ciclismo Specialized\" \/>\n<meta property=\"article:publisher\" content=\"https:\/\/www.facebook.com\/Gr100Bikes\" \/>\n<meta property=\"article:modified_time\" content=\"2025-11-26T14:47:15+00:00\" \/>\n<meta property=\"og:image\" content=\"https:\/\/gr-100.com\/wp-content\/uploads\/2024\/05\/Turbo-Kenevo-Comp2.jpg\" \/>\n\t<meta property=\"og:image:width\" content=\"1000\" \/>\n\t<meta property=\"og:image:height\" content=\"1000\" \/>\n\t<meta property=\"og:image:type\" content=\"image\/jpeg\" \/>\n<meta name=\"twitter:card\" content=\"summary_large_image\" \/>\n<meta name=\"twitter:label1\" content=\"Tempo estimado de leitura\" \/>\n\t<meta name=\"twitter:data1\" content=\"4 minutos\" \/>\n<script type=\"application\/ld+json\" class=\"yoast-schema-graph\">{\"@context\":\"https:\/\/schema.org\",\"@graph\":[{\"@type\":\"WebPage\",\"@id\":\"https:\/\/gr-100.com\/pt-pt\/producto\/kenevo-comp-6fattie-2023-especializado\/\",\"url\":\"https:\/\/gr-100.com\/pt-pt\/producto\/kenevo-comp-6fattie-2023-especializado\/\",\"name\":\"Specialized Kenevo Comp 6Fattie 2023 - GR-100\",\"isPartOf\":{\"@id\":\"https:\/\/gr-100.com\/#website\"},\"primaryImageOfPage\":{\"@id\":\"https:\/\/gr-100.com\/pt-pt\/producto\/kenevo-comp-6fattie-2023-especializado\/#primaryimage\"},\"image\":{\"@id\":\"https:\/\/gr-100.com\/pt-pt\/producto\/kenevo-comp-6fattie-2023-especializado\/#primaryimage\"},\"thumbnailUrl\":\"https:\/\/gr-100.com\/wp-content\/uploads\/2024\/05\/Turbo-Kenevo-Comp2.jpg\",\"datePublished\":\"2024-07-01T12:54:17+00:00\",\"dateModified\":\"2025-11-26T14:47:15+00:00\",\"description\":\"Specialized Kenevo Comp 6Fattie 2023. \u00c9 o eMTB de melhor desempenho que pode encontrar, com 180 mm de suspens\u00e3o dianteira e traseira.\",\"breadcrumb\":{\"@id\":\"https:\/\/gr-100.com\/pt-pt\/producto\/kenevo-comp-6fattie-2023-especializado\/#breadcrumb\"},\"inLanguage\":\"pt-PT\",\"potentialAction\":[{\"@type\":\"ReadAction\",\"target\":[\"https:\/\/gr-100.com\/pt-pt\/producto\/kenevo-comp-6fattie-2023-especializado\/\"]}]},{\"@type\":\"ImageObject\",\"inLanguage\":\"pt-PT\",\"@id\":\"https:\/\/gr-100.com\/pt-pt\/producto\/kenevo-comp-6fattie-2023-especializado\/#primaryimage\",\"url\":\"https:\/\/gr-100.com\/wp-content\/uploads\/2024\/05\/Turbo-Kenevo-Comp2.jpg\",\"contentUrl\":\"https:\/\/gr-100.com\/wp-content\/uploads\/2024\/05\/Turbo-Kenevo-Comp2.jpg\",\"width\":1000,\"height\":1000},{\"@type\":\"BreadcrumbList\",\"@id\":\"https:\/\/gr-100.com\/pt-pt\/producto\/kenevo-comp-6fattie-2023-especializado\/#breadcrumb\",\"itemListElement\":[{\"@type\":\"ListItem\",\"position\":1,\"name\":\"Portada\",\"item\":\"https:\/\/gr-100.com\/en\/\"},{\"@type\":\"ListItem\",\"position\":2,\"name\":\"Productos\",\"item\":\"https:\/\/gr-100.com\/?post_type=product\"},{\"@type\":\"ListItem\",\"position\":3,\"name\":\"Specialized Kenevo Comp 6Fattie 2023\"}]},{\"@type\":\"WebSite\",\"@id\":\"https:\/\/gr-100.com\/#website\",\"url\":\"https:\/\/gr-100.com\/\",\"name\":\"Gr-100 Tienda de ciclismo Specialized\",\"description\":\"GR-100 tenemos todas las gamas de bicicletas Specialized al mejor precio.\",\"publisher\":{\"@id\":\"https:\/\/gr-100.com\/#organization\"},\"alternateName\":\"Gr-100 Bikes\",\"potentialAction\":[{\"@type\":\"SearchAction\",\"target\":{\"@type\":\"EntryPoint\",\"urlTemplate\":\"https:\/\/gr-100.com\/?s={search_term_string}\"},\"query-input\":{\"@type\":\"PropertyValueSpecification\",\"valueRequired\":true,\"valueName\":\"search_term_string\"}}],\"inLanguage\":\"pt-PT\"},{\"@type\":\"Organization\",\"@id\":\"https:\/\/gr-100.com\/#organization\",\"name\":\"Gr-100\",\"url\":\"https:\/\/gr-100.com\/\",\"logo\":{\"@type\":\"ImageObject\",\"inLanguage\":\"pt-PT\",\"@id\":\"https:\/\/gr-100.com\/#\/schema\/logo\/image\/\",\"url\":\"https:\/\/gr-100.com\/wp-content\/uploads\/2023\/08\/logo-gr-100-bikes.png\",\"contentUrl\":\"https:\/\/gr-100.com\/wp-content\/uploads\/2023\/08\/logo-gr-100-bikes.png\",\"width\":707,\"height\":284,\"caption\":\"Gr-100\"},\"image\":{\"@id\":\"https:\/\/gr-100.com\/#\/schema\/logo\/image\/\"},\"sameAs\":[\"https:\/\/www.facebook.com\/Gr100Bikes\",\"https:\/\/www.instagram.com\/gr100bikes\/\",\"https:\/\/www.tiktok.com\/@gr100bikes\",\"https:\/\/twitter.com\/gr100mtbteam\",\"https:\/\/www.youtube.com\/c\/GR100Specialized\"]}]}<\/script>\n<!-- \/ Yoast SEO Premium plugin. -->","yoast_head_json":{"title":"Specialized Kenevo Comp 6Fattie 2023 - GR-100","description":"Specialized Kenevo Comp 6Fattie 2023. \u00c9 o eMTB de melhor desempenho que pode encontrar, com 180 mm de suspens\u00e3o dianteira e traseira.","robots":{"index":"index","follow":"follow","max-snippet":"max-snippet:-1","max-image-preview":"max-image-preview:large","max-video-preview":"max-video-preview:-1"},"canonical":"https:\/\/gr-100.com\/pt-pt\/producto\/kenevo-comp-6fattie-2023-especializado\/","og_locale":"pt_PT","og_type":"article","og_title":"Specialized Kenevo Comp 6Fattie 2023","og_description":"Specialized Kenevo Comp 6Fattie 2023. \u00c9 o eMTB de melhor desempenho que pode encontrar, com 180 mm de suspens\u00e3o dianteira e traseira.","og_url":"https:\/\/gr-100.com\/pt-pt\/producto\/kenevo-comp-6fattie-2023-especializado\/","og_site_name":"Gr-100 Tienda de ciclismo Specialized","article_publisher":"https:\/\/www.facebook.com\/Gr100Bikes","article_modified_time":"2025-11-26T14:47:15+00:00","og_image":[{"width":1000,"height":1000,"url":"https:\/\/gr-100.com\/wp-content\/uploads\/2024\/05\/Turbo-Kenevo-Comp2.jpg","type":"image\/jpeg"}],"twitter_card":"summary_large_image","twitter_misc":{"Tempo estimado de leitura":"4 minutos"},"schema":{"@context":"https:\/\/schema.org","@graph":[{"@type":"WebPage","@id":"https:\/\/gr-100.com\/pt-pt\/producto\/kenevo-comp-6fattie-2023-especializado\/","url":"https:\/\/gr-100.com\/pt-pt\/producto\/kenevo-comp-6fattie-2023-especializado\/","name":"Specialized Kenevo Comp 6Fattie 2023 - GR-100","isPartOf":{"@id":"https:\/\/gr-100.com\/#website"},"primaryImageOfPage":{"@id":"https:\/\/gr-100.com\/pt-pt\/producto\/kenevo-comp-6fattie-2023-especializado\/#primaryimage"},"image":{"@id":"https:\/\/gr-100.com\/pt-pt\/producto\/kenevo-comp-6fattie-2023-especializado\/#primaryimage"},"thumbnailUrl":"https:\/\/gr-100.com\/wp-content\/uploads\/2024\/05\/Turbo-Kenevo-Comp2.jpg","datePublished":"2024-07-01T12:54:17+00:00","dateModified":"2025-11-26T14:47:15+00:00","description":"Specialized Kenevo Comp 6Fattie 2023. \u00c9 o eMTB de melhor desempenho que pode encontrar, com 180 mm de suspens\u00e3o dianteira e traseira.","breadcrumb":{"@id":"https:\/\/gr-100.com\/pt-pt\/producto\/kenevo-comp-6fattie-2023-especializado\/#breadcrumb"},"inLanguage":"pt-PT","potentialAction":[{"@type":"ReadAction","target":["https:\/\/gr-100.com\/pt-pt\/producto\/kenevo-comp-6fattie-2023-especializado\/"]}]},{"@type":"ImageObject","inLanguage":"pt-PT","@id":"https:\/\/gr-100.com\/pt-pt\/producto\/kenevo-comp-6fattie-2023-especializado\/#primaryimage","url":"https:\/\/gr-100.com\/wp-content\/uploads\/2024\/05\/Turbo-Kenevo-Comp2.jpg","contentUrl":"https:\/\/gr-100.com\/wp-content\/uploads\/2024\/05\/Turbo-Kenevo-Comp2.jpg","width":1000,"height":1000},{"@type":"BreadcrumbList","@id":"https:\/\/gr-100.com\/pt-pt\/producto\/kenevo-comp-6fattie-2023-especializado\/#breadcrumb","itemListElement":[{"@type":"ListItem","position":1,"name":"Portada","item":"https:\/\/gr-100.com\/en\/"},{"@type":"ListItem","position":2,"name":"Productos","item":"https:\/\/gr-100.com\/?post_type=product"},{"@type":"ListItem","position":3,"name":"Specialized Kenevo Comp 6Fattie 2023"}]},{"@type":"WebSite","@id":"https:\/\/gr-100.com\/#website","url":"https:\/\/gr-100.com\/","name":"Gr-100 Tienda de ciclismo Specialized","description":"GR-100 tenemos todas las gamas de bicicletas Specialized al mejor precio.","publisher":{"@id":"https:\/\/gr-100.com\/#organization"},"alternateName":"Gr-100 Bikes","potentialAction":[{"@type":"SearchAction","target":{"@type":"EntryPoint","urlTemplate":"https:\/\/gr-100.com\/?s={search_term_string}"},"query-input":{"@type":"PropertyValueSpecification","valueRequired":true,"valueName":"search_term_string"}}],"inLanguage":"pt-PT"},{"@type":"Organization","@id":"https:\/\/gr-100.com\/#organization","name":"Gr-100","url":"https:\/\/gr-100.com\/","logo":{"@type":"ImageObject","inLanguage":"pt-PT","@id":"https:\/\/gr-100.com\/#\/schema\/logo\/image\/","url":"https:\/\/gr-100.com\/wp-content\/uploads\/2023\/08\/logo-gr-100-bikes.png","contentUrl":"https:\/\/gr-100.com\/wp-content\/uploads\/2023\/08\/logo-gr-100-bikes.png","width":707,"height":284,"caption":"Gr-100"},"image":{"@id":"https:\/\/gr-100.com\/#\/schema\/logo\/image\/"},"sameAs":["https:\/\/www.facebook.com\/Gr100Bikes","https:\/\/www.instagram.com\/gr100bikes\/","https:\/\/www.tiktok.com\/@gr100bikes","https:\/\/twitter.com\/gr100mtbteam","https:\/\/www.youtube.com\/c\/GR100Specialized"]}]}},"_links":{"self":[{"href":"https:\/\/gr-100.com\/pt-pt\/wp-json\/wp\/v2\/product\/384643","targetHints":{"allow":["GET"]}}],"collection":[{"href":"https:\/\/gr-100.com\/pt-pt\/wp-json\/wp\/v2\/product"}],"about":[{"href":"https:\/\/gr-100.com\/pt-pt\/wp-json\/wp\/v2\/types\/product"}],"replies":[{"embeddable":true,"href":"https:\/\/gr-100.com\/pt-pt\/wp-json\/wp\/v2\/comments?post=384643"}],"wp:featuredmedia":[{"embeddable":true,"href":"https:\/\/gr-100.com\/pt-pt\/wp-json\/wp\/v2\/media\/307477"}],"wp:attachment":[{"href":"https:\/\/gr-100.com\/pt-pt\/wp-json\/wp\/v2\/media?parent=384643"}],"wp:term":[{"taxonomy":"product_brand","embeddable":true,"href":"https:\/\/gr-100.com\/pt-pt\/wp-json\/wp\/v2\/product_brand?post=384643"},{"taxonomy":"product_cat","embeddable":true,"href":"https:\/\/gr-100.com\/pt-pt\/wp-json\/wp\/v2\/product_cat?post=384643"},{"taxonomy":"product_tag","embeddable":true,"href":"https:\/\/gr-100.com\/pt-pt\/wp-json\/wp\/v2\/product_tag?post=384643"}],"curies":[{"name":"wp","href":"https:\/\/api.w.org\/{rel}","templated":true}]}}