{"id":384644,"date":"2024-07-01T14:50:17","date_gmt":"2024-07-01T12:50:17","guid":{"rendered":"https:\/\/gr-100.com\/producto\/especializado-turbo-como-sl-4-0-2022\/"},"modified":"2025-11-26T16:47:09","modified_gmt":"2025-11-26T14:47:09","slug":"especializado-turbo-como-sl-4-0-2022","status":"publish","type":"product","link":"https:\/\/gr-100.com\/pt-pt\/producto\/especializado-turbo-como-sl-4-0-2022\/","title":{"rendered":"Specialized Turbo Como SL 4.0 2022"},"content":{"rendered":"<p><iframe title=\"SPECIALIZED TURBO COMO SL 4.0 - BLANCA\" width=\"500\" height=\"281\" src=\"https:\/\/www.youtube.com\/embed\/kE9AuVmOPoo?feature=oembed\"  allow=\"accelerometer; autoplay; clipboard-write; encrypted-media; gyroscope; picture-in-picture; web-share\" referrerpolicy=\"strict-origin-when-cross-origin\" allowfullscreen><\/iframe><\/p>\n<ul>\n<li>Nexus Internal Gear Hub acionamento em cadeia de 5 velocidades para mudar quando parado, aumento do desempenho da bicicleta e redu\u00e7\u00e3o da manuten\u00e7\u00e3o da bicicleta em casa.<\/li>\n<li>Bateria de tubo descendente Specialized com compatibilidade opcional com extensor de alcance para at\u00e9 150 km de alcance.<\/li>\n<li>Specialized SL 1.1, pico de 240 W \/ 35 Nm, amplifica\u00e7\u00e3o 2x do condutor (180% de assist\u00eancia), assist\u00eancia at\u00e9 45 km\/h.<\/li>\n<li>Ilumina\u00e7\u00e3o dianteira e traseira integrada e brilhante para ver e ser visto.<\/li>\n<li>Rack frontal montado em rack com cesto e rede superior.<\/li>\n<li>Bagageiro traseiro Turbo Super Light compat\u00edvel com porta-malas e para-lamas DRYTECH.<\/li>\n<li>Suporte para ecr\u00e3 Turbo Connect.<\/li>\n<li>Roteamento de cabos internos limpo e gr\u00e1ficos reflexivos.<\/li>\n<li>TRP Flow set freios a disco hidr\u00e1ulicos para m\u00e1xima pot\u00eancia de parada.<\/li>\n<li>As rodas dur\u00e1veis de 650b combinadas com pneus Nimbus 2.3 suavizam estradas dif\u00edceis, enquanto fornecem prote\u00e7\u00e3o contra furos BlackBelt e detalhes reflexivos para aumentar a visibilidade<\/li>\n<\/ul>\n","protected":false},"excerpt":{"rendered":"<p>O que acontece quando trazemos o nosso sistema <strong>Super Light<\/strong> perfeitamente equilibrado para a nossa popular e-bike Turbo Como?<br \/>\nA melhor combina\u00e7\u00e3o de pot\u00eancia, autonomia e facilidade de utiliza\u00e7\u00e3o numa bicicleta el\u00e9trica urbana. <strong> O Turbo Como Super Light (SL)<\/strong> foi concebido para circular pela cidade e n\u00e3o s\u00f3.<br \/>\nCapaz de transportar <strong>o dobro do seu peso em carga<\/strong>, \u00e9 uma incr\u00edvel moto de recados que \u00e9 t\u00e3o emocionante de pilotar quanto f\u00e1cil de possuir.  <\/p>\n","protected":false},"featured_media":299687,"comment_status":"closed","ping_status":"closed","template":"","meta":{"_acf_changed":false,"_et_pb_use_builder":"","_et_pb_old_content":"","_et_gb_content_width":"","inline_featured_image":false},"product_brand":[],"product_cat":[2459,391,2483,2460,3255,2696,2953],"product_tag":[],"class_list":{"0":"post-384644","1":"product","2":"type-product","3":"status-publish","4":"has-post-thumbnail","6":"product_cat-bicicletas-pt-pt-2","7":"product_cat-eletricas","8":"product_cat-bicicletas-especializadas","9":"product_cat-ofertas-pt-pt","10":"product_cat-oferta-eletrica","11":"product_cat-ofertas-especializadas","12":"product_cat-super-ofertas-pt-pt","13":"product_shipping_class-bicicletas-pt-pt","15":"first","16":"outofstock","17":"taxable","18":"shipping-taxable","19":"product-type-variable","20":"wvs-archive-product-wrapper"},"acf":[],"yoast_head":"<!-- This site is optimized with the Yoast SEO Premium plugin v26.7 (Yoast SEO v26.7) - https:\/\/yoast.com\/wordpress\/plugins\/seo\/ -->\n<title>Specialized Turbo Como SL 4.0 2022 GR-100<\/title>\n<meta name=\"description\" content=\"SPECIALIZED TURBO COMO SL 4.0. Projetado para rolar pela cidade e al\u00e9m. Capaz de transportar o dobro do seu peso em carga. Alcance de 150km.\" \/>\n<meta name=\"robots\" content=\"index, follow, max-snippet:-1, max-image-preview:large, max-video-preview:-1\" \/>\n<link rel=\"canonical\" href=\"https:\/\/gr-100.com\/pt-pt\/producto\/especializado-turbo-como-sl-4-0-2022\/\" \/>\n<meta property=\"og:locale\" content=\"pt_PT\" \/>\n<meta property=\"og:type\" content=\"article\" \/>\n<meta property=\"og:title\" content=\"Specialized Turbo Como SL 4.0 2022\" \/>\n<meta property=\"og:description\" content=\"SPECIALIZED TURBO COMO SL 4.0. Projetado para rolar pela cidade e al\u00e9m. Capaz de transportar o dobro do seu peso em carga. Alcance de 150km.\" \/>\n<meta property=\"og:url\" content=\"https:\/\/gr-100.com\/pt-pt\/producto\/especializado-turbo-como-sl-4-0-2022\/\" \/>\n<meta property=\"og:site_name\" content=\"Gr-100 Tienda de ciclismo Specialized\" \/>\n<meta property=\"article:publisher\" content=\"https:\/\/www.facebook.com\/Gr100Bikes\" \/>\n<meta property=\"article:modified_time\" content=\"2025-11-26T14:47:09+00:00\" \/>\n<meta property=\"og:image\" content=\"https:\/\/gr-100.com\/wp-content\/uploads\/2024\/05\/Turbo-Como-SL-4.0-Raspberry-Transparent-2.jpg\" \/>\n\t<meta property=\"og:image:width\" content=\"1000\" \/>\n\t<meta property=\"og:image:height\" content=\"1000\" \/>\n\t<meta property=\"og:image:type\" content=\"image\/jpeg\" \/>\n<meta name=\"twitter:card\" content=\"summary_large_image\" \/>\n<meta name=\"twitter:label1\" content=\"Tempo estimado de leitura\" \/>\n\t<meta name=\"twitter:data1\" content=\"1 minuto\" \/>\n<script type=\"application\/ld+json\" class=\"yoast-schema-graph\">{\"@context\":\"https:\/\/schema.org\",\"@graph\":[{\"@type\":\"WebPage\",\"@id\":\"https:\/\/gr-100.com\/pt-pt\/producto\/especializado-turbo-como-sl-4-0-2022\/\",\"url\":\"https:\/\/gr-100.com\/pt-pt\/producto\/especializado-turbo-como-sl-4-0-2022\/\",\"name\":\"Specialized Turbo Como SL 4.0 2022 GR-100\",\"isPartOf\":{\"@id\":\"https:\/\/gr-100.com\/#website\"},\"primaryImageOfPage\":{\"@id\":\"https:\/\/gr-100.com\/pt-pt\/producto\/especializado-turbo-como-sl-4-0-2022\/#primaryimage\"},\"image\":{\"@id\":\"https:\/\/gr-100.com\/pt-pt\/producto\/especializado-turbo-como-sl-4-0-2022\/#primaryimage\"},\"thumbnailUrl\":\"https:\/\/gr-100.com\/wp-content\/uploads\/2024\/05\/Turbo-Como-SL-4.0-Raspberry-Transparent-2.jpg\",\"datePublished\":\"2024-07-01T12:50:17+00:00\",\"dateModified\":\"2025-11-26T14:47:09+00:00\",\"description\":\"SPECIALIZED TURBO COMO SL 4.0. Projetado para rolar pela cidade e al\u00e9m. Capaz de transportar o dobro do seu peso em carga. Alcance de 150km.\",\"breadcrumb\":{\"@id\":\"https:\/\/gr-100.com\/pt-pt\/producto\/especializado-turbo-como-sl-4-0-2022\/#breadcrumb\"},\"inLanguage\":\"pt-PT\",\"potentialAction\":[{\"@type\":\"ReadAction\",\"target\":[\"https:\/\/gr-100.com\/pt-pt\/producto\/especializado-turbo-como-sl-4-0-2022\/\"]}]},{\"@type\":\"ImageObject\",\"inLanguage\":\"pt-PT\",\"@id\":\"https:\/\/gr-100.com\/pt-pt\/producto\/especializado-turbo-como-sl-4-0-2022\/#primaryimage\",\"url\":\"https:\/\/gr-100.com\/wp-content\/uploads\/2024\/05\/Turbo-Como-SL-4.0-Raspberry-Transparent-2.jpg\",\"contentUrl\":\"https:\/\/gr-100.com\/wp-content\/uploads\/2024\/05\/Turbo-Como-SL-4.0-Raspberry-Transparent-2.jpg\",\"width\":1000,\"height\":1000},{\"@type\":\"BreadcrumbList\",\"@id\":\"https:\/\/gr-100.com\/pt-pt\/producto\/especializado-turbo-como-sl-4-0-2022\/#breadcrumb\",\"itemListElement\":[{\"@type\":\"ListItem\",\"position\":1,\"name\":\"Portada\",\"item\":\"https:\/\/gr-100.com\/en\/\"},{\"@type\":\"ListItem\",\"position\":2,\"name\":\"Productos\",\"item\":\"https:\/\/gr-100.com\/?post_type=product\"},{\"@type\":\"ListItem\",\"position\":3,\"name\":\"Specialized Turbo Como SL 4.0 2022\"}]},{\"@type\":\"WebSite\",\"@id\":\"https:\/\/gr-100.com\/#website\",\"url\":\"https:\/\/gr-100.com\/\",\"name\":\"Gr-100 Tienda de ciclismo Specialized\",\"description\":\"GR-100 tenemos todas las gamas de bicicletas Specialized al mejor precio.\",\"publisher\":{\"@id\":\"https:\/\/gr-100.com\/#organization\"},\"alternateName\":\"Gr-100 Bikes\",\"potentialAction\":[{\"@type\":\"SearchAction\",\"target\":{\"@type\":\"EntryPoint\",\"urlTemplate\":\"https:\/\/gr-100.com\/?s={search_term_string}\"},\"query-input\":{\"@type\":\"PropertyValueSpecification\",\"valueRequired\":true,\"valueName\":\"search_term_string\"}}],\"inLanguage\":\"pt-PT\"},{\"@type\":\"Organization\",\"@id\":\"https:\/\/gr-100.com\/#organization\",\"name\":\"Gr-100\",\"url\":\"https:\/\/gr-100.com\/\",\"logo\":{\"@type\":\"ImageObject\",\"inLanguage\":\"pt-PT\",\"@id\":\"https:\/\/gr-100.com\/#\/schema\/logo\/image\/\",\"url\":\"https:\/\/gr-100.com\/wp-content\/uploads\/2023\/08\/logo-gr-100-bikes.png\",\"contentUrl\":\"https:\/\/gr-100.com\/wp-content\/uploads\/2023\/08\/logo-gr-100-bikes.png\",\"width\":707,\"height\":284,\"caption\":\"Gr-100\"},\"image\":{\"@id\":\"https:\/\/gr-100.com\/#\/schema\/logo\/image\/\"},\"sameAs\":[\"https:\/\/www.facebook.com\/Gr100Bikes\",\"https:\/\/www.instagram.com\/gr100bikes\/\",\"https:\/\/www.tiktok.com\/@gr100bikes\",\"https:\/\/twitter.com\/gr100mtbteam\",\"https:\/\/www.youtube.com\/c\/GR100Specialized\"]}]}<\/script>\n<!-- \/ Yoast SEO Premium plugin. -->","yoast_head_json":{"title":"Specialized Turbo Como SL 4.0 2022 GR-100","description":"SPECIALIZED TURBO COMO SL 4.0. Projetado para rolar pela cidade e al\u00e9m. Capaz de transportar o dobro do seu peso em carga. Alcance de 150km.","robots":{"index":"index","follow":"follow","max-snippet":"max-snippet:-1","max-image-preview":"max-image-preview:large","max-video-preview":"max-video-preview:-1"},"canonical":"https:\/\/gr-100.com\/pt-pt\/producto\/especializado-turbo-como-sl-4-0-2022\/","og_locale":"pt_PT","og_type":"article","og_title":"Specialized Turbo Como SL 4.0 2022","og_description":"SPECIALIZED TURBO COMO SL 4.0. Projetado para rolar pela cidade e al\u00e9m. Capaz de transportar o dobro do seu peso em carga. Alcance de 150km.","og_url":"https:\/\/gr-100.com\/pt-pt\/producto\/especializado-turbo-como-sl-4-0-2022\/","og_site_name":"Gr-100 Tienda de ciclismo Specialized","article_publisher":"https:\/\/www.facebook.com\/Gr100Bikes","article_modified_time":"2025-11-26T14:47:09+00:00","og_image":[{"width":1000,"height":1000,"url":"https:\/\/gr-100.com\/wp-content\/uploads\/2024\/05\/Turbo-Como-SL-4.0-Raspberry-Transparent-2.jpg","type":"image\/jpeg"}],"twitter_card":"summary_large_image","twitter_misc":{"Tempo estimado de leitura":"1 minuto"},"schema":{"@context":"https:\/\/schema.org","@graph":[{"@type":"WebPage","@id":"https:\/\/gr-100.com\/pt-pt\/producto\/especializado-turbo-como-sl-4-0-2022\/","url":"https:\/\/gr-100.com\/pt-pt\/producto\/especializado-turbo-como-sl-4-0-2022\/","name":"Specialized Turbo Como SL 4.0 2022 GR-100","isPartOf":{"@id":"https:\/\/gr-100.com\/#website"},"primaryImageOfPage":{"@id":"https:\/\/gr-100.com\/pt-pt\/producto\/especializado-turbo-como-sl-4-0-2022\/#primaryimage"},"image":{"@id":"https:\/\/gr-100.com\/pt-pt\/producto\/especializado-turbo-como-sl-4-0-2022\/#primaryimage"},"thumbnailUrl":"https:\/\/gr-100.com\/wp-content\/uploads\/2024\/05\/Turbo-Como-SL-4.0-Raspberry-Transparent-2.jpg","datePublished":"2024-07-01T12:50:17+00:00","dateModified":"2025-11-26T14:47:09+00:00","description":"SPECIALIZED TURBO COMO SL 4.0. Projetado para rolar pela cidade e al\u00e9m. Capaz de transportar o dobro do seu peso em carga. Alcance de 150km.","breadcrumb":{"@id":"https:\/\/gr-100.com\/pt-pt\/producto\/especializado-turbo-como-sl-4-0-2022\/#breadcrumb"},"inLanguage":"pt-PT","potentialAction":[{"@type":"ReadAction","target":["https:\/\/gr-100.com\/pt-pt\/producto\/especializado-turbo-como-sl-4-0-2022\/"]}]},{"@type":"ImageObject","inLanguage":"pt-PT","@id":"https:\/\/gr-100.com\/pt-pt\/producto\/especializado-turbo-como-sl-4-0-2022\/#primaryimage","url":"https:\/\/gr-100.com\/wp-content\/uploads\/2024\/05\/Turbo-Como-SL-4.0-Raspberry-Transparent-2.jpg","contentUrl":"https:\/\/gr-100.com\/wp-content\/uploads\/2024\/05\/Turbo-Como-SL-4.0-Raspberry-Transparent-2.jpg","width":1000,"height":1000},{"@type":"BreadcrumbList","@id":"https:\/\/gr-100.com\/pt-pt\/producto\/especializado-turbo-como-sl-4-0-2022\/#breadcrumb","itemListElement":[{"@type":"ListItem","position":1,"name":"Portada","item":"https:\/\/gr-100.com\/en\/"},{"@type":"ListItem","position":2,"name":"Productos","item":"https:\/\/gr-100.com\/?post_type=product"},{"@type":"ListItem","position":3,"name":"Specialized Turbo Como SL 4.0 2022"}]},{"@type":"WebSite","@id":"https:\/\/gr-100.com\/#website","url":"https:\/\/gr-100.com\/","name":"Gr-100 Tienda de ciclismo Specialized","description":"GR-100 tenemos todas las gamas de bicicletas Specialized al mejor precio.","publisher":{"@id":"https:\/\/gr-100.com\/#organization"},"alternateName":"Gr-100 Bikes","potentialAction":[{"@type":"SearchAction","target":{"@type":"EntryPoint","urlTemplate":"https:\/\/gr-100.com\/?s={search_term_string}"},"query-input":{"@type":"PropertyValueSpecification","valueRequired":true,"valueName":"search_term_string"}}],"inLanguage":"pt-PT"},{"@type":"Organization","@id":"https:\/\/gr-100.com\/#organization","name":"Gr-100","url":"https:\/\/gr-100.com\/","logo":{"@type":"ImageObject","inLanguage":"pt-PT","@id":"https:\/\/gr-100.com\/#\/schema\/logo\/image\/","url":"https:\/\/gr-100.com\/wp-content\/uploads\/2023\/08\/logo-gr-100-bikes.png","contentUrl":"https:\/\/gr-100.com\/wp-content\/uploads\/2023\/08\/logo-gr-100-bikes.png","width":707,"height":284,"caption":"Gr-100"},"image":{"@id":"https:\/\/gr-100.com\/#\/schema\/logo\/image\/"},"sameAs":["https:\/\/www.facebook.com\/Gr100Bikes","https:\/\/www.instagram.com\/gr100bikes\/","https:\/\/www.tiktok.com\/@gr100bikes","https:\/\/twitter.com\/gr100mtbteam","https:\/\/www.youtube.com\/c\/GR100Specialized"]}]}},"_links":{"self":[{"href":"https:\/\/gr-100.com\/pt-pt\/wp-json\/wp\/v2\/product\/384644","targetHints":{"allow":["GET"]}}],"collection":[{"href":"https:\/\/gr-100.com\/pt-pt\/wp-json\/wp\/v2\/product"}],"about":[{"href":"https:\/\/gr-100.com\/pt-pt\/wp-json\/wp\/v2\/types\/product"}],"replies":[{"embeddable":true,"href":"https:\/\/gr-100.com\/pt-pt\/wp-json\/wp\/v2\/comments?post=384644"}],"wp:featuredmedia":[{"embeddable":true,"href":"https:\/\/gr-100.com\/pt-pt\/wp-json\/wp\/v2\/media\/299687"}],"wp:attachment":[{"href":"https:\/\/gr-100.com\/pt-pt\/wp-json\/wp\/v2\/media?parent=384644"}],"wp:term":[{"taxonomy":"product_brand","embeddable":true,"href":"https:\/\/gr-100.com\/pt-pt\/wp-json\/wp\/v2\/product_brand?post=384644"},{"taxonomy":"product_cat","embeddable":true,"href":"https:\/\/gr-100.com\/pt-pt\/wp-json\/wp\/v2\/product_cat?post=384644"},{"taxonomy":"product_tag","embeddable":true,"href":"https:\/\/gr-100.com\/pt-pt\/wp-json\/wp\/v2\/product_tag?post=384644"}],"curies":[{"name":"wp","href":"https:\/\/api.w.org\/{rel}","templated":true}]}}