{"id":384673,"date":"2024-07-01T14:52:11","date_gmt":"2024-07-01T12:52:11","guid":{"rendered":"https:\/\/gr-100.com\/producto\/especializado-turbo-levo-alloy-2024-novo-mastermind\/"},"modified":"2025-09-22T16:52:09","modified_gmt":"2025-09-22T14:52:09","slug":"especializado-turbo-levo-alloy-2024-novo-mastermind","status":"publish","type":"product","link":"https:\/\/gr-100.com\/pt-pt\/producto\/especializado-turbo-levo-alloy-2024-novo-mastermind\/","title":{"rendered":"Specialized Turbo Levo Alloy 2024 Novo MasterMind"},"content":{"rendered":"<p>https:\/\/youtu.be\/sSg3GECa0yo La Levo ofrece una potencia incre\u00edble para recorrer m\u00e1s senderos a trav\u00e9s de una combinaci\u00f3n inigualable de calidad de marcha, potencia utilizable y autonom\u00eda para viajar a cualquier lugar. Es la destilaci\u00f3n, aplicaci\u00f3n y amplificaci\u00f3n de una obsesi\u00f3n de 40 a\u00f1os por crear las mejores bicicletas de monta\u00f1a del mundo. Desde su introducci\u00f3n, Levo ha fijado el list\u00f3n al que aspiran todas las dem\u00e1s e-MTB, y el \u00faltimo Levo vuelve a elevar ese list\u00f3n.<br \/>\nComienza con nuestro motor Turbo Full Power 2.2 y la unidad Master Mind Turbo Connect (TCU), que brindan a Levo una amplificaci\u00f3n suave y fluida de tus esfuerzos: 4 veces tu potencia que te permite elegir d\u00f3nde viajar y cu\u00e1ndo quieres hacerlo. . Levo tambi\u00e9n supera las limitaciones en cuanto a alcance, amplificando tu esfuerzo hasta por cinco horas de tiempo de recorrido. Ahora puedes viajar m\u00e1s lejos y explorar m\u00e1s que nunca. Y el chasis optimizado cuenta con 150 mm de suspensi\u00f3n trasera personalizada y geometr\u00eda ajustable que brinda una conducci\u00f3n estable y natural como ninguna otra. Porque al final del d\u00eda lo que importa es el viaje. Cr\u00e9elo.<br \/>\nM\u00e1s subidas, m\u00e1s descensos, m\u00e1s kil\u00f3metros, m\u00e1s diversi\u00f3n. Equipado con una transmisi\u00f3n SRAM SX\/NX sencilla, una suspensi\u00f3n RockShox que domina los senderos y un juego de ruedas de aleaci\u00f3n liviano y duradero, el Turbo Levo ofrece m\u00e1s de todo lo que te encanta del ciclismo de monta\u00f1a. El motor Turbo Full Power 2.2 totalmente integrado de Levo, la bater\u00eda de 700 Wh y la unidad Turbo Connect ofrecen 90 Nm de par l\u00edder en su categor\u00eda y 565 vatios de potencia para hasta cinco horas de conducci\u00f3n, lo que le permite viajar m\u00e1s lejos y m\u00e1s r\u00e1pido que nunca. La unidad de control MasterMind Turbo es su centro de informaci\u00f3n con campos de visualizaci\u00f3n personalizables, incluido el porcentaje exacto del nivel de la bater\u00eda, y presenta nuestra nueva funci\u00f3n MicroTune para ajustar la entrega de energ\u00eda en incrementos del 10 %, para que obtenga exactamente el soporte que necesita para experimentar. exactamente el viaje que deseas.<br \/>\nUn dise\u00f1o exclusivo de tama\u00f1o de rueda mixta con una rueda de 27,5\u201d en la parte trasera y 29\u201d en la parte delantera ofrece una conducci\u00f3n \u00e1gil que traza c\u00edrculos alrededor de otras e-MTB de m\u00e1xima potencia. Una cabina generosa te centra en la bicicleta, optimizando la tracci\u00f3n y el control en las curvas. El pedalier bajo, el \u00e1ngulo flojo del tubo de direcci\u00f3n y el desplazamiento reducido de la horquilla mantienen la estabilidad en terrenos dif\u00edciles.<\/p>\n<p><strong><span class=\"Collapsible__ExpandItem open\" role=\"button\">Especifica\u00e7\u00f5es<\/span><\/strong><\/p>\n<div class=\"spec-section\">\n<div class=\"product-specification\">\n<p>CONJUNTO DE QUADROS<\/p>\n<dl>\n<dt>Encaderna\u00e7\u00e3o de assentos<\/dt>\n<dd>Liga, 38.6mm<\/dd>\n<\/dl>\n<dl>\n<dt>Moldura<\/dt>\n<dd>Specialized , ajuste de altura BB, dimensionamento S, roteamento de cabos internos, curso de 150 mm, espa\u00e7amento de 148 mm<\/dd>\n<\/dl>\n<\/div>\n<div class=\"product-specification\">\n<p>SUSPENS\u00c3O<\/p>\n<dl>\n<dt>Garfo<\/dt>\n<dd>RockShox 35 Prata, 35mm stanchion, Amortecedor chave na m\u00e3o, S1: 150mm de curso, S2-S6: 160mm de curso<\/dd>\n<\/dl>\n<dl>\n<dt>Choque<\/dt>\n<p> traseiro<\/p>\n<dd>RockShox Deluxe Select R, ajuste de rebote, S1: 52.5x210mm, S2-S6: 55x210mm<\/dd>\n<\/dl>\n<\/div>\n<div class=\"product-specification\">\n<p>CABINE DE PILOTAGEM<\/p>\n<dl>\n<dt>Caule<\/dt>\n<dd>Haste Alloy Trail, furo de barra de 35mm<\/dd>\n<\/dl>\n<dl>\n<dt>Sela<\/dt>\n<dd>Selim de ponte de geometria do corpo, trilhos de a\u00e7o<\/dd>\n<\/dl>\n<dl>\n<dt>Punhos<\/dt>\n<dd>Specialized<\/dd>\n<\/dl>\n<dl>\n<dt>Guiador<\/dt>\n<dd>Specialized, liga 6061, upsweep de 6 graus, backsweep de 8 graus, eleva\u00e7\u00e3o de 30mm, largura de 780mm<\/dd>\n<\/dl>\n<dl>\n<dt>Poste de assento<\/dt>\n<dd>Conta-gotas TranzX, 34.9mm, S1: 100mm, S2: 125mm, S3: 150mm.<br \/>\nS4-S5: 170mm, S6-200mm <\/dd>\n<\/dl>\n<\/div>\n<div class=\"product-specification\">\n<p>TRAV\u00d5ES<\/p>\n<dl>\n<dt>Freio dianteiro<\/dt>\n<dd>SRAM DB8<\/dd>\n<\/dl>\n<dl>\n<dt>Freio traseiro<\/dt>\n<dd>SRAM DB8<\/dd>\n<\/dl>\n<\/div>\n<div class=\"product-specification\">\n<p>TRANSMISS\u00c3O<\/p>\n<dl>\n<dt>Virabrequim<\/dt>\n<dd>Pr\u00e1xis forjado M30, deslocamento personalizado, 160mm<\/dd>\n<\/dl>\n<dl>\n<dt>Cadeia<\/dt>\n<dd>SRAM NX Eagle, 12 velocidades<\/dd>\n<\/dl>\n<dl>\n<dt>\n<\/dt>\n<dd>SRAM NX Eagle, 12 velocidades, 11-50t<\/dd>\n<\/dl>\n<dl>\n<dt>Alavancas de<\/dt>\n<p> mudan\u00e7a<\/p>\n<dd>SRAM SL SX Eagle, 12 velocidades<\/dd>\n<\/dl>\n<dl>\n<dt>Descarrilador<\/dt>\n<p> traseiro<\/p>\n<dd>SRAM SX Eagle, 12 velocidades<\/dd>\n<\/dl>\n<dl>\n<dt>An\u00e9is de<\/dt>\n<p> corrente<\/p>\n<dd>SRAM X-Sync Eagle, 104 BCD, 32T, a\u00e7o<\/dd>\n<\/dl>\n<\/div>\n<div class=\"product-specification\">\n<p>RODAS &amp; PNEUS<\/p>\n<dl>\n<dt>Cubo traseiro<\/dt>\n<dd>Liga, rolamentos de cartucho selado, eixo thru 12x148mm, 32h<\/dd>\n<\/dl>\n<dl>\n<dt>Pneu<\/dt>\n<p> dianteiro<\/p>\n<dd>Talho, carca\u00e7a GRID TRAIL, composto GRIPTON\u00ae T9, 2Bliss Ready, 29&#215;2.6&#8243;<\/dd>\n<\/dl>\n<dl>\n<dt>Raios<\/dt>\n<dd>DT Su\u00ed\u00e7a<\/dd>\n<\/dl>\n<dl>\n<dt>Pneu traseiro<\/dt>\n<dd>Eliminador, inv\u00f3lucro GRID TRAIL, composto GRIPTON\u00ae T7, 2Bliss Ready, 27.5&#215;2.6&#8243;<\/dd>\n<\/dl>\n<dl>\n<dt>Jantes<\/dt>\n<dd>Specialized 29, liga sem gancho, 30mm de largura interna, pronto sem tubo<\/dd>\n<\/dl>\n<dl>\n<dt>Cubo<\/dt>\n<p> frontal<\/p>\n<dd>Specialized de cubo dianteiro de liga especial, rolamentos de cardridge selados, 6 parafusos, eixo thru de 15x110mm, 32h<\/dd>\n<\/dl>\n<dl>\n<dt>Tubos Internos<\/dt>\n<dd>Padr\u00e3o 40mm PV 29\/27.5&#215;1.75-2.4<\/dd>\n<\/dl>\n<\/div>\n<div class=\"product-specification\">\n<p>E-BICICLETA<\/p>\n<dl>\n<dt>Cablagem<\/dt>\n<dd>Chicote de cablagem Specialized personalizado<\/dd>\n<\/dl>\n<dl>\n<dt>Carregador<\/dt>\n<dd>Carregador personalizado, 42V4A c\/ ficha Rosenberger, 100-240V<\/dd>\n<\/dl>\n<dl>\n<dt>Motores<\/dt>\n<dd>Specialized 2.1 Custom Rx Trail Motor Sintonizado<\/dd>\n<\/dl>\n<dl>\n<dt>Bateria<\/dt>\n<dd>Specialized M3-700, bateria integrada, 700Wh<\/dd>\n<\/dl>\n<dl>\n<dt>UI\/Remoto<\/dt>\n<dd>TCU Specialized, percentagem da carga restante, 120 configura\u00e7\u00f5es de ecr\u00e3 poss\u00edveis, ajuste de assist\u00eancia MicroTune, ANT+\/Bluetooth\u00ae, w\/Handlebar remoto<\/dd>\n<\/dl>\n<\/div>\n<div class=\"product-specification\">\n<p>ACESS\u00d3RIOS<\/p>\n<dl>\n<dt>SWAT<\/dt>\n<dd>Ferramenta integrada de tubo direcional SWAT CC com ferramenta de corrente e link<\/dd>\n<\/dl>\n<dl>\n<dt>Pedais<\/dt>\n<dd>PEDAL, PEDAIS TEST RIDE FORNECIDOS PELA SPECIALIZED<\/dd>\n<\/dl>\n<\/div>\n<div class=\"product-specification\">\n<p>PESO<\/p>\n<dl>\n<dt>Peso<\/dt>\n<dd>24,58 kg (54 lb, 3 on\u00e7as)<\/dd>\n<\/dl>\n<dl>\n<dt>Tamanho do<\/dt>\n<p> peso<\/p>\n<dd>S4<\/dd>\n<\/dl>\n<\/div>\n<\/div>\n","protected":false},"excerpt":{"rendered":"<p>O novo <strong>Levo<\/strong> oferece <strong>uma pot\u00eancia incr\u00edvel com bateria de 700Wh e o novo MasterMind <\/strong>para percorrer mais trilhas atrav\u00e9s de uma combina\u00e7\u00e3o incompar\u00e1vel de qualidade de condu\u00e7\u00e3o, pot\u00eancia utiliz\u00e1vel e viagens em qualquer alcance.<br \/>\n\u00c9 a destila\u00e7\u00e3o, aplica\u00e7\u00e3o e amplifica\u00e7\u00e3o de uma obsess\u00e3o de 40 anos em criar as melhores bicicletas de montanha do mundo.<br \/>\nDesde a sua introdu\u00e7\u00e3o, o Levo estabeleceu a fasquia a que todos os outros MTB aspiram, e o novo Levo eleva essa fasquia novamente.  <\/p>\n","protected":false},"featured_media":307374,"comment_status":"closed","ping_status":"closed","template":"","meta":{"_acf_changed":false,"_et_pb_use_builder":"","_et_pb_old_content":"","_et_gb_content_width":"","inline_featured_image":false},"product_brand":[],"product_cat":[2459,391,2483,2696],"product_tag":[],"class_list":{"0":"post-384673","1":"product","2":"type-product","3":"status-publish","4":"has-post-thumbnail","6":"product_cat-bicicletas-pt-pt-2","7":"product_cat-eletricas","8":"product_cat-bicicletas-especializadas","9":"product_cat-ofertas-especializadas","10":"product_shipping_class-bicicletas-pt-pt","12":"first","13":"outofstock","14":"featured","15":"taxable","16":"shipping-taxable","17":"product-type-variable","18":"wvs-archive-product-wrapper"},"acf":[],"yoast_head":"<!-- This site is optimized with the Yoast SEO Premium plugin v26.7 (Yoast SEO v26.7) - https:\/\/yoast.com\/wordpress\/plugins\/seo\/ -->\n<title>Specialized Turbo Levo Alloy 2024 Novo MasterMind GR-100<\/title>\n<meta name=\"description\" content=\"Specialized Turbo Levo Alloy 2024 Novo MasterMind. Specialized M3-700, 700Wh. Motor 2.2 turbo de pot\u00eancia total. 90 Nm de bin\u00e1rio e 565 watts.\" \/>\n<meta name=\"robots\" content=\"index, follow, max-snippet:-1, max-image-preview:large, max-video-preview:-1\" \/>\n<link rel=\"canonical\" href=\"https:\/\/gr-100.com\/pt-pt\/producto\/especializado-turbo-levo-alloy-2024-novo-mastermind\/\" \/>\n<meta property=\"og:locale\" content=\"pt_PT\" \/>\n<meta property=\"og:type\" content=\"article\" \/>\n<meta property=\"og:title\" content=\"Specialized Turbo Levo Alloy 2024 Novo MasterMind\" \/>\n<meta property=\"og:description\" content=\"Specialized Turbo Levo Alloy 2024 Novo MasterMind. Specialized M3-700, 700Wh. Motor 2.2 turbo de pot\u00eancia total. 90 Nm de bin\u00e1rio e 565 watts.\" \/>\n<meta property=\"og:url\" content=\"https:\/\/gr-100.com\/pt-pt\/producto\/especializado-turbo-levo-alloy-2024-novo-mastermind\/\" \/>\n<meta property=\"og:site_name\" content=\"Gr-100 Tienda de ciclismo Specialized\" \/>\n<meta property=\"article:publisher\" content=\"https:\/\/www.facebook.com\/Gr100Bikes\" \/>\n<meta property=\"article:modified_time\" content=\"2025-09-22T14:52:09+00:00\" \/>\n<meta property=\"og:image\" content=\"https:\/\/gr-100.com\/wp-content\/uploads\/2024\/05\/Levo2024Satin-Dark-Moss-Green-Dune-White_1.jpg\" \/>\n\t<meta property=\"og:image:width\" content=\"1000\" \/>\n\t<meta property=\"og:image:height\" content=\"1000\" \/>\n\t<meta property=\"og:image:type\" content=\"image\/jpeg\" \/>\n<meta name=\"twitter:card\" content=\"summary_large_image\" \/>\n<meta name=\"twitter:label1\" content=\"Tempo estimado de leitura\" \/>\n\t<meta name=\"twitter:data1\" content=\"4 minutos\" \/>\n<script type=\"application\/ld+json\" class=\"yoast-schema-graph\">{\"@context\":\"https:\/\/schema.org\",\"@graph\":[{\"@type\":\"WebPage\",\"@id\":\"https:\/\/gr-100.com\/pt-pt\/producto\/especializado-turbo-levo-alloy-2024-novo-mastermind\/\",\"url\":\"https:\/\/gr-100.com\/pt-pt\/producto\/especializado-turbo-levo-alloy-2024-novo-mastermind\/\",\"name\":\"Specialized Turbo Levo Alloy 2024 Novo MasterMind GR-100\",\"isPartOf\":{\"@id\":\"https:\/\/gr-100.com\/#website\"},\"primaryImageOfPage\":{\"@id\":\"https:\/\/gr-100.com\/pt-pt\/producto\/especializado-turbo-levo-alloy-2024-novo-mastermind\/#primaryimage\"},\"image\":{\"@id\":\"https:\/\/gr-100.com\/pt-pt\/producto\/especializado-turbo-levo-alloy-2024-novo-mastermind\/#primaryimage\"},\"thumbnailUrl\":\"https:\/\/gr-100.com\/wp-content\/uploads\/2024\/05\/Levo_24_Black-Light-Silver-Black_3.jpg\",\"datePublished\":\"2024-07-01T12:52:11+00:00\",\"dateModified\":\"2025-09-22T14:52:09+00:00\",\"description\":\"Specialized Turbo Levo Alloy 2024 Novo MasterMind. Specialized M3-700, 700Wh. Motor 2.2 turbo de pot\u00eancia total. 90 Nm de bin\u00e1rio e 565 watts.\",\"breadcrumb\":{\"@id\":\"https:\/\/gr-100.com\/pt-pt\/producto\/especializado-turbo-levo-alloy-2024-novo-mastermind\/#breadcrumb\"},\"inLanguage\":\"pt-PT\",\"potentialAction\":[{\"@type\":\"ReadAction\",\"target\":[\"https:\/\/gr-100.com\/pt-pt\/producto\/especializado-turbo-levo-alloy-2024-novo-mastermind\/\"]}]},{\"@type\":\"ImageObject\",\"inLanguage\":\"pt-PT\",\"@id\":\"https:\/\/gr-100.com\/pt-pt\/producto\/especializado-turbo-levo-alloy-2024-novo-mastermind\/#primaryimage\",\"url\":\"https:\/\/gr-100.com\/wp-content\/uploads\/2024\/05\/Levo_24_Black-Light-Silver-Black_3.jpg\",\"contentUrl\":\"https:\/\/gr-100.com\/wp-content\/uploads\/2024\/05\/Levo_24_Black-Light-Silver-Black_3.jpg\",\"width\":1000,\"height\":1000},{\"@type\":\"BreadcrumbList\",\"@id\":\"https:\/\/gr-100.com\/pt-pt\/producto\/especializado-turbo-levo-alloy-2024-novo-mastermind\/#breadcrumb\",\"itemListElement\":[{\"@type\":\"ListItem\",\"position\":1,\"name\":\"Portada\",\"item\":\"https:\/\/gr-100.com\/en\/\"},{\"@type\":\"ListItem\",\"position\":2,\"name\":\"Productos\",\"item\":\"https:\/\/gr-100.com\/?post_type=product\"},{\"@type\":\"ListItem\",\"position\":3,\"name\":\"Specialized Turbo Levo Alloy 2024 Novo MasterMind\"}]},{\"@type\":\"WebSite\",\"@id\":\"https:\/\/gr-100.com\/#website\",\"url\":\"https:\/\/gr-100.com\/\",\"name\":\"Gr-100 Tienda de ciclismo Specialized\",\"description\":\"GR-100 tenemos todas las gamas de bicicletas Specialized al mejor precio.\",\"publisher\":{\"@id\":\"https:\/\/gr-100.com\/#organization\"},\"alternateName\":\"Gr-100 Bikes\",\"potentialAction\":[{\"@type\":\"SearchAction\",\"target\":{\"@type\":\"EntryPoint\",\"urlTemplate\":\"https:\/\/gr-100.com\/?s={search_term_string}\"},\"query-input\":{\"@type\":\"PropertyValueSpecification\",\"valueRequired\":true,\"valueName\":\"search_term_string\"}}],\"inLanguage\":\"pt-PT\"},{\"@type\":\"Organization\",\"@id\":\"https:\/\/gr-100.com\/#organization\",\"name\":\"Gr-100\",\"url\":\"https:\/\/gr-100.com\/\",\"logo\":{\"@type\":\"ImageObject\",\"inLanguage\":\"pt-PT\",\"@id\":\"https:\/\/gr-100.com\/#\/schema\/logo\/image\/\",\"url\":\"https:\/\/gr-100.com\/wp-content\/uploads\/2023\/08\/logo-gr-100-bikes.png\",\"contentUrl\":\"https:\/\/gr-100.com\/wp-content\/uploads\/2023\/08\/logo-gr-100-bikes.png\",\"width\":707,\"height\":284,\"caption\":\"Gr-100\"},\"image\":{\"@id\":\"https:\/\/gr-100.com\/#\/schema\/logo\/image\/\"},\"sameAs\":[\"https:\/\/www.facebook.com\/Gr100Bikes\",\"https:\/\/www.instagram.com\/gr100bikes\/\",\"https:\/\/www.tiktok.com\/@gr100bikes\",\"https:\/\/twitter.com\/gr100mtbteam\",\"https:\/\/www.youtube.com\/c\/GR100Specialized\"]}]}<\/script>\n<!-- \/ Yoast SEO Premium plugin. -->","yoast_head_json":{"title":"Specialized Turbo Levo Alloy 2024 Novo MasterMind GR-100","description":"Specialized Turbo Levo Alloy 2024 Novo MasterMind. Specialized M3-700, 700Wh. Motor 2.2 turbo de pot\u00eancia total. 90 Nm de bin\u00e1rio e 565 watts.","robots":{"index":"index","follow":"follow","max-snippet":"max-snippet:-1","max-image-preview":"max-image-preview:large","max-video-preview":"max-video-preview:-1"},"canonical":"https:\/\/gr-100.com\/pt-pt\/producto\/especializado-turbo-levo-alloy-2024-novo-mastermind\/","og_locale":"pt_PT","og_type":"article","og_title":"Specialized Turbo Levo Alloy 2024 Novo MasterMind","og_description":"Specialized Turbo Levo Alloy 2024 Novo MasterMind. Specialized M3-700, 700Wh. Motor 2.2 turbo de pot\u00eancia total. 90 Nm de bin\u00e1rio e 565 watts.","og_url":"https:\/\/gr-100.com\/pt-pt\/producto\/especializado-turbo-levo-alloy-2024-novo-mastermind\/","og_site_name":"Gr-100 Tienda de ciclismo Specialized","article_publisher":"https:\/\/www.facebook.com\/Gr100Bikes","article_modified_time":"2025-09-22T14:52:09+00:00","og_image":[{"width":1000,"height":1000,"url":"https:\/\/gr-100.com\/wp-content\/uploads\/2024\/05\/Levo2024Satin-Dark-Moss-Green-Dune-White_1.jpg","type":"image\/jpeg"}],"twitter_card":"summary_large_image","twitter_misc":{"Tempo estimado de leitura":"4 minutos"},"schema":{"@context":"https:\/\/schema.org","@graph":[{"@type":"WebPage","@id":"https:\/\/gr-100.com\/pt-pt\/producto\/especializado-turbo-levo-alloy-2024-novo-mastermind\/","url":"https:\/\/gr-100.com\/pt-pt\/producto\/especializado-turbo-levo-alloy-2024-novo-mastermind\/","name":"Specialized Turbo Levo Alloy 2024 Novo MasterMind GR-100","isPartOf":{"@id":"https:\/\/gr-100.com\/#website"},"primaryImageOfPage":{"@id":"https:\/\/gr-100.com\/pt-pt\/producto\/especializado-turbo-levo-alloy-2024-novo-mastermind\/#primaryimage"},"image":{"@id":"https:\/\/gr-100.com\/pt-pt\/producto\/especializado-turbo-levo-alloy-2024-novo-mastermind\/#primaryimage"},"thumbnailUrl":"https:\/\/gr-100.com\/wp-content\/uploads\/2024\/05\/Levo_24_Black-Light-Silver-Black_3.jpg","datePublished":"2024-07-01T12:52:11+00:00","dateModified":"2025-09-22T14:52:09+00:00","description":"Specialized Turbo Levo Alloy 2024 Novo MasterMind. Specialized M3-700, 700Wh. Motor 2.2 turbo de pot\u00eancia total. 90 Nm de bin\u00e1rio e 565 watts.","breadcrumb":{"@id":"https:\/\/gr-100.com\/pt-pt\/producto\/especializado-turbo-levo-alloy-2024-novo-mastermind\/#breadcrumb"},"inLanguage":"pt-PT","potentialAction":[{"@type":"ReadAction","target":["https:\/\/gr-100.com\/pt-pt\/producto\/especializado-turbo-levo-alloy-2024-novo-mastermind\/"]}]},{"@type":"ImageObject","inLanguage":"pt-PT","@id":"https:\/\/gr-100.com\/pt-pt\/producto\/especializado-turbo-levo-alloy-2024-novo-mastermind\/#primaryimage","url":"https:\/\/gr-100.com\/wp-content\/uploads\/2024\/05\/Levo_24_Black-Light-Silver-Black_3.jpg","contentUrl":"https:\/\/gr-100.com\/wp-content\/uploads\/2024\/05\/Levo_24_Black-Light-Silver-Black_3.jpg","width":1000,"height":1000},{"@type":"BreadcrumbList","@id":"https:\/\/gr-100.com\/pt-pt\/producto\/especializado-turbo-levo-alloy-2024-novo-mastermind\/#breadcrumb","itemListElement":[{"@type":"ListItem","position":1,"name":"Portada","item":"https:\/\/gr-100.com\/en\/"},{"@type":"ListItem","position":2,"name":"Productos","item":"https:\/\/gr-100.com\/?post_type=product"},{"@type":"ListItem","position":3,"name":"Specialized Turbo Levo Alloy 2024 Novo MasterMind"}]},{"@type":"WebSite","@id":"https:\/\/gr-100.com\/#website","url":"https:\/\/gr-100.com\/","name":"Gr-100 Tienda de ciclismo Specialized","description":"GR-100 tenemos todas las gamas de bicicletas Specialized al mejor precio.","publisher":{"@id":"https:\/\/gr-100.com\/#organization"},"alternateName":"Gr-100 Bikes","potentialAction":[{"@type":"SearchAction","target":{"@type":"EntryPoint","urlTemplate":"https:\/\/gr-100.com\/?s={search_term_string}"},"query-input":{"@type":"PropertyValueSpecification","valueRequired":true,"valueName":"search_term_string"}}],"inLanguage":"pt-PT"},{"@type":"Organization","@id":"https:\/\/gr-100.com\/#organization","name":"Gr-100","url":"https:\/\/gr-100.com\/","logo":{"@type":"ImageObject","inLanguage":"pt-PT","@id":"https:\/\/gr-100.com\/#\/schema\/logo\/image\/","url":"https:\/\/gr-100.com\/wp-content\/uploads\/2023\/08\/logo-gr-100-bikes.png","contentUrl":"https:\/\/gr-100.com\/wp-content\/uploads\/2023\/08\/logo-gr-100-bikes.png","width":707,"height":284,"caption":"Gr-100"},"image":{"@id":"https:\/\/gr-100.com\/#\/schema\/logo\/image\/"},"sameAs":["https:\/\/www.facebook.com\/Gr100Bikes","https:\/\/www.instagram.com\/gr100bikes\/","https:\/\/www.tiktok.com\/@gr100bikes","https:\/\/twitter.com\/gr100mtbteam","https:\/\/www.youtube.com\/c\/GR100Specialized"]}]}},"_links":{"self":[{"href":"https:\/\/gr-100.com\/pt-pt\/wp-json\/wp\/v2\/product\/384673","targetHints":{"allow":["GET"]}}],"collection":[{"href":"https:\/\/gr-100.com\/pt-pt\/wp-json\/wp\/v2\/product"}],"about":[{"href":"https:\/\/gr-100.com\/pt-pt\/wp-json\/wp\/v2\/types\/product"}],"replies":[{"embeddable":true,"href":"https:\/\/gr-100.com\/pt-pt\/wp-json\/wp\/v2\/comments?post=384673"}],"wp:featuredmedia":[{"embeddable":true,"href":"https:\/\/gr-100.com\/pt-pt\/wp-json\/wp\/v2\/media\/307374"}],"wp:attachment":[{"href":"https:\/\/gr-100.com\/pt-pt\/wp-json\/wp\/v2\/media?parent=384673"}],"wp:term":[{"taxonomy":"product_brand","embeddable":true,"href":"https:\/\/gr-100.com\/pt-pt\/wp-json\/wp\/v2\/product_brand?post=384673"},{"taxonomy":"product_cat","embeddable":true,"href":"https:\/\/gr-100.com\/pt-pt\/wp-json\/wp\/v2\/product_cat?post=384673"},{"taxonomy":"product_tag","embeddable":true,"href":"https:\/\/gr-100.com\/pt-pt\/wp-json\/wp\/v2\/product_tag?post=384673"}],"curies":[{"name":"wp","href":"https:\/\/api.w.org\/{rel}","templated":true}]}}