{"id":384732,"date":"2024-07-01T14:23:06","date_gmt":"2024-07-01T12:23:06","guid":{"rendered":"https:\/\/gr-100.com\/producto\/s-works-turbo-kenevo-sl-conjunto-de-quadros-2\/"},"modified":"2025-11-26T16:45:24","modified_gmt":"2025-11-26T14:45:24","slug":"s-works-turbo-kenevo-sl-conjunto-de-quadros-2","status":"publish","type":"product","link":"https:\/\/gr-100.com\/pt-pt\/producto\/s-works-turbo-kenevo-sl-conjunto-de-quadros-2\/","title":{"rendered":"S-Works Turbo Kenevo SL Conjunto de quadros 2"},"content":{"rendered":"<div>  EFICI\u00caNCIA MOTORIZADA: A SL 1.2 \u00e9 o sistema de e-bike mais eficiente do mundo, otimizando a rela\u00e7\u00e3o m\u00e1xima autonomia\/peso.<br \/>\nFornece 33% mais pot\u00eancia (320 watts) do que o seu antecessor com uma sensa\u00e7\u00e3o sobrenatural, enquanto 43% mais bin\u00e1rio (50Nm) permite-lhe percorrer mais dos trilhos que adora.<br \/>\nO sistema SL 1.2 certamente faz uma grande declara\u00e7\u00e3o, mas voc\u00ea n\u00e3o vai ouvi-lo porque tamb\u00e9m \u00e9 o sistema de e-bike mais silencioso do mundo.<br \/>\nDIN\u00c2MICA DE CONDU\u00c7\u00c3O: Os 170 mm de curso do Kenevo SL 2 inspirados no nosso Enduro est\u00e3o ajustados para manter a compostura em pequenos solavancos e grandes impactos, ao mesmo tempo que oferecem uma resposta incr\u00edvel do pedal e uma entrega de pot\u00eancia eficiente.<br \/>\nUm cockpit generoso centra-o na moto, acima das rodas de 29&#8243;, otimizando a tra\u00e7\u00e3o e o controlo em curva.<br \/>\nO suporte inferior baixo, o tubo de cabe\u00e7a angular e o deslocamento reduzido do garfo mant\u00eam a estabilidade em terrenos acidentados.<br \/>\nCom a geometria desenvolvida ao longo de 30 anos de fabrica\u00e7\u00e3o de bicicletas com suspens\u00e3o total e comprovada no cen\u00e1rio mundial repetidamente, voc\u00ea pode ter certeza de que a resposta em terrenos acidentados ser\u00e1 calma e est\u00e1vel.<br \/>\nGEOMETRIA DE CONTROLO: A geometria do Kenevo SL 2 pode ser ajustada com precis\u00e3o para se adequar a qualquer tipo de condu\u00e7\u00e3o.<br \/>\nSeis configura\u00e7\u00f5es de geometria diferentes permitem um ajuste f\u00e1cil para um desempenho perfeito em qualquer terreno.<br \/>\nO \u00e2ngulo de viragem pode ser ajustado para 62,5, 63,5 ou 64,5 graus.<br \/>\nA altura do suporte inferior pode ser ajustada 7mm para cima ou para baixo.<br \/>\nMASTERMIND TCU: A MasterMind Turbo Control Unit (TCU) \u00e9 a nossa solu\u00e7\u00e3o l\u00edder na sua classe que lhe permite controlar a forma como voc\u00ea, a moto, o motor e a bateria interagem.<br \/>\nEle conecta perfeitamente o hardware do sistema, o aplicativo especializado e o piloto.<br \/>\nMonitorize o consumo da bateria e aceda ao MicroTune montado no guiador para ajustes de energia em tempo real.<br \/>\nS-SIZING: O S-Sizing baseia-se no que importa: tamanho e estilo do condutor, n\u00e3o na altura da costura.<br \/>\nQuatro tamanhos, todos com comprimentos de tubo de cabe\u00e7a e dist\u00e2ncia entre eixos semelhantes, permitem-lhe escolher o tamanho que melhor se adapta ao seu estilo individual.<br \/>\nOs tamanhos menores ser\u00e3o mais \u00e1geis e gerenci\u00e1veis, enquanto os tamanhos maiores oferecem mais estabilidade e um passeio mais espa\u00e7oso.                  <\/div>\n<ul>\n<li>O sistema de motor Kenevo Super Light Turbo tem uma integra\u00e7\u00e3o total do motor de 250 watts juntamente com a bateria de 320Wh com um controlador radicalmente avan\u00e7ado e perfeitamente integrado.<br \/>\nO resultado \u00e9 uma entrega de pot\u00eancia total, at\u00e9 25 km\/h, para o levar ao topo das suas descidas favoritas com apenas metade do esfor\u00e7o e muito mais r\u00e1pido, oferecendo-lhe ainda mais qualidade de condu\u00e7\u00e3o e muito mais do que alguma vez pensou ser poss\u00edvel. <\/li>\n<li>Nosso Mastermind TCU de pr\u00f3xima gera\u00e7\u00e3o \u00e9 o seu centro de informa\u00e7\u00f5es, com campos de exibi\u00e7\u00e3o personaliz\u00e1veis que incluem a porcentagem exata do n\u00edvel da bateria, e apresenta o novo recurso MicroTune, montado no guid\u00e3o para ajustar a entrega de energia em incrementos de 10%, para que voc\u00ea obtenha exatamente o suporte de que precisa para experimentar o que realmente precisa.<\/li>\n<li>As rodas dianteiras e traseiras de 29&#8243; oferecem uma condu\u00e7\u00e3o \u00e1gil em compara\u00e7\u00e3o com outros e-MTBs com pot\u00eancia m\u00e1xima.<br \/>\nO grande cockpit foca-o na moto, otimizando a tra\u00e7\u00e3o e o controlo em curva.<br \/>\nO suporte inferior baixo, o \u00e2ngulo relaxado do tubo da cabe\u00e7a e o deslocamento reduzido da forquilha mant\u00eam a estabilidade em terrenos acidentados.  <\/li>\n<li>A geometria do Turbo Kenevo SL pode ser ajustada em qualquer lugar e de acordo com o seu estilo de condu\u00e7\u00e3o.<br \/>\nSeis configura\u00e7\u00f5es de geometria diferentes permitem um ajuste f\u00e1cil para melhorar o desempenho em qualquer terreno.<br \/>\nO \u00e2ngulo da cabe\u00e7a pode ser ajustado entre 63 e 65,5 graus.<br \/>\nA altura do suporte inferior tamb\u00e9m pode ser ajustada verticalmente em 7 mm.<br \/>\nNunca cri\u00e1mos uma bicicleta de trail t\u00e3o ajust\u00e1vel e adapt\u00e1vel.    <\/li>\n<li>Os 170 mm de curso inspirados no Enduro deste Turbo Kenevo Super Light s\u00e3o sens\u00edveis a pequenos solavancos, devoram impactos em grandes cortes sem choques, consomem sa\u00eddas de curva, mas ao mesmo tempo oferecem uma resposta de pedal incr\u00edvel e uma entrega eficiente da sua pot\u00eancia ao solo.<\/li>\n<li>O S-Sizing do Turbo Kenevo SL baseia-se no que importa: tamanho e estilo do condutor.<br \/>\nQuatro tamanhos, todos com tubo de cabe\u00e7a e comprimentos de standover semelhantes, permitem-lhe escolher o tamanho que melhor se adapta ao seu estilo.<br \/>\nO tamanho pequeno S ser\u00e1 \u00e1gil e responsivo, enquanto o tamanho grande S oferece mais estabilidade e um passeio com mais espa\u00e7o.  <\/li>\n<\/ul>\n<ul>\n<li><strong>Especifica\u00e7\u00f5es t\u00e9cnicas<\/strong><\/li>\n<li>Conjunto de quadros ABRAZ.<br \/>\nLiga de sela, 38.6mm <\/li>\n<li>FACT FRAME 11m full carbon, 29&#8243;, roteamento de cabo interno completo, espa\u00e7amento de 148mm, rolamentos de cartucho totalmente selados, curso traseiro de 170mm, tubo de cabe\u00e7a de ajuste geogr\u00e1fico, ajuste geogr\u00e1fico horst pivot E-Bike<\/li>\n<li>Chicote de fia\u00e7\u00e3o especializado personalizado WIRING<\/li>\n<li>Carregador personalizado, Sistema 48V c\/ ficha do carregador do sistema SL<\/li>\n<li>MOTOR Novo Specialized 1.2 SL Custom Rx Trail Tuned Motor<\/li>\n<li>UI\/REMOTE TCU MasterMind especializado, percentagem da carga restante, 120 configura\u00e7\u00f5es de ecr\u00e3 poss\u00edveis, ajuste de assist\u00eancia MicroTune, ANT+\/Bluetooth\u00ae, w\/Handlebar remoto<\/li>\n<li>BATERIA SL1-320 ESPECIALIZADA, totalmente integrada, suspens\u00e3o de 320Wh<\/li>\n<li>Fox Float X2 Factory AMORTECEDOR, Kashima, 230&#215;62.5mm Drivetrain<\/li>\n<li>Chainrings de aranha SL 1.2, 104BCD, w\/SRAM 32t X-Sync 2 anel de liga<\/li>\n<li>Suporte inferior da manivela de carbono SRAM Dub, S2\/S3: 165mm, S4\/S5: 170mm Acess\u00f3rios<\/li>\n<li>SWAT SWAT CC, ferramenta integrada e ferramenta de corrente com elo sobressalente no tubo direcional Peso 8,5 kg (18 lb, 11,8 oz) S4<\/li>\n<\/ul>\n<p>  * Pesos baseados na produ\u00e7\u00e3o pintada imagens como mostrado na imagem. Os pesos reais variam consoante a cor, o tamanho do quadro e a varia\u00e7\u00e3o dos componentes. As especifica\u00e7\u00f5es est\u00e3o sujeitas a altera\u00e7\u00f5es sem aviso pr\u00e9vio.<\/p>\n","protected":false},"excerpt":{"rendered":"<p>Desfrute das maiores trilhas como nunca antes com o novo Kenevo SL 2.<br \/>\nElevando a condu\u00e7\u00e3o que define a sua classe do nosso premiado quadro de Enduro, o Kenevo SL 2 obt\u00e9m amplifica\u00e7\u00e3o incompar\u00e1vel, efici\u00eancia l\u00edder na sua classe e peso superleve do nosso sistema Turbo SL 1.2. <\/p>\n","protected":false},"featured_media":305898,"comment_status":"closed","ping_status":"closed","template":"","meta":{"_acf_changed":false,"_et_pb_use_builder":"","_et_pb_old_content":"","_et_gb_content_width":"","inline_featured_image":false},"product_brand":[],"product_cat":[2459,391,2460,3255],"product_tag":[],"class_list":{"0":"post-384732","1":"product","2":"type-product","3":"status-publish","4":"has-post-thumbnail","6":"product_cat-bicicletas-pt-pt-2","7":"product_cat-eletricas","8":"product_cat-ofertas-pt-pt","9":"product_cat-oferta-eletrica","10":"product_shipping_class-bicicletas-pt-pt","12":"first","13":"outofstock","14":"taxable","15":"shipping-taxable","16":"product-type-variable","17":"wvs-archive-product-wrapper"},"acf":[],"yoast_head":"<!-- This site is optimized with the Yoast SEO Premium plugin v26.7 (Yoast SEO v26.7) - https:\/\/yoast.com\/wordpress\/plugins\/seo\/ -->\n<title>S-Works Turbo Kenevo SL Conjunto de quadros 2<\/title>\n<meta name=\"robots\" content=\"index, follow, max-snippet:-1, max-image-preview:large, max-video-preview:-1\" \/>\n<link rel=\"canonical\" href=\"https:\/\/gr-100.com\/producto\/s-works-turbo-kenevo-sl-conjunto-de-quadros-2\/\" \/>\n<meta property=\"og:locale\" content=\"pt_PT\" \/>\n<meta property=\"og:type\" content=\"article\" \/>\n<meta property=\"og:title\" content=\"S-Works Turbo Kenevo SL Conjunto de quadros 2\" \/>\n<meta property=\"og:description\" content=\"Desfrute das maiores trilhas como nunca antes com o novo Kenevo SL 2. Elevando a condu\u00e7\u00e3o que define a sua classe do nosso premiado quadro de Enduro, o Kenevo SL 2 obt\u00e9m amplifica\u00e7\u00e3o incompar\u00e1vel, efici\u00eancia l\u00edder na sua classe e peso superleve do nosso sistema Turbo SL 1.2.\" \/>\n<meta property=\"og:url\" content=\"https:\/\/gr-100.com\/producto\/s-works-turbo-kenevo-sl-conjunto-de-quadros-2\/\" \/>\n<meta property=\"og:site_name\" content=\"Gr-100 Tienda de ciclismo Specialized\" \/>\n<meta property=\"article:publisher\" content=\"https:\/\/www.facebook.com\/Gr100Bikes\" \/>\n<meta property=\"article:modified_time\" content=\"2025-11-26T14:45:24+00:00\" \/>\n<meta name=\"twitter:card\" content=\"summary_large_image\" \/>\n<meta name=\"twitter:label1\" content=\"Tempo estimado de leitura\" \/>\n\t<meta name=\"twitter:data1\" content=\"5 minutos\" \/>\n<script type=\"application\/ld+json\" class=\"yoast-schema-graph\">{\"@context\":\"https:\/\/schema.org\",\"@graph\":[{\"@type\":\"WebPage\",\"@id\":\"https:\/\/gr-100.com\/producto\/s-works-turbo-kenevo-sl-conjunto-de-quadros-2\/\",\"url\":\"https:\/\/gr-100.com\/producto\/s-works-turbo-kenevo-sl-conjunto-de-quadros-2\/\",\"name\":\"S-Works Turbo Kenevo SL Conjunto de quadros 2\",\"isPartOf\":{\"@id\":\"https:\/\/gr-100.com\/#website\"},\"primaryImageOfPage\":{\"@id\":\"https:\/\/gr-100.com\/producto\/s-works-turbo-kenevo-sl-conjunto-de-quadros-2\/#primaryimage\"},\"image\":{\"@id\":\"https:\/\/gr-100.com\/producto\/s-works-turbo-kenevo-sl-conjunto-de-quadros-2\/#primaryimage\"},\"thumbnailUrl\":\"https:\/\/gr-100.com\/wp-content\/uploads\/2024\/05\/S-Works-Turbo-Kenevo-SL-Frameset-2-b.jpg\",\"datePublished\":\"2024-07-01T12:23:06+00:00\",\"dateModified\":\"2025-11-26T14:45:24+00:00\",\"breadcrumb\":{\"@id\":\"https:\/\/gr-100.com\/producto\/s-works-turbo-kenevo-sl-conjunto-de-quadros-2\/#breadcrumb\"},\"inLanguage\":\"pt-PT\",\"potentialAction\":[{\"@type\":\"ReadAction\",\"target\":[\"https:\/\/gr-100.com\/producto\/s-works-turbo-kenevo-sl-conjunto-de-quadros-2\/\"]}]},{\"@type\":\"ImageObject\",\"inLanguage\":\"pt-PT\",\"@id\":\"https:\/\/gr-100.com\/producto\/s-works-turbo-kenevo-sl-conjunto-de-quadros-2\/#primaryimage\",\"url\":\"https:\/\/gr-100.com\/wp-content\/uploads\/2024\/05\/S-Works-Turbo-Kenevo-SL-Frameset-2-b.jpg\",\"contentUrl\":\"https:\/\/gr-100.com\/wp-content\/uploads\/2024\/05\/S-Works-Turbo-Kenevo-SL-Frameset-2-b.jpg\",\"width\":1080,\"height\":1080},{\"@type\":\"BreadcrumbList\",\"@id\":\"https:\/\/gr-100.com\/producto\/s-works-turbo-kenevo-sl-conjunto-de-quadros-2\/#breadcrumb\",\"itemListElement\":[{\"@type\":\"ListItem\",\"position\":1,\"name\":\"Portada\",\"item\":\"https:\/\/gr-100.com\/en\/\"},{\"@type\":\"ListItem\",\"position\":2,\"name\":\"Productos\",\"item\":\"https:\/\/gr-100.com\/?post_type=product\"},{\"@type\":\"ListItem\",\"position\":3,\"name\":\"S-Works Turbo Kenevo SL Conjunto de quadros 2\"}]},{\"@type\":\"WebSite\",\"@id\":\"https:\/\/gr-100.com\/#website\",\"url\":\"https:\/\/gr-100.com\/\",\"name\":\"Gr-100 Tienda de ciclismo Specialized\",\"description\":\"GR-100 tenemos todas las gamas de bicicletas Specialized al mejor precio.\",\"publisher\":{\"@id\":\"https:\/\/gr-100.com\/#organization\"},\"alternateName\":\"Gr-100 Bikes\",\"potentialAction\":[{\"@type\":\"SearchAction\",\"target\":{\"@type\":\"EntryPoint\",\"urlTemplate\":\"https:\/\/gr-100.com\/?s={search_term_string}\"},\"query-input\":{\"@type\":\"PropertyValueSpecification\",\"valueRequired\":true,\"valueName\":\"search_term_string\"}}],\"inLanguage\":\"pt-PT\"},{\"@type\":\"Organization\",\"@id\":\"https:\/\/gr-100.com\/#organization\",\"name\":\"Gr-100\",\"url\":\"https:\/\/gr-100.com\/\",\"logo\":{\"@type\":\"ImageObject\",\"inLanguage\":\"pt-PT\",\"@id\":\"https:\/\/gr-100.com\/#\/schema\/logo\/image\/\",\"url\":\"https:\/\/gr-100.com\/wp-content\/uploads\/2023\/08\/logo-gr-100-bikes.png\",\"contentUrl\":\"https:\/\/gr-100.com\/wp-content\/uploads\/2023\/08\/logo-gr-100-bikes.png\",\"width\":707,\"height\":284,\"caption\":\"Gr-100\"},\"image\":{\"@id\":\"https:\/\/gr-100.com\/#\/schema\/logo\/image\/\"},\"sameAs\":[\"https:\/\/www.facebook.com\/Gr100Bikes\",\"https:\/\/www.instagram.com\/gr100bikes\/\",\"https:\/\/www.tiktok.com\/@gr100bikes\",\"https:\/\/twitter.com\/gr100mtbteam\",\"https:\/\/www.youtube.com\/c\/GR100Specialized\"]}]}<\/script>\n<!-- \/ Yoast SEO Premium plugin. -->","yoast_head_json":{"title":"S-Works Turbo Kenevo SL Conjunto de quadros 2","robots":{"index":"index","follow":"follow","max-snippet":"max-snippet:-1","max-image-preview":"max-image-preview:large","max-video-preview":"max-video-preview:-1"},"canonical":"https:\/\/gr-100.com\/producto\/s-works-turbo-kenevo-sl-conjunto-de-quadros-2\/","og_locale":"pt_PT","og_type":"article","og_title":"S-Works Turbo Kenevo SL Conjunto de quadros 2","og_description":"Desfrute das maiores trilhas como nunca antes com o novo Kenevo SL 2. Elevando a condu\u00e7\u00e3o que define a sua classe do nosso premiado quadro de Enduro, o Kenevo SL 2 obt\u00e9m amplifica\u00e7\u00e3o incompar\u00e1vel, efici\u00eancia l\u00edder na sua classe e peso superleve do nosso sistema Turbo SL 1.2.","og_url":"https:\/\/gr-100.com\/producto\/s-works-turbo-kenevo-sl-conjunto-de-quadros-2\/","og_site_name":"Gr-100 Tienda de ciclismo Specialized","article_publisher":"https:\/\/www.facebook.com\/Gr100Bikes","article_modified_time":"2025-11-26T14:45:24+00:00","twitter_card":"summary_large_image","twitter_misc":{"Tempo estimado de leitura":"5 minutos"},"schema":{"@context":"https:\/\/schema.org","@graph":[{"@type":"WebPage","@id":"https:\/\/gr-100.com\/producto\/s-works-turbo-kenevo-sl-conjunto-de-quadros-2\/","url":"https:\/\/gr-100.com\/producto\/s-works-turbo-kenevo-sl-conjunto-de-quadros-2\/","name":"S-Works Turbo Kenevo SL Conjunto de quadros 2","isPartOf":{"@id":"https:\/\/gr-100.com\/#website"},"primaryImageOfPage":{"@id":"https:\/\/gr-100.com\/producto\/s-works-turbo-kenevo-sl-conjunto-de-quadros-2\/#primaryimage"},"image":{"@id":"https:\/\/gr-100.com\/producto\/s-works-turbo-kenevo-sl-conjunto-de-quadros-2\/#primaryimage"},"thumbnailUrl":"https:\/\/gr-100.com\/wp-content\/uploads\/2024\/05\/S-Works-Turbo-Kenevo-SL-Frameset-2-b.jpg","datePublished":"2024-07-01T12:23:06+00:00","dateModified":"2025-11-26T14:45:24+00:00","breadcrumb":{"@id":"https:\/\/gr-100.com\/producto\/s-works-turbo-kenevo-sl-conjunto-de-quadros-2\/#breadcrumb"},"inLanguage":"pt-PT","potentialAction":[{"@type":"ReadAction","target":["https:\/\/gr-100.com\/producto\/s-works-turbo-kenevo-sl-conjunto-de-quadros-2\/"]}]},{"@type":"ImageObject","inLanguage":"pt-PT","@id":"https:\/\/gr-100.com\/producto\/s-works-turbo-kenevo-sl-conjunto-de-quadros-2\/#primaryimage","url":"https:\/\/gr-100.com\/wp-content\/uploads\/2024\/05\/S-Works-Turbo-Kenevo-SL-Frameset-2-b.jpg","contentUrl":"https:\/\/gr-100.com\/wp-content\/uploads\/2024\/05\/S-Works-Turbo-Kenevo-SL-Frameset-2-b.jpg","width":1080,"height":1080},{"@type":"BreadcrumbList","@id":"https:\/\/gr-100.com\/producto\/s-works-turbo-kenevo-sl-conjunto-de-quadros-2\/#breadcrumb","itemListElement":[{"@type":"ListItem","position":1,"name":"Portada","item":"https:\/\/gr-100.com\/en\/"},{"@type":"ListItem","position":2,"name":"Productos","item":"https:\/\/gr-100.com\/?post_type=product"},{"@type":"ListItem","position":3,"name":"S-Works Turbo Kenevo SL Conjunto de quadros 2"}]},{"@type":"WebSite","@id":"https:\/\/gr-100.com\/#website","url":"https:\/\/gr-100.com\/","name":"Gr-100 Tienda de ciclismo Specialized","description":"GR-100 tenemos todas las gamas de bicicletas Specialized al mejor precio.","publisher":{"@id":"https:\/\/gr-100.com\/#organization"},"alternateName":"Gr-100 Bikes","potentialAction":[{"@type":"SearchAction","target":{"@type":"EntryPoint","urlTemplate":"https:\/\/gr-100.com\/?s={search_term_string}"},"query-input":{"@type":"PropertyValueSpecification","valueRequired":true,"valueName":"search_term_string"}}],"inLanguage":"pt-PT"},{"@type":"Organization","@id":"https:\/\/gr-100.com\/#organization","name":"Gr-100","url":"https:\/\/gr-100.com\/","logo":{"@type":"ImageObject","inLanguage":"pt-PT","@id":"https:\/\/gr-100.com\/#\/schema\/logo\/image\/","url":"https:\/\/gr-100.com\/wp-content\/uploads\/2023\/08\/logo-gr-100-bikes.png","contentUrl":"https:\/\/gr-100.com\/wp-content\/uploads\/2023\/08\/logo-gr-100-bikes.png","width":707,"height":284,"caption":"Gr-100"},"image":{"@id":"https:\/\/gr-100.com\/#\/schema\/logo\/image\/"},"sameAs":["https:\/\/www.facebook.com\/Gr100Bikes","https:\/\/www.instagram.com\/gr100bikes\/","https:\/\/www.tiktok.com\/@gr100bikes","https:\/\/twitter.com\/gr100mtbteam","https:\/\/www.youtube.com\/c\/GR100Specialized"]}]}},"_links":{"self":[{"href":"https:\/\/gr-100.com\/pt-pt\/wp-json\/wp\/v2\/product\/384732","targetHints":{"allow":["GET"]}}],"collection":[{"href":"https:\/\/gr-100.com\/pt-pt\/wp-json\/wp\/v2\/product"}],"about":[{"href":"https:\/\/gr-100.com\/pt-pt\/wp-json\/wp\/v2\/types\/product"}],"replies":[{"embeddable":true,"href":"https:\/\/gr-100.com\/pt-pt\/wp-json\/wp\/v2\/comments?post=384732"}],"wp:featuredmedia":[{"embeddable":true,"href":"https:\/\/gr-100.com\/pt-pt\/wp-json\/wp\/v2\/media\/305898"}],"wp:attachment":[{"href":"https:\/\/gr-100.com\/pt-pt\/wp-json\/wp\/v2\/media?parent=384732"}],"wp:term":[{"taxonomy":"product_brand","embeddable":true,"href":"https:\/\/gr-100.com\/pt-pt\/wp-json\/wp\/v2\/product_brand?post=384732"},{"taxonomy":"product_cat","embeddable":true,"href":"https:\/\/gr-100.com\/pt-pt\/wp-json\/wp\/v2\/product_cat?post=384732"},{"taxonomy":"product_tag","embeddable":true,"href":"https:\/\/gr-100.com\/pt-pt\/wp-json\/wp\/v2\/product_tag?post=384732"}],"curies":[{"name":"wp","href":"https:\/\/api.w.org\/{rel}","templated":true}]}}