{"id":384744,"date":"2024-07-01T14:23:06","date_gmt":"2024-07-01T13:23:06","guid":{"rendered":"https:\/\/gr-100.com\/producto\/especializado-turbo-como-5-0-igh\/"},"modified":"2025-11-26T14:31:02","modified_gmt":"2025-11-26T12:31:02","slug":"especializado-turbo-como-5-0-igh","status":"publish","type":"product","link":"https:\/\/gr-100.com\/pt-pt\/producto\/especializado-turbo-como-5-0-igh\/","title":{"rendered":"Specialized Turbo Como 5.0 IGH"},"content":{"rendered":"<ul>\n<li>O motor Turbo Full Power 2.2 e a bateria de 710 Wh oferecem uma experi\u00eancia de condu\u00e7\u00e3o inigual\u00e1vel, proporcionando uma amplifica\u00e7\u00e3o suave, suave e surpreendentemente silenciosa do seu Specialized Turbo Como 5.0 IGH.<\/li>\n<li>MasterMind e Mission Control: O ecr\u00e3 MasterMind d\u00e1-lhe todas as informa\u00e7\u00f5es relevantes sobre a sua condu\u00e7\u00e3o, permite o ajuste em tempo real dos n\u00edveis de assist\u00eancia e permite atualiza\u00e7\u00f5es over-the-air para fazer com que a sua moto melhore ao longo do tempo.<br \/>\nMasterMind integra-se perfeitamente com o aplicativo Mission Control para ferramentas de otimiza\u00e7\u00e3o de alcance, ajuste avan\u00e7ado, diagn\u00f3stico de rotas e muito mais. <\/li>\n<li>A tecnologia de mudan\u00e7a cont\u00ednua do AUTOMATiQ Internal Gear Hub (IGH) muda automaticamente as velocidades de acordo com o ritmo de pedalada do condutor, tendo em conta aspetos ambientais.<br \/>\nAo selecionar uma cad\u00eancia ou ritmo de pedal preferido, permite aos pilotos &#8220;defini-lo e esquec\u00ea-lo&#8221;, adicionando uma vantagem adicional de seguran\u00e7a e conforto para os pilotos. <\/li>\n<li>Efic\u00e1cia Suave Comprovada: Concebemos um mecanismo de teste personalizado para analisar solavancos, mesmo na menor frequ\u00eancia, para aumentar o conforto e a vis\u00e3o.<br \/>\nEssa precis\u00e3o, combinada com um espig\u00e3o de suspens\u00e3o com suspens\u00e3o, pneus de maior volume e um garfo de suspens\u00e3o de 80 mm, suavizar\u00e1 as estradas diante dos seus olhos. <\/li>\n<li>Bloqueio do sistema Turbo: Use o aplicativo Mission Control para desativar o motor da sua moto e ativar o alarme do sensor de movimento.<br \/>\nUma vez bloqueado, o motor n\u00e3o pode ser reativado, exceto pelo propriet\u00e1rio. <\/li>\n<li>Garmin Radar: Um sensor de radar Garmin integrado permite-lhe saber quando os carros est\u00e3o atr\u00e1s de si.<br \/>\nA tecnologia Garmin Radar pode detetar carros a at\u00e9 140 metros de dist\u00e2ncia.<br \/>\nMasterMind dar\u00e1 aos pilotos um alerta visual, sonoro e t\u00e1til da dist\u00e2ncia relativa e velocidade de um ve\u00edculo que se aproxima.  <\/li>\n<li>Bateria integrada no tubo inferior remov\u00edvel e bloque\u00e1vel: f\u00e1cil de carregar e segura.<\/li>\n<li>Equipado com para-lamas DRYTECH, luzes LED dianteiras e traseiras e rack traseiro HD Rack com capacidade de 27 kg.<br \/>\nO rack traseiro \u00e9 compat\u00edvel com assentos de bicicleta para crian\u00e7as, e a bicicleta tamb\u00e9m \u00e9 capaz de puxar um reboque de eixo thru. <\/li>\n<li>Longo alcance &#8211; Com verdadeiro alcance de viagem em qualquer lugar, v\u00e1 at\u00e9 62 milhas (100 km) ou 4,5 horas de alcance (modo ecol\u00f3gico).<\/li>\n<\/ul>\n<ul>\n<li>Especifica\u00e7\u00f5es <strong>T\u00e9cnicas<\/strong><br \/>\nE-Bike<\/li>\n<li>Carregador<br \/>\n personalizado, 42V4A c\/ ficha Rosenberger, 100-240V<\/li>\n<li>UI \/ REMOTE<br \/>\nMasterMind TCD, w \/ guid\u00e3o remoto, built-in recurso antirroubo, conectividade Bluetooth\u00ae, p\u00e1ginas de exibi\u00e7\u00e3o personaliz\u00e1veis<\/li>\n<li>Specialized de 2.2<br \/>\n, torque de 90Nm, motor ajustado personalizado, classifica\u00e7\u00e3o de 250W<\/li>\n<li>BATERIA<br \/>\nSpecialized U2-710, inv\u00f3lucro de liga, display de estado de carga, acess\u00f3rios de 710Wh\n<\/li>\n<li>Para-lamasSpecialized, largura de<br \/>\n 65mm, para-lamas de alum\u00ednio<\/li>\n<li>Bloqueio do sistema turbo PADLOCK\n<\/li>\n<li>Lezyne Ebike Power E115 LUZ DIANTEIRA,<br \/>\n 310 Lumen, 12V<\/li>\n<li>Spanninga Commuter Glow XE LUZ TRASEIRA,<br \/>\n 12V<\/li>\n<li>Specialized para Passageiros c\/ fita<br \/>\n adesiva e refletores<\/li>\n<li>\nSpecialized de lat\u00e3o especializado<\/li>\n<li>KICKSTAND Kickstand<br \/>\nSpecialized , montagem de 40mm<\/li>\n<li>Specialized,<br \/>\n interface MIK HD, suportes pannier integrados, carga m\u00e1xima de 27 kg<\/li>\n<li>Radar Garmin Integrado por Radar<br \/>\n, com informa\u00e7\u00f5es personalizadas exibidas diretamente no Mastermind TCD<br \/>\nWheels &amp; Tires<\/li>\n<li>RIMS<br \/>\n650b disco, liga de parede dupla, fixado, 32h<\/li>\n<li>DT Ind\u00fastria Su\u00ed\u00e7a R\u00c1DIOS\n<\/li>\n<li>Pneu traseiro Pathfinder Sport Reflect,<br \/>\n650Bx2.3<\/li>\n<li>PNEU.<br \/>\nDesbravador Sport Reflect, 650Bx2.3<\/li>\n<li>CUBO DIANTEIRO<br \/>\n Disco de cubo dianteiroSpecialized rolamentos de mingau selados, 6 parafusos, eixo thru de 15x110mm, 32h<\/li>\n<li>C\u00c2MARAS<br \/>\nStandard 40mm SV 650Bx1.75-2.4<\/li>\n<li>CUBO TRASEIRO<br \/>\nViolo para servi\u00e7o pesado, alcance de 380%, 6 parafusos, 10x135mm, 32h<br \/>\nCockpit<\/li>\n<li>Geometria Corporal Comfort Gel<br \/>\nSADDLE, 200mm c\/ Suporte SWAT\u2122<\/li>\n<li>ERGON GP10 PUNHOS\n<\/li>\n<li>Specialized<br \/>\n Especializado Como guid\u00e3o \/ haste combo<\/li>\n<li>SEATPOST<br \/>\nSuspens\u00e3o de mola, liga, curso de 40 mm, 30,9 mm, bra\u00e7adeira de 2 parafusos, haste de manga de 34,9 mm<br \/>\nStem<br \/>\nSpecialized conjunto propulsor integrado\n<\/li>\n<li>Manivelas forjadas de liga personalizada Suporte<br \/>\n INFERIOR<\/li>\n<li>CHAIN<br \/>\nGates Carbon Drive CDX 122t correia, preto<\/li>\n<li>CASSETTE<br \/>\nGates Carbon Drive CDX 22t roda dentada, prata<\/li>\n<li>Gates Carbon Drive CDX 50T chainring, PLATES<br \/>\n preto<\/li>\n<li>CHAIN<br \/>\nGUARD Tampa de corrente integrada<\/li>\n<li>SHIFT<br \/>\nno conjunto de quadros da interface<br \/>\nde mudan\u00e7a AUTOMATiQ Pro<\/li>\n<li>Alum\u00ednio E5 FRAME<br \/>\n, suporte inferior do motor, bateria downtube totalmente integrada e bloque\u00e1vel, roteamento de cabos internos, bloqueio e montagem em rack frontal, desist\u00eancia deslizante<\/li>\n<li>ABRA\u00c7O.<br \/>\nSpecialized parafuso especializado, liga, Suspens\u00e3o de 42,9 mm\n<\/li>\n<li>Rockshox Recon Silver RL FORK<br \/>\n, curso de 80mm, controle de movimento, freios para montagem de<br \/>\npara-lamas<\/li>\n<li>SRAM G2 RS FREIO TRASEIRO<br \/>\n, pin\u00e7a de 4 pist\u00f5es, disco hidr\u00e1ulico, 180mmSRAM<\/li>\n<li>SRAM G2 RS FREIO DIANTEIRO<br \/>\n, pin\u00e7a de 4 pist\u00f5es,SRAM disco hidr\u00e1ulico, 180mm<br \/>\nPeso<br \/>\n24,4 kg (53 lb, 12,7 oz)<br \/>\nTamanho<br \/>\nM* Pesos com base na produ\u00e7\u00e3o pintada imagens como mostrado na imagem. Os pesos reais variam consoante a cor, o tamanho do quadro e a varia\u00e7\u00e3o dos componentes. As especifica\u00e7\u00f5es est\u00e3o sujeitas a altera\u00e7\u00f5es sem aviso pr\u00e9vio.<\/li>\n<\/ul>\n","protected":false},"excerpt":{"rendered":"<p>A Como \u00e9 uma e-bike descontra\u00edda e confort\u00e1vel, e tamb\u00e9m \u00e9 segura. La Como permite-lhe fluir, oferecendo-lhe uma experi\u00eancia de pot\u00eancia total, inspirando confian\u00e7a e uma sensa\u00e7\u00e3o absolutamente deliciosa de uma moto f\u00e1cil de conduzir.<br \/>\nCom a barra baixa do Como qualquer pessoa pode facilmente subir e andar. Uma posi\u00e7\u00e3o mais vertical reduz a press\u00e3o sobre as m\u00e3os e a parte superior do corpo do motociclista, permitindo uma condu\u00e7\u00e3o confort\u00e1vel nas ruas.  <\/p>\n","protected":false},"featured_media":305918,"comment_status":"closed","ping_status":"closed","template":"","meta":{"_acf_changed":false,"_et_pb_use_builder":"","_et_pb_old_content":"","_et_gb_content_width":"","inline_featured_image":false},"product_brand":[],"product_cat":[2459,5284,391,5280,5282,5260,5283,5281,2483,2460,3255,2696,403],"product_tag":[],"class_list":{"0":"post-384744","1":"product","2":"type-product","3":"status-publish","4":"has-post-thumbnail","6":"product_cat-bicicletas-pt-pt-2","7":"product_cat-bicicletas-urbanas-pt-pt","8":"product_cat-eletricas","9":"product_cat-bicicletas-electricas-aluminio-pt-pt","10":"product_cat-bicicletas-electricas-paseo-pt-pt","11":"product_cat-bicicletas-electricas-specialized-pt-pt","12":"product_cat-bicicletas-electricas-trekking-pt-pt","13":"product_cat-bicicletas-electricas-urbanas-pt-pt","14":"product_cat-bicicletas-especializadas","15":"product_cat-ofertas-pt-pt","16":"product_cat-oferta-eletrica","17":"product_cat-ofertas-especializadas","18":"product_cat-outlet-pt-pt","19":"product_shipping_class-bicicletas-pt-pt","21":"first","22":"outofstock","23":"taxable","24":"shipping-taxable","25":"product-type-variable","26":"wvs-archive-product-wrapper"},"acf":[],"yoast_head":"<!-- This site is optimized with the Yoast SEO Premium plugin v26.7 (Yoast SEO v26.7) - https:\/\/yoast.com\/wordpress\/plugins\/seo\/ -->\n<title>Specialized Turbo Como 5.0 IGH Oferta GR-100<\/title>\n<meta name=\"description\" content=\"O motor 2.2 Full Power Turbo e a bateria de 710 Wh oferecem uma experi\u00eancia de condu\u00e7\u00e3o incompar\u00e1vel. Specialized Turbo Como 5.0 IGH\" \/>\n<meta name=\"robots\" content=\"index, follow, max-snippet:-1, max-image-preview:large, max-video-preview:-1\" \/>\n<link rel=\"canonical\" href=\"https:\/\/gr-100.com\/pt-pt\/producto\/especializado-turbo-como-5-0-igh\/\" \/>\n<meta property=\"og:locale\" content=\"pt_PT\" \/>\n<meta property=\"og:type\" content=\"article\" \/>\n<meta property=\"og:title\" content=\"Specialized Turbo Como 5.0 IGH\" \/>\n<meta property=\"og:description\" content=\"O motor 2.2 Full Power Turbo e a bateria de 710 Wh oferecem uma experi\u00eancia de condu\u00e7\u00e3o incompar\u00e1vel. Specialized Turbo Como 5.0 IGH\" \/>\n<meta property=\"og:url\" content=\"https:\/\/gr-100.com\/pt-pt\/producto\/especializado-turbo-como-5-0-igh\/\" \/>\n<meta property=\"og:site_name\" content=\"Gr-100 Tienda de ciclismo Specialized\" \/>\n<meta property=\"article:publisher\" content=\"https:\/\/www.facebook.com\/Gr100Bikes\" \/>\n<meta property=\"article:modified_time\" content=\"2025-11-26T12:31:02+00:00\" \/>\n<meta property=\"og:image\" content=\"https:\/\/gr-100.com\/wp-content\/uploads\/2024\/05\/Turbo-Como-5.0-IGH-sand-2.jpg\" \/>\n\t<meta property=\"og:image:width\" content=\"1000\" \/>\n\t<meta property=\"og:image:height\" content=\"1000\" \/>\n\t<meta property=\"og:image:type\" content=\"image\/jpeg\" \/>\n<meta name=\"twitter:card\" content=\"summary_large_image\" \/>\n<meta name=\"twitter:label1\" content=\"Tempo estimado de leitura\" \/>\n\t<meta name=\"twitter:data1\" content=\"4 minutos\" \/>\n<script type=\"application\/ld+json\" class=\"yoast-schema-graph\">{\"@context\":\"https:\/\/schema.org\",\"@graph\":[{\"@type\":\"WebPage\",\"@id\":\"https:\/\/gr-100.com\/pt-pt\/producto\/especializado-turbo-como-5-0-igh\/\",\"url\":\"https:\/\/gr-100.com\/pt-pt\/producto\/especializado-turbo-como-5-0-igh\/\",\"name\":\"Specialized Turbo Como 5.0 IGH Oferta GR-100\",\"isPartOf\":{\"@id\":\"https:\/\/gr-100.com\/#website\"},\"primaryImageOfPage\":{\"@id\":\"https:\/\/gr-100.com\/pt-pt\/producto\/especializado-turbo-como-5-0-igh\/#primaryimage\"},\"image\":{\"@id\":\"https:\/\/gr-100.com\/pt-pt\/producto\/especializado-turbo-como-5-0-igh\/#primaryimage\"},\"thumbnailUrl\":\"https:\/\/gr-100.com\/wp-content\/uploads\/2024\/05\/Turbo-Como-5.0-IGH-sand-2.jpg\",\"datePublished\":\"2024-07-01T13:23:06+00:00\",\"dateModified\":\"2025-11-26T12:31:02+00:00\",\"description\":\"O motor 2.2 Full Power Turbo e a bateria de 710 Wh oferecem uma experi\u00eancia de condu\u00e7\u00e3o incompar\u00e1vel. Specialized Turbo Como 5.0 IGH\",\"breadcrumb\":{\"@id\":\"https:\/\/gr-100.com\/pt-pt\/producto\/especializado-turbo-como-5-0-igh\/#breadcrumb\"},\"inLanguage\":\"pt-PT\",\"potentialAction\":[{\"@type\":\"ReadAction\",\"target\":[\"https:\/\/gr-100.com\/pt-pt\/producto\/especializado-turbo-como-5-0-igh\/\"]}]},{\"@type\":\"ImageObject\",\"inLanguage\":\"pt-PT\",\"@id\":\"https:\/\/gr-100.com\/pt-pt\/producto\/especializado-turbo-como-5-0-igh\/#primaryimage\",\"url\":\"https:\/\/gr-100.com\/wp-content\/uploads\/2024\/05\/Turbo-Como-5.0-IGH-sand-2.jpg\",\"contentUrl\":\"https:\/\/gr-100.com\/wp-content\/uploads\/2024\/05\/Turbo-Como-5.0-IGH-sand-2.jpg\",\"width\":1000,\"height\":1000},{\"@type\":\"BreadcrumbList\",\"@id\":\"https:\/\/gr-100.com\/pt-pt\/producto\/especializado-turbo-como-5-0-igh\/#breadcrumb\",\"itemListElement\":[{\"@type\":\"ListItem\",\"position\":1,\"name\":\"Portada\",\"item\":\"https:\/\/gr-100.com\/en\/\"},{\"@type\":\"ListItem\",\"position\":2,\"name\":\"Productos\",\"item\":\"https:\/\/gr-100.com\/?post_type=product\"},{\"@type\":\"ListItem\",\"position\":3,\"name\":\"Specialized Turbo Como 5.0 IGH\"}]},{\"@type\":\"WebSite\",\"@id\":\"https:\/\/gr-100.com\/#website\",\"url\":\"https:\/\/gr-100.com\/\",\"name\":\"Gr-100 Tienda de ciclismo Specialized\",\"description\":\"GR-100 tenemos todas las gamas de bicicletas Specialized al mejor precio.\",\"publisher\":{\"@id\":\"https:\/\/gr-100.com\/#organization\"},\"alternateName\":\"Gr-100 Bikes\",\"potentialAction\":[{\"@type\":\"SearchAction\",\"target\":{\"@type\":\"EntryPoint\",\"urlTemplate\":\"https:\/\/gr-100.com\/?s={search_term_string}\"},\"query-input\":{\"@type\":\"PropertyValueSpecification\",\"valueRequired\":true,\"valueName\":\"search_term_string\"}}],\"inLanguage\":\"pt-PT\"},{\"@type\":\"Organization\",\"@id\":\"https:\/\/gr-100.com\/#organization\",\"name\":\"Gr-100\",\"url\":\"https:\/\/gr-100.com\/\",\"logo\":{\"@type\":\"ImageObject\",\"inLanguage\":\"pt-PT\",\"@id\":\"https:\/\/gr-100.com\/#\/schema\/logo\/image\/\",\"url\":\"https:\/\/gr-100.com\/wp-content\/uploads\/2023\/08\/logo-gr-100-bikes.png\",\"contentUrl\":\"https:\/\/gr-100.com\/wp-content\/uploads\/2023\/08\/logo-gr-100-bikes.png\",\"width\":707,\"height\":284,\"caption\":\"Gr-100\"},\"image\":{\"@id\":\"https:\/\/gr-100.com\/#\/schema\/logo\/image\/\"},\"sameAs\":[\"https:\/\/www.facebook.com\/Gr100Bikes\",\"https:\/\/www.instagram.com\/gr100bikes\/\",\"https:\/\/www.tiktok.com\/@gr100bikes\",\"https:\/\/twitter.com\/gr100mtbteam\",\"https:\/\/www.youtube.com\/c\/GR100Specialized\"]}]}<\/script>\n<!-- \/ Yoast SEO Premium plugin. -->","yoast_head_json":{"title":"Specialized Turbo Como 5.0 IGH Oferta GR-100","description":"O motor 2.2 Full Power Turbo e a bateria de 710 Wh oferecem uma experi\u00eancia de condu\u00e7\u00e3o incompar\u00e1vel. Specialized Turbo Como 5.0 IGH","robots":{"index":"index","follow":"follow","max-snippet":"max-snippet:-1","max-image-preview":"max-image-preview:large","max-video-preview":"max-video-preview:-1"},"canonical":"https:\/\/gr-100.com\/pt-pt\/producto\/especializado-turbo-como-5-0-igh\/","og_locale":"pt_PT","og_type":"article","og_title":"Specialized Turbo Como 5.0 IGH","og_description":"O motor 2.2 Full Power Turbo e a bateria de 710 Wh oferecem uma experi\u00eancia de condu\u00e7\u00e3o incompar\u00e1vel. Specialized Turbo Como 5.0 IGH","og_url":"https:\/\/gr-100.com\/pt-pt\/producto\/especializado-turbo-como-5-0-igh\/","og_site_name":"Gr-100 Tienda de ciclismo Specialized","article_publisher":"https:\/\/www.facebook.com\/Gr100Bikes","article_modified_time":"2025-11-26T12:31:02+00:00","og_image":[{"width":1000,"height":1000,"url":"https:\/\/gr-100.com\/wp-content\/uploads\/2024\/05\/Turbo-Como-5.0-IGH-sand-2.jpg","type":"image\/jpeg"}],"twitter_card":"summary_large_image","twitter_misc":{"Tempo estimado de leitura":"4 minutos"},"schema":{"@context":"https:\/\/schema.org","@graph":[{"@type":"WebPage","@id":"https:\/\/gr-100.com\/pt-pt\/producto\/especializado-turbo-como-5-0-igh\/","url":"https:\/\/gr-100.com\/pt-pt\/producto\/especializado-turbo-como-5-0-igh\/","name":"Specialized Turbo Como 5.0 IGH Oferta GR-100","isPartOf":{"@id":"https:\/\/gr-100.com\/#website"},"primaryImageOfPage":{"@id":"https:\/\/gr-100.com\/pt-pt\/producto\/especializado-turbo-como-5-0-igh\/#primaryimage"},"image":{"@id":"https:\/\/gr-100.com\/pt-pt\/producto\/especializado-turbo-como-5-0-igh\/#primaryimage"},"thumbnailUrl":"https:\/\/gr-100.com\/wp-content\/uploads\/2024\/05\/Turbo-Como-5.0-IGH-sand-2.jpg","datePublished":"2024-07-01T13:23:06+00:00","dateModified":"2025-11-26T12:31:02+00:00","description":"O motor 2.2 Full Power Turbo e a bateria de 710 Wh oferecem uma experi\u00eancia de condu\u00e7\u00e3o incompar\u00e1vel. Specialized Turbo Como 5.0 IGH","breadcrumb":{"@id":"https:\/\/gr-100.com\/pt-pt\/producto\/especializado-turbo-como-5-0-igh\/#breadcrumb"},"inLanguage":"pt-PT","potentialAction":[{"@type":"ReadAction","target":["https:\/\/gr-100.com\/pt-pt\/producto\/especializado-turbo-como-5-0-igh\/"]}]},{"@type":"ImageObject","inLanguage":"pt-PT","@id":"https:\/\/gr-100.com\/pt-pt\/producto\/especializado-turbo-como-5-0-igh\/#primaryimage","url":"https:\/\/gr-100.com\/wp-content\/uploads\/2024\/05\/Turbo-Como-5.0-IGH-sand-2.jpg","contentUrl":"https:\/\/gr-100.com\/wp-content\/uploads\/2024\/05\/Turbo-Como-5.0-IGH-sand-2.jpg","width":1000,"height":1000},{"@type":"BreadcrumbList","@id":"https:\/\/gr-100.com\/pt-pt\/producto\/especializado-turbo-como-5-0-igh\/#breadcrumb","itemListElement":[{"@type":"ListItem","position":1,"name":"Portada","item":"https:\/\/gr-100.com\/en\/"},{"@type":"ListItem","position":2,"name":"Productos","item":"https:\/\/gr-100.com\/?post_type=product"},{"@type":"ListItem","position":3,"name":"Specialized Turbo Como 5.0 IGH"}]},{"@type":"WebSite","@id":"https:\/\/gr-100.com\/#website","url":"https:\/\/gr-100.com\/","name":"Gr-100 Tienda de ciclismo Specialized","description":"GR-100 tenemos todas las gamas de bicicletas Specialized al mejor precio.","publisher":{"@id":"https:\/\/gr-100.com\/#organization"},"alternateName":"Gr-100 Bikes","potentialAction":[{"@type":"SearchAction","target":{"@type":"EntryPoint","urlTemplate":"https:\/\/gr-100.com\/?s={search_term_string}"},"query-input":{"@type":"PropertyValueSpecification","valueRequired":true,"valueName":"search_term_string"}}],"inLanguage":"pt-PT"},{"@type":"Organization","@id":"https:\/\/gr-100.com\/#organization","name":"Gr-100","url":"https:\/\/gr-100.com\/","logo":{"@type":"ImageObject","inLanguage":"pt-PT","@id":"https:\/\/gr-100.com\/#\/schema\/logo\/image\/","url":"https:\/\/gr-100.com\/wp-content\/uploads\/2023\/08\/logo-gr-100-bikes.png","contentUrl":"https:\/\/gr-100.com\/wp-content\/uploads\/2023\/08\/logo-gr-100-bikes.png","width":707,"height":284,"caption":"Gr-100"},"image":{"@id":"https:\/\/gr-100.com\/#\/schema\/logo\/image\/"},"sameAs":["https:\/\/www.facebook.com\/Gr100Bikes","https:\/\/www.instagram.com\/gr100bikes\/","https:\/\/www.tiktok.com\/@gr100bikes","https:\/\/twitter.com\/gr100mtbteam","https:\/\/www.youtube.com\/c\/GR100Specialized"]}]}},"_links":{"self":[{"href":"https:\/\/gr-100.com\/pt-pt\/wp-json\/wp\/v2\/product\/384744","targetHints":{"allow":["GET"]}}],"collection":[{"href":"https:\/\/gr-100.com\/pt-pt\/wp-json\/wp\/v2\/product"}],"about":[{"href":"https:\/\/gr-100.com\/pt-pt\/wp-json\/wp\/v2\/types\/product"}],"replies":[{"embeddable":true,"href":"https:\/\/gr-100.com\/pt-pt\/wp-json\/wp\/v2\/comments?post=384744"}],"wp:featuredmedia":[{"embeddable":true,"href":"https:\/\/gr-100.com\/pt-pt\/wp-json\/wp\/v2\/media\/305918"}],"wp:attachment":[{"href":"https:\/\/gr-100.com\/pt-pt\/wp-json\/wp\/v2\/media?parent=384744"}],"wp:term":[{"taxonomy":"product_brand","embeddable":true,"href":"https:\/\/gr-100.com\/pt-pt\/wp-json\/wp\/v2\/product_brand?post=384744"},{"taxonomy":"product_cat","embeddable":true,"href":"https:\/\/gr-100.com\/pt-pt\/wp-json\/wp\/v2\/product_cat?post=384744"},{"taxonomy":"product_tag","embeddable":true,"href":"https:\/\/gr-100.com\/pt-pt\/wp-json\/wp\/v2\/product_tag?post=384744"}],"curies":[{"name":"wp","href":"https:\/\/api.w.org\/{rel}","templated":true}]}}