{"id":384802,"date":"2024-07-01T14:03:13","date_gmt":"2024-07-01T12:03:13","guid":{"rendered":"https:\/\/gr-100.com\/producto\/especializado-turbo-levo-sl-expert-carbono-2023\/"},"modified":"2025-09-22T16:14:02","modified_gmt":"2025-09-22T14:14:02","slug":"especializado-turbo-levo-sl-expert-carbono-2023","status":"publish","type":"product","link":"https:\/\/gr-100.com\/pt-pt\/producto\/especializado-turbo-levo-sl-expert-carbono-2023\/","title":{"rendered":"Specialized Turbo Levo SL Expert Carbono 2023"},"content":{"rendered":"<ul>\n<li>O Levo SL oferece uma qualidade e capacidade de condu\u00e7\u00e3o inigual\u00e1veis, amplificadas.<br \/>\nPara o piloto que gosta de singletracks brincalh\u00f5es, saltar alto e viver para avan\u00e7ar suas habilidades e fitness.  Conhe\u00e7a a sua nova moto, a Levo SL. Voc\u00ea vai se surpreender com sua combina\u00e7\u00e3o incompar\u00e1vel de condu\u00e7\u00e3o impec\u00e1vel, capacidade e amplifica\u00e7\u00e3o &#8220;2 X You&#8221; que lhe d\u00e1 o poder de percorrer mais trilhas. Compare com tudo o que est\u00e1 por a\u00ed, motorizado ou n\u00e3o, e sabemos que voc\u00ea vai concordar: a Levo SL \u00e9<strong> A DERRADEIRA E-BIKE<\/strong><br \/>\n TRAIL.\u00c9 tudo uma quest\u00e3o de condu\u00e7\u00e3o: quando tudo funciona perfeitamente, uma bicicleta desaparece quando a conduz. Removemos a massa para manter o Levo SL fino e responsivo. \u00c9 robusto o suficiente para suportar uso pesado, mas leve o suficiente para executar grandes movimentos. A sua geometria, cinem\u00e1tica e ajuste de choque n\u00e3o deixam nada a desejar.     <\/li>\n<li><strong>TABELA DE REFER\u00caNCIA<\/strong> &#8211; Tudo come\u00e7a aqui.<br \/>\nSensa\u00e7\u00e3o de condu\u00e7\u00e3o animada e precisa.<br \/>\nA disposi\u00e7\u00e3o estrat\u00e9gica da fibra de carbono proporciona uma rigidez do quadro altamente responsiva.<br \/>\nProjetamos todo o quadro como uma \u00fanica unidade para minimizar a flex\u00e3o lateral durante a pedalada e aproveitar ao m\u00e1ximo a for\u00e7a da pedalada.   <\/li>\n<li><strong>GEOMETRIA DE CONTROLO<\/strong> &#8211; O cockpit mant\u00e9m-no focado na moto, otimizando a tra\u00e7\u00e3o e o controlo em curva.<br \/>\nO suporte inferior baixo, o \u00e2ngulo do tubo de cabe\u00e7a inclinado e o deslocamento reduzido da forquilha mant\u00eam as coisas est\u00e1veis em terrenos acidentados, dando-lhe liberdade para curvar o seu caminho.<br \/>\nO \u00e2ngulo da cabe\u00e7a pode ser personalizado para 63, 64,25 e 65,5 graus.  <\/li>\n<li><strong>MENOS \u00c9 MAIS<\/strong> &#8211; O Levo SL \u00e9 leve como um galgo e telepaticamente sens\u00edvel.<br \/>\nA sua cuidadosa sele\u00e7\u00e3o de componentes \u00e9 leve, mas capaz, para uma aut\u00eantica condu\u00e7\u00e3o em trail.<br \/>\nJunte tudo isso e voc\u00ea ter\u00e1 os benef\u00edcios da amplifica\u00e7\u00e3o junto com uma unidade.  <\/li>\n<li><strong>RODA MISTO<\/strong> &#8211; Uma roda dianteira de 29&#8243; garante estabilidade e desempenho confiante nos terrenos mais acidentados, enquanto uma roda traseira de 27,5&#8243; permite uma corrente compacta e um comportamento extremamente responsivo.<br \/>\nSe preferir as vantagens de rolamento e tra\u00e7\u00e3o de uma roda traseira de 29&#8243;, basta rodar o chip de liga\u00e7\u00e3o pivotante e montar a roda grande. <\/li>\n<li><strong>SISTEMA OPERATIVO TURBO<\/strong> &#8211; O nosso sistema operativo perfeitamente integrado proporciona um desempenho inigual\u00e1vel em termos de bin\u00e1rio, autonomia, sensa\u00e7\u00e3o de condu\u00e7\u00e3o, qualidade de condu\u00e7\u00e3o, pot\u00eancia, fiabilidade e experi\u00eancia de condu\u00e7\u00e3o. \u00c9 a m\u00e3o invis\u00edvel que lhe permite fazer mais, saber mais, ir mais longe, sentir-se mais forte e divertir-se mais.<br \/>\nSpecialized Specialized SL 1.2 &#8211; O novo motor Specialized SL 1.2 \u00e9 silencioso, oferecendo suavidade incompar\u00e1vel, 43% mais torque (50Nm) e 33% mais pot\u00eancia (320W) do que seu antecessor. O resultado \u00e9 um novo quadro de carbono de desempenho &#8220;2x You&#8221;,<br \/>\n vem em configura\u00e7\u00e3o de roda mista (compat\u00edvel com 29 traseiras sem a necessidade de pe\u00e7as adicionais). Nova cinem\u00e1tica com uma curva de alavancagem mais plana que proporciona mais apoio e agilidade, mas muito controlo em condi\u00e7\u00f5es mais rochosas. O \u00e2ngulo do tubo de cabe\u00e7a e a altura do suporte inferior s\u00e3o ajust\u00e1veis.   <\/li>\n<li>Novo conjunto propulsor SRAM GX Eagle<\/li>\n<li>Novo c\u00f3digo SRAM Stealth Silver Brakes<\/li>\n<li>Novo c\u00f3digo SRAM Stealth Silver Brakes<\/li>\n<\/ul>\n<ul>\n<li><strong>Especifica\u00e7\u00f5es t\u00e9cnicas<\/strong><\/li>\n<li>Suspens\u00e3o<br \/>\n Shock<br \/>\nS2-S6: Fox Float X Performance elite series, 210x55mm, S1: Fox Float DPS Performance elite series, , 210x50mm<\/li>\n<li>Forquilha<br \/>\nFox 36 Performance Elite, 29&#8243;, 44mm offset, amortecedor Grip 2, S1: 150mm, S2-S6:160mm<\/li>\n<li>Conjunto de quadros<\/li>\n<li>Quadro<br \/>\nTodo o novo quadro de carbono Levo SL, carbono Fact 11m, extens\u00e3o de choque de liga, curso de 150mm, \u00e2ngulo de cabe\u00e7a ajust\u00e1vel, altura BB, e compat\u00edvel com rodas de 27,5 ou 29&#8243;.<\/li>\n<li>Liga de ligante<br \/>\nde assento, 38,6 mm<\/li>\n<li>Cabine de pilotagem<\/li>\n<li>SeatPost<br \/>\nSEAT POST, ONE UP, DROPPER, 2-BOLT, 34.9, 120\/150\/180\/210 TRAVEL, OFFSET 0MM, 345\/405\/465\/525MM, W \/ UFT REMOTO<\/li>\n<li>Stem<br \/>\nAlloy Trail Stem, furo de barra de 35mm<\/li>\n<li>Ponte de sela<br \/>\nComp, trilhos ocos Cr-mo, 155\/143mm<\/li>\n<li>Specialized<br \/>\n Specialized Trail, liga 7050, backsweep de 8 graus, upsweep de 6 graus, eleva\u00e7\u00e3o de 30mm, grampo de 780mm, grampo de 35mm<\/li>\n<li>Punhos<br \/>\nDivindade Punhos<\/li>\n<li>Trav\u00f5es<\/li>\n<li>Freio dianteiro<br \/>\nSRAM DB CODE SLV STLH SEM BBK 20P<\/li>\n<li>Freio traseiro<br \/>\nSRAM DB CODE SLV STLH SJ SEM BBK 20P<\/li>\n<li>\nAlavancas de mudan\u00e7a de transmiss\u00e3o<\/li>\n<li>SRAM Controlador AXS POD<\/li>\n<li>SRAM CS XS 1275 T-TYPE 10-52\n<\/li>\n<li>Derailleur<br \/>\n traseiroSRAM GX Eagle Transmission Derailleur<\/li>\n<li>Virabrequim<br \/>\nSRAM Alloy Crankset, interface Dub<\/li>\n<li>Corrente<br \/>\nSRAM CN GX T-TYPE XXX LINK<\/li>\n<li>Chainrings<br \/>\nNovo SL 1.2 spider, 104BCD w \/ SRAM 32t Anel de liga compat\u00edvel com transmiss\u00e3o<\/li>\n<li>Rodas e Pneus<\/li>\n<li>Travessia da roda<br \/>\ndianteira 29<\/li>\n<li>Travessia da roda<br \/>\ntraseira 27.5<\/li>\n<li>Talho de pneu<br \/>\ndianteiro, carca\u00e7a GRID TRAIL, composto GRIPTON\u00ae T9, 2Bliss Ready, 29&#215;2.3&#8243;<\/li>\n<li>Eliminador de pneus<br \/>\ntraseiro, carca\u00e7a GRID TRAIL, composto GRIPTON\u00ae T7, 2Bliss Ready, 27,5 x 2,3&#8243;<\/li>\n<li>Tubo interno<br \/>\npadr\u00e3o, v\u00e1lvula Presta<\/li>\n<li>E-Bike<\/li>\n<li>\nNovo Specialized 1.2 SL Custom Rx Trail Tuned Motor<\/li>\n<li>UI\/Remote<br \/>\nSpecialized MasterMind TCU, percentagem da carga restante, 120 configura\u00e7\u00f5es de ecr\u00e3 poss\u00edveis, ajuste de assist\u00eancia MicroTune, ANT+\/Bluetooth\u00ae, w\/Handlebar remoto<\/li>\n<li>Bateria<br \/>\nSpecialized SL1-320, totalmente integrada, 320Wh<\/li>\n<li>Carregador Carregador<br \/>\npersonalizado, Sistema 48V c\/ Ficha do carregador do sistema SL<\/li>\n<li>Cablagem Chicote<br \/>\nPersonalizado Specialized<\/li>\n<li>Acess\u00f3rios<\/li>\n<li>Pedais<br \/>\nPEDAL, PEDAIS TEST RIDE FORNECIDOS PELA SPECIALIZED<\/li>\n<li>Ferramenta integrada de tubo direcional SWAT<br \/>\nSWAT CC com ferramenta de corrente e elo<\/li>\n<li>Peso<br \/>\n18,25 kg (40 lb, 3,7 oz)<br \/>\nPeso Tamanho<br \/>\nS4* Pesos com base na produ\u00e7\u00e3o pintada imagens como retratado. Os pesos reais variam consoante a cor, o tamanho do quadro e a varia\u00e7\u00e3o dos componentes. As especifica\u00e7\u00f5es est\u00e3o sujeitas a altera\u00e7\u00f5es sem aviso pr\u00e9vio.<\/li>\n<\/ul>\n","protected":false},"excerpt":{"rendered":"<p>O Levo SL oferece uma qualidade e capacidade de condu\u00e7\u00e3o amplificadas e incompar\u00e1veis. Para o piloto de trail que anseia por uma singletrack sinuosa, erguendo-a para o c\u00e9u, e vive para melhorar suas habilidades e condicionamento f\u00edsico. <\/p>\n","protected":false},"featured_media":305111,"comment_status":"closed","ping_status":"closed","template":"","meta":{"_acf_changed":false,"_et_pb_use_builder":"","_et_pb_old_content":"","_et_gb_content_width":"","inline_featured_image":false},"product_brand":[],"product_cat":[2459,391,2483,2696],"product_tag":[],"class_list":{"0":"post-384802","1":"product","2":"type-product","3":"status-publish","4":"has-post-thumbnail","6":"product_cat-bicicletas-pt-pt-2","7":"product_cat-eletricas","8":"product_cat-bicicletas-especializadas","9":"product_cat-ofertas-especializadas","10":"product_shipping_class-bicicletas-pt-pt","12":"first","13":"outofstock","14":"taxable","15":"shipping-taxable","16":"product-type-variable","17":"wvs-archive-product-wrapper"},"acf":[],"yoast_head":"<!-- This site is optimized with the Yoast SEO Premium plugin v26.7 (Yoast SEO v26.7) - https:\/\/yoast.com\/wordpress\/plugins\/seo\/ -->\n<title>Specialized Turbo Levo SL Expert Carbono 2023<\/title>\n<meta name=\"description\" content=\"O Levo SL oferece uma qualidade e capacidade de condu\u00e7\u00e3o amplificadas e incompar\u00e1veis. Para o piloto de trail que anseia por uma singletrack sinuosa.\" \/>\n<meta name=\"robots\" content=\"index, follow, max-snippet:-1, max-image-preview:large, max-video-preview:-1\" \/>\n<link rel=\"canonical\" href=\"https:\/\/gr-100.com\/pt-pt\/producto\/especializado-turbo-levo-sl-expert-carbono-2023\/\" \/>\n<meta property=\"og:locale\" content=\"pt_PT\" \/>\n<meta property=\"og:type\" content=\"article\" \/>\n<meta property=\"og:title\" content=\"Specialized Turbo Levo SL Expert Carbono 2023\" \/>\n<meta property=\"og:description\" content=\"O Levo SL oferece uma qualidade e capacidade de condu\u00e7\u00e3o amplificadas e incompar\u00e1veis. Para o piloto de trail que anseia por uma singletrack sinuosa.\" \/>\n<meta property=\"og:url\" content=\"https:\/\/gr-100.com\/pt-pt\/producto\/especializado-turbo-levo-sl-expert-carbono-2023\/\" \/>\n<meta property=\"og:site_name\" content=\"Gr-100 Tienda de ciclismo Specialized\" \/>\n<meta property=\"article:publisher\" content=\"https:\/\/www.facebook.com\/Gr100Bikes\" \/>\n<meta property=\"article:modified_time\" content=\"2025-09-22T14:14:02+00:00\" \/>\n<meta property=\"og:image\" content=\"https:\/\/gr-100.com\/wp-content\/uploads\/2024\/05\/levo-SL-expert-carbonjpeg.jpeg\" \/>\n\t<meta property=\"og:image:width\" content=\"1000\" \/>\n\t<meta property=\"og:image:height\" content=\"1000\" \/>\n\t<meta property=\"og:image:type\" content=\"image\/jpeg\" \/>\n<meta name=\"twitter:card\" content=\"summary_large_image\" \/>\n<meta name=\"twitter:label1\" content=\"Tempo estimado de leitura\" \/>\n\t<meta name=\"twitter:data1\" content=\"5 minutos\" \/>\n<script type=\"application\/ld+json\" class=\"yoast-schema-graph\">{\"@context\":\"https:\/\/schema.org\",\"@graph\":[{\"@type\":\"WebPage\",\"@id\":\"https:\/\/gr-100.com\/pt-pt\/producto\/especializado-turbo-levo-sl-expert-carbono-2023\/\",\"url\":\"https:\/\/gr-100.com\/pt-pt\/producto\/especializado-turbo-levo-sl-expert-carbono-2023\/\",\"name\":\"Specialized Turbo Levo SL Expert Carbono 2023\",\"isPartOf\":{\"@id\":\"https:\/\/gr-100.com\/#website\"},\"primaryImageOfPage\":{\"@id\":\"https:\/\/gr-100.com\/pt-pt\/producto\/especializado-turbo-levo-sl-expert-carbono-2023\/#primaryimage\"},\"image\":{\"@id\":\"https:\/\/gr-100.com\/pt-pt\/producto\/especializado-turbo-levo-sl-expert-carbono-2023\/#primaryimage\"},\"thumbnailUrl\":\"https:\/\/gr-100.com\/wp-content\/uploads\/2024\/05\/levo-SL-expert-carbonjpeg.jpeg\",\"datePublished\":\"2024-07-01T12:03:13+00:00\",\"dateModified\":\"2025-09-22T14:14:02+00:00\",\"description\":\"O Levo SL oferece uma qualidade e capacidade de condu\u00e7\u00e3o amplificadas e incompar\u00e1veis. Para o piloto de trail que anseia por uma singletrack sinuosa.\",\"breadcrumb\":{\"@id\":\"https:\/\/gr-100.com\/pt-pt\/producto\/especializado-turbo-levo-sl-expert-carbono-2023\/#breadcrumb\"},\"inLanguage\":\"pt-PT\",\"potentialAction\":[{\"@type\":\"ReadAction\",\"target\":[\"https:\/\/gr-100.com\/pt-pt\/producto\/especializado-turbo-levo-sl-expert-carbono-2023\/\"]}]},{\"@type\":\"ImageObject\",\"inLanguage\":\"pt-PT\",\"@id\":\"https:\/\/gr-100.com\/pt-pt\/producto\/especializado-turbo-levo-sl-expert-carbono-2023\/#primaryimage\",\"url\":\"https:\/\/gr-100.com\/wp-content\/uploads\/2024\/05\/levo-SL-expert-carbonjpeg.jpeg\",\"contentUrl\":\"https:\/\/gr-100.com\/wp-content\/uploads\/2024\/05\/levo-SL-expert-carbonjpeg.jpeg\",\"width\":1000,\"height\":1000},{\"@type\":\"BreadcrumbList\",\"@id\":\"https:\/\/gr-100.com\/pt-pt\/producto\/especializado-turbo-levo-sl-expert-carbono-2023\/#breadcrumb\",\"itemListElement\":[{\"@type\":\"ListItem\",\"position\":1,\"name\":\"Portada\",\"item\":\"https:\/\/gr-100.com\/en\/\"},{\"@type\":\"ListItem\",\"position\":2,\"name\":\"Productos\",\"item\":\"https:\/\/gr-100.com\/?post_type=product\"},{\"@type\":\"ListItem\",\"position\":3,\"name\":\"Specialized Turbo Levo SL Expert Carbono 2023\"}]},{\"@type\":\"WebSite\",\"@id\":\"https:\/\/gr-100.com\/#website\",\"url\":\"https:\/\/gr-100.com\/\",\"name\":\"Gr-100 Tienda de ciclismo Specialized\",\"description\":\"GR-100 tenemos todas las gamas de bicicletas Specialized al mejor precio.\",\"publisher\":{\"@id\":\"https:\/\/gr-100.com\/#organization\"},\"alternateName\":\"Gr-100 Bikes\",\"potentialAction\":[{\"@type\":\"SearchAction\",\"target\":{\"@type\":\"EntryPoint\",\"urlTemplate\":\"https:\/\/gr-100.com\/?s={search_term_string}\"},\"query-input\":{\"@type\":\"PropertyValueSpecification\",\"valueRequired\":true,\"valueName\":\"search_term_string\"}}],\"inLanguage\":\"pt-PT\"},{\"@type\":\"Organization\",\"@id\":\"https:\/\/gr-100.com\/#organization\",\"name\":\"Gr-100\",\"url\":\"https:\/\/gr-100.com\/\",\"logo\":{\"@type\":\"ImageObject\",\"inLanguage\":\"pt-PT\",\"@id\":\"https:\/\/gr-100.com\/#\/schema\/logo\/image\/\",\"url\":\"https:\/\/gr-100.com\/wp-content\/uploads\/2023\/08\/logo-gr-100-bikes.png\",\"contentUrl\":\"https:\/\/gr-100.com\/wp-content\/uploads\/2023\/08\/logo-gr-100-bikes.png\",\"width\":707,\"height\":284,\"caption\":\"Gr-100\"},\"image\":{\"@id\":\"https:\/\/gr-100.com\/#\/schema\/logo\/image\/\"},\"sameAs\":[\"https:\/\/www.facebook.com\/Gr100Bikes\",\"https:\/\/www.instagram.com\/gr100bikes\/\",\"https:\/\/www.tiktok.com\/@gr100bikes\",\"https:\/\/twitter.com\/gr100mtbteam\",\"https:\/\/www.youtube.com\/c\/GR100Specialized\"]}]}<\/script>\n<!-- \/ Yoast SEO Premium plugin. -->","yoast_head_json":{"title":"Specialized Turbo Levo SL Expert Carbono 2023","description":"O Levo SL oferece uma qualidade e capacidade de condu\u00e7\u00e3o amplificadas e incompar\u00e1veis. Para o piloto de trail que anseia por uma singletrack sinuosa.","robots":{"index":"index","follow":"follow","max-snippet":"max-snippet:-1","max-image-preview":"max-image-preview:large","max-video-preview":"max-video-preview:-1"},"canonical":"https:\/\/gr-100.com\/pt-pt\/producto\/especializado-turbo-levo-sl-expert-carbono-2023\/","og_locale":"pt_PT","og_type":"article","og_title":"Specialized Turbo Levo SL Expert Carbono 2023","og_description":"O Levo SL oferece uma qualidade e capacidade de condu\u00e7\u00e3o amplificadas e incompar\u00e1veis. Para o piloto de trail que anseia por uma singletrack sinuosa.","og_url":"https:\/\/gr-100.com\/pt-pt\/producto\/especializado-turbo-levo-sl-expert-carbono-2023\/","og_site_name":"Gr-100 Tienda de ciclismo Specialized","article_publisher":"https:\/\/www.facebook.com\/Gr100Bikes","article_modified_time":"2025-09-22T14:14:02+00:00","og_image":[{"width":1000,"height":1000,"url":"https:\/\/gr-100.com\/wp-content\/uploads\/2024\/05\/levo-SL-expert-carbonjpeg.jpeg","type":"image\/jpeg"}],"twitter_card":"summary_large_image","twitter_misc":{"Tempo estimado de leitura":"5 minutos"},"schema":{"@context":"https:\/\/schema.org","@graph":[{"@type":"WebPage","@id":"https:\/\/gr-100.com\/pt-pt\/producto\/especializado-turbo-levo-sl-expert-carbono-2023\/","url":"https:\/\/gr-100.com\/pt-pt\/producto\/especializado-turbo-levo-sl-expert-carbono-2023\/","name":"Specialized Turbo Levo SL Expert Carbono 2023","isPartOf":{"@id":"https:\/\/gr-100.com\/#website"},"primaryImageOfPage":{"@id":"https:\/\/gr-100.com\/pt-pt\/producto\/especializado-turbo-levo-sl-expert-carbono-2023\/#primaryimage"},"image":{"@id":"https:\/\/gr-100.com\/pt-pt\/producto\/especializado-turbo-levo-sl-expert-carbono-2023\/#primaryimage"},"thumbnailUrl":"https:\/\/gr-100.com\/wp-content\/uploads\/2024\/05\/levo-SL-expert-carbonjpeg.jpeg","datePublished":"2024-07-01T12:03:13+00:00","dateModified":"2025-09-22T14:14:02+00:00","description":"O Levo SL oferece uma qualidade e capacidade de condu\u00e7\u00e3o amplificadas e incompar\u00e1veis. Para o piloto de trail que anseia por uma singletrack sinuosa.","breadcrumb":{"@id":"https:\/\/gr-100.com\/pt-pt\/producto\/especializado-turbo-levo-sl-expert-carbono-2023\/#breadcrumb"},"inLanguage":"pt-PT","potentialAction":[{"@type":"ReadAction","target":["https:\/\/gr-100.com\/pt-pt\/producto\/especializado-turbo-levo-sl-expert-carbono-2023\/"]}]},{"@type":"ImageObject","inLanguage":"pt-PT","@id":"https:\/\/gr-100.com\/pt-pt\/producto\/especializado-turbo-levo-sl-expert-carbono-2023\/#primaryimage","url":"https:\/\/gr-100.com\/wp-content\/uploads\/2024\/05\/levo-SL-expert-carbonjpeg.jpeg","contentUrl":"https:\/\/gr-100.com\/wp-content\/uploads\/2024\/05\/levo-SL-expert-carbonjpeg.jpeg","width":1000,"height":1000},{"@type":"BreadcrumbList","@id":"https:\/\/gr-100.com\/pt-pt\/producto\/especializado-turbo-levo-sl-expert-carbono-2023\/#breadcrumb","itemListElement":[{"@type":"ListItem","position":1,"name":"Portada","item":"https:\/\/gr-100.com\/en\/"},{"@type":"ListItem","position":2,"name":"Productos","item":"https:\/\/gr-100.com\/?post_type=product"},{"@type":"ListItem","position":3,"name":"Specialized Turbo Levo SL Expert Carbono 2023"}]},{"@type":"WebSite","@id":"https:\/\/gr-100.com\/#website","url":"https:\/\/gr-100.com\/","name":"Gr-100 Tienda de ciclismo Specialized","description":"GR-100 tenemos todas las gamas de bicicletas Specialized al mejor precio.","publisher":{"@id":"https:\/\/gr-100.com\/#organization"},"alternateName":"Gr-100 Bikes","potentialAction":[{"@type":"SearchAction","target":{"@type":"EntryPoint","urlTemplate":"https:\/\/gr-100.com\/?s={search_term_string}"},"query-input":{"@type":"PropertyValueSpecification","valueRequired":true,"valueName":"search_term_string"}}],"inLanguage":"pt-PT"},{"@type":"Organization","@id":"https:\/\/gr-100.com\/#organization","name":"Gr-100","url":"https:\/\/gr-100.com\/","logo":{"@type":"ImageObject","inLanguage":"pt-PT","@id":"https:\/\/gr-100.com\/#\/schema\/logo\/image\/","url":"https:\/\/gr-100.com\/wp-content\/uploads\/2023\/08\/logo-gr-100-bikes.png","contentUrl":"https:\/\/gr-100.com\/wp-content\/uploads\/2023\/08\/logo-gr-100-bikes.png","width":707,"height":284,"caption":"Gr-100"},"image":{"@id":"https:\/\/gr-100.com\/#\/schema\/logo\/image\/"},"sameAs":["https:\/\/www.facebook.com\/Gr100Bikes","https:\/\/www.instagram.com\/gr100bikes\/","https:\/\/www.tiktok.com\/@gr100bikes","https:\/\/twitter.com\/gr100mtbteam","https:\/\/www.youtube.com\/c\/GR100Specialized"]}]}},"_links":{"self":[{"href":"https:\/\/gr-100.com\/pt-pt\/wp-json\/wp\/v2\/product\/384802","targetHints":{"allow":["GET"]}}],"collection":[{"href":"https:\/\/gr-100.com\/pt-pt\/wp-json\/wp\/v2\/product"}],"about":[{"href":"https:\/\/gr-100.com\/pt-pt\/wp-json\/wp\/v2\/types\/product"}],"replies":[{"embeddable":true,"href":"https:\/\/gr-100.com\/pt-pt\/wp-json\/wp\/v2\/comments?post=384802"}],"wp:featuredmedia":[{"embeddable":true,"href":"https:\/\/gr-100.com\/pt-pt\/wp-json\/wp\/v2\/media\/305111"}],"wp:attachment":[{"href":"https:\/\/gr-100.com\/pt-pt\/wp-json\/wp\/v2\/media?parent=384802"}],"wp:term":[{"taxonomy":"product_brand","embeddable":true,"href":"https:\/\/gr-100.com\/pt-pt\/wp-json\/wp\/v2\/product_brand?post=384802"},{"taxonomy":"product_cat","embeddable":true,"href":"https:\/\/gr-100.com\/pt-pt\/wp-json\/wp\/v2\/product_cat?post=384802"},{"taxonomy":"product_tag","embeddable":true,"href":"https:\/\/gr-100.com\/pt-pt\/wp-json\/wp\/v2\/product_tag?post=384802"}],"curies":[{"name":"wp","href":"https:\/\/api.w.org\/{rel}","templated":true}]}}