{"id":384888,"date":"2024-07-01T14:05:14","date_gmt":"2024-07-01T12:05:14","guid":{"rendered":"https:\/\/gr-100.com\/producto\/especializado-turbo-levo-sl-comp-carbon-2023\/"},"modified":"2025-09-22T16:22:00","modified_gmt":"2025-09-22T14:22:00","slug":"especializado-turbo-levo-sl-comp-carbon-2023","status":"publish","type":"product","link":"https:\/\/gr-100.com\/pt-pt\/producto\/especializado-turbo-levo-sl-comp-carbon-2023\/","title":{"rendered":"Specialized Turbo Levo SL Comp Carbono 2023"},"content":{"rendered":"<ul>\n<li>A Unidade de Controlo MasterMind Turbo \u00e9 o seu centro de informa\u00e7\u00e3o com campos de visualiza\u00e7\u00e3o personaliz\u00e1veis, incluindo a percentagem exata do n\u00edvel da bateria, apresenta a nova funcionalidade MicroTune para ajustar a entrega de energia em incrementos de 10%, para que obtenha exatamente a assist\u00eancia de que precisa quando quiser.<\/li>\n<li>Um design exclusivo &#8220;Mullet&#8221; com roda de 27,5&#8243; na traseira e 29&#8243; na dianteira oferece uma condu\u00e7\u00e3o \u00e1gil contra outros MTB.<br \/>\nO espa\u00e7oso cockpit foca-o na moto, otimizando a tra\u00e7\u00e3o e o controlo em curva.<br \/>\nO suporte inferior baixo, o \u00e2ngulo relaxado do tubo principal e o corte reduzido do garfo mant\u00eam a estabilidade em terrenos dif\u00edceis.  <\/li>\n<li>O curso inspirado no enduro de 150 mm do Levo \u00e9 flex\u00edvel em pequenos solavancos, devorando impactos em grandes cortes sem solavancos, comendo sa\u00eddas de canto no caf\u00e9 da manh\u00e3, mas ao mesmo tempo oferecendo uma resposta incr\u00edvel do pedal e entregando sua pot\u00eancia ao solo com total efici\u00eancia.<\/li>\n<\/ul>\n<p>CARATER\u00cdSTICAS:<\/p>\n<ul>\n<li>Choque<br \/>\ntraseiro S2-S6: Fox Float X Performance series, 210x55mm, S1: Fox Float DPS Performance series, , 210x50mm<\/li>\n<li>Forquilha<br \/>\nFox 36 Rhythm, 29&#8243;, 44mm offset, amortecedor de ader\u00eancia, S1: 150mm, S2-S6: 160mm curso<\/li>\n<li>Quadro<br \/>\nTodo o novo quadro de carbono Levo SL, carbono Fact 11m, extens\u00e3o de choque de liga, curso de 150mm, \u00e2ngulo de cabe\u00e7a ajust\u00e1vel, altura BB, e compat\u00edvel com rodas<br \/>\n de 27,5 ou 29&#8243;.Liga, haste Alloy Trail de 38,6 mm<br \/>\n, furo de barra de 35 mm<\/li>\n<li>Ponte de sela<br \/>\nComp, trilhos ocos Cr-mo, 155\/143mm<\/li>\n<li>PunhosSpecialized em fita\n<\/li>\n<li>Guiador<br \/>\nSpecialized, liga 6061, upsweep de 6 graus, backsweep de 8 graus, eleva\u00e7\u00e3o de 30mm, largura de 780mm<\/li>\n<li>SeatPost<br \/>\nX-Fusion Manic, infinitamente ajust\u00e1vel, cabe\u00e7a de dois parafusos, roteamento de cabo de montagem inferior, alavanca LE SLR remota, 34.9, S1: 100mm, S2: 125mm, S3: 150mm, S4\/S5: 175mm, S6: 190mm<\/li>\n<li>Liga de cubo<br \/>\ntraseiro, rolamentos de cartucho selados, eixo thru 148mmx12mm, 28h<\/li>\n<li>Liga de cubo<br \/>\ndianteiro, rolamentos de cartucho selados, eixo thru 15x110mm, 28h<\/li>\n<li>Talho de pneu<br \/>\ndianteiro, carca\u00e7a GRID TRAIL, composto GRIPTON\u00ae T9, 2Bliss Ready, 29&#215;2.3&#8243;<br \/>\n Raios<br \/>\nDT Swiss Industry<\/li>\n<li>Eliminador de pneus<br \/>\ntraseiro, carca\u00e7a GRID TRAIL, composto GRIPTON\u00ae T7, 2Bliss Ready, 27,5 x 2,3&#8243;<\/li>\n<li>Jantes<br \/>\nSpecialized 29\/27.5, liga sem gancho, 30mm de largura interna, tubeless ready<br \/>\nInner Tubes<br \/>\nStandard, Presta Valve<br \/>\nWiring Harness<br \/>\nCustom Specialized wiring harness<\/li>\n<li>Carregador Carregador<br \/>\npersonalizado, Sistema 48V c\/ Ficha do carregador do sistema SL<\/li>\n<li>Novo Specialized 1.2 SL Custom<br \/>\nRx Trail Tuned Motor UI\/Remote<br \/>\nSpecialized<br \/>\n MasterMind TCU, percentagem da carga restante, 120 configura\u00e7\u00f5es de ecr\u00e3 poss\u00edveis, ajuste de assist\u00eancia MicroTune, ANT+\/Bluetooth\u00ae, w\/Handlebar remoto<br \/>\nSpecialized SL1-320, totalmente integrado, 320Wh<\/li>\n<li>Chainrings<br \/>\nNovo SL 1.2 spider, 104BCD w \/ SRAM 32t Anel de liga compat\u00edvel com transmiss\u00e3o<\/li>\n<li>Virabrequim<br \/>\nSRAM Alloy Crankset, interface<br \/>\nDub Derailleur<br \/>\nSRAM GX Eagle, alavancas de c\u00e2mbio de<br \/>\n 12 velocidades<br \/>\nSRAM GX, gatilho, 12 velocidades<\/li>\n<li>Corrente<br \/>\nSRAM NX Eagle, 12 velocidades<br \/>\nCassette<br \/>\n Sram XG-1275, 12Sram, 10-52t<br \/>\nSWAT<br \/>\nSWAT CC tubo de dire\u00e7\u00e3o ferramenta integrada com ferramenta de corrente e link<\/li>\n<li>Pedais<br \/>\nPEDAL, PEDAIS TEST RIDE FORNECIDOS PELA SPECIALIZED<\/li>\n<li>Freio traseiro<br \/>\nSRAM C\u00f3digo RS, pin\u00e7a de 4 pist\u00f5es, disco hidr\u00e1ulico, 200mm<\/li>\n<li>Freio dianteiro<br \/>\nSRAM C\u00f3digo RS, pin\u00e7a de 4 pist\u00f5es, disco hidr\u00e1ulico, 200m<\/li>\n<li>Peso<br \/>\n18,83 kg (41 lb, 8,2 oz)<\/li>\n<li>Tamanho de peso<br \/>\nS4<\/li>\n<\/ul>\n","protected":false},"excerpt":{"rendered":"<p>Specialized Turbo Levo Comp Carbono 2023<\/p>\n<ul>\n<li>O motor 1.2 totalmente integrado do Levo, a bateria de 300 Wh e a avan\u00e7ada unidade de controlo MasterMind Turbo fornecem 50 Nm de bin\u00e1rio e 320 watts de pot\u00eancia l\u00edder na sua classe para at\u00e9 cinco horas de condu\u00e7\u00e3o, permitindo-lhe conduzir mais longe e mais r\u00e1pido do que nunca.<\/li>\n<\/ul>\n","protected":false},"featured_media":305232,"comment_status":"closed","ping_status":"closed","template":"","meta":{"_acf_changed":false,"_et_pb_use_builder":"","_et_pb_old_content":"","_et_gb_content_width":"","inline_featured_image":false},"product_brand":[],"product_cat":[3271,2459,391,2483,2460,3255,2696,403],"product_tag":[],"class_list":{"0":"post-384888","1":"product","2":"type-product","3":"status-publish","4":"has-post-thumbnail","6":"product_cat-bateria-de-presente","7":"product_cat-bicicletas-pt-pt-2","8":"product_cat-eletricas","9":"product_cat-bicicletas-especializadas","10":"product_cat-ofertas-pt-pt","11":"product_cat-oferta-eletrica","12":"product_cat-ofertas-especializadas","13":"product_cat-outlet-pt-pt","14":"product_shipping_class-bicicletas-pt-pt","16":"first","17":"outofstock","18":"taxable","19":"shipping-taxable","20":"product-type-variable","21":"wvs-archive-product-wrapper"},"acf":[],"yoast_head":"<!-- This site is optimized with the Yoast SEO Premium plugin v26.7 (Yoast SEO v26.7) - https:\/\/yoast.com\/wordpress\/plugins\/seo\/ -->\n<title>Specialized Turbo Levo SL Comp Carbono 2023 GR-100<\/title>\n<meta name=\"description\" content=\"Descubra a mais recente tecnologia de e-bike com a Specialized Turbo Levo SL Comp Carbon 2023, dispon\u00edvel na GR-100.\" \/>\n<meta name=\"robots\" content=\"index, follow, max-snippet:-1, max-image-preview:large, max-video-preview:-1\" \/>\n<link rel=\"canonical\" href=\"https:\/\/gr-100.com\/pt-pt\/producto\/especializado-turbo-levo-sl-comp-carbon-2023\/\" \/>\n<meta property=\"og:locale\" content=\"pt_PT\" \/>\n<meta property=\"og:type\" content=\"article\" \/>\n<meta property=\"og:title\" content=\"Specialized Turbo Levo SL Comp Carbono 2023\" \/>\n<meta property=\"og:description\" content=\"Descubra a mais recente tecnologia de e-bike com a Specialized Turbo Levo SL Comp Carbon 2023, dispon\u00edvel na GR-100.\" \/>\n<meta property=\"og:url\" content=\"https:\/\/gr-100.com\/pt-pt\/producto\/especializado-turbo-levo-sl-comp-carbon-2023\/\" \/>\n<meta property=\"og:site_name\" content=\"Gr-100 Tienda de ciclismo Specialized\" \/>\n<meta property=\"article:publisher\" content=\"https:\/\/www.facebook.com\/Gr100Bikes\" \/>\n<meta property=\"article:modified_time\" content=\"2025-09-22T14:22:00+00:00\" \/>\n<meta property=\"og:image\" content=\"https:\/\/gr-100.com\/wp-content\/uploads\/2024\/05\/Turbo-Levo-SL-Comp-Carbon-Satin-Doppio-1.jpg\" \/>\n\t<meta property=\"og:image:width\" content=\"1000\" \/>\n\t<meta property=\"og:image:height\" content=\"1000\" \/>\n\t<meta property=\"og:image:type\" content=\"image\/jpeg\" \/>\n<meta name=\"twitter:card\" content=\"summary_large_image\" \/>\n<meta name=\"twitter:label1\" content=\"Tempo estimado de leitura\" \/>\n\t<meta name=\"twitter:data1\" content=\"3 minutos\" \/>\n<script type=\"application\/ld+json\" class=\"yoast-schema-graph\">{\"@context\":\"https:\/\/schema.org\",\"@graph\":[{\"@type\":\"WebPage\",\"@id\":\"https:\/\/gr-100.com\/pt-pt\/producto\/especializado-turbo-levo-sl-comp-carbon-2023\/\",\"url\":\"https:\/\/gr-100.com\/pt-pt\/producto\/especializado-turbo-levo-sl-comp-carbon-2023\/\",\"name\":\"Specialized Turbo Levo SL Comp Carbono 2023 GR-100\",\"isPartOf\":{\"@id\":\"https:\/\/gr-100.com\/#website\"},\"primaryImageOfPage\":{\"@id\":\"https:\/\/gr-100.com\/pt-pt\/producto\/especializado-turbo-levo-sl-comp-carbon-2023\/#primaryimage\"},\"image\":{\"@id\":\"https:\/\/gr-100.com\/pt-pt\/producto\/especializado-turbo-levo-sl-comp-carbon-2023\/#primaryimage\"},\"thumbnailUrl\":\"https:\/\/gr-100.com\/wp-content\/uploads\/2024\/05\/Turbo-Levo-SL-Comp-Carbon-Satin-Doppio-1.jpg\",\"datePublished\":\"2024-07-01T12:05:14+00:00\",\"dateModified\":\"2025-09-22T14:22:00+00:00\",\"description\":\"Descubra a mais recente tecnologia de e-bike com a Specialized Turbo Levo SL Comp Carbon 2023, dispon\u00edvel na GR-100.\",\"breadcrumb\":{\"@id\":\"https:\/\/gr-100.com\/pt-pt\/producto\/especializado-turbo-levo-sl-comp-carbon-2023\/#breadcrumb\"},\"inLanguage\":\"pt-PT\",\"potentialAction\":[{\"@type\":\"ReadAction\",\"target\":[\"https:\/\/gr-100.com\/pt-pt\/producto\/especializado-turbo-levo-sl-comp-carbon-2023\/\"]}]},{\"@type\":\"ImageObject\",\"inLanguage\":\"pt-PT\",\"@id\":\"https:\/\/gr-100.com\/pt-pt\/producto\/especializado-turbo-levo-sl-comp-carbon-2023\/#primaryimage\",\"url\":\"https:\/\/gr-100.com\/wp-content\/uploads\/2024\/05\/Turbo-Levo-SL-Comp-Carbon-Satin-Doppio-1.jpg\",\"contentUrl\":\"https:\/\/gr-100.com\/wp-content\/uploads\/2024\/05\/Turbo-Levo-SL-Comp-Carbon-Satin-Doppio-1.jpg\",\"width\":1000,\"height\":1000},{\"@type\":\"BreadcrumbList\",\"@id\":\"https:\/\/gr-100.com\/pt-pt\/producto\/especializado-turbo-levo-sl-comp-carbon-2023\/#breadcrumb\",\"itemListElement\":[{\"@type\":\"ListItem\",\"position\":1,\"name\":\"Portada\",\"item\":\"https:\/\/gr-100.com\/en\/\"},{\"@type\":\"ListItem\",\"position\":2,\"name\":\"Productos\",\"item\":\"https:\/\/gr-100.com\/?post_type=product\"},{\"@type\":\"ListItem\",\"position\":3,\"name\":\"Specialized Turbo Levo SL Comp Carbono 2023\"}]},{\"@type\":\"WebSite\",\"@id\":\"https:\/\/gr-100.com\/#website\",\"url\":\"https:\/\/gr-100.com\/\",\"name\":\"Gr-100 Tienda de ciclismo Specialized\",\"description\":\"GR-100 tenemos todas las gamas de bicicletas Specialized al mejor precio.\",\"publisher\":{\"@id\":\"https:\/\/gr-100.com\/#organization\"},\"alternateName\":\"Gr-100 Bikes\",\"potentialAction\":[{\"@type\":\"SearchAction\",\"target\":{\"@type\":\"EntryPoint\",\"urlTemplate\":\"https:\/\/gr-100.com\/?s={search_term_string}\"},\"query-input\":{\"@type\":\"PropertyValueSpecification\",\"valueRequired\":true,\"valueName\":\"search_term_string\"}}],\"inLanguage\":\"pt-PT\"},{\"@type\":\"Organization\",\"@id\":\"https:\/\/gr-100.com\/#organization\",\"name\":\"Gr-100\",\"url\":\"https:\/\/gr-100.com\/\",\"logo\":{\"@type\":\"ImageObject\",\"inLanguage\":\"pt-PT\",\"@id\":\"https:\/\/gr-100.com\/#\/schema\/logo\/image\/\",\"url\":\"https:\/\/gr-100.com\/wp-content\/uploads\/2023\/08\/logo-gr-100-bikes.png\",\"contentUrl\":\"https:\/\/gr-100.com\/wp-content\/uploads\/2023\/08\/logo-gr-100-bikes.png\",\"width\":707,\"height\":284,\"caption\":\"Gr-100\"},\"image\":{\"@id\":\"https:\/\/gr-100.com\/#\/schema\/logo\/image\/\"},\"sameAs\":[\"https:\/\/www.facebook.com\/Gr100Bikes\",\"https:\/\/www.instagram.com\/gr100bikes\/\",\"https:\/\/www.tiktok.com\/@gr100bikes\",\"https:\/\/twitter.com\/gr100mtbteam\",\"https:\/\/www.youtube.com\/c\/GR100Specialized\"]}]}<\/script>\n<!-- \/ Yoast SEO Premium plugin. -->","yoast_head_json":{"title":"Specialized Turbo Levo SL Comp Carbono 2023 GR-100","description":"Descubra a mais recente tecnologia de e-bike com a Specialized Turbo Levo SL Comp Carbon 2023, dispon\u00edvel na GR-100.","robots":{"index":"index","follow":"follow","max-snippet":"max-snippet:-1","max-image-preview":"max-image-preview:large","max-video-preview":"max-video-preview:-1"},"canonical":"https:\/\/gr-100.com\/pt-pt\/producto\/especializado-turbo-levo-sl-comp-carbon-2023\/","og_locale":"pt_PT","og_type":"article","og_title":"Specialized Turbo Levo SL Comp Carbono 2023","og_description":"Descubra a mais recente tecnologia de e-bike com a Specialized Turbo Levo SL Comp Carbon 2023, dispon\u00edvel na GR-100.","og_url":"https:\/\/gr-100.com\/pt-pt\/producto\/especializado-turbo-levo-sl-comp-carbon-2023\/","og_site_name":"Gr-100 Tienda de ciclismo Specialized","article_publisher":"https:\/\/www.facebook.com\/Gr100Bikes","article_modified_time":"2025-09-22T14:22:00+00:00","og_image":[{"width":1000,"height":1000,"url":"https:\/\/gr-100.com\/wp-content\/uploads\/2024\/05\/Turbo-Levo-SL-Comp-Carbon-Satin-Doppio-1.jpg","type":"image\/jpeg"}],"twitter_card":"summary_large_image","twitter_misc":{"Tempo estimado de leitura":"3 minutos"},"schema":{"@context":"https:\/\/schema.org","@graph":[{"@type":"WebPage","@id":"https:\/\/gr-100.com\/pt-pt\/producto\/especializado-turbo-levo-sl-comp-carbon-2023\/","url":"https:\/\/gr-100.com\/pt-pt\/producto\/especializado-turbo-levo-sl-comp-carbon-2023\/","name":"Specialized Turbo Levo SL Comp Carbono 2023 GR-100","isPartOf":{"@id":"https:\/\/gr-100.com\/#website"},"primaryImageOfPage":{"@id":"https:\/\/gr-100.com\/pt-pt\/producto\/especializado-turbo-levo-sl-comp-carbon-2023\/#primaryimage"},"image":{"@id":"https:\/\/gr-100.com\/pt-pt\/producto\/especializado-turbo-levo-sl-comp-carbon-2023\/#primaryimage"},"thumbnailUrl":"https:\/\/gr-100.com\/wp-content\/uploads\/2024\/05\/Turbo-Levo-SL-Comp-Carbon-Satin-Doppio-1.jpg","datePublished":"2024-07-01T12:05:14+00:00","dateModified":"2025-09-22T14:22:00+00:00","description":"Descubra a mais recente tecnologia de e-bike com a Specialized Turbo Levo SL Comp Carbon 2023, dispon\u00edvel na GR-100.","breadcrumb":{"@id":"https:\/\/gr-100.com\/pt-pt\/producto\/especializado-turbo-levo-sl-comp-carbon-2023\/#breadcrumb"},"inLanguage":"pt-PT","potentialAction":[{"@type":"ReadAction","target":["https:\/\/gr-100.com\/pt-pt\/producto\/especializado-turbo-levo-sl-comp-carbon-2023\/"]}]},{"@type":"ImageObject","inLanguage":"pt-PT","@id":"https:\/\/gr-100.com\/pt-pt\/producto\/especializado-turbo-levo-sl-comp-carbon-2023\/#primaryimage","url":"https:\/\/gr-100.com\/wp-content\/uploads\/2024\/05\/Turbo-Levo-SL-Comp-Carbon-Satin-Doppio-1.jpg","contentUrl":"https:\/\/gr-100.com\/wp-content\/uploads\/2024\/05\/Turbo-Levo-SL-Comp-Carbon-Satin-Doppio-1.jpg","width":1000,"height":1000},{"@type":"BreadcrumbList","@id":"https:\/\/gr-100.com\/pt-pt\/producto\/especializado-turbo-levo-sl-comp-carbon-2023\/#breadcrumb","itemListElement":[{"@type":"ListItem","position":1,"name":"Portada","item":"https:\/\/gr-100.com\/en\/"},{"@type":"ListItem","position":2,"name":"Productos","item":"https:\/\/gr-100.com\/?post_type=product"},{"@type":"ListItem","position":3,"name":"Specialized Turbo Levo SL Comp Carbono 2023"}]},{"@type":"WebSite","@id":"https:\/\/gr-100.com\/#website","url":"https:\/\/gr-100.com\/","name":"Gr-100 Tienda de ciclismo Specialized","description":"GR-100 tenemos todas las gamas de bicicletas Specialized al mejor precio.","publisher":{"@id":"https:\/\/gr-100.com\/#organization"},"alternateName":"Gr-100 Bikes","potentialAction":[{"@type":"SearchAction","target":{"@type":"EntryPoint","urlTemplate":"https:\/\/gr-100.com\/?s={search_term_string}"},"query-input":{"@type":"PropertyValueSpecification","valueRequired":true,"valueName":"search_term_string"}}],"inLanguage":"pt-PT"},{"@type":"Organization","@id":"https:\/\/gr-100.com\/#organization","name":"Gr-100","url":"https:\/\/gr-100.com\/","logo":{"@type":"ImageObject","inLanguage":"pt-PT","@id":"https:\/\/gr-100.com\/#\/schema\/logo\/image\/","url":"https:\/\/gr-100.com\/wp-content\/uploads\/2023\/08\/logo-gr-100-bikes.png","contentUrl":"https:\/\/gr-100.com\/wp-content\/uploads\/2023\/08\/logo-gr-100-bikes.png","width":707,"height":284,"caption":"Gr-100"},"image":{"@id":"https:\/\/gr-100.com\/#\/schema\/logo\/image\/"},"sameAs":["https:\/\/www.facebook.com\/Gr100Bikes","https:\/\/www.instagram.com\/gr100bikes\/","https:\/\/www.tiktok.com\/@gr100bikes","https:\/\/twitter.com\/gr100mtbteam","https:\/\/www.youtube.com\/c\/GR100Specialized"]}]}},"_links":{"self":[{"href":"https:\/\/gr-100.com\/pt-pt\/wp-json\/wp\/v2\/product\/384888","targetHints":{"allow":["GET"]}}],"collection":[{"href":"https:\/\/gr-100.com\/pt-pt\/wp-json\/wp\/v2\/product"}],"about":[{"href":"https:\/\/gr-100.com\/pt-pt\/wp-json\/wp\/v2\/types\/product"}],"replies":[{"embeddable":true,"href":"https:\/\/gr-100.com\/pt-pt\/wp-json\/wp\/v2\/comments?post=384888"}],"wp:featuredmedia":[{"embeddable":true,"href":"https:\/\/gr-100.com\/pt-pt\/wp-json\/wp\/v2\/media\/305232"}],"wp:attachment":[{"href":"https:\/\/gr-100.com\/pt-pt\/wp-json\/wp\/v2\/media?parent=384888"}],"wp:term":[{"taxonomy":"product_brand","embeddable":true,"href":"https:\/\/gr-100.com\/pt-pt\/wp-json\/wp\/v2\/product_brand?post=384888"},{"taxonomy":"product_cat","embeddable":true,"href":"https:\/\/gr-100.com\/pt-pt\/wp-json\/wp\/v2\/product_cat?post=384888"},{"taxonomy":"product_tag","embeddable":true,"href":"https:\/\/gr-100.com\/pt-pt\/wp-json\/wp\/v2\/product_tag?post=384888"}],"curies":[{"name":"wp","href":"https:\/\/api.w.org\/{rel}","templated":true}]}}