{"id":384924,"date":"2024-07-01T14:01:46","date_gmt":"2024-07-01T12:01:46","guid":{"rendered":"https:\/\/gr-100.com\/producto\/megamo-27-5-%cc%88-ridon-ht-630-05-2023-suv\/"},"modified":"2025-09-22T15:05:06","modified_gmt":"2025-09-22T13:05:06","slug":"megamo-27-5-%cc%88-ridon-ht-630-05-2023-suv","status":"publish","type":"product","link":"https:\/\/gr-100.com\/pt-pt\/producto\/megamo-27-5-%cc%88-ridon-ht-630-05-2023-suv\/","title":{"rendered":"Megamo 27.5 \u0308 Ridon HT 630 05 2023 SUV"},"content":{"rendered":"<p>FICHA T\u00c9CNICA Montagem do quadro Bateria totalmente integrada Estrutura, motor central, tubo de cabe\u00e7a c\u00f3nico de 1,5&#8243; Suntour 32 XCM Garfo ATB, 100mm FSA fone de ouvido c\u00f4nico Componentes el\u00e9tricos Megamo Motor Central M-PW 80Nm, 250W, Bateria do Sensor de Torque Bateria LI-ION integrada, 630 Wh Display Painel LCD Painel de 5 n\u00edveis de transmiss\u00e3o Derailleur traseiro Shimano Altus 9s Alavancas de mudan\u00e7a Shimano Altus 9s Chainring FSA 36T 104c Shimano Altus 9s 11-36T Freios Conjunto de freios Shimano MT200 hidr\u00e1ulico, Disco do rotor 180\/180mm Rodas Pneus Vittoria Mezcal 27.5&#215;2.25 [S] Cubos F\u00f3rmula XC um disco de parede dupla Rodas Componentes Guiador Liga butted 31.8&#215;720 mm, subida: 12 mm, varredura traseira: 6\u00ba 3D Forged Alloy Stem, Ext.: 60-70-90 mm, Rise: \u00b17\u00ba Megamo 30.9mm Seatpost Megamo Specific E-Bike+ Saddle Reservamo-nos o direito de modificar as informa\u00e7\u00f5es no site sem aviso pr\u00e9vio,  incluindo especifica\u00e7\u00f5es, modelos, cores e materiais.<\/p>\n","protected":false},"excerpt":{"rendered":"<p>Quadro de alum\u00ednio espec\u00edfico para e-Bike, bateria totalmente integrada e motor central.<br \/>\nMotor central Megamo M-PW de 250W e 80Nm.<br \/>\nBateria integrada de 630 Wh.   Forquilha Suntour 32 XCM ATB, curso de 100mm, fone de ouvido c\u00f4nico.<br \/>\nTrem de for\u00e7a de 9 velocidades Shimano.<br \/>\nFreios hidr\u00e1ulicos Shimano e discos \u00d8180mm.  <\/p>\n","protected":false},"featured_media":305008,"comment_status":"closed","ping_status":"closed","template":"","meta":{"_acf_changed":false,"_et_pb_use_builder":"","_et_pb_old_content":"","_et_gb_content_width":"","inline_featured_image":false},"product_brand":[],"product_cat":[2459,391,2460,3255],"product_tag":[],"class_list":{"0":"post-384924","1":"product","2":"type-product","3":"status-publish","4":"has-post-thumbnail","6":"product_cat-bicicletas-pt-pt-2","7":"product_cat-eletricas","8":"product_cat-ofertas-pt-pt","9":"product_cat-oferta-eletrica","10":"product_shipping_class-bicicletas-pt-pt","12":"first","13":"outofstock","14":"taxable","15":"shipping-taxable","16":"product-type-variable","17":"wvs-archive-product-wrapper"},"acf":[],"yoast_head":"<!-- This site is optimized with the Yoast SEO Premium plugin v26.7 (Yoast SEO v26.7) - https:\/\/yoast.com\/wordpress\/plugins\/seo\/ -->\n<title>Megamo 27.5 \u0308 Ridon HT 630 05 2023 SUV<\/title>\n<meta name=\"description\" content=\"Quadro de alum\u00ednio espec\u00edfico para e-Bike, bateria totalmente integrada e motor central. Motor central Megamo M-PW de 250W e 80Nm. Bateria integrada de 630 Wh.\" \/>\n<meta name=\"robots\" content=\"index, follow, max-snippet:-1, max-image-preview:large, max-video-preview:-1\" \/>\n<link rel=\"canonical\" href=\"https:\/\/gr-100.com\/pt-pt\/producto\/megamo-27-5-\u0308-ridon-ht-630-05-2023-suv\/\" \/>\n<meta property=\"og:locale\" content=\"pt_PT\" \/>\n<meta property=\"og:type\" content=\"article\" \/>\n<meta property=\"og:title\" content=\"Megamo 27.5 \u0308 Ridon HT 630 05 2023 SUV\" \/>\n<meta property=\"og:description\" content=\"Quadro de alum\u00ednio espec\u00edfico para e-Bike, bateria totalmente integrada e motor central. Motor central Megamo M-PW de 250W e 80Nm. Bateria integrada de 630 Wh.\" \/>\n<meta property=\"og:url\" content=\"https:\/\/gr-100.com\/pt-pt\/producto\/megamo-27-5-\u0308-ridon-ht-630-05-2023-suv\/\" \/>\n<meta property=\"og:site_name\" content=\"Gr-100 Tienda de ciclismo Specialized\" \/>\n<meta property=\"article:publisher\" content=\"https:\/\/www.facebook.com\/Gr100Bikes\" \/>\n<meta property=\"article:modified_time\" content=\"2025-09-22T13:05:06+00:00\" \/>\n<meta property=\"og:image\" content=\"https:\/\/gr-100.com\/wp-content\/uploads\/2024\/05\/1Ridon-HT-630-05-2023-SUV.jpg\" \/>\n\t<meta property=\"og:image:width\" content=\"1080\" \/>\n\t<meta property=\"og:image:height\" content=\"1080\" \/>\n\t<meta property=\"og:image:type\" content=\"image\/jpeg\" \/>\n<meta name=\"twitter:card\" content=\"summary_large_image\" \/>\n<meta name=\"twitter:label1\" content=\"Tempo estimado de leitura\" \/>\n\t<meta name=\"twitter:data1\" content=\"1 minuto\" \/>\n<script type=\"application\/ld+json\" class=\"yoast-schema-graph\">{\"@context\":\"https:\/\/schema.org\",\"@graph\":[{\"@type\":\"WebPage\",\"@id\":\"https:\/\/gr-100.com\/pt-pt\/producto\/megamo-27-5-%cc%88-ridon-ht-630-05-2023-suv\/\",\"url\":\"https:\/\/gr-100.com\/pt-pt\/producto\/megamo-27-5-%cc%88-ridon-ht-630-05-2023-suv\/\",\"name\":\"Megamo 27.5 \u0308 Ridon HT 630 05 2023 SUV\",\"isPartOf\":{\"@id\":\"https:\/\/gr-100.com\/#website\"},\"primaryImageOfPage\":{\"@id\":\"https:\/\/gr-100.com\/pt-pt\/producto\/megamo-27-5-%cc%88-ridon-ht-630-05-2023-suv\/#primaryimage\"},\"image\":{\"@id\":\"https:\/\/gr-100.com\/pt-pt\/producto\/megamo-27-5-%cc%88-ridon-ht-630-05-2023-suv\/#primaryimage\"},\"thumbnailUrl\":\"https:\/\/gr-100.com\/wp-content\/uploads\/2024\/05\/1Ridon-HT-630-05-2023-SUV.jpg\",\"datePublished\":\"2024-07-01T12:01:46+00:00\",\"dateModified\":\"2025-09-22T13:05:06+00:00\",\"description\":\"Quadro de alum\u00ednio espec\u00edfico para e-Bike, bateria totalmente integrada e motor central. Motor central Megamo M-PW de 250W e 80Nm. Bateria integrada de 630 Wh.\",\"breadcrumb\":{\"@id\":\"https:\/\/gr-100.com\/pt-pt\/producto\/megamo-27-5-%cc%88-ridon-ht-630-05-2023-suv\/#breadcrumb\"},\"inLanguage\":\"pt-PT\",\"potentialAction\":[{\"@type\":\"ReadAction\",\"target\":[\"https:\/\/gr-100.com\/pt-pt\/producto\/megamo-27-5-%cc%88-ridon-ht-630-05-2023-suv\/\"]}]},{\"@type\":\"ImageObject\",\"inLanguage\":\"pt-PT\",\"@id\":\"https:\/\/gr-100.com\/pt-pt\/producto\/megamo-27-5-%cc%88-ridon-ht-630-05-2023-suv\/#primaryimage\",\"url\":\"https:\/\/gr-100.com\/wp-content\/uploads\/2024\/05\/1Ridon-HT-630-05-2023-SUV.jpg\",\"contentUrl\":\"https:\/\/gr-100.com\/wp-content\/uploads\/2024\/05\/1Ridon-HT-630-05-2023-SUV.jpg\",\"width\":1080,\"height\":1080},{\"@type\":\"BreadcrumbList\",\"@id\":\"https:\/\/gr-100.com\/pt-pt\/producto\/megamo-27-5-%cc%88-ridon-ht-630-05-2023-suv\/#breadcrumb\",\"itemListElement\":[{\"@type\":\"ListItem\",\"position\":1,\"name\":\"Portada\",\"item\":\"https:\/\/gr-100.com\/en\/\"},{\"@type\":\"ListItem\",\"position\":2,\"name\":\"Productos\",\"item\":\"https:\/\/gr-100.com\/?post_type=product\"},{\"@type\":\"ListItem\",\"position\":3,\"name\":\"Megamo 27.5 \u0308 Ridon HT 630 05 2023 SUV\"}]},{\"@type\":\"WebSite\",\"@id\":\"https:\/\/gr-100.com\/#website\",\"url\":\"https:\/\/gr-100.com\/\",\"name\":\"Gr-100 Tienda de ciclismo Specialized\",\"description\":\"GR-100 tenemos todas las gamas de bicicletas Specialized al mejor precio.\",\"publisher\":{\"@id\":\"https:\/\/gr-100.com\/#organization\"},\"alternateName\":\"Gr-100 Bikes\",\"potentialAction\":[{\"@type\":\"SearchAction\",\"target\":{\"@type\":\"EntryPoint\",\"urlTemplate\":\"https:\/\/gr-100.com\/?s={search_term_string}\"},\"query-input\":{\"@type\":\"PropertyValueSpecification\",\"valueRequired\":true,\"valueName\":\"search_term_string\"}}],\"inLanguage\":\"pt-PT\"},{\"@type\":\"Organization\",\"@id\":\"https:\/\/gr-100.com\/#organization\",\"name\":\"Gr-100\",\"url\":\"https:\/\/gr-100.com\/\",\"logo\":{\"@type\":\"ImageObject\",\"inLanguage\":\"pt-PT\",\"@id\":\"https:\/\/gr-100.com\/#\/schema\/logo\/image\/\",\"url\":\"https:\/\/gr-100.com\/wp-content\/uploads\/2023\/08\/logo-gr-100-bikes.png\",\"contentUrl\":\"https:\/\/gr-100.com\/wp-content\/uploads\/2023\/08\/logo-gr-100-bikes.png\",\"width\":707,\"height\":284,\"caption\":\"Gr-100\"},\"image\":{\"@id\":\"https:\/\/gr-100.com\/#\/schema\/logo\/image\/\"},\"sameAs\":[\"https:\/\/www.facebook.com\/Gr100Bikes\",\"https:\/\/www.instagram.com\/gr100bikes\/\",\"https:\/\/www.tiktok.com\/@gr100bikes\",\"https:\/\/twitter.com\/gr100mtbteam\",\"https:\/\/www.youtube.com\/c\/GR100Specialized\"]}]}<\/script>\n<!-- \/ Yoast SEO Premium plugin. -->","yoast_head_json":{"title":"Megamo 27.5 \u0308 Ridon HT 630 05 2023 SUV","description":"Quadro de alum\u00ednio espec\u00edfico para e-Bike, bateria totalmente integrada e motor central. Motor central Megamo M-PW de 250W e 80Nm. Bateria integrada de 630 Wh.","robots":{"index":"index","follow":"follow","max-snippet":"max-snippet:-1","max-image-preview":"max-image-preview:large","max-video-preview":"max-video-preview:-1"},"canonical":"https:\/\/gr-100.com\/pt-pt\/producto\/megamo-27-5-\u0308-ridon-ht-630-05-2023-suv\/","og_locale":"pt_PT","og_type":"article","og_title":"Megamo 27.5 \u0308 Ridon HT 630 05 2023 SUV","og_description":"Quadro de alum\u00ednio espec\u00edfico para e-Bike, bateria totalmente integrada e motor central. Motor central Megamo M-PW de 250W e 80Nm. Bateria integrada de 630 Wh.","og_url":"https:\/\/gr-100.com\/pt-pt\/producto\/megamo-27-5-\u0308-ridon-ht-630-05-2023-suv\/","og_site_name":"Gr-100 Tienda de ciclismo Specialized","article_publisher":"https:\/\/www.facebook.com\/Gr100Bikes","article_modified_time":"2025-09-22T13:05:06+00:00","og_image":[{"width":1080,"height":1080,"url":"https:\/\/gr-100.com\/wp-content\/uploads\/2024\/05\/1Ridon-HT-630-05-2023-SUV.jpg","type":"image\/jpeg"}],"twitter_card":"summary_large_image","twitter_misc":{"Tempo estimado de leitura":"1 minuto"},"schema":{"@context":"https:\/\/schema.org","@graph":[{"@type":"WebPage","@id":"https:\/\/gr-100.com\/pt-pt\/producto\/megamo-27-5-%cc%88-ridon-ht-630-05-2023-suv\/","url":"https:\/\/gr-100.com\/pt-pt\/producto\/megamo-27-5-%cc%88-ridon-ht-630-05-2023-suv\/","name":"Megamo 27.5 \u0308 Ridon HT 630 05 2023 SUV","isPartOf":{"@id":"https:\/\/gr-100.com\/#website"},"primaryImageOfPage":{"@id":"https:\/\/gr-100.com\/pt-pt\/producto\/megamo-27-5-%cc%88-ridon-ht-630-05-2023-suv\/#primaryimage"},"image":{"@id":"https:\/\/gr-100.com\/pt-pt\/producto\/megamo-27-5-%cc%88-ridon-ht-630-05-2023-suv\/#primaryimage"},"thumbnailUrl":"https:\/\/gr-100.com\/wp-content\/uploads\/2024\/05\/1Ridon-HT-630-05-2023-SUV.jpg","datePublished":"2024-07-01T12:01:46+00:00","dateModified":"2025-09-22T13:05:06+00:00","description":"Quadro de alum\u00ednio espec\u00edfico para e-Bike, bateria totalmente integrada e motor central. Motor central Megamo M-PW de 250W e 80Nm. Bateria integrada de 630 Wh.","breadcrumb":{"@id":"https:\/\/gr-100.com\/pt-pt\/producto\/megamo-27-5-%cc%88-ridon-ht-630-05-2023-suv\/#breadcrumb"},"inLanguage":"pt-PT","potentialAction":[{"@type":"ReadAction","target":["https:\/\/gr-100.com\/pt-pt\/producto\/megamo-27-5-%cc%88-ridon-ht-630-05-2023-suv\/"]}]},{"@type":"ImageObject","inLanguage":"pt-PT","@id":"https:\/\/gr-100.com\/pt-pt\/producto\/megamo-27-5-%cc%88-ridon-ht-630-05-2023-suv\/#primaryimage","url":"https:\/\/gr-100.com\/wp-content\/uploads\/2024\/05\/1Ridon-HT-630-05-2023-SUV.jpg","contentUrl":"https:\/\/gr-100.com\/wp-content\/uploads\/2024\/05\/1Ridon-HT-630-05-2023-SUV.jpg","width":1080,"height":1080},{"@type":"BreadcrumbList","@id":"https:\/\/gr-100.com\/pt-pt\/producto\/megamo-27-5-%cc%88-ridon-ht-630-05-2023-suv\/#breadcrumb","itemListElement":[{"@type":"ListItem","position":1,"name":"Portada","item":"https:\/\/gr-100.com\/en\/"},{"@type":"ListItem","position":2,"name":"Productos","item":"https:\/\/gr-100.com\/?post_type=product"},{"@type":"ListItem","position":3,"name":"Megamo 27.5 \u0308 Ridon HT 630 05 2023 SUV"}]},{"@type":"WebSite","@id":"https:\/\/gr-100.com\/#website","url":"https:\/\/gr-100.com\/","name":"Gr-100 Tienda de ciclismo Specialized","description":"GR-100 tenemos todas las gamas de bicicletas Specialized al mejor precio.","publisher":{"@id":"https:\/\/gr-100.com\/#organization"},"alternateName":"Gr-100 Bikes","potentialAction":[{"@type":"SearchAction","target":{"@type":"EntryPoint","urlTemplate":"https:\/\/gr-100.com\/?s={search_term_string}"},"query-input":{"@type":"PropertyValueSpecification","valueRequired":true,"valueName":"search_term_string"}}],"inLanguage":"pt-PT"},{"@type":"Organization","@id":"https:\/\/gr-100.com\/#organization","name":"Gr-100","url":"https:\/\/gr-100.com\/","logo":{"@type":"ImageObject","inLanguage":"pt-PT","@id":"https:\/\/gr-100.com\/#\/schema\/logo\/image\/","url":"https:\/\/gr-100.com\/wp-content\/uploads\/2023\/08\/logo-gr-100-bikes.png","contentUrl":"https:\/\/gr-100.com\/wp-content\/uploads\/2023\/08\/logo-gr-100-bikes.png","width":707,"height":284,"caption":"Gr-100"},"image":{"@id":"https:\/\/gr-100.com\/#\/schema\/logo\/image\/"},"sameAs":["https:\/\/www.facebook.com\/Gr100Bikes","https:\/\/www.instagram.com\/gr100bikes\/","https:\/\/www.tiktok.com\/@gr100bikes","https:\/\/twitter.com\/gr100mtbteam","https:\/\/www.youtube.com\/c\/GR100Specialized"]}]}},"_links":{"self":[{"href":"https:\/\/gr-100.com\/pt-pt\/wp-json\/wp\/v2\/product\/384924","targetHints":{"allow":["GET"]}}],"collection":[{"href":"https:\/\/gr-100.com\/pt-pt\/wp-json\/wp\/v2\/product"}],"about":[{"href":"https:\/\/gr-100.com\/pt-pt\/wp-json\/wp\/v2\/types\/product"}],"replies":[{"embeddable":true,"href":"https:\/\/gr-100.com\/pt-pt\/wp-json\/wp\/v2\/comments?post=384924"}],"wp:featuredmedia":[{"embeddable":true,"href":"https:\/\/gr-100.com\/pt-pt\/wp-json\/wp\/v2\/media\/305008"}],"wp:attachment":[{"href":"https:\/\/gr-100.com\/pt-pt\/wp-json\/wp\/v2\/media?parent=384924"}],"wp:term":[{"taxonomy":"product_brand","embeddable":true,"href":"https:\/\/gr-100.com\/pt-pt\/wp-json\/wp\/v2\/product_brand?post=384924"},{"taxonomy":"product_cat","embeddable":true,"href":"https:\/\/gr-100.com\/pt-pt\/wp-json\/wp\/v2\/product_cat?post=384924"},{"taxonomy":"product_tag","embeddable":true,"href":"https:\/\/gr-100.com\/pt-pt\/wp-json\/wp\/v2\/product_tag?post=384924"}],"curies":[{"name":"wp","href":"https:\/\/api.w.org\/{rel}","templated":true}]}}