{"id":384925,"date":"2024-07-01T14:05:49","date_gmt":"2024-07-01T12:05:49","guid":{"rendered":"https:\/\/gr-100.com\/producto\/especializado-turbo-vado-sl-5-0-2023\/"},"modified":"2025-11-26T16:43:26","modified_gmt":"2025-11-26T14:43:26","slug":"especializado-turbo-vado-sl-5-0-2023","status":"publish","type":"product","link":"https:\/\/gr-100.com\/pt-pt\/producto\/especializado-turbo-vado-sl-5-0-2023\/","title":{"rendered":"Specialized Turbo Vado SL 5.0 2023"},"content":{"rendered":"<div>\n<p>  Precisa de transportar a sua bicicleta? N\u00e3o h\u00e1 problema.  Pesando 40% menos do que a Ford de pot\u00eancia m\u00e1xima, n\u00e3o h\u00e1 outra e-bike com a mesma qualidade, alcance e pot\u00eancia de condu\u00e7\u00e3o. Tudo o que voc\u00ea precisa fazer \u00e9 embarcar e seguir em frente. O Vado SL vem equipado com tudo o que voc\u00ea precisa para come\u00e7ar a andar logo de cara. Em primeiro lugar, as luzes integradas extra-brilhantes proporcionam-lhe uma maior visibilidade em \u00e1reas com pouca luz. A Unidade de Controlo MasterMind Turbo (TCU) facilita a apresenta\u00e7\u00e3o de informa\u00e7\u00f5es de condu\u00e7\u00e3o em movimento. Os pneus Pathfinder rolam rapidamente dentro ou fora da estrada com grande ader\u00eancia, e o peso pena do Vado SL tamb\u00e9m o torna perfeito para desloca\u00e7\u00f5es urbanas e oferece muito mais do que apenas qualidade de condu\u00e7\u00e3o: significa que pode pendur\u00e1-lo numa parede ou no suporte de tejadilho do autom\u00f3vel. Por isso, quer esteja a ir r\u00e1pido ou longe ou ambos, o Vado SL proporciona a confian\u00e7a necess\u00e1ria para fazer tudo com uma fra\u00e7\u00e3o do peso.<\/p>\n<p>LEVEZA: Voc\u00ea vai se surpreender com a facilidade de carregar sua bicicleta em um rack, subir escadas ou se locomover pela cidade rapidamente, gra\u00e7as \u00e0 leveza l\u00edder da classe da tecnologia Turbo SL, materiais de quadro otimizados, design e especifica\u00e7\u00f5es.<\/p>\n<p>CONFORTO e CONFIAN\u00c7A: A posi\u00e7\u00e3o da carro\u00e7aria foi otimizada para um conforto, confian\u00e7a e controlo de condu\u00e7\u00e3o inigual\u00e1veis.<br \/>\nOs potentes trav\u00f5es de disco hidr\u00e1ulicos controlam a velocidade, enquanto os pneus maiores proporcionam a m\u00e1xima tra\u00e7\u00e3o para virar e travar. <\/p>\n<p>AUTONOMIA: Desfrute de grande autonomia, at\u00e9 130 km com uma \u00fanica carga.<br \/>\nPrecisa de mais?<br \/>\nPode adicionar uma autonomia de bateria opcional que cabe no compartimento da garrafa de \u00e1gua para ir ainda mais longe.  <\/p>\n<p>TURBO SL: O cora\u00e7\u00e3o do Vado \u00e9 a sua tecnologia Turbo SL, o sistema de e-bike avan\u00e7ado e integrado que oferece uma combina\u00e7\u00e3o inigual\u00e1vel de leveza, sensa\u00e7\u00e3o natural, recursos antirroubo, dicas de treinamento, um computador de bicicleta completo, alcance em qualquer lugar e muito mais.<\/p>\n<p>FICA MELHOR COM O TEMPO: Porque a nossa tecnologia nunca para de melhorar, a sua experi\u00eancia de condu\u00e7\u00e3o tamb\u00e9m n\u00e3o.<br \/>\nCom novas funcionalidades, apresenta\u00e7\u00f5es e atualiza\u00e7\u00f5es de firmware over-the-air, leve a sua experi\u00eancia de condu\u00e7\u00e3o para o pr\u00f3ximo n\u00edvel sempre que uma atualiza\u00e7\u00e3o estiver dispon\u00edvel. <\/p>\n<\/div>\n<ul>\n<li>A Unidade de Controlo Turbo MasterMind (TCU) \u00e9 o seu centro de informa\u00e7\u00e3o com campos de visualiza\u00e7\u00e3o personaliz\u00e1veis para experimentar a condu\u00e7\u00e3o que pretende, com precis\u00e3o.<\/li>\n<li>Atualiza\u00e7\u00f5es over-the-air quando sincronizadas com a aplica\u00e7\u00e3o Mission Control, permitindo que a sua moto melhore ao longo do tempo.<\/li>\n<li>O Turbo Vado SL tem uma bateria integrada de 320Wh com a capacidade de adicionar uma bateria auxiliar opcional para atingir um alcance de at\u00e9 190 km.<\/li>\n<li>Motor ultraleve Specialized SL 1.1, pico de 240W \/ 35Nm, sua pot\u00eancia x2<\/li>\n<li>Forquilha de carbono leve e resistente com eixo Boost\u2122 12x110mm thru.<\/li>\n<li>O Future Shock 1.5 reduz o impacto das imperfei\u00e7\u00f5es do terreno.<br \/>\nOs buracos desaparecem! <\/li>\n<li>Freios a disco hidr\u00e1ulicos premium para um poder de parada excecional.<\/li>\n<li>Luzes dianteiras e traseiras extra-brilhantes incorporadas para ver e ser visto.<\/li>\n<li>Caixa de velocidades Sram GX de 12 velocidades com desempenho leve e preciso a longo prazo.<\/li>\n<li>Com as robustas jantes de disco DT Swiss R500 com pneus desbravadores de 38 mm com composto GRIPTON.<\/li>\n<\/ul>\n","protected":false},"excerpt":{"rendered":"<p>Este \u00e9 o nosso Vado SL.<br \/>\nEsta e-bike superleve foi concebida para lidar com qualquer situa\u00e7\u00e3o, desde desloca\u00e7\u00f5es di\u00e1rias atrav\u00e9s de paisagens urbanas at\u00e9 aos treinos mais r\u00e1pidos.  Precisa de transportar a sua bicicleta?<br \/>\nN\u00e3o h\u00e1 problema.<br \/>\nPesando 40% menos do que a Ford de pot\u00eancia m\u00e1xima, n\u00e3o h\u00e1 outra e-bike com a mesma qualidade, alcance e pot\u00eancia de condu\u00e7\u00e3o.<br \/>\nTudo o que voc\u00ea precisa fazer \u00e9 embarcar e seguir em frente.   <\/p>\n","protected":false},"featured_media":305265,"comment_status":"closed","ping_status":"closed","template":"","meta":{"_acf_changed":false,"_et_pb_use_builder":"","_et_pb_old_content":"","_et_gb_content_width":"","inline_featured_image":false},"product_brand":[],"product_cat":[2459,391],"product_tag":[],"class_list":{"0":"post-384925","1":"product","2":"type-product","3":"status-publish","4":"has-post-thumbnail","6":"product_cat-bicicletas-pt-pt-2","7":"product_cat-eletricas","8":"product_shipping_class-bicicletas-pt-pt","10":"first","11":"outofstock","12":"taxable","13":"shipping-taxable","14":"product-type-variable","15":"wvs-archive-product-wrapper"},"acf":[],"yoast_head":"<!-- This site is optimized with the Yoast SEO Premium plugin v26.7 (Yoast SEO v26.7) - https:\/\/yoast.com\/wordpress\/plugins\/seo\/ -->\n<title>Specialized Turbo Vado SL 5.0 2023 GR-100<\/title>\n<meta name=\"description\" content=\"Este \u00e9 o nosso Vado SL. Esta e-bike superleve foi concebida para lidar com qualquer situa\u00e7\u00e3o, desde desloca\u00e7\u00f5es di\u00e1rias atrav\u00e9s de paisagens urbanas at\u00e9 aos treinos mais r\u00e1pidos.\" \/>\n<meta name=\"robots\" content=\"index, follow, max-snippet:-1, max-image-preview:large, max-video-preview:-1\" \/>\n<link rel=\"canonical\" href=\"https:\/\/gr-100.com\/pt-pt\/producto\/especializado-turbo-vado-sl-5-0-2023\/\" \/>\n<meta property=\"og:locale\" content=\"pt_PT\" \/>\n<meta property=\"og:type\" content=\"article\" \/>\n<meta property=\"og:title\" content=\"Specialized Turbo Vado SL 5.0 2023\" \/>\n<meta property=\"og:description\" content=\"Este \u00e9 o nosso Vado SL. Esta e-bike superleve foi concebida para lidar com qualquer situa\u00e7\u00e3o, desde desloca\u00e7\u00f5es di\u00e1rias atrav\u00e9s de paisagens urbanas at\u00e9 aos treinos mais r\u00e1pidos.\" \/>\n<meta property=\"og:url\" content=\"https:\/\/gr-100.com\/pt-pt\/producto\/especializado-turbo-vado-sl-5-0-2023\/\" \/>\n<meta property=\"og:site_name\" content=\"Gr-100 Tienda de ciclismo Specialized\" \/>\n<meta property=\"article:publisher\" content=\"https:\/\/www.facebook.com\/Gr100Bikes\" \/>\n<meta property=\"article:modified_time\" content=\"2025-11-26T14:43:26+00:00\" \/>\n<meta property=\"og:image\" content=\"https:\/\/gr-100.com\/wp-content\/uploads\/2024\/05\/Turbo-Vado-SL-5.0-Brushed-Aluminum-Black-Reflective-2.jpg\" \/>\n\t<meta property=\"og:image:width\" content=\"1000\" \/>\n\t<meta property=\"og:image:height\" content=\"1000\" \/>\n\t<meta property=\"og:image:type\" content=\"image\/jpeg\" \/>\n<meta name=\"twitter:card\" content=\"summary_large_image\" \/>\n<meta name=\"twitter:label1\" content=\"Tempo estimado de leitura\" \/>\n\t<meta name=\"twitter:data1\" content=\"3 minutos\" \/>\n<script type=\"application\/ld+json\" class=\"yoast-schema-graph\">{\"@context\":\"https:\/\/schema.org\",\"@graph\":[{\"@type\":\"WebPage\",\"@id\":\"https:\/\/gr-100.com\/pt-pt\/producto\/especializado-turbo-vado-sl-5-0-2023\/\",\"url\":\"https:\/\/gr-100.com\/pt-pt\/producto\/especializado-turbo-vado-sl-5-0-2023\/\",\"name\":\"Specialized Turbo Vado SL 5.0 2023 GR-100\",\"isPartOf\":{\"@id\":\"https:\/\/gr-100.com\/#website\"},\"primaryImageOfPage\":{\"@id\":\"https:\/\/gr-100.com\/pt-pt\/producto\/especializado-turbo-vado-sl-5-0-2023\/#primaryimage\"},\"image\":{\"@id\":\"https:\/\/gr-100.com\/pt-pt\/producto\/especializado-turbo-vado-sl-5-0-2023\/#primaryimage\"},\"thumbnailUrl\":\"https:\/\/gr-100.com\/wp-content\/uploads\/2024\/05\/Turbo-Vado-SL-5.0-Brushed-Aluminum-Black-Reflective-2.jpg\",\"datePublished\":\"2024-07-01T12:05:49+00:00\",\"dateModified\":\"2025-11-26T14:43:26+00:00\",\"description\":\"Este \u00e9 o nosso Vado SL. Esta e-bike superleve foi concebida para lidar com qualquer situa\u00e7\u00e3o, desde desloca\u00e7\u00f5es di\u00e1rias atrav\u00e9s de paisagens urbanas at\u00e9 aos treinos mais r\u00e1pidos.\",\"breadcrumb\":{\"@id\":\"https:\/\/gr-100.com\/pt-pt\/producto\/especializado-turbo-vado-sl-5-0-2023\/#breadcrumb\"},\"inLanguage\":\"pt-PT\",\"potentialAction\":[{\"@type\":\"ReadAction\",\"target\":[\"https:\/\/gr-100.com\/pt-pt\/producto\/especializado-turbo-vado-sl-5-0-2023\/\"]}]},{\"@type\":\"ImageObject\",\"inLanguage\":\"pt-PT\",\"@id\":\"https:\/\/gr-100.com\/pt-pt\/producto\/especializado-turbo-vado-sl-5-0-2023\/#primaryimage\",\"url\":\"https:\/\/gr-100.com\/wp-content\/uploads\/2024\/05\/Turbo-Vado-SL-5.0-Brushed-Aluminum-Black-Reflective-2.jpg\",\"contentUrl\":\"https:\/\/gr-100.com\/wp-content\/uploads\/2024\/05\/Turbo-Vado-SL-5.0-Brushed-Aluminum-Black-Reflective-2.jpg\",\"width\":1000,\"height\":1000},{\"@type\":\"BreadcrumbList\",\"@id\":\"https:\/\/gr-100.com\/pt-pt\/producto\/especializado-turbo-vado-sl-5-0-2023\/#breadcrumb\",\"itemListElement\":[{\"@type\":\"ListItem\",\"position\":1,\"name\":\"Portada\",\"item\":\"https:\/\/gr-100.com\/en\/\"},{\"@type\":\"ListItem\",\"position\":2,\"name\":\"Productos\",\"item\":\"https:\/\/gr-100.com\/?post_type=product\"},{\"@type\":\"ListItem\",\"position\":3,\"name\":\"Specialized Turbo Vado SL 5.0 2023\"}]},{\"@type\":\"WebSite\",\"@id\":\"https:\/\/gr-100.com\/#website\",\"url\":\"https:\/\/gr-100.com\/\",\"name\":\"Gr-100 Tienda de ciclismo Specialized\",\"description\":\"GR-100 tenemos todas las gamas de bicicletas Specialized al mejor precio.\",\"publisher\":{\"@id\":\"https:\/\/gr-100.com\/#organization\"},\"alternateName\":\"Gr-100 Bikes\",\"potentialAction\":[{\"@type\":\"SearchAction\",\"target\":{\"@type\":\"EntryPoint\",\"urlTemplate\":\"https:\/\/gr-100.com\/?s={search_term_string}\"},\"query-input\":{\"@type\":\"PropertyValueSpecification\",\"valueRequired\":true,\"valueName\":\"search_term_string\"}}],\"inLanguage\":\"pt-PT\"},{\"@type\":\"Organization\",\"@id\":\"https:\/\/gr-100.com\/#organization\",\"name\":\"Gr-100\",\"url\":\"https:\/\/gr-100.com\/\",\"logo\":{\"@type\":\"ImageObject\",\"inLanguage\":\"pt-PT\",\"@id\":\"https:\/\/gr-100.com\/#\/schema\/logo\/image\/\",\"url\":\"https:\/\/gr-100.com\/wp-content\/uploads\/2023\/08\/logo-gr-100-bikes.png\",\"contentUrl\":\"https:\/\/gr-100.com\/wp-content\/uploads\/2023\/08\/logo-gr-100-bikes.png\",\"width\":707,\"height\":284,\"caption\":\"Gr-100\"},\"image\":{\"@id\":\"https:\/\/gr-100.com\/#\/schema\/logo\/image\/\"},\"sameAs\":[\"https:\/\/www.facebook.com\/Gr100Bikes\",\"https:\/\/www.instagram.com\/gr100bikes\/\",\"https:\/\/www.tiktok.com\/@gr100bikes\",\"https:\/\/twitter.com\/gr100mtbteam\",\"https:\/\/www.youtube.com\/c\/GR100Specialized\"]}]}<\/script>\n<!-- \/ Yoast SEO Premium plugin. -->","yoast_head_json":{"title":"Specialized Turbo Vado SL 5.0 2023 GR-100","description":"Este \u00e9 o nosso Vado SL. Esta e-bike superleve foi concebida para lidar com qualquer situa\u00e7\u00e3o, desde desloca\u00e7\u00f5es di\u00e1rias atrav\u00e9s de paisagens urbanas at\u00e9 aos treinos mais r\u00e1pidos.","robots":{"index":"index","follow":"follow","max-snippet":"max-snippet:-1","max-image-preview":"max-image-preview:large","max-video-preview":"max-video-preview:-1"},"canonical":"https:\/\/gr-100.com\/pt-pt\/producto\/especializado-turbo-vado-sl-5-0-2023\/","og_locale":"pt_PT","og_type":"article","og_title":"Specialized Turbo Vado SL 5.0 2023","og_description":"Este \u00e9 o nosso Vado SL. Esta e-bike superleve foi concebida para lidar com qualquer situa\u00e7\u00e3o, desde desloca\u00e7\u00f5es di\u00e1rias atrav\u00e9s de paisagens urbanas at\u00e9 aos treinos mais r\u00e1pidos.","og_url":"https:\/\/gr-100.com\/pt-pt\/producto\/especializado-turbo-vado-sl-5-0-2023\/","og_site_name":"Gr-100 Tienda de ciclismo Specialized","article_publisher":"https:\/\/www.facebook.com\/Gr100Bikes","article_modified_time":"2025-11-26T14:43:26+00:00","og_image":[{"width":1000,"height":1000,"url":"https:\/\/gr-100.com\/wp-content\/uploads\/2024\/05\/Turbo-Vado-SL-5.0-Brushed-Aluminum-Black-Reflective-2.jpg","type":"image\/jpeg"}],"twitter_card":"summary_large_image","twitter_misc":{"Tempo estimado de leitura":"3 minutos"},"schema":{"@context":"https:\/\/schema.org","@graph":[{"@type":"WebPage","@id":"https:\/\/gr-100.com\/pt-pt\/producto\/especializado-turbo-vado-sl-5-0-2023\/","url":"https:\/\/gr-100.com\/pt-pt\/producto\/especializado-turbo-vado-sl-5-0-2023\/","name":"Specialized Turbo Vado SL 5.0 2023 GR-100","isPartOf":{"@id":"https:\/\/gr-100.com\/#website"},"primaryImageOfPage":{"@id":"https:\/\/gr-100.com\/pt-pt\/producto\/especializado-turbo-vado-sl-5-0-2023\/#primaryimage"},"image":{"@id":"https:\/\/gr-100.com\/pt-pt\/producto\/especializado-turbo-vado-sl-5-0-2023\/#primaryimage"},"thumbnailUrl":"https:\/\/gr-100.com\/wp-content\/uploads\/2024\/05\/Turbo-Vado-SL-5.0-Brushed-Aluminum-Black-Reflective-2.jpg","datePublished":"2024-07-01T12:05:49+00:00","dateModified":"2025-11-26T14:43:26+00:00","description":"Este \u00e9 o nosso Vado SL. Esta e-bike superleve foi concebida para lidar com qualquer situa\u00e7\u00e3o, desde desloca\u00e7\u00f5es di\u00e1rias atrav\u00e9s de paisagens urbanas at\u00e9 aos treinos mais r\u00e1pidos.","breadcrumb":{"@id":"https:\/\/gr-100.com\/pt-pt\/producto\/especializado-turbo-vado-sl-5-0-2023\/#breadcrumb"},"inLanguage":"pt-PT","potentialAction":[{"@type":"ReadAction","target":["https:\/\/gr-100.com\/pt-pt\/producto\/especializado-turbo-vado-sl-5-0-2023\/"]}]},{"@type":"ImageObject","inLanguage":"pt-PT","@id":"https:\/\/gr-100.com\/pt-pt\/producto\/especializado-turbo-vado-sl-5-0-2023\/#primaryimage","url":"https:\/\/gr-100.com\/wp-content\/uploads\/2024\/05\/Turbo-Vado-SL-5.0-Brushed-Aluminum-Black-Reflective-2.jpg","contentUrl":"https:\/\/gr-100.com\/wp-content\/uploads\/2024\/05\/Turbo-Vado-SL-5.0-Brushed-Aluminum-Black-Reflective-2.jpg","width":1000,"height":1000},{"@type":"BreadcrumbList","@id":"https:\/\/gr-100.com\/pt-pt\/producto\/especializado-turbo-vado-sl-5-0-2023\/#breadcrumb","itemListElement":[{"@type":"ListItem","position":1,"name":"Portada","item":"https:\/\/gr-100.com\/en\/"},{"@type":"ListItem","position":2,"name":"Productos","item":"https:\/\/gr-100.com\/?post_type=product"},{"@type":"ListItem","position":3,"name":"Specialized Turbo Vado SL 5.0 2023"}]},{"@type":"WebSite","@id":"https:\/\/gr-100.com\/#website","url":"https:\/\/gr-100.com\/","name":"Gr-100 Tienda de ciclismo Specialized","description":"GR-100 tenemos todas las gamas de bicicletas Specialized al mejor precio.","publisher":{"@id":"https:\/\/gr-100.com\/#organization"},"alternateName":"Gr-100 Bikes","potentialAction":[{"@type":"SearchAction","target":{"@type":"EntryPoint","urlTemplate":"https:\/\/gr-100.com\/?s={search_term_string}"},"query-input":{"@type":"PropertyValueSpecification","valueRequired":true,"valueName":"search_term_string"}}],"inLanguage":"pt-PT"},{"@type":"Organization","@id":"https:\/\/gr-100.com\/#organization","name":"Gr-100","url":"https:\/\/gr-100.com\/","logo":{"@type":"ImageObject","inLanguage":"pt-PT","@id":"https:\/\/gr-100.com\/#\/schema\/logo\/image\/","url":"https:\/\/gr-100.com\/wp-content\/uploads\/2023\/08\/logo-gr-100-bikes.png","contentUrl":"https:\/\/gr-100.com\/wp-content\/uploads\/2023\/08\/logo-gr-100-bikes.png","width":707,"height":284,"caption":"Gr-100"},"image":{"@id":"https:\/\/gr-100.com\/#\/schema\/logo\/image\/"},"sameAs":["https:\/\/www.facebook.com\/Gr100Bikes","https:\/\/www.instagram.com\/gr100bikes\/","https:\/\/www.tiktok.com\/@gr100bikes","https:\/\/twitter.com\/gr100mtbteam","https:\/\/www.youtube.com\/c\/GR100Specialized"]}]}},"_links":{"self":[{"href":"https:\/\/gr-100.com\/pt-pt\/wp-json\/wp\/v2\/product\/384925","targetHints":{"allow":["GET"]}}],"collection":[{"href":"https:\/\/gr-100.com\/pt-pt\/wp-json\/wp\/v2\/product"}],"about":[{"href":"https:\/\/gr-100.com\/pt-pt\/wp-json\/wp\/v2\/types\/product"}],"replies":[{"embeddable":true,"href":"https:\/\/gr-100.com\/pt-pt\/wp-json\/wp\/v2\/comments?post=384925"}],"wp:featuredmedia":[{"embeddable":true,"href":"https:\/\/gr-100.com\/pt-pt\/wp-json\/wp\/v2\/media\/305265"}],"wp:attachment":[{"href":"https:\/\/gr-100.com\/pt-pt\/wp-json\/wp\/v2\/media?parent=384925"}],"wp:term":[{"taxonomy":"product_brand","embeddable":true,"href":"https:\/\/gr-100.com\/pt-pt\/wp-json\/wp\/v2\/product_brand?post=384925"},{"taxonomy":"product_cat","embeddable":true,"href":"https:\/\/gr-100.com\/pt-pt\/wp-json\/wp\/v2\/product_cat?post=384925"},{"taxonomy":"product_tag","embeddable":true,"href":"https:\/\/gr-100.com\/pt-pt\/wp-json\/wp\/v2\/product_tag?post=384925"}],"curies":[{"name":"wp","href":"https:\/\/api.w.org\/{rel}","templated":true}]}}