{"id":384973,"date":"2024-07-01T13:55:08","date_gmt":"2024-07-01T11:55:08","guid":{"rendered":"https:\/\/gr-100.com\/producto\/creo-especializado-sl-s-works-carbono-2021\/"},"modified":"2025-11-26T16:42:23","modified_gmt":"2025-11-26T14:42:23","slug":"creo-especializado-sl-s-works-carbono-2021","status":"publish","type":"product","link":"https:\/\/gr-100.com\/pt-pt\/producto\/creo-especializado-sl-s-works-carbono-2021\/","title":{"rendered":"Specialized Creo SL S-Works Carbono 2021"},"content":{"rendered":"<p>Como todas as nossas S-Works, a S-Works Turbo Creo SL apresenta um quadro em carbono Fact 11r e o novo Future Shock 2.0 com cartucho hidr\u00e1ulico e inclu\u00edmos a vers\u00e3o SRAM Red AXS eTap com derailleur traseiro RAM XX1 Eagle e 10-50 com uma incr\u00edvel gama de engrenagens, na parte da roda monta o Roval Terra CLX EVO Disc e os pneus S-Works Turbo de 30 mm. E para completar a constru\u00e7\u00e3o, inclu\u00edmos o guiador S-Works Carbon Hover com S-Works Future e o selim Body Geometry S-Works Power. Tamb\u00e9m vamos lan\u00e7ar um extensor de autonomia, porque voc\u00ea nunca vai querer parar de andar nesta moto.  <\/p>\n<ul>\n<li>A Creo SL \u00e9 a e-bike mais leve da sua classe, literalmente muitos quilos mais leve do que a sua concorr\u00eancia.<br \/>\nO leve e r\u00edgido quadro em carbono FACT 11r n\u00e3o s\u00f3 inspira a dan\u00e7a nos pedais e o mergulho nos cantos, mas tamb\u00e9m reduz o peso total do sistema e aumenta a autonomia. <\/li>\n<li>O leve motor SL 1.1 duplica o seu esfor\u00e7o com at\u00e9 240 watts de assist\u00eancia potente e silenciosa para prolongar a sua condu\u00e7\u00e3o.<br \/>\nA curva de resposta do motor fornece pot\u00eancia em perfeita sincronia com a sua cad\u00eancia de condu\u00e7\u00e3o normal e sem resist\u00eancia ao conduzir sem assist\u00eancia. <\/li>\n<li>Stress da bateria?<br \/>\nN\u00e3o em Creo SL.<br \/>\nCom um alcance de at\u00e9 130 quil\u00f4metros com sua bateria interna, o Creo SL consome os quil\u00f4metros e os longos dias.<br \/>\nO nosso extensor de autonomia opcional fornece at\u00e9 65 quil\u00f3metros adicionais de pot\u00eancia de nivelamento de montanhas.   <\/li>\n<li>Ao ligar-se \u00e0 nossa aplica\u00e7\u00e3o Mission Control, pode ajustar o motor SL 1.1 ao seu estilo de condu\u00e7\u00e3o, registar viagens e ver o estado da bateria.<br \/>\nO aplicativo tamb\u00e9m pode gerenciar a bateria automaticamente, garantindo que a bateria dure o tempo que voc\u00ea precisar.<br \/>\nO motor ainda tem um medidor de pot\u00eancia embutido que transmite pot\u00eancia para qualquer unidade via ANT+.<br \/>\nN\u00e3o quer se conectar?<br \/>\nN\u00e3o se preocupe: a unidade Turbo Connect (TCU) no tubo superior d\u00e1-lhe todo o controlo de que necessita para conduzir.    <\/li>\n<li>Com o Future Shock 2.0, ir\u00e1 sentir uma redu\u00e7\u00e3o da fadiga e um aumento da velocidade, independentemente do terreno.<br \/>\nA vers\u00e3o 2.0 d\u00e1-lhe mais controlo atrav\u00e9s de um mostrador que fica acima da haste.<br \/>\nEste mostrador ajusta a compress\u00e3o de totalmente aberto para r\u00edgido, enquanto internamente os controles de amortecimento hidr\u00e1ulico se recuperam.<br \/>\nA nova Bota Suave, a tampa superior e a haste Future Stem melhoram a est\u00e9tica, para que obtenha uma transi\u00e7\u00e3o limpa do tubo da cabe\u00e7a para a haste.   <\/li>\n<li>Aprendemos que pode haver mais diferen\u00e7a entre dois ciclistas do mesmo sexo do que entre um homem ou uma mulher.<br \/>\nO g\u00e9nero, por si s\u00f3, n\u00e3o fornece dados suficientes para se especializar.<br \/>\nSignifica que separar bicicletas masculinas e femininas \u00e9 arbitr\u00e1rio e ultrapassado.<br \/>\nCom este conceito em mente, desenvolvemos uma geometria que \u00e9 mais adequada a todos os ciclistas: confort\u00e1vel, \u00e1gil e com condu\u00e7\u00e3o de sonho.   <\/li>\n<li>ESPECIFICA\u00c7\u00d5ES<\/li>\n<li>SELIM<\/li>\n<li>Specialized Liga, 30.8mm<\/li>\n<li>GARFO<\/li>\n<li>Future Shock 2.0 c\/ Bota suave, eixo thru Boost\u2122 12x110mm, disco de montagem plana<\/li>\n<li>IMAGEM<\/li>\n<li>FACT carbono 11r, Geometria Rodovi\u00e1ria Aberta, eixos dianteiros\/traseiros, bateria de tubo descendente totalmente integrada, roteamento de cabos internos, suportes para para-lamas\/rack, Boost\u2122 12x148mm<\/li>\n<li>SELIM<\/li>\n<li>Body Geometry S-Works Power, trilhos de fibra de carbono, base de fibra de carbono<\/li>\n<li>POT\u00caNCIA<\/li>\n<li>S-Works Haste do futuro c\/ montagem integrada do computador<\/li>\n<li>GUID\u00c3O<\/li>\n<li>S-Works Carbon Hover Drop 125mm, Alcance 75mm, w \/ Di2 furo<\/li>\n<li>ESPIG\u00c3O ASSENTO<\/li>\n<li>Roval Poste de assento Terra Carbon, 20mm Offset<\/li>\n<li>FITA FITA<\/li>\n<li>Supacaz Super Kush Pegajoso<\/li>\n<li>TRAV\u00c3O TRASEIRO<\/li>\n<li>SRAM Rede eTAP AXS, disco hidr\u00e1ulico<\/li>\n<li>TRAV\u00c3O DIANTEIRO<\/li>\n<li>SRAM Rede eTAP AXS, disco hidr\u00e1ulico<\/li>\n<li>TRANSMISS\u00c3O<\/li>\n<li>CADEIA<\/li>\n<li>SRAM XX1 Eagle, 12 velocidades<\/li>\n<li>MUDAN\u00c7A<\/li>\n<li>SRAM XX1 \u00c1guia AXS<\/li>\n<li><\/li>\n<li>SRAM XG-1295 Eagle, 12 velocidades, 10-50t<\/li>\n<li>PRATOS<\/li>\n<li>SRAM X-SYNC, 46T<\/li>\n<li>CONTROLOS DE MUDAN\u00c7A DE VELOCIDADE<\/li>\n<li>SRAM Rede eTap AXS<\/li>\n<li>SUPORTE INFERIOR<\/li>\n<li>Bra\u00e7os de manivela de carbono Praxis<\/li>\n<li>RODAS &amp; PNEUS<\/li>\n<li>PNEU TRASEIRO<\/li>\n<li>S-Works Turbo 700&#215;30 Ar R\u00e1pido 2BR<\/li>\n<li>PNEU.<\/li>\n<li>S-Works Turbo 700&#215;30 Ar R\u00e1pido 2BR<\/li>\n<li>RODA TRASEIRA<\/li>\n<li>Roval Terra CLX, jante em carbono de 25 mm de largura interna, profundidade de 32 mm, cubo Roval , 24h, raios DT Swiss Aerolite<\/li>\n<li>RODA DIANTEIRA<\/li>\n<li>Roval Terra CLX, jante em carbono de 25 mm de largura interna, profundidade de 32 mm, cubo Roval , 24h, raios DT Swiss Aerolite<\/li>\n<li>C\u00c2MARAS<\/li>\n<li>V\u00e1lvula Presta, 48mm<\/li>\n<li>E-BICICLETA<\/li>\n<li>UI\/REMOTO<\/li>\n<li>Specialized TCU, 10-LED Estado de carga, 3-LED Ride Mode display, ANT+\/Bluetooth\u00ae<\/li>\n<li>BATERIA<\/li>\n<li>SL1-320 especializado, totalmente integrado, 320Wh<\/li>\n<li>MOTOR<\/li>\n<li>Specialized SL 1.1, motor leve personalizado<\/li>\n<li>COM FIOS<\/li>\n<li>Chicote de fia\u00e7\u00e3o Specialized personalizado w \/ chargeport<\/li>\n<li>CARREGADOR<\/li>\n<li>Carregador personalizado, Sistema 48V c\/ ficha do carregador do sistema SL<\/li>\n<li>ACESS\u00d3RIOS<\/li>\n<li>SWAT<\/li>\n<li>Adaptador de bra\u00e7adeira de para-lamas<\/li>\n<\/ul>\n","protected":false},"excerpt":{"rendered":"<p>Temos uma longa hist\u00f3ria de desenvolvimento das bicicletas de estrada com melhor desempenho do mundo.<br \/>\nTarmac, Venge, Roubaix, Allez, Diverge \u2013 cada uma domina sua respetiva categoria, com as melhores tecnologias do setor.<br \/>\nE embora seja um arm\u00e1rio de trof\u00e9us alto para combinar, o S-Works Turbo Creo SL exceder\u00e1 as suas expectativas de desempenho em e-road: \u00e9 leve, suave, capaz e at\u00e9 animado, tudo com o poder de suavizar montanhas, rir dos ventos contr\u00e1rios e ir mais longe do que voc\u00ea pensava ser poss\u00edvel.<br \/>\n\u00c9 voc\u00ea, s\u00f3 que mais r\u00e1pido   <\/p>\n","protected":false},"featured_media":304627,"comment_status":"closed","ping_status":"closed","template":"","meta":{"_acf_changed":false,"_et_pb_use_builder":"","_et_pb_old_content":"","_et_gb_content_width":"","inline_featured_image":false},"product_brand":[],"product_cat":[2459,391,2483,2460,3255],"product_tag":[],"class_list":{"0":"post-384973","1":"product","2":"type-product","3":"status-publish","4":"has-post-thumbnail","6":"product_cat-bicicletas-pt-pt-2","7":"product_cat-eletricas","8":"product_cat-bicicletas-especializadas","9":"product_cat-ofertas-pt-pt","10":"product_cat-oferta-eletrica","11":"product_shipping_class-bicicletas-pt-pt","13":"first","14":"outofstock","15":"taxable","16":"shipping-taxable","17":"product-type-variable","18":"wvs-archive-product-wrapper"},"acf":[],"yoast_head":"<!-- This site is optimized with the Yoast SEO Premium plugin v26.7 (Yoast SEO v26.7) - https:\/\/yoast.com\/wordpress\/plugins\/seo\/ -->\n<title>Specialized Creo SL S-Works Carbono 2021<\/title>\n<meta name=\"robots\" content=\"index, follow, max-snippet:-1, max-image-preview:large, max-video-preview:-1\" \/>\n<link rel=\"canonical\" href=\"https:\/\/gr-100.com\/pt-pt\/producto\/creo-especializado-sl-s-works-carbono-2021\/\" \/>\n<meta property=\"og:locale\" content=\"pt_PT\" \/>\n<meta property=\"og:type\" content=\"article\" \/>\n<meta property=\"og:title\" content=\"Specialized Creo SL S-Works Carbono 2021\" \/>\n<meta property=\"og:description\" content=\"Temos uma longa hist\u00f3ria de desenvolvimento das bicicletas de estrada com melhor desempenho do mundo. Tarmac, Venge, Roubaix, Allez, Diverge \u2013 cada uma domina sua respetiva categoria, com as melhores tecnologias do setor. E embora seja um arm\u00e1rio de trof\u00e9us alto para combinar, o S-Works Turbo Creo SL exceder\u00e1 as suas expectativas de desempenho em e-road: \u00e9 leve, suave, capaz e at\u00e9 animado, tudo com o poder de suavizar montanhas, rir dos ventos contr\u00e1rios e ir mais longe do que voc\u00ea pensava ser poss\u00edvel. \u00c9 voc\u00ea, s\u00f3 que mais r\u00e1pido\" \/>\n<meta property=\"og:url\" content=\"https:\/\/gr-100.com\/pt-pt\/producto\/creo-especializado-sl-s-works-carbono-2021\/\" \/>\n<meta property=\"og:site_name\" content=\"Gr-100 Tienda de ciclismo Specialized\" \/>\n<meta property=\"article:publisher\" content=\"https:\/\/www.facebook.com\/Gr100Bikes\" \/>\n<meta property=\"article:modified_time\" content=\"2025-11-26T14:42:23+00:00\" \/>\n<meta property=\"og:image\" content=\"https:\/\/gr-100.com\/wp-content\/uploads\/2024\/05\/9-2-9-Screenshot-of-CREO-SL.jpg\" \/>\n\t<meta property=\"og:image:width\" content=\"1000\" \/>\n\t<meta property=\"og:image:height\" content=\"1000\" \/>\n\t<meta property=\"og:image:type\" content=\"image\/jpeg\" \/>\n<meta name=\"twitter:card\" content=\"summary_large_image\" \/>\n<meta name=\"twitter:label1\" content=\"Tempo estimado de leitura\" \/>\n\t<meta name=\"twitter:data1\" content=\"4 minutos\" \/>\n<script type=\"application\/ld+json\" class=\"yoast-schema-graph\">{\"@context\":\"https:\/\/schema.org\",\"@graph\":[{\"@type\":\"WebPage\",\"@id\":\"https:\/\/gr-100.com\/pt-pt\/producto\/creo-especializado-sl-s-works-carbono-2021\/\",\"url\":\"https:\/\/gr-100.com\/pt-pt\/producto\/creo-especializado-sl-s-works-carbono-2021\/\",\"name\":\"Specialized Creo SL S-Works Carbono 2021\",\"isPartOf\":{\"@id\":\"https:\/\/gr-100.com\/#website\"},\"primaryImageOfPage\":{\"@id\":\"https:\/\/gr-100.com\/pt-pt\/producto\/creo-especializado-sl-s-works-carbono-2021\/#primaryimage\"},\"image\":{\"@id\":\"https:\/\/gr-100.com\/pt-pt\/producto\/creo-especializado-sl-s-works-carbono-2021\/#primaryimage\"},\"thumbnailUrl\":\"https:\/\/gr-100.com\/wp-content\/uploads\/2024\/05\/9-2-9-Screenshot-of-CREO-SL.jpg\",\"datePublished\":\"2024-07-01T11:55:08+00:00\",\"dateModified\":\"2025-11-26T14:42:23+00:00\",\"breadcrumb\":{\"@id\":\"https:\/\/gr-100.com\/pt-pt\/producto\/creo-especializado-sl-s-works-carbono-2021\/#breadcrumb\"},\"inLanguage\":\"pt-PT\",\"potentialAction\":[{\"@type\":\"ReadAction\",\"target\":[\"https:\/\/gr-100.com\/pt-pt\/producto\/creo-especializado-sl-s-works-carbono-2021\/\"]}]},{\"@type\":\"ImageObject\",\"inLanguage\":\"pt-PT\",\"@id\":\"https:\/\/gr-100.com\/pt-pt\/producto\/creo-especializado-sl-s-works-carbono-2021\/#primaryimage\",\"url\":\"https:\/\/gr-100.com\/wp-content\/uploads\/2024\/05\/9-2-9-Screenshot-of-CREO-SL.jpg\",\"contentUrl\":\"https:\/\/gr-100.com\/wp-content\/uploads\/2024\/05\/9-2-9-Screenshot-of-CREO-SL.jpg\",\"width\":1000,\"height\":1000},{\"@type\":\"BreadcrumbList\",\"@id\":\"https:\/\/gr-100.com\/pt-pt\/producto\/creo-especializado-sl-s-works-carbono-2021\/#breadcrumb\",\"itemListElement\":[{\"@type\":\"ListItem\",\"position\":1,\"name\":\"Portada\",\"item\":\"https:\/\/gr-100.com\/en\/\"},{\"@type\":\"ListItem\",\"position\":2,\"name\":\"Productos\",\"item\":\"https:\/\/gr-100.com\/?post_type=product\"},{\"@type\":\"ListItem\",\"position\":3,\"name\":\"Specialized Creo SL S-Works Carbono 2021\"}]},{\"@type\":\"WebSite\",\"@id\":\"https:\/\/gr-100.com\/#website\",\"url\":\"https:\/\/gr-100.com\/\",\"name\":\"Gr-100 Tienda de ciclismo Specialized\",\"description\":\"GR-100 tenemos todas las gamas de bicicletas Specialized al mejor precio.\",\"publisher\":{\"@id\":\"https:\/\/gr-100.com\/#organization\"},\"alternateName\":\"Gr-100 Bikes\",\"potentialAction\":[{\"@type\":\"SearchAction\",\"target\":{\"@type\":\"EntryPoint\",\"urlTemplate\":\"https:\/\/gr-100.com\/?s={search_term_string}\"},\"query-input\":{\"@type\":\"PropertyValueSpecification\",\"valueRequired\":true,\"valueName\":\"search_term_string\"}}],\"inLanguage\":\"pt-PT\"},{\"@type\":\"Organization\",\"@id\":\"https:\/\/gr-100.com\/#organization\",\"name\":\"Gr-100\",\"url\":\"https:\/\/gr-100.com\/\",\"logo\":{\"@type\":\"ImageObject\",\"inLanguage\":\"pt-PT\",\"@id\":\"https:\/\/gr-100.com\/#\/schema\/logo\/image\/\",\"url\":\"https:\/\/gr-100.com\/wp-content\/uploads\/2023\/08\/logo-gr-100-bikes.png\",\"contentUrl\":\"https:\/\/gr-100.com\/wp-content\/uploads\/2023\/08\/logo-gr-100-bikes.png\",\"width\":707,\"height\":284,\"caption\":\"Gr-100\"},\"image\":{\"@id\":\"https:\/\/gr-100.com\/#\/schema\/logo\/image\/\"},\"sameAs\":[\"https:\/\/www.facebook.com\/Gr100Bikes\",\"https:\/\/www.instagram.com\/gr100bikes\/\",\"https:\/\/www.tiktok.com\/@gr100bikes\",\"https:\/\/twitter.com\/gr100mtbteam\",\"https:\/\/www.youtube.com\/c\/GR100Specialized\"]}]}<\/script>\n<!-- \/ Yoast SEO Premium plugin. -->","yoast_head_json":{"title":"Specialized Creo SL S-Works Carbono 2021","robots":{"index":"index","follow":"follow","max-snippet":"max-snippet:-1","max-image-preview":"max-image-preview:large","max-video-preview":"max-video-preview:-1"},"canonical":"https:\/\/gr-100.com\/pt-pt\/producto\/creo-especializado-sl-s-works-carbono-2021\/","og_locale":"pt_PT","og_type":"article","og_title":"Specialized Creo SL S-Works Carbono 2021","og_description":"Temos uma longa hist\u00f3ria de desenvolvimento das bicicletas de estrada com melhor desempenho do mundo. Tarmac, Venge, Roubaix, Allez, Diverge \u2013 cada uma domina sua respetiva categoria, com as melhores tecnologias do setor. E embora seja um arm\u00e1rio de trof\u00e9us alto para combinar, o S-Works Turbo Creo SL exceder\u00e1 as suas expectativas de desempenho em e-road: \u00e9 leve, suave, capaz e at\u00e9 animado, tudo com o poder de suavizar montanhas, rir dos ventos contr\u00e1rios e ir mais longe do que voc\u00ea pensava ser poss\u00edvel. \u00c9 voc\u00ea, s\u00f3 que mais r\u00e1pido","og_url":"https:\/\/gr-100.com\/pt-pt\/producto\/creo-especializado-sl-s-works-carbono-2021\/","og_site_name":"Gr-100 Tienda de ciclismo Specialized","article_publisher":"https:\/\/www.facebook.com\/Gr100Bikes","article_modified_time":"2025-11-26T14:42:23+00:00","og_image":[{"width":1000,"height":1000,"url":"https:\/\/gr-100.com\/wp-content\/uploads\/2024\/05\/9-2-9-Screenshot-of-CREO-SL.jpg","type":"image\/jpeg"}],"twitter_card":"summary_large_image","twitter_misc":{"Tempo estimado de leitura":"4 minutos"},"schema":{"@context":"https:\/\/schema.org","@graph":[{"@type":"WebPage","@id":"https:\/\/gr-100.com\/pt-pt\/producto\/creo-especializado-sl-s-works-carbono-2021\/","url":"https:\/\/gr-100.com\/pt-pt\/producto\/creo-especializado-sl-s-works-carbono-2021\/","name":"Specialized Creo SL S-Works Carbono 2021","isPartOf":{"@id":"https:\/\/gr-100.com\/#website"},"primaryImageOfPage":{"@id":"https:\/\/gr-100.com\/pt-pt\/producto\/creo-especializado-sl-s-works-carbono-2021\/#primaryimage"},"image":{"@id":"https:\/\/gr-100.com\/pt-pt\/producto\/creo-especializado-sl-s-works-carbono-2021\/#primaryimage"},"thumbnailUrl":"https:\/\/gr-100.com\/wp-content\/uploads\/2024\/05\/9-2-9-Screenshot-of-CREO-SL.jpg","datePublished":"2024-07-01T11:55:08+00:00","dateModified":"2025-11-26T14:42:23+00:00","breadcrumb":{"@id":"https:\/\/gr-100.com\/pt-pt\/producto\/creo-especializado-sl-s-works-carbono-2021\/#breadcrumb"},"inLanguage":"pt-PT","potentialAction":[{"@type":"ReadAction","target":["https:\/\/gr-100.com\/pt-pt\/producto\/creo-especializado-sl-s-works-carbono-2021\/"]}]},{"@type":"ImageObject","inLanguage":"pt-PT","@id":"https:\/\/gr-100.com\/pt-pt\/producto\/creo-especializado-sl-s-works-carbono-2021\/#primaryimage","url":"https:\/\/gr-100.com\/wp-content\/uploads\/2024\/05\/9-2-9-Screenshot-of-CREO-SL.jpg","contentUrl":"https:\/\/gr-100.com\/wp-content\/uploads\/2024\/05\/9-2-9-Screenshot-of-CREO-SL.jpg","width":1000,"height":1000},{"@type":"BreadcrumbList","@id":"https:\/\/gr-100.com\/pt-pt\/producto\/creo-especializado-sl-s-works-carbono-2021\/#breadcrumb","itemListElement":[{"@type":"ListItem","position":1,"name":"Portada","item":"https:\/\/gr-100.com\/en\/"},{"@type":"ListItem","position":2,"name":"Productos","item":"https:\/\/gr-100.com\/?post_type=product"},{"@type":"ListItem","position":3,"name":"Specialized Creo SL S-Works Carbono 2021"}]},{"@type":"WebSite","@id":"https:\/\/gr-100.com\/#website","url":"https:\/\/gr-100.com\/","name":"Gr-100 Tienda de ciclismo Specialized","description":"GR-100 tenemos todas las gamas de bicicletas Specialized al mejor precio.","publisher":{"@id":"https:\/\/gr-100.com\/#organization"},"alternateName":"Gr-100 Bikes","potentialAction":[{"@type":"SearchAction","target":{"@type":"EntryPoint","urlTemplate":"https:\/\/gr-100.com\/?s={search_term_string}"},"query-input":{"@type":"PropertyValueSpecification","valueRequired":true,"valueName":"search_term_string"}}],"inLanguage":"pt-PT"},{"@type":"Organization","@id":"https:\/\/gr-100.com\/#organization","name":"Gr-100","url":"https:\/\/gr-100.com\/","logo":{"@type":"ImageObject","inLanguage":"pt-PT","@id":"https:\/\/gr-100.com\/#\/schema\/logo\/image\/","url":"https:\/\/gr-100.com\/wp-content\/uploads\/2023\/08\/logo-gr-100-bikes.png","contentUrl":"https:\/\/gr-100.com\/wp-content\/uploads\/2023\/08\/logo-gr-100-bikes.png","width":707,"height":284,"caption":"Gr-100"},"image":{"@id":"https:\/\/gr-100.com\/#\/schema\/logo\/image\/"},"sameAs":["https:\/\/www.facebook.com\/Gr100Bikes","https:\/\/www.instagram.com\/gr100bikes\/","https:\/\/www.tiktok.com\/@gr100bikes","https:\/\/twitter.com\/gr100mtbteam","https:\/\/www.youtube.com\/c\/GR100Specialized"]}]}},"_links":{"self":[{"href":"https:\/\/gr-100.com\/pt-pt\/wp-json\/wp\/v2\/product\/384973","targetHints":{"allow":["GET"]}}],"collection":[{"href":"https:\/\/gr-100.com\/pt-pt\/wp-json\/wp\/v2\/product"}],"about":[{"href":"https:\/\/gr-100.com\/pt-pt\/wp-json\/wp\/v2\/types\/product"}],"replies":[{"embeddable":true,"href":"https:\/\/gr-100.com\/pt-pt\/wp-json\/wp\/v2\/comments?post=384973"}],"wp:featuredmedia":[{"embeddable":true,"href":"https:\/\/gr-100.com\/pt-pt\/wp-json\/wp\/v2\/media\/304627"}],"wp:attachment":[{"href":"https:\/\/gr-100.com\/pt-pt\/wp-json\/wp\/v2\/media?parent=384973"}],"wp:term":[{"taxonomy":"product_brand","embeddable":true,"href":"https:\/\/gr-100.com\/pt-pt\/wp-json\/wp\/v2\/product_brand?post=384973"},{"taxonomy":"product_cat","embeddable":true,"href":"https:\/\/gr-100.com\/pt-pt\/wp-json\/wp\/v2\/product_cat?post=384973"},{"taxonomy":"product_tag","embeddable":true,"href":"https:\/\/gr-100.com\/pt-pt\/wp-json\/wp\/v2\/product_tag?post=384973"}],"curies":[{"name":"wp","href":"https:\/\/api.w.org\/{rel}","templated":true}]}}