{"id":385015,"date":"2024-07-01T13:46:00","date_gmt":"2024-07-01T11:46:00","guid":{"rendered":"https:\/\/gr-100.com\/producto\/vado-sl-4-0-passo-ate-eq-2022\/"},"modified":"2025-10-06T16:00:51","modified_gmt":"2025-10-06T14:00:51","slug":"vado-sl-4-0-passo-ate-eq-2022","status":"publish","type":"product","link":"https:\/\/gr-100.com\/pt-pt\/producto\/vado-sl-4-0-passo-ate-eq-2022\/","title":{"rendered":"VADO SL 4.0 PASSO AT\u00c9 EQ 2022"},"content":{"rendered":"<ul class=\"bullet_points\">\n<li class=\"bullet_item\">Specialized 320Wh especializada integrada com extensor de alcance opcional para at\u00e9 190 quil\u00f4metros de autonomia.<\/li>\n<li class=\"bullet_item\">Motor ultraleve Custom Specialized SL 1.1, pico de 240W \/ 35Nm, sua pot\u00eancia x2 (180% de assist\u00eancia), auxilia at\u00e9 25 km\/h.<\/li>\n<li class=\"bullet_item\">Bagageiro Turbo Super Light, compat\u00edvel com Racktime para transportar suas mochilas e acess\u00f3rios necess\u00e1rios e para-lamas DRYTECH para mant\u00ea-lo seco da \u00e1gua e da sujeira da estrada.<\/li>\n<li class=\"bullet_item\">Caixilharia de alum\u00ednio leve E5 Premium.<\/li>\n<li class=\"bullet_item\">Roteamento interno de cabos, roscas para racks e para-lamas, com gr\u00e1ficos reflexivos.<\/li>\n<li class=\"bullet_item\">Quadro passo a passo para maior conforto ao entrar e sair.<\/li>\n<li class=\"bullet_item\">Freios a disco hidr\u00e1ulicos premium com m\u00e1xima pot\u00eancia de parada.<\/li>\n<li class=\"bullet_item\">Luzes dianteiras e traseiras integradas para ver e ser visto.<\/li>\n<li class=\"bullet_item\">Sram NX derailleur de 11 velocidades com desempenho fi\u00e1vel a longo prazo.<\/li>\n<li class=\"bullet_item\">Rodas de alum\u00ednio dur\u00e1veis com pneus Nimbus II Sport Reflect 700 com protetor BlackBelt e detalhes reflexivos para aumentar a visibilidade.<\/li>\n<\/ul>\n","protected":false},"excerpt":{"rendered":"<p>N\u00e3o h\u00e1 outra e-bike com a mesma qualidade de condu\u00e7\u00e3o, autonomia, pot\u00eancia e leveza que esta.<br \/>\nO Turbo Vado SL 4.0 EQ Step-Through \u00e9 o melhor para as suas rotas di\u00e1rias, tarefas r\u00e1pidas e desloca\u00e7\u00f5es pela cidade.<br \/>\nAs luzes dianteiras e traseiras integradas far\u00e3o com que veja e seja visto.<br \/>\nOs para-lamas DRYTECH mant\u00ea-lo-\u00e3o longe da \u00e1gua e da sujidade da estrada, e o suporte traseiro estar\u00e1 sempre pronto para quando transportar os seus acess\u00f3rios do dia-a-dia.<br \/>\n\u00c9 a bicicleta perfeita para o seu dia-a-dia.    <\/p>\n","protected":false},"featured_media":304210,"comment_status":"closed","ping_status":"closed","template":"","meta":{"_acf_changed":false,"_et_pb_use_builder":"","_et_pb_old_content":"","_et_gb_content_width":"","inline_featured_image":false},"product_brand":[],"product_cat":[4353,2459,5284,391,5280,5282,5260,5283,5281,2483,2460,3255,2696,403,2953],"product_tag":[],"class_list":{"0":"post-385015","1":"product","2":"type-product","3":"status-publish","4":"has-post-thumbnail","6":"product_cat-liquidacion-specialized","7":"product_cat-bicicletas-pt-pt-2","8":"product_cat-bicicletas-urbanas-pt-pt","9":"product_cat-eletricas","10":"product_cat-bicicletas-electricas-aluminio-pt-pt","11":"product_cat-bicicletas-electricas-paseo-pt-pt","12":"product_cat-bicicletas-electricas-specialized-pt-pt","13":"product_cat-bicicletas-electricas-trekking-pt-pt","14":"product_cat-bicicletas-electricas-urbanas-pt-pt","15":"product_cat-bicicletas-especializadas","16":"product_cat-ofertas-pt-pt","17":"product_cat-oferta-eletrica","18":"product_cat-ofertas-especializadas","19":"product_cat-outlet-pt-pt","20":"product_cat-super-ofertas-pt-pt","21":"product_shipping_class-bicicletas-pt-pt","23":"first","24":"instock","25":"sale","26":"taxable","27":"shipping-taxable","28":"purchasable","29":"product-type-variable","30":"wvs-archive-product-wrapper"},"acf":[],"yoast_head":"<!-- This site is optimized with the Yoast SEO Premium plugin v26.7 (Yoast SEO v26.7) - https:\/\/yoast.com\/wordpress\/plugins\/seo\/ -->\n<title>VADO SL 4.0 PASSO AT\u00c9 EQ 2022 GR-100 TURBO VADO<\/title>\n<meta name=\"description\" content=\"N\u00e3o h\u00e1 outra e-bike com a mesma qualidade de condu\u00e7\u00e3o, autonomia, pot\u00eancia e leveza que esta. O Turbo Vado SL 4.0 EQ Step-Through \u00e9 o melhor\" \/>\n<meta name=\"robots\" content=\"index, follow, max-snippet:-1, max-image-preview:large, max-video-preview:-1\" \/>\n<link rel=\"canonical\" href=\"https:\/\/gr-100.com\/pt-pt\/producto\/vado-sl-4-0-passo-ate-eq-2022\/\" \/>\n<meta property=\"og:locale\" content=\"pt_PT\" \/>\n<meta property=\"og:type\" content=\"article\" \/>\n<meta property=\"og:title\" content=\"VADO SL 4.0 PASSO AT\u00c9 EQ 2022\" \/>\n<meta property=\"og:description\" content=\"N\u00e3o h\u00e1 outra e-bike com a mesma qualidade de condu\u00e7\u00e3o, autonomia, pot\u00eancia e leveza que esta. O Turbo Vado SL 4.0 EQ Step-Through \u00e9 o melhor\" \/>\n<meta property=\"og:url\" content=\"https:\/\/gr-100.com\/pt-pt\/producto\/vado-sl-4-0-passo-ate-eq-2022\/\" \/>\n<meta property=\"og:site_name\" content=\"Gr-100 Tienda de ciclismo Specialized\" \/>\n<meta property=\"article:publisher\" content=\"https:\/\/www.facebook.com\/Gr100Bikes\" \/>\n<meta property=\"article:modified_time\" content=\"2025-10-06T14:00:51+00:00\" \/>\n<meta property=\"og:image\" content=\"https:\/\/gr-100.com\/wp-content\/uploads\/2024\/05\/VADO-SL-4.0-ST-EQ-raspberry-.jpeg\" \/>\n\t<meta property=\"og:image:width\" content=\"1000\" \/>\n\t<meta property=\"og:image:height\" content=\"1000\" \/>\n\t<meta property=\"og:image:type\" content=\"image\/jpeg\" \/>\n<meta name=\"twitter:card\" content=\"summary_large_image\" \/>\n<meta name=\"twitter:label1\" content=\"Tempo estimado de leitura\" \/>\n\t<meta name=\"twitter:data1\" content=\"1 minuto\" \/>\n<script type=\"application\/ld+json\" class=\"yoast-schema-graph\">{\"@context\":\"https:\/\/schema.org\",\"@graph\":[{\"@type\":\"WebPage\",\"@id\":\"https:\/\/gr-100.com\/pt-pt\/producto\/vado-sl-4-0-passo-ate-eq-2022\/\",\"url\":\"https:\/\/gr-100.com\/pt-pt\/producto\/vado-sl-4-0-passo-ate-eq-2022\/\",\"name\":\"VADO SL 4.0 PASSO AT\u00c9 EQ 2022 GR-100 TURBO VADO\",\"isPartOf\":{\"@id\":\"https:\/\/gr-100.com\/#website\"},\"primaryImageOfPage\":{\"@id\":\"https:\/\/gr-100.com\/pt-pt\/producto\/vado-sl-4-0-passo-ate-eq-2022\/#primaryimage\"},\"image\":{\"@id\":\"https:\/\/gr-100.com\/pt-pt\/producto\/vado-sl-4-0-passo-ate-eq-2022\/#primaryimage\"},\"thumbnailUrl\":\"https:\/\/gr-100.com\/wp-content\/uploads\/2024\/05\/VADO-SL-4.0-ST-EQ-raspberry-.jpeg\",\"datePublished\":\"2024-07-01T11:46:00+00:00\",\"dateModified\":\"2025-10-06T14:00:51+00:00\",\"description\":\"N\u00e3o h\u00e1 outra e-bike com a mesma qualidade de condu\u00e7\u00e3o, autonomia, pot\u00eancia e leveza que esta. O Turbo Vado SL 4.0 EQ Step-Through \u00e9 o melhor\",\"breadcrumb\":{\"@id\":\"https:\/\/gr-100.com\/pt-pt\/producto\/vado-sl-4-0-passo-ate-eq-2022\/#breadcrumb\"},\"inLanguage\":\"pt-PT\",\"potentialAction\":[{\"@type\":\"ReadAction\",\"target\":[\"https:\/\/gr-100.com\/pt-pt\/producto\/vado-sl-4-0-passo-ate-eq-2022\/\"]}]},{\"@type\":\"ImageObject\",\"inLanguage\":\"pt-PT\",\"@id\":\"https:\/\/gr-100.com\/pt-pt\/producto\/vado-sl-4-0-passo-ate-eq-2022\/#primaryimage\",\"url\":\"https:\/\/gr-100.com\/wp-content\/uploads\/2024\/05\/VADO-SL-4.0-ST-EQ-raspberry-.jpeg\",\"contentUrl\":\"https:\/\/gr-100.com\/wp-content\/uploads\/2024\/05\/VADO-SL-4.0-ST-EQ-raspberry-.jpeg\",\"width\":1000,\"height\":1000},{\"@type\":\"BreadcrumbList\",\"@id\":\"https:\/\/gr-100.com\/pt-pt\/producto\/vado-sl-4-0-passo-ate-eq-2022\/#breadcrumb\",\"itemListElement\":[{\"@type\":\"ListItem\",\"position\":1,\"name\":\"Portada\",\"item\":\"https:\/\/gr-100.com\/en\/\"},{\"@type\":\"ListItem\",\"position\":2,\"name\":\"Productos\",\"item\":\"https:\/\/gr-100.com\/?post_type=product\"},{\"@type\":\"ListItem\",\"position\":3,\"name\":\"VADO SL 4.0 PASSO AT\u00c9 EQ 2022\"}]},{\"@type\":\"WebSite\",\"@id\":\"https:\/\/gr-100.com\/#website\",\"url\":\"https:\/\/gr-100.com\/\",\"name\":\"Gr-100 Tienda de ciclismo Specialized\",\"description\":\"GR-100 tenemos todas las gamas de bicicletas Specialized al mejor precio.\",\"publisher\":{\"@id\":\"https:\/\/gr-100.com\/#organization\"},\"alternateName\":\"Gr-100 Bikes\",\"potentialAction\":[{\"@type\":\"SearchAction\",\"target\":{\"@type\":\"EntryPoint\",\"urlTemplate\":\"https:\/\/gr-100.com\/?s={search_term_string}\"},\"query-input\":{\"@type\":\"PropertyValueSpecification\",\"valueRequired\":true,\"valueName\":\"search_term_string\"}}],\"inLanguage\":\"pt-PT\"},{\"@type\":\"Organization\",\"@id\":\"https:\/\/gr-100.com\/#organization\",\"name\":\"Gr-100\",\"url\":\"https:\/\/gr-100.com\/\",\"logo\":{\"@type\":\"ImageObject\",\"inLanguage\":\"pt-PT\",\"@id\":\"https:\/\/gr-100.com\/#\/schema\/logo\/image\/\",\"url\":\"https:\/\/gr-100.com\/wp-content\/uploads\/2023\/08\/logo-gr-100-bikes.png\",\"contentUrl\":\"https:\/\/gr-100.com\/wp-content\/uploads\/2023\/08\/logo-gr-100-bikes.png\",\"width\":707,\"height\":284,\"caption\":\"Gr-100\"},\"image\":{\"@id\":\"https:\/\/gr-100.com\/#\/schema\/logo\/image\/\"},\"sameAs\":[\"https:\/\/www.facebook.com\/Gr100Bikes\",\"https:\/\/www.instagram.com\/gr100bikes\/\",\"https:\/\/www.tiktok.com\/@gr100bikes\",\"https:\/\/twitter.com\/gr100mtbteam\",\"https:\/\/www.youtube.com\/c\/GR100Specialized\"]}]}<\/script>\n<!-- \/ Yoast SEO Premium plugin. -->","yoast_head_json":{"title":"VADO SL 4.0 PASSO AT\u00c9 EQ 2022 GR-100 TURBO VADO","description":"N\u00e3o h\u00e1 outra e-bike com a mesma qualidade de condu\u00e7\u00e3o, autonomia, pot\u00eancia e leveza que esta. O Turbo Vado SL 4.0 EQ Step-Through \u00e9 o melhor","robots":{"index":"index","follow":"follow","max-snippet":"max-snippet:-1","max-image-preview":"max-image-preview:large","max-video-preview":"max-video-preview:-1"},"canonical":"https:\/\/gr-100.com\/pt-pt\/producto\/vado-sl-4-0-passo-ate-eq-2022\/","og_locale":"pt_PT","og_type":"article","og_title":"VADO SL 4.0 PASSO AT\u00c9 EQ 2022","og_description":"N\u00e3o h\u00e1 outra e-bike com a mesma qualidade de condu\u00e7\u00e3o, autonomia, pot\u00eancia e leveza que esta. O Turbo Vado SL 4.0 EQ Step-Through \u00e9 o melhor","og_url":"https:\/\/gr-100.com\/pt-pt\/producto\/vado-sl-4-0-passo-ate-eq-2022\/","og_site_name":"Gr-100 Tienda de ciclismo Specialized","article_publisher":"https:\/\/www.facebook.com\/Gr100Bikes","article_modified_time":"2025-10-06T14:00:51+00:00","og_image":[{"width":1000,"height":1000,"url":"https:\/\/gr-100.com\/wp-content\/uploads\/2024\/05\/VADO-SL-4.0-ST-EQ-raspberry-.jpeg","type":"image\/jpeg"}],"twitter_card":"summary_large_image","twitter_misc":{"Tempo estimado de leitura":"1 minuto"},"schema":{"@context":"https:\/\/schema.org","@graph":[{"@type":"WebPage","@id":"https:\/\/gr-100.com\/pt-pt\/producto\/vado-sl-4-0-passo-ate-eq-2022\/","url":"https:\/\/gr-100.com\/pt-pt\/producto\/vado-sl-4-0-passo-ate-eq-2022\/","name":"VADO SL 4.0 PASSO AT\u00c9 EQ 2022 GR-100 TURBO VADO","isPartOf":{"@id":"https:\/\/gr-100.com\/#website"},"primaryImageOfPage":{"@id":"https:\/\/gr-100.com\/pt-pt\/producto\/vado-sl-4-0-passo-ate-eq-2022\/#primaryimage"},"image":{"@id":"https:\/\/gr-100.com\/pt-pt\/producto\/vado-sl-4-0-passo-ate-eq-2022\/#primaryimage"},"thumbnailUrl":"https:\/\/gr-100.com\/wp-content\/uploads\/2024\/05\/VADO-SL-4.0-ST-EQ-raspberry-.jpeg","datePublished":"2024-07-01T11:46:00+00:00","dateModified":"2025-10-06T14:00:51+00:00","description":"N\u00e3o h\u00e1 outra e-bike com a mesma qualidade de condu\u00e7\u00e3o, autonomia, pot\u00eancia e leveza que esta. O Turbo Vado SL 4.0 EQ Step-Through \u00e9 o melhor","breadcrumb":{"@id":"https:\/\/gr-100.com\/pt-pt\/producto\/vado-sl-4-0-passo-ate-eq-2022\/#breadcrumb"},"inLanguage":"pt-PT","potentialAction":[{"@type":"ReadAction","target":["https:\/\/gr-100.com\/pt-pt\/producto\/vado-sl-4-0-passo-ate-eq-2022\/"]}]},{"@type":"ImageObject","inLanguage":"pt-PT","@id":"https:\/\/gr-100.com\/pt-pt\/producto\/vado-sl-4-0-passo-ate-eq-2022\/#primaryimage","url":"https:\/\/gr-100.com\/wp-content\/uploads\/2024\/05\/VADO-SL-4.0-ST-EQ-raspberry-.jpeg","contentUrl":"https:\/\/gr-100.com\/wp-content\/uploads\/2024\/05\/VADO-SL-4.0-ST-EQ-raspberry-.jpeg","width":1000,"height":1000},{"@type":"BreadcrumbList","@id":"https:\/\/gr-100.com\/pt-pt\/producto\/vado-sl-4-0-passo-ate-eq-2022\/#breadcrumb","itemListElement":[{"@type":"ListItem","position":1,"name":"Portada","item":"https:\/\/gr-100.com\/en\/"},{"@type":"ListItem","position":2,"name":"Productos","item":"https:\/\/gr-100.com\/?post_type=product"},{"@type":"ListItem","position":3,"name":"VADO SL 4.0 PASSO AT\u00c9 EQ 2022"}]},{"@type":"WebSite","@id":"https:\/\/gr-100.com\/#website","url":"https:\/\/gr-100.com\/","name":"Gr-100 Tienda de ciclismo Specialized","description":"GR-100 tenemos todas las gamas de bicicletas Specialized al mejor precio.","publisher":{"@id":"https:\/\/gr-100.com\/#organization"},"alternateName":"Gr-100 Bikes","potentialAction":[{"@type":"SearchAction","target":{"@type":"EntryPoint","urlTemplate":"https:\/\/gr-100.com\/?s={search_term_string}"},"query-input":{"@type":"PropertyValueSpecification","valueRequired":true,"valueName":"search_term_string"}}],"inLanguage":"pt-PT"},{"@type":"Organization","@id":"https:\/\/gr-100.com\/#organization","name":"Gr-100","url":"https:\/\/gr-100.com\/","logo":{"@type":"ImageObject","inLanguage":"pt-PT","@id":"https:\/\/gr-100.com\/#\/schema\/logo\/image\/","url":"https:\/\/gr-100.com\/wp-content\/uploads\/2023\/08\/logo-gr-100-bikes.png","contentUrl":"https:\/\/gr-100.com\/wp-content\/uploads\/2023\/08\/logo-gr-100-bikes.png","width":707,"height":284,"caption":"Gr-100"},"image":{"@id":"https:\/\/gr-100.com\/#\/schema\/logo\/image\/"},"sameAs":["https:\/\/www.facebook.com\/Gr100Bikes","https:\/\/www.instagram.com\/gr100bikes\/","https:\/\/www.tiktok.com\/@gr100bikes","https:\/\/twitter.com\/gr100mtbteam","https:\/\/www.youtube.com\/c\/GR100Specialized"]}]}},"_links":{"self":[{"href":"https:\/\/gr-100.com\/pt-pt\/wp-json\/wp\/v2\/product\/385015","targetHints":{"allow":["GET"]}}],"collection":[{"href":"https:\/\/gr-100.com\/pt-pt\/wp-json\/wp\/v2\/product"}],"about":[{"href":"https:\/\/gr-100.com\/pt-pt\/wp-json\/wp\/v2\/types\/product"}],"replies":[{"embeddable":true,"href":"https:\/\/gr-100.com\/pt-pt\/wp-json\/wp\/v2\/comments?post=385015"}],"wp:featuredmedia":[{"embeddable":true,"href":"https:\/\/gr-100.com\/pt-pt\/wp-json\/wp\/v2\/media\/304210"}],"wp:attachment":[{"href":"https:\/\/gr-100.com\/pt-pt\/wp-json\/wp\/v2\/media?parent=385015"}],"wp:term":[{"taxonomy":"product_brand","embeddable":true,"href":"https:\/\/gr-100.com\/pt-pt\/wp-json\/wp\/v2\/product_brand?post=385015"},{"taxonomy":"product_cat","embeddable":true,"href":"https:\/\/gr-100.com\/pt-pt\/wp-json\/wp\/v2\/product_cat?post=385015"},{"taxonomy":"product_tag","embeddable":true,"href":"https:\/\/gr-100.com\/pt-pt\/wp-json\/wp\/v2\/product_tag?post=385015"}],"curies":[{"name":"wp","href":"https:\/\/api.w.org\/{rel}","templated":true}]}}