{"id":385028,"date":"2024-07-01T13:45:40","date_gmt":"2024-07-01T12:45:40","guid":{"rendered":"https:\/\/gr-100.com\/producto\/vado-sl-5-0-passo-atraves-do-eq-2022\/"},"modified":"2025-12-18T16:46:18","modified_gmt":"2025-12-18T14:46:18","slug":"vado-sl-5-0-passo-atraves-do-eq-2022","status":"publish","type":"product","link":"https:\/\/gr-100.com\/pt-pt\/producto\/vado-sl-5-0-passo-atraves-do-eq-2022\/","title":{"rendered":"VADO SL 5.0 PASSO ATRAV\u00c9S DO EQ 2022"},"content":{"rendered":"<ul class=\"bullet_points\">\n<li class=\"bullet_item\">A Unidade de Controlo Turbo MasterMind (TCU) \u00e9 o seu centro de informa\u00e7\u00e3o com campos de visualiza\u00e7\u00e3o personaliz\u00e1veis para experimentar a condu\u00e7\u00e3o que pretende, com precis\u00e3o.<\/li>\n<li class=\"bullet_item\">Atualiza\u00e7\u00f5es over-the-air quando emparelhadas com a aplica\u00e7\u00e3o Mission Control, permitindo que a sua moto melhore ao longo do tempo.<\/li>\n<li class=\"bullet_item\">Specialized de 320Wh totalmente integrada com extensor de alcance opcional, at\u00e9 190 km de autonomia.<\/li>\n<li class=\"bullet_item\">Motor ultraleve Custom Specialized SL 1.1, pico de 240W \/ 35Nm, sua pot\u00eancia x2 (180% de assist\u00eancia), auxilia at\u00e9 25 km\/h.<\/li>\n<li class=\"bullet_item\">Forquilha de carbono r\u00edgida e leve com eixo Boost\u2122 12x110mm thru.<\/li>\n<li class=\"bullet_item\">O Future Shock 1.5 reduz o impacto no terreno.<\/li>\n<li class=\"bullet_item\">Freios hidr\u00e1ulicos Tektro Premium para uma sensa\u00e7\u00e3o \u00fanica e luzes dianteiras e traseiras extra-brilhantes integradas para ver e ser visto.<\/li>\n<li class=\"bullet_item\">Quadro passo a passo para maior conforto ao entrar e sair.<br \/>\n&#8220;Bagageiro Turbo Super Light, compat\u00edvel com Racktime para transportar suas mochilas e acess\u00f3rios necess\u00e1rios e para-lamas DRYTECH para mant\u00ea-lo seco da \u00e1gua e da sujeira da estrada. <\/li>\n<li class=\"bullet_item\">Caixa de velocidades Sram GX de 12 velocidades com desempenho leve e preciso a longo prazo.<\/li>\n<li class=\"bullet_item\">Rodas a disco DT Swiss R500 combinadas com pneus Nimbus II Sport Reflect 700 com muita ader\u00eancia e rolagem r\u00e1pida, tem prote\u00e7\u00e3o contra furos BlackBelt e detalhes reflexivos para aumentar a visibilidade.<\/li>\n<\/ul>\n","protected":false},"excerpt":{"rendered":"<p>N\u00e3o h\u00e1 outra e-bike com a mesma qualidade de condu\u00e7\u00e3o, autonomia, pot\u00eancia e leveza que esta.<br \/>\nO Turbo Vado Super Light 5.0 EQ Step-Through \u00e9 o melhor para as suas rotas di\u00e1rias, recados r\u00e1pidos e desloca\u00e7\u00f5es pela cidade <\/p>\n","protected":false},"featured_media":304200,"comment_status":"closed","ping_status":"closed","template":"","meta":{"_acf_changed":false,"_et_pb_use_builder":"","_et_pb_old_content":"","_et_gb_content_width":"","inline_featured_image":false},"product_brand":[],"product_cat":[4353,2459,5284,391,5280,5282,5260,5283,5281,2483,2460,3255,2696,403,2953],"product_tag":[],"class_list":{"0":"post-385028","1":"product","2":"type-product","3":"status-publish","4":"has-post-thumbnail","6":"product_cat-liquidacion-specialized","7":"product_cat-bicicletas-pt-pt-2","8":"product_cat-bicicletas-urbanas-pt-pt","9":"product_cat-eletricas","10":"product_cat-bicicletas-electricas-aluminio-pt-pt","11":"product_cat-bicicletas-electricas-paseo-pt-pt","12":"product_cat-bicicletas-electricas-specialized-pt-pt","13":"product_cat-bicicletas-electricas-trekking-pt-pt","14":"product_cat-bicicletas-electricas-urbanas-pt-pt","15":"product_cat-bicicletas-especializadas","16":"product_cat-ofertas-pt-pt","17":"product_cat-oferta-eletrica","18":"product_cat-ofertas-especializadas","19":"product_cat-outlet-pt-pt","20":"product_cat-super-ofertas-pt-pt","21":"product_shipping_class-bicicletas-pt-pt","23":"first","24":"outofstock","25":"taxable","26":"shipping-taxable","27":"product-type-variable","28":"wvs-archive-product-wrapper"},"acf":[],"yoast_head":"<!-- This site is optimized with the Yoast SEO Premium plugin v26.7 (Yoast SEO v26.7) - https:\/\/yoast.com\/wordpress\/plugins\/seo\/ -->\n<title>VADO SL 5.0 PASSO ATRAV\u00c9S DO EQ 2022 GR-100 VADO<\/title>\n<meta name=\"description\" content=\"N\u00e3o h\u00e1 outra e-bike com a mesma qualidade de condu\u00e7\u00e3o, autonomia, pot\u00eancia e leveza que esta. \u00c9 o melhor para as suas rotas di\u00e1rias.\" \/>\n<meta name=\"robots\" content=\"index, follow, max-snippet:-1, max-image-preview:large, max-video-preview:-1\" \/>\n<link rel=\"canonical\" href=\"https:\/\/gr-100.com\/pt-pt\/producto\/vado-sl-5-0-passo-atraves-do-eq-2022\/\" \/>\n<meta property=\"og:locale\" content=\"pt_PT\" \/>\n<meta property=\"og:type\" content=\"article\" \/>\n<meta property=\"og:title\" content=\"VADO SL 5.0 PASSO ATRAV\u00c9S DO EQ 2022\" \/>\n<meta property=\"og:description\" content=\"N\u00e3o h\u00e1 outra e-bike com a mesma qualidade de condu\u00e7\u00e3o, autonomia, pot\u00eancia e leveza que esta. \u00c9 o melhor para as suas rotas di\u00e1rias.\" \/>\n<meta property=\"og:url\" content=\"https:\/\/gr-100.com\/pt-pt\/producto\/vado-sl-5-0-passo-atraves-do-eq-2022\/\" \/>\n<meta property=\"og:site_name\" content=\"Gr-100 Tienda de ciclismo Specialized\" \/>\n<meta property=\"article:publisher\" content=\"https:\/\/www.facebook.com\/Gr100Bikes\" \/>\n<meta property=\"article:modified_time\" content=\"2025-12-18T14:46:18+00:00\" \/>\n<meta property=\"og:image\" content=\"https:\/\/gr-100.com\/wp-content\/uploads\/2024\/05\/VADO-SL-5.0-ST-EQ-BRUSHED-ALUMINIUM-1.jpeg\" \/>\n\t<meta property=\"og:image:width\" content=\"1000\" \/>\n\t<meta property=\"og:image:height\" content=\"1000\" \/>\n\t<meta property=\"og:image:type\" content=\"image\/jpeg\" \/>\n<meta name=\"twitter:card\" content=\"summary_large_image\" \/>\n<meta name=\"twitter:label1\" content=\"Tempo estimado de leitura\" \/>\n\t<meta name=\"twitter:data1\" content=\"1 minuto\" \/>\n<script type=\"application\/ld+json\" class=\"yoast-schema-graph\">{\"@context\":\"https:\/\/schema.org\",\"@graph\":[{\"@type\":\"WebPage\",\"@id\":\"https:\/\/gr-100.com\/pt-pt\/producto\/vado-sl-5-0-passo-atraves-do-eq-2022\/\",\"url\":\"https:\/\/gr-100.com\/pt-pt\/producto\/vado-sl-5-0-passo-atraves-do-eq-2022\/\",\"name\":\"VADO SL 5.0 PASSO ATRAV\u00c9S DO EQ 2022 GR-100 VADO\",\"isPartOf\":{\"@id\":\"https:\/\/gr-100.com\/#website\"},\"primaryImageOfPage\":{\"@id\":\"https:\/\/gr-100.com\/pt-pt\/producto\/vado-sl-5-0-passo-atraves-do-eq-2022\/#primaryimage\"},\"image\":{\"@id\":\"https:\/\/gr-100.com\/pt-pt\/producto\/vado-sl-5-0-passo-atraves-do-eq-2022\/#primaryimage\"},\"thumbnailUrl\":\"https:\/\/gr-100.com\/wp-content\/uploads\/2024\/05\/VADO-SL-5.0-ST-EQ-BRUSHED-ALUMINIUM-1.jpeg\",\"datePublished\":\"2024-07-01T12:45:40+00:00\",\"dateModified\":\"2025-12-18T14:46:18+00:00\",\"description\":\"N\u00e3o h\u00e1 outra e-bike com a mesma qualidade de condu\u00e7\u00e3o, autonomia, pot\u00eancia e leveza que esta. \u00c9 o melhor para as suas rotas di\u00e1rias.\",\"breadcrumb\":{\"@id\":\"https:\/\/gr-100.com\/pt-pt\/producto\/vado-sl-5-0-passo-atraves-do-eq-2022\/#breadcrumb\"},\"inLanguage\":\"pt-PT\",\"potentialAction\":[{\"@type\":\"ReadAction\",\"target\":[\"https:\/\/gr-100.com\/pt-pt\/producto\/vado-sl-5-0-passo-atraves-do-eq-2022\/\"]}]},{\"@type\":\"ImageObject\",\"inLanguage\":\"pt-PT\",\"@id\":\"https:\/\/gr-100.com\/pt-pt\/producto\/vado-sl-5-0-passo-atraves-do-eq-2022\/#primaryimage\",\"url\":\"https:\/\/gr-100.com\/wp-content\/uploads\/2024\/05\/VADO-SL-5.0-ST-EQ-BRUSHED-ALUMINIUM-1.jpeg\",\"contentUrl\":\"https:\/\/gr-100.com\/wp-content\/uploads\/2024\/05\/VADO-SL-5.0-ST-EQ-BRUSHED-ALUMINIUM-1.jpeg\",\"width\":1000,\"height\":1000},{\"@type\":\"BreadcrumbList\",\"@id\":\"https:\/\/gr-100.com\/pt-pt\/producto\/vado-sl-5-0-passo-atraves-do-eq-2022\/#breadcrumb\",\"itemListElement\":[{\"@type\":\"ListItem\",\"position\":1,\"name\":\"Portada\",\"item\":\"https:\/\/gr-100.com\/en\/\"},{\"@type\":\"ListItem\",\"position\":2,\"name\":\"Productos\",\"item\":\"https:\/\/gr-100.com\/?post_type=product\"},{\"@type\":\"ListItem\",\"position\":3,\"name\":\"VADO SL 5.0 PASSO ATRAV\u00c9S DO EQ 2022\"}]},{\"@type\":\"WebSite\",\"@id\":\"https:\/\/gr-100.com\/#website\",\"url\":\"https:\/\/gr-100.com\/\",\"name\":\"Gr-100 Tienda de ciclismo Specialized\",\"description\":\"GR-100 tenemos todas las gamas de bicicletas Specialized al mejor precio.\",\"publisher\":{\"@id\":\"https:\/\/gr-100.com\/#organization\"},\"alternateName\":\"Gr-100 Bikes\",\"potentialAction\":[{\"@type\":\"SearchAction\",\"target\":{\"@type\":\"EntryPoint\",\"urlTemplate\":\"https:\/\/gr-100.com\/?s={search_term_string}\"},\"query-input\":{\"@type\":\"PropertyValueSpecification\",\"valueRequired\":true,\"valueName\":\"search_term_string\"}}],\"inLanguage\":\"pt-PT\"},{\"@type\":\"Organization\",\"@id\":\"https:\/\/gr-100.com\/#organization\",\"name\":\"Gr-100\",\"url\":\"https:\/\/gr-100.com\/\",\"logo\":{\"@type\":\"ImageObject\",\"inLanguage\":\"pt-PT\",\"@id\":\"https:\/\/gr-100.com\/#\/schema\/logo\/image\/\",\"url\":\"https:\/\/gr-100.com\/wp-content\/uploads\/2023\/08\/logo-gr-100-bikes.png\",\"contentUrl\":\"https:\/\/gr-100.com\/wp-content\/uploads\/2023\/08\/logo-gr-100-bikes.png\",\"width\":707,\"height\":284,\"caption\":\"Gr-100\"},\"image\":{\"@id\":\"https:\/\/gr-100.com\/#\/schema\/logo\/image\/\"},\"sameAs\":[\"https:\/\/www.facebook.com\/Gr100Bikes\",\"https:\/\/www.instagram.com\/gr100bikes\/\",\"https:\/\/www.tiktok.com\/@gr100bikes\",\"https:\/\/twitter.com\/gr100mtbteam\",\"https:\/\/www.youtube.com\/c\/GR100Specialized\"]}]}<\/script>\n<!-- \/ Yoast SEO Premium plugin. -->","yoast_head_json":{"title":"VADO SL 5.0 PASSO ATRAV\u00c9S DO EQ 2022 GR-100 VADO","description":"N\u00e3o h\u00e1 outra e-bike com a mesma qualidade de condu\u00e7\u00e3o, autonomia, pot\u00eancia e leveza que esta. \u00c9 o melhor para as suas rotas di\u00e1rias.","robots":{"index":"index","follow":"follow","max-snippet":"max-snippet:-1","max-image-preview":"max-image-preview:large","max-video-preview":"max-video-preview:-1"},"canonical":"https:\/\/gr-100.com\/pt-pt\/producto\/vado-sl-5-0-passo-atraves-do-eq-2022\/","og_locale":"pt_PT","og_type":"article","og_title":"VADO SL 5.0 PASSO ATRAV\u00c9S DO EQ 2022","og_description":"N\u00e3o h\u00e1 outra e-bike com a mesma qualidade de condu\u00e7\u00e3o, autonomia, pot\u00eancia e leveza que esta. \u00c9 o melhor para as suas rotas di\u00e1rias.","og_url":"https:\/\/gr-100.com\/pt-pt\/producto\/vado-sl-5-0-passo-atraves-do-eq-2022\/","og_site_name":"Gr-100 Tienda de ciclismo Specialized","article_publisher":"https:\/\/www.facebook.com\/Gr100Bikes","article_modified_time":"2025-12-18T14:46:18+00:00","og_image":[{"width":1000,"height":1000,"url":"https:\/\/gr-100.com\/wp-content\/uploads\/2024\/05\/VADO-SL-5.0-ST-EQ-BRUSHED-ALUMINIUM-1.jpeg","type":"image\/jpeg"}],"twitter_card":"summary_large_image","twitter_misc":{"Tempo estimado de leitura":"1 minuto"},"schema":{"@context":"https:\/\/schema.org","@graph":[{"@type":"WebPage","@id":"https:\/\/gr-100.com\/pt-pt\/producto\/vado-sl-5-0-passo-atraves-do-eq-2022\/","url":"https:\/\/gr-100.com\/pt-pt\/producto\/vado-sl-5-0-passo-atraves-do-eq-2022\/","name":"VADO SL 5.0 PASSO ATRAV\u00c9S DO EQ 2022 GR-100 VADO","isPartOf":{"@id":"https:\/\/gr-100.com\/#website"},"primaryImageOfPage":{"@id":"https:\/\/gr-100.com\/pt-pt\/producto\/vado-sl-5-0-passo-atraves-do-eq-2022\/#primaryimage"},"image":{"@id":"https:\/\/gr-100.com\/pt-pt\/producto\/vado-sl-5-0-passo-atraves-do-eq-2022\/#primaryimage"},"thumbnailUrl":"https:\/\/gr-100.com\/wp-content\/uploads\/2024\/05\/VADO-SL-5.0-ST-EQ-BRUSHED-ALUMINIUM-1.jpeg","datePublished":"2024-07-01T12:45:40+00:00","dateModified":"2025-12-18T14:46:18+00:00","description":"N\u00e3o h\u00e1 outra e-bike com a mesma qualidade de condu\u00e7\u00e3o, autonomia, pot\u00eancia e leveza que esta. \u00c9 o melhor para as suas rotas di\u00e1rias.","breadcrumb":{"@id":"https:\/\/gr-100.com\/pt-pt\/producto\/vado-sl-5-0-passo-atraves-do-eq-2022\/#breadcrumb"},"inLanguage":"pt-PT","potentialAction":[{"@type":"ReadAction","target":["https:\/\/gr-100.com\/pt-pt\/producto\/vado-sl-5-0-passo-atraves-do-eq-2022\/"]}]},{"@type":"ImageObject","inLanguage":"pt-PT","@id":"https:\/\/gr-100.com\/pt-pt\/producto\/vado-sl-5-0-passo-atraves-do-eq-2022\/#primaryimage","url":"https:\/\/gr-100.com\/wp-content\/uploads\/2024\/05\/VADO-SL-5.0-ST-EQ-BRUSHED-ALUMINIUM-1.jpeg","contentUrl":"https:\/\/gr-100.com\/wp-content\/uploads\/2024\/05\/VADO-SL-5.0-ST-EQ-BRUSHED-ALUMINIUM-1.jpeg","width":1000,"height":1000},{"@type":"BreadcrumbList","@id":"https:\/\/gr-100.com\/pt-pt\/producto\/vado-sl-5-0-passo-atraves-do-eq-2022\/#breadcrumb","itemListElement":[{"@type":"ListItem","position":1,"name":"Portada","item":"https:\/\/gr-100.com\/en\/"},{"@type":"ListItem","position":2,"name":"Productos","item":"https:\/\/gr-100.com\/?post_type=product"},{"@type":"ListItem","position":3,"name":"VADO SL 5.0 PASSO ATRAV\u00c9S DO EQ 2022"}]},{"@type":"WebSite","@id":"https:\/\/gr-100.com\/#website","url":"https:\/\/gr-100.com\/","name":"Gr-100 Tienda de ciclismo Specialized","description":"GR-100 tenemos todas las gamas de bicicletas Specialized al mejor precio.","publisher":{"@id":"https:\/\/gr-100.com\/#organization"},"alternateName":"Gr-100 Bikes","potentialAction":[{"@type":"SearchAction","target":{"@type":"EntryPoint","urlTemplate":"https:\/\/gr-100.com\/?s={search_term_string}"},"query-input":{"@type":"PropertyValueSpecification","valueRequired":true,"valueName":"search_term_string"}}],"inLanguage":"pt-PT"},{"@type":"Organization","@id":"https:\/\/gr-100.com\/#organization","name":"Gr-100","url":"https:\/\/gr-100.com\/","logo":{"@type":"ImageObject","inLanguage":"pt-PT","@id":"https:\/\/gr-100.com\/#\/schema\/logo\/image\/","url":"https:\/\/gr-100.com\/wp-content\/uploads\/2023\/08\/logo-gr-100-bikes.png","contentUrl":"https:\/\/gr-100.com\/wp-content\/uploads\/2023\/08\/logo-gr-100-bikes.png","width":707,"height":284,"caption":"Gr-100"},"image":{"@id":"https:\/\/gr-100.com\/#\/schema\/logo\/image\/"},"sameAs":["https:\/\/www.facebook.com\/Gr100Bikes","https:\/\/www.instagram.com\/gr100bikes\/","https:\/\/www.tiktok.com\/@gr100bikes","https:\/\/twitter.com\/gr100mtbteam","https:\/\/www.youtube.com\/c\/GR100Specialized"]}]}},"_links":{"self":[{"href":"https:\/\/gr-100.com\/pt-pt\/wp-json\/wp\/v2\/product\/385028","targetHints":{"allow":["GET"]}}],"collection":[{"href":"https:\/\/gr-100.com\/pt-pt\/wp-json\/wp\/v2\/product"}],"about":[{"href":"https:\/\/gr-100.com\/pt-pt\/wp-json\/wp\/v2\/types\/product"}],"replies":[{"embeddable":true,"href":"https:\/\/gr-100.com\/pt-pt\/wp-json\/wp\/v2\/comments?post=385028"}],"wp:featuredmedia":[{"embeddable":true,"href":"https:\/\/gr-100.com\/pt-pt\/wp-json\/wp\/v2\/media\/304200"}],"wp:attachment":[{"href":"https:\/\/gr-100.com\/pt-pt\/wp-json\/wp\/v2\/media?parent=385028"}],"wp:term":[{"taxonomy":"product_brand","embeddable":true,"href":"https:\/\/gr-100.com\/pt-pt\/wp-json\/wp\/v2\/product_brand?post=385028"},{"taxonomy":"product_cat","embeddable":true,"href":"https:\/\/gr-100.com\/pt-pt\/wp-json\/wp\/v2\/product_cat?post=385028"},{"taxonomy":"product_tag","embeddable":true,"href":"https:\/\/gr-100.com\/pt-pt\/wp-json\/wp\/v2\/product_tag?post=385028"}],"curies":[{"name":"wp","href":"https:\/\/api.w.org\/{rel}","templated":true}]}}