{"id":385040,"date":"2024-07-01T13:43:00","date_gmt":"2024-07-01T11:43:00","guid":{"rendered":"https:\/\/gr-100.com\/producto\/especializada-creo-sl-sworks-carbon-2020\/"},"modified":"2025-11-26T16:42:07","modified_gmt":"2025-11-26T14:42:07","slug":"especializada-creo-sl-sworks-carbon-2020","status":"publish","type":"product","link":"https:\/\/gr-100.com\/pt-pt\/producto\/especializada-creo-sl-sworks-carbon-2020\/","title":{"rendered":"Specialized Creo SL Sworks Carbono 2020"},"content":{"rendered":"<div class=\"vtex-flex-layout-0-x-flexRow vtex-flex-layout-0-x-flexRow--productSpecification\">\n<div class=\"flex mt0 mb0 pt0 pb0 justify-start vtex-flex-layout-0-x-flexRowContent vtex-flex-layout-0-x-flexRowContent--productSpecification items-stretch w-100\">\n<div class=\"pr0 items-stretch vtex-flex-layout-0-x-stretchChildrenWidth flex\">\n<div class=\"vtex-flex-layout-0-x-flexCol vtex-flex-layout-0-x-flexCol--productSpecificationName ml0 mr0 pl0 pr0 flex flex-column h-100 w-100\"><\/div>\n<\/div>\n<\/div>\n<\/div>\n<div class=\"vtex-flex-layout-0-x-flexRow vtex-flex-layout-0-x-flexRow--productSpecification\">\n<div class=\"flex mt0 mb0 pt0 pb0 justify-start vtex-flex-layout-0-x-flexRowContent vtex-flex-layout-0-x-flexRowContent--productSpecification items-stretch w-100\">\n<div class=\"pr0 items-stretch vtex-flex-layout-0-x-stretchChildrenWidth flex\">\n<div class=\"vtex-flex-layout-0-x-flexCol vtex-flex-layout-0-x-flexCol--productSpecificationName ml0 mr0 pl0 pr0 flex flex-column h-100 w-100\">\n<div class=\"vtex-flex-layout-0-x-flexColChild vtex-flex-layout-0-x-flexColChild--productSpecificationName pb0\"><\/div>\n<\/div>\n<\/div>\n<div class=\"pr0 items-stretch vtex-flex-layout-0-x-stretchChildrenWidth flex\">\n<div class=\"vtex-flex-layout-0-x-flexCol vtex-flex-layout-0-x-flexCol--productSpecificationValue ml0 mr0 pl0 pr0 flex flex-column h-100 w-100\">\n<div class=\"vtex-flex-layout-0-x-flexColChild vtex-flex-layout-0-x-flexColChild--productSpecificationValue pb0\">\n<div class=\"vtex-flex-layout-0-x-flexRow vtex-flex-layout-0-x-flexRow--productSpecification\">\n<div class=\"flex mt0 mb0 pt0 pb0 justify-start vtex-flex-layout-0-x-flexRowContent vtex-flex-layout-0-x-flexRowContent--productSpecification items-stretch w-100\">\n<div class=\"pr0 items-stretch vtex-flex-layout-0-x-stretchChildrenWidth flex\">\n<div class=\"vtex-flex-layout-0-x-flexCol vtex-flex-layout-0-x-flexCol--productSpecificationName ml0 mr0 pl0 pr0 flex flex-column h-100 w-100\">\n<ul>\n<li class=\"vtex-flex-layout-0-x-flexColChild vtex-flex-layout-0-x-flexColChild--productSpecificationName pb0\"><span class=\"vtex-product-specifications-1-x-specificationName\" data-specification-group=\"Cuadro Bicicleta\" data-specification-name=\"Cuadro\">Imagem <\/span>FACT 11r Carbon, Geometria de Estrada Aberta, Eixo Thru-Traseiro Dianteiro\/Traseiro, Bateria Stubo Totalmente Integrada, Roteamento de Cabo Interno, Roscas Fender\/Transportadoras, Boost\u2122 12x148mm<\/li>\n<li class=\"vtex-flex-layout-0-x-flexColChild vtex-flex-layout-0-x-flexColChild--productSpecificationName pb0\">Forquilha, Future Shock 2.0 com amortecedor, arranque suave, eixo thru\u2122 Boost de 12&#215;110 mm, disco de montagem plana<\/li>\n<li class=\"vtex-flex-layout-0-x-flexColChild vtex-flex-layout-0-x-flexColChild--productSpecificationName pb0\">Material, Carbono<\/li>\n<li>Guiador, S-Works Carbon Hover Drop, 125x75mm<\/li>\n<li>Alimenta\u00e7\u00e3o, S-Works Future Stem com montagem integrada para computador<\/li>\n<li>Fita para guiador, Roubaix S-Wrap<\/li>\n<li>Freio dianteiro, Shimano Dura-Ace R9170, disco hidr\u00e1ulico<\/li>\n<li>Freio traseiro, Shimano Dura-Ace R9170, disco hidr\u00e1ulico<\/li>\n<li>Selim, Geometria S-Works Power, calhas de carbono<\/li>\n<li>Espig\u00e3o de assento, S-Works FACT, 27,2 mm, deslocamento de 20 mm<\/li>\n<li>Bra\u00e7adeira de sela, alum\u00ednio 30.8<\/li>\n<li>Alavancas de c\u00e2mbio, Shimano Dura-Ace Di2 Disc R9170<\/li>\n<li>Derailleur traseiro, Shimano XTR M9050 Di2, Shadow Plus, caixa GS, 11 velocidades<\/li>\n<li>Suporte inferior, <span class=\"vtex-product-specifications-1-x-specificationValue vtex-product-specifications-1-x-specificationValue--first vtex-product-specifications-1-x-specificationValue--last\" data-specification-group=\"Transmisi\u00f3n\" data-specification-name=\"Pedalier\" data-specification-value=\"Praxis, carbono M30, custom offset\">Praxis, M30 carbono, deslocamento personalizado<\/span><\/li>\n<li>An\u00e9is de corrente, Praxis, 46D, 110BCD<\/li>\n<li>Pedais de Sujeira Specialized<\/li>\n<li>, Shimano XT, 11 velocidades, 11-42t<\/li>\n<li>Corrente, Shimano Dura-Ace<\/li>\n<li>Roda dianteira, Roval CLX 50 Disc carbon, tubeless-ready, Win Tunnel Engineered, 50 mm de profundidade, rolamentos CeramicSpeed, 21 raios<\/li>\n<li>Roda traseira, Roval CLX 50 Disc, carbono, sem tubo, Win Tunnel Engineered, 50 mm de profundidade, DT Swiss 240 interno, rolamentos CeramicSpeed,<\/li>\n<li>Pneu dianteiro, S-Works Turbo, 700x28mm<\/li>\n<li>Pneu traseiro, S-Works Turbo, 700x28mm<\/li>\n<li>C\u00e2maras, Presta Valve de 60 mm<\/li>\n<li>Motor eBike, Specialized SL 1.1, motor leve personalizado<\/li>\n<li>Bateria eBike, Specialized SL1-320, totalmente integrada, 320Wh<\/li>\n<li>Carregador eBike, Carregador personalizado, Sistema 48V c\/ ficha do carregador do sistema SL<\/li>\n<li>Ui\/Remote, Specialized , 10-LED Estado de carga, 3-LED Ride Mode display, ANT+\/Bluetooth\u00ae<\/li>\n<\/ul>\n<div class=\"vtex-flex-layout-0-x-flexRow vtex-flex-layout-0-x-flexRow--productSpecification\">\n<div class=\"flex mt0 mb0 pt0 pb0 justify-start vtex-flex-layout-0-x-flexRowContent vtex-flex-layout-0-x-flexRowContent--productSpecification items-stretch w-100\">\n<div class=\"pr0 items-stretch vtex-flex-layout-0-x-stretchChildrenWidth flex\">\n<div class=\"vtex-flex-layout-0-x-flexCol vtex-flex-layout-0-x-flexCol--productSpecificationName ml0 mr0 pl0 pr0 flex flex-column h-100 w-100\"><\/div>\n<\/div>\n<\/div>\n<\/div>\n<div class=\"vtex-flex-layout-0-x-flexRow vtex-flex-layout-0-x-flexRow--productSpecification\">\n<div class=\"flex mt0 mb0 pt0 pb0 justify-start vtex-flex-layout-0-x-flexRowContent vtex-flex-layout-0-x-flexRowContent--productSpecification items-stretch w-100\">\n<div class=\"pr0 items-stretch vtex-flex-layout-0-x-stretchChildrenWidth flex\">\n<div class=\"vtex-flex-layout-0-x-flexCol vtex-flex-layout-0-x-flexCol--productSpecificationValue ml0 mr0 pl0 pr0 flex flex-column h-100 w-100\">\n<div class=\"vtex-flex-layout-0-x-flexColChild vtex-flex-layout-0-x-flexColChild--productSpecificationValue pb0\"><\/div>\n<\/div>\n<\/div>\n<\/div>\n<\/div>\n<\/div>\n<\/div>\n<\/div>\n<\/div>\n<\/div>\n<\/div>\n<\/div>\n<\/div>\n<\/div>\n","protected":false},"excerpt":{"rendered":"<p>S-Works O Turbo Creo SL ir\u00e1 exceder as suas expectativas em rela\u00e7\u00e3o ao desempenho em e-road: \u00e9 leve, suave, capaz e at\u00e9 animado, tudo com o poder de suavizar montanhas, rir dos ventos contr\u00e1rios e ir mais longe do que pensava ser poss\u00edvel.<br \/>\n\u00c9 voc\u00ea, s\u00f3 que mais r\u00e1pido. <\/p>\n","protected":false},"featured_media":304129,"comment_status":"closed","ping_status":"closed","template":"","meta":{"_acf_changed":false,"_et_pb_use_builder":"","_et_pb_old_content":"","_et_gb_content_width":"","inline_featured_image":false},"product_brand":[],"product_cat":[2459,391,2460,3255],"product_tag":[],"class_list":{"0":"post-385040","1":"product","2":"type-product","3":"status-publish","4":"has-post-thumbnail","6":"product_cat-bicicletas-pt-pt-2","7":"product_cat-eletricas","8":"product_cat-ofertas-pt-pt","9":"product_cat-oferta-eletrica","10":"product_shipping_class-bicicletas-pt-pt","12":"first","13":"outofstock","14":"taxable","15":"shipping-taxable","16":"product-type-variable","17":"wvs-archive-product-wrapper"},"acf":[],"yoast_head":"<!-- This site is optimized with the Yoast SEO Premium plugin v26.7 (Yoast SEO v26.7) - https:\/\/yoast.com\/wordpress\/plugins\/seo\/ -->\n<title>Specialized Creo SL Sworks Carbono 2020 GR-100<\/title>\n<meta name=\"description\" content=\"S-Works O Turbo Creo SL 2020 ir\u00e1 exceder as suas expectativas de desempenho em e-road: \u00e9 leve, suave, capaz e at\u00e9 animado, tudo com o poder de suavizar montanhas.\" \/>\n<meta name=\"robots\" content=\"index, follow, max-snippet:-1, max-image-preview:large, max-video-preview:-1\" \/>\n<link rel=\"canonical\" href=\"https:\/\/gr-100.com\/pt-pt\/producto\/especializada-creo-sl-sworks-carbon-2020\/\" \/>\n<meta property=\"og:locale\" content=\"pt_PT\" \/>\n<meta property=\"og:type\" content=\"article\" \/>\n<meta property=\"og:title\" content=\"Specialized Creo SL Sworks Carbono 2020\" \/>\n<meta property=\"og:description\" content=\"S-Works O Turbo Creo SL 2020 ir\u00e1 exceder as suas expectativas de desempenho em e-road: \u00e9 leve, suave, capaz e at\u00e9 animado, tudo com o poder de suavizar montanhas.\" \/>\n<meta property=\"og:url\" content=\"https:\/\/gr-100.com\/pt-pt\/producto\/especializada-creo-sl-sworks-carbon-2020\/\" \/>\n<meta property=\"og:site_name\" content=\"Gr-100 Tienda de ciclismo Specialized\" \/>\n<meta property=\"article:publisher\" content=\"https:\/\/www.facebook.com\/Gr100Bikes\" \/>\n<meta property=\"article:modified_time\" content=\"2025-11-26T14:42:07+00:00\" \/>\n<meta property=\"og:image\" content=\"https:\/\/gr-100.com\/wp-content\/uploads\/2024\/05\/My-project-71.jpeg\" \/>\n\t<meta property=\"og:image:width\" content=\"1000\" \/>\n\t<meta property=\"og:image:height\" content=\"1000\" \/>\n\t<meta property=\"og:image:type\" content=\"image\/jpeg\" \/>\n<meta name=\"twitter:card\" content=\"summary_large_image\" \/>\n<meta name=\"twitter:label1\" content=\"Tempo estimado de leitura\" \/>\n\t<meta name=\"twitter:data1\" content=\"1 minuto\" \/>\n<script type=\"application\/ld+json\" class=\"yoast-schema-graph\">{\"@context\":\"https:\/\/schema.org\",\"@graph\":[{\"@type\":\"WebPage\",\"@id\":\"https:\/\/gr-100.com\/pt-pt\/producto\/especializada-creo-sl-sworks-carbon-2020\/\",\"url\":\"https:\/\/gr-100.com\/pt-pt\/producto\/especializada-creo-sl-sworks-carbon-2020\/\",\"name\":\"Specialized Creo SL Sworks Carbono 2020 GR-100\",\"isPartOf\":{\"@id\":\"https:\/\/gr-100.com\/#website\"},\"primaryImageOfPage\":{\"@id\":\"https:\/\/gr-100.com\/pt-pt\/producto\/especializada-creo-sl-sworks-carbon-2020\/#primaryimage\"},\"image\":{\"@id\":\"https:\/\/gr-100.com\/pt-pt\/producto\/especializada-creo-sl-sworks-carbon-2020\/#primaryimage\"},\"thumbnailUrl\":\"https:\/\/gr-100.com\/wp-content\/uploads\/2024\/05\/My-project-71.jpeg\",\"datePublished\":\"2024-07-01T11:43:00+00:00\",\"dateModified\":\"2025-11-26T14:42:07+00:00\",\"description\":\"S-Works O Turbo Creo SL 2020 ir\u00e1 exceder as suas expectativas de desempenho em e-road: \u00e9 leve, suave, capaz e at\u00e9 animado, tudo com o poder de suavizar montanhas.\",\"breadcrumb\":{\"@id\":\"https:\/\/gr-100.com\/pt-pt\/producto\/especializada-creo-sl-sworks-carbon-2020\/#breadcrumb\"},\"inLanguage\":\"pt-PT\",\"potentialAction\":[{\"@type\":\"ReadAction\",\"target\":[\"https:\/\/gr-100.com\/pt-pt\/producto\/especializada-creo-sl-sworks-carbon-2020\/\"]}]},{\"@type\":\"ImageObject\",\"inLanguage\":\"pt-PT\",\"@id\":\"https:\/\/gr-100.com\/pt-pt\/producto\/especializada-creo-sl-sworks-carbon-2020\/#primaryimage\",\"url\":\"https:\/\/gr-100.com\/wp-content\/uploads\/2024\/05\/My-project-71.jpeg\",\"contentUrl\":\"https:\/\/gr-100.com\/wp-content\/uploads\/2024\/05\/My-project-71.jpeg\",\"width\":1000,\"height\":1000},{\"@type\":\"BreadcrumbList\",\"@id\":\"https:\/\/gr-100.com\/pt-pt\/producto\/especializada-creo-sl-sworks-carbon-2020\/#breadcrumb\",\"itemListElement\":[{\"@type\":\"ListItem\",\"position\":1,\"name\":\"Portada\",\"item\":\"https:\/\/gr-100.com\/en\/\"},{\"@type\":\"ListItem\",\"position\":2,\"name\":\"Productos\",\"item\":\"https:\/\/gr-100.com\/?post_type=product\"},{\"@type\":\"ListItem\",\"position\":3,\"name\":\"Specialized Creo SL Sworks Carbono 2020\"}]},{\"@type\":\"WebSite\",\"@id\":\"https:\/\/gr-100.com\/#website\",\"url\":\"https:\/\/gr-100.com\/\",\"name\":\"Gr-100 Tienda de ciclismo Specialized\",\"description\":\"GR-100 tenemos todas las gamas de bicicletas Specialized al mejor precio.\",\"publisher\":{\"@id\":\"https:\/\/gr-100.com\/#organization\"},\"alternateName\":\"Gr-100 Bikes\",\"potentialAction\":[{\"@type\":\"SearchAction\",\"target\":{\"@type\":\"EntryPoint\",\"urlTemplate\":\"https:\/\/gr-100.com\/?s={search_term_string}\"},\"query-input\":{\"@type\":\"PropertyValueSpecification\",\"valueRequired\":true,\"valueName\":\"search_term_string\"}}],\"inLanguage\":\"pt-PT\"},{\"@type\":\"Organization\",\"@id\":\"https:\/\/gr-100.com\/#organization\",\"name\":\"Gr-100\",\"url\":\"https:\/\/gr-100.com\/\",\"logo\":{\"@type\":\"ImageObject\",\"inLanguage\":\"pt-PT\",\"@id\":\"https:\/\/gr-100.com\/#\/schema\/logo\/image\/\",\"url\":\"https:\/\/gr-100.com\/wp-content\/uploads\/2023\/08\/logo-gr-100-bikes.png\",\"contentUrl\":\"https:\/\/gr-100.com\/wp-content\/uploads\/2023\/08\/logo-gr-100-bikes.png\",\"width\":707,\"height\":284,\"caption\":\"Gr-100\"},\"image\":{\"@id\":\"https:\/\/gr-100.com\/#\/schema\/logo\/image\/\"},\"sameAs\":[\"https:\/\/www.facebook.com\/Gr100Bikes\",\"https:\/\/www.instagram.com\/gr100bikes\/\",\"https:\/\/www.tiktok.com\/@gr100bikes\",\"https:\/\/twitter.com\/gr100mtbteam\",\"https:\/\/www.youtube.com\/c\/GR100Specialized\"]}]}<\/script>\n<!-- \/ Yoast SEO Premium plugin. -->","yoast_head_json":{"title":"Specialized Creo SL Sworks Carbono 2020 GR-100","description":"S-Works O Turbo Creo SL 2020 ir\u00e1 exceder as suas expectativas de desempenho em e-road: \u00e9 leve, suave, capaz e at\u00e9 animado, tudo com o poder de suavizar montanhas.","robots":{"index":"index","follow":"follow","max-snippet":"max-snippet:-1","max-image-preview":"max-image-preview:large","max-video-preview":"max-video-preview:-1"},"canonical":"https:\/\/gr-100.com\/pt-pt\/producto\/especializada-creo-sl-sworks-carbon-2020\/","og_locale":"pt_PT","og_type":"article","og_title":"Specialized Creo SL Sworks Carbono 2020","og_description":"S-Works O Turbo Creo SL 2020 ir\u00e1 exceder as suas expectativas de desempenho em e-road: \u00e9 leve, suave, capaz e at\u00e9 animado, tudo com o poder de suavizar montanhas.","og_url":"https:\/\/gr-100.com\/pt-pt\/producto\/especializada-creo-sl-sworks-carbon-2020\/","og_site_name":"Gr-100 Tienda de ciclismo Specialized","article_publisher":"https:\/\/www.facebook.com\/Gr100Bikes","article_modified_time":"2025-11-26T14:42:07+00:00","og_image":[{"width":1000,"height":1000,"url":"https:\/\/gr-100.com\/wp-content\/uploads\/2024\/05\/My-project-71.jpeg","type":"image\/jpeg"}],"twitter_card":"summary_large_image","twitter_misc":{"Tempo estimado de leitura":"1 minuto"},"schema":{"@context":"https:\/\/schema.org","@graph":[{"@type":"WebPage","@id":"https:\/\/gr-100.com\/pt-pt\/producto\/especializada-creo-sl-sworks-carbon-2020\/","url":"https:\/\/gr-100.com\/pt-pt\/producto\/especializada-creo-sl-sworks-carbon-2020\/","name":"Specialized Creo SL Sworks Carbono 2020 GR-100","isPartOf":{"@id":"https:\/\/gr-100.com\/#website"},"primaryImageOfPage":{"@id":"https:\/\/gr-100.com\/pt-pt\/producto\/especializada-creo-sl-sworks-carbon-2020\/#primaryimage"},"image":{"@id":"https:\/\/gr-100.com\/pt-pt\/producto\/especializada-creo-sl-sworks-carbon-2020\/#primaryimage"},"thumbnailUrl":"https:\/\/gr-100.com\/wp-content\/uploads\/2024\/05\/My-project-71.jpeg","datePublished":"2024-07-01T11:43:00+00:00","dateModified":"2025-11-26T14:42:07+00:00","description":"S-Works O Turbo Creo SL 2020 ir\u00e1 exceder as suas expectativas de desempenho em e-road: \u00e9 leve, suave, capaz e at\u00e9 animado, tudo com o poder de suavizar montanhas.","breadcrumb":{"@id":"https:\/\/gr-100.com\/pt-pt\/producto\/especializada-creo-sl-sworks-carbon-2020\/#breadcrumb"},"inLanguage":"pt-PT","potentialAction":[{"@type":"ReadAction","target":["https:\/\/gr-100.com\/pt-pt\/producto\/especializada-creo-sl-sworks-carbon-2020\/"]}]},{"@type":"ImageObject","inLanguage":"pt-PT","@id":"https:\/\/gr-100.com\/pt-pt\/producto\/especializada-creo-sl-sworks-carbon-2020\/#primaryimage","url":"https:\/\/gr-100.com\/wp-content\/uploads\/2024\/05\/My-project-71.jpeg","contentUrl":"https:\/\/gr-100.com\/wp-content\/uploads\/2024\/05\/My-project-71.jpeg","width":1000,"height":1000},{"@type":"BreadcrumbList","@id":"https:\/\/gr-100.com\/pt-pt\/producto\/especializada-creo-sl-sworks-carbon-2020\/#breadcrumb","itemListElement":[{"@type":"ListItem","position":1,"name":"Portada","item":"https:\/\/gr-100.com\/en\/"},{"@type":"ListItem","position":2,"name":"Productos","item":"https:\/\/gr-100.com\/?post_type=product"},{"@type":"ListItem","position":3,"name":"Specialized Creo SL Sworks Carbono 2020"}]},{"@type":"WebSite","@id":"https:\/\/gr-100.com\/#website","url":"https:\/\/gr-100.com\/","name":"Gr-100 Tienda de ciclismo Specialized","description":"GR-100 tenemos todas las gamas de bicicletas Specialized al mejor precio.","publisher":{"@id":"https:\/\/gr-100.com\/#organization"},"alternateName":"Gr-100 Bikes","potentialAction":[{"@type":"SearchAction","target":{"@type":"EntryPoint","urlTemplate":"https:\/\/gr-100.com\/?s={search_term_string}"},"query-input":{"@type":"PropertyValueSpecification","valueRequired":true,"valueName":"search_term_string"}}],"inLanguage":"pt-PT"},{"@type":"Organization","@id":"https:\/\/gr-100.com\/#organization","name":"Gr-100","url":"https:\/\/gr-100.com\/","logo":{"@type":"ImageObject","inLanguage":"pt-PT","@id":"https:\/\/gr-100.com\/#\/schema\/logo\/image\/","url":"https:\/\/gr-100.com\/wp-content\/uploads\/2023\/08\/logo-gr-100-bikes.png","contentUrl":"https:\/\/gr-100.com\/wp-content\/uploads\/2023\/08\/logo-gr-100-bikes.png","width":707,"height":284,"caption":"Gr-100"},"image":{"@id":"https:\/\/gr-100.com\/#\/schema\/logo\/image\/"},"sameAs":["https:\/\/www.facebook.com\/Gr100Bikes","https:\/\/www.instagram.com\/gr100bikes\/","https:\/\/www.tiktok.com\/@gr100bikes","https:\/\/twitter.com\/gr100mtbteam","https:\/\/www.youtube.com\/c\/GR100Specialized"]}]}},"_links":{"self":[{"href":"https:\/\/gr-100.com\/pt-pt\/wp-json\/wp\/v2\/product\/385040","targetHints":{"allow":["GET"]}}],"collection":[{"href":"https:\/\/gr-100.com\/pt-pt\/wp-json\/wp\/v2\/product"}],"about":[{"href":"https:\/\/gr-100.com\/pt-pt\/wp-json\/wp\/v2\/types\/product"}],"replies":[{"embeddable":true,"href":"https:\/\/gr-100.com\/pt-pt\/wp-json\/wp\/v2\/comments?post=385040"}],"wp:featuredmedia":[{"embeddable":true,"href":"https:\/\/gr-100.com\/pt-pt\/wp-json\/wp\/v2\/media\/304129"}],"wp:attachment":[{"href":"https:\/\/gr-100.com\/pt-pt\/wp-json\/wp\/v2\/media?parent=385040"}],"wp:term":[{"taxonomy":"product_brand","embeddable":true,"href":"https:\/\/gr-100.com\/pt-pt\/wp-json\/wp\/v2\/product_brand?post=385040"},{"taxonomy":"product_cat","embeddable":true,"href":"https:\/\/gr-100.com\/pt-pt\/wp-json\/wp\/v2\/product_cat?post=385040"},{"taxonomy":"product_tag","embeddable":true,"href":"https:\/\/gr-100.com\/pt-pt\/wp-json\/wp\/v2\/product_tag?post=385040"}],"curies":[{"name":"wp","href":"https:\/\/api.w.org\/{rel}","templated":true}]}}