{"id":385071,"date":"2024-07-01T13:39:20","date_gmt":"2024-07-01T12:39:20","guid":{"rendered":"https:\/\/gr-100.com\/producto\/especializado-turbo-tero-3-0-2023\/"},"modified":"2025-12-18T16:46:20","modified_gmt":"2025-12-18T14:46:20","slug":"especializado-turbo-tero-3-0-2023","status":"publish","type":"product","link":"https:\/\/gr-100.com\/pt-pt\/producto\/especializado-turbo-tero-3-0-2023\/","title":{"rendered":"Specialized Turbo Tero 3.0 2023"},"content":{"rendered":"<ul>\n<li>E5 FRAME Alum\u00ednio, suporte inferior do motor, bateria downtube totalmente integrada e bloque\u00e1vel, roteamento de cabos internos, bloqueio e montagem em rack frontal<\/li>\n<li>SR Suntour XCM32 FORK, 110mm de curso, bloqueio<\/li>\n<li>ABRA\u00c7O.<br \/>\nLiga SADDLE, tipo parafuso, 34.9mm <\/li>\n<li>Liga forjada STEM Stout 3D, 31,8 mm, aumento de 6 graus<\/li>\n<li>Specialized Trail, liga 6061, backsweep de 8 graus, upsweep de 6 graus, eleva\u00e7\u00e3o de 27mm, bra\u00e7adeira de 31,8mm, S 720mm, M-XL 750mm<\/li>\n<li>Specialized, Lock-on<\/li>\n<li>Rivo Sport SADDLE, calhas de a\u00e7o, 155mm<\/li>\n<li>Specialized, liga 6061, bra\u00e7adeira de 2 parafusos, recuo de 0mm, 30,9mm<\/li>\n<li>Shimano BR-MT200, disco hidr\u00e1ulico, 180mm<\/li>\n<li>Shimano BR-MT200 REAR BRAKKE, disco hidr\u00e1ulico, 180mm<\/li>\n<li>Shimano Alivio derailleur traseiro, SGS, 9 velocidades<\/li>\n<li>Shimano Alivio Shifter, 9 velocidades com visor \u00f3tico de engrenagens<\/li>\n<li>Shimano CS-HG400 CASSETTE, 9 velocidades, 11-36t<\/li>\n<li>KMC e9T CHAIN, 9 velocidades c\/ Missing Link\u2122<\/li>\n<li>Manivelas forjadas em liga personalizada<\/li>\n<li>AN\u00c9IS PRAXIS, 36T, 104BCD<\/li>\n<li>PEDALES Specialized<\/li>\n<li>Sino simples HOOD<\/li>\n<li>Stout XC 29 RIMS, largura interna de 25mm, espec\u00edfico do disco<\/li>\n<li>Shimano MT400 CUBO FRONTAL, Centerlock, 15x100mm, 32h<\/li>\n<li>CUBO TRASEIRO Shimano MT400-B, Centerlock, 12&#215;148 Boost, 32h<\/li>\n<li>R\u00c1DIOS DT Ind\u00fastria Su\u00ed\u00e7a<\/li>\n<li>Controlo de terra Pneu DIANTEIRO, 2Bliss Ready, 29&#215;2.35&#8243;<\/li>\n<li>Pneu traseiro de controlo de terra, 2Bliss Ready, 29&#215;2.35&#8243;<\/li>\n<li>Presta CAMERAS, v\u00e1lvula de 48mm<\/li>\n<li>Specialized, torque de 50Nm, motor ajustado personalizado, classifica\u00e7\u00e3o de 250W<\/li>\n<li>UI \/ REMOTE MasterMind TCD, w \/ guid\u00e3o remoto, built-in recurso antirroubo, conectividade Bluetooth\u00ae, p\u00e1ginas de exibi\u00e7\u00e3o personaliz\u00e1veis<\/li>\n<li>Specialized U2-530, inv\u00f3lucro de liga, display de estado de carga, 530Wh<\/li>\n<li>Carregador personalizado, 42V4A c\/ ficha Rosenberger, 230V<\/li>\n<li>CABLAGEM Chicote de arame personalizado<\/li>\n<\/ul>\n","protected":false},"excerpt":{"rendered":"<p>A nova Turbo Tero \u00e9 uma bicicleta de montanha el\u00e9trica equipada para os seus percursos di\u00e1rios. Uma bicicleta de turismo que voc\u00ea pode levar com voc\u00ea para suas trilhas favoritas. Uma bicicleta de turismo com a qual voc\u00ea pode transportar carga. Tudo o que voc\u00ea precisa para ir onde voc\u00ea quer ir   <\/p>\n","protected":false},"featured_media":378508,"comment_status":"closed","ping_status":"closed","template":"","meta":{"_acf_changed":false,"_et_pb_use_builder":"","_et_pb_old_content":"","_et_gb_content_width":"","inline_featured_image":false},"product_brand":[],"product_cat":[4353,2459,5284,391,5280,5263,5282,5260,5283,5281,2483,2696],"product_tag":[],"class_list":{"0":"post-385071","1":"product","2":"type-product","3":"status-publish","4":"has-post-thumbnail","6":"product_cat-liquidacion-specialized","7":"product_cat-bicicletas-pt-pt-2","8":"product_cat-bicicletas-urbanas-pt-pt","9":"product_cat-eletricas","10":"product_cat-bicicletas-electricas-aluminio-pt-pt","11":"product_cat-bicicletas-de-montanha-electricas","12":"product_cat-bicicletas-electricas-paseo-pt-pt","13":"product_cat-bicicletas-electricas-specialized-pt-pt","14":"product_cat-bicicletas-electricas-trekking-pt-pt","15":"product_cat-bicicletas-electricas-urbanas-pt-pt","16":"product_cat-bicicletas-especializadas","17":"product_cat-ofertas-especializadas","18":"product_shipping_class-bicicletas-pt-pt","20":"first","21":"outofstock","22":"sale","23":"taxable","24":"shipping-taxable","25":"purchasable","26":"product-type-variable","27":"wvs-archive-product-wrapper"},"acf":[],"yoast_head":"<!-- This site is optimized with the Yoast SEO Premium plugin v26.7 (Yoast SEO v26.7) - https:\/\/yoast.com\/wordpress\/plugins\/seo\/ -->\n<title>Specialized Turbo Tero 3.0 2023 GR-100<\/title>\n<meta name=\"description\" content=\"A nova Turbo Tero 2023 \u00e9 uma bicicleta de montanha el\u00e9trica equipada para os seus percursos di\u00e1rios.\" \/>\n<meta name=\"robots\" content=\"index, follow, max-snippet:-1, max-image-preview:large, max-video-preview:-1\" \/>\n<link rel=\"canonical\" href=\"https:\/\/gr-100.com\/pt-pt\/producto\/especializado-turbo-tero-3-0-2023\/\" \/>\n<meta property=\"og:locale\" content=\"pt_PT\" \/>\n<meta property=\"og:type\" content=\"article\" \/>\n<meta property=\"og:title\" content=\"Specialized Turbo Tero 3.0 2023\" \/>\n<meta property=\"og:description\" content=\"A nova Turbo Tero 2023 \u00e9 uma bicicleta de montanha el\u00e9trica equipada para os seus percursos di\u00e1rios.\" \/>\n<meta property=\"og:url\" content=\"https:\/\/gr-100.com\/pt-pt\/producto\/especializado-turbo-tero-3-0-2023\/\" \/>\n<meta property=\"og:site_name\" content=\"Gr-100 Tienda de ciclismo Specialized\" \/>\n<meta property=\"article:publisher\" content=\"https:\/\/www.facebook.com\/Gr100Bikes\" \/>\n<meta property=\"article:modified_time\" content=\"2025-12-18T14:46:20+00:00\" \/>\n<meta property=\"og:image\" content=\"https:\/\/gr-100.com\/wp-content\/uploads\/2024\/07\/Turbo-Tero-3.0-White-Mountains.jpg\" \/>\n\t<meta property=\"og:image:width\" content=\"1000\" \/>\n\t<meta property=\"og:image:height\" content=\"1000\" \/>\n\t<meta property=\"og:image:type\" content=\"image\/jpeg\" \/>\n<meta name=\"twitter:card\" content=\"summary_large_image\" \/>\n<meta name=\"twitter:label1\" content=\"Tempo estimado de leitura\" \/>\n\t<meta name=\"twitter:data1\" content=\"1 minuto\" \/>\n<script type=\"application\/ld+json\" class=\"yoast-schema-graph\">{\"@context\":\"https:\/\/schema.org\",\"@graph\":[{\"@type\":\"WebPage\",\"@id\":\"https:\/\/gr-100.com\/pt-pt\/producto\/especializado-turbo-tero-3-0-2023\/\",\"url\":\"https:\/\/gr-100.com\/pt-pt\/producto\/especializado-turbo-tero-3-0-2023\/\",\"name\":\"Specialized Turbo Tero 3.0 2023 GR-100\",\"isPartOf\":{\"@id\":\"https:\/\/gr-100.com\/#website\"},\"primaryImageOfPage\":{\"@id\":\"https:\/\/gr-100.com\/pt-pt\/producto\/especializado-turbo-tero-3-0-2023\/#primaryimage\"},\"image\":{\"@id\":\"https:\/\/gr-100.com\/pt-pt\/producto\/especializado-turbo-tero-3-0-2023\/#primaryimage\"},\"thumbnailUrl\":\"https:\/\/gr-100.com\/wp-content\/uploads\/2024\/07\/Turbo-Tero-3.0-White-Mountains.jpg\",\"datePublished\":\"2024-07-01T12:39:20+00:00\",\"dateModified\":\"2025-12-18T14:46:20+00:00\",\"description\":\"A nova Turbo Tero 2023 \u00e9 uma bicicleta de montanha el\u00e9trica equipada para os seus percursos di\u00e1rios.\",\"breadcrumb\":{\"@id\":\"https:\/\/gr-100.com\/pt-pt\/producto\/especializado-turbo-tero-3-0-2023\/#breadcrumb\"},\"inLanguage\":\"pt-PT\",\"potentialAction\":[{\"@type\":\"ReadAction\",\"target\":[\"https:\/\/gr-100.com\/pt-pt\/producto\/especializado-turbo-tero-3-0-2023\/\"]}]},{\"@type\":\"ImageObject\",\"inLanguage\":\"pt-PT\",\"@id\":\"https:\/\/gr-100.com\/pt-pt\/producto\/especializado-turbo-tero-3-0-2023\/#primaryimage\",\"url\":\"https:\/\/gr-100.com\/wp-content\/uploads\/2024\/07\/Turbo-Tero-3.0-White-Mountains.jpg\",\"contentUrl\":\"https:\/\/gr-100.com\/wp-content\/uploads\/2024\/07\/Turbo-Tero-3.0-White-Mountains.jpg\",\"width\":1000,\"height\":1000},{\"@type\":\"BreadcrumbList\",\"@id\":\"https:\/\/gr-100.com\/pt-pt\/producto\/especializado-turbo-tero-3-0-2023\/#breadcrumb\",\"itemListElement\":[{\"@type\":\"ListItem\",\"position\":1,\"name\":\"Portada\",\"item\":\"https:\/\/gr-100.com\/en\/\"},{\"@type\":\"ListItem\",\"position\":2,\"name\":\"Productos\",\"item\":\"https:\/\/gr-100.com\/?post_type=product\"},{\"@type\":\"ListItem\",\"position\":3,\"name\":\"Specialized Turbo Tero 3.0 2023\"}]},{\"@type\":\"WebSite\",\"@id\":\"https:\/\/gr-100.com\/#website\",\"url\":\"https:\/\/gr-100.com\/\",\"name\":\"Gr-100 Tienda de ciclismo Specialized\",\"description\":\"GR-100 tenemos todas las gamas de bicicletas Specialized al mejor precio.\",\"publisher\":{\"@id\":\"https:\/\/gr-100.com\/#organization\"},\"alternateName\":\"Gr-100 Bikes\",\"potentialAction\":[{\"@type\":\"SearchAction\",\"target\":{\"@type\":\"EntryPoint\",\"urlTemplate\":\"https:\/\/gr-100.com\/?s={search_term_string}\"},\"query-input\":{\"@type\":\"PropertyValueSpecification\",\"valueRequired\":true,\"valueName\":\"search_term_string\"}}],\"inLanguage\":\"pt-PT\"},{\"@type\":\"Organization\",\"@id\":\"https:\/\/gr-100.com\/#organization\",\"name\":\"Gr-100\",\"url\":\"https:\/\/gr-100.com\/\",\"logo\":{\"@type\":\"ImageObject\",\"inLanguage\":\"pt-PT\",\"@id\":\"https:\/\/gr-100.com\/#\/schema\/logo\/image\/\",\"url\":\"https:\/\/gr-100.com\/wp-content\/uploads\/2023\/08\/logo-gr-100-bikes.png\",\"contentUrl\":\"https:\/\/gr-100.com\/wp-content\/uploads\/2023\/08\/logo-gr-100-bikes.png\",\"width\":707,\"height\":284,\"caption\":\"Gr-100\"},\"image\":{\"@id\":\"https:\/\/gr-100.com\/#\/schema\/logo\/image\/\"},\"sameAs\":[\"https:\/\/www.facebook.com\/Gr100Bikes\",\"https:\/\/www.instagram.com\/gr100bikes\/\",\"https:\/\/www.tiktok.com\/@gr100bikes\",\"https:\/\/twitter.com\/gr100mtbteam\",\"https:\/\/www.youtube.com\/c\/GR100Specialized\"]}]}<\/script>\n<!-- \/ Yoast SEO Premium plugin. -->","yoast_head_json":{"title":"Specialized Turbo Tero 3.0 2023 GR-100","description":"A nova Turbo Tero 2023 \u00e9 uma bicicleta de montanha el\u00e9trica equipada para os seus percursos di\u00e1rios.","robots":{"index":"index","follow":"follow","max-snippet":"max-snippet:-1","max-image-preview":"max-image-preview:large","max-video-preview":"max-video-preview:-1"},"canonical":"https:\/\/gr-100.com\/pt-pt\/producto\/especializado-turbo-tero-3-0-2023\/","og_locale":"pt_PT","og_type":"article","og_title":"Specialized Turbo Tero 3.0 2023","og_description":"A nova Turbo Tero 2023 \u00e9 uma bicicleta de montanha el\u00e9trica equipada para os seus percursos di\u00e1rios.","og_url":"https:\/\/gr-100.com\/pt-pt\/producto\/especializado-turbo-tero-3-0-2023\/","og_site_name":"Gr-100 Tienda de ciclismo Specialized","article_publisher":"https:\/\/www.facebook.com\/Gr100Bikes","article_modified_time":"2025-12-18T14:46:20+00:00","og_image":[{"width":1000,"height":1000,"url":"https:\/\/gr-100.com\/wp-content\/uploads\/2024\/07\/Turbo-Tero-3.0-White-Mountains.jpg","type":"image\/jpeg"}],"twitter_card":"summary_large_image","twitter_misc":{"Tempo estimado de leitura":"1 minuto"},"schema":{"@context":"https:\/\/schema.org","@graph":[{"@type":"WebPage","@id":"https:\/\/gr-100.com\/pt-pt\/producto\/especializado-turbo-tero-3-0-2023\/","url":"https:\/\/gr-100.com\/pt-pt\/producto\/especializado-turbo-tero-3-0-2023\/","name":"Specialized Turbo Tero 3.0 2023 GR-100","isPartOf":{"@id":"https:\/\/gr-100.com\/#website"},"primaryImageOfPage":{"@id":"https:\/\/gr-100.com\/pt-pt\/producto\/especializado-turbo-tero-3-0-2023\/#primaryimage"},"image":{"@id":"https:\/\/gr-100.com\/pt-pt\/producto\/especializado-turbo-tero-3-0-2023\/#primaryimage"},"thumbnailUrl":"https:\/\/gr-100.com\/wp-content\/uploads\/2024\/07\/Turbo-Tero-3.0-White-Mountains.jpg","datePublished":"2024-07-01T12:39:20+00:00","dateModified":"2025-12-18T14:46:20+00:00","description":"A nova Turbo Tero 2023 \u00e9 uma bicicleta de montanha el\u00e9trica equipada para os seus percursos di\u00e1rios.","breadcrumb":{"@id":"https:\/\/gr-100.com\/pt-pt\/producto\/especializado-turbo-tero-3-0-2023\/#breadcrumb"},"inLanguage":"pt-PT","potentialAction":[{"@type":"ReadAction","target":["https:\/\/gr-100.com\/pt-pt\/producto\/especializado-turbo-tero-3-0-2023\/"]}]},{"@type":"ImageObject","inLanguage":"pt-PT","@id":"https:\/\/gr-100.com\/pt-pt\/producto\/especializado-turbo-tero-3-0-2023\/#primaryimage","url":"https:\/\/gr-100.com\/wp-content\/uploads\/2024\/07\/Turbo-Tero-3.0-White-Mountains.jpg","contentUrl":"https:\/\/gr-100.com\/wp-content\/uploads\/2024\/07\/Turbo-Tero-3.0-White-Mountains.jpg","width":1000,"height":1000},{"@type":"BreadcrumbList","@id":"https:\/\/gr-100.com\/pt-pt\/producto\/especializado-turbo-tero-3-0-2023\/#breadcrumb","itemListElement":[{"@type":"ListItem","position":1,"name":"Portada","item":"https:\/\/gr-100.com\/en\/"},{"@type":"ListItem","position":2,"name":"Productos","item":"https:\/\/gr-100.com\/?post_type=product"},{"@type":"ListItem","position":3,"name":"Specialized Turbo Tero 3.0 2023"}]},{"@type":"WebSite","@id":"https:\/\/gr-100.com\/#website","url":"https:\/\/gr-100.com\/","name":"Gr-100 Tienda de ciclismo Specialized","description":"GR-100 tenemos todas las gamas de bicicletas Specialized al mejor precio.","publisher":{"@id":"https:\/\/gr-100.com\/#organization"},"alternateName":"Gr-100 Bikes","potentialAction":[{"@type":"SearchAction","target":{"@type":"EntryPoint","urlTemplate":"https:\/\/gr-100.com\/?s={search_term_string}"},"query-input":{"@type":"PropertyValueSpecification","valueRequired":true,"valueName":"search_term_string"}}],"inLanguage":"pt-PT"},{"@type":"Organization","@id":"https:\/\/gr-100.com\/#organization","name":"Gr-100","url":"https:\/\/gr-100.com\/","logo":{"@type":"ImageObject","inLanguage":"pt-PT","@id":"https:\/\/gr-100.com\/#\/schema\/logo\/image\/","url":"https:\/\/gr-100.com\/wp-content\/uploads\/2023\/08\/logo-gr-100-bikes.png","contentUrl":"https:\/\/gr-100.com\/wp-content\/uploads\/2023\/08\/logo-gr-100-bikes.png","width":707,"height":284,"caption":"Gr-100"},"image":{"@id":"https:\/\/gr-100.com\/#\/schema\/logo\/image\/"},"sameAs":["https:\/\/www.facebook.com\/Gr100Bikes","https:\/\/www.instagram.com\/gr100bikes\/","https:\/\/www.tiktok.com\/@gr100bikes","https:\/\/twitter.com\/gr100mtbteam","https:\/\/www.youtube.com\/c\/GR100Specialized"]}]}},"_links":{"self":[{"href":"https:\/\/gr-100.com\/pt-pt\/wp-json\/wp\/v2\/product\/385071","targetHints":{"allow":["GET"]}}],"collection":[{"href":"https:\/\/gr-100.com\/pt-pt\/wp-json\/wp\/v2\/product"}],"about":[{"href":"https:\/\/gr-100.com\/pt-pt\/wp-json\/wp\/v2\/types\/product"}],"replies":[{"embeddable":true,"href":"https:\/\/gr-100.com\/pt-pt\/wp-json\/wp\/v2\/comments?post=385071"}],"wp:featuredmedia":[{"embeddable":true,"href":"https:\/\/gr-100.com\/pt-pt\/wp-json\/wp\/v2\/media\/378508"}],"wp:attachment":[{"href":"https:\/\/gr-100.com\/pt-pt\/wp-json\/wp\/v2\/media?parent=385071"}],"wp:term":[{"taxonomy":"product_brand","embeddable":true,"href":"https:\/\/gr-100.com\/pt-pt\/wp-json\/wp\/v2\/product_brand?post=385071"},{"taxonomy":"product_cat","embeddable":true,"href":"https:\/\/gr-100.com\/pt-pt\/wp-json\/wp\/v2\/product_cat?post=385071"},{"taxonomy":"product_tag","embeddable":true,"href":"https:\/\/gr-100.com\/pt-pt\/wp-json\/wp\/v2\/product_tag?post=385071"}],"curies":[{"name":"wp","href":"https:\/\/api.w.org\/{rel}","templated":true}]}}