{"id":385167,"date":"2024-07-01T13:19:37","date_gmt":"2024-07-01T11:19:37","guid":{"rendered":"https:\/\/gr-100.com\/producto\/levo-pro-carbono-especializado-2023\/"},"modified":"2025-12-18T16:41:08","modified_gmt":"2025-12-18T14:41:08","slug":"levo-pro-carbono-especializado-2023","status":"publish","type":"product","link":"https:\/\/gr-100.com\/pt-pt\/producto\/levo-pro-carbono-especializado-2023\/","title":{"rendered":"Specialized Levo PRO Carbono 2023"},"content":{"rendered":"<ul>\n<li><strong>Carater\u00edsticas:  <\/strong><\/li>\n<li>O motor Full Power 2.2 Turbo totalmente integrado da Levo, a bateria de 700 Wh e a unidade de controlo avan\u00e7ada MasterMind Turbo proporcionam 90 Nm de bin\u00e1rio e 565 watts de pot\u00eancia para at\u00e9 cinco horas de viagem, permitindo-lhe viajar mais longe e mais r\u00e1pido do que nunca.<\/li>\n<li>A unidade de controlo Turbo MasterMind \u00e9 o seu centro de informa\u00e7\u00f5es com campos de visualiza\u00e7\u00e3o personaliz\u00e1veis, incluindo a percentagem exata do n\u00edvel da bateria, e apresenta a nossa nova funcionalidade MicroTune para ajustar a entrega de energia em incrementos de 10%, para que obtenha exatamente a assist\u00eancia de que necessita para experimentar exatamente a condu\u00e7\u00e3o que pretende.<\/li>\n<li>Um design exclusivo &#8220;Mullet&#8221; com roda de 27,5&#8243; na traseira e 29&#8243; na dianteira oferece uma condu\u00e7\u00e3o \u00e1gil contra outros MTB.<br \/>\nO espa\u00e7oso cockpit foca-o na moto, otimizando a tra\u00e7\u00e3o e o controlo em curva.<br \/>\nO suporte inferior baixo, o \u00e2ngulo relaxado do tubo principal e o corte reduzido do garfo mant\u00eam a estabilidade em terrenos dif\u00edceis.  <\/li>\n<li>O Levo oferece seis configura\u00e7\u00f5es de geometria diferentes, permitindo-lhe melhorar facilmente o seu desempenho para qualquer estilo e tipo de terreno.<br \/>\nO \u00e2ngulo da cabe\u00e7a pode ser ajustado entre 63 e 65,5 graus.<br \/>\nA altura do suporte inferior tamb\u00e9m pode ser ajustada para cima ou para baixo em 7mm  <\/li>\n<li>O curso traseiro de 150 mm do Levo \u00e9 flex\u00edvel em pequenos solavancos, devorando impactos em grandes cortes sem choques, comendo sa\u00eddas de canto no caf\u00e9 da manh\u00e3, mas ao mesmo tempo oferecendo uma resposta incr\u00edvel do pedal e entregando sua pot\u00eancia ao solo com total efici\u00eancia<\/li>\n<li>O S-Sizing do Levo baseia-se no que importa: tamanho e estilo do piloto.<br \/>\nSeis tamanhos, todos com comprimentos de tubo de cabe\u00e7a semelhantes, permitem-lhe escolher o tamanho que melhor se adapta ao seu estilo individual.<br \/>\nOs pequenos n\u00fameros S ser\u00e3o \u00e1geis e reativos, enquanto os grandes n\u00fameros S oferecem mais estabilidade e uma condu\u00e7\u00e3o mais cheia de espa\u00e7o.  <\/li>\n<li>FACT FRAME<br \/>\n11m full carbon, roda dianteira de 29&#8243;, roda traseira de 27,5&#8243;, roteamento de cabo interno completo, espa\u00e7amento de 148mm, rolamentos de cartucho totalmente selados, 150mm de curso, tubo de cabe\u00e7a de ajuste geogr\u00e1fico, piv\u00f4 horst de ajuste geogr\u00e1fico<\/li>\n<li>Fox 38 Factory FORK<br \/>\n, Amortecedor Grip 2, curso de 29&#8243;, 160mm, Kashima, deslocamento de 44mm<\/li>\n<li>Fox Float X2 F\u00e1brica AMORTECEDOR,<br \/>\n Kashima, 210x55mm<\/li>\n<li>SRAM<br \/>\nCode Silver Stealth BRAKES, pin\u00e7a de 4 pist\u00f5es, disco hidr\u00e1ulico, 200mm<\/li>\n<li>SRAM<br \/>\nX0 Eagle Transmiss\u00e3o TRASEIRA DERAILLEUR<\/li>\n<li>MOTOR<br \/>\nSpecialized 2.2 Custom Rx Trail Motor Sintonizado<\/li>\n<li>Specialized M3-700, bateria<br \/>\n integrada, 700Wh<\/li>\n<li>SRAM<br \/>\n X0 Eagle Transmiss\u00e3o Flattop Chain<\/li>\n<li>SRAM X0 Eagle Transmiss\u00e3o Roda dentada<br \/>\n, 12spd, 10-52t<\/li>\n<li>Divindade STEM,<br \/>\n 35.0mm<\/li>\n<li>RODA TRASEIRA<br \/>\nRoval Traverse Carbon 27.5<\/li>\n<li>Ponte SADDLE<br \/>\n, 155\/143mm, Ti-rails ocos<\/li>\n<li>Bicicleta Yoke Revive poste de assento<br \/>\n, 34.9mm di\u00e2metro, S2\/S3: 160mm, S4\/S5: 185mm, S6: 213mm<\/li>\n<li>Roval<br \/>\n de carbono Roval Traverse SL, barra riser, upsweep de 6 graus, backsweep de 8 graus, eleva\u00e7\u00e3o de 30mm, 780mm, 35,0mm<\/li>\n<li>SRAM Eagle Transmiss\u00e3o 34t A\u00e7o CHAINRINGS<br \/>\n, 104BCD<\/li>\n<li>Punhos da Divindade\n<\/li>\n<li>\nVirabrequins de interface de fuso Praxis Carbon\/Custom Offset\/ISIS, 160mm<\/li>\n<li>SRAM<br \/>\n AXS POD<\/li>\n<li>RODA DIANTEIRA<br \/>\nRoval Traverse Carbon 29<\/li>\n<li>PNEU DIANTEIRO<br \/>\nTalho, carca\u00e7a GRID TRAIL, composto GRIPTON\u00ae T9, 2Bliss Ready, 29&#215;2.6&#8243;<\/li>\n<li>Eliminador da tampa traseira<br \/>\n, inv\u00f3lucro GRID TRAIL, composto GRIPTON\u00ae T7, 2Bliss Ready, 27.5&#215;2.6&#8243;<\/li>\n<li>MOTOR<br \/>\nSpecialized<\/li>\n<li>BATERIA 700<\/li>\n<li>FRENO<br \/>\nDisco<\/li>\n<li>DI\u00c1METRO<br \/>\nMullet<\/li>\n<li>N\u00ba RODASTES<br \/>\n12V<\/li>\n<li>TRANSMISI\u00d3N<br \/>\nElectr\u00f3nica<\/li>\n<li>N\u00ba PRATOS<br \/>\n1<\/li>\n<li>TIPO DE PNEU<br \/>\nSem c\u00e2mara de ar<\/li>\n<li>LARGURA DA<br \/>\nBARRA 38<\/li>\n<li>CURSO DE<br \/>\nSUSPENS\u00c3O 150<\/li>\n<li>TIPO DE<br \/>\nN\u00daCLEO XD<\/li>\n<li>DI\u00c2METRO DO GUIADOR<br \/>\n35<\/li>\n<li>POST CONTA-gotas<br \/>\nSim<\/li>\n<li>LARGURA<br \/>\nDO CUBO 12x148mm Boost<\/li>\n<li>DI\u00c2METRO DO<br \/>\nDISCO 200mm<\/li>\n<\/ul>\n","protected":false},"excerpt":{"rendered":"<p>Come\u00e7a com o nosso motor Turbo Full Power 2.2 e a Unidade de Controlo MasterMind Turbo (TCU), que proporcionam ao Levo uma amplifica\u00e7\u00e3o suave e cont\u00ednua dos seus esfor\u00e7os \u2013 4x a sua pot\u00eancia que lhe permite escolher onde e quando conduzir.<br \/>\nO Levo tamb\u00e9m quebra as limita\u00e7\u00f5es quando se trata de autonomia, ampliando seu esfor\u00e7o para at\u00e9 cinco horas de viagem.<br \/>\nAgora voc\u00ea pode viajar mais longe e explorar mais do que nunca.<br \/>\nE o chassis otimizado apresenta 150 mm de suspens\u00e3o traseira personalizada, geometria ajust\u00e1vel que proporciona uma condu\u00e7\u00e3o est\u00e1vel e natural como nenhuma outra.<br \/>\nPorque, no final das contas, \u00e9 a jornada que importa.<br \/>\nAcredita.     <\/p>\n","protected":false},"featured_media":302764,"comment_status":"closed","ping_status":"closed","template":"","meta":{"_acf_changed":false,"_et_pb_use_builder":"","_et_pb_old_content":"","_et_gb_content_width":"","inline_featured_image":false},"product_brand":[],"product_cat":[2459,391,2483,2460,3255,2696],"product_tag":[],"class_list":{"0":"post-385167","1":"product","2":"type-product","3":"status-publish","4":"has-post-thumbnail","6":"product_cat-bicicletas-pt-pt-2","7":"product_cat-eletricas","8":"product_cat-bicicletas-especializadas","9":"product_cat-ofertas-pt-pt","10":"product_cat-oferta-eletrica","11":"product_cat-ofertas-especializadas","12":"product_shipping_class-bicicletas-pt-pt","14":"first","15":"outofstock","16":"taxable","17":"shipping-taxable","18":"product-type-variable","19":"wvs-archive-product-wrapper"},"acf":[],"yoast_head":"<!-- This site is optimized with the Yoast SEO Premium plugin v26.7 (Yoast SEO v26.7) - https:\/\/yoast.com\/wordpress\/plugins\/seo\/ -->\n<title>Specialized Levo PRO Carbono 2023 Oferta GR-100<\/title>\n<meta name=\"description\" content=\"Specialized Levo PRO Carbon 2023 em GR-100. Desfrute da mais recente tecnologia em bicicletas de montanha el\u00e9tricas. Compre online e sinta o poder.\" \/>\n<meta name=\"robots\" content=\"index, follow, max-snippet:-1, max-image-preview:large, max-video-preview:-1\" \/>\n<link rel=\"canonical\" href=\"https:\/\/gr-100.com\/pt-pt\/producto\/levo-pro-carbono-especializado-2023\/\" \/>\n<meta property=\"og:locale\" content=\"pt_PT\" \/>\n<meta property=\"og:type\" content=\"article\" \/>\n<meta property=\"og:title\" content=\"Specialized Levo PRO Carbono 2023\" \/>\n<meta property=\"og:description\" content=\"Specialized Levo PRO Carbon 2023 em GR-100. Desfrute da mais recente tecnologia em bicicletas de montanha el\u00e9tricas. Compre online e sinta o poder.\" \/>\n<meta property=\"og:url\" content=\"https:\/\/gr-100.com\/pt-pt\/producto\/levo-pro-carbono-especializado-2023\/\" \/>\n<meta property=\"og:site_name\" content=\"Gr-100 Tienda de ciclismo Specialized\" \/>\n<meta property=\"article:publisher\" content=\"https:\/\/www.facebook.com\/Gr100Bikes\" \/>\n<meta property=\"article:modified_time\" content=\"2025-12-18T14:41:08+00:00\" \/>\n<meta property=\"og:image\" content=\"https:\/\/gr-100.com\/wp-content\/uploads\/2024\/05\/Levo-PRO-Carbon-2023.jpg\" \/>\n\t<meta property=\"og:image:width\" content=\"1000\" \/>\n\t<meta property=\"og:image:height\" content=\"1000\" \/>\n\t<meta property=\"og:image:type\" content=\"image\/jpeg\" \/>\n<meta name=\"twitter:card\" content=\"summary_large_image\" \/>\n<meta name=\"twitter:label1\" content=\"Tempo estimado de leitura\" \/>\n\t<meta name=\"twitter:data1\" content=\"3 minutos\" \/>\n<script type=\"application\/ld+json\" class=\"yoast-schema-graph\">{\"@context\":\"https:\/\/schema.org\",\"@graph\":[{\"@type\":\"WebPage\",\"@id\":\"https:\/\/gr-100.com\/pt-pt\/producto\/levo-pro-carbono-especializado-2023\/\",\"url\":\"https:\/\/gr-100.com\/pt-pt\/producto\/levo-pro-carbono-especializado-2023\/\",\"name\":\"Specialized Levo PRO Carbono 2023 Oferta GR-100\",\"isPartOf\":{\"@id\":\"https:\/\/gr-100.com\/#website\"},\"primaryImageOfPage\":{\"@id\":\"https:\/\/gr-100.com\/pt-pt\/producto\/levo-pro-carbono-especializado-2023\/#primaryimage\"},\"image\":{\"@id\":\"https:\/\/gr-100.com\/pt-pt\/producto\/levo-pro-carbono-especializado-2023\/#primaryimage\"},\"thumbnailUrl\":\"https:\/\/gr-100.com\/wp-content\/uploads\/2024\/05\/Levo-PRO-Carbon-2023.jpg\",\"datePublished\":\"2024-07-01T11:19:37+00:00\",\"dateModified\":\"2025-12-18T14:41:08+00:00\",\"description\":\"Specialized Levo PRO Carbon 2023 em GR-100. Desfrute da mais recente tecnologia em bicicletas de montanha el\u00e9tricas. Compre online e sinta o poder.\",\"breadcrumb\":{\"@id\":\"https:\/\/gr-100.com\/pt-pt\/producto\/levo-pro-carbono-especializado-2023\/#breadcrumb\"},\"inLanguage\":\"pt-PT\",\"potentialAction\":[{\"@type\":\"ReadAction\",\"target\":[\"https:\/\/gr-100.com\/pt-pt\/producto\/levo-pro-carbono-especializado-2023\/\"]}]},{\"@type\":\"ImageObject\",\"inLanguage\":\"pt-PT\",\"@id\":\"https:\/\/gr-100.com\/pt-pt\/producto\/levo-pro-carbono-especializado-2023\/#primaryimage\",\"url\":\"https:\/\/gr-100.com\/wp-content\/uploads\/2024\/05\/Levo-PRO-Carbon-2023.jpg\",\"contentUrl\":\"https:\/\/gr-100.com\/wp-content\/uploads\/2024\/05\/Levo-PRO-Carbon-2023.jpg\",\"width\":1000,\"height\":1000},{\"@type\":\"BreadcrumbList\",\"@id\":\"https:\/\/gr-100.com\/pt-pt\/producto\/levo-pro-carbono-especializado-2023\/#breadcrumb\",\"itemListElement\":[{\"@type\":\"ListItem\",\"position\":1,\"name\":\"Portada\",\"item\":\"https:\/\/gr-100.com\/en\/\"},{\"@type\":\"ListItem\",\"position\":2,\"name\":\"Productos\",\"item\":\"https:\/\/gr-100.com\/?post_type=product\"},{\"@type\":\"ListItem\",\"position\":3,\"name\":\"Specialized Levo PRO Carbono 2023\"}]},{\"@type\":\"WebSite\",\"@id\":\"https:\/\/gr-100.com\/#website\",\"url\":\"https:\/\/gr-100.com\/\",\"name\":\"Gr-100 Tienda de ciclismo Specialized\",\"description\":\"GR-100 tenemos todas las gamas de bicicletas Specialized al mejor precio.\",\"publisher\":{\"@id\":\"https:\/\/gr-100.com\/#organization\"},\"alternateName\":\"Gr-100 Bikes\",\"potentialAction\":[{\"@type\":\"SearchAction\",\"target\":{\"@type\":\"EntryPoint\",\"urlTemplate\":\"https:\/\/gr-100.com\/?s={search_term_string}\"},\"query-input\":{\"@type\":\"PropertyValueSpecification\",\"valueRequired\":true,\"valueName\":\"search_term_string\"}}],\"inLanguage\":\"pt-PT\"},{\"@type\":\"Organization\",\"@id\":\"https:\/\/gr-100.com\/#organization\",\"name\":\"Gr-100\",\"url\":\"https:\/\/gr-100.com\/\",\"logo\":{\"@type\":\"ImageObject\",\"inLanguage\":\"pt-PT\",\"@id\":\"https:\/\/gr-100.com\/#\/schema\/logo\/image\/\",\"url\":\"https:\/\/gr-100.com\/wp-content\/uploads\/2023\/08\/logo-gr-100-bikes.png\",\"contentUrl\":\"https:\/\/gr-100.com\/wp-content\/uploads\/2023\/08\/logo-gr-100-bikes.png\",\"width\":707,\"height\":284,\"caption\":\"Gr-100\"},\"image\":{\"@id\":\"https:\/\/gr-100.com\/#\/schema\/logo\/image\/\"},\"sameAs\":[\"https:\/\/www.facebook.com\/Gr100Bikes\",\"https:\/\/www.instagram.com\/gr100bikes\/\",\"https:\/\/www.tiktok.com\/@gr100bikes\",\"https:\/\/twitter.com\/gr100mtbteam\",\"https:\/\/www.youtube.com\/c\/GR100Specialized\"]}]}<\/script>\n<!-- \/ Yoast SEO Premium plugin. -->","yoast_head_json":{"title":"Specialized Levo PRO Carbono 2023 Oferta GR-100","description":"Specialized Levo PRO Carbon 2023 em GR-100. Desfrute da mais recente tecnologia em bicicletas de montanha el\u00e9tricas. Compre online e sinta o poder.","robots":{"index":"index","follow":"follow","max-snippet":"max-snippet:-1","max-image-preview":"max-image-preview:large","max-video-preview":"max-video-preview:-1"},"canonical":"https:\/\/gr-100.com\/pt-pt\/producto\/levo-pro-carbono-especializado-2023\/","og_locale":"pt_PT","og_type":"article","og_title":"Specialized Levo PRO Carbono 2023","og_description":"Specialized Levo PRO Carbon 2023 em GR-100. Desfrute da mais recente tecnologia em bicicletas de montanha el\u00e9tricas. Compre online e sinta o poder.","og_url":"https:\/\/gr-100.com\/pt-pt\/producto\/levo-pro-carbono-especializado-2023\/","og_site_name":"Gr-100 Tienda de ciclismo Specialized","article_publisher":"https:\/\/www.facebook.com\/Gr100Bikes","article_modified_time":"2025-12-18T14:41:08+00:00","og_image":[{"width":1000,"height":1000,"url":"https:\/\/gr-100.com\/wp-content\/uploads\/2024\/05\/Levo-PRO-Carbon-2023.jpg","type":"image\/jpeg"}],"twitter_card":"summary_large_image","twitter_misc":{"Tempo estimado de leitura":"3 minutos"},"schema":{"@context":"https:\/\/schema.org","@graph":[{"@type":"WebPage","@id":"https:\/\/gr-100.com\/pt-pt\/producto\/levo-pro-carbono-especializado-2023\/","url":"https:\/\/gr-100.com\/pt-pt\/producto\/levo-pro-carbono-especializado-2023\/","name":"Specialized Levo PRO Carbono 2023 Oferta GR-100","isPartOf":{"@id":"https:\/\/gr-100.com\/#website"},"primaryImageOfPage":{"@id":"https:\/\/gr-100.com\/pt-pt\/producto\/levo-pro-carbono-especializado-2023\/#primaryimage"},"image":{"@id":"https:\/\/gr-100.com\/pt-pt\/producto\/levo-pro-carbono-especializado-2023\/#primaryimage"},"thumbnailUrl":"https:\/\/gr-100.com\/wp-content\/uploads\/2024\/05\/Levo-PRO-Carbon-2023.jpg","datePublished":"2024-07-01T11:19:37+00:00","dateModified":"2025-12-18T14:41:08+00:00","description":"Specialized Levo PRO Carbon 2023 em GR-100. Desfrute da mais recente tecnologia em bicicletas de montanha el\u00e9tricas. Compre online e sinta o poder.","breadcrumb":{"@id":"https:\/\/gr-100.com\/pt-pt\/producto\/levo-pro-carbono-especializado-2023\/#breadcrumb"},"inLanguage":"pt-PT","potentialAction":[{"@type":"ReadAction","target":["https:\/\/gr-100.com\/pt-pt\/producto\/levo-pro-carbono-especializado-2023\/"]}]},{"@type":"ImageObject","inLanguage":"pt-PT","@id":"https:\/\/gr-100.com\/pt-pt\/producto\/levo-pro-carbono-especializado-2023\/#primaryimage","url":"https:\/\/gr-100.com\/wp-content\/uploads\/2024\/05\/Levo-PRO-Carbon-2023.jpg","contentUrl":"https:\/\/gr-100.com\/wp-content\/uploads\/2024\/05\/Levo-PRO-Carbon-2023.jpg","width":1000,"height":1000},{"@type":"BreadcrumbList","@id":"https:\/\/gr-100.com\/pt-pt\/producto\/levo-pro-carbono-especializado-2023\/#breadcrumb","itemListElement":[{"@type":"ListItem","position":1,"name":"Portada","item":"https:\/\/gr-100.com\/en\/"},{"@type":"ListItem","position":2,"name":"Productos","item":"https:\/\/gr-100.com\/?post_type=product"},{"@type":"ListItem","position":3,"name":"Specialized Levo PRO Carbono 2023"}]},{"@type":"WebSite","@id":"https:\/\/gr-100.com\/#website","url":"https:\/\/gr-100.com\/","name":"Gr-100 Tienda de ciclismo Specialized","description":"GR-100 tenemos todas las gamas de bicicletas Specialized al mejor precio.","publisher":{"@id":"https:\/\/gr-100.com\/#organization"},"alternateName":"Gr-100 Bikes","potentialAction":[{"@type":"SearchAction","target":{"@type":"EntryPoint","urlTemplate":"https:\/\/gr-100.com\/?s={search_term_string}"},"query-input":{"@type":"PropertyValueSpecification","valueRequired":true,"valueName":"search_term_string"}}],"inLanguage":"pt-PT"},{"@type":"Organization","@id":"https:\/\/gr-100.com\/#organization","name":"Gr-100","url":"https:\/\/gr-100.com\/","logo":{"@type":"ImageObject","inLanguage":"pt-PT","@id":"https:\/\/gr-100.com\/#\/schema\/logo\/image\/","url":"https:\/\/gr-100.com\/wp-content\/uploads\/2023\/08\/logo-gr-100-bikes.png","contentUrl":"https:\/\/gr-100.com\/wp-content\/uploads\/2023\/08\/logo-gr-100-bikes.png","width":707,"height":284,"caption":"Gr-100"},"image":{"@id":"https:\/\/gr-100.com\/#\/schema\/logo\/image\/"},"sameAs":["https:\/\/www.facebook.com\/Gr100Bikes","https:\/\/www.instagram.com\/gr100bikes\/","https:\/\/www.tiktok.com\/@gr100bikes","https:\/\/twitter.com\/gr100mtbteam","https:\/\/www.youtube.com\/c\/GR100Specialized"]}]}},"_links":{"self":[{"href":"https:\/\/gr-100.com\/pt-pt\/wp-json\/wp\/v2\/product\/385167","targetHints":{"allow":["GET"]}}],"collection":[{"href":"https:\/\/gr-100.com\/pt-pt\/wp-json\/wp\/v2\/product"}],"about":[{"href":"https:\/\/gr-100.com\/pt-pt\/wp-json\/wp\/v2\/types\/product"}],"replies":[{"embeddable":true,"href":"https:\/\/gr-100.com\/pt-pt\/wp-json\/wp\/v2\/comments?post=385167"}],"wp:featuredmedia":[{"embeddable":true,"href":"https:\/\/gr-100.com\/pt-pt\/wp-json\/wp\/v2\/media\/302764"}],"wp:attachment":[{"href":"https:\/\/gr-100.com\/pt-pt\/wp-json\/wp\/v2\/media?parent=385167"}],"wp:term":[{"taxonomy":"product_brand","embeddable":true,"href":"https:\/\/gr-100.com\/pt-pt\/wp-json\/wp\/v2\/product_brand?post=385167"},{"taxonomy":"product_cat","embeddable":true,"href":"https:\/\/gr-100.com\/pt-pt\/wp-json\/wp\/v2\/product_cat?post=385167"},{"taxonomy":"product_tag","embeddable":true,"href":"https:\/\/gr-100.com\/pt-pt\/wp-json\/wp\/v2\/product_tag?post=385167"}],"curies":[{"name":"wp","href":"https:\/\/api.w.org\/{rel}","templated":true}]}}