{"id":385174,"date":"2024-07-01T13:28:58","date_gmt":"2024-07-01T11:28:58","guid":{"rendered":"https:\/\/gr-100.com\/producto\/especializado-turbo-levo-expert-t-type-2023\/"},"modified":"2025-12-18T16:48:27","modified_gmt":"2025-12-18T14:48:27","slug":"especializado-turbo-levo-expert-t-type-2023","status":"publish","type":"product","link":"https:\/\/gr-100.com\/pt-pt\/producto\/especializado-turbo-levo-expert-t-type-2023\/","title":{"rendered":"Specialized Turbo Levo Expert T-Type 2023"},"content":{"rendered":"<ul>\n<li>FACT FRAME<br \/>\n11m full carbon, roda dianteira de 29&#8243;, roda traseira de 27,5&#8243;, roteamento de cabos interno completo, espa\u00e7amento de 148mm, rolamentos de cartucho totalmente selados, 150mm de curso, tubo de cabe\u00e7a geo ajuste, ajuste geogr\u00e1fico horst pivot<br \/>\nABRAZ. Liga de sela<br \/>\n, 38.6mm<\/li>\n<li>SHOCK<br \/>\nS2-S6: Fox Float X2 Performance Elite s\u00e9rie, 210x55mm, S1: Fox Float DPS Performance Elite s\u00e9rie, 210&#215;52.5mm<\/li>\n<li>Fox 38 Performance Elite FORK<br \/>\n, amortecedor Grip 2, curso de 29&#8243;, 160mm, deslocamento de 44mm<\/li>\n<li>STEM<br \/>\nAlloy Trail Stem, furo em barra de 35 mm<\/li>\n<li>Specialized<br \/>\n, liga 7050, backsweep de 8 graus, upsweep de 6 graus, eleva\u00e7\u00e3o de 30mm, grampo de 800mm, 35mm<\/li>\n<li>Punhos da Divindade\n<\/li>\n<li>Bridge Comp SADDLE,<br \/>\n Trilhos ocos Cr-mo, 155\/143mm<\/li>\n<li>SEATPOST<br \/>\nOneUp, Conta-gotas Post-V2, alavanca MMX, 34.9 (S1:120mm, S2\/S3:150mm, S4: 180mm, S5\/S6: 210mm)<\/li>\n<li>SRAM Code Silver Stealth FREIO DIANTEIRO<br \/>\n, pin\u00e7a de 4 pist\u00f5es, disco hidr\u00e1ulico, rotorSRAM de 220mm<\/li>\n<li>C\u00f3digo SRAM Prata Stealth REAR<br \/>\n BRAKKE, pin\u00e7a de 4 pist\u00f5es, disco hidr\u00e1ulico, rotorSRAM de 220mm<\/li>\n<li>SRAM GX Eagle<br \/>\n DescarriladorSRAM de Transmiss\u00e3o<\/li>\n<li>SRAM<br \/>\n AXS POD<\/li>\n<li>SRAM GX Eagle de transmiss\u00e3o<br \/>\n, 12spd, 10-52tSRAM<\/li>\n<li>SRAM GX Eagle<br \/>\n Transmiss\u00e3o Flattop ChainSRAM<\/li>\n<li>PEDALIER<br \/>\nPraxis Interface forjada\/personalizada offset\/eixo ISIS, 160mm<\/li>\n<li>Novo SL 1.2 spider CHAINRINGS<br \/>\n, 104BCD w \/ SRAM 32t Anel de liga compat\u00edvel com transmiss\u00e3o<\/li>\n<li>Travessia 29 RODA DIANTEIRA\n<\/li>\n<li>Travessia 27.5 RODA TRASEIRA\n<\/li>\n<li>PNEU.<br \/>\nTalho, carca\u00e7a GRID TRAIL, composto GRIPTON\u00ae T9, 2Bliss Ready, 29&#215;2.6&#8243;<\/li>\n<li>Eliminador de pneus traseiros<br \/>\n, carca\u00e7a GRID TRAIL, composto GRIPTON\u00ae T7, 2Bliss Ready, 27.5&#215;2.6&#8243;<\/li>\n<li>C\u00c2MERAS<br \/>\nPadr\u00e3o, Presta Valve<\/li>\n<li>MOTOR<br \/>\nSpecialized 2.2 Custom Rx Trail Motor Sintonizado<\/li>\n<li>UI\/REMOTE<br \/>\nSpecialized , percentagem da carga restante, 120 configura\u00e7\u00f5es de ecr\u00e3 poss\u00edveis, ajuste de assist\u00eancia MicroTune, ANT+\/Bluetooth\u00ae, w\/Handlebar remoto<\/li>\n<li>Specialized M3-700, bateria<br \/>\n integrada, 700Wh<\/li>\n<li>Carregador<br \/>\n personalizado, 42V4A c\/ ficha Rosenberger, 100-240V<\/li>\n<li>Chicote de fia\u00e7\u00e3o Specialized personalizado WIRING\n<\/li>\n<li>ACESS\u00d3RIOS<br \/>\nSWAT<br \/>\nSWAT CC ferramenta integrada tubo direcional com corrente, ferramenta e elo<\/li>\n<li>PESO<br \/>\nDO D\u00cdNAMO<br \/>\n23,04 kg (50 lb, 12,7 oz)<br \/>\nDINAMO<br \/>\nS4* Pesos baseados na produ\u00e7\u00e3o pintados como retratado. Os pesos reais variam consoante a cor, o tamanho do quadro e a varia\u00e7\u00e3o dos componentes. As especifica\u00e7\u00f5es est\u00e3o sujeitas a altera\u00e7\u00f5es sem aviso pr\u00e9vio.<\/li>\n<\/ul>\n","protected":false},"excerpt":{"rendered":"<p>Motor Turbo Full Power 2.2 e Unidade de Controlo Turbo MasterMind (TCU), que proporcionam ao Levo uma amplifica\u00e7\u00e3o suave e cont\u00ednua dos seus esfor\u00e7os: 4 vezes mais pot\u00eancia que lhe permite escolher onde pedalar e quando o quer fazer.<br \/>\nTransmiss\u00e3o AXS GX Eagle de 12 velocidades da SRAM, suspens\u00e3o FOX Performance Elite e conjunto Roval Traverse de alto desempenho. <\/p>\n","protected":false},"featured_media":303393,"comment_status":"closed","ping_status":"closed","template":"","meta":{"_acf_changed":false,"_et_pb_use_builder":"","_et_pb_old_content":"","_et_gb_content_width":"","inline_featured_image":false},"product_brand":[],"product_cat":[4353,2459,391,2483,2460,3255,2696],"product_tag":[],"class_list":{"0":"post-385174","1":"product","2":"type-product","3":"status-publish","4":"has-post-thumbnail","6":"product_cat-liquidacion-specialized","7":"product_cat-bicicletas-pt-pt-2","8":"product_cat-eletricas","9":"product_cat-bicicletas-especializadas","10":"product_cat-ofertas-pt-pt","11":"product_cat-oferta-eletrica","12":"product_cat-ofertas-especializadas","13":"product_shipping_class-bicicletas-pt-pt","15":"first","16":"outofstock","17":"taxable","18":"shipping-taxable","19":"product-type-variable","20":"wvs-archive-product-wrapper"},"acf":[],"yoast_head":"<!-- This site is optimized with the Yoast SEO Premium plugin v26.7 (Yoast SEO v26.7) - https:\/\/yoast.com\/wordpress\/plugins\/seo\/ -->\n<title>Specialized Turbo Levo Expert T-Type 2023 GR-100<\/title>\n<meta name=\"description\" content=\"Specialized Turbo Levo Expert T-Type 2023. Oferece um poder incr\u00edvel para percorrer mais trilhos gra\u00e7as a uma combina\u00e7\u00e3o incompar\u00e1vel.\" \/>\n<meta name=\"robots\" content=\"index, follow, max-snippet:-1, max-image-preview:large, max-video-preview:-1\" \/>\n<link rel=\"canonical\" href=\"https:\/\/gr-100.com\/pt-pt\/producto\/especializado-turbo-levo-expert-t-type-2023\/\" \/>\n<meta property=\"og:locale\" content=\"pt_PT\" \/>\n<meta property=\"og:type\" content=\"article\" \/>\n<meta property=\"og:title\" content=\"Specialized Turbo Levo Expert T-Type 2023\" \/>\n<meta property=\"og:description\" content=\"Specialized Turbo Levo Expert T-Type 2023. Oferece um poder incr\u00edvel para percorrer mais trilhos gra\u00e7as a uma combina\u00e7\u00e3o incompar\u00e1vel.\" \/>\n<meta property=\"og:url\" content=\"https:\/\/gr-100.com\/pt-pt\/producto\/especializado-turbo-levo-expert-t-type-2023\/\" \/>\n<meta property=\"og:site_name\" content=\"Gr-100 Tienda de ciclismo Specialized\" \/>\n<meta property=\"article:publisher\" content=\"https:\/\/www.facebook.com\/Gr100Bikes\" \/>\n<meta property=\"article:modified_time\" content=\"2025-12-18T14:48:27+00:00\" \/>\n<meta property=\"og:image\" content=\"https:\/\/gr-100.com\/wp-content\/uploads\/2024\/05\/levo_expert_t_type_23.jpg\" \/>\n\t<meta property=\"og:image:width\" content=\"1000\" \/>\n\t<meta property=\"og:image:height\" content=\"1000\" \/>\n\t<meta property=\"og:image:type\" content=\"image\/jpeg\" \/>\n<meta name=\"twitter:card\" content=\"summary_large_image\" \/>\n<meta name=\"twitter:label1\" content=\"Tempo estimado de leitura\" \/>\n\t<meta name=\"twitter:data1\" content=\"2 minutos\" \/>\n<script type=\"application\/ld+json\" class=\"yoast-schema-graph\">{\"@context\":\"https:\/\/schema.org\",\"@graph\":[{\"@type\":\"WebPage\",\"@id\":\"https:\/\/gr-100.com\/pt-pt\/producto\/especializado-turbo-levo-expert-t-type-2023\/\",\"url\":\"https:\/\/gr-100.com\/pt-pt\/producto\/especializado-turbo-levo-expert-t-type-2023\/\",\"name\":\"Specialized Turbo Levo Expert T-Type 2023 GR-100\",\"isPartOf\":{\"@id\":\"https:\/\/gr-100.com\/#website\"},\"primaryImageOfPage\":{\"@id\":\"https:\/\/gr-100.com\/pt-pt\/producto\/especializado-turbo-levo-expert-t-type-2023\/#primaryimage\"},\"image\":{\"@id\":\"https:\/\/gr-100.com\/pt-pt\/producto\/especializado-turbo-levo-expert-t-type-2023\/#primaryimage\"},\"thumbnailUrl\":\"https:\/\/gr-100.com\/wp-content\/uploads\/2024\/05\/levo_expert_t_type_23.jpg\",\"datePublished\":\"2024-07-01T11:28:58+00:00\",\"dateModified\":\"2025-12-18T14:48:27+00:00\",\"description\":\"Specialized Turbo Levo Expert T-Type 2023. Oferece um poder incr\u00edvel para percorrer mais trilhos gra\u00e7as a uma combina\u00e7\u00e3o incompar\u00e1vel.\",\"breadcrumb\":{\"@id\":\"https:\/\/gr-100.com\/pt-pt\/producto\/especializado-turbo-levo-expert-t-type-2023\/#breadcrumb\"},\"inLanguage\":\"pt-PT\",\"potentialAction\":[{\"@type\":\"ReadAction\",\"target\":[\"https:\/\/gr-100.com\/pt-pt\/producto\/especializado-turbo-levo-expert-t-type-2023\/\"]}]},{\"@type\":\"ImageObject\",\"inLanguage\":\"pt-PT\",\"@id\":\"https:\/\/gr-100.com\/pt-pt\/producto\/especializado-turbo-levo-expert-t-type-2023\/#primaryimage\",\"url\":\"https:\/\/gr-100.com\/wp-content\/uploads\/2024\/05\/levo_expert_t_type_23.jpg\",\"contentUrl\":\"https:\/\/gr-100.com\/wp-content\/uploads\/2024\/05\/levo_expert_t_type_23.jpg\",\"width\":1000,\"height\":1000},{\"@type\":\"BreadcrumbList\",\"@id\":\"https:\/\/gr-100.com\/pt-pt\/producto\/especializado-turbo-levo-expert-t-type-2023\/#breadcrumb\",\"itemListElement\":[{\"@type\":\"ListItem\",\"position\":1,\"name\":\"Portada\",\"item\":\"https:\/\/gr-100.com\/en\/\"},{\"@type\":\"ListItem\",\"position\":2,\"name\":\"Productos\",\"item\":\"https:\/\/gr-100.com\/?post_type=product\"},{\"@type\":\"ListItem\",\"position\":3,\"name\":\"Specialized Turbo Levo Expert T-Type 2023\"}]},{\"@type\":\"WebSite\",\"@id\":\"https:\/\/gr-100.com\/#website\",\"url\":\"https:\/\/gr-100.com\/\",\"name\":\"Gr-100 Tienda de ciclismo Specialized\",\"description\":\"GR-100 tenemos todas las gamas de bicicletas Specialized al mejor precio.\",\"publisher\":{\"@id\":\"https:\/\/gr-100.com\/#organization\"},\"alternateName\":\"Gr-100 Bikes\",\"potentialAction\":[{\"@type\":\"SearchAction\",\"target\":{\"@type\":\"EntryPoint\",\"urlTemplate\":\"https:\/\/gr-100.com\/?s={search_term_string}\"},\"query-input\":{\"@type\":\"PropertyValueSpecification\",\"valueRequired\":true,\"valueName\":\"search_term_string\"}}],\"inLanguage\":\"pt-PT\"},{\"@type\":\"Organization\",\"@id\":\"https:\/\/gr-100.com\/#organization\",\"name\":\"Gr-100\",\"url\":\"https:\/\/gr-100.com\/\",\"logo\":{\"@type\":\"ImageObject\",\"inLanguage\":\"pt-PT\",\"@id\":\"https:\/\/gr-100.com\/#\/schema\/logo\/image\/\",\"url\":\"https:\/\/gr-100.com\/wp-content\/uploads\/2023\/08\/logo-gr-100-bikes.png\",\"contentUrl\":\"https:\/\/gr-100.com\/wp-content\/uploads\/2023\/08\/logo-gr-100-bikes.png\",\"width\":707,\"height\":284,\"caption\":\"Gr-100\"},\"image\":{\"@id\":\"https:\/\/gr-100.com\/#\/schema\/logo\/image\/\"},\"sameAs\":[\"https:\/\/www.facebook.com\/Gr100Bikes\",\"https:\/\/www.instagram.com\/gr100bikes\/\",\"https:\/\/www.tiktok.com\/@gr100bikes\",\"https:\/\/twitter.com\/gr100mtbteam\",\"https:\/\/www.youtube.com\/c\/GR100Specialized\"]}]}<\/script>\n<!-- \/ Yoast SEO Premium plugin. -->","yoast_head_json":{"title":"Specialized Turbo Levo Expert T-Type 2023 GR-100","description":"Specialized Turbo Levo Expert T-Type 2023. Oferece um poder incr\u00edvel para percorrer mais trilhos gra\u00e7as a uma combina\u00e7\u00e3o incompar\u00e1vel.","robots":{"index":"index","follow":"follow","max-snippet":"max-snippet:-1","max-image-preview":"max-image-preview:large","max-video-preview":"max-video-preview:-1"},"canonical":"https:\/\/gr-100.com\/pt-pt\/producto\/especializado-turbo-levo-expert-t-type-2023\/","og_locale":"pt_PT","og_type":"article","og_title":"Specialized Turbo Levo Expert T-Type 2023","og_description":"Specialized Turbo Levo Expert T-Type 2023. Oferece um poder incr\u00edvel para percorrer mais trilhos gra\u00e7as a uma combina\u00e7\u00e3o incompar\u00e1vel.","og_url":"https:\/\/gr-100.com\/pt-pt\/producto\/especializado-turbo-levo-expert-t-type-2023\/","og_site_name":"Gr-100 Tienda de ciclismo Specialized","article_publisher":"https:\/\/www.facebook.com\/Gr100Bikes","article_modified_time":"2025-12-18T14:48:27+00:00","og_image":[{"width":1000,"height":1000,"url":"https:\/\/gr-100.com\/wp-content\/uploads\/2024\/05\/levo_expert_t_type_23.jpg","type":"image\/jpeg"}],"twitter_card":"summary_large_image","twitter_misc":{"Tempo estimado de leitura":"2 minutos"},"schema":{"@context":"https:\/\/schema.org","@graph":[{"@type":"WebPage","@id":"https:\/\/gr-100.com\/pt-pt\/producto\/especializado-turbo-levo-expert-t-type-2023\/","url":"https:\/\/gr-100.com\/pt-pt\/producto\/especializado-turbo-levo-expert-t-type-2023\/","name":"Specialized Turbo Levo Expert T-Type 2023 GR-100","isPartOf":{"@id":"https:\/\/gr-100.com\/#website"},"primaryImageOfPage":{"@id":"https:\/\/gr-100.com\/pt-pt\/producto\/especializado-turbo-levo-expert-t-type-2023\/#primaryimage"},"image":{"@id":"https:\/\/gr-100.com\/pt-pt\/producto\/especializado-turbo-levo-expert-t-type-2023\/#primaryimage"},"thumbnailUrl":"https:\/\/gr-100.com\/wp-content\/uploads\/2024\/05\/levo_expert_t_type_23.jpg","datePublished":"2024-07-01T11:28:58+00:00","dateModified":"2025-12-18T14:48:27+00:00","description":"Specialized Turbo Levo Expert T-Type 2023. Oferece um poder incr\u00edvel para percorrer mais trilhos gra\u00e7as a uma combina\u00e7\u00e3o incompar\u00e1vel.","breadcrumb":{"@id":"https:\/\/gr-100.com\/pt-pt\/producto\/especializado-turbo-levo-expert-t-type-2023\/#breadcrumb"},"inLanguage":"pt-PT","potentialAction":[{"@type":"ReadAction","target":["https:\/\/gr-100.com\/pt-pt\/producto\/especializado-turbo-levo-expert-t-type-2023\/"]}]},{"@type":"ImageObject","inLanguage":"pt-PT","@id":"https:\/\/gr-100.com\/pt-pt\/producto\/especializado-turbo-levo-expert-t-type-2023\/#primaryimage","url":"https:\/\/gr-100.com\/wp-content\/uploads\/2024\/05\/levo_expert_t_type_23.jpg","contentUrl":"https:\/\/gr-100.com\/wp-content\/uploads\/2024\/05\/levo_expert_t_type_23.jpg","width":1000,"height":1000},{"@type":"BreadcrumbList","@id":"https:\/\/gr-100.com\/pt-pt\/producto\/especializado-turbo-levo-expert-t-type-2023\/#breadcrumb","itemListElement":[{"@type":"ListItem","position":1,"name":"Portada","item":"https:\/\/gr-100.com\/en\/"},{"@type":"ListItem","position":2,"name":"Productos","item":"https:\/\/gr-100.com\/?post_type=product"},{"@type":"ListItem","position":3,"name":"Specialized Turbo Levo Expert T-Type 2023"}]},{"@type":"WebSite","@id":"https:\/\/gr-100.com\/#website","url":"https:\/\/gr-100.com\/","name":"Gr-100 Tienda de ciclismo Specialized","description":"GR-100 tenemos todas las gamas de bicicletas Specialized al mejor precio.","publisher":{"@id":"https:\/\/gr-100.com\/#organization"},"alternateName":"Gr-100 Bikes","potentialAction":[{"@type":"SearchAction","target":{"@type":"EntryPoint","urlTemplate":"https:\/\/gr-100.com\/?s={search_term_string}"},"query-input":{"@type":"PropertyValueSpecification","valueRequired":true,"valueName":"search_term_string"}}],"inLanguage":"pt-PT"},{"@type":"Organization","@id":"https:\/\/gr-100.com\/#organization","name":"Gr-100","url":"https:\/\/gr-100.com\/","logo":{"@type":"ImageObject","inLanguage":"pt-PT","@id":"https:\/\/gr-100.com\/#\/schema\/logo\/image\/","url":"https:\/\/gr-100.com\/wp-content\/uploads\/2023\/08\/logo-gr-100-bikes.png","contentUrl":"https:\/\/gr-100.com\/wp-content\/uploads\/2023\/08\/logo-gr-100-bikes.png","width":707,"height":284,"caption":"Gr-100"},"image":{"@id":"https:\/\/gr-100.com\/#\/schema\/logo\/image\/"},"sameAs":["https:\/\/www.facebook.com\/Gr100Bikes","https:\/\/www.instagram.com\/gr100bikes\/","https:\/\/www.tiktok.com\/@gr100bikes","https:\/\/twitter.com\/gr100mtbteam","https:\/\/www.youtube.com\/c\/GR100Specialized"]}]}},"_links":{"self":[{"href":"https:\/\/gr-100.com\/pt-pt\/wp-json\/wp\/v2\/product\/385174","targetHints":{"allow":["GET"]}}],"collection":[{"href":"https:\/\/gr-100.com\/pt-pt\/wp-json\/wp\/v2\/product"}],"about":[{"href":"https:\/\/gr-100.com\/pt-pt\/wp-json\/wp\/v2\/types\/product"}],"replies":[{"embeddable":true,"href":"https:\/\/gr-100.com\/pt-pt\/wp-json\/wp\/v2\/comments?post=385174"}],"wp:featuredmedia":[{"embeddable":true,"href":"https:\/\/gr-100.com\/pt-pt\/wp-json\/wp\/v2\/media\/303393"}],"wp:attachment":[{"href":"https:\/\/gr-100.com\/pt-pt\/wp-json\/wp\/v2\/media?parent=385174"}],"wp:term":[{"taxonomy":"product_brand","embeddable":true,"href":"https:\/\/gr-100.com\/pt-pt\/wp-json\/wp\/v2\/product_brand?post=385174"},{"taxonomy":"product_cat","embeddable":true,"href":"https:\/\/gr-100.com\/pt-pt\/wp-json\/wp\/v2\/product_cat?post=385174"},{"taxonomy":"product_tag","embeddable":true,"href":"https:\/\/gr-100.com\/pt-pt\/wp-json\/wp\/v2\/product_tag?post=385174"}],"curies":[{"name":"wp","href":"https:\/\/api.w.org\/{rel}","templated":true}]}}