{"id":385285,"date":"2024-07-01T13:08:59","date_gmt":"2024-07-01T13:08:59","guid":{"rendered":"https:\/\/gr-100.com\/producto\/especializado-turbo-como-sl-5-0-2023\/"},"modified":"2025-11-26T16:37:54","modified_gmt":"2025-11-26T14:37:54","slug":"especializado-turbo-como-sl-5-0-2023","status":"publish","type":"product","link":"https:\/\/gr-100.com\/pt-pt\/producto\/especializado-turbo-como-sl-5-0-2023\/","title":{"rendered":"Specialized Turbo Como SL 5.0 2023"},"content":{"rendered":"<ul>\n<li>Shimano Alfine de 8 velocidades de mudan\u00e7a de cubo interno com transmiss\u00e3o Gates Belt Drive para mudar de velocidade quando est\u00e1 parado, prolongar o desempenho da bicicleta e minimizar a manuten\u00e7\u00e3o em casa.<\/li>\n<li>Specialized de 320Wh totalmente integrada no tubo inferior, compatibilidade com o extensor de autonomia (opcional) com at\u00e9 149 quil\u00f3metros.<\/li>\n<li>Specialized SL 1.1, 240W \/ 35Nm, amplifica\u00e7\u00e3o de 2x condutor (180% de assist\u00eancia), assist\u00eancia at\u00e9 25 km\/h.<\/li>\n<li>Ilumina\u00e7\u00e3o dianteira e traseira integrada e integrada para ver e ser visto.<\/li>\n<li>Bagageiro dianteiro integrado com cesto e rede na parte superior.<\/li>\n<li>Suporte traseiro Turbo Super Light e para-lamas DRYTECH.<\/li>\n<li>Ecr\u00e3 Turbo Connect inclu\u00eddo e localizado no centro do guiador.<\/li>\n<li>Roteamento de cabos internos e detalhes reflexivos.<\/li>\n<li>TRP Flow set freios a disco hidr\u00e1ulicos para m\u00e1xima pot\u00eancia de parada.<\/li>\n<li>Conjunto de rodas 650b forte combinado com pneus Nimbus 2.3 que suavizam qualquer terreno, oferecendo prote\u00e7\u00e3o contra furos BlackBelt e elementos reflexivos para aumentar a visibilidade.<\/li>\n<\/ul>\n","protected":false},"excerpt":{"rendered":"<p>O que acontece quando mudamos o nosso sistema Super Light perfeitamente equilibrado para o nosso popular Turbo Como?<br \/>\nA melhor combina\u00e7\u00e3o de pot\u00eancia, autonomia, manobrabilidade e conforto numa moto que pesa menos 40% do que a e-bike m\u00e9dia.<br \/>\nO Turbo Como Super Light (SL) foi concebido para se deslocar pela cidade e n\u00e3o s\u00f3.<br \/>\nCapaz de transportar o dobro do seu peso em carga, \u00e9 uma incr\u00edvel moto de recados, que \u00e9 t\u00e3o divertida de pilotar quanto atraente.<br \/>\nVoc\u00ea vai adorar a facilidade de manuten\u00e7\u00e3o, uma novidade com o cubo de engrenagem interno e acionamento por correia.<br \/>\nEste sistema protege as engrenagens da sua moto contra intemp\u00e9ries, sujidade e tamb\u00e9m prolonga a sua vida \u00fatil at\u00e9 quatro vezes mais do que a de um derailleur de engrenagens\/correntes, removendo completamente a gordura da corrente.<br \/>\nTamb\u00e9m pode mudar de velocidade a qualquer momento, mesmo quando est\u00e1 parado.<br \/>\nO design sofisticado do Turbo Como Super Light permite-lhe sair sempre que quiser \u2013 dia e noite, fa\u00e7a chuva ou fa\u00e7a sol \u2013 com luzes incorporadas na bateria, guarda-lamas e muita capacidade de armazenamento.<br \/>\nA bateria de 320Wh est\u00e1 escondida com seguran\u00e7a no tubo inferior, permitindo que seja quase indistingu\u00edvel de uma moto normal \u00e0 primeira vista.<br \/>\nPara os dias em que quiser fazer mais, ligue o extensor de bateria opcional e pode viajar at\u00e9 149 km antes de precisar de uma recarga.<br \/>\nConfie em n\u00f3s quando dizemos que voc\u00ea vai se encontrar fazendo recados, apenas para que voc\u00ea possa voltar a faz\u00ea-lo.   <\/p>\n","protected":false},"featured_media":302215,"comment_status":"closed","ping_status":"closed","template":"","meta":{"_acf_changed":false,"_et_pb_use_builder":"","_et_pb_old_content":"","_et_gb_content_width":"","inline_featured_image":false},"product_brand":[],"product_cat":[20,378],"product_tag":[],"class_list":{"0":"post-385285","1":"product","2":"type-product","3":"status-publish","4":"has-post-thumbnail","6":"product_cat-bicicletas-de-carretera","7":"product_cat-estrada","9":"first","10":"outofstock","11":"taxable","12":"shipping-taxable","13":"product-type-variable","14":"wvs-archive-product-wrapper"},"acf":[],"yoast_head":"<!-- This site is optimized with the Yoast SEO Premium plugin v26.7 (Yoast SEO v26.7) - https:\/\/yoast.com\/wordpress\/plugins\/seo\/ -->\n<title>Specialized Turbo Como SL 5.0 2023<\/title>\n<meta name=\"robots\" content=\"index, follow, max-snippet:-1, max-image-preview:large, max-video-preview:-1\" \/>\n<link rel=\"canonical\" href=\"https:\/\/gr-100.com\/pt-pt\/producto\/especializado-turbo-como-sl-5-0-2023\/\" \/>\n<meta property=\"og:locale\" content=\"pt_PT\" \/>\n<meta property=\"og:type\" content=\"article\" \/>\n<meta property=\"og:title\" content=\"Specialized Turbo Como SL 5.0 2023\" \/>\n<meta property=\"og:description\" content=\"O que acontece quando mudamos o nosso sistema Super Light perfeitamente equilibrado para o nosso popular Turbo Como? A melhor combina\u00e7\u00e3o de pot\u00eancia, autonomia, manobrabilidade e conforto numa moto que pesa menos 40% do que a e-bike m\u00e9dia. O Turbo Como Super Light (SL) foi concebido para se deslocar pela cidade e n\u00e3o s\u00f3. Capaz de transportar o dobro do seu peso em carga, \u00e9 uma incr\u00edvel moto de recados, que \u00e9 t\u00e3o divertida de pilotar quanto atraente. Voc\u00ea vai adorar a facilidade de manuten\u00e7\u00e3o, uma novidade com o cubo de engrenagem interno e acionamento por correia. Este sistema protege as engrenagens da sua moto contra intemp\u00e9ries, sujidade e tamb\u00e9m prolonga a sua vida \u00fatil at\u00e9 quatro vezes mais do que a de um derailleur de engrenagens\/correntes, removendo completamente a gordura da corrente. Tamb\u00e9m pode mudar de velocidade a qualquer momento, mesmo quando est\u00e1 parado. O design sofisticado do Turbo Como Super Light permite-lhe sair sempre que quiser \u2013 dia e noite, fa\u00e7a chuva ou fa\u00e7a sol \u2013 com luzes incorporadas na bateria, guarda-lamas e muita capacidade de armazenamento. A bateria de 320Wh est\u00e1 escondida com seguran\u00e7a no tubo inferior, permitindo que seja quase indistingu\u00edvel de uma moto normal \u00e0 primeira vista. Para os dias em que quiser fazer mais, ligue o extensor de bateria opcional e pode viajar at\u00e9 149 km antes de precisar de uma recarga. Confie em n\u00f3s quando dizemos que voc\u00ea vai se encontrar fazendo recados, apenas para que voc\u00ea possa voltar a faz\u00ea-lo.\" \/>\n<meta property=\"og:url\" content=\"https:\/\/gr-100.com\/pt-pt\/producto\/especializado-turbo-como-sl-5-0-2023\/\" \/>\n<meta property=\"og:site_name\" content=\"Gr-100 Tienda de ciclismo Specialized\" \/>\n<meta property=\"article:publisher\" content=\"https:\/\/www.facebook.com\/Gr100Bikes\" \/>\n<meta property=\"article:modified_time\" content=\"2025-11-26T14:37:54+00:00\" \/>\n<meta property=\"og:image\" content=\"https:\/\/gr-100.com\/wp-content\/uploads\/2024\/05\/My-project-1-5.jpg\" \/>\n\t<meta property=\"og:image:width\" content=\"1000\" \/>\n\t<meta property=\"og:image:height\" content=\"1000\" \/>\n\t<meta property=\"og:image:type\" content=\"image\/jpeg\" \/>\n<meta name=\"twitter:card\" content=\"summary_large_image\" \/>\n<meta name=\"twitter:label1\" content=\"Tempo estimado de leitura\" \/>\n\t<meta name=\"twitter:data1\" content=\"1 minuto\" \/>\n<script type=\"application\/ld+json\" class=\"yoast-schema-graph\">{\"@context\":\"https:\/\/schema.org\",\"@graph\":[{\"@type\":\"WebPage\",\"@id\":\"https:\/\/gr-100.com\/pt-pt\/producto\/especializado-turbo-como-sl-5-0-2023\/\",\"url\":\"https:\/\/gr-100.com\/pt-pt\/producto\/especializado-turbo-como-sl-5-0-2023\/\",\"name\":\"Specialized Turbo Como SL 5.0 2023\",\"isPartOf\":{\"@id\":\"https:\/\/gr-100.com\/#website\"},\"primaryImageOfPage\":{\"@id\":\"https:\/\/gr-100.com\/pt-pt\/producto\/especializado-turbo-como-sl-5-0-2023\/#primaryimage\"},\"image\":{\"@id\":\"https:\/\/gr-100.com\/pt-pt\/producto\/especializado-turbo-como-sl-5-0-2023\/#primaryimage\"},\"thumbnailUrl\":\"https:\/\/gr-100.com\/wp-content\/uploads\/2024\/05\/My-project-1-5.jpg\",\"datePublished\":\"2024-07-01T13:08:59+00:00\",\"dateModified\":\"2025-11-26T14:37:54+00:00\",\"breadcrumb\":{\"@id\":\"https:\/\/gr-100.com\/pt-pt\/producto\/especializado-turbo-como-sl-5-0-2023\/#breadcrumb\"},\"inLanguage\":\"pt-PT\",\"potentialAction\":[{\"@type\":\"ReadAction\",\"target\":[\"https:\/\/gr-100.com\/pt-pt\/producto\/especializado-turbo-como-sl-5-0-2023\/\"]}]},{\"@type\":\"ImageObject\",\"inLanguage\":\"pt-PT\",\"@id\":\"https:\/\/gr-100.com\/pt-pt\/producto\/especializado-turbo-como-sl-5-0-2023\/#primaryimage\",\"url\":\"https:\/\/gr-100.com\/wp-content\/uploads\/2024\/05\/My-project-1-5.jpg\",\"contentUrl\":\"https:\/\/gr-100.com\/wp-content\/uploads\/2024\/05\/My-project-1-5.jpg\",\"width\":1000,\"height\":1000},{\"@type\":\"BreadcrumbList\",\"@id\":\"https:\/\/gr-100.com\/pt-pt\/producto\/especializado-turbo-como-sl-5-0-2023\/#breadcrumb\",\"itemListElement\":[{\"@type\":\"ListItem\",\"position\":1,\"name\":\"Portada\",\"item\":\"https:\/\/gr-100.com\/en\/\"},{\"@type\":\"ListItem\",\"position\":2,\"name\":\"Productos\",\"item\":\"https:\/\/gr-100.com\/?post_type=product\"},{\"@type\":\"ListItem\",\"position\":3,\"name\":\"Specialized Turbo Como SL 5.0 2023\"}]},{\"@type\":\"WebSite\",\"@id\":\"https:\/\/gr-100.com\/#website\",\"url\":\"https:\/\/gr-100.com\/\",\"name\":\"Gr-100 Tienda de ciclismo Specialized\",\"description\":\"GR-100 tenemos todas las gamas de bicicletas Specialized al mejor precio.\",\"publisher\":{\"@id\":\"https:\/\/gr-100.com\/#organization\"},\"alternateName\":\"Gr-100 Bikes\",\"potentialAction\":[{\"@type\":\"SearchAction\",\"target\":{\"@type\":\"EntryPoint\",\"urlTemplate\":\"https:\/\/gr-100.com\/?s={search_term_string}\"},\"query-input\":{\"@type\":\"PropertyValueSpecification\",\"valueRequired\":true,\"valueName\":\"search_term_string\"}}],\"inLanguage\":\"pt-PT\"},{\"@type\":\"Organization\",\"@id\":\"https:\/\/gr-100.com\/#organization\",\"name\":\"Gr-100\",\"url\":\"https:\/\/gr-100.com\/\",\"logo\":{\"@type\":\"ImageObject\",\"inLanguage\":\"pt-PT\",\"@id\":\"https:\/\/gr-100.com\/#\/schema\/logo\/image\/\",\"url\":\"https:\/\/gr-100.com\/wp-content\/uploads\/2023\/08\/logo-gr-100-bikes.png\",\"contentUrl\":\"https:\/\/gr-100.com\/wp-content\/uploads\/2023\/08\/logo-gr-100-bikes.png\",\"width\":707,\"height\":284,\"caption\":\"Gr-100\"},\"image\":{\"@id\":\"https:\/\/gr-100.com\/#\/schema\/logo\/image\/\"},\"sameAs\":[\"https:\/\/www.facebook.com\/Gr100Bikes\",\"https:\/\/www.instagram.com\/gr100bikes\/\",\"https:\/\/www.tiktok.com\/@gr100bikes\",\"https:\/\/twitter.com\/gr100mtbteam\",\"https:\/\/www.youtube.com\/c\/GR100Specialized\"]}]}<\/script>\n<!-- \/ Yoast SEO Premium plugin. -->","yoast_head_json":{"title":"Specialized Turbo Como SL 5.0 2023","robots":{"index":"index","follow":"follow","max-snippet":"max-snippet:-1","max-image-preview":"max-image-preview:large","max-video-preview":"max-video-preview:-1"},"canonical":"https:\/\/gr-100.com\/pt-pt\/producto\/especializado-turbo-como-sl-5-0-2023\/","og_locale":"pt_PT","og_type":"article","og_title":"Specialized Turbo Como SL 5.0 2023","og_description":"O que acontece quando mudamos o nosso sistema Super Light perfeitamente equilibrado para o nosso popular Turbo Como? A melhor combina\u00e7\u00e3o de pot\u00eancia, autonomia, manobrabilidade e conforto numa moto que pesa menos 40% do que a e-bike m\u00e9dia. O Turbo Como Super Light (SL) foi concebido para se deslocar pela cidade e n\u00e3o s\u00f3. Capaz de transportar o dobro do seu peso em carga, \u00e9 uma incr\u00edvel moto de recados, que \u00e9 t\u00e3o divertida de pilotar quanto atraente. Voc\u00ea vai adorar a facilidade de manuten\u00e7\u00e3o, uma novidade com o cubo de engrenagem interno e acionamento por correia. Este sistema protege as engrenagens da sua moto contra intemp\u00e9ries, sujidade e tamb\u00e9m prolonga a sua vida \u00fatil at\u00e9 quatro vezes mais do que a de um derailleur de engrenagens\/correntes, removendo completamente a gordura da corrente. Tamb\u00e9m pode mudar de velocidade a qualquer momento, mesmo quando est\u00e1 parado. O design sofisticado do Turbo Como Super Light permite-lhe sair sempre que quiser \u2013 dia e noite, fa\u00e7a chuva ou fa\u00e7a sol \u2013 com luzes incorporadas na bateria, guarda-lamas e muita capacidade de armazenamento. A bateria de 320Wh est\u00e1 escondida com seguran\u00e7a no tubo inferior, permitindo que seja quase indistingu\u00edvel de uma moto normal \u00e0 primeira vista. Para os dias em que quiser fazer mais, ligue o extensor de bateria opcional e pode viajar at\u00e9 149 km antes de precisar de uma recarga. Confie em n\u00f3s quando dizemos que voc\u00ea vai se encontrar fazendo recados, apenas para que voc\u00ea possa voltar a faz\u00ea-lo.","og_url":"https:\/\/gr-100.com\/pt-pt\/producto\/especializado-turbo-como-sl-5-0-2023\/","og_site_name":"Gr-100 Tienda de ciclismo Specialized","article_publisher":"https:\/\/www.facebook.com\/Gr100Bikes","article_modified_time":"2025-11-26T14:37:54+00:00","og_image":[{"width":1000,"height":1000,"url":"https:\/\/gr-100.com\/wp-content\/uploads\/2024\/05\/My-project-1-5.jpg","type":"image\/jpeg"}],"twitter_card":"summary_large_image","twitter_misc":{"Tempo estimado de leitura":"1 minuto"},"schema":{"@context":"https:\/\/schema.org","@graph":[{"@type":"WebPage","@id":"https:\/\/gr-100.com\/pt-pt\/producto\/especializado-turbo-como-sl-5-0-2023\/","url":"https:\/\/gr-100.com\/pt-pt\/producto\/especializado-turbo-como-sl-5-0-2023\/","name":"Specialized Turbo Como SL 5.0 2023","isPartOf":{"@id":"https:\/\/gr-100.com\/#website"},"primaryImageOfPage":{"@id":"https:\/\/gr-100.com\/pt-pt\/producto\/especializado-turbo-como-sl-5-0-2023\/#primaryimage"},"image":{"@id":"https:\/\/gr-100.com\/pt-pt\/producto\/especializado-turbo-como-sl-5-0-2023\/#primaryimage"},"thumbnailUrl":"https:\/\/gr-100.com\/wp-content\/uploads\/2024\/05\/My-project-1-5.jpg","datePublished":"2024-07-01T13:08:59+00:00","dateModified":"2025-11-26T14:37:54+00:00","breadcrumb":{"@id":"https:\/\/gr-100.com\/pt-pt\/producto\/especializado-turbo-como-sl-5-0-2023\/#breadcrumb"},"inLanguage":"pt-PT","potentialAction":[{"@type":"ReadAction","target":["https:\/\/gr-100.com\/pt-pt\/producto\/especializado-turbo-como-sl-5-0-2023\/"]}]},{"@type":"ImageObject","inLanguage":"pt-PT","@id":"https:\/\/gr-100.com\/pt-pt\/producto\/especializado-turbo-como-sl-5-0-2023\/#primaryimage","url":"https:\/\/gr-100.com\/wp-content\/uploads\/2024\/05\/My-project-1-5.jpg","contentUrl":"https:\/\/gr-100.com\/wp-content\/uploads\/2024\/05\/My-project-1-5.jpg","width":1000,"height":1000},{"@type":"BreadcrumbList","@id":"https:\/\/gr-100.com\/pt-pt\/producto\/especializado-turbo-como-sl-5-0-2023\/#breadcrumb","itemListElement":[{"@type":"ListItem","position":1,"name":"Portada","item":"https:\/\/gr-100.com\/en\/"},{"@type":"ListItem","position":2,"name":"Productos","item":"https:\/\/gr-100.com\/?post_type=product"},{"@type":"ListItem","position":3,"name":"Specialized Turbo Como SL 5.0 2023"}]},{"@type":"WebSite","@id":"https:\/\/gr-100.com\/#website","url":"https:\/\/gr-100.com\/","name":"Gr-100 Tienda de ciclismo Specialized","description":"GR-100 tenemos todas las gamas de bicicletas Specialized al mejor precio.","publisher":{"@id":"https:\/\/gr-100.com\/#organization"},"alternateName":"Gr-100 Bikes","potentialAction":[{"@type":"SearchAction","target":{"@type":"EntryPoint","urlTemplate":"https:\/\/gr-100.com\/?s={search_term_string}"},"query-input":{"@type":"PropertyValueSpecification","valueRequired":true,"valueName":"search_term_string"}}],"inLanguage":"pt-PT"},{"@type":"Organization","@id":"https:\/\/gr-100.com\/#organization","name":"Gr-100","url":"https:\/\/gr-100.com\/","logo":{"@type":"ImageObject","inLanguage":"pt-PT","@id":"https:\/\/gr-100.com\/#\/schema\/logo\/image\/","url":"https:\/\/gr-100.com\/wp-content\/uploads\/2023\/08\/logo-gr-100-bikes.png","contentUrl":"https:\/\/gr-100.com\/wp-content\/uploads\/2023\/08\/logo-gr-100-bikes.png","width":707,"height":284,"caption":"Gr-100"},"image":{"@id":"https:\/\/gr-100.com\/#\/schema\/logo\/image\/"},"sameAs":["https:\/\/www.facebook.com\/Gr100Bikes","https:\/\/www.instagram.com\/gr100bikes\/","https:\/\/www.tiktok.com\/@gr100bikes","https:\/\/twitter.com\/gr100mtbteam","https:\/\/www.youtube.com\/c\/GR100Specialized"]}]}},"_links":{"self":[{"href":"https:\/\/gr-100.com\/pt-pt\/wp-json\/wp\/v2\/product\/385285","targetHints":{"allow":["GET"]}}],"collection":[{"href":"https:\/\/gr-100.com\/pt-pt\/wp-json\/wp\/v2\/product"}],"about":[{"href":"https:\/\/gr-100.com\/pt-pt\/wp-json\/wp\/v2\/types\/product"}],"replies":[{"embeddable":true,"href":"https:\/\/gr-100.com\/pt-pt\/wp-json\/wp\/v2\/comments?post=385285"}],"wp:featuredmedia":[{"embeddable":true,"href":"https:\/\/gr-100.com\/pt-pt\/wp-json\/wp\/v2\/media\/302215"}],"wp:attachment":[{"href":"https:\/\/gr-100.com\/pt-pt\/wp-json\/wp\/v2\/media?parent=385285"}],"wp:term":[{"taxonomy":"product_brand","embeddable":true,"href":"https:\/\/gr-100.com\/pt-pt\/wp-json\/wp\/v2\/product_brand?post=385285"},{"taxonomy":"product_cat","embeddable":true,"href":"https:\/\/gr-100.com\/pt-pt\/wp-json\/wp\/v2\/product_cat?post=385285"},{"taxonomy":"product_tag","embeddable":true,"href":"https:\/\/gr-100.com\/pt-pt\/wp-json\/wp\/v2\/product_tag?post=385285"}],"curies":[{"name":"wp","href":"https:\/\/api.w.org\/{rel}","templated":true}]}}