{"id":385301,"date":"2024-07-01T13:02:25","date_gmt":"2024-07-01T11:02:25","guid":{"rendered":"https:\/\/gr-100.com\/producto\/especializado-s-works-turbo-levo-g3-2023\/"},"modified":"2025-12-18T16:48:29","modified_gmt":"2025-12-18T14:48:29","slug":"especializado-s-works-turbo-levo-g3-2023","status":"publish","type":"product","link":"https:\/\/gr-100.com\/pt-pt\/producto\/especializado-s-works-turbo-levo-g3-2023\/","title":{"rendered":"Specialized S-Works Turbo Levo G3 2023"},"content":{"rendered":"<div class=\"product-specification\">\n<dl>\n<dt>Encaderna\u00e7\u00e3o de assentos<\/dt>\n<dd>Liga, 38.6mm<\/dd>\n<\/dl>\n<dl>\n<dt>Moldura<\/dt>\n<dd>FACTO 11m full carbon, roda dianteira de 29&#8243;, roda traseira de 27,5&#8243;, roteamento interno completo do cabo, espa\u00e7amento de 148mm, rolamentos de cartucho totalmente selados, 150mm de curso, tubo de cabe\u00e7a de ajuste geogr\u00e1fico, piv\u00f4 horst de ajuste geogr\u00e1fico<\/dd>\n<\/dl>\n<\/div>\n<div class=\"product-specification\">\n<dl>\n<dt>SWAT<\/dt>\n<dd>Ferramenta integrada de tubo direcional SWAT CC com ferramenta de corrente e link<\/dd>\n<\/dl>\n<\/div>\n<div class=\"product-specification\">\n<dl>\n<dt>Garfo<\/dt>\n<dd>Fox 38 Factory, Amortecedor Grip 2, 29&#8243;, 160mm Curso, Kashima, 44mm Offset<\/dd>\n<\/dl>\n<dl>\n<dt>Choque<\/dt>\n<p> traseiro<\/p>\n<dd>Fox Float X2 Factory, Kashima, 210x55mm<\/dd>\n<\/dl>\n<\/div>\n<div class=\"product-specification\">\n<dl>\n<dt>Sela<\/dt>\n<dd>Ponte, 155\/143mm, Ti-rails ocos<\/dd>\n<\/dl>\n<dl>\n<dt>Punhos<\/dt>\n<dd>Punhos da Divindade<\/dd>\n<\/dl>\n<dl>\n<dt>Caule<\/dt>\n<dd>Divindade, 35.0mm<\/dd>\n<\/dl>\n<dl>\n<dt>Poste<\/dt>\n<p> de assento<\/p>\n<dd>RockShox Reverb AXS, 30.9, 1X remoto, (S1:100mm, S2: 125mm, S3: 150mm, S4-S6: 170mm)<\/dd>\n<\/dl>\n<dl>\n<dt>Guiador<\/dt>\n<dd>Roval Traverse SL Carbon, barra riser, upsweep de 6 graus, backsweep de 8 graus, eleva\u00e7\u00e3o de 30mm, 780mm, 35,0mm<\/dd>\n<\/dl>\n<\/div>\n<div class=\"product-specification\">\n<dl>\n<dt>Freio traseiro<\/dt>\n<dd>SRAM Stealth Ultimate, pin\u00e7a de 4 pist\u00f5es, disco hidr\u00e1ulico, rotor de 220 mm<\/dd>\n<\/dl>\n<dl>\n<dt>Freio dianteiro<\/dt>\n<dd>SRAM Stealth Ultimate, pin\u00e7a de 4 pist\u00f5es, disco hidr\u00e1ulico, rotor de 220 mm<\/dd>\n<\/dl>\n<\/div>\n<div class=\"product-specification\">\n<dl>\n<dt>Virabrequim<\/dt>\n<dd>Interface de fuso Praxis Carbon\/Custom Offset\/ISIS, 160mm<\/dd>\n<\/dl>\n<dl>\n<dt>Alavancas de<\/dt>\n<p> mudan\u00e7a<\/p>\n<dd>SRAM AXS POD<\/dd>\n<\/dl>\n<dl>\n<dt>Cadeia<\/dt>\n<dd>SRAM XX Eagle Transmiss\u00e3o Flattop Chain<\/dd>\n<\/dl>\n<dl>\n<dt>An\u00e9is de<\/dt>\n<p> corrente<\/p>\n<dd>Novo SL 1.2 spider, 104BCD w \/ SRAM 32t Anel de liga compat\u00edvel com transmiss\u00e3o<\/dd>\n<\/dl>\n<dl>\n<dt>\n<\/dt>\n<dd>SRAM XX Eagle de transmiss\u00e3o, 12spd, 10-52t<\/dd>\n<\/dl>\n<dl>\n<dt>Descarrilador<\/dt>\n<p> traseiro<\/p>\n<dd>SRAM XX Eagle Descarrilador de Transmiss\u00e3o<\/dd>\n<\/dl>\n<\/div>\n<div class=\"product-specification\">\n<dl>\n<dt>Pneu<\/dt>\n<p> dianteiro<\/p>\n<dd>Talho, carca\u00e7a GRID TRAIL, composto GRIPTON\u00ae T9, 2Bliss Ready, 29&#215;2.6&#8243;<\/dd>\n<\/dl>\n<dl>\n<dt>Pneu traseiro<\/dt>\n<dd>Eliminador, inv\u00f3lucro GRID TRAIL, composto GRIPTON\u00ae T7, 2Bliss Ready, 27.5&#215;2.6&#8243;<\/dd>\n<\/dl>\n<dl>\n<dt>Roda traseira<\/dt>\n<dd>Roval Traverse SL 27.5, espa\u00e7amento de 148 mm, corpo XD freehub<\/dd>\n<\/dl>\n<dl>\n<dt>Roda dianteira<\/dt>\n<dd>Roval SL 29<\/dd>\n<\/dl>\n<dl>\n<dt>Tubos Internos<\/dt>\n<dd>Padr\u00e3o, Presta Valve<\/dd>\n<\/dl>\n<\/div>\n<div class=\"product-specification\">\n<dl>\n<dt>Cablagem<\/dt>\n<dd>Chicote de cablagem Specialized personalizado<\/dd>\n<\/dl>\n<dl>\n<dt>Carregador<\/dt>\n<dd>Carregador personalizado, 42V4A c\/ ficha Rosenberger, 100-240V<\/dd>\n<\/dl>\n<dl>\n<dt>Motores<\/dt>\n<dd>Specialized 2.2 Custom Rx Trail Motor Sintonizado<\/dd>\n<\/dl>\n<dl>\n<dt>Bateria<\/dt>\n<dd>Specialized M3-700, bateria integrada, 700Wh<\/dd>\n<\/dl>\n<dl>\n<dt>UI\/Remoto<\/dt>\n<dd>TCU Specialized, percentagem da carga restante, 120 configura\u00e7\u00f5es de ecr\u00e3 poss\u00edveis, ajuste de assist\u00eancia MicroTune, atualiza\u00e7\u00f5es over-the-air, ANT+\/Bluetooth\u00ae, w\/Handlebar remoto<\/dd>\n<\/dl>\n<\/div>\n","protected":false},"excerpt":{"rendered":"<p>O Turbo Levo incorpora tudo o que a Specialized aprendeu sobre mountain bike ao longo dos anos: a combina\u00e7\u00e3o perfeita de chassi ajustado, suspens\u00e3o, geometria e assist\u00eancia ao motor que contribui para uma incr\u00edvel experi\u00eancia de pilotagem em trilha.<br \/>\n\u00c9 o MTB Specialized mais animado e \u00e1gil que j\u00e1 desenvolveu. <\/p>\n","protected":false},"featured_media":301928,"comment_status":"closed","ping_status":"closed","template":"","meta":{"_acf_changed":false,"_et_pb_use_builder":"","_et_pb_old_content":"","_et_gb_content_width":"","inline_featured_image":false},"product_brand":[],"product_cat":[4353,2459,391,2483,2460,3255,2696],"product_tag":[],"class_list":{"0":"post-385301","1":"product","2":"type-product","3":"status-publish","4":"has-post-thumbnail","6":"product_cat-liquidacion-specialized","7":"product_cat-bicicletas-pt-pt-2","8":"product_cat-eletricas","9":"product_cat-bicicletas-especializadas","10":"product_cat-ofertas-pt-pt","11":"product_cat-oferta-eletrica","12":"product_cat-ofertas-especializadas","13":"product_shipping_class-bicicletas-pt-pt","15":"first","16":"outofstock","17":"taxable","18":"shipping-taxable","19":"product-type-variable","20":"wvs-archive-product-wrapper"},"acf":[],"yoast_head":"<!-- This site is optimized with the Yoast SEO Premium plugin v26.7 (Yoast SEO v26.7) - https:\/\/yoast.com\/wordpress\/plugins\/seo\/ -->\n<title>Specialized S-Works Turbo Levo G3 2023 GR-100 Ofertas<\/title>\n<meta name=\"description\" content=\"Encontre a bicicleta de montanha el\u00e9trica perfeita na GR-100. Descubra o Specialized S-Works Turbo Levo G3 e sinta a adrenalina.\" \/>\n<meta name=\"robots\" content=\"index, follow, max-snippet:-1, max-image-preview:large, max-video-preview:-1\" \/>\n<link rel=\"canonical\" href=\"https:\/\/gr-100.com\/pt-pt\/producto\/especializado-s-works-turbo-levo-g3-2023\/\" \/>\n<meta property=\"og:locale\" content=\"pt_PT\" \/>\n<meta property=\"og:type\" content=\"article\" \/>\n<meta property=\"og:title\" content=\"Specialized S-Works Turbo Levo G3 2023\" \/>\n<meta property=\"og:description\" content=\"Encontre a bicicleta de montanha el\u00e9trica perfeita na GR-100. Descubra o Specialized S-Works Turbo Levo G3 e sinta a adrenalina.\" \/>\n<meta property=\"og:url\" content=\"https:\/\/gr-100.com\/pt-pt\/producto\/especializado-s-works-turbo-levo-g3-2023\/\" \/>\n<meta property=\"og:site_name\" content=\"Gr-100 Tienda de ciclismo Specialized\" \/>\n<meta property=\"article:publisher\" content=\"https:\/\/www.facebook.com\/Gr100Bikes\" \/>\n<meta property=\"article:modified_time\" content=\"2025-12-18T14:48:29+00:00\" \/>\n<meta property=\"og:image\" content=\"https:\/\/gr-100.com\/wp-content\/uploads\/2024\/05\/S-Works-Turbo-Levo-G3-2.jpg\" \/>\n\t<meta property=\"og:image:width\" content=\"1000\" \/>\n\t<meta property=\"og:image:height\" content=\"1000\" \/>\n\t<meta property=\"og:image:type\" content=\"image\/jpeg\" \/>\n<meta name=\"twitter:card\" content=\"summary_large_image\" \/>\n<meta name=\"twitter:label1\" content=\"Tempo estimado de leitura\" \/>\n\t<meta name=\"twitter:data1\" content=\"2 minutos\" \/>\n<script type=\"application\/ld+json\" class=\"yoast-schema-graph\">{\"@context\":\"https:\/\/schema.org\",\"@graph\":[{\"@type\":\"WebPage\",\"@id\":\"https:\/\/gr-100.com\/pt-pt\/producto\/especializado-s-works-turbo-levo-g3-2023\/\",\"url\":\"https:\/\/gr-100.com\/pt-pt\/producto\/especializado-s-works-turbo-levo-g3-2023\/\",\"name\":\"Specialized S-Works Turbo Levo G3 2023 GR-100 Ofertas\",\"isPartOf\":{\"@id\":\"https:\/\/gr-100.com\/#website\"},\"primaryImageOfPage\":{\"@id\":\"https:\/\/gr-100.com\/pt-pt\/producto\/especializado-s-works-turbo-levo-g3-2023\/#primaryimage\"},\"image\":{\"@id\":\"https:\/\/gr-100.com\/pt-pt\/producto\/especializado-s-works-turbo-levo-g3-2023\/#primaryimage\"},\"thumbnailUrl\":\"https:\/\/gr-100.com\/wp-content\/uploads\/2024\/05\/S-Works-Turbo-Levo-G3-2.jpg\",\"datePublished\":\"2024-07-01T11:02:25+00:00\",\"dateModified\":\"2025-12-18T14:48:29+00:00\",\"description\":\"Encontre a bicicleta de montanha el\u00e9trica perfeita na GR-100. Descubra o Specialized S-Works Turbo Levo G3 e sinta a adrenalina.\",\"breadcrumb\":{\"@id\":\"https:\/\/gr-100.com\/pt-pt\/producto\/especializado-s-works-turbo-levo-g3-2023\/#breadcrumb\"},\"inLanguage\":\"pt-PT\",\"potentialAction\":[{\"@type\":\"ReadAction\",\"target\":[\"https:\/\/gr-100.com\/pt-pt\/producto\/especializado-s-works-turbo-levo-g3-2023\/\"]}]},{\"@type\":\"ImageObject\",\"inLanguage\":\"pt-PT\",\"@id\":\"https:\/\/gr-100.com\/pt-pt\/producto\/especializado-s-works-turbo-levo-g3-2023\/#primaryimage\",\"url\":\"https:\/\/gr-100.com\/wp-content\/uploads\/2024\/05\/S-Works-Turbo-Levo-G3-2.jpg\",\"contentUrl\":\"https:\/\/gr-100.com\/wp-content\/uploads\/2024\/05\/S-Works-Turbo-Levo-G3-2.jpg\",\"width\":1000,\"height\":1000},{\"@type\":\"BreadcrumbList\",\"@id\":\"https:\/\/gr-100.com\/pt-pt\/producto\/especializado-s-works-turbo-levo-g3-2023\/#breadcrumb\",\"itemListElement\":[{\"@type\":\"ListItem\",\"position\":1,\"name\":\"Portada\",\"item\":\"https:\/\/gr-100.com\/en\/\"},{\"@type\":\"ListItem\",\"position\":2,\"name\":\"Productos\",\"item\":\"https:\/\/gr-100.com\/?post_type=product\"},{\"@type\":\"ListItem\",\"position\":3,\"name\":\"Specialized S-Works Turbo Levo G3 2023\"}]},{\"@type\":\"WebSite\",\"@id\":\"https:\/\/gr-100.com\/#website\",\"url\":\"https:\/\/gr-100.com\/\",\"name\":\"Gr-100 Tienda de ciclismo Specialized\",\"description\":\"GR-100 tenemos todas las gamas de bicicletas Specialized al mejor precio.\",\"publisher\":{\"@id\":\"https:\/\/gr-100.com\/#organization\"},\"alternateName\":\"Gr-100 Bikes\",\"potentialAction\":[{\"@type\":\"SearchAction\",\"target\":{\"@type\":\"EntryPoint\",\"urlTemplate\":\"https:\/\/gr-100.com\/?s={search_term_string}\"},\"query-input\":{\"@type\":\"PropertyValueSpecification\",\"valueRequired\":true,\"valueName\":\"search_term_string\"}}],\"inLanguage\":\"pt-PT\"},{\"@type\":\"Organization\",\"@id\":\"https:\/\/gr-100.com\/#organization\",\"name\":\"Gr-100\",\"url\":\"https:\/\/gr-100.com\/\",\"logo\":{\"@type\":\"ImageObject\",\"inLanguage\":\"pt-PT\",\"@id\":\"https:\/\/gr-100.com\/#\/schema\/logo\/image\/\",\"url\":\"https:\/\/gr-100.com\/wp-content\/uploads\/2023\/08\/logo-gr-100-bikes.png\",\"contentUrl\":\"https:\/\/gr-100.com\/wp-content\/uploads\/2023\/08\/logo-gr-100-bikes.png\",\"width\":707,\"height\":284,\"caption\":\"Gr-100\"},\"image\":{\"@id\":\"https:\/\/gr-100.com\/#\/schema\/logo\/image\/\"},\"sameAs\":[\"https:\/\/www.facebook.com\/Gr100Bikes\",\"https:\/\/www.instagram.com\/gr100bikes\/\",\"https:\/\/www.tiktok.com\/@gr100bikes\",\"https:\/\/twitter.com\/gr100mtbteam\",\"https:\/\/www.youtube.com\/c\/GR100Specialized\"]}]}<\/script>\n<!-- \/ Yoast SEO Premium plugin. -->","yoast_head_json":{"title":"Specialized S-Works Turbo Levo G3 2023 GR-100 Ofertas","description":"Encontre a bicicleta de montanha el\u00e9trica perfeita na GR-100. Descubra o Specialized S-Works Turbo Levo G3 e sinta a adrenalina.","robots":{"index":"index","follow":"follow","max-snippet":"max-snippet:-1","max-image-preview":"max-image-preview:large","max-video-preview":"max-video-preview:-1"},"canonical":"https:\/\/gr-100.com\/pt-pt\/producto\/especializado-s-works-turbo-levo-g3-2023\/","og_locale":"pt_PT","og_type":"article","og_title":"Specialized S-Works Turbo Levo G3 2023","og_description":"Encontre a bicicleta de montanha el\u00e9trica perfeita na GR-100. Descubra o Specialized S-Works Turbo Levo G3 e sinta a adrenalina.","og_url":"https:\/\/gr-100.com\/pt-pt\/producto\/especializado-s-works-turbo-levo-g3-2023\/","og_site_name":"Gr-100 Tienda de ciclismo Specialized","article_publisher":"https:\/\/www.facebook.com\/Gr100Bikes","article_modified_time":"2025-12-18T14:48:29+00:00","og_image":[{"width":1000,"height":1000,"url":"https:\/\/gr-100.com\/wp-content\/uploads\/2024\/05\/S-Works-Turbo-Levo-G3-2.jpg","type":"image\/jpeg"}],"twitter_card":"summary_large_image","twitter_misc":{"Tempo estimado de leitura":"2 minutos"},"schema":{"@context":"https:\/\/schema.org","@graph":[{"@type":"WebPage","@id":"https:\/\/gr-100.com\/pt-pt\/producto\/especializado-s-works-turbo-levo-g3-2023\/","url":"https:\/\/gr-100.com\/pt-pt\/producto\/especializado-s-works-turbo-levo-g3-2023\/","name":"Specialized S-Works Turbo Levo G3 2023 GR-100 Ofertas","isPartOf":{"@id":"https:\/\/gr-100.com\/#website"},"primaryImageOfPage":{"@id":"https:\/\/gr-100.com\/pt-pt\/producto\/especializado-s-works-turbo-levo-g3-2023\/#primaryimage"},"image":{"@id":"https:\/\/gr-100.com\/pt-pt\/producto\/especializado-s-works-turbo-levo-g3-2023\/#primaryimage"},"thumbnailUrl":"https:\/\/gr-100.com\/wp-content\/uploads\/2024\/05\/S-Works-Turbo-Levo-G3-2.jpg","datePublished":"2024-07-01T11:02:25+00:00","dateModified":"2025-12-18T14:48:29+00:00","description":"Encontre a bicicleta de montanha el\u00e9trica perfeita na GR-100. Descubra o Specialized S-Works Turbo Levo G3 e sinta a adrenalina.","breadcrumb":{"@id":"https:\/\/gr-100.com\/pt-pt\/producto\/especializado-s-works-turbo-levo-g3-2023\/#breadcrumb"},"inLanguage":"pt-PT","potentialAction":[{"@type":"ReadAction","target":["https:\/\/gr-100.com\/pt-pt\/producto\/especializado-s-works-turbo-levo-g3-2023\/"]}]},{"@type":"ImageObject","inLanguage":"pt-PT","@id":"https:\/\/gr-100.com\/pt-pt\/producto\/especializado-s-works-turbo-levo-g3-2023\/#primaryimage","url":"https:\/\/gr-100.com\/wp-content\/uploads\/2024\/05\/S-Works-Turbo-Levo-G3-2.jpg","contentUrl":"https:\/\/gr-100.com\/wp-content\/uploads\/2024\/05\/S-Works-Turbo-Levo-G3-2.jpg","width":1000,"height":1000},{"@type":"BreadcrumbList","@id":"https:\/\/gr-100.com\/pt-pt\/producto\/especializado-s-works-turbo-levo-g3-2023\/#breadcrumb","itemListElement":[{"@type":"ListItem","position":1,"name":"Portada","item":"https:\/\/gr-100.com\/en\/"},{"@type":"ListItem","position":2,"name":"Productos","item":"https:\/\/gr-100.com\/?post_type=product"},{"@type":"ListItem","position":3,"name":"Specialized S-Works Turbo Levo G3 2023"}]},{"@type":"WebSite","@id":"https:\/\/gr-100.com\/#website","url":"https:\/\/gr-100.com\/","name":"Gr-100 Tienda de ciclismo Specialized","description":"GR-100 tenemos todas las gamas de bicicletas Specialized al mejor precio.","publisher":{"@id":"https:\/\/gr-100.com\/#organization"},"alternateName":"Gr-100 Bikes","potentialAction":[{"@type":"SearchAction","target":{"@type":"EntryPoint","urlTemplate":"https:\/\/gr-100.com\/?s={search_term_string}"},"query-input":{"@type":"PropertyValueSpecification","valueRequired":true,"valueName":"search_term_string"}}],"inLanguage":"pt-PT"},{"@type":"Organization","@id":"https:\/\/gr-100.com\/#organization","name":"Gr-100","url":"https:\/\/gr-100.com\/","logo":{"@type":"ImageObject","inLanguage":"pt-PT","@id":"https:\/\/gr-100.com\/#\/schema\/logo\/image\/","url":"https:\/\/gr-100.com\/wp-content\/uploads\/2023\/08\/logo-gr-100-bikes.png","contentUrl":"https:\/\/gr-100.com\/wp-content\/uploads\/2023\/08\/logo-gr-100-bikes.png","width":707,"height":284,"caption":"Gr-100"},"image":{"@id":"https:\/\/gr-100.com\/#\/schema\/logo\/image\/"},"sameAs":["https:\/\/www.facebook.com\/Gr100Bikes","https:\/\/www.instagram.com\/gr100bikes\/","https:\/\/www.tiktok.com\/@gr100bikes","https:\/\/twitter.com\/gr100mtbteam","https:\/\/www.youtube.com\/c\/GR100Specialized"]}]}},"_links":{"self":[{"href":"https:\/\/gr-100.com\/pt-pt\/wp-json\/wp\/v2\/product\/385301","targetHints":{"allow":["GET"]}}],"collection":[{"href":"https:\/\/gr-100.com\/pt-pt\/wp-json\/wp\/v2\/product"}],"about":[{"href":"https:\/\/gr-100.com\/pt-pt\/wp-json\/wp\/v2\/types\/product"}],"replies":[{"embeddable":true,"href":"https:\/\/gr-100.com\/pt-pt\/wp-json\/wp\/v2\/comments?post=385301"}],"wp:featuredmedia":[{"embeddable":true,"href":"https:\/\/gr-100.com\/pt-pt\/wp-json\/wp\/v2\/media\/301928"}],"wp:attachment":[{"href":"https:\/\/gr-100.com\/pt-pt\/wp-json\/wp\/v2\/media?parent=385301"}],"wp:term":[{"taxonomy":"product_brand","embeddable":true,"href":"https:\/\/gr-100.com\/pt-pt\/wp-json\/wp\/v2\/product_brand?post=385301"},{"taxonomy":"product_cat","embeddable":true,"href":"https:\/\/gr-100.com\/pt-pt\/wp-json\/wp\/v2\/product_cat?post=385301"},{"taxonomy":"product_tag","embeddable":true,"href":"https:\/\/gr-100.com\/pt-pt\/wp-json\/wp\/v2\/product_tag?post=385301"}],"curies":[{"name":"wp","href":"https:\/\/api.w.org\/{rel}","templated":true}]}}