{"id":385377,"date":"2024-07-01T12:58:37","date_gmt":"2024-07-01T10:58:37","guid":{"rendered":"https:\/\/gr-100.com\/producto\/tero-especializado-5-0-2023\/"},"modified":"2025-11-26T16:40:02","modified_gmt":"2025-11-26T14:40:02","slug":"tero-especializado-5-0-2023","status":"publish","type":"product","link":"https:\/\/gr-100.com\/pt-pt\/producto\/tero-especializado-5-0-2023\/","title":{"rendered":"Specialized Tero 5.0 2023"},"content":{"rendered":"<div class=\"product-specification\">\n<p><strong>IMAGEM<\/strong><br \/>\n<strong>Garfo de<\/strong><br \/>\nalum\u00ednio E5 Rockshox Recon Silver RL, curso de 110mm, controle de movimentoSRAM G2 RS <strong>BRAKES<\/strong><br \/>\n, pin\u00e7aSpecialized de 4 pist\u00f5es <strong>SRAM GX SHIFT,<\/strong><br \/>\n gaiola longa,SRAM 11 velocidades <strong>MOTOR<\/strong><br \/>\nSpecialized 2.2 <strong>BATERIA<\/strong><br \/>\n Specialized U2-710 <strong>CHAIN<\/strong><br \/>\nKMC e11T, 11 velocidades w \/ Missing Link\u2122<\/p>\n<p><strong>PNEUS<\/strong><br \/>\nControlo \u00e0 terra, 2Bliss Ready, 29&#215;2.35&#8243;<br \/>\n<strong>PINION<\/strong><br \/>\nSRAM PG-1130, 11 velocidades, 11-42t<br \/>\n<strong>POT\u00caNCIA<\/strong><br \/>\nLiga forjada 3D Stout <strong>UNIDADE REMOTA<\/strong><br \/>\nMasterMind TCD <strong>CHARGER<\/strong><br \/>\nCarregador personalizado, 42V4A <strong>Rivo Sport Saddle<\/strong><br \/>\n, trilhos de a\u00e7o, 155mm TranzX Dropper <strong>SEATPOST,<\/strong><br \/>\n 30.9mm<\/p>\n<p><strong>Pneus<\/strong><br \/>\nStout XC 29, largura interna de 25mm, espec\u00edfico do disco<br \/>\n<strong>MOTOR<\/strong><br \/>\nSpecialized <strong>BATERIA<\/strong><br \/>\n710 <strong>FRENO<\/strong> Disco<br \/>\nDI\u00c1METRO 29&#8243; <strong>N\u00ba PI\u00d1ONES<\/strong><br \/>\n11V<\/p>\n<p><strong>TIPO<\/strong><br \/>\n DE TRANSMISS\u00c3OMec\u00e2nica<br \/>\n<strong>N\u00ba PRATOS<\/strong><br \/>\n1<br \/>\n<strong>CUBIERTA<\/strong><br \/>\nTubeless <strong>ANCHO BARRA<\/strong><br \/>\n32<\/p>\n<p><strong>VIAGEM DE<\/strong><br \/>\n SUSPENS\u00c3O110<br \/>\n<strong>TIPO DE<\/strong><br \/>\n N\u00daCLEOHG<br \/>\n<strong>TIPO DE<\/strong><br \/>\n DISCO6\u00ba T<br \/>\n<strong>DI\u00c2METRO DO GUIADOR<\/strong><br \/>\n31<br \/>\n<strong>POST CONTA-gotas<\/strong><br \/>\nSim<br \/>\n<strong>LARGURA DO<\/strong><br \/>\n HUBAumento de 12x148mm<br \/>\n<strong>DI\u00c2METRO DO<\/strong><br \/>\n DISCO200\/180mil\u00edmetro<\/p>\n<\/div>\n","protected":false},"excerpt":{"rendered":"<p>A nova Turbo Tero \u00e9 uma bicicleta de montanha el\u00e9trica equipada para os seus percursos di\u00e1rios. Uma bicicleta de turismo que voc\u00ea pode levar com voc\u00ea para suas trilhas favoritas. Uma bicicleta de turismo com a qual voc\u00ea pode transportar carga. Tudo o que voc\u00ea precisa para ir onde quiser. Um super-her\u00f3i que faz tudo, o Tero combina funcionalidade com o DNA de um campe\u00e3o mundial e assist\u00eancia el\u00e9trica l\u00edder da classe. Os pontos fortes do Tero s\u00e3o a fus\u00e3o de poder, confian\u00e7a e versatilidade. Desenvolvidos em conjunto para um \u00fanico objetivo final, estes atributos resultam numa moto forte, eficiente e adapt\u00e1vel.    <\/p>\n","protected":false},"featured_media":301756,"comment_status":"closed","ping_status":"closed","template":"","meta":{"_acf_changed":false,"_et_pb_use_builder":"","_et_pb_old_content":"","_et_gb_content_width":"","inline_featured_image":false},"product_brand":[],"product_cat":[2459,391,2483,2460],"product_tag":[],"class_list":{"0":"post-385377","1":"product","2":"type-product","3":"status-publish","4":"has-post-thumbnail","6":"product_cat-bicicletas-pt-pt-2","7":"product_cat-eletricas","8":"product_cat-bicicletas-especializadas","9":"product_cat-ofertas-pt-pt","10":"product_shipping_class-bicicletas-pt-pt","12":"first","13":"outofstock","14":"taxable","15":"shipping-taxable","16":"product-type-variable","17":"wvs-archive-product-wrapper"},"acf":[],"yoast_head":"<!-- This site is optimized with the Yoast SEO Premium plugin v26.7 (Yoast SEO v26.7) - https:\/\/yoast.com\/wordpress\/plugins\/seo\/ -->\n<title>Specialized Tero 5.0 2023 GR-100 Ofertas<\/title>\n<meta name=\"description\" content=\"Specialized Tero 4.0 NB. O motor Turbo Full Power 2.2 incorporado na estrutura de alum\u00ednio do Tero 5.0 juntamente com a bateria integrada de 710 Wh\" \/>\n<meta name=\"robots\" content=\"index, follow, max-snippet:-1, max-image-preview:large, max-video-preview:-1\" \/>\n<link rel=\"canonical\" href=\"https:\/\/gr-100.com\/pt-pt\/producto\/tero-especializado-5-0-2023\/\" \/>\n<meta property=\"og:locale\" content=\"pt_PT\" \/>\n<meta property=\"og:type\" content=\"article\" \/>\n<meta property=\"og:title\" content=\"Specialized Tero 5.0 2023\" \/>\n<meta property=\"og:description\" content=\"Specialized Tero 4.0 NB. O motor Turbo Full Power 2.2 incorporado na estrutura de alum\u00ednio do Tero 5.0 juntamente com a bateria integrada de 710 Wh\" \/>\n<meta property=\"og:url\" content=\"https:\/\/gr-100.com\/pt-pt\/producto\/tero-especializado-5-0-2023\/\" \/>\n<meta property=\"og:site_name\" content=\"Gr-100 Tienda de ciclismo Specialized\" \/>\n<meta property=\"article:publisher\" content=\"https:\/\/www.facebook.com\/Gr100Bikes\" \/>\n<meta property=\"article:modified_time\" content=\"2025-11-26T14:40:02+00:00\" \/>\n<meta property=\"og:image\" content=\"https:\/\/gr-100.com\/wp-content\/uploads\/2024\/05\/Turbo-Tero-5.0-2.jpg\" \/>\n\t<meta property=\"og:image:width\" content=\"1000\" \/>\n\t<meta property=\"og:image:height\" content=\"1000\" \/>\n\t<meta property=\"og:image:type\" content=\"image\/jpeg\" \/>\n<meta name=\"twitter:card\" content=\"summary_large_image\" \/>\n<meta name=\"twitter:label1\" content=\"Tempo estimado de leitura\" \/>\n\t<meta name=\"twitter:data1\" content=\"1 minuto\" \/>\n<script type=\"application\/ld+json\" class=\"yoast-schema-graph\">{\"@context\":\"https:\/\/schema.org\",\"@graph\":[{\"@type\":\"WebPage\",\"@id\":\"https:\/\/gr-100.com\/pt-pt\/producto\/tero-especializado-5-0-2023\/\",\"url\":\"https:\/\/gr-100.com\/pt-pt\/producto\/tero-especializado-5-0-2023\/\",\"name\":\"Specialized Tero 5.0 2023 GR-100 Ofertas\",\"isPartOf\":{\"@id\":\"https:\/\/gr-100.com\/#website\"},\"primaryImageOfPage\":{\"@id\":\"https:\/\/gr-100.com\/pt-pt\/producto\/tero-especializado-5-0-2023\/#primaryimage\"},\"image\":{\"@id\":\"https:\/\/gr-100.com\/pt-pt\/producto\/tero-especializado-5-0-2023\/#primaryimage\"},\"thumbnailUrl\":\"https:\/\/gr-100.com\/wp-content\/uploads\/2024\/05\/Turbo-Tero-5.0-2.jpg\",\"datePublished\":\"2024-07-01T10:58:37+00:00\",\"dateModified\":\"2025-11-26T14:40:02+00:00\",\"description\":\"Specialized Tero 4.0 NB. O motor Turbo Full Power 2.2 incorporado na estrutura de alum\u00ednio do Tero 5.0 juntamente com a bateria integrada de 710 Wh\",\"breadcrumb\":{\"@id\":\"https:\/\/gr-100.com\/pt-pt\/producto\/tero-especializado-5-0-2023\/#breadcrumb\"},\"inLanguage\":\"pt-PT\",\"potentialAction\":[{\"@type\":\"ReadAction\",\"target\":[\"https:\/\/gr-100.com\/pt-pt\/producto\/tero-especializado-5-0-2023\/\"]}]},{\"@type\":\"ImageObject\",\"inLanguage\":\"pt-PT\",\"@id\":\"https:\/\/gr-100.com\/pt-pt\/producto\/tero-especializado-5-0-2023\/#primaryimage\",\"url\":\"https:\/\/gr-100.com\/wp-content\/uploads\/2024\/05\/Turbo-Tero-5.0-2.jpg\",\"contentUrl\":\"https:\/\/gr-100.com\/wp-content\/uploads\/2024\/05\/Turbo-Tero-5.0-2.jpg\",\"width\":1000,\"height\":1000},{\"@type\":\"BreadcrumbList\",\"@id\":\"https:\/\/gr-100.com\/pt-pt\/producto\/tero-especializado-5-0-2023\/#breadcrumb\",\"itemListElement\":[{\"@type\":\"ListItem\",\"position\":1,\"name\":\"Portada\",\"item\":\"https:\/\/gr-100.com\/en\/\"},{\"@type\":\"ListItem\",\"position\":2,\"name\":\"Productos\",\"item\":\"https:\/\/gr-100.com\/?post_type=product\"},{\"@type\":\"ListItem\",\"position\":3,\"name\":\"Specialized Tero 5.0 2023\"}]},{\"@type\":\"WebSite\",\"@id\":\"https:\/\/gr-100.com\/#website\",\"url\":\"https:\/\/gr-100.com\/\",\"name\":\"Gr-100 Tienda de ciclismo Specialized\",\"description\":\"GR-100 tenemos todas las gamas de bicicletas Specialized al mejor precio.\",\"publisher\":{\"@id\":\"https:\/\/gr-100.com\/#organization\"},\"alternateName\":\"Gr-100 Bikes\",\"potentialAction\":[{\"@type\":\"SearchAction\",\"target\":{\"@type\":\"EntryPoint\",\"urlTemplate\":\"https:\/\/gr-100.com\/?s={search_term_string}\"},\"query-input\":{\"@type\":\"PropertyValueSpecification\",\"valueRequired\":true,\"valueName\":\"search_term_string\"}}],\"inLanguage\":\"pt-PT\"},{\"@type\":\"Organization\",\"@id\":\"https:\/\/gr-100.com\/#organization\",\"name\":\"Gr-100\",\"url\":\"https:\/\/gr-100.com\/\",\"logo\":{\"@type\":\"ImageObject\",\"inLanguage\":\"pt-PT\",\"@id\":\"https:\/\/gr-100.com\/#\/schema\/logo\/image\/\",\"url\":\"https:\/\/gr-100.com\/wp-content\/uploads\/2023\/08\/logo-gr-100-bikes.png\",\"contentUrl\":\"https:\/\/gr-100.com\/wp-content\/uploads\/2023\/08\/logo-gr-100-bikes.png\",\"width\":707,\"height\":284,\"caption\":\"Gr-100\"},\"image\":{\"@id\":\"https:\/\/gr-100.com\/#\/schema\/logo\/image\/\"},\"sameAs\":[\"https:\/\/www.facebook.com\/Gr100Bikes\",\"https:\/\/www.instagram.com\/gr100bikes\/\",\"https:\/\/www.tiktok.com\/@gr100bikes\",\"https:\/\/twitter.com\/gr100mtbteam\",\"https:\/\/www.youtube.com\/c\/GR100Specialized\"]}]}<\/script>\n<!-- \/ Yoast SEO Premium plugin. -->","yoast_head_json":{"title":"Specialized Tero 5.0 2023 GR-100 Ofertas","description":"Specialized Tero 4.0 NB. O motor Turbo Full Power 2.2 incorporado na estrutura de alum\u00ednio do Tero 5.0 juntamente com a bateria integrada de 710 Wh","robots":{"index":"index","follow":"follow","max-snippet":"max-snippet:-1","max-image-preview":"max-image-preview:large","max-video-preview":"max-video-preview:-1"},"canonical":"https:\/\/gr-100.com\/pt-pt\/producto\/tero-especializado-5-0-2023\/","og_locale":"pt_PT","og_type":"article","og_title":"Specialized Tero 5.0 2023","og_description":"Specialized Tero 4.0 NB. O motor Turbo Full Power 2.2 incorporado na estrutura de alum\u00ednio do Tero 5.0 juntamente com a bateria integrada de 710 Wh","og_url":"https:\/\/gr-100.com\/pt-pt\/producto\/tero-especializado-5-0-2023\/","og_site_name":"Gr-100 Tienda de ciclismo Specialized","article_publisher":"https:\/\/www.facebook.com\/Gr100Bikes","article_modified_time":"2025-11-26T14:40:02+00:00","og_image":[{"width":1000,"height":1000,"url":"https:\/\/gr-100.com\/wp-content\/uploads\/2024\/05\/Turbo-Tero-5.0-2.jpg","type":"image\/jpeg"}],"twitter_card":"summary_large_image","twitter_misc":{"Tempo estimado de leitura":"1 minuto"},"schema":{"@context":"https:\/\/schema.org","@graph":[{"@type":"WebPage","@id":"https:\/\/gr-100.com\/pt-pt\/producto\/tero-especializado-5-0-2023\/","url":"https:\/\/gr-100.com\/pt-pt\/producto\/tero-especializado-5-0-2023\/","name":"Specialized Tero 5.0 2023 GR-100 Ofertas","isPartOf":{"@id":"https:\/\/gr-100.com\/#website"},"primaryImageOfPage":{"@id":"https:\/\/gr-100.com\/pt-pt\/producto\/tero-especializado-5-0-2023\/#primaryimage"},"image":{"@id":"https:\/\/gr-100.com\/pt-pt\/producto\/tero-especializado-5-0-2023\/#primaryimage"},"thumbnailUrl":"https:\/\/gr-100.com\/wp-content\/uploads\/2024\/05\/Turbo-Tero-5.0-2.jpg","datePublished":"2024-07-01T10:58:37+00:00","dateModified":"2025-11-26T14:40:02+00:00","description":"Specialized Tero 4.0 NB. O motor Turbo Full Power 2.2 incorporado na estrutura de alum\u00ednio do Tero 5.0 juntamente com a bateria integrada de 710 Wh","breadcrumb":{"@id":"https:\/\/gr-100.com\/pt-pt\/producto\/tero-especializado-5-0-2023\/#breadcrumb"},"inLanguage":"pt-PT","potentialAction":[{"@type":"ReadAction","target":["https:\/\/gr-100.com\/pt-pt\/producto\/tero-especializado-5-0-2023\/"]}]},{"@type":"ImageObject","inLanguage":"pt-PT","@id":"https:\/\/gr-100.com\/pt-pt\/producto\/tero-especializado-5-0-2023\/#primaryimage","url":"https:\/\/gr-100.com\/wp-content\/uploads\/2024\/05\/Turbo-Tero-5.0-2.jpg","contentUrl":"https:\/\/gr-100.com\/wp-content\/uploads\/2024\/05\/Turbo-Tero-5.0-2.jpg","width":1000,"height":1000},{"@type":"BreadcrumbList","@id":"https:\/\/gr-100.com\/pt-pt\/producto\/tero-especializado-5-0-2023\/#breadcrumb","itemListElement":[{"@type":"ListItem","position":1,"name":"Portada","item":"https:\/\/gr-100.com\/en\/"},{"@type":"ListItem","position":2,"name":"Productos","item":"https:\/\/gr-100.com\/?post_type=product"},{"@type":"ListItem","position":3,"name":"Specialized Tero 5.0 2023"}]},{"@type":"WebSite","@id":"https:\/\/gr-100.com\/#website","url":"https:\/\/gr-100.com\/","name":"Gr-100 Tienda de ciclismo Specialized","description":"GR-100 tenemos todas las gamas de bicicletas Specialized al mejor precio.","publisher":{"@id":"https:\/\/gr-100.com\/#organization"},"alternateName":"Gr-100 Bikes","potentialAction":[{"@type":"SearchAction","target":{"@type":"EntryPoint","urlTemplate":"https:\/\/gr-100.com\/?s={search_term_string}"},"query-input":{"@type":"PropertyValueSpecification","valueRequired":true,"valueName":"search_term_string"}}],"inLanguage":"pt-PT"},{"@type":"Organization","@id":"https:\/\/gr-100.com\/#organization","name":"Gr-100","url":"https:\/\/gr-100.com\/","logo":{"@type":"ImageObject","inLanguage":"pt-PT","@id":"https:\/\/gr-100.com\/#\/schema\/logo\/image\/","url":"https:\/\/gr-100.com\/wp-content\/uploads\/2023\/08\/logo-gr-100-bikes.png","contentUrl":"https:\/\/gr-100.com\/wp-content\/uploads\/2023\/08\/logo-gr-100-bikes.png","width":707,"height":284,"caption":"Gr-100"},"image":{"@id":"https:\/\/gr-100.com\/#\/schema\/logo\/image\/"},"sameAs":["https:\/\/www.facebook.com\/Gr100Bikes","https:\/\/www.instagram.com\/gr100bikes\/","https:\/\/www.tiktok.com\/@gr100bikes","https:\/\/twitter.com\/gr100mtbteam","https:\/\/www.youtube.com\/c\/GR100Specialized"]}]}},"_links":{"self":[{"href":"https:\/\/gr-100.com\/pt-pt\/wp-json\/wp\/v2\/product\/385377","targetHints":{"allow":["GET"]}}],"collection":[{"href":"https:\/\/gr-100.com\/pt-pt\/wp-json\/wp\/v2\/product"}],"about":[{"href":"https:\/\/gr-100.com\/pt-pt\/wp-json\/wp\/v2\/types\/product"}],"replies":[{"embeddable":true,"href":"https:\/\/gr-100.com\/pt-pt\/wp-json\/wp\/v2\/comments?post=385377"}],"wp:featuredmedia":[{"embeddable":true,"href":"https:\/\/gr-100.com\/pt-pt\/wp-json\/wp\/v2\/media\/301756"}],"wp:attachment":[{"href":"https:\/\/gr-100.com\/pt-pt\/wp-json\/wp\/v2\/media?parent=385377"}],"wp:term":[{"taxonomy":"product_brand","embeddable":true,"href":"https:\/\/gr-100.com\/pt-pt\/wp-json\/wp\/v2\/product_brand?post=385377"},{"taxonomy":"product_cat","embeddable":true,"href":"https:\/\/gr-100.com\/pt-pt\/wp-json\/wp\/v2\/product_cat?post=385377"},{"taxonomy":"product_tag","embeddable":true,"href":"https:\/\/gr-100.com\/pt-pt\/wp-json\/wp\/v2\/product_tag?post=385377"}],"curies":[{"name":"wp","href":"https:\/\/api.w.org\/{rel}","templated":true}]}}