{"id":385389,"date":"2024-07-01T12:58:50","date_gmt":"2024-07-01T11:58:50","guid":{"rendered":"https:\/\/gr-100.com\/producto\/especializado-turbo-tero-4-0-step-through-eq-2022\/"},"modified":"2025-11-26T16:38:07","modified_gmt":"2025-11-26T14:38:07","slug":"especializado-turbo-tero-4-0-step-through-eq-2022","status":"publish","type":"product","link":"https:\/\/gr-100.com\/pt-pt\/producto\/especializado-turbo-tero-4-0-step-through-eq-2022\/","title":{"rendered":"Specialized Turbo Tero 4.0 Equalizador passo a passo 2022"},"content":{"rendered":"<div class=\"product-specification\">\n<div class=\"ProductLongDescription__Html\">\n<p>Os pontos fortes do Tero s\u00e3o a fus\u00e3o de poder, confian\u00e7a e versatilidade.<br \/>\nDesenvolvidos em conjunto para um \u00fanico objetivo final, estes atributos resultam numa moto forte, eficiente e adapt\u00e1vel. <\/p>\n<\/div>\n<div class=\"bulletPoints_Wrapper\">\n<ul class=\"bullet_points\">\n<li class=\"bullet_item\">O motor Turbo Full Power 2.0 incorporado na estrutura de alum\u00ednio do Tero 4.0 juntamente com a bateria integrada de 710 Wh, efetivamente quadruplica sua pr\u00f3pria pot\u00eancia, fornecendo um grande n\u00famero de watts que permitem que voc\u00ea carregue seus acess\u00f3rios de montanha, compras ou at\u00e9 mesmo seus filhos, sem suar uma \u00fanica gota. \u00c9 voc\u00ea, mas mais r\u00e1pido. Mas o que realmente diferencia este motor do resto \u00e9 a efici\u00eancia e perfei\u00e7\u00e3o com que \u00e9 combinado com os seus pr\u00f3prios esfor\u00e7os.  <\/li>\n<li class=\"bullet_item\">Mission Control e MasterMind- Mission Control permite que voc\u00ea adapte os n\u00edveis de poder do Tero \u00e0s suas prefer\u00eancias.<br \/>\nOs tr\u00eas n\u00edveis de pot\u00eancia padr\u00e3o podem ser ajustados quase infinitamente para atender \u00e0s suas necessidades de pot\u00eancia e alcance.<br \/>\nO recurso MicroTune da MasterMind pode ajustar os n\u00edveis de energia em incrementos de 10%.  <\/li>\n<li class=\"bullet_item\">DNA de montanha &#8211; Os componentes do Tero s\u00e3o projetados para melhorar o controle e a confian\u00e7a.<br \/>\nOs agressivos, mas suaves, pneus Ground Control de 29 x 2,3&#8243; oferecem \u00f3tima tra\u00e7\u00e3o em qualquer situa\u00e7\u00e3o, os freios a disco SRAM oferecem grande capacidade de frenagem, 110 mm de curso da suspens\u00e3o dianteira suavizam as trilhas e o poste conta-gotas est\u00e1 l\u00e1 para baix\u00e1-lo em situa\u00e7\u00f5es t\u00e9cnicas off-road. <\/li>\n<li class=\"bullet_item\">Bloqueio do sistema Turbo &#8211; Use o aplicativo Mission Control para desativar o motor e ativar o alarme de movimento.<br \/>\nUma vez que o motor est\u00e1 bloqueado, apenas o propriet\u00e1rio pode desbloque\u00e1-lo. <\/li>\n<li class=\"bullet_item\">Equipado com para-lamas DRYTECH, LED frontal, luz traseira e rack com capacidade para 27 kg.<br \/>\nPreparado e aprovado para cadeiras de crian\u00e7a e para o transporte de um reboque de eixo traseiro. <\/li>\n<\/ul>\n<\/div>\n<p><strong>IMAGEM<\/strong><br \/>\nAlum\u00ednio E5, suporte inferior do motor, bateria downtube totalmente integrada ou bloque\u00e1vel, roteamento de cabos internos, bloqueio e montagem em rack frontal<br \/>\n<strong>GARFO<\/strong><br \/>\nRockshox Recon Silver TK, curso de 110 mm, controle de movimento<br \/>\n<strong>TRAV\u00d5ES<\/strong><br \/>\nSRAM Guia T, pin\u00e7a de 4 pist\u00f5es, disco hidr\u00e1ulico, 200\/180mm<br \/>\n<strong>MUDAN\u00c7A<\/strong><br \/>\nSRAM NX, 11 velocidades<br \/>\n<strong>MOTOR<\/strong><br \/>\nSpecialized 2.0, 70Nm torque, motor ajustado personalizado, 250W avaliado<br \/>\n<strong>BATERIA<\/strong><br \/>\nSpecialized U2-710, inv\u00f3lucro de liga, exibi\u00e7\u00e3o de estado de carga, 710Wh<br \/>\n<strong>CADEIA<\/strong><br \/>\nKMC e11S, 11 velocidades c\/ Missing Link\u2122<br \/>\n<strong>PINION<\/strong><br \/>\nSRAM PG-1130, 11 velocidades, 11-42t<br \/>\n<strong>POT\u00caNCIA<\/strong><br \/>\nSpecialized Haste furtiva, liga, 14 graus, 31,8 mm, montagem TCD integrada<br \/>\n<strong>LANTERNA<\/strong><br \/>\n TRASEIRASpanninga Commuter Glow XE, 12V<br \/>\n<strong>LUZ FRONTAL<\/strong><br \/>\nLezyne EBIKE MINI STVZO E65, 210 Lumen, 12V <strong>CRANKSET<\/strong><br \/>\n40T \/ Liga personalizada virabrequim forjado <strong>SILLIN<\/strong><br \/>\nBridge Sport, Trilhos de a\u00e7o, 155mm TranzX <strong>Espig\u00e3o<\/strong><br \/>\n de assento conta-gotas, 30.9mm, S: 100mm, M-XL: 120mm Ground Control <strong>TIRES,<\/strong><br \/>\n 2Bliss Ready, 29&#215;2.35&#8243;<\/p>\n<p><strong>GUID\u00c3O<\/strong><br \/>\nSpecialized Trilho, liga 6061, backsweep de 8 graus, upsweep de 6 graus, eleva\u00e7\u00e3o de 27mm, bra\u00e7adeira de 31,8mm, S 720mm, M-XL 750mm<br \/>\n<strong>PUNHOS<\/strong><br \/>\nGeometria Corporal, Contorno Feminino. Specialized Contorno da Geometria do Corpo, bloqueio<br \/>\n<strong>PEDAIS<\/strong><br \/>\nSpecialized Body Geometry Fitness, plataforma, pl\u00e1stico<br \/>\n<strong>FENDER<\/strong><br \/>\nSpecialized Para-lamas DRYTECH, largura de 65mm, para-lamas de liga<br \/>\n<strong>CUBO FRONTAL<\/strong><br \/>\nLiga, rolamentos de cartucho selado, eixo thru 15x110mm, 32h<br \/>\n<strong>CUBO TRASEIRO<\/strong><br \/>\nLiga, rolamentos de cartucho selado, eixo thru 12x148mm, 32h<br \/>\n<strong>Pneus<\/strong><br \/>\nStout XC 29, largura interna de 25mm, espec\u00edfico do disco<br \/>\n<strong>TIMBRE<\/strong><br \/>\nSino simples<br \/>\n<strong>CONTROLOS<\/strong><br \/>\nSRAM NX, 11 velocidades<br \/>\n<strong>PORTA-BAGAGENS<\/strong><br \/>\nSpecialized , MIK HD inteface, suportes pannier embutidos, carga m\u00e1xima de 27kg<br \/>\n<strong>MOTOR<\/strong><br \/>\nSpecialized <strong>BATERIA<\/strong><br \/>\n700<\/p>\n<p><strong>FREIO<\/strong> Disco<br \/>\n<strong>DI\u00c2METRO<\/strong> 29&#8243;<br \/>\n<strong>N\u00ba PINH\u00d5ES<\/strong> 11V<br \/>\n<strong>TIPO<\/strong><br \/>\n DE TRANSMISS\u00c3OMec\u00e2nica<br \/>\n<strong>N\u00ba PRATOS<\/strong> 1<br \/>\n<strong>TIPO DE<\/strong><br \/>\n CAPASem tubo<br \/>\n<strong>LARGURA DA BARRA<\/strong> 32<br \/>\n<strong>VIAGEM DE<\/strong><br \/>\n SUSPENS\u00c3O110<br \/>\n<strong>TIPO DE<\/strong><br \/>\n N\u00daCLEOHG<br \/>\n<strong>TIPO DE<\/strong><br \/>\n DISCO6\u00ba T<br \/>\n<strong>DI\u00c2METRO DO GUIADOR<\/strong><br \/>\n31<br \/>\n<strong>POST CONTA-gotas<\/strong><br \/>\nSim<br \/>\n<strong>LARGURA DO<\/strong><br \/>\n HUBAumento de 12x148mm<br \/>\n<strong>DI\u00c2METRO DO<\/strong><br \/>\n DISCO200\/180mil\u00edmetro<\/p>\n<\/div>\n","protected":false},"excerpt":{"rendered":"<p>A nova Turbo Tero \u00e9 uma bicicleta de montanha el\u00e9trica equipada para os seus percursos di\u00e1rios. Uma bicicleta de turismo que voc\u00ea pode levar com voc\u00ea para suas trilhas favoritas. Uma bicicleta de turismo com a qual voc\u00ea pode transportar carga. Tudo o que voc\u00ea precisa para ir onde quiser. Um super-her\u00f3i que faz tudo, o Tero combina funcionalidade com o DNA de um campe\u00e3o mundial e assist\u00eancia el\u00e9trica l\u00edder da classe. Os pontos fortes do Tero s\u00e3o a fus\u00e3o de poder, confian\u00e7a e versatilidade. Desenvolvidos em conjunto para um \u00fanico objetivo final, estes atributos resultam numa moto forte, eficiente e adapt\u00e1vel.    <\/p>\n","protected":false},"featured_media":378511,"comment_status":"closed","ping_status":"closed","template":"","meta":{"_acf_changed":false,"_et_pb_use_builder":"","_et_pb_old_content":"","_et_gb_content_width":"","inline_featured_image":false},"product_brand":[],"product_cat":[2459,5284,391,5280,5263,5282,5260,5283,5281,2483,2460,2696],"product_tag":[],"class_list":{"0":"post-385389","1":"product","2":"type-product","3":"status-publish","4":"has-post-thumbnail","6":"product_cat-bicicletas-pt-pt-2","7":"product_cat-bicicletas-urbanas-pt-pt","8":"product_cat-eletricas","9":"product_cat-bicicletas-electricas-aluminio-pt-pt","10":"product_cat-bicicletas-de-montanha-electricas","11":"product_cat-bicicletas-electricas-paseo-pt-pt","12":"product_cat-bicicletas-electricas-specialized-pt-pt","13":"product_cat-bicicletas-electricas-trekking-pt-pt","14":"product_cat-bicicletas-electricas-urbanas-pt-pt","15":"product_cat-bicicletas-especializadas","16":"product_cat-ofertas-pt-pt","17":"product_cat-ofertas-especializadas","18":"product_shipping_class-bicicletas-pt-pt","20":"first","21":"instock","22":"sale","23":"taxable","24":"shipping-taxable","25":"purchasable","26":"product-type-variable","27":"wvs-archive-product-wrapper"},"acf":[],"yoast_head":"<!-- This site is optimized with the Yoast SEO Premium plugin v26.7 (Yoast SEO v26.7) - https:\/\/yoast.com\/wordpress\/plugins\/seo\/ -->\n<title>Specialized Turbo Tero 4.0 Equalizador passo a passo 2022 GR-100 Ofertas<\/title>\n<meta name=\"description\" content=\"Specialized Turbo Tero 4.0 Equalizador passo a passo. Motor Turbo Full Power 2.0 incorporado no quadro do Tero 4.0 juntamente com a bateria integrada de 710 Wh.\" \/>\n<meta name=\"robots\" content=\"index, follow, max-snippet:-1, max-image-preview:large, max-video-preview:-1\" \/>\n<link rel=\"canonical\" href=\"https:\/\/gr-100.com\/pt-pt\/producto\/especializado-turbo-tero-4-0-step-through-eq-2022\/\" \/>\n<meta property=\"og:locale\" content=\"pt_PT\" \/>\n<meta property=\"og:type\" content=\"article\" \/>\n<meta property=\"og:title\" content=\"Specialized Turbo Tero 4.0 Equalizador passo a passo 2022\" \/>\n<meta property=\"og:description\" content=\"Specialized Turbo Tero 4.0 Equalizador passo a passo. Motor Turbo Full Power 2.0 incorporado no quadro do Tero 4.0 juntamente com a bateria integrada de 710 Wh.\" \/>\n<meta property=\"og:url\" content=\"https:\/\/gr-100.com\/pt-pt\/producto\/especializado-turbo-tero-4-0-step-through-eq-2022\/\" \/>\n<meta property=\"og:site_name\" content=\"Gr-100 Tienda de ciclismo Specialized\" \/>\n<meta property=\"article:publisher\" content=\"https:\/\/www.facebook.com\/Gr100Bikes\" \/>\n<meta property=\"article:modified_time\" content=\"2025-11-26T14:38:07+00:00\" \/>\n<meta property=\"og:image\" content=\"https:\/\/gr-100.com\/wp-content\/uploads\/2024\/07\/Turbo-Tero-4.0-Step-Through-EQ.jpg\" \/>\n\t<meta property=\"og:image:width\" content=\"1000\" \/>\n\t<meta property=\"og:image:height\" content=\"1000\" \/>\n\t<meta property=\"og:image:type\" content=\"image\/jpeg\" \/>\n<meta name=\"twitter:card\" content=\"summary_large_image\" \/>\n<meta name=\"twitter:label1\" content=\"Tempo estimado de leitura\" \/>\n\t<meta name=\"twitter:data1\" content=\"3 minutos\" \/>\n<script type=\"application\/ld+json\" class=\"yoast-schema-graph\">{\"@context\":\"https:\/\/schema.org\",\"@graph\":[{\"@type\":\"WebPage\",\"@id\":\"https:\/\/gr-100.com\/pt-pt\/producto\/especializado-turbo-tero-4-0-step-through-eq-2022\/\",\"url\":\"https:\/\/gr-100.com\/pt-pt\/producto\/especializado-turbo-tero-4-0-step-through-eq-2022\/\",\"name\":\"Specialized Turbo Tero 4.0 Equalizador passo a passo 2022 GR-100 Ofertas\",\"isPartOf\":{\"@id\":\"https:\/\/gr-100.com\/#website\"},\"primaryImageOfPage\":{\"@id\":\"https:\/\/gr-100.com\/pt-pt\/producto\/especializado-turbo-tero-4-0-step-through-eq-2022\/#primaryimage\"},\"image\":{\"@id\":\"https:\/\/gr-100.com\/pt-pt\/producto\/especializado-turbo-tero-4-0-step-through-eq-2022\/#primaryimage\"},\"thumbnailUrl\":\"https:\/\/gr-100.com\/wp-content\/uploads\/2024\/07\/Turbo-Tero-4.0-Step-Through-EQ.jpg\",\"datePublished\":\"2024-07-01T11:58:50+00:00\",\"dateModified\":\"2025-11-26T14:38:07+00:00\",\"description\":\"Specialized Turbo Tero 4.0 Equalizador passo a passo. Motor Turbo Full Power 2.0 incorporado no quadro do Tero 4.0 juntamente com a bateria integrada de 710 Wh.\",\"breadcrumb\":{\"@id\":\"https:\/\/gr-100.com\/pt-pt\/producto\/especializado-turbo-tero-4-0-step-through-eq-2022\/#breadcrumb\"},\"inLanguage\":\"pt-PT\",\"potentialAction\":[{\"@type\":\"ReadAction\",\"target\":[\"https:\/\/gr-100.com\/pt-pt\/producto\/especializado-turbo-tero-4-0-step-through-eq-2022\/\"]}]},{\"@type\":\"ImageObject\",\"inLanguage\":\"pt-PT\",\"@id\":\"https:\/\/gr-100.com\/pt-pt\/producto\/especializado-turbo-tero-4-0-step-through-eq-2022\/#primaryimage\",\"url\":\"https:\/\/gr-100.com\/wp-content\/uploads\/2024\/07\/Turbo-Tero-4.0-Step-Through-EQ.jpg\",\"contentUrl\":\"https:\/\/gr-100.com\/wp-content\/uploads\/2024\/07\/Turbo-Tero-4.0-Step-Through-EQ.jpg\",\"width\":1000,\"height\":1000},{\"@type\":\"BreadcrumbList\",\"@id\":\"https:\/\/gr-100.com\/pt-pt\/producto\/especializado-turbo-tero-4-0-step-through-eq-2022\/#breadcrumb\",\"itemListElement\":[{\"@type\":\"ListItem\",\"position\":1,\"name\":\"Portada\",\"item\":\"https:\/\/gr-100.com\/en\/\"},{\"@type\":\"ListItem\",\"position\":2,\"name\":\"Productos\",\"item\":\"https:\/\/gr-100.com\/?post_type=product\"},{\"@type\":\"ListItem\",\"position\":3,\"name\":\"Specialized Turbo Tero 4.0 Equalizador passo a passo 2022\"}]},{\"@type\":\"WebSite\",\"@id\":\"https:\/\/gr-100.com\/#website\",\"url\":\"https:\/\/gr-100.com\/\",\"name\":\"Gr-100 Tienda de ciclismo Specialized\",\"description\":\"GR-100 tenemos todas las gamas de bicicletas Specialized al mejor precio.\",\"publisher\":{\"@id\":\"https:\/\/gr-100.com\/#organization\"},\"alternateName\":\"Gr-100 Bikes\",\"potentialAction\":[{\"@type\":\"SearchAction\",\"target\":{\"@type\":\"EntryPoint\",\"urlTemplate\":\"https:\/\/gr-100.com\/?s={search_term_string}\"},\"query-input\":{\"@type\":\"PropertyValueSpecification\",\"valueRequired\":true,\"valueName\":\"search_term_string\"}}],\"inLanguage\":\"pt-PT\"},{\"@type\":\"Organization\",\"@id\":\"https:\/\/gr-100.com\/#organization\",\"name\":\"Gr-100\",\"url\":\"https:\/\/gr-100.com\/\",\"logo\":{\"@type\":\"ImageObject\",\"inLanguage\":\"pt-PT\",\"@id\":\"https:\/\/gr-100.com\/#\/schema\/logo\/image\/\",\"url\":\"https:\/\/gr-100.com\/wp-content\/uploads\/2023\/08\/logo-gr-100-bikes.png\",\"contentUrl\":\"https:\/\/gr-100.com\/wp-content\/uploads\/2023\/08\/logo-gr-100-bikes.png\",\"width\":707,\"height\":284,\"caption\":\"Gr-100\"},\"image\":{\"@id\":\"https:\/\/gr-100.com\/#\/schema\/logo\/image\/\"},\"sameAs\":[\"https:\/\/www.facebook.com\/Gr100Bikes\",\"https:\/\/www.instagram.com\/gr100bikes\/\",\"https:\/\/www.tiktok.com\/@gr100bikes\",\"https:\/\/twitter.com\/gr100mtbteam\",\"https:\/\/www.youtube.com\/c\/GR100Specialized\"]}]}<\/script>\n<!-- \/ Yoast SEO Premium plugin. -->","yoast_head_json":{"title":"Specialized Turbo Tero 4.0 Equalizador passo a passo 2022 GR-100 Ofertas","description":"Specialized Turbo Tero 4.0 Equalizador passo a passo. Motor Turbo Full Power 2.0 incorporado no quadro do Tero 4.0 juntamente com a bateria integrada de 710 Wh.","robots":{"index":"index","follow":"follow","max-snippet":"max-snippet:-1","max-image-preview":"max-image-preview:large","max-video-preview":"max-video-preview:-1"},"canonical":"https:\/\/gr-100.com\/pt-pt\/producto\/especializado-turbo-tero-4-0-step-through-eq-2022\/","og_locale":"pt_PT","og_type":"article","og_title":"Specialized Turbo Tero 4.0 Equalizador passo a passo 2022","og_description":"Specialized Turbo Tero 4.0 Equalizador passo a passo. Motor Turbo Full Power 2.0 incorporado no quadro do Tero 4.0 juntamente com a bateria integrada de 710 Wh.","og_url":"https:\/\/gr-100.com\/pt-pt\/producto\/especializado-turbo-tero-4-0-step-through-eq-2022\/","og_site_name":"Gr-100 Tienda de ciclismo Specialized","article_publisher":"https:\/\/www.facebook.com\/Gr100Bikes","article_modified_time":"2025-11-26T14:38:07+00:00","og_image":[{"width":1000,"height":1000,"url":"https:\/\/gr-100.com\/wp-content\/uploads\/2024\/07\/Turbo-Tero-4.0-Step-Through-EQ.jpg","type":"image\/jpeg"}],"twitter_card":"summary_large_image","twitter_misc":{"Tempo estimado de leitura":"3 minutos"},"schema":{"@context":"https:\/\/schema.org","@graph":[{"@type":"WebPage","@id":"https:\/\/gr-100.com\/pt-pt\/producto\/especializado-turbo-tero-4-0-step-through-eq-2022\/","url":"https:\/\/gr-100.com\/pt-pt\/producto\/especializado-turbo-tero-4-0-step-through-eq-2022\/","name":"Specialized Turbo Tero 4.0 Equalizador passo a passo 2022 GR-100 Ofertas","isPartOf":{"@id":"https:\/\/gr-100.com\/#website"},"primaryImageOfPage":{"@id":"https:\/\/gr-100.com\/pt-pt\/producto\/especializado-turbo-tero-4-0-step-through-eq-2022\/#primaryimage"},"image":{"@id":"https:\/\/gr-100.com\/pt-pt\/producto\/especializado-turbo-tero-4-0-step-through-eq-2022\/#primaryimage"},"thumbnailUrl":"https:\/\/gr-100.com\/wp-content\/uploads\/2024\/07\/Turbo-Tero-4.0-Step-Through-EQ.jpg","datePublished":"2024-07-01T11:58:50+00:00","dateModified":"2025-11-26T14:38:07+00:00","description":"Specialized Turbo Tero 4.0 Equalizador passo a passo. Motor Turbo Full Power 2.0 incorporado no quadro do Tero 4.0 juntamente com a bateria integrada de 710 Wh.","breadcrumb":{"@id":"https:\/\/gr-100.com\/pt-pt\/producto\/especializado-turbo-tero-4-0-step-through-eq-2022\/#breadcrumb"},"inLanguage":"pt-PT","potentialAction":[{"@type":"ReadAction","target":["https:\/\/gr-100.com\/pt-pt\/producto\/especializado-turbo-tero-4-0-step-through-eq-2022\/"]}]},{"@type":"ImageObject","inLanguage":"pt-PT","@id":"https:\/\/gr-100.com\/pt-pt\/producto\/especializado-turbo-tero-4-0-step-through-eq-2022\/#primaryimage","url":"https:\/\/gr-100.com\/wp-content\/uploads\/2024\/07\/Turbo-Tero-4.0-Step-Through-EQ.jpg","contentUrl":"https:\/\/gr-100.com\/wp-content\/uploads\/2024\/07\/Turbo-Tero-4.0-Step-Through-EQ.jpg","width":1000,"height":1000},{"@type":"BreadcrumbList","@id":"https:\/\/gr-100.com\/pt-pt\/producto\/especializado-turbo-tero-4-0-step-through-eq-2022\/#breadcrumb","itemListElement":[{"@type":"ListItem","position":1,"name":"Portada","item":"https:\/\/gr-100.com\/en\/"},{"@type":"ListItem","position":2,"name":"Productos","item":"https:\/\/gr-100.com\/?post_type=product"},{"@type":"ListItem","position":3,"name":"Specialized Turbo Tero 4.0 Equalizador passo a passo 2022"}]},{"@type":"WebSite","@id":"https:\/\/gr-100.com\/#website","url":"https:\/\/gr-100.com\/","name":"Gr-100 Tienda de ciclismo Specialized","description":"GR-100 tenemos todas las gamas de bicicletas Specialized al mejor precio.","publisher":{"@id":"https:\/\/gr-100.com\/#organization"},"alternateName":"Gr-100 Bikes","potentialAction":[{"@type":"SearchAction","target":{"@type":"EntryPoint","urlTemplate":"https:\/\/gr-100.com\/?s={search_term_string}"},"query-input":{"@type":"PropertyValueSpecification","valueRequired":true,"valueName":"search_term_string"}}],"inLanguage":"pt-PT"},{"@type":"Organization","@id":"https:\/\/gr-100.com\/#organization","name":"Gr-100","url":"https:\/\/gr-100.com\/","logo":{"@type":"ImageObject","inLanguage":"pt-PT","@id":"https:\/\/gr-100.com\/#\/schema\/logo\/image\/","url":"https:\/\/gr-100.com\/wp-content\/uploads\/2023\/08\/logo-gr-100-bikes.png","contentUrl":"https:\/\/gr-100.com\/wp-content\/uploads\/2023\/08\/logo-gr-100-bikes.png","width":707,"height":284,"caption":"Gr-100"},"image":{"@id":"https:\/\/gr-100.com\/#\/schema\/logo\/image\/"},"sameAs":["https:\/\/www.facebook.com\/Gr100Bikes","https:\/\/www.instagram.com\/gr100bikes\/","https:\/\/www.tiktok.com\/@gr100bikes","https:\/\/twitter.com\/gr100mtbteam","https:\/\/www.youtube.com\/c\/GR100Specialized"]}]}},"_links":{"self":[{"href":"https:\/\/gr-100.com\/pt-pt\/wp-json\/wp\/v2\/product\/385389","targetHints":{"allow":["GET"]}}],"collection":[{"href":"https:\/\/gr-100.com\/pt-pt\/wp-json\/wp\/v2\/product"}],"about":[{"href":"https:\/\/gr-100.com\/pt-pt\/wp-json\/wp\/v2\/types\/product"}],"replies":[{"embeddable":true,"href":"https:\/\/gr-100.com\/pt-pt\/wp-json\/wp\/v2\/comments?post=385389"}],"wp:featuredmedia":[{"embeddable":true,"href":"https:\/\/gr-100.com\/pt-pt\/wp-json\/wp\/v2\/media\/378511"}],"wp:attachment":[{"href":"https:\/\/gr-100.com\/pt-pt\/wp-json\/wp\/v2\/media?parent=385389"}],"wp:term":[{"taxonomy":"product_brand","embeddable":true,"href":"https:\/\/gr-100.com\/pt-pt\/wp-json\/wp\/v2\/product_brand?post=385389"},{"taxonomy":"product_cat","embeddable":true,"href":"https:\/\/gr-100.com\/pt-pt\/wp-json\/wp\/v2\/product_cat?post=385389"},{"taxonomy":"product_tag","embeddable":true,"href":"https:\/\/gr-100.com\/pt-pt\/wp-json\/wp\/v2\/product_tag?post=385389"}],"curies":[{"name":"wp","href":"https:\/\/api.w.org\/{rel}","templated":true}]}}