{"id":385426,"date":"2024-07-01T12:52:38","date_gmt":"2024-07-01T10:52:38","guid":{"rendered":"https:\/\/gr-100.com\/producto\/especializado-turbo-levo-comp-2024\/"},"modified":"2025-12-18T16:48:23","modified_gmt":"2025-12-18T14:48:23","slug":"especializado-turbo-levo-comp-2024","status":"publish","type":"product","link":"https:\/\/gr-100.com\/pt-pt\/producto\/especializado-turbo-levo-comp-2024\/","title":{"rendered":"Specialized Turbo Levo Comp 2023"},"content":{"rendered":"<p>[et_pb_section bb_built=&#8221;1&#8243; _builder_version=&#8221;4.16&#8243; custom_padding=&#8221;0px||||false|false&#8221; global_colors_info=&#8221;{}&#8221; next_background_color=&#8221;#000000&#8243;][et_pb_row _builder_version=&#8221;4.16&#8243; background_size=&#8221;initial&#8221; background_position=&#8221;top_left&#8221; background_repeat=&#8221;repeat&#8221; width=&#8221;100%&#8221; custom_padding=&#8221;0px||0px||false|false&#8221; global_colors_info=&#8221;{}&#8221;][et_pb_column type=&#8221;4_4&#8243; _builder_version=&#8221;4.16&#8243; custom_padding=&#8221;|||&#8221; global_colors_info=&#8221;{}&#8221; custom_padding__hover=&#8221;|||&#8221;][et_pb_wc_breadcrumb _builder_version=&#8221;4.16&#8243; global_colors_info=&#8221;{}&#8221; \/][et_pb_wc_cart_notice _builder_version=&#8221;4.16&#8243; global_colors_info=&#8221;{}&#8221; \/][\/et_pb_column][\/et_pb_row][et_pb_row column_structure=&#8221;1_2,1_2&#8243; _builder_version=&#8221;4.16&#8243; background_size=&#8221;initial&#8221; background_position=&#8221;top_left&#8221; background_repeat=&#8221;repeat&#8221; width=&#8221;100%&#8221; custom_padding=&#8221;0px||||false|false&#8221; global_colors_info=&#8221;{}&#8221;][et_pb_column type=&#8221;1_2&#8243; _builder_version=&#8221;4.16&#8243; custom_padding=&#8221;|||&#8221; global_colors_info=&#8221;{}&#8221; custom_padding__hover=&#8221;|||&#8221;][et_pb_wc_images _builder_version=&#8221;4.16&#8243; global_colors_info=&#8221;{}&#8221; \/][\/et_pb_column][et_pb_column type=&#8221;1_2&#8243; _builder_version=&#8221;4.16&#8243; custom_padding=&#8221;|||&#8221; global_colors_info=&#8221;{}&#8221; custom_padding__hover=&#8221;|||&#8221;][et_pb_wc_title _builder_version=&#8221;4.16&#8243; global_colors_info=&#8221;{}&#8221; \/][et_pb_wc_rating _builder_version=&#8221;4.16&#8243; global_colors_info=&#8221;{}&#8221; \/][et_pb_wc_price _builder_version=&#8221;4.16&#8243; global_colors_info=&#8221;{}&#8221; \/][et_pb_wc_description _builder_version=&#8221;4.16&#8243; global_colors_info=&#8221;{}&#8221; \/][et_pb_wc_add_to_cart _builder_version=&#8221;4.16&#8243; global_colors_info=&#8221;{}&#8221; \/][et_pb_wc_meta _builder_version=&#8221;4.16&#8243; global_colors_info=&#8221;{}&#8221; \/][\/et_pb_column][\/et_pb_row][et_pb_row _builder_version=&#8221;4.16&#8243; background_size=&#8221;initial&#8221; background_position=&#8221;top_left&#8221; background_repeat=&#8221;repeat&#8221; width=&#8221;100%&#8221; global_colors_info=&#8221;{}&#8221;][et_pb_column type=&#8221;4_4&#8243; _builder_version=&#8221;4.16&#8243; custom_padding=&#8221;|||&#8221; global_colors_info=&#8221;{}&#8221; custom_padding__hover=&#8221;|||&#8221;][et_pb_wc_tabs _builder_version=&#8221;4.16&#8243; global_colors_info=&#8221;{}&#8221; \/][et_pb_wc_upsells _builder_version=&#8221;4.16&#8243; global_colors_info=&#8221;{}&#8221; \/][et_pb_wc_related_products _builder_version=&#8221;4.16&#8243; global_colors_info=&#8221;{}&#8221; \/][\/et_pb_column][\/et_pb_row][\/et_pb_section][et_pb_section bb_built=&#8221;1&#8243; _builder_version=&#8221;4.16&#8243; global_colors_info=&#8221;{}&#8221; prev_background_color=&#8221;#000000&#8243;][et_pb_row _builder_version=&#8221;4.16&#8243; background_size=&#8221;initial&#8221; background_position=&#8221;top_left&#8221; background_repeat=&#8221;repeat&#8221; global_colors_info=&#8221;{}&#8221;][et_pb_column type=&#8221;4_4&#8243; _builder_version=&#8221;4.16&#8243; custom_padding=&#8221;|||&#8221; global_colors_info=&#8221;{}&#8221; custom_padding__hover=&#8221;|||&#8221;][et_pb_text _builder_version=&#8221;4.16&#8243; background_size=&#8221;initial&#8221; background_position=&#8221;top_left&#8221; background_repeat=&#8221;repeat&#8221; global_colors_info=&#8221;{}&#8221;]<\/p>\n<ul>\n<li>Liga premium Frame<br \/>\n Specialized M5, ajuste de fone de ouvido, ajuste de altura do suporte inferior, tamanho S, roteamento de cabo interno, curso de 150 mm, espa\u00e7amento de 148 mm<\/li>\n<li>Amortecedor traseiro<br \/>\n FOX DPS Performance Series, alavanca de 3 posi\u00e7\u00f5es, ajuste de ricochete, 52,5&#215;210 mm, S2-S6: FOX FLOAT X Performance, LSR, alavanca de 2 posi\u00e7\u00f5es, 55&#215;210 mm<\/li>\n<li>Fox<br \/>\n Fox Rhythm 36, S1: 150 mm de curso, S2-S6: 160 mm de curso<\/li>\n<li>Haste da trilha da liga do caule<br \/>\n, di\u00e2metro interno de 35mm<\/li>\n<li>Guiador de liga<br \/>\n, di\u00e2metro de 35mm, 780mm de largura, deslocamento de 8 graus, deslocamento de 6 graus<\/li>\n<li>Specialized<\/li>\n<li>Selim<br \/>\nBridge Comp, calhas ocas Cr-mo, 155\/143 mm<\/li>\n<li>SRAM dianteiro<br \/>\n SRAM Code R, pin\u00e7a de 4 pist\u00f5es, disco hidr\u00e1ulico, S1-S3: 200 mm, S4-S6: 220 mm<\/li>\n<li>SRAM traseiro<br \/>\n SRAM Code R, pin\u00e7a de 4 pist\u00f5es, disco hidr\u00e1ulico, 200 mm<\/li>\n<li>SRAM GX Eagle derailleur traseiro<br \/>\n de 12 velocidades<\/li>\n<li>SRAM GX Eagle de 12 velocidades\n<\/li>\n<li>SRAM XG-1275 Cassette<br \/>\n, 12 velocidades, 10-52t<\/li>\n<li>Virabrequim<br \/>\n Praxis, Forjado, M30, Deslocamento personalizado, 160mm<\/li>\n<li>SRAM NX Eagle corrente<br \/>\n de 12 velocidades<\/li>\n<li>SRAM X-Sync Eagle Chainrings<br \/>\n, 104 BCD, 32T, a\u00e7o<\/li>\n<li>Cubo dianteiro Rolamentos de cartucho de liga selada com cubo dianteiro<br \/>\n, eixo thru de 15&#215;110 mm, 28 raios<\/li>\n<li>Specialized 29Specialized<br \/>\n, liga sem gancho, largura interior de 30mm, pronto para tubeless<\/li>\n<li>Cubo traseiro<br \/>\nRolamentos de cartucho de liga selado, eixo thru de 148mm x 12mm, 28 raios<\/li>\n<li>DT R\u00e1dios<br \/>\n da Ind\u00fastria Su\u00ed\u00e7a<\/li>\n<li>Pneu dianteiro<br \/>\nde a\u00e7ougueiro, caixa GRID TRAIL, composto GRIPTON\u00ae T9, 2Bliss Ready, 29&#215;2.6&#8243;<\/li>\n<li>Aro traseiro<br \/>\neliminador, carca\u00e7a GRID TRAIL, composto GRIPTON\u00ae T7, 2Bliss Ready, 27,5&#215;2,6&#8243;<\/li>\n<li>C\u00e2maras de<br \/>\n v\u00e1lvula Presta padr\u00e3o<\/li>\n<li>Estace<br \/>\n de assento man\u00edaco X-Fusion, infinitamente ajust\u00e1vel, cabe\u00e7a de dois parafusos, roteamento de cabo de montagem inferior, alavanca LE SLR remota, 34.9, S1: 100mm, S2: 125mm, S3: 150mm, S4\/S5: 175mm, S6: 190mm<\/li>\n<li>Liga de bra\u00e7adeira de sela<br \/>\n, 38,6 mm<\/li>\n<li>Especializado<br \/>\nTurbo Specialized Full Power System 2.2<br \/>\nUI \/ Motor Remoto<\/li>\n<li>TCU especializado, 10 LED estado de carga, 3 LED modo de condu\u00e7\u00e3o, ANT+\/Bluetooth\u00ae, com controle remoto no guid\u00e3o<\/li>\n<li>Specialized<br \/>\n especializada M3-700, bateria integrada, 700Wh<\/li>\n<li>Carregador<br \/>\npersonalizado, 42V4A com ficha Rosenberger<\/li>\n<li>Chicote de fia\u00e7\u00e3o<br \/>\npersonalizado Especializado em chicote de fia\u00e7\u00e3o<\/li>\n<\/ul>\n<p>[\/et_pb_text][\/et_pb_column][\/et_pb_row][\/et_pb_section]<\/p>\n","protected":false},"excerpt":{"rendered":"<p>O novo Levo oferece uma pot\u00eancia incr\u00edvel para percorrer mais trilhos gra\u00e7as a uma combina\u00e7\u00e3o inigual\u00e1vel de qualidade de condu\u00e7\u00e3o, pot\u00eancia utiliz\u00e1vel e autonomia.<br \/>\n\u00c9 o refinamento, implementa\u00e7\u00e3o e amplifica\u00e7\u00e3o de tudo o que sabemos sobre mountain bike \u2013 uma obsess\u00e3o de 40 anos em criar as melhores mountain bikes do mundo. <\/p>\n","protected":false},"featured_media":378216,"comment_status":"closed","ping_status":"closed","template":"","meta":{"_acf_changed":false,"_et_pb_use_builder":"","_et_pb_old_content":"","_et_gb_content_width":"","inline_featured_image":false},"product_brand":[],"product_cat":[4353,2459,391,2483,2696],"product_tag":[],"class_list":{"0":"post-385426","1":"product","2":"type-product","3":"status-publish","4":"has-post-thumbnail","6":"product_cat-liquidacion-specialized","7":"product_cat-bicicletas-pt-pt-2","8":"product_cat-eletricas","9":"product_cat-bicicletas-especializadas","10":"product_cat-ofertas-especializadas","11":"product_shipping_class-bicicletas-pt-pt","13":"first","14":"outofstock","15":"featured","16":"taxable","17":"shipping-taxable","18":"product-type-variable","19":"has-default-attributes","20":"wvs-archive-product-wrapper"},"acf":[],"yoast_head":"<!-- This site is optimized with the Yoast SEO Premium plugin v26.7 (Yoast SEO v26.7) - https:\/\/yoast.com\/wordpress\/plugins\/seo\/ -->\n<title>Specialized Turbo Levo Comp 2023 GR-100 Ofertas<\/title>\n<meta name=\"description\" content=\"SPECIALIZED TURBO LEVO COMP 2024. O novo Levo oferece um poder incr\u00edvel para percorrer mais trilhos gra\u00e7as \u00e0 qualidade de condu\u00e7\u00e3o.\" \/>\n<meta name=\"robots\" content=\"index, follow, max-snippet:-1, max-image-preview:large, max-video-preview:-1\" \/>\n<link rel=\"canonical\" href=\"https:\/\/gr-100.com\/producto\/specialized-turbo-levo-comp-2024-2\/\" \/>\n<meta property=\"og:locale\" content=\"pt_PT\" \/>\n<meta property=\"og:type\" content=\"article\" \/>\n<meta property=\"og:title\" content=\"Specialized Turbo Levo Comp 2023\" \/>\n<meta property=\"og:description\" content=\"SPECIALIZED TURBO LEVO COMP 2024. O novo Levo oferece um poder incr\u00edvel para percorrer mais trilhos gra\u00e7as \u00e0 qualidade de condu\u00e7\u00e3o.\" \/>\n<meta property=\"og:url\" content=\"https:\/\/gr-100.com\/producto\/specialized-turbo-levo-comp-2024-2\/\" \/>\n<meta property=\"og:site_name\" content=\"Gr-100 Tienda de ciclismo Specialized\" \/>\n<meta property=\"article:publisher\" content=\"https:\/\/www.facebook.com\/Gr100Bikes\" \/>\n<meta property=\"article:modified_time\" content=\"2025-12-18T14:48:23+00:00\" \/>\n<meta property=\"og:image\" content=\"https:\/\/gr-100.com\/wp-content\/uploads\/2024\/07\/95223-50_LEVO-COMP-ALLOY-MNSHDW-HRVGLDMET_1-1.jpg\" \/>\n\t<meta property=\"og:image:width\" content=\"1518\" \/>\n\t<meta property=\"og:image:height\" content=\"1158\" \/>\n\t<meta property=\"og:image:type\" content=\"image\/jpeg\" \/>\n<meta name=\"twitter:card\" content=\"summary_large_image\" \/>\n<meta name=\"twitter:label1\" content=\"Tempo estimado de leitura\" \/>\n\t<meta name=\"twitter:data1\" content=\"4 minutos\" \/>\n<script type=\"application\/ld+json\" class=\"yoast-schema-graph\">{\"@context\":\"https:\/\/schema.org\",\"@graph\":[{\"@type\":\"WebPage\",\"@id\":\"https:\/\/gr-100.com\/producto\/specialized-turbo-levo-comp-2024-2\/\",\"url\":\"https:\/\/gr-100.com\/producto\/specialized-turbo-levo-comp-2024-2\/\",\"name\":\"Specialized Turbo Levo Comp 2023 GR-100 Ofertas\",\"isPartOf\":{\"@id\":\"https:\/\/gr-100.com\/#website\"},\"primaryImageOfPage\":{\"@id\":\"https:\/\/gr-100.com\/producto\/specialized-turbo-levo-comp-2024-2\/#primaryimage\"},\"image\":{\"@id\":\"https:\/\/gr-100.com\/producto\/specialized-turbo-levo-comp-2024-2\/#primaryimage\"},\"thumbnailUrl\":\"https:\/\/gr-100.com\/wp-content\/uploads\/2024\/07\/95223-50_LEVO-COMP-ALLOY-MNSHDW-HRVGLDMET_1-1.jpg\",\"datePublished\":\"2024-07-01T10:52:38+00:00\",\"dateModified\":\"2025-12-18T14:48:23+00:00\",\"description\":\"SPECIALIZED TURBO LEVO COMP 2024. O novo Levo oferece um poder incr\u00edvel para percorrer mais trilhos gra\u00e7as \u00e0 qualidade de condu\u00e7\u00e3o.\",\"breadcrumb\":{\"@id\":\"https:\/\/gr-100.com\/producto\/specialized-turbo-levo-comp-2024-2\/#breadcrumb\"},\"inLanguage\":\"pt-PT\",\"potentialAction\":[{\"@type\":\"ReadAction\",\"target\":[\"https:\/\/gr-100.com\/producto\/specialized-turbo-levo-comp-2024-2\/\"]}]},{\"@type\":\"ImageObject\",\"inLanguage\":\"pt-PT\",\"@id\":\"https:\/\/gr-100.com\/producto\/specialized-turbo-levo-comp-2024-2\/#primaryimage\",\"url\":\"https:\/\/gr-100.com\/wp-content\/uploads\/2024\/07\/95223-50_LEVO-COMP-ALLOY-MNSHDW-HRVGLDMET_1-1.jpg\",\"contentUrl\":\"https:\/\/gr-100.com\/wp-content\/uploads\/2024\/07\/95223-50_LEVO-COMP-ALLOY-MNSHDW-HRVGLDMET_1-1.jpg\",\"width\":1518,\"height\":1158},{\"@type\":\"BreadcrumbList\",\"@id\":\"https:\/\/gr-100.com\/producto\/specialized-turbo-levo-comp-2024-2\/#breadcrumb\",\"itemListElement\":[{\"@type\":\"ListItem\",\"position\":1,\"name\":\"Portada\",\"item\":\"https:\/\/gr-100.com\/en\/\"},{\"@type\":\"ListItem\",\"position\":2,\"name\":\"Productos\",\"item\":\"https:\/\/gr-100.com\/?post_type=product\"},{\"@type\":\"ListItem\",\"position\":3,\"name\":\"Specialized Turbo Levo Comp 2023\"}]},{\"@type\":\"WebSite\",\"@id\":\"https:\/\/gr-100.com\/#website\",\"url\":\"https:\/\/gr-100.com\/\",\"name\":\"Gr-100 Tienda de ciclismo Specialized\",\"description\":\"GR-100 tenemos todas las gamas de bicicletas Specialized al mejor precio.\",\"publisher\":{\"@id\":\"https:\/\/gr-100.com\/#organization\"},\"alternateName\":\"Gr-100 Bikes\",\"potentialAction\":[{\"@type\":\"SearchAction\",\"target\":{\"@type\":\"EntryPoint\",\"urlTemplate\":\"https:\/\/gr-100.com\/?s={search_term_string}\"},\"query-input\":{\"@type\":\"PropertyValueSpecification\",\"valueRequired\":true,\"valueName\":\"search_term_string\"}}],\"inLanguage\":\"pt-PT\"},{\"@type\":\"Organization\",\"@id\":\"https:\/\/gr-100.com\/#organization\",\"name\":\"Gr-100\",\"url\":\"https:\/\/gr-100.com\/\",\"logo\":{\"@type\":\"ImageObject\",\"inLanguage\":\"pt-PT\",\"@id\":\"https:\/\/gr-100.com\/#\/schema\/logo\/image\/\",\"url\":\"https:\/\/gr-100.com\/wp-content\/uploads\/2023\/08\/logo-gr-100-bikes.png\",\"contentUrl\":\"https:\/\/gr-100.com\/wp-content\/uploads\/2023\/08\/logo-gr-100-bikes.png\",\"width\":707,\"height\":284,\"caption\":\"Gr-100\"},\"image\":{\"@id\":\"https:\/\/gr-100.com\/#\/schema\/logo\/image\/\"},\"sameAs\":[\"https:\/\/www.facebook.com\/Gr100Bikes\",\"https:\/\/www.instagram.com\/gr100bikes\/\",\"https:\/\/www.tiktok.com\/@gr100bikes\",\"https:\/\/twitter.com\/gr100mtbteam\",\"https:\/\/www.youtube.com\/c\/GR100Specialized\"]}]}<\/script>\n<!-- \/ Yoast SEO Premium plugin. -->","yoast_head_json":{"title":"Specialized Turbo Levo Comp 2023 GR-100 Ofertas","description":"SPECIALIZED TURBO LEVO COMP 2024. O novo Levo oferece um poder incr\u00edvel para percorrer mais trilhos gra\u00e7as \u00e0 qualidade de condu\u00e7\u00e3o.","robots":{"index":"index","follow":"follow","max-snippet":"max-snippet:-1","max-image-preview":"max-image-preview:large","max-video-preview":"max-video-preview:-1"},"canonical":"https:\/\/gr-100.com\/producto\/specialized-turbo-levo-comp-2024-2\/","og_locale":"pt_PT","og_type":"article","og_title":"Specialized Turbo Levo Comp 2023","og_description":"SPECIALIZED TURBO LEVO COMP 2024. O novo Levo oferece um poder incr\u00edvel para percorrer mais trilhos gra\u00e7as \u00e0 qualidade de condu\u00e7\u00e3o.","og_url":"https:\/\/gr-100.com\/producto\/specialized-turbo-levo-comp-2024-2\/","og_site_name":"Gr-100 Tienda de ciclismo Specialized","article_publisher":"https:\/\/www.facebook.com\/Gr100Bikes","article_modified_time":"2025-12-18T14:48:23+00:00","og_image":[{"width":1518,"height":1158,"url":"https:\/\/gr-100.com\/wp-content\/uploads\/2024\/07\/95223-50_LEVO-COMP-ALLOY-MNSHDW-HRVGLDMET_1-1.jpg","type":"image\/jpeg"}],"twitter_card":"summary_large_image","twitter_misc":{"Tempo estimado de leitura":"4 minutos"},"schema":{"@context":"https:\/\/schema.org","@graph":[{"@type":"WebPage","@id":"https:\/\/gr-100.com\/producto\/specialized-turbo-levo-comp-2024-2\/","url":"https:\/\/gr-100.com\/producto\/specialized-turbo-levo-comp-2024-2\/","name":"Specialized Turbo Levo Comp 2023 GR-100 Ofertas","isPartOf":{"@id":"https:\/\/gr-100.com\/#website"},"primaryImageOfPage":{"@id":"https:\/\/gr-100.com\/producto\/specialized-turbo-levo-comp-2024-2\/#primaryimage"},"image":{"@id":"https:\/\/gr-100.com\/producto\/specialized-turbo-levo-comp-2024-2\/#primaryimage"},"thumbnailUrl":"https:\/\/gr-100.com\/wp-content\/uploads\/2024\/07\/95223-50_LEVO-COMP-ALLOY-MNSHDW-HRVGLDMET_1-1.jpg","datePublished":"2024-07-01T10:52:38+00:00","dateModified":"2025-12-18T14:48:23+00:00","description":"SPECIALIZED TURBO LEVO COMP 2024. O novo Levo oferece um poder incr\u00edvel para percorrer mais trilhos gra\u00e7as \u00e0 qualidade de condu\u00e7\u00e3o.","breadcrumb":{"@id":"https:\/\/gr-100.com\/producto\/specialized-turbo-levo-comp-2024-2\/#breadcrumb"},"inLanguage":"pt-PT","potentialAction":[{"@type":"ReadAction","target":["https:\/\/gr-100.com\/producto\/specialized-turbo-levo-comp-2024-2\/"]}]},{"@type":"ImageObject","inLanguage":"pt-PT","@id":"https:\/\/gr-100.com\/producto\/specialized-turbo-levo-comp-2024-2\/#primaryimage","url":"https:\/\/gr-100.com\/wp-content\/uploads\/2024\/07\/95223-50_LEVO-COMP-ALLOY-MNSHDW-HRVGLDMET_1-1.jpg","contentUrl":"https:\/\/gr-100.com\/wp-content\/uploads\/2024\/07\/95223-50_LEVO-COMP-ALLOY-MNSHDW-HRVGLDMET_1-1.jpg","width":1518,"height":1158},{"@type":"BreadcrumbList","@id":"https:\/\/gr-100.com\/producto\/specialized-turbo-levo-comp-2024-2\/#breadcrumb","itemListElement":[{"@type":"ListItem","position":1,"name":"Portada","item":"https:\/\/gr-100.com\/en\/"},{"@type":"ListItem","position":2,"name":"Productos","item":"https:\/\/gr-100.com\/?post_type=product"},{"@type":"ListItem","position":3,"name":"Specialized Turbo Levo Comp 2023"}]},{"@type":"WebSite","@id":"https:\/\/gr-100.com\/#website","url":"https:\/\/gr-100.com\/","name":"Gr-100 Tienda de ciclismo Specialized","description":"GR-100 tenemos todas las gamas de bicicletas Specialized al mejor precio.","publisher":{"@id":"https:\/\/gr-100.com\/#organization"},"alternateName":"Gr-100 Bikes","potentialAction":[{"@type":"SearchAction","target":{"@type":"EntryPoint","urlTemplate":"https:\/\/gr-100.com\/?s={search_term_string}"},"query-input":{"@type":"PropertyValueSpecification","valueRequired":true,"valueName":"search_term_string"}}],"inLanguage":"pt-PT"},{"@type":"Organization","@id":"https:\/\/gr-100.com\/#organization","name":"Gr-100","url":"https:\/\/gr-100.com\/","logo":{"@type":"ImageObject","inLanguage":"pt-PT","@id":"https:\/\/gr-100.com\/#\/schema\/logo\/image\/","url":"https:\/\/gr-100.com\/wp-content\/uploads\/2023\/08\/logo-gr-100-bikes.png","contentUrl":"https:\/\/gr-100.com\/wp-content\/uploads\/2023\/08\/logo-gr-100-bikes.png","width":707,"height":284,"caption":"Gr-100"},"image":{"@id":"https:\/\/gr-100.com\/#\/schema\/logo\/image\/"},"sameAs":["https:\/\/www.facebook.com\/Gr100Bikes","https:\/\/www.instagram.com\/gr100bikes\/","https:\/\/www.tiktok.com\/@gr100bikes","https:\/\/twitter.com\/gr100mtbteam","https:\/\/www.youtube.com\/c\/GR100Specialized"]}]}},"_links":{"self":[{"href":"https:\/\/gr-100.com\/pt-pt\/wp-json\/wp\/v2\/product\/385426","targetHints":{"allow":["GET"]}}],"collection":[{"href":"https:\/\/gr-100.com\/pt-pt\/wp-json\/wp\/v2\/product"}],"about":[{"href":"https:\/\/gr-100.com\/pt-pt\/wp-json\/wp\/v2\/types\/product"}],"replies":[{"embeddable":true,"href":"https:\/\/gr-100.com\/pt-pt\/wp-json\/wp\/v2\/comments?post=385426"}],"wp:featuredmedia":[{"embeddable":true,"href":"https:\/\/gr-100.com\/pt-pt\/wp-json\/wp\/v2\/media\/378216"}],"wp:attachment":[{"href":"https:\/\/gr-100.com\/pt-pt\/wp-json\/wp\/v2\/media?parent=385426"}],"wp:term":[{"taxonomy":"product_brand","embeddable":true,"href":"https:\/\/gr-100.com\/pt-pt\/wp-json\/wp\/v2\/product_brand?post=385426"},{"taxonomy":"product_cat","embeddable":true,"href":"https:\/\/gr-100.com\/pt-pt\/wp-json\/wp\/v2\/product_cat?post=385426"},{"taxonomy":"product_tag","embeddable":true,"href":"https:\/\/gr-100.com\/pt-pt\/wp-json\/wp\/v2\/product_tag?post=385426"}],"curies":[{"name":"wp","href":"https:\/\/api.w.org\/{rel}","templated":true}]}}