{"id":385731,"date":"2024-07-01T11:47:57","date_gmt":"2024-07-01T09:47:57","guid":{"rendered":"https:\/\/gr-100.com\/producto\/megamo-chip-3-0-22\/"},"modified":"2025-12-18T16:39:55","modified_gmt":"2025-12-18T14:39:55","slug":"megamo-chip-3-0-22","status":"publish","type":"product","link":"https:\/\/gr-100.com\/pt-pt\/producto\/megamo-chip-3-0-22\/","title":{"rendered":"Megamo Chip 3.0 22"},"content":{"rendered":"<p>CARATER\u00cdSTICAS:  <\/p>\n<ul>\n<li><strong>Imagem<\/strong> LIGA 6061, TIPO DOBR\u00c1VEL, ROTEAMENTO DE CABOS INTERNOS, TUBAGEM HIDROFORMADA Forquilha: UNICROWN, HI-TEN Fone de ouvido: OVERSIZE<\/li>\n<li><strong>Motor:<\/strong> BRUSHLESS 36V &#8211; 250W, W \/ CLUCH, CONECTOR DE CABO \u00c0 PROVA DE \u00c1GUA DE ALTA FREQU\u00caNCIA Bateria: LITHIUM, 36V &#8211; 7.8 Ah &#8211; 281Wh Tempo de carregamento: 4 &#8211; 6 Horas Velocidade m\u00e1xima: 25 Km\/h Ecr\u00e3: LED DISPLAY<\/li>\n<li><strong>Transmiss\u00e3o: <\/strong>Descarrilador traseiro: SHIMANO FT35 7s Shifters: SHIMANO REVOSHIFT RS36 Chainring: ALLOY 165x 42T &#8211; SENSOR DE VELOCIDADE Roda dentada: SHIMANO 14-28T, 7s<\/li>\n<li><strong>Rodas: <\/strong>Pneus: 20&#215;1,75 ANTI-FURO C\/ LINHA REFLETORA Cubos: JANTES ALLOY: LIGA LEVE COM LATERAIS CNC<\/li>\n<li><strong>Componentes: <\/strong>Guiador: ALLOY 25.4&#215;580 mm, 30 mm RISED Haste: LIGA AJUST\u00c1VEL, COMPRIMENTO: 1200 mm + 230 mm Espig\u00e3o: LIGA, 31,8&#215;500 mm Selim: Megamo<\/li>\n<li><strong>Peso:<\/strong> PESO DA BICICLETA SEM BATERIA: 17,6 Kg \/ PESO DA BATERIA: 2,5 Kg<\/li>\n<\/ul>\n","protected":false},"excerpt":{"rendered":"<p>MEGAMO CHIP 3.0 2022, E-Bike com bateria, roda 20, Preparada para ser transportada de forma f\u00e1cil e r\u00e1pida gra\u00e7as \u00e0 sua forma compacta quando dobrada.<br \/>\nMotor e bateria preparados para a m\u00e1xima efici\u00eancia.<br \/>\nTamanho dobrado: Altura: 61 cm \/ Largura: 86 cm \/ Profundidade: 43 cm  <\/p>\n","protected":false},"featured_media":299671,"comment_status":"closed","ping_status":"closed","template":"","meta":{"_acf_changed":false,"_et_pb_use_builder":"","_et_pb_old_content":"","_et_gb_content_width":"","inline_featured_image":false},"product_brand":[],"product_cat":[2459,391,2460,3255],"product_tag":[],"class_list":{"0":"post-385731","1":"product","2":"type-product","3":"status-publish","4":"has-post-thumbnail","6":"product_cat-bicicletas-pt-pt-2","7":"product_cat-eletricas","8":"product_cat-ofertas-pt-pt","9":"product_cat-oferta-eletrica","10":"product_shipping_class-bicicletas-pt-pt","12":"first","13":"outofstock","14":"sale","15":"taxable","16":"shipping-taxable","17":"purchasable","18":"product-type-simple"},"acf":[],"yoast_head":"<!-- This site is optimized with the Yoast SEO Premium plugin v26.7 (Yoast SEO v26.7) - https:\/\/yoast.com\/wordpress\/plugins\/seo\/ -->\n<title>Megamo Chip 3.0 22 GR-100<\/title>\n<meta name=\"description\" content=\"Megamo CHIP 3.0 2022, bicicleta el\u00e9trica com bateria integrada e motor central. Transporte f\u00e1cil e r\u00e1pido gra\u00e7as \u00e0 sua forma compacta quando dobrado.\" \/>\n<meta name=\"robots\" content=\"index, follow, max-snippet:-1, max-image-preview:large, max-video-preview:-1\" \/>\n<link rel=\"canonical\" href=\"https:\/\/gr-100.com\/pt-pt\/producto\/megamo-chip-3-0-22\/\" \/>\n<meta property=\"og:locale\" content=\"pt_PT\" \/>\n<meta property=\"og:type\" content=\"article\" \/>\n<meta property=\"og:title\" content=\"Megamo Chip 3.0 22\" \/>\n<meta property=\"og:description\" content=\"Megamo CHIP 3.0 2022, bicicleta el\u00e9trica com bateria integrada e motor central. Transporte f\u00e1cil e r\u00e1pido gra\u00e7as \u00e0 sua forma compacta quando dobrado.\" \/>\n<meta property=\"og:url\" content=\"https:\/\/gr-100.com\/pt-pt\/producto\/megamo-chip-3-0-22\/\" \/>\n<meta property=\"og:site_name\" content=\"Gr-100 Tienda de ciclismo Specialized\" \/>\n<meta property=\"article:publisher\" content=\"https:\/\/www.facebook.com\/Gr100Bikes\" \/>\n<meta property=\"article:modified_time\" content=\"2025-12-18T14:39:55+00:00\" \/>\n<meta property=\"og:image\" content=\"https:\/\/gr-100.com\/wp-content\/uploads\/2024\/05\/megamo-ebike-chip-3.0-2.jpg\" \/>\n\t<meta property=\"og:image:width\" content=\"1000\" \/>\n\t<meta property=\"og:image:height\" content=\"1000\" \/>\n\t<meta property=\"og:image:type\" content=\"image\/jpeg\" \/>\n<meta name=\"twitter:card\" content=\"summary_large_image\" \/>\n<meta name=\"twitter:label1\" content=\"Tempo estimado de leitura\" \/>\n\t<meta name=\"twitter:data1\" content=\"1 minuto\" \/>\n<script type=\"application\/ld+json\" class=\"yoast-schema-graph\">{\"@context\":\"https:\/\/schema.org\",\"@graph\":[{\"@type\":\"WebPage\",\"@id\":\"https:\/\/gr-100.com\/pt-pt\/producto\/megamo-chip-3-0-22\/\",\"url\":\"https:\/\/gr-100.com\/pt-pt\/producto\/megamo-chip-3-0-22\/\",\"name\":\"Megamo Chip 3.0 22 GR-100\",\"isPartOf\":{\"@id\":\"https:\/\/gr-100.com\/#website\"},\"primaryImageOfPage\":{\"@id\":\"https:\/\/gr-100.com\/pt-pt\/producto\/megamo-chip-3-0-22\/#primaryimage\"},\"image\":{\"@id\":\"https:\/\/gr-100.com\/pt-pt\/producto\/megamo-chip-3-0-22\/#primaryimage\"},\"thumbnailUrl\":\"https:\/\/gr-100.com\/wp-content\/uploads\/2024\/05\/megamo-ebike-chip-3.0-2.jpg\",\"datePublished\":\"2024-07-01T09:47:57+00:00\",\"dateModified\":\"2025-12-18T14:39:55+00:00\",\"description\":\"Megamo CHIP 3.0 2022, bicicleta el\u00e9trica com bateria integrada e motor central. Transporte f\u00e1cil e r\u00e1pido gra\u00e7as \u00e0 sua forma compacta quando dobrado.\",\"breadcrumb\":{\"@id\":\"https:\/\/gr-100.com\/pt-pt\/producto\/megamo-chip-3-0-22\/#breadcrumb\"},\"inLanguage\":\"pt-PT\",\"potentialAction\":[{\"@type\":\"ReadAction\",\"target\":[\"https:\/\/gr-100.com\/pt-pt\/producto\/megamo-chip-3-0-22\/\"]}]},{\"@type\":\"ImageObject\",\"inLanguage\":\"pt-PT\",\"@id\":\"https:\/\/gr-100.com\/pt-pt\/producto\/megamo-chip-3-0-22\/#primaryimage\",\"url\":\"https:\/\/gr-100.com\/wp-content\/uploads\/2024\/05\/megamo-ebike-chip-3.0-2.jpg\",\"contentUrl\":\"https:\/\/gr-100.com\/wp-content\/uploads\/2024\/05\/megamo-ebike-chip-3.0-2.jpg\",\"width\":1000,\"height\":1000},{\"@type\":\"BreadcrumbList\",\"@id\":\"https:\/\/gr-100.com\/pt-pt\/producto\/megamo-chip-3-0-22\/#breadcrumb\",\"itemListElement\":[{\"@type\":\"ListItem\",\"position\":1,\"name\":\"Portada\",\"item\":\"https:\/\/gr-100.com\/en\/\"},{\"@type\":\"ListItem\",\"position\":2,\"name\":\"Productos\",\"item\":\"https:\/\/gr-100.com\/?post_type=product\"},{\"@type\":\"ListItem\",\"position\":3,\"name\":\"Megamo Chip 3.0 22\"}]},{\"@type\":\"WebSite\",\"@id\":\"https:\/\/gr-100.com\/#website\",\"url\":\"https:\/\/gr-100.com\/\",\"name\":\"Gr-100 Tienda de ciclismo Specialized\",\"description\":\"GR-100 tenemos todas las gamas de bicicletas Specialized al mejor precio.\",\"publisher\":{\"@id\":\"https:\/\/gr-100.com\/#organization\"},\"alternateName\":\"Gr-100 Bikes\",\"potentialAction\":[{\"@type\":\"SearchAction\",\"target\":{\"@type\":\"EntryPoint\",\"urlTemplate\":\"https:\/\/gr-100.com\/?s={search_term_string}\"},\"query-input\":{\"@type\":\"PropertyValueSpecification\",\"valueRequired\":true,\"valueName\":\"search_term_string\"}}],\"inLanguage\":\"pt-PT\"},{\"@type\":\"Organization\",\"@id\":\"https:\/\/gr-100.com\/#organization\",\"name\":\"Gr-100\",\"url\":\"https:\/\/gr-100.com\/\",\"logo\":{\"@type\":\"ImageObject\",\"inLanguage\":\"pt-PT\",\"@id\":\"https:\/\/gr-100.com\/#\/schema\/logo\/image\/\",\"url\":\"https:\/\/gr-100.com\/wp-content\/uploads\/2023\/08\/logo-gr-100-bikes.png\",\"contentUrl\":\"https:\/\/gr-100.com\/wp-content\/uploads\/2023\/08\/logo-gr-100-bikes.png\",\"width\":707,\"height\":284,\"caption\":\"Gr-100\"},\"image\":{\"@id\":\"https:\/\/gr-100.com\/#\/schema\/logo\/image\/\"},\"sameAs\":[\"https:\/\/www.facebook.com\/Gr100Bikes\",\"https:\/\/www.instagram.com\/gr100bikes\/\",\"https:\/\/www.tiktok.com\/@gr100bikes\",\"https:\/\/twitter.com\/gr100mtbteam\",\"https:\/\/www.youtube.com\/c\/GR100Specialized\"]}]}<\/script>\n<!-- \/ Yoast SEO Premium plugin. -->","yoast_head_json":{"title":"Megamo Chip 3.0 22 GR-100","description":"Megamo CHIP 3.0 2022, bicicleta el\u00e9trica com bateria integrada e motor central. Transporte f\u00e1cil e r\u00e1pido gra\u00e7as \u00e0 sua forma compacta quando dobrado.","robots":{"index":"index","follow":"follow","max-snippet":"max-snippet:-1","max-image-preview":"max-image-preview:large","max-video-preview":"max-video-preview:-1"},"canonical":"https:\/\/gr-100.com\/pt-pt\/producto\/megamo-chip-3-0-22\/","og_locale":"pt_PT","og_type":"article","og_title":"Megamo Chip 3.0 22","og_description":"Megamo CHIP 3.0 2022, bicicleta el\u00e9trica com bateria integrada e motor central. Transporte f\u00e1cil e r\u00e1pido gra\u00e7as \u00e0 sua forma compacta quando dobrado.","og_url":"https:\/\/gr-100.com\/pt-pt\/producto\/megamo-chip-3-0-22\/","og_site_name":"Gr-100 Tienda de ciclismo Specialized","article_publisher":"https:\/\/www.facebook.com\/Gr100Bikes","article_modified_time":"2025-12-18T14:39:55+00:00","og_image":[{"width":1000,"height":1000,"url":"https:\/\/gr-100.com\/wp-content\/uploads\/2024\/05\/megamo-ebike-chip-3.0-2.jpg","type":"image\/jpeg"}],"twitter_card":"summary_large_image","twitter_misc":{"Tempo estimado de leitura":"1 minuto"},"schema":{"@context":"https:\/\/schema.org","@graph":[{"@type":"WebPage","@id":"https:\/\/gr-100.com\/pt-pt\/producto\/megamo-chip-3-0-22\/","url":"https:\/\/gr-100.com\/pt-pt\/producto\/megamo-chip-3-0-22\/","name":"Megamo Chip 3.0 22 GR-100","isPartOf":{"@id":"https:\/\/gr-100.com\/#website"},"primaryImageOfPage":{"@id":"https:\/\/gr-100.com\/pt-pt\/producto\/megamo-chip-3-0-22\/#primaryimage"},"image":{"@id":"https:\/\/gr-100.com\/pt-pt\/producto\/megamo-chip-3-0-22\/#primaryimage"},"thumbnailUrl":"https:\/\/gr-100.com\/wp-content\/uploads\/2024\/05\/megamo-ebike-chip-3.0-2.jpg","datePublished":"2024-07-01T09:47:57+00:00","dateModified":"2025-12-18T14:39:55+00:00","description":"Megamo CHIP 3.0 2022, bicicleta el\u00e9trica com bateria integrada e motor central. Transporte f\u00e1cil e r\u00e1pido gra\u00e7as \u00e0 sua forma compacta quando dobrado.","breadcrumb":{"@id":"https:\/\/gr-100.com\/pt-pt\/producto\/megamo-chip-3-0-22\/#breadcrumb"},"inLanguage":"pt-PT","potentialAction":[{"@type":"ReadAction","target":["https:\/\/gr-100.com\/pt-pt\/producto\/megamo-chip-3-0-22\/"]}]},{"@type":"ImageObject","inLanguage":"pt-PT","@id":"https:\/\/gr-100.com\/pt-pt\/producto\/megamo-chip-3-0-22\/#primaryimage","url":"https:\/\/gr-100.com\/wp-content\/uploads\/2024\/05\/megamo-ebike-chip-3.0-2.jpg","contentUrl":"https:\/\/gr-100.com\/wp-content\/uploads\/2024\/05\/megamo-ebike-chip-3.0-2.jpg","width":1000,"height":1000},{"@type":"BreadcrumbList","@id":"https:\/\/gr-100.com\/pt-pt\/producto\/megamo-chip-3-0-22\/#breadcrumb","itemListElement":[{"@type":"ListItem","position":1,"name":"Portada","item":"https:\/\/gr-100.com\/en\/"},{"@type":"ListItem","position":2,"name":"Productos","item":"https:\/\/gr-100.com\/?post_type=product"},{"@type":"ListItem","position":3,"name":"Megamo Chip 3.0 22"}]},{"@type":"WebSite","@id":"https:\/\/gr-100.com\/#website","url":"https:\/\/gr-100.com\/","name":"Gr-100 Tienda de ciclismo Specialized","description":"GR-100 tenemos todas las gamas de bicicletas Specialized al mejor precio.","publisher":{"@id":"https:\/\/gr-100.com\/#organization"},"alternateName":"Gr-100 Bikes","potentialAction":[{"@type":"SearchAction","target":{"@type":"EntryPoint","urlTemplate":"https:\/\/gr-100.com\/?s={search_term_string}"},"query-input":{"@type":"PropertyValueSpecification","valueRequired":true,"valueName":"search_term_string"}}],"inLanguage":"pt-PT"},{"@type":"Organization","@id":"https:\/\/gr-100.com\/#organization","name":"Gr-100","url":"https:\/\/gr-100.com\/","logo":{"@type":"ImageObject","inLanguage":"pt-PT","@id":"https:\/\/gr-100.com\/#\/schema\/logo\/image\/","url":"https:\/\/gr-100.com\/wp-content\/uploads\/2023\/08\/logo-gr-100-bikes.png","contentUrl":"https:\/\/gr-100.com\/wp-content\/uploads\/2023\/08\/logo-gr-100-bikes.png","width":707,"height":284,"caption":"Gr-100"},"image":{"@id":"https:\/\/gr-100.com\/#\/schema\/logo\/image\/"},"sameAs":["https:\/\/www.facebook.com\/Gr100Bikes","https:\/\/www.instagram.com\/gr100bikes\/","https:\/\/www.tiktok.com\/@gr100bikes","https:\/\/twitter.com\/gr100mtbteam","https:\/\/www.youtube.com\/c\/GR100Specialized"]}]}},"_links":{"self":[{"href":"https:\/\/gr-100.com\/pt-pt\/wp-json\/wp\/v2\/product\/385731","targetHints":{"allow":["GET"]}}],"collection":[{"href":"https:\/\/gr-100.com\/pt-pt\/wp-json\/wp\/v2\/product"}],"about":[{"href":"https:\/\/gr-100.com\/pt-pt\/wp-json\/wp\/v2\/types\/product"}],"replies":[{"embeddable":true,"href":"https:\/\/gr-100.com\/pt-pt\/wp-json\/wp\/v2\/comments?post=385731"}],"wp:featuredmedia":[{"embeddable":true,"href":"https:\/\/gr-100.com\/pt-pt\/wp-json\/wp\/v2\/media\/299671"}],"wp:attachment":[{"href":"https:\/\/gr-100.com\/pt-pt\/wp-json\/wp\/v2\/media?parent=385731"}],"wp:term":[{"taxonomy":"product_brand","embeddable":true,"href":"https:\/\/gr-100.com\/pt-pt\/wp-json\/wp\/v2\/product_brand?post=385731"},{"taxonomy":"product_cat","embeddable":true,"href":"https:\/\/gr-100.com\/pt-pt\/wp-json\/wp\/v2\/product_cat?post=385731"},{"taxonomy":"product_tag","embeddable":true,"href":"https:\/\/gr-100.com\/pt-pt\/wp-json\/wp\/v2\/product_tag?post=385731"}],"curies":[{"name":"wp","href":"https:\/\/api.w.org\/{rel}","templated":true}]}}