{"id":385746,"date":"2024-07-01T11:34:46","date_gmt":"2024-07-01T09:34:46","guid":{"rendered":"https:\/\/gr-100.com\/producto\/morcego-turbo-levo-alloy-especializado-700wh-2023\/"},"modified":"2025-09-22T15:51:36","modified_gmt":"2025-09-22T13:51:36","slug":"morcego-turbo-levo-alloy-especializado-700wh-2023","status":"publish","type":"product","link":"https:\/\/gr-100.com\/pt-pt\/producto\/morcego-turbo-levo-alloy-especializado-700wh-2023\/","title":{"rendered":"Specialized Morcego de liga turbo Levo.\n700Wh 2023"},"content":{"rendered":"<p><iframe title=\"Specialized Turbo Levo Bater\u00eda 700Wh 2023\" width=\"500\" height=\"281\" src=\"https:\/\/www.youtube.com\/embed\/gI3_PDCQCv4?feature=oembed\"  allow=\"accelerometer; autoplay; clipboard-write; encrypted-media; gyroscope; picture-in-picture; web-share\" referrerpolicy=\"strict-origin-when-cross-origin\" allowfullscreen><\/iframe><\/p>\n<ul>\n<li>Liga Specialized<br \/>\n Specialized M5, ajuste de altura BB, dimensionamento S, roteamento de cabos internos, curso de 150 mm, espa\u00e7amento de 148 mm<\/li>\n<li>RockShox Deluxe Select R amortecedor traseiro<br \/>\n, ajuste de ricochete, S1: 52,5&#215;210 mm, S2-S6: 55&#215;210 mm<\/li>\n<li>Forquilha<br \/>\n RockShox 35 Silver, suporte de 35mm, choque chave na m\u00e3o, S1: curso de 150mm, S2-S6: curso de 160mm<\/li>\n<li>Haste da trilha da liga do caule<br \/>\n, di\u00e2metro interno de 35mm<\/li>\n<li>Guiador de liga<br \/>\n, di\u00e2metro de 35mm, 780mm de largura, deslocamento de 8 graus, deslocamento de 6 graus<\/li>\n<li>Specialized<\/li>\n<li>Guia SRAM RE do trav\u00e3o dianteiro<br \/>\n, S1-S3: 200 mm, S4-S6: 220 mm<\/li>\n<li>Trilho de guia SRAM RE do trav\u00e3o traseiro<br \/>\n, 200 mm<\/li>\n<li>SRAM SL SX Eagle de 12 velocidades\n<\/li>\n<li>SRAM SX Eagle derailleur traseiro<br \/>\n de 12 velocidades<\/li>\n<li>SRAM NX Eagle PG-1230<br \/>\n de 12 velocidades, 11-50 t<\/li>\n<li>SRAM NX Eagle corrente<br \/>\n de 12 velocidades<\/li>\n<li>Virabrequim<br \/>\n Praxis, Forjado, M30, Deslocamento personalizado, 160mm<\/li>\n<li>SRAM X-Sync Eagle Chainrings<br \/>\n, 104 BCD, 32T, a\u00e7o<\/li>\n<li>Specialized 29Specialized<br \/>\n, liga sem gancho, largura interior de 30mm, pronto para tubeless<\/li>\n<li>Cubo dianteiro Rolamentos de cartucho de liga selada com cubo dianteiro<br \/>\n, eixo de 15&#215;110 mm, 32 raios<\/li>\n<li>Cubo traseiro<br \/>\nRolamentos de cartucho de liga selada com cubo traseiro, eixo de 12&#215;148 mm, 32 raios<\/li>\n<li>DT R\u00e1dios<br \/>\n da Ind\u00fastria Su\u00ed\u00e7a<\/li>\n<li>Pneu dianteiro<br \/>\nde a\u00e7ougueiro, caixa GRID TRAIL, composto GRIPTON\u00ae T9, 2Bliss Ready, 29&#215;2.6&#8243;<\/li>\n<li>C\u00e2maras de<br \/>\n v\u00e1lvula Presta padr\u00e3o<\/li>\n<li>Aro traseiro<br \/>\neliminador, carca\u00e7a GRID TRAIL, composto GRIPTON\u00ae T7, 2Bliss Ready, 27,5&#215;2,6&#8243;<\/li>\n<li>Sela<br \/>\nBody Geometry Bridge Sela, trilhos de a\u00e7o<\/li>\n<li>TranzX Espig\u00e3o<br \/>\n de assento conta-gotas, 34,9 mm, S1: 100 mm, S2: 125 mm, S3: 150 mm. S4-S5: 170 mm, S6- 200 mm <\/li>\n<li>Liga de bra\u00e7adeira de<br \/>\nsela, 38.6<\/li>\n<li>Especializado<br \/>\nTurbo Specialized Full Power System 2.2<br \/>\nUI \/ Motor Remoto<\/li>\n<li>TCU especializado, 10 LED estado de carga, 3 LED modo de condu\u00e7\u00e3o, ANT+\/Bluetooth\u00ae, com controle remoto no guid\u00e3o<\/li>\n<li>Specialized<br \/>\n especializada M3-700, bateria integrada, 700Wh<\/li>\n<li>Carregador<br \/>\npersonalizado, 42V4A com ficha Rosenberger<\/li>\n<li>Chicote de fia\u00e7\u00e3o<br \/>\npersonalizado Especializado em chicote de fia\u00e7\u00e3o<\/li>\n<\/ul>\n","protected":false},"excerpt":{"rendered":"<p>O novo <strong>Levo<\/strong> oferece a incr\u00edvel pot\u00eancia, agora com <strong>uma bateria de 700Wh<\/strong>, para percorrer mais trilhas atrav\u00e9s de uma combina\u00e7\u00e3o incompar\u00e1vel de qualidade de condu\u00e7\u00e3o, pot\u00eancia utiliz\u00e1vel e viagens em qualquer alcance.<br \/>\n\u00c9 a destila\u00e7\u00e3o, aplica\u00e7\u00e3o e amplifica\u00e7\u00e3o de uma obsess\u00e3o de 40 anos em criar as melhores bicicletas de montanha do mundo.<br \/>\nDesde a sua introdu\u00e7\u00e3o, o Levo estabeleceu a fasquia a que todos os outros MTB aspiram, e o novo Levo eleva essa fasquia novamente.  <\/p>\n","protected":false},"featured_media":378502,"comment_status":"closed","ping_status":"closed","template":"","meta":{"_acf_changed":false,"_et_pb_use_builder":"","_et_pb_old_content":"","_et_gb_content_width":"","inline_featured_image":false},"product_brand":[],"product_cat":[2459,391,2483,2696],"product_tag":[],"class_list":{"0":"post-385746","1":"product","2":"type-product","3":"status-publish","4":"has-post-thumbnail","6":"product_cat-bicicletas-pt-pt-2","7":"product_cat-eletricas","8":"product_cat-bicicletas-especializadas","9":"product_cat-ofertas-especializadas","10":"product_shipping_class-bicicletas-pt-pt","12":"first","13":"outofstock","14":"taxable","15":"shipping-taxable","16":"product-type-variable","17":"wvs-archive-product-wrapper"},"acf":[],"yoast_head":"<!-- This site is optimized with the Yoast SEO Premium plugin v26.7 (Yoast SEO v26.7) - https:\/\/yoast.com\/wordpress\/plugins\/seo\/ -->\n<title>Specialized Morcego de liga turbo Levo. 700Wh 2023 GR-100<\/title>\n<meta name=\"description\" content=\"SPECIALIZED TURBO LEVO 2023. O novo Levo oferece um poder incr\u00edvel para percorrer mais trilhos gra\u00e7as a uma combina\u00e7\u00e3o incompar\u00e1vel.\" \/>\n<meta name=\"robots\" content=\"index, follow, max-snippet:-1, max-image-preview:large, max-video-preview:-1\" \/>\n<link rel=\"canonical\" href=\"https:\/\/gr-100.com\/pt-pt\/producto\/morcego-turbo-levo-alloy-especializado-700wh-2023\/\" \/>\n<meta property=\"og:locale\" content=\"pt_PT\" \/>\n<meta property=\"og:type\" content=\"article\" \/>\n<meta property=\"og:title\" content=\"Specialized Morcego de liga turbo Levo. 700Wh 2023\" \/>\n<meta property=\"og:description\" content=\"SPECIALIZED TURBO LEVO 2023. O novo Levo oferece um poder incr\u00edvel para percorrer mais trilhos gra\u00e7as a uma combina\u00e7\u00e3o incompar\u00e1vel.\" \/>\n<meta property=\"og:url\" content=\"https:\/\/gr-100.com\/pt-pt\/producto\/morcego-turbo-levo-alloy-especializado-700wh-2023\/\" \/>\n<meta property=\"og:site_name\" content=\"Gr-100 Tienda de ciclismo Specialized\" \/>\n<meta property=\"article:publisher\" content=\"https:\/\/www.facebook.com\/Gr100Bikes\" \/>\n<meta property=\"article:modified_time\" content=\"2025-09-22T13:51:36+00:00\" \/>\n<meta property=\"og:image\" content=\"https:\/\/gr-100.com\/wp-content\/uploads\/2024\/07\/Turbo-Levo-Alloy-Satin-Dark-Moss-Green.jpg\" \/>\n\t<meta property=\"og:image:width\" content=\"1000\" \/>\n\t<meta property=\"og:image:height\" content=\"1000\" \/>\n\t<meta property=\"og:image:type\" content=\"image\/jpeg\" \/>\n<meta name=\"twitter:card\" content=\"summary_large_image\" \/>\n<meta name=\"twitter:label1\" content=\"Tempo estimado de leitura\" \/>\n\t<meta name=\"twitter:data1\" content=\"2 minutos\" \/>\n<script type=\"application\/ld+json\" class=\"yoast-schema-graph\">{\"@context\":\"https:\/\/schema.org\",\"@graph\":[{\"@type\":\"WebPage\",\"@id\":\"https:\/\/gr-100.com\/pt-pt\/producto\/morcego-turbo-levo-alloy-especializado-700wh-2023\/\",\"url\":\"https:\/\/gr-100.com\/pt-pt\/producto\/morcego-turbo-levo-alloy-especializado-700wh-2023\/\",\"name\":\"Specialized Morcego de liga turbo Levo. 700Wh 2023 GR-100\",\"isPartOf\":{\"@id\":\"https:\/\/gr-100.com\/#website\"},\"primaryImageOfPage\":{\"@id\":\"https:\/\/gr-100.com\/pt-pt\/producto\/morcego-turbo-levo-alloy-especializado-700wh-2023\/#primaryimage\"},\"image\":{\"@id\":\"https:\/\/gr-100.com\/pt-pt\/producto\/morcego-turbo-levo-alloy-especializado-700wh-2023\/#primaryimage\"},\"thumbnailUrl\":\"https:\/\/gr-100.com\/wp-content\/uploads\/2024\/07\/Turbo-Levo-Alloy-Satin-Dark-Moss-Green.jpg\",\"datePublished\":\"2024-07-01T09:34:46+00:00\",\"dateModified\":\"2025-09-22T13:51:36+00:00\",\"description\":\"SPECIALIZED TURBO LEVO 2023. O novo Levo oferece um poder incr\u00edvel para percorrer mais trilhos gra\u00e7as a uma combina\u00e7\u00e3o incompar\u00e1vel.\",\"breadcrumb\":{\"@id\":\"https:\/\/gr-100.com\/pt-pt\/producto\/morcego-turbo-levo-alloy-especializado-700wh-2023\/#breadcrumb\"},\"inLanguage\":\"pt-PT\",\"potentialAction\":[{\"@type\":\"ReadAction\",\"target\":[\"https:\/\/gr-100.com\/pt-pt\/producto\/morcego-turbo-levo-alloy-especializado-700wh-2023\/\"]}]},{\"@type\":\"ImageObject\",\"inLanguage\":\"pt-PT\",\"@id\":\"https:\/\/gr-100.com\/pt-pt\/producto\/morcego-turbo-levo-alloy-especializado-700wh-2023\/#primaryimage\",\"url\":\"https:\/\/gr-100.com\/wp-content\/uploads\/2024\/07\/Turbo-Levo-Alloy-Satin-Dark-Moss-Green.jpg\",\"contentUrl\":\"https:\/\/gr-100.com\/wp-content\/uploads\/2024\/07\/Turbo-Levo-Alloy-Satin-Dark-Moss-Green.jpg\",\"width\":1000,\"height\":1000},{\"@type\":\"BreadcrumbList\",\"@id\":\"https:\/\/gr-100.com\/pt-pt\/producto\/morcego-turbo-levo-alloy-especializado-700wh-2023\/#breadcrumb\",\"itemListElement\":[{\"@type\":\"ListItem\",\"position\":1,\"name\":\"Portada\",\"item\":\"https:\/\/gr-100.com\/en\/\"},{\"@type\":\"ListItem\",\"position\":2,\"name\":\"Productos\",\"item\":\"https:\/\/gr-100.com\/?post_type=product\"},{\"@type\":\"ListItem\",\"position\":3,\"name\":\"Specialized Morcego de liga turbo Levo. 700Wh 2023\"}]},{\"@type\":\"WebSite\",\"@id\":\"https:\/\/gr-100.com\/#website\",\"url\":\"https:\/\/gr-100.com\/\",\"name\":\"Gr-100 Tienda de ciclismo Specialized\",\"description\":\"GR-100 tenemos todas las gamas de bicicletas Specialized al mejor precio.\",\"publisher\":{\"@id\":\"https:\/\/gr-100.com\/#organization\"},\"alternateName\":\"Gr-100 Bikes\",\"potentialAction\":[{\"@type\":\"SearchAction\",\"target\":{\"@type\":\"EntryPoint\",\"urlTemplate\":\"https:\/\/gr-100.com\/?s={search_term_string}\"},\"query-input\":{\"@type\":\"PropertyValueSpecification\",\"valueRequired\":true,\"valueName\":\"search_term_string\"}}],\"inLanguage\":\"pt-PT\"},{\"@type\":\"Organization\",\"@id\":\"https:\/\/gr-100.com\/#organization\",\"name\":\"Gr-100\",\"url\":\"https:\/\/gr-100.com\/\",\"logo\":{\"@type\":\"ImageObject\",\"inLanguage\":\"pt-PT\",\"@id\":\"https:\/\/gr-100.com\/#\/schema\/logo\/image\/\",\"url\":\"https:\/\/gr-100.com\/wp-content\/uploads\/2023\/08\/logo-gr-100-bikes.png\",\"contentUrl\":\"https:\/\/gr-100.com\/wp-content\/uploads\/2023\/08\/logo-gr-100-bikes.png\",\"width\":707,\"height\":284,\"caption\":\"Gr-100\"},\"image\":{\"@id\":\"https:\/\/gr-100.com\/#\/schema\/logo\/image\/\"},\"sameAs\":[\"https:\/\/www.facebook.com\/Gr100Bikes\",\"https:\/\/www.instagram.com\/gr100bikes\/\",\"https:\/\/www.tiktok.com\/@gr100bikes\",\"https:\/\/twitter.com\/gr100mtbteam\",\"https:\/\/www.youtube.com\/c\/GR100Specialized\"]}]}<\/script>\n<!-- \/ Yoast SEO Premium plugin. -->","yoast_head_json":{"title":"Specialized Morcego de liga turbo Levo. 700Wh 2023 GR-100","description":"SPECIALIZED TURBO LEVO 2023. O novo Levo oferece um poder incr\u00edvel para percorrer mais trilhos gra\u00e7as a uma combina\u00e7\u00e3o incompar\u00e1vel.","robots":{"index":"index","follow":"follow","max-snippet":"max-snippet:-1","max-image-preview":"max-image-preview:large","max-video-preview":"max-video-preview:-1"},"canonical":"https:\/\/gr-100.com\/pt-pt\/producto\/morcego-turbo-levo-alloy-especializado-700wh-2023\/","og_locale":"pt_PT","og_type":"article","og_title":"Specialized Morcego de liga turbo Levo. 700Wh 2023","og_description":"SPECIALIZED TURBO LEVO 2023. O novo Levo oferece um poder incr\u00edvel para percorrer mais trilhos gra\u00e7as a uma combina\u00e7\u00e3o incompar\u00e1vel.","og_url":"https:\/\/gr-100.com\/pt-pt\/producto\/morcego-turbo-levo-alloy-especializado-700wh-2023\/","og_site_name":"Gr-100 Tienda de ciclismo Specialized","article_publisher":"https:\/\/www.facebook.com\/Gr100Bikes","article_modified_time":"2025-09-22T13:51:36+00:00","og_image":[{"width":1000,"height":1000,"url":"https:\/\/gr-100.com\/wp-content\/uploads\/2024\/07\/Turbo-Levo-Alloy-Satin-Dark-Moss-Green.jpg","type":"image\/jpeg"}],"twitter_card":"summary_large_image","twitter_misc":{"Tempo estimado de leitura":"2 minutos"},"schema":{"@context":"https:\/\/schema.org","@graph":[{"@type":"WebPage","@id":"https:\/\/gr-100.com\/pt-pt\/producto\/morcego-turbo-levo-alloy-especializado-700wh-2023\/","url":"https:\/\/gr-100.com\/pt-pt\/producto\/morcego-turbo-levo-alloy-especializado-700wh-2023\/","name":"Specialized Morcego de liga turbo Levo. 700Wh 2023 GR-100","isPartOf":{"@id":"https:\/\/gr-100.com\/#website"},"primaryImageOfPage":{"@id":"https:\/\/gr-100.com\/pt-pt\/producto\/morcego-turbo-levo-alloy-especializado-700wh-2023\/#primaryimage"},"image":{"@id":"https:\/\/gr-100.com\/pt-pt\/producto\/morcego-turbo-levo-alloy-especializado-700wh-2023\/#primaryimage"},"thumbnailUrl":"https:\/\/gr-100.com\/wp-content\/uploads\/2024\/07\/Turbo-Levo-Alloy-Satin-Dark-Moss-Green.jpg","datePublished":"2024-07-01T09:34:46+00:00","dateModified":"2025-09-22T13:51:36+00:00","description":"SPECIALIZED TURBO LEVO 2023. O novo Levo oferece um poder incr\u00edvel para percorrer mais trilhos gra\u00e7as a uma combina\u00e7\u00e3o incompar\u00e1vel.","breadcrumb":{"@id":"https:\/\/gr-100.com\/pt-pt\/producto\/morcego-turbo-levo-alloy-especializado-700wh-2023\/#breadcrumb"},"inLanguage":"pt-PT","potentialAction":[{"@type":"ReadAction","target":["https:\/\/gr-100.com\/pt-pt\/producto\/morcego-turbo-levo-alloy-especializado-700wh-2023\/"]}]},{"@type":"ImageObject","inLanguage":"pt-PT","@id":"https:\/\/gr-100.com\/pt-pt\/producto\/morcego-turbo-levo-alloy-especializado-700wh-2023\/#primaryimage","url":"https:\/\/gr-100.com\/wp-content\/uploads\/2024\/07\/Turbo-Levo-Alloy-Satin-Dark-Moss-Green.jpg","contentUrl":"https:\/\/gr-100.com\/wp-content\/uploads\/2024\/07\/Turbo-Levo-Alloy-Satin-Dark-Moss-Green.jpg","width":1000,"height":1000},{"@type":"BreadcrumbList","@id":"https:\/\/gr-100.com\/pt-pt\/producto\/morcego-turbo-levo-alloy-especializado-700wh-2023\/#breadcrumb","itemListElement":[{"@type":"ListItem","position":1,"name":"Portada","item":"https:\/\/gr-100.com\/en\/"},{"@type":"ListItem","position":2,"name":"Productos","item":"https:\/\/gr-100.com\/?post_type=product"},{"@type":"ListItem","position":3,"name":"Specialized Morcego de liga turbo Levo. 700Wh 2023"}]},{"@type":"WebSite","@id":"https:\/\/gr-100.com\/#website","url":"https:\/\/gr-100.com\/","name":"Gr-100 Tienda de ciclismo Specialized","description":"GR-100 tenemos todas las gamas de bicicletas Specialized al mejor precio.","publisher":{"@id":"https:\/\/gr-100.com\/#organization"},"alternateName":"Gr-100 Bikes","potentialAction":[{"@type":"SearchAction","target":{"@type":"EntryPoint","urlTemplate":"https:\/\/gr-100.com\/?s={search_term_string}"},"query-input":{"@type":"PropertyValueSpecification","valueRequired":true,"valueName":"search_term_string"}}],"inLanguage":"pt-PT"},{"@type":"Organization","@id":"https:\/\/gr-100.com\/#organization","name":"Gr-100","url":"https:\/\/gr-100.com\/","logo":{"@type":"ImageObject","inLanguage":"pt-PT","@id":"https:\/\/gr-100.com\/#\/schema\/logo\/image\/","url":"https:\/\/gr-100.com\/wp-content\/uploads\/2023\/08\/logo-gr-100-bikes.png","contentUrl":"https:\/\/gr-100.com\/wp-content\/uploads\/2023\/08\/logo-gr-100-bikes.png","width":707,"height":284,"caption":"Gr-100"},"image":{"@id":"https:\/\/gr-100.com\/#\/schema\/logo\/image\/"},"sameAs":["https:\/\/www.facebook.com\/Gr100Bikes","https:\/\/www.instagram.com\/gr100bikes\/","https:\/\/www.tiktok.com\/@gr100bikes","https:\/\/twitter.com\/gr100mtbteam","https:\/\/www.youtube.com\/c\/GR100Specialized"]}]}},"_links":{"self":[{"href":"https:\/\/gr-100.com\/pt-pt\/wp-json\/wp\/v2\/product\/385746","targetHints":{"allow":["GET"]}}],"collection":[{"href":"https:\/\/gr-100.com\/pt-pt\/wp-json\/wp\/v2\/product"}],"about":[{"href":"https:\/\/gr-100.com\/pt-pt\/wp-json\/wp\/v2\/types\/product"}],"replies":[{"embeddable":true,"href":"https:\/\/gr-100.com\/pt-pt\/wp-json\/wp\/v2\/comments?post=385746"}],"wp:featuredmedia":[{"embeddable":true,"href":"https:\/\/gr-100.com\/pt-pt\/wp-json\/wp\/v2\/media\/378502"}],"wp:attachment":[{"href":"https:\/\/gr-100.com\/pt-pt\/wp-json\/wp\/v2\/media?parent=385746"}],"wp:term":[{"taxonomy":"product_brand","embeddable":true,"href":"https:\/\/gr-100.com\/pt-pt\/wp-json\/wp\/v2\/product_brand?post=385746"},{"taxonomy":"product_cat","embeddable":true,"href":"https:\/\/gr-100.com\/pt-pt\/wp-json\/wp\/v2\/product_cat?post=385746"},{"taxonomy":"product_tag","embeddable":true,"href":"https:\/\/gr-100.com\/pt-pt\/wp-json\/wp\/v2\/product_tag?post=385746"}],"curies":[{"name":"wp","href":"https:\/\/api.w.org\/{rel}","templated":true}]}}