{"id":385796,"date":"2024-07-01T11:26:00","date_gmt":"2024-07-01T11:26:00","guid":{"rendered":"https:\/\/gr-100.com\/producto\/especialista-kenevo-expert-6fattie-nb-2022\/"},"modified":"2025-11-26T16:34:37","modified_gmt":"2025-11-26T14:34:37","slug":"especialista-kenevo-expert-6fattie-nb-2022","status":"publish","type":"product","link":"https:\/\/gr-100.com\/pt-pt\/producto\/especialista-kenevo-expert-6fattie-nb-2022\/","title":{"rendered":"Specialized Kenevo Expert 6Fattie NB 2022"},"content":{"rendered":"<ul>\n<li>Estrutura: Alum\u00ednio Premium M5 Specialized , geometria de trilha 27.5, bateria de tubo embutida integrada, cabo interno fechado, roteamento de posto de comando, espa\u00e7amento de 148 mm, rolamentos de cartucho totalmente selados, 180 mm de curso<\/li>\n<li>Choque: RockShox Super Deluxe Select Plus, 230 x 62,5 mm<\/li>\n<li>Forquilha: RockShox Boxxer Select RC, 27.5, DebonAir, 20x110mm Boost\u2122, chassis de 35mm, 180mm de curso<br \/>\nCockpit<\/li>\n<li>Haste: Descendente 35mm Direct Mount Stem, 50mm comprimento<\/li>\n<li>Guiador: Specialized , liga 7050, varredura traseira de 8 graus, upsweep de 6 graus, eleva\u00e7\u00e3o de 30mm, grampo de 800mm, grampo de 35mm<\/li>\n<li>Punhos: Divindade, Knuckleduster, Preto<\/li>\n<li>Sela: Ponte, 155\/143mm, Ti-rails ocos<\/li>\n<li>Seatpost : OneUp, Conta-gotas Post-V2, alavanca MMX, 34.9 (S1:120mm, S2\/S3:150mm, S4: 180mm, S5\/S6: 210mm)<\/li>\n<li>Bra\u00e7adeira do espig\u00e3o: Liga, 38.6mm<\/li>\n<li>Freios: SRAM C\u00f3digo RS, pin\u00e7a de 4 pist\u00f5es, disco hidr\u00e1ulico, 220mm<\/li>\n<li>Engrenagem: Sram X01 Eagle, 12 velocidades<\/li>\n<li>Controlador: SRAM XO1 Eagle gatilho, 12 velocidades, clique \u00fanico SRAM XG-1275, 12 velocidades, 10-52t<\/li>\n<li>Corrente: SRAM GX Eagle, 12 velocidades<\/li>\n<li>Manivela: Praxis Carbon M30, deslocamento personalizado, 160mm<\/li>\n<li>Chainring: SRAM X-Sync Eagle, 104BCD, 32T, steelJantes: Roval 27.5&#8243; Alloy DH, 28mm largura interna, 32h, tubeless readyCubo dianteiro: Liga, rolamentos de cartucho selado, 20x110mm, 28h<\/li>\n<li>Cubo traseiro: DT Swiss 370, 6 parafusos, 12x148mm eixo thru, 32h<\/li>\n<li>R\u00e1dios: DT Swiss Industry<\/li>\n<li>Pneus: Butcher Grid Gravity 2Bliss Ready T9, 27,5 x 2,6&#8243;<\/li>\n<li>Tubos: Tubos Presta, v\u00e1lvula de 40mm<\/li>\n<li>Motor: Specialized Turbo Full Power System 2.2 Motor<\/li>\n<li>UI\/Remote: Specialized , percentagem de carga restante, 120 configura\u00e7\u00f5es de ecr\u00e3 poss\u00edveis, ajuste de assist\u00eancia MicroTune, atualiza\u00e7\u00f5es over-the-air, ANT+\/Bluetooth\u00ae, w\/Handlebar remoto<\/li>\n<li>Bateria: M2-700 Specialized , bateria integrada w \/ prote\u00e7\u00e3o de rocha, 700Wh<\/li>\n<li>Carregador: Carregador personalizado, 42V4A w \/ Rosenberger plug<\/li>\n<li>SWAT: Specialized , Swat CC Multi Tool em tubo direcional sem Chaintool<\/li>\n<\/ul>\n","protected":false},"excerpt":{"rendered":"<p>O assistente de pedal el\u00e9trico Kenevo Expert tem uma bateria de 700 watts, com uma forquilha de curso de 180 mm e com o seu novo quadro com bra\u00e7o lateral assim\u00e9trico que aumenta o seu controlo, tornando-o num dos Emtbs mais eficientes.<\/p>\n","protected":false},"featured_media":299211,"comment_status":"closed","ping_status":"closed","template":"","meta":{"_acf_changed":false,"_et_pb_use_builder":"","_et_pb_old_content":"","_et_gb_content_width":"","inline_featured_image":false},"product_brand":[],"product_cat":[20,378],"product_tag":[],"class_list":{"0":"post-385796","1":"product","2":"type-product","3":"status-publish","4":"has-post-thumbnail","6":"product_cat-bicicletas-de-carretera","7":"product_cat-estrada","9":"first","10":"outofstock","11":"taxable","12":"shipping-taxable","13":"product-type-variable","14":"wvs-archive-product-wrapper"},"acf":[],"yoast_head":"<!-- This site is optimized with the Yoast SEO Premium plugin v26.7 (Yoast SEO v26.7) - https:\/\/yoast.com\/wordpress\/plugins\/seo\/ -->\n<title>Specialized Kenevo Expert 6Fattie NB 2022<\/title>\n<meta name=\"description\" content=\"Descubra o poder e o conforto da Specialized Kenevo Expert 6Fattie NB 2022 na GR-100, a sua loja online de bicicletas.\" \/>\n<meta name=\"robots\" content=\"index, follow, max-snippet:-1, max-image-preview:large, max-video-preview:-1\" \/>\n<link rel=\"canonical\" href=\"https:\/\/gr-100.com\/pt-pt\/producto\/especialista-kenevo-expert-6fattie-nb-2022\/\" \/>\n<meta property=\"og:locale\" content=\"pt_PT\" \/>\n<meta property=\"og:type\" content=\"article\" \/>\n<meta property=\"og:title\" content=\"Specialized Kenevo Expert 6Fattie NB 2022\" \/>\n<meta property=\"og:description\" content=\"Descubra o poder e o conforto da Specialized Kenevo Expert 6Fattie NB 2022 na GR-100, a sua loja online de bicicletas.\" \/>\n<meta property=\"og:url\" content=\"https:\/\/gr-100.com\/pt-pt\/producto\/especialista-kenevo-expert-6fattie-nb-2022\/\" \/>\n<meta property=\"og:site_name\" content=\"Gr-100 Tienda de ciclismo Specialized\" \/>\n<meta property=\"article:publisher\" content=\"https:\/\/www.facebook.com\/Gr100Bikes\" \/>\n<meta property=\"article:modified_time\" content=\"2025-11-26T14:34:37+00:00\" \/>\n<meta property=\"og:image\" content=\"https:\/\/gr-100.com\/wp-content\/uploads\/2024\/05\/492802_2-.jpg\" \/>\n\t<meta property=\"og:image:width\" content=\"1000\" \/>\n\t<meta property=\"og:image:height\" content=\"1000\" \/>\n\t<meta property=\"og:image:type\" content=\"image\/jpeg\" \/>\n<meta name=\"twitter:card\" content=\"summary_large_image\" \/>\n<meta name=\"twitter:label1\" content=\"Tempo estimado de leitura\" \/>\n\t<meta name=\"twitter:data1\" content=\"1 minuto\" \/>\n<script type=\"application\/ld+json\" class=\"yoast-schema-graph\">{\"@context\":\"https:\/\/schema.org\",\"@graph\":[{\"@type\":\"WebPage\",\"@id\":\"https:\/\/gr-100.com\/pt-pt\/producto\/especialista-kenevo-expert-6fattie-nb-2022\/\",\"url\":\"https:\/\/gr-100.com\/pt-pt\/producto\/especialista-kenevo-expert-6fattie-nb-2022\/\",\"name\":\"Specialized Kenevo Expert 6Fattie NB 2022\",\"isPartOf\":{\"@id\":\"https:\/\/gr-100.com\/#website\"},\"primaryImageOfPage\":{\"@id\":\"https:\/\/gr-100.com\/pt-pt\/producto\/especialista-kenevo-expert-6fattie-nb-2022\/#primaryimage\"},\"image\":{\"@id\":\"https:\/\/gr-100.com\/pt-pt\/producto\/especialista-kenevo-expert-6fattie-nb-2022\/#primaryimage\"},\"thumbnailUrl\":\"https:\/\/gr-100.com\/wp-content\/uploads\/2024\/05\/492802_2-.jpg\",\"datePublished\":\"2024-07-01T11:26:00+00:00\",\"dateModified\":\"2025-11-26T14:34:37+00:00\",\"description\":\"Descubra o poder e o conforto da Specialized Kenevo Expert 6Fattie NB 2022 na GR-100, a sua loja online de bicicletas.\",\"breadcrumb\":{\"@id\":\"https:\/\/gr-100.com\/pt-pt\/producto\/especialista-kenevo-expert-6fattie-nb-2022\/#breadcrumb\"},\"inLanguage\":\"pt-PT\",\"potentialAction\":[{\"@type\":\"ReadAction\",\"target\":[\"https:\/\/gr-100.com\/pt-pt\/producto\/especialista-kenevo-expert-6fattie-nb-2022\/\"]}]},{\"@type\":\"ImageObject\",\"inLanguage\":\"pt-PT\",\"@id\":\"https:\/\/gr-100.com\/pt-pt\/producto\/especialista-kenevo-expert-6fattie-nb-2022\/#primaryimage\",\"url\":\"https:\/\/gr-100.com\/wp-content\/uploads\/2024\/05\/492802_2-.jpg\",\"contentUrl\":\"https:\/\/gr-100.com\/wp-content\/uploads\/2024\/05\/492802_2-.jpg\",\"width\":1000,\"height\":1000},{\"@type\":\"BreadcrumbList\",\"@id\":\"https:\/\/gr-100.com\/pt-pt\/producto\/especialista-kenevo-expert-6fattie-nb-2022\/#breadcrumb\",\"itemListElement\":[{\"@type\":\"ListItem\",\"position\":1,\"name\":\"Portada\",\"item\":\"https:\/\/gr-100.com\/en\/\"},{\"@type\":\"ListItem\",\"position\":2,\"name\":\"Productos\",\"item\":\"https:\/\/gr-100.com\/?post_type=product\"},{\"@type\":\"ListItem\",\"position\":3,\"name\":\"Specialized Kenevo Expert 6Fattie NB 2022\"}]},{\"@type\":\"WebSite\",\"@id\":\"https:\/\/gr-100.com\/#website\",\"url\":\"https:\/\/gr-100.com\/\",\"name\":\"Gr-100 Tienda de ciclismo Specialized\",\"description\":\"GR-100 tenemos todas las gamas de bicicletas Specialized al mejor precio.\",\"publisher\":{\"@id\":\"https:\/\/gr-100.com\/#organization\"},\"alternateName\":\"Gr-100 Bikes\",\"potentialAction\":[{\"@type\":\"SearchAction\",\"target\":{\"@type\":\"EntryPoint\",\"urlTemplate\":\"https:\/\/gr-100.com\/?s={search_term_string}\"},\"query-input\":{\"@type\":\"PropertyValueSpecification\",\"valueRequired\":true,\"valueName\":\"search_term_string\"}}],\"inLanguage\":\"pt-PT\"},{\"@type\":\"Organization\",\"@id\":\"https:\/\/gr-100.com\/#organization\",\"name\":\"Gr-100\",\"url\":\"https:\/\/gr-100.com\/\",\"logo\":{\"@type\":\"ImageObject\",\"inLanguage\":\"pt-PT\",\"@id\":\"https:\/\/gr-100.com\/#\/schema\/logo\/image\/\",\"url\":\"https:\/\/gr-100.com\/wp-content\/uploads\/2023\/08\/logo-gr-100-bikes.png\",\"contentUrl\":\"https:\/\/gr-100.com\/wp-content\/uploads\/2023\/08\/logo-gr-100-bikes.png\",\"width\":707,\"height\":284,\"caption\":\"Gr-100\"},\"image\":{\"@id\":\"https:\/\/gr-100.com\/#\/schema\/logo\/image\/\"},\"sameAs\":[\"https:\/\/www.facebook.com\/Gr100Bikes\",\"https:\/\/www.instagram.com\/gr100bikes\/\",\"https:\/\/www.tiktok.com\/@gr100bikes\",\"https:\/\/twitter.com\/gr100mtbteam\",\"https:\/\/www.youtube.com\/c\/GR100Specialized\"]}]}<\/script>\n<!-- \/ Yoast SEO Premium plugin. -->","yoast_head_json":{"title":"Specialized Kenevo Expert 6Fattie NB 2022","description":"Descubra o poder e o conforto da Specialized Kenevo Expert 6Fattie NB 2022 na GR-100, a sua loja online de bicicletas.","robots":{"index":"index","follow":"follow","max-snippet":"max-snippet:-1","max-image-preview":"max-image-preview:large","max-video-preview":"max-video-preview:-1"},"canonical":"https:\/\/gr-100.com\/pt-pt\/producto\/especialista-kenevo-expert-6fattie-nb-2022\/","og_locale":"pt_PT","og_type":"article","og_title":"Specialized Kenevo Expert 6Fattie NB 2022","og_description":"Descubra o poder e o conforto da Specialized Kenevo Expert 6Fattie NB 2022 na GR-100, a sua loja online de bicicletas.","og_url":"https:\/\/gr-100.com\/pt-pt\/producto\/especialista-kenevo-expert-6fattie-nb-2022\/","og_site_name":"Gr-100 Tienda de ciclismo Specialized","article_publisher":"https:\/\/www.facebook.com\/Gr100Bikes","article_modified_time":"2025-11-26T14:34:37+00:00","og_image":[{"width":1000,"height":1000,"url":"https:\/\/gr-100.com\/wp-content\/uploads\/2024\/05\/492802_2-.jpg","type":"image\/jpeg"}],"twitter_card":"summary_large_image","twitter_misc":{"Tempo estimado de leitura":"1 minuto"},"schema":{"@context":"https:\/\/schema.org","@graph":[{"@type":"WebPage","@id":"https:\/\/gr-100.com\/pt-pt\/producto\/especialista-kenevo-expert-6fattie-nb-2022\/","url":"https:\/\/gr-100.com\/pt-pt\/producto\/especialista-kenevo-expert-6fattie-nb-2022\/","name":"Specialized Kenevo Expert 6Fattie NB 2022","isPartOf":{"@id":"https:\/\/gr-100.com\/#website"},"primaryImageOfPage":{"@id":"https:\/\/gr-100.com\/pt-pt\/producto\/especialista-kenevo-expert-6fattie-nb-2022\/#primaryimage"},"image":{"@id":"https:\/\/gr-100.com\/pt-pt\/producto\/especialista-kenevo-expert-6fattie-nb-2022\/#primaryimage"},"thumbnailUrl":"https:\/\/gr-100.com\/wp-content\/uploads\/2024\/05\/492802_2-.jpg","datePublished":"2024-07-01T11:26:00+00:00","dateModified":"2025-11-26T14:34:37+00:00","description":"Descubra o poder e o conforto da Specialized Kenevo Expert 6Fattie NB 2022 na GR-100, a sua loja online de bicicletas.","breadcrumb":{"@id":"https:\/\/gr-100.com\/pt-pt\/producto\/especialista-kenevo-expert-6fattie-nb-2022\/#breadcrumb"},"inLanguage":"pt-PT","potentialAction":[{"@type":"ReadAction","target":["https:\/\/gr-100.com\/pt-pt\/producto\/especialista-kenevo-expert-6fattie-nb-2022\/"]}]},{"@type":"ImageObject","inLanguage":"pt-PT","@id":"https:\/\/gr-100.com\/pt-pt\/producto\/especialista-kenevo-expert-6fattie-nb-2022\/#primaryimage","url":"https:\/\/gr-100.com\/wp-content\/uploads\/2024\/05\/492802_2-.jpg","contentUrl":"https:\/\/gr-100.com\/wp-content\/uploads\/2024\/05\/492802_2-.jpg","width":1000,"height":1000},{"@type":"BreadcrumbList","@id":"https:\/\/gr-100.com\/pt-pt\/producto\/especialista-kenevo-expert-6fattie-nb-2022\/#breadcrumb","itemListElement":[{"@type":"ListItem","position":1,"name":"Portada","item":"https:\/\/gr-100.com\/en\/"},{"@type":"ListItem","position":2,"name":"Productos","item":"https:\/\/gr-100.com\/?post_type=product"},{"@type":"ListItem","position":3,"name":"Specialized Kenevo Expert 6Fattie NB 2022"}]},{"@type":"WebSite","@id":"https:\/\/gr-100.com\/#website","url":"https:\/\/gr-100.com\/","name":"Gr-100 Tienda de ciclismo Specialized","description":"GR-100 tenemos todas las gamas de bicicletas Specialized al mejor precio.","publisher":{"@id":"https:\/\/gr-100.com\/#organization"},"alternateName":"Gr-100 Bikes","potentialAction":[{"@type":"SearchAction","target":{"@type":"EntryPoint","urlTemplate":"https:\/\/gr-100.com\/?s={search_term_string}"},"query-input":{"@type":"PropertyValueSpecification","valueRequired":true,"valueName":"search_term_string"}}],"inLanguage":"pt-PT"},{"@type":"Organization","@id":"https:\/\/gr-100.com\/#organization","name":"Gr-100","url":"https:\/\/gr-100.com\/","logo":{"@type":"ImageObject","inLanguage":"pt-PT","@id":"https:\/\/gr-100.com\/#\/schema\/logo\/image\/","url":"https:\/\/gr-100.com\/wp-content\/uploads\/2023\/08\/logo-gr-100-bikes.png","contentUrl":"https:\/\/gr-100.com\/wp-content\/uploads\/2023\/08\/logo-gr-100-bikes.png","width":707,"height":284,"caption":"Gr-100"},"image":{"@id":"https:\/\/gr-100.com\/#\/schema\/logo\/image\/"},"sameAs":["https:\/\/www.facebook.com\/Gr100Bikes","https:\/\/www.instagram.com\/gr100bikes\/","https:\/\/www.tiktok.com\/@gr100bikes","https:\/\/twitter.com\/gr100mtbteam","https:\/\/www.youtube.com\/c\/GR100Specialized"]}]}},"_links":{"self":[{"href":"https:\/\/gr-100.com\/pt-pt\/wp-json\/wp\/v2\/product\/385796","targetHints":{"allow":["GET"]}}],"collection":[{"href":"https:\/\/gr-100.com\/pt-pt\/wp-json\/wp\/v2\/product"}],"about":[{"href":"https:\/\/gr-100.com\/pt-pt\/wp-json\/wp\/v2\/types\/product"}],"replies":[{"embeddable":true,"href":"https:\/\/gr-100.com\/pt-pt\/wp-json\/wp\/v2\/comments?post=385796"}],"wp:featuredmedia":[{"embeddable":true,"href":"https:\/\/gr-100.com\/pt-pt\/wp-json\/wp\/v2\/media\/299211"}],"wp:attachment":[{"href":"https:\/\/gr-100.com\/pt-pt\/wp-json\/wp\/v2\/media?parent=385796"}],"wp:term":[{"taxonomy":"product_brand","embeddable":true,"href":"https:\/\/gr-100.com\/pt-pt\/wp-json\/wp\/v2\/product_brand?post=385796"},{"taxonomy":"product_cat","embeddable":true,"href":"https:\/\/gr-100.com\/pt-pt\/wp-json\/wp\/v2\/product_cat?post=385796"},{"taxonomy":"product_tag","embeddable":true,"href":"https:\/\/gr-100.com\/pt-pt\/wp-json\/wp\/v2\/product_tag?post=385796"}],"curies":[{"name":"wp","href":"https:\/\/api.w.org\/{rel}","templated":true}]}}